{"id":4832,"date":"2024-12-11T08:37:56","date_gmt":"2024-12-11T01:37:56","guid":{"rendered":"https:\/\/tp-electric.vn\/?post_type=product&#038;p=4832"},"modified":"2024-12-12T15:59:35","modified_gmt":"2024-12-12T08:59:35","slug":"vo-tu-dien-mat-troi-ha-12way","status":"publish","type":"product","link":"https:\/\/tp-electric.vn\/index.php\/san-pham\/vo-tu-dien-mat-troi-ha-12way\/","title":{"rendered":"V\u1ecf t\u1ee7 \u0111i\u1ec7n m\u1eb7t tr\u1eddi HA-12Way"},"content":{"rendered":"<p><strong>T\u1ee7 \u0111i\u1ec7n HA 12 way<\/strong>\u00a0l\u00e0 th\u00e0nh ph\u1ea7n quan tr\u1ecdng b\u1ea3o v\u1ec7 cho c\u00e1c thi\u1ebft b\u1ecb \u0111\u00f3ng c\u1eaft \u0111i\u1ec7n, l\u00e0 n\u01a1i \u0111\u1ea7u n\u1ed1i, ph\u00e2n ph\u1ed1i \u0111i\u1ec7n cho c\u00f4ng tr\u00ecnh, \u0111\u1ea3m b\u1ea3o c\u00e1ch ly nh\u1eefng thi\u1ebft b\u1ecb mang \u0111i\u1ec7n v\u1edbi ng\u01b0\u1eddi s\u1eed d\u1ee5ng \u0111i\u1ec7n trong qu\u00e1 tr\u00ecnh v\u1eadn h\u00e0nh.<\/p>\n<p>\u2013 \u0110\u1eb7c bi\u1ec7t,\u00a0<strong>t\u1ee7 \u0111i\u1ec7n solar 12WAY <\/strong>c\u00f3 kh\u1ea3 n\u0103ng ch\u1ee9a 6 CB \u0111\u00f4i (aptomat \u0111\u00f4i), s\u1ea3n ph\u1ea9m n\u00e0y r\u1ea5t ph\u00f9 h\u1ee3p ho\u1ea1t \u0111\u1ed9ng trong h\u1ec7 th\u1ed1ng \u0111i\u1ec7n n\u0103ng l\u01b0\u1ee3ng m\u1eb7t tr\u1eddi.<\/p>\n<p><strong>H\u00e0ng c\u00f3 s\u1eb5n, s\u1ebd c\u00f3 gi\u00e1 t\u1ed1t n\u1ebfu mua s\u1ed1 l\u01b0\u1ee3ng l\u1edbn, li\u00ean h\u1ec7 GivaSolar \u0111\u1ec3 \u0111\u01b0\u1ee3c b\u00e1o gi\u00e1 t\u1ed1t<\/strong><\/p>\n<h3>Th\u00f4ng s\u1ed1 s\u1ea3n ph\u1ea9m:<\/h3>\n<table border=\"1\" width=\"100%\" cellspacing=\"0\" cellpadding=\"0\">\n<tbody>\n<tr>\n<td>Model<\/td>\n<td><strong>HA-12<\/strong><\/td>\n<\/tr>\n<tr>\n<td>Way<\/td>\n<td>12 way<\/td>\n<\/tr>\n<tr>\n<td>IP b\u1ea3o v\u1ec7<\/td>\n<td>IP65<\/td>\n<\/tr>\n<tr>\n<td>K\u00edch th\u01b0\u1edbc<\/td>\n<td>295 x 260 x 140<\/td>\n<\/tr>\n<tr>\n<td>Kh\u1ea3 n\u0103ng ch\u1ee9a t\u1ed1i \u0111a<\/td>\n<td>8\/12 MCB<\/td>\n<\/tr>\n<tr>\n<td>\u0110i\u1ec7n \u00e1p \u0111\u1ecbnh m\u1ee9c<\/td>\n<td>690V<\/td>\n<\/tr>\n<tr>\n<td>T\u1ea7n s\u1ed1 \u0111\u1ecbnh m\u1ee9c<\/td>\n<td>50Hz<\/td>\n<\/tr>\n<\/tbody>\n<\/table>\n<h3>\u0110\u1eb7c \u0111i\u1ec3m n\u1ed5i b\u1eadt c\u1ee7a t\u1ee7 \u0111i\u1ec7n HA-12 WAY<\/h3>\n<ol>\n<li>Thi\u1ebft k\u1ebf hi\u1ec7n \u0111\u1ea1i<\/li>\n<\/ol>\n<p>\u2013 T\u1ee7 \u0111i\u1ec7n 12 way \u0111\u01b0\u1ee3c thi\u1ebft k\u1ebf ti\u1ec7n l\u1ee3i cho vi\u1ec7c l\u1eafp \u0111\u1eb7t, s\u1eed d\u1ee5ng, mang h\u00ecnh th\u00e1i ch\u1eef nh\u1eadt hi\u1ec7n \u0111\u1ea1i, v\u1ecf tr\u1eafng, n\u1eafp x\u00e1m trong su\u1ed1t.<\/p>\n<p>\u2013 N\u1eafp m\u1edf b\u1eb1ng n\u00fat b\u1ea5m nh\u1ef1a ti\u1ec7n d\u1ee5ng, b\u00ean h\u00f4ng t\u1ee7 \u0111i\u1ec7n c\u00f3 c\u1ed5ng nh\u1ef1a m\u1edf nh\u1eb1m n\u1ed1i d\u00e2y c\u00e1p v\u00e0o t\u1ee7, k\u1ebft n\u1ed1i c\u00e1c thi\u1ebft b\u1ecb v\u1edbi CB b\u00ean trong.<\/p>\n<p>\u2013 T\u1ea5m \u0111\u1ee1 \u0111\u01b0\u1eddng ray d\u1eabn h\u01b0\u1edbng c\u00f3 th\u1ec3 \u0111\u01b0\u1ee3c n\u00e2ng l\u00ean \u0111i\u1ec3m di chuy\u1ec3n cao nh\u1ea5t, n\u00f3 kh\u00f4ng c\u00f2n b\u1ecb gi\u1edbi h\u1ea1n b\u1edfi kh\u00f4ng gian h\u1eb9p khi l\u1eafp \u0111\u1eb7t d\u00e2y. \u0110\u1ec3 c\u00e0i \u0111\u1eb7t d\u1ec5 d\u00e0ng, c\u00f4ng t\u1eafc c\u1ee7a h\u1ed9p ph\u00e2n ph\u1ed1i \u0111\u01b0\u1ee3c thi\u1ebft l\u1eadp v\u1edbi r\u00e3nh tho\u00e1t d\u00e2y v\u00e0 l\u1ed7 tho\u00e1t \u1ed1ng d\u00e2y, d\u1ec5 s\u1eed d\u1ee5ng cho nhi\u1ec1u lo\u1ea1i r\u00e3nh d\u00e2y v\u00e0 \u1ed1ng d\u00e2y.<\/p>\n<p>2. Ch\u1ea5t li\u1ec7u c\u1ee7a t\u1ee7 \u0111i\u1ec7n:<\/p>\n<p>\u2013\u00a0<strong>T\u1ee7 \u0111i\u1ec7n n\u0103ng l\u01b0\u1ee3ng m\u1eb7t tr\u1eddi<\/strong>\u00a0\u0111\u01b0\u1ee3c s\u1ea3n xu\u1ea5t t\u1eeb ch\u1ea5t li\u1ec7u nh\u1ef1a ABS v\u00e0 PC \u0111\u1eb7c bi\u1ec7t cao c\u1ea5p, ch\u1eafc ch\u1eafn. Kh\u00e1ch h\u00e0ng c\u00f3 th\u1ec3 ho\u00e0n to\u00e0n an t\u00e2m l\u1eafp \u0111\u1eb7t t\u1ee7 \u1edf trong nh\u00e0 l\u1eabn ngo\u00e0i tr\u1eddi, kh\u00f4ng ch\u1ecbu \u1ea3nh h\u01b0\u1edfng b\u1edfi m\u01b0a gi\u00f3, n\u1eafng g\u1eaft.<\/p>\n<p>\u2013 B\u00ean trong c\u00f2n c\u00f3 \u0111\u01b0\u1eddng ray l\u1eafp \u0111\u1eb7t CB (aptomat ) c\u00f3 ch\u1ea5t li\u1ec7u h\u1ee3p kim , thi\u1ebft b\u1ecb d\u1ec5 d\u00e0ng l\u1eafp \u0111\u1eb7t.<\/p>\n<p>3. \u0110\u1ea3m b\u1ea3o ch\u1ed1ng n\u01b0\u1edbc<\/p>\n<p>\u2013 Thi\u1ebft b\u1ecb \u0111\u01b0\u1ee3c thi\u1ebft k\u1ebf k\u00edn \u0111\u1ea3m b\u1ea3o ch\u1ed1ng b\u1ee5i, ch\u1ed1ng n\u01b0\u1edbc, \u0111\u1ea1t ti\u00eau chu\u1ea9n IP65, s\u1eed d\u1ee5ng b\u1ec1n b\u1ec9 l\u00e2u d\u00e0i.<\/p>\n<p>4. \u1ee8ng d\u1ee5ng<\/p>\n<p>\u2013 T\u1ee7 l\u1eafp \u0111\u1eb7t b\u1ea3o v\u1ec7 nh\u1eefng thi\u1ebft b\u1ecb \u0111\u00f3ng c\u1eaft, \u0111\u1ea3m b\u1ea3o cho vi\u1ec7c s\u1eeda ch\u1eefa, b\u1ea3o tr\u00ec h\u1ec7 th\u1ed1ng m\u1ed9t c\u00e1ch d\u1ec5 d\u00e0ng, \u0111\u1eb7c bi\u1ec7t \u0111\u1ed1i v\u1edbi h\u1ec7 th\u1ed1ng \u0111i\u1ec7n n\u0103ng l\u01b0\u1ee3ng m\u1eb7t tr\u1eddi.<\/p>\n<blockquote><p>Hi\u1ec7n t\u1ea1i tr\u00ean th\u1ecb tr\u01b0\u1eddng c\u00f3 nhi\u1ec1u \u0111\u01a1n v\u1ecb cung c\u1ea5p\u00a0<strong>v\u1ecf t\u1ee7 \u0111i\u1ec7n m\u1eb7t tr\u1eddi ETEK HA-12WAY<\/strong>\u00a0c\u00f3 c\u00e1c m\u1ee9c gi\u00e1 kh\u00e1c nhau. Li\u00ean h\u1ec7 Thu\u1eadn Phong qua hotline\u00a0<strong>0869 564 567<\/strong>\u00a0\u0111\u1ec3 \u0111\u01b0\u1ee3c nh\u1eadn b\u00e1o gi\u00e1 s\u1ec9 v\u00e0 l\u1ebb v\u1ec1\u00a0<strong>t\u1ee7 \u0111i\u1ec7n n\u0103ng l\u01b0\u1ee3ng m\u1eb7t tr\u1eddi<\/strong>.<\/p><\/blockquote>\n<p><strong>T\u1ee7 \u0111i\u1ec7n n\u0103ng l\u01b0\u1ee3ng m\u1eb7t tr\u1eddi<\/strong>\u00a0l\u00e0 thi\u1ebft b\u1ecb ph\u1ee5 ki\u1ec7n kh\u00f4ng th\u1ec3 thi\u1ebfu trong qu\u00e1 tr\u00ecnh thi c\u00f4ng h\u1ec7 th\u1ed1ng \u0111i\u1ec7n m\u1eb7t tr\u1eddi. Khi s\u1eed d\u1ee5ng<strong> v\u1ecf t\u1ee7 \u0111i\u1ec7n m\u1eb7t tr\u1eddi ETEK HA-12WAY<\/strong>\u00a0Qu\u00fd kh\u00e1ch h\u00e0ng s\u1ebd \u0111\u01b0\u1ee3c:<\/p>\n<ul>\n<li>B\u1ea3o v\u1ec7 c\u00e1c thi\u1ebft b\u1ecb quan tr\u1ecdng kh\u1ecfi m\u00f4i tr\u01b0\u1eddng b\u00ean ngo\u00e0i<\/li>\n<li>T\u0103ng t\u00ednh th\u1ea9m m\u1ef9 v\u00e0 chuy\u00ean nghi\u1ec7p cho d\u1ef1 \u00e1n<\/li>\n<li>Ti\u1ebft ki\u1ec7m \u0111\u01b0\u1ee3c ti\u1ec1n b\u1ea1c<\/li>\n<li>Ch\u1ea5t li\u1ec7u b\u1ec1n, c\u00f3 tu\u1ed5i th\u1ecd l\u00e2u<\/li>\n<li>D\u1ec5 d\u00e0ng theo d\u00f5i v\u00e0 b\u1ea3o d\u01b0\u1ee1ng<\/li>\n<\/ul>\n<p><strong>\u0110\u01a1n v\u1ecb ph\u00e2n ph\u1ed1i\u00a0<a href=\"https:\/\/tpenergy.com.vn\/index.php\/danh-muc-sp\/phu-kien\/thiet-bi-chong-set-lan-truyen\/etek\/\">V\u1ecf t\u1ee7 \u0111i\u1ec7n ETEK ch\u00ednh h\u00e3ng<\/a>:<\/strong>C\u00f4ng ty TNHH Th\u01b0\u01a1ng m\u1ea1i D\u1ecbch v\u1ee5 C\u01a1 \u0111i\u1ec7n Thu\u1eadn Phong l\u00e0 \u0111\u1ea1i l\u00fd ph\u00e2n ph\u1ed1i thi\u1ebft b\u1ecb \u0111i\u1ec7n ETEK ch\u00ednh h\u00e3ng t\u1ea1i th\u1ecb tr\u01b0\u1eddng Vi\u1ec7t Nam. M\u1ecdi kh\u00e1ch h\u00e0ng l\u1ef1a ch\u1ecdn tin t\u01b0\u1edfng v\u00e0o d\u1ecbch v\u1ee5, s\u1ea3n ph\u1ea9m do Thu\u1eadn Phong cung c\u1ea5p ch\u1eafc ch\u1eafn s\u1ebd kh\u00f4ng ph\u1ea3i h\u1ed1i h\u1eadn v\u1edbi l\u1ef1a ch\u1ecdn c\u1ee7a m\u00ecnh. D\u1ecbch v\u1ee5 lu\u00f4n t\u1ef1 tin \u0111\u01b0a ra c\u00e1c cam k\u1ebft ch\u1ea5t l\u01b0\u1ee3ng v\u01b0\u1ee3t tr\u1ed9i nh\u1ea5t khi ph\u1ee5c v\u1ee5 qu\u00fd kh\u00e1ch h\u00e0ng.<\/p>\n<div class=\"box\">\n<div dir=\"auto\">S\u1ea3n ph\u1ea9m c\u1ee7a Thu\u1eadn Phong khi \u0111\u1ebfn tay \u0111\u1ea1i l\u00fd lu\u00f4n \u0111\u1ea3m b\u1ea3o:<\/div>\n<div dir=\"auto\">\u2013 H\u00e0ng h\u00f3a ch\u00ednh h\u00e3ng, \u0111\u1ea7y \u0111\u1ee7 CO, CQ, VAT cho d\u1ef1 \u00e1n<\/div>\n<div dir=\"auto\"><span class=\"html-span xexx8yu x4uap5 x18d9i69 xkhd6sd x1hl2dhg x16tdsg8 x1vvkbs x3nfvp2 x1j61x8r x1fcty0u xdj266r xat24cr xgzva0m xhhsvwb xxymvpz xlup9mm x1kky2od\">\u2013\u00a0<\/span>Gi\u00e1 lu\u00f4n c\u1ea1nh tranh nh\u1edd nh\u1eadp kh\u1ea9u tr\u1ef1c ti\u1ebfp.<\/div>\n<div dir=\"auto\">\u2013 C\u1ea5p s\u1ec9 to\u00e0n qu\u1ed1c. V\u1eadn chuy\u1ec3n t\u1eadn n\u01a1i.<\/div>\n<div class=\"x11i5rnm xat24cr x1mh8g0r x1vvkbs xtlvy1s x126k92a\">\n<p dir=\"auto\">\u00a0N\u1ebfu b\u1ea1n \u0111ang loay hoay t\u00ecm ki\u1ebfm d\u00f2ng s\u1ea3n ph\u1ea9m th\u1ef1c s\u1ef1 ch\u1ea5t l\u01b0\u1ee3ng \u0111\u1ec3 ph\u00e2n ph\u1ed1i li\u00ean h\u1ec7 v\u1edbi Thu\u1eadn Phong qua hotline:\u00a0<strong>0869.564.567<\/strong><\/p>\n<div dir=\"auto\">\n<p dir=\"auto\">\u2014\u2014\u2014\u2014\u2014\u2014\u2014\u2014\u2014\u2014-<\/p>\n<p dir=\"auto\">CH\u1eccN THU\u1eacN PHONG \u2013 CH\u1eccN S\u1ef0 AN T\u00c2M<\/p>\n<p dir=\"auto\"><span class=\"html-span xexx8yu x4uap5 x18d9i69 xkhd6sd x1hl2dhg x16tdsg8 x1vvkbs x3nfvp2 x1j61x8r x1fcty0u xdj266r xat24cr xgzva0m xhhsvwb xxymvpz xlup9mm x1kky2od\"><img decoding=\"async\" loading=\"lazy\" class=\"xz74otr lazy-load-active\" src=\"https:\/\/static.xx.fbcdn.net\/images\/emoji.php\/v9\/t4c\/1\/16\/25aa.png\" alt=\"\u25aa\ufe0f\" width=\"16\" height=\"16\" data-src=\"https:\/\/static.xx.fbcdn.net\/images\/emoji.php\/v9\/t4c\/1\/16\/25aa.png\" \/><\/span>\u00a0Hotline: 0869.564.567<\/p>\n<p dir=\"auto\"><span class=\"html-span xexx8yu x4uap5 x18d9i69 xkhd6sd x1hl2dhg x16tdsg8 x1vvkbs x3nfvp2 x1j61x8r x1fcty0u xdj266r xat24cr xgzva0m xhhsvwb xxymvpz xlup9mm x1kky2od\"><img decoding=\"async\" loading=\"lazy\" class=\"xz74otr lazy-load-active\" src=\"https:\/\/static.xx.fbcdn.net\/images\/emoji.php\/v9\/t4c\/1\/16\/25aa.png\" alt=\"\u25aa\ufe0f\" width=\"16\" height=\"16\" data-src=\"https:\/\/static.xx.fbcdn.net\/images\/emoji.php\/v9\/t4c\/1\/16\/25aa.png\" \/><\/span>\u00a0K\u1ef9 thu\u1eadt: Mr D\u0169ng 0899.768.777<\/p>\n<p dir=\"auto\"><span class=\"html-span xexx8yu x4uap5 x18d9i69 xkhd6sd x1hl2dhg x16tdsg8 x1vvkbs x3nfvp2 x1j61x8r x1fcty0u xdj266r xat24cr xgzva0m xhhsvwb xxymvpz xlup9mm x1kky2od\"><img decoding=\"async\" loading=\"lazy\" class=\"xz74otr lazy-load-active\" src=\"https:\/\/static.xx.fbcdn.net\/images\/emoji.php\/v9\/t4c\/1\/16\/25aa.png\" alt=\"\u25aa\ufe0f\" width=\"16\" height=\"16\" data-src=\"https:\/\/static.xx.fbcdn.net\/images\/emoji.php\/v9\/t4c\/1\/16\/25aa.png\" \/><\/span>\u00a0Kinh doanh: Mr Ph\u00fac 0918.583.068<\/p>\n<p dir=\"auto\"><span class=\"html-span xexx8yu x4uap5 x18d9i69 xkhd6sd x1hl2dhg x16tdsg8 x1vvkbs x3nfvp2 x1j61x8r x1fcty0u xdj266r xat24cr xgzva0m xhhsvwb xxymvpz xlup9mm x1kky2od\"><img decoding=\"async\" loading=\"lazy\" class=\"xz74otr lazy-load-active\" src=\"https:\/\/static.xx.fbcdn.net\/images\/emoji.php\/v9\/t4c\/1\/16\/25aa.png\" alt=\"\u25aa\ufe0f\" width=\"16\" height=\"16\" data-src=\"https:\/\/static.xx.fbcdn.net\/images\/emoji.php\/v9\/t4c\/1\/16\/25aa.png\" \/><\/span>\u00a0Tr\u1ee5 s\u1edf ch\u00ednh: 30 Nguy\u1ec5n H\u1eefu D\u1eadt, ph\u01b0\u1eddng Nam L\u00fd, th\u00e0nh ph\u1ed1 \u0110\u1ed3ng H\u1edbi, t\u1ec9nh Qu\u1ea3ng B\u00ecnh, Vi\u1ec7t Nam<\/p>\n<div dir=\"auto\"><span class=\"html-span xexx8yu x4uap5 x18d9i69 xkhd6sd x1hl2dhg x16tdsg8 x1vvkbs x3nfvp2 x1j61x8r x1fcty0u xdj266r xat24cr xgzva0m xhhsvwb xxymvpz xlup9mm x1kky2od\"><img decoding=\"async\" loading=\"lazy\" class=\"xz74otr lazy-load-active\" src=\"https:\/\/static.xx.fbcdn.net\/images\/emoji.php\/v9\/t4c\/1\/16\/25aa.png\" alt=\"\u25aa\ufe0f\" width=\"16\" height=\"16\" data-src=\"https:\/\/static.xx.fbcdn.net\/images\/emoji.php\/v9\/t4c\/1\/16\/25aa.png\" \/><\/span>\u00a0Tr\u1ee5 s\u1edf H\u00e0 N\u1ed9i: Nh\u00e0 ph\u1ed1 th\u01b0\u01a1ng m\u1ea1i Khai S\u01a1n Town s\u1ed1 18 thu\u1ed9c Town 7, khu \u0111\u00f4 th\u1ecb Khai S\u01a1n City, Ph\u01b0\u1eddng Th\u01b0\u1ee3ng Thanh, Qu\u1eadn Long Bi\u00ean, TP H\u00e0 N\u1ed9i<\/div>\n<\/div>\n<\/div>\n<\/div>\n","protected":false},"excerpt":{"rendered":"<p>Th\u00f4ng s\u1ed1 s\u1ea3n ph\u1ea9m:<\/p>\n<ul>\n<li>Model: HA-12<\/li>\n<li>Way: 12 way<\/li>\n<li>IP b\u1ea3o v\u1ec7: IP65<\/li>\n<li>K\u00edch th\u01b0\u1edbc: 295 x 260 x 140<\/li>\n<li>Kh\u1ea3 n\u0103ng ch\u1ee9a t\u1ed1i \u0111a: 8\/12 MCB<\/li>\n<li>\u0110i\u1ec7n \u00e1p \u0111\u1ecbnh m\u1ee9c: 690V<\/li>\n<li>T\u1ea7n s\u1ed1 \u0111\u1ecbnh m\u1ee9c: 50Hz<\/li>\n<\/ul>\n","protected":false},"featured_media":4836,"comment_status":"open","ping_status":"closed","template":"","meta":[],"product_cat":[794],"product_tag":[834,804,801,795,796,835],"jetpack-related-posts":[{"id":4754,"url":"https:\/\/tp-electric.vn\/index.php\/san-pham\/aptomat-etek-dc-mcb-ekm1-63dc-2c25\/","url_meta":{"origin":4832,"position":0},"title":"Aptomat ETEK DC MCB EKM1-63DC-2C25","author":"Admin","date":"11\/12\/2024","format":false,"excerpt":"Th\u00f4ng s\u1ed1 k\u1ef9 thu\u1eadt: D\u00f2ng \u0111i\u1ec7n \u0111\u1ecbnh m\u1ee9c:,25A C\u1ef1c: 2P \u0110i\u1ec7n \u00e1p \u0111\u1ecbnh m\u1ee9c Ue: 2P(500V) Kh\u1ea3 n\u0103ng ph\u00e1 v\u1ee1 \u0111\u1ecbnh m\u1ee9c: 6.000\/10.000A \u0110i\u1ec7n \u00e1p ch\u1ecbu \u0111\u01b0\u1ee3c xung \u0111\u1ecbnh m\u1ee9c (1,5\/50) Uimp 4.000V \u0110i\u1ec7n \u00e1p th\u1eed nghi\u1ec7m \u0111i\u1ec7n m\u00f4i \u1edf t\u1ea7n s\u1ed1 ind. trong 1 ph\u00fat 2KV M\u1ee9c \u0111\u1ed9 \u00f4\u2026","rel":"","context":"Similar post","block_context":{"text":"Similar post","link":""},"img":{"alt_text":"","src":"https:\/\/i0.wp.com\/tp-electric.vn\/wp-content\/uploads\/2024\/12\/EKM1-63HDC-2P-500V.jpg?fit=800%2C800&ssl=1&resize=350%2C200","width":350,"height":200,"srcset":"https:\/\/i0.wp.com\/tp-electric.vn\/wp-content\/uploads\/2024\/12\/EKM1-63HDC-2P-500V.jpg?fit=800%2C800&ssl=1&resize=350%2C200 1x, https:\/\/i0.wp.com\/tp-electric.vn\/wp-content\/uploads\/2024\/12\/EKM1-63HDC-2P-500V.jpg?fit=800%2C800&ssl=1&resize=700%2C400 2x"},"classes":[]},{"id":4757,"url":"https:\/\/tp-electric.vn\/index.php\/san-pham\/aptomat-etek-dc-mcb-ekm1-63dc-2c32\/","url_meta":{"origin":4832,"position":1},"title":"Aptomat ETEK DC MCB EKM1-63DC-2C32","author":"Admin","date":"11\/12\/2024","format":false,"excerpt":"Th\u00f4ng s\u1ed1 k\u1ef9 thu\u1eadt: D\u00f2ng \u0111i\u1ec7n \u0111\u1ecbnh m\u1ee9c: 32A C\u1ef1c: 2P \u0110i\u1ec7n \u00e1p \u0111\u1ecbnh m\u1ee9c Ue: 2P(500V) Kh\u1ea3 n\u0103ng ph\u00e1 v\u1ee1 \u0111\u1ecbnh m\u1ee9c: 6.000\/10.000A \u0110i\u1ec7n \u00e1p ch\u1ecbu \u0111\u01b0\u1ee3c xung \u0111\u1ecbnh m\u1ee9c (1,5\/50) Uimp 4.000V \u0110i\u1ec7n \u00e1p th\u1eed nghi\u1ec7m \u0111i\u1ec7n m\u00f4i \u1edf t\u1ea7n s\u1ed1 ind. trong 1 ph\u00fat 2KV M\u1ee9c \u0111\u1ed9\u2026","rel":"","context":"Similar post","block_context":{"text":"Similar post","link":""},"img":{"alt_text":"","src":"https:\/\/i0.wp.com\/tp-electric.vn\/wp-content\/uploads\/2024\/12\/EKM1-63HDC-2P-500V.jpg?fit=800%2C800&ssl=1&resize=350%2C200","width":350,"height":200,"srcset":"https:\/\/i0.wp.com\/tp-electric.vn\/wp-content\/uploads\/2024\/12\/EKM1-63HDC-2P-500V.jpg?fit=800%2C800&ssl=1&resize=350%2C200 1x, https:\/\/i0.wp.com\/tp-electric.vn\/wp-content\/uploads\/2024\/12\/EKM1-63HDC-2P-500V.jpg?fit=800%2C800&ssl=1&resize=700%2C400 2x"},"classes":[]},{"id":4760,"url":"https:\/\/tp-electric.vn\/index.php\/san-pham\/aptomat-etek-dc-mcb-ekm1-125dc-2c125\/","url_meta":{"origin":4832,"position":2},"title":"Aptomat ETEK DC MCB EKM1-125DC-2C125","author":"Admin","date":"11\/12\/2024","format":false,"excerpt":"M\u00f4 t\u1ea3 s\u1ea3n ph\u1ea9m: D\u00f2ng \u0111i\u1ec7n \u0111\u1ecbnh m\u1ee9c trong 125A C\u1ef1c 2P \u0110i\u1ec7n \u00e1p \u0111\u1ecbnh m\u1ee9c Ue 2P(500V) Kh\u1ea3 n\u0103ng ph\u00e1 v\u1ee1 \u0111\u1ecbnh m\u1ee9c 10.000A \u0110i\u1ec7n \u00e1p ch\u1ecbu \u0111\u01b0\u1ee3c xung \u0111\u1ecbnh m\u1ee9c (1,5\/50) Uimp 4.000V \u0110i\u1ec7n \u00e1p th\u1eed nghi\u1ec7m \u0111i\u1ec7n m\u00f4i \u1edf t\u1ea7n s\u1ed1 ind. trong 1 ph\u00fat 2kV M\u1ee9c\u2026","rel":"","context":"Similar post","block_context":{"text":"Similar post","link":""},"img":{"alt_text":"","src":"https:\/\/i0.wp.com\/tp-electric.vn\/wp-content\/uploads\/2024\/12\/EKM1-125-2p-dc-mcb.jpg?fit=800%2C800&ssl=1&resize=350%2C200","width":350,"height":200,"srcset":"https:\/\/i0.wp.com\/tp-electric.vn\/wp-content\/uploads\/2024\/12\/EKM1-125-2p-dc-mcb.jpg?fit=800%2C800&ssl=1&resize=350%2C200 1x, https:\/\/i0.wp.com\/tp-electric.vn\/wp-content\/uploads\/2024\/12\/EKM1-125-2p-dc-mcb.jpg?fit=800%2C800&ssl=1&resize=700%2C400 2x"},"classes":[]},{"id":4777,"url":"https:\/\/tp-electric.vn\/index.php\/san-pham\/vo-tu-dien-mat-troi-etek-ha-4way\/","url_meta":{"origin":4832,"position":3},"title":"V\u1ecf t\u1ee7 \u0111i\u1ec7n m\u1eb7t tr\u1eddi ETEK HA-4WAY","author":"Admin","date":"11\/12\/2024","format":false,"excerpt":"Th\u00f4ng s\u1ed1 s\u1ea3n ph\u1ea9m: C\u1ea5p \u0111\u1ed9 b\u1ea3o v\u1ec7 : IP65 Ch\u1ea5t li\u1ec7u v\u1ecf: ABS C\u1eeda: PC trong su\u1ed1t Mothod c\u1ee7a c\u00e0i \u0111\u1eb7t b\u1ec1 m\u1eb7t g\u1eafn k\u1ebft K\u00edch th\u01b0\u1edbc: 140mm*210mm*100mm Tr\u1ecdng l\u01b0\u1ee3ng: 0.52Kg M\u00e3 h\u00e0ng: HA-4 Th\u01b0\u01a1ng hi\u1ec7u:\u00a0ETEK","rel":"","context":"Similar post","block_context":{"text":"Similar post","link":""},"img":{"alt_text":"","src":"https:\/\/i0.wp.com\/tp-electric.vn\/wp-content\/uploads\/2024\/12\/HA-4-WAY.jpg?fit=354%2C341&ssl=1&resize=350%2C200","width":350,"height":200},"classes":[]},{"id":2739,"url":"https:\/\/tp-electric.vn\/index.php\/san-pham\/mcb-dc-1000v-sigma\/","url_meta":{"origin":4832,"position":4},"title":"MCB DC 1000V","author":"","date":"07\/02\/2023","format":false,"excerpt":"Thi\u1ebft b\u1ecb \u0111\u00f3ng c\u1eaft, c\u1ea7u dao t\u1ef1 \u0111\u1ed9ng DC, MCB \u2013 4P DC 1000V\u00a0th\u01b0\u01a1ng hi\u1ec7u SIGMA \u0111\u01b0\u1ee3c s\u1eed d\u1ee5ng trong c\u00e1c h\u1ec7 th\u1ed1ng \u0111i\u1ec7n m\u1eb7t tr\u1eddi c\u00f3 \u0111i\u1ec7n \u00e1p DC l\u00ean \u0111\u1ebfn 1000V nh\u1eb1m b\u1ea3o v\u1ec7 c\u00e1c t\u1ea5m pin v\u00e0 inverter an to\u00e0n. S\u1ea3n ph\u1ea9m \u0111\u1ea1t ti\u00eau chu\u1ea9n Ch\u00e2u \u00c2u\u2026","rel":"","context":"Similar post","block_context":{"text":"Similar post","link":""},"img":{"alt_text":"","src":"https:\/\/i0.wp.com\/tp-electric.vn\/wp-content\/uploads\/2023\/02\/cau-dao-mcb-dc-1000v-Sigma.jpg?fit=720%2C720&ssl=1&resize=350%2C200","width":350,"height":200,"srcset":"https:\/\/i0.wp.com\/tp-electric.vn\/wp-content\/uploads\/2023\/02\/cau-dao-mcb-dc-1000v-Sigma.jpg?fit=720%2C720&ssl=1&resize=350%2C200 1x, https:\/\/i0.wp.com\/tp-electric.vn\/wp-content\/uploads\/2023\/02\/cau-dao-mcb-dc-1000v-Sigma.jpg?fit=720%2C720&ssl=1&resize=700%2C400 2x"},"classes":[]},{"id":2869,"url":"https:\/\/tp-electric.vn\/index.php\/san-pham\/tu-dien-nhua-hensel-kv7109\/","url_meta":{"origin":4832,"position":5},"title":"T\u1ee7 \u0111i\u1ec7n nh\u1ef1a Hensel KV7109","author":"","date":"08\/02\/2023","format":false,"excerpt":"\u00a0 Th\u00f4ng s\u1ed1 c\u01a1 b\u1ea3n: 9 modules (1 x 9 x 18 mm) 1 h\u00e0ng, \u0111\u00e3 bao g\u1ed3m PE v\u00e0 N terminal \u0111i k\u00e8m M\u1eb7t tr\u01b0\u1edbc t\u1ee7 c\u1eeda nh\u1ef1a trong nh\u00ecn xuy\u00ean B\u1ea3o v\u1ec7 ch\u1ed1ng n\u01b0\u1edbc v\u00e0 b\u1ee5i IP65, c\u1ea5p b\u1ea3o v\u1ec7 II V\u1eadt li\u1ec7u: PS (Polystyrene) M\u00e0u s\u1eafc: M\u00e0u\u2026","rel":"","context":"Similar post","block_context":{"text":"Similar post","link":""},"img":{"alt_text":"","src":"https:\/\/i0.wp.com\/tp-electric.vn\/wp-content\/uploads\/2023\/02\/9-m.png?fit=300%2C300&ssl=1&resize=350%2C200","width":350,"height":200},"classes":[]}],"_links":{"self":[{"href":"https:\/\/tp-electric.vn\/index.php\/wp-json\/wp\/v2\/product\/4832"}],"collection":[{"href":"https:\/\/tp-electric.vn\/index.php\/wp-json\/wp\/v2\/product"}],"about":[{"href":"https:\/\/tp-electric.vn\/index.php\/wp-json\/wp\/v2\/types\/product"}],"replies":[{"embeddable":true,"href":"https:\/\/tp-electric.vn\/index.php\/wp-json\/wp\/v2\/comments?post=4832"}],"wp:featuredmedia":[{"embeddable":true,"href":"https:\/\/tp-electric.vn\/index.php\/wp-json\/wp\/v2\/media\/4836"}],"wp:attachment":[{"href":"https:\/\/tp-electric.vn\/index.php\/wp-json\/wp\/v2\/media?parent=4832"}],"wp:term":[{"taxonomy":"product_cat","embeddable":true,"href":"https:\/\/tp-electric.vn\/index.php\/wp-json\/wp\/v2\/product_cat?post=4832"},{"taxonomy":"product_tag","embeddable":true,"href":"https:\/\/tp-electric.vn\/index.php\/wp-json\/wp\/v2\/product_tag?post=4832"}],"curies":[{"name":"wp","href":"https:\/\/api.w.org\/{rel}","templated":true}]}}