{"id":4780,"date":"2024-12-11T08:37:12","date_gmt":"2024-12-11T01:37:12","guid":{"rendered":"https:\/\/tp-electric.vn\/?post_type=product&#038;p=4780"},"modified":"2024-12-12T15:11:49","modified_gmt":"2024-12-12T08:11:49","slug":"vo-tu-dien-mat-troi-etek-ha-8way","status":"publish","type":"product","link":"https:\/\/tp-electric.vn\/index.php\/san-pham\/vo-tu-dien-mat-troi-etek-ha-8way\/","title":{"rendered":"V\u1ecf t\u1ee7 \u0111i\u1ec7n m\u1eb7t tr\u1eddi ETEK HA-8WAY"},"content":{"rendered":"<p>\u0110\u1eb7c \u0111i\u1ec3m n\u1ed5i b\u1eadt c\u1ee7a t\u1ee7 \u0111i\u1ec7n HA-8WAY:<\/p>\n<p><strong>1. Ch\u1ea5t li\u1ec7u cao c\u1ea5p:<\/strong><\/p>\n<p>\u2013 Ch\u1ea5t li\u1ec7u s\u1ea3n xu\u1ea5t ra \u0111\u00e8n t\u1eeb nh\u1ef1a ABS, PC cao c\u1ea5p, b\u1ec1n b\u1ec9, ch\u1ed1ng \u0103n m\u00f2n, c\u00f3 th\u1ec3 l\u1eafp \u0111\u1eb7t s\u1eed d\u1ee5ng \u1edf c\u1ea3 trong nh\u00e0 l\u1eabn ngo\u00e0i tr\u1eddi.<\/p>\n<p>\u2013 \u0110\u01b0\u1eddng ray l\u1eafp CB t\u1eeb kim lo\u1ea1i cao c\u1ea5p, ch\u1ed1ng g\u1ec9, \u0111\u1ea3m b\u1ea3o l\u1eafp \u0111\u1eb7t d\u1ec5 d\u00e0ng<\/p>\n<p><strong>2. Ch\u1ed1ng n\u01b0\u1edbc k\u00edn k\u1ebd:<\/strong><\/p>\n<p>\u2013 \u0110\u1ec7m cao su c\u00e0ng khi\u1ebfn c\u01a1 c\u1ea5u ch\u1ed1ng n\u01b0\u1edbc c\u1ee7a t\u1ee7 \u0111i\u1ec7n hi\u1ec7u qu\u1ea3 h\u01a1n, t\u00ednh n\u0103ng ch\u1ed1ng n\u01b0\u1edbc \u0111\u1ea1t ti\u00eau chu\u1ea9n qu\u1ed1c t\u1ebf IP65.<\/p>\n<figure id=\"attachment_5404\" aria-describedby=\"caption-attachment-5404\" style=\"width: 700px\" class=\"wp-caption aligncenter\"><img decoding=\"async\" loading=\"lazy\" class=\"wp-image-5404 size-full\" src=\"https:\/\/i0.wp.com\/tpenergy.com.vn\/wp-content\/uploads\/2024\/11\/tu-dien-pin-mat-troi-ha-8-way-2.jpg?resize=700%2C589&#038;ssl=1\" alt=\"\" width=\"700\" height=\"589\" data-recalc-dims=\"1\" \/><figcaption id=\"caption-attachment-5404\" class=\"wp-caption-text\">V\u1ecf t\u1ee7 \u0111i\u1ec7n ETEK HA-8WAY<\/figcaption><\/figure>\n<p><strong>3. Ki\u1ec3u d\u00e1ng hi\u1ec7n \u0111\u1ea1i:<\/strong><\/p>\n<p>\u2013 T\u1ee7 \u0111i\u1ec7n n\u0103ng l\u01b0\u1ee3ng m\u1eb7t tr\u1eddi HA-8 8way c\u00f3 ki\u1ec3u d\u00e1ng h\u00ecnh ch\u1eef nh\u1eadt c\u00f3 k\u00edch th\u01b0\u1edbc v\u1eeba ph\u1ea3i, v\u1eeba v\u1eb7n c\u00f3 th\u1ec3 l\u1eafp \u0111\u1eb7t 4 CB \u0111\u00f4i, 2 m\u00e0u tr\u1eafng x\u00e1m hi\u1ec7n \u0111\u1ea1i.<\/p>\n<p>\u2013\u00a0<strong>T\u1ee7 \u0111i\u1ec7n l\u1eafp \u0111i\u1ec7n m\u1eb7t tr\u1eddi<\/strong>\u00a0c\u00f3 th\u1ec3 m\u1edf b\u1eb1ng tay b\u1eb1ng n\u00fat b\u1ea5m nh\u1ef1a c\u1ee9ng c\u00e1p, d\u1ec5 s\u1eed d\u1ee5ng. C\u00e1c l\u1ed7 k\u1ebft n\u1ed1i c\u00f3 thi\u1ebft k\u1ebf b\u00ean c\u1ea1nh h\u1ed9 d\u1ec5 d\u00e0ng k\u1ebft n\u1ed1i c\u00e1c d\u00e2y \u0111i\u1ec7n v\u1edbi c\u00e1c CB b\u00ean trong.<\/p>\n<p><strong>4. Ch\u1ee9c n\u0103ng:<\/strong><\/p>\n<p>\u2013 T\u1ee7 \u0111i\u1ec7n HA-8 8way \u0111\u1ea3m b\u1ea3o ti\u00eau ch\u00ed v\u1ec1 \u0111\u1ed9 b\u1ec1n b\u1ec9, \u0111\u1ed9 \u1ed5n \u0111\u1ecbnh, li\u00ean t\u1ee5c v\u00e0 ch\u00ednh x\u00e1c trong th\u1eddi gian d\u01b0\u1edbi c\u00e1c m\u00f4i tr\u01b0\u1eddng l\u00e0m vi\u1ec7c kh\u00e1c nhau.<\/p>\n<blockquote><p>Hi\u1ec7n t\u1ea1i tr\u00ean th\u1ecb tr\u01b0\u1eddng c\u00f3 nhi\u1ec1u \u0111\u01a1n v\u1ecb cung c\u1ea5p <strong>v\u1ecf t\u1ee7 \u0111i\u1ec7n m\u1eb7t tr\u1eddi ETEK HA-8WAY<\/strong>\u00a0c\u00f3 c\u00e1c m\u1ee9c gi\u00e1 kh\u00e1c nhau. Li\u00ean h\u1ec7 Thu\u1eadn Phong qua hotline <strong>0869 564 567<\/strong>\u00a0\u0111\u1ec3 \u0111\u01b0\u1ee3c nh\u1eadn b\u00e1o gi\u00e1 s\u1ec9 v\u00e0 l\u1ebb v\u1ec1\u00a0<strong>t\u1ee7 \u0111i\u1ec7n n\u0103ng l\u01b0\u1ee3ng m\u1eb7t tr\u1eddi<\/strong>.<\/p><\/blockquote>\n<p><strong>T\u1ee7 \u0111i\u1ec7n n\u0103ng l\u01b0\u1ee3ng m\u1eb7t tr\u1eddi<\/strong>\u00a0l\u00e0 thi\u1ebft b\u1ecb ph\u1ee5 ki\u1ec7n kh\u00f4ng th\u1ec3 thi\u1ebfu trong qu\u00e1 tr\u00ecnh thi c\u00f4ng h\u1ec7 th\u1ed1ng \u0111i\u1ec7n m\u1eb7t tr\u1eddi. Khi s\u1eed d\u1ee5ng<strong> v\u1ecf t\u1ee7 \u0111i\u1ec7n m\u1eb7t tr\u1eddi ETEK HA-8WAY<\/strong>\u00a0Qu\u00fd kh\u00e1ch h\u00e0ng s\u1ebd \u0111\u01b0\u1ee3c:<\/p>\n<ul>\n<li>B\u1ea3o v\u1ec7 c\u00e1c thi\u1ebft b\u1ecb quan tr\u1ecdng kh\u1ecfi m\u00f4i tr\u01b0\u1eddng b\u00ean ngo\u00e0i<\/li>\n<li>T\u0103ng t\u00ednh th\u1ea9m m\u1ef9 v\u00e0 chuy\u00ean nghi\u1ec7p cho d\u1ef1 \u00e1n<\/li>\n<li>Ti\u1ebft ki\u1ec7m \u0111\u01b0\u1ee3c ti\u1ec1n b\u1ea1c<\/li>\n<li>Ch\u1ea5t li\u1ec7u b\u1ec1n, c\u00f3 tu\u1ed5i th\u1ecd l\u00e2u<\/li>\n<li>D\u1ec5 d\u00e0ng theo d\u00f5i v\u00e0 b\u1ea3o d\u01b0\u1ee1ng<\/li>\n<\/ul>\n<figure id=\"attachment_5405\" aria-describedby=\"caption-attachment-5405\" style=\"width: 700px\" class=\"wp-caption aligncenter\"><img decoding=\"async\" loading=\"lazy\" class=\"wp-image-5405 size-full\" src=\"https:\/\/i0.wp.com\/tpenergy.com.vn\/wp-content\/uploads\/2024\/11\/tu-dien-pin-mat-troi-ha-8-way-1.jpg?resize=700%2C405&#038;ssl=1\" alt=\"\" width=\"700\" height=\"405\" data-recalc-dims=\"1\" \/><figcaption id=\"caption-attachment-5405\" class=\"wp-caption-text\">V\u1ecf t\u1ee7 \u0111i\u1ec7n ETEK HA-8WAY<\/figcaption><\/figure>\n<p><strong>\u0110\u01a1n v\u1ecb ph\u00e2n ph\u1ed1i <a href=\"https:\/\/tpenergy.com.vn\/index.php\/danh-muc-sp\/phu-kien\/thiet-bi-chong-set-lan-truyen\/etek\/\">V\u1ecf t\u1ee7 \u0111i\u1ec7n ETEK ch\u00ednh h\u00e3ng<\/a>:<\/strong>C\u00f4ng ty TNHH Th\u01b0\u01a1ng m\u1ea1i D\u1ecbch v\u1ee5 C\u01a1 \u0111i\u1ec7n Thu\u1eadn Phong l\u00e0 \u0111\u1ea1i l\u00fd ph\u00e2n ph\u1ed1i thi\u1ebft b\u1ecb \u0111i\u1ec7n ETEK ch\u00ednh h\u00e3ng t\u1ea1i th\u1ecb tr\u01b0\u1eddng Vi\u1ec7t Nam. M\u1ecdi kh\u00e1ch h\u00e0ng l\u1ef1a ch\u1ecdn tin t\u01b0\u1edfng v\u00e0o d\u1ecbch v\u1ee5, s\u1ea3n ph\u1ea9m do Thu\u1eadn Phong cung c\u1ea5p ch\u1eafc ch\u1eafn s\u1ebd kh\u00f4ng ph\u1ea3i h\u1ed1i h\u1eadn v\u1edbi l\u1ef1a ch\u1ecdn c\u1ee7a m\u00ecnh. D\u1ecbch v\u1ee5 lu\u00f4n t\u1ef1 tin \u0111\u01b0a ra c\u00e1c cam k\u1ebft ch\u1ea5t l\u01b0\u1ee3ng v\u01b0\u1ee3t tr\u1ed9i nh\u1ea5t khi ph\u1ee5c v\u1ee5 qu\u00fd kh\u00e1ch h\u00e0ng.<\/p>\n<div class=\"box\">\n<div dir=\"auto\">S\u1ea3n ph\u1ea9m c\u1ee7a Thu\u1eadn Phong khi \u0111\u1ebfn tay \u0111\u1ea1i l\u00fd lu\u00f4n \u0111\u1ea3m b\u1ea3o:<\/div>\n<div dir=\"auto\">&#8211; H\u00e0ng h\u00f3a ch\u00ednh h\u00e3ng, \u0111\u1ea7y \u0111\u1ee7 CO, CQ, VAT cho d\u1ef1 \u00e1n<\/div>\n<div dir=\"auto\"><span class=\"html-span xexx8yu x4uap5 x18d9i69 xkhd6sd x1hl2dhg x16tdsg8 x1vvkbs x3nfvp2 x1j61x8r x1fcty0u xdj266r xat24cr xgzva0m xhhsvwb xxymvpz xlup9mm x1kky2od\">&#8211; <\/span>Gi\u00e1 lu\u00f4n c\u1ea1nh tranh nh\u1edd nh\u1eadp kh\u1ea9u tr\u1ef1c ti\u1ebfp.<\/div>\n<div dir=\"auto\">&#8211; C\u1ea5p s\u1ec9 to\u00e0n qu\u1ed1c. V\u1eadn chuy\u1ec3n t\u1eadn n\u01a1i.<\/div>\n<div class=\"x11i5rnm xat24cr x1mh8g0r x1vvkbs xtlvy1s x126k92a\">\n<p dir=\"auto\">\u00a0N\u1ebfu b\u1ea1n \u0111ang loay hoay t\u00ecm ki\u1ebfm d\u00f2ng s\u1ea3n ph\u1ea9m th\u1ef1c s\u1ef1 ch\u1ea5t l\u01b0\u1ee3ng \u0111\u1ec3 ph\u00e2n ph\u1ed1i li\u00ean h\u1ec7 v\u1edbi Thu\u1eadn Phong qua hotline: <strong>0869.564.567<\/strong><\/p>\n<div dir=\"auto\">\n<p dir=\"auto\">&#8212;&#8212;&#8212;&#8212;&#8212;&#8212;&#8212;&#8212;&#8212;&#8212;-<\/p>\n<p dir=\"auto\">CH\u1eccN THU\u1eacN PHONG &#8211; CH\u1eccN S\u1ef0 AN T\u00c2M<\/p>\n<p dir=\"auto\"><span class=\"html-span xexx8yu x4uap5 x18d9i69 xkhd6sd x1hl2dhg x16tdsg8 x1vvkbs x3nfvp2 x1j61x8r x1fcty0u xdj266r xat24cr xgzva0m xhhsvwb xxymvpz xlup9mm x1kky2od\"><img decoding=\"async\" loading=\"lazy\" class=\"xz74otr\" src=\"https:\/\/static.xx.fbcdn.net\/images\/emoji.php\/v9\/t4c\/1\/16\/25aa.png\" alt=\"\u25aa\ufe0f\" width=\"16\" height=\"16\" \/><\/span> Hotline: 0869.564.567<\/p>\n<p dir=\"auto\"><span class=\"html-span xexx8yu x4uap5 x18d9i69 xkhd6sd x1hl2dhg x16tdsg8 x1vvkbs x3nfvp2 x1j61x8r x1fcty0u xdj266r xat24cr xgzva0m xhhsvwb xxymvpz xlup9mm x1kky2od\"><img decoding=\"async\" loading=\"lazy\" class=\"xz74otr\" src=\"https:\/\/static.xx.fbcdn.net\/images\/emoji.php\/v9\/t4c\/1\/16\/25aa.png\" alt=\"\u25aa\ufe0f\" width=\"16\" height=\"16\" \/><\/span> K\u1ef9 thu\u1eadt: Mr D\u0169ng 0899.768.777<\/p>\n<p dir=\"auto\"><span class=\"html-span xexx8yu x4uap5 x18d9i69 xkhd6sd x1hl2dhg x16tdsg8 x1vvkbs x3nfvp2 x1j61x8r x1fcty0u xdj266r xat24cr xgzva0m xhhsvwb xxymvpz xlup9mm x1kky2od\"><img decoding=\"async\" loading=\"lazy\" class=\"xz74otr\" src=\"https:\/\/static.xx.fbcdn.net\/images\/emoji.php\/v9\/t4c\/1\/16\/25aa.png\" alt=\"\u25aa\ufe0f\" width=\"16\" height=\"16\" \/><\/span> Kinh doanh: Mr Ph\u00fac 0918.583.068<\/p>\n<p dir=\"auto\"><span class=\"html-span xexx8yu x4uap5 x18d9i69 xkhd6sd x1hl2dhg x16tdsg8 x1vvkbs x3nfvp2 x1j61x8r x1fcty0u xdj266r xat24cr xgzva0m xhhsvwb xxymvpz xlup9mm x1kky2od\"><img decoding=\"async\" loading=\"lazy\" class=\"xz74otr\" src=\"https:\/\/static.xx.fbcdn.net\/images\/emoji.php\/v9\/t4c\/1\/16\/25aa.png\" alt=\"\u25aa\ufe0f\" width=\"16\" height=\"16\" \/><\/span> Tr\u1ee5 s\u1edf ch\u00ednh: 30 Nguy\u1ec5n H\u1eefu D\u1eadt, ph\u01b0\u1eddng Nam L\u00fd, th\u00e0nh ph\u1ed1 \u0110\u1ed3ng H\u1edbi, t\u1ec9nh Qu\u1ea3ng B\u00ecnh, Vi\u1ec7t Nam<\/p>\n<div dir=\"auto\"><span class=\"html-span xexx8yu x4uap5 x18d9i69 xkhd6sd x1hl2dhg x16tdsg8 x1vvkbs x3nfvp2 x1j61x8r x1fcty0u xdj266r xat24cr xgzva0m xhhsvwb xxymvpz xlup9mm x1kky2od\"><img decoding=\"async\" loading=\"lazy\" class=\"xz74otr\" src=\"https:\/\/static.xx.fbcdn.net\/images\/emoji.php\/v9\/t4c\/1\/16\/25aa.png\" alt=\"\u25aa\ufe0f\" width=\"16\" height=\"16\" \/><\/span> Tr\u1ee5 s\u1edf H\u00e0 N\u1ed9i: Nh\u00e0 ph\u1ed1 th\u01b0\u01a1ng m\u1ea1i Khai S\u01a1n Town s\u1ed1 18 thu\u1ed9c Town 7, khu \u0111\u00f4 th\u1ecb Khai S\u01a1n City, Ph\u01b0\u1eddng Th\u01b0\u1ee3ng Thanh, Qu\u1eadn Long Bi\u00ean, TP H\u00e0 N\u1ed9i<\/div>\n<\/div>\n<\/div>\n<\/div>\n","protected":false},"excerpt":{"rendered":"<div class=\"line_h22 c-s\">\n<div><\/div>\n<div class=\"pctemp line_h22\">Th\u00f4ng s\u1ed1 s\u1ea3n ph\u1ea9m:<\/div>\n<ul>\n<li class=\"pctemp line_h22\">C\u1ea5p \u0111\u1ed9 b\u1ea3o v\u1ec7 : IP65<\/li>\n<li class=\"pctemp line_h22\">Ch\u1ea5t li\u1ec7u v\u1ecf: ABS C\u1eeda: PC trong su\u1ed1t Mothod c\u1ee7a c\u00e0i \u0111\u1eb7t b\u1ec1 m\u1eb7t g\u1eafn k\u1ebft<\/li>\n<li class=\"pctemp line_h22\">K\u00edch th\u01b0\u1edbc: 215mm*210mm*100mm<\/li>\n<li class=\"pctemp line_h22\">Tr\u1ecdng l\u01b0\u1ee3ng: 0.78Kg<\/li>\n<li class=\"pctemp line_h22\">M\u00e3 h\u00e0ng: HA-8<\/li>\n<li class=\"pctemp line_h22\">Th\u01b0\u01a1ng hi\u1ec7u:\u00a0ETEK<\/li>\n<\/ul>\n<\/div>\n","protected":false},"featured_media":4809,"comment_status":"open","ping_status":"closed","template":"","meta":[],"product_cat":[794],"product_tag":[803,804,805,801,806,807],"jetpack-related-posts":[{"id":4832,"url":"https:\/\/tp-electric.vn\/index.php\/san-pham\/vo-tu-dien-mat-troi-ha-12way\/","url_meta":{"origin":4780,"position":0},"title":"V\u1ecf t\u1ee7 \u0111i\u1ec7n m\u1eb7t tr\u1eddi HA-12Way","author":"Admin","date":"11\/12\/2024","format":false,"excerpt":"Th\u00f4ng s\u1ed1 s\u1ea3n ph\u1ea9m: Model: HA-12 Way: 12 way IP b\u1ea3o v\u1ec7: IP65 K\u00edch th\u01b0\u1edbc: 295 x 260 x 140 Kh\u1ea3 n\u0103ng ch\u1ee9a t\u1ed1i \u0111a: 8\/12 MCB \u0110i\u1ec7n \u00e1p \u0111\u1ecbnh m\u1ee9c: 690V T\u1ea7n s\u1ed1 \u0111\u1ecbnh m\u1ee9c: 50Hz","rel":"","context":"Similar post","block_context":{"text":"Similar post","link":""},"img":{"alt_text":"","src":"https:\/\/i0.wp.com\/tp-electric.vn\/wp-content\/uploads\/2024\/12\/tu-dien-pin-mat-troi-ha-12-way-2.jpg?fit=700%2C700&ssl=1&resize=350%2C200","width":350,"height":200,"srcset":"https:\/\/i0.wp.com\/tp-electric.vn\/wp-content\/uploads\/2024\/12\/tu-dien-pin-mat-troi-ha-12-way-2.jpg?fit=700%2C700&ssl=1&resize=350%2C200 1x, https:\/\/i0.wp.com\/tp-electric.vn\/wp-content\/uploads\/2024\/12\/tu-dien-pin-mat-troi-ha-12-way-2.jpg?fit=700%2C700&ssl=1&resize=700%2C400 2x"},"classes":[]},{"id":4777,"url":"https:\/\/tp-electric.vn\/index.php\/san-pham\/vo-tu-dien-mat-troi-etek-ha-4way\/","url_meta":{"origin":4780,"position":1},"title":"V\u1ecf t\u1ee7 \u0111i\u1ec7n m\u1eb7t tr\u1eddi ETEK HA-4WAY","author":"Admin","date":"11\/12\/2024","format":false,"excerpt":"Th\u00f4ng s\u1ed1 s\u1ea3n ph\u1ea9m: C\u1ea5p \u0111\u1ed9 b\u1ea3o v\u1ec7 : IP65 Ch\u1ea5t li\u1ec7u v\u1ecf: ABS C\u1eeda: PC trong su\u1ed1t Mothod c\u1ee7a c\u00e0i \u0111\u1eb7t b\u1ec1 m\u1eb7t g\u1eafn k\u1ebft K\u00edch th\u01b0\u1edbc: 140mm*210mm*100mm Tr\u1ecdng l\u01b0\u1ee3ng: 0.52Kg M\u00e3 h\u00e0ng: HA-4 Th\u01b0\u01a1ng hi\u1ec7u:\u00a0ETEK","rel":"","context":"Similar post","block_context":{"text":"Similar post","link":""},"img":{"alt_text":"","src":"https:\/\/i0.wp.com\/tp-electric.vn\/wp-content\/uploads\/2024\/12\/HA-4-WAY.jpg?fit=354%2C341&ssl=1&resize=350%2C200","width":350,"height":200},"classes":[]},{"id":4763,"url":"https:\/\/tp-electric.vn\/index.php\/san-pham\/vo-tu-dien-chong-nuoc-etek-ht-24way\/","url_meta":{"origin":4780,"position":2},"title":"V\u1ecf t\u1ee7 \u0111i\u1ec7n ch\u1ed1ng n\u01b0\u1edbc ETEK HT-24WAY","author":"Admin","date":"11\/12\/2024","format":false,"excerpt":"Th\u00f4ng s\u1ed1 s\u1ea3n ph\u1ea9m: T\u1ee7 \u0111i\u1ec7n \u0111\u01b0\u1ee3c s\u1eed d\u1ee5ng cho h\u1ec7 th\u1ed1ng \u0111i\u1ec1u khi\u1ec3n c\u00f3 th\u1ec3 g\u1eafn \u0111\u01b0\u1ee3c 12 aptomat 2P T\u1ee7 \u0111i\u1ec7n c\u00f3 2 thanh c\u00e0i Din-rail 35mm X\u1ebfp h\u1ea1ng \u0111i\u1ec7n 100A \/ m\u1ed9t pha, 63A \/ ba pha, 240 \/ 415V AC 50 \/ 60Hz T\u1ee7 \u0111\u00e3 \u0111\u01b0\u1ee3c\u2026","rel":"","context":"Similar post","block_context":{"text":"Similar post","link":""},"img":{"alt_text":"","src":"https:\/\/i0.wp.com\/tp-electric.vn\/wp-content\/uploads\/2024\/12\/Vo-tu-dien-cao-cap-chong-nuoc-ETEK-HT-24WAY-510x510-1.jpg?fit=510%2C510&ssl=1&resize=350%2C200","width":350,"height":200},"classes":[]},{"id":4774,"url":"https:\/\/tp-electric.vn\/index.php\/san-pham\/vo-tu-dien-chong-nuoc-etek-ht-18way\/","url_meta":{"origin":4780,"position":3},"title":"V\u1ecf t\u1ee7 \u0111i\u1ec7n ch\u1ed1ng n\u01b0\u1edbc ETEK HT-18WAY","author":"Admin","date":"11\/12\/2024","format":false,"excerpt":"Th\u00f4ng s\u1ed1 s\u1ea3n ph\u1ea9m: T\u1ee7 \u0111i\u1ec7n \u0111\u01b0\u1ee3c s\u1eed d\u1ee5ng cho h\u1ec7 th\u1ed1ng \u0111i\u1ec1u khi\u1ec3n c\u00f3 th\u1ec3 g\u1eafn \u0111\u01b0\u1ee3c 9 aptomat 2P T\u1ee7 \u0111i\u1ec7n c\u00f3 thanh c\u00e0i Din-rail 35mm X\u1ebfp h\u1ea1ng \u0111i\u1ec7n 100A \/ m\u1ed9t pha, 63A \/ ba pha, 240 \/ 415V AC 50 \/ 60Hz T\u1ee7 \u0111\u00e3 \u0111\u01b0\u1ee3c \u0111\u1ecbnh\u2026","rel":"","context":"Similar post","block_context":{"text":"Similar post","link":""},"img":{"alt_text":"","src":"https:\/\/i0.wp.com\/tp-electric.vn\/wp-content\/uploads\/2024\/12\/Vo-tu-dien-cao-cap-chong-nuoc-ETEK-HT-18WAY-510x510-1.jpg?fit=510%2C510&ssl=1&resize=350%2C200","width":350,"height":200},"classes":[]},{"id":3502,"url":"https:\/\/tp-electric.vn\/index.php\/san-pham\/phich-cam-cong-nghiep\/","url_meta":{"origin":4780,"position":4},"title":"PH\u00cdCH C\u1eaeM C\u00d4NG NGHI\u1ec6P","author":"","date":"14\/04\/2023","format":false,"excerpt":"Ph\u00edch c\u1eafm di \u0111\u1ed9ng ch\u1ed1ng n\u01b0\u1edbc IP67 PK Schneider c\u00f3 thi\u1ebft k\u1ebf nh\u1ecf g\u1ecdn, tr\u1ecdng l\u01b0\u1ee3ng nh\u1eb9, \u0111\u1ed9 an to\u00e0n v\u00e0 kh\u1ea3 n\u0103ng c\u00e1ch \u0111i\u1ec7n cao. \u00a0\u01afU \u0110I\u1ec2M: Ch\u1ed1ng n\u01b0\u1edbc, b\u1ee5i b\u1ea9n \u0111\u1ea1t c\u1ea5p \u0111\u1ed9 IP67 S\u1ed1 c\u1ef1c t\u01b0\u01a1ng th\u00edch 2P+E, 3P+E, 4P+E Ch\u1ecbu m\u1ee9c d\u00f2ng \u0111i\u1ec7n 16A \u0111\u1ebfn 125A\u2026","rel":"","context":"Similar post","block_context":{"text":"Similar post","link":""},"img":{"alt_text":"","src":"https:\/\/i0.wp.com\/tp-electric.vn\/wp-content\/uploads\/2023\/04\/phich-cam-cong-nghiep.png?fit=300%2C300&ssl=1&resize=350%2C200","width":350,"height":200},"classes":[]},{"id":2869,"url":"https:\/\/tp-electric.vn\/index.php\/san-pham\/tu-dien-nhua-hensel-kv7109\/","url_meta":{"origin":4780,"position":5},"title":"T\u1ee7 \u0111i\u1ec7n nh\u1ef1a Hensel KV7109","author":"","date":"08\/02\/2023","format":false,"excerpt":"\u00a0 Th\u00f4ng s\u1ed1 c\u01a1 b\u1ea3n: 9 modules (1 x 9 x 18 mm) 1 h\u00e0ng, \u0111\u00e3 bao g\u1ed3m PE v\u00e0 N terminal \u0111i k\u00e8m M\u1eb7t tr\u01b0\u1edbc t\u1ee7 c\u1eeda nh\u1ef1a trong nh\u00ecn xuy\u00ean B\u1ea3o v\u1ec7 ch\u1ed1ng n\u01b0\u1edbc v\u00e0 b\u1ee5i IP65, c\u1ea5p b\u1ea3o v\u1ec7 II V\u1eadt li\u1ec7u: PS (Polystyrene) M\u00e0u s\u1eafc: M\u00e0u\u2026","rel":"","context":"Similar post","block_context":{"text":"Similar post","link":""},"img":{"alt_text":"","src":"https:\/\/i0.wp.com\/tp-electric.vn\/wp-content\/uploads\/2023\/02\/9-m.png?fit=300%2C300&ssl=1&resize=350%2C200","width":350,"height":200},"classes":[]}],"_links":{"self":[{"href":"https:\/\/tp-electric.vn\/index.php\/wp-json\/wp\/v2\/product\/4780"}],"collection":[{"href":"https:\/\/tp-electric.vn\/index.php\/wp-json\/wp\/v2\/product"}],"about":[{"href":"https:\/\/tp-electric.vn\/index.php\/wp-json\/wp\/v2\/types\/product"}],"replies":[{"embeddable":true,"href":"https:\/\/tp-electric.vn\/index.php\/wp-json\/wp\/v2\/comments?post=4780"}],"wp:featuredmedia":[{"embeddable":true,"href":"https:\/\/tp-electric.vn\/index.php\/wp-json\/wp\/v2\/media\/4809"}],"wp:attachment":[{"href":"https:\/\/tp-electric.vn\/index.php\/wp-json\/wp\/v2\/media?parent=4780"}],"wp:term":[{"taxonomy":"product_cat","embeddable":true,"href":"https:\/\/tp-electric.vn\/index.php\/wp-json\/wp\/v2\/product_cat?post=4780"},{"taxonomy":"product_tag","embeddable":true,"href":"https:\/\/tp-electric.vn\/index.php\/wp-json\/wp\/v2\/product_tag?post=4780"}],"curies":[{"name":"wp","href":"https:\/\/api.w.org\/{rel}","templated":true}]}}