{"id":4777,"date":"2024-12-11T08:37:12","date_gmt":"2024-12-11T01:37:12","guid":{"rendered":"https:\/\/tp-electric.vn\/?post_type=product&#038;p=4777"},"modified":"2024-12-12T15:11:49","modified_gmt":"2024-12-12T08:11:49","slug":"vo-tu-dien-mat-troi-etek-ha-4way","status":"publish","type":"product","link":"https:\/\/tp-electric.vn\/index.php\/san-pham\/vo-tu-dien-mat-troi-etek-ha-4way\/","title":{"rendered":"V\u1ecf t\u1ee7 \u0111i\u1ec7n m\u1eb7t tr\u1eddi ETEK HA-4WAY"},"content":{"rendered":"<p><strong>\u0110\u1eb7c \u0111i\u1ec3m n\u1ed5i b\u1eadt c\u1ee7a t\u1ee7 \u0111i\u1ec7n m\u1eb7t tr\u1eddi ETEK HA-4WAY:<\/strong><\/p>\n<ol>\n<li><strong>\u00a0Thi\u1ebft k\u1ebf nh\u1ecf g\u1ecdn<\/strong><\/li>\n<\/ol>\n<p>V\u1edbi k\u00edch th\u01b0\u1edbc nh\u1ecf g\u1ecdn,<strong>\u00a0t\u1ee7 \u0111i\u1ec7n 4 way<\/strong>\u00a0thu\u1eadn ti\u1ec7n cho vi\u1ec7c s\u1eed d\u1ee5ng v\u00e0 l\u1eafp \u0111\u1eb7t. Ki\u1ec3u d\u00e1ng h\u00ecnh ch\u1eef nh\u1eadt hi\u1ec7n \u0111\u1ea1i, chi\u1ebfc\u00a0<strong>t\u1ee7 \u0111i\u1ec7n n\u0103ng l\u01b0\u1ee3ng m\u1eb7t tr\u1eddi HA 4 \u0111\u01b0\u1eddng<\/strong>\u00a0\u0111em \u0111\u1ebfn cho ng\u01b0\u1eddi s\u1eed d\u1ee5ng c\u1ea3m gi\u00e1c h\u00e0i l\u00f2ng nh\u1ea5t. Kh\u1ea3 n\u0103ng ch\u1ee9a t\u1ed1i \u0111a c\u1ee7a t\u1ee7 \u0111i\u1ec7n l\u00e0 4 MCB, ph\u00f9 h\u1ee3p v\u1edbi\u00a0<strong>d\u1ef1 \u00e1n \u0111i\u1ec7n m\u1eb7t tr\u1eddi 3kW, 5kW, 10kW.<\/strong>..<\/p>\n<p><img decoding=\"async\" loading=\"lazy\" class=\"size-full wp-image-5301 aligncenter\" src=\"https:\/\/i0.wp.com\/tpenergy.com.vn\/wp-content\/uploads\/2024\/10\/HA4WAY.jpg?resize=702%2C702&#038;ssl=1\" alt=\"\" width=\"702\" height=\"702\" data-recalc-dims=\"1\" \/><\/p>\n<p><strong>2.\u00a0 Gi\u00e1 th\u00e0nh r\u1ebb<\/strong><\/p>\n<p>Nh\u1edd \u0111\u01b0\u1ee3c thi\u1ebft k\u1ebf nh\u1ecf g\u1ecdn, \u0111\u01b0\u1ee3c s\u1ea3n xu\u1ea5t tr\u00ean d\u00e2y chuy\u1ec1n s\u1ed1 l\u01b0\u1ee3ng l\u1edbn, nguy\u00ean li\u1ec7u s\u1ea3n ph\u1ea9m gi\u00e1 th\u00e0nh th\u1ea5p. N\u00ean \u0111\u1ec3 s\u1edf h\u1eefu 01 chi\u1ebfc<strong>\u00a0t\u1ee7 \u0111i\u1ec7n n\u0103ng l\u01b0\u1ee3ng m\u1eb7t tr\u1eddi<\/strong>\u00a0c\u00f3 \u0111\u1ea7y \u0111\u1ee7 ch\u1ee9c n\u0103ng v\u00e0 nhi\u1ec1u \u01b0u \u0111i\u1ec3m th\u00ec Qu\u00fd kh\u00e1ch h\u00e0ng kh\u00f4ng c\u1ea7n b\u1ecf ra s\u1ed1 ti\u1ec1n qu\u00e1 l\u1edbn.<\/p>\n<blockquote><p>Hi\u1ec7n t\u1ea1i tr\u00ean th\u1ecb tr\u01b0\u1eddng c\u00f3 nhi\u1ec1u \u0111\u01a1n v\u1ecb cung c\u1ea5p <strong>v\u1ecf t\u1ee7 \u0111i\u1ec7n m\u1eb7t tr\u1eddi ETEK HA-4WAY<\/strong>\u00a0c\u00f3 c\u00e1c m\u1ee9c gi\u00e1 kh\u00e1c nhau. Li\u00ean h\u1ec7 Thu\u1eadn Phong qua hotline <strong>0869 564 567<\/strong>\u00a0\u0111\u1ec3 \u0111\u01b0\u1ee3c nh\u1eadn b\u00e1o gi\u00e1 s\u1ec9 v\u00e0 l\u1ebb v\u1ec1\u00a0<strong>t\u1ee7 \u0111i\u1ec7n n\u0103ng l\u01b0\u1ee3ng m\u1eb7t tr\u1eddi<\/strong>.<\/p><\/blockquote>\n<p><strong>3. Ch\u1ea5t li\u1ec7u b\u1ec1n, tu\u1ed5i th\u1ecd l\u00e2u d\u00e0i<\/strong><\/p>\n<p><strong>V\u1ecf t\u1ee7 \u0111i\u1ec7n m\u1eb7t tr\u1eddi ETEK HA-4Way <\/strong>\u0111\u01b0\u1ee3c l\u00e0m b\u1eb1ng nh\u1ef1a ABS n\u00ean c\u00f3 \u0111\u1ed9 b\u1ec1n cao. Nh\u1ef1a ABS l\u00e0 ch\u1ea5t li\u1ec7u \u0111\u01b0\u1ee3c s\u1eed d\u1ee5ng ph\u1ed5 bi\u1ebfn hi\u1ec7n nay b\u1edfi v\u00ec ch\u00fang c\u1ef1c k\u00ec b\u1ec1n v\u00e0 gi\u00e1 th\u00e0nh r\u1ebb. Khi s\u1eed d\u1ee5ng<strong>\u00a0t\u1ee7 \u0111i\u1ec7n Solar 4 way<\/strong>\u00a0Qu\u00fd kh\u00e1ch h\u00e0ng kh\u00f4ng lo b\u1ecb va \u0111\u1eadp, bi\u1ebfn \u0111\u1ed5i h\u00ecnh d\u1ea1ng do \u0111i\u1ec1u ki\u1ec7n b\u00ean ngo\u00e0i t\u00e1c \u0111\u1ed9ng.\u00a0<strong>T\u1ee7 \u0111i\u1ec7n n\u0103ng l\u01b0\u1ee3ng m\u1eb7t tr\u1eddi HA-4Way<\/strong>\u00a0c\u00f3 th\u1ec3 s\u1eed d\u1ee5ng \u1edf nhi\u1ec1u m\u00f4i tr\u01b0\u1eddng kh\u00e1c nhau, b\u1ec1 m\u1eb7t n\u1eafp \u0111\u01b0\u1ee3c l\u00e0m b\u1eb1ng ch\u1ea5t li\u1ec7u nh\u1ef1a PC trong su\u1ed1t d\u1ec5 d\u00e0ng theo d\u00f5i v\u00e0 b\u1ea3o d\u01b0\u1ee1ng.<\/p>\n<p><strong>4. Kh\u1ea3 n\u0103ng ch\u1ed1ng n\u01b0\u1edbc, b\u1ee5i t\u1ed1t<\/strong><\/p>\n<p>\u0110\u1ec3 \u0111\u1ea1t \u0111\u01b0\u1ee3c hi\u1ec7u su\u1ea5t t\u1ed1i \u0111a v\u1ec1 nhi\u1ec7m v\u1ee5 b\u1ea3o v\u1ec7 thi\u1ebft b\u1ecb c\u1ee7a m\u00ecnh,<strong>\u00a0t\u1ee7 \u0111i\u1ec7n Solar HA 4 way<\/strong>\u00a0\u0111\u01b0\u1ee3c trang b\u1ecb cho m\u00ecnh c\u1ea5p b\u1ea3o v\u1ec7 IP65 c\u00f3 kh\u1ea3 n\u0103ng ch\u1ed1ng b\u1ee5i, ch\u1ed1ng n\u01b0\u1edbc c\u1ef1c k\u00ec t\u1ed1t. Qu\u00fd kh\u00e1ch h\u00e0ng khi s\u1eed d\u1ee5ng c\u00f3 th\u1ec3 l\u1eafp \u0111\u1eb7t t\u1ee7 \u0111i\u1ec7n m\u1eb7t tr\u1eddi \u1edf nhi\u1ec1u m\u00f4i tr\u01b0\u1eddng kh\u00e1c nhau.<\/p>\n<p><img decoding=\"async\" loading=\"lazy\" class=\"size-full wp-image-5302 aligncenter\" src=\"https:\/\/i0.wp.com\/tpenergy.com.vn\/wp-content\/uploads\/2024\/10\/HA-4-WAY.jpg?resize=354%2C341&#038;ssl=1\" alt=\"\" width=\"354\" height=\"341\" data-recalc-dims=\"1\" \/><\/p>\n<p><strong>T\u1ee7 \u0111i\u1ec7n n\u0103ng l\u01b0\u1ee3ng m\u1eb7t tr\u1eddi<\/strong>\u00a0l\u00e0 thi\u1ebft b\u1ecb ph\u1ee5 ki\u1ec7n kh\u00f4ng th\u1ec3 thi\u1ebfu trong qu\u00e1 tr\u00ecnh thi c\u00f4ng h\u1ec7 th\u1ed1ng \u0111i\u1ec7n m\u1eb7t tr\u1eddi. Khi s\u1eed d\u1ee5ng<strong> v\u1ecf t\u1ee7 \u0111i\u1ec7n m\u1eb7t tr\u1eddi ETEK HA-4WAY<\/strong>\u00a0Qu\u00fd kh\u00e1ch h\u00e0ng s\u1ebd \u0111\u01b0\u1ee3c:<\/p>\n<ul>\n<li>B\u1ea3o v\u1ec7 c\u00e1c thi\u1ebft b\u1ecb quan tr\u1ecdng kh\u1ecfi m\u00f4i tr\u01b0\u1eddng b\u00ean ngo\u00e0i<\/li>\n<li>T\u0103ng t\u00ednh th\u1ea9m m\u1ef9 v\u00e0 chuy\u00ean nghi\u1ec7p cho d\u1ef1 \u00e1n<\/li>\n<li>Ti\u1ebft ki\u1ec7m \u0111\u01b0\u1ee3c ti\u1ec1n b\u1ea1c<\/li>\n<li>Ch\u1ea5t li\u1ec7u b\u1ec1n, c\u00f3 tu\u1ed5i th\u1ecd l\u00e2u<\/li>\n<li>D\u1ec5 d\u00e0ng theo d\u00f5i v\u00e0 b\u1ea3o d\u01b0\u1ee1ng<\/li>\n<\/ul>\n<div class=\"box\">\n<p><strong>\u0110\u01a1n v\u1ecb ph\u00e2n ph\u1ed1i <a href=\"https:\/\/tpenergy.com.vn\/index.php\/danh-muc-sp\/phu-kien\/thiet-bi-chong-set-lan-truyen\/etek\/\">V\u1ecf t\u1ee7 \u0111i\u1ec7n ETEK ch\u00ednh h\u00e3ng<\/a>:<\/strong>C\u00f4ng ty TNHH Th\u01b0\u01a1ng m\u1ea1i D\u1ecbch v\u1ee5 C\u01a1 \u0111i\u1ec7n Thu\u1eadn Phong l\u00e0 \u0111\u1ea1i l\u00fd ph\u00e2n ph\u1ed1i thi\u1ebft b\u1ecb \u0111i\u1ec7n ETEK ch\u00ednh h\u00e3ng t\u1ea1i th\u1ecb tr\u01b0\u1eddng Vi\u1ec7t Nam. M\u1ecdi kh\u00e1ch h\u00e0ng l\u1ef1a ch\u1ecdn tin t\u01b0\u1edfng v\u00e0o d\u1ecbch v\u1ee5, s\u1ea3n ph\u1ea9m do Thu\u1eadn Phong cung c\u1ea5p ch\u1eafc ch\u1eafn s\u1ebd kh\u00f4ng ph\u1ea3i h\u1ed1i h\u1eadn v\u1edbi l\u1ef1a ch\u1ecdn c\u1ee7a m\u00ecnh. D\u1ecbch v\u1ee5 lu\u00f4n t\u1ef1 tin \u0111\u01b0a ra c\u00e1c cam k\u1ebft ch\u1ea5t l\u01b0\u1ee3ng v\u01b0\u1ee3t tr\u1ed9i nh\u1ea5t khi ph\u1ee5c v\u1ee5 qu\u00fd kh\u00e1ch h\u00e0ng.<\/p>\n<\/div>\n<div class=\"box\">\n<div class=\"x11i5rnm xat24cr x1mh8g0r x1vvkbs xtlvy1s x126k92a\">\n<div dir=\"auto\">S\u1ea3n ph\u1ea9m c\u1ee7a Thu\u1eadn Phong khi \u0111\u1ebfn tay \u0111\u1ea1i l\u00fd lu\u00f4n \u0111\u1ea3m b\u1ea3o:<\/div>\n<div dir=\"auto\">&#8211; H\u00e0ng h\u00f3a ch\u00ednh h\u00e3ng, \u0111\u1ea7y \u0111\u1ee7 CO, CQ, VAT cho d\u1ef1 \u00e1n<\/div>\n<div dir=\"auto\"><span class=\"html-span xexx8yu x4uap5 x18d9i69 xkhd6sd x1hl2dhg x16tdsg8 x1vvkbs x3nfvp2 x1j61x8r x1fcty0u xdj266r xat24cr xgzva0m xhhsvwb xxymvpz xlup9mm x1kky2od\">&#8211; <\/span>Gi\u00e1 lu\u00f4n c\u1ea1nh tranh nh\u1edd nh\u1eadp kh\u1ea9u tr\u1ef1c ti\u1ebfp.<\/div>\n<div dir=\"auto\">&#8211; C\u1ea5p s\u1ec9 to\u00e0n qu\u1ed1c. V\u1eadn chuy\u1ec3n t\u1eadn n\u01a1i.<\/div>\n<\/div>\n<div class=\"x11i5rnm xat24cr x1mh8g0r x1vvkbs xtlvy1s x126k92a\">\n<div dir=\"auto\">\u00a0N\u1ebfu b\u1ea1n \u0111ang loay hoay t\u00ecm ki\u1ebfm d\u00f2ng s\u1ea3n ph\u1ea9m th\u1ef1c s\u1ef1 ch\u1ea5t l\u01b0\u1ee3ng \u0111\u1ec3 ph\u00e2n ph\u1ed1i li\u00ean h\u1ec7 v\u1edbi Thu\u1eadn Phong qua hotline: <strong>0869.564.567<\/strong><\/div>\n<div dir=\"auto\">\n<div dir=\"auto\">&#8212;&#8212;&#8212;&#8212;&#8212;&#8212;&#8212;&#8212;&#8212;&#8212;-<\/div>\n<div dir=\"auto\">CH\u1eccN THU\u1eacN PHONG &#8211; CH\u1eccN S\u1ef0 AN T\u00c2M<\/div>\n<div dir=\"auto\"><span class=\"html-span xexx8yu x4uap5 x18d9i69 xkhd6sd x1hl2dhg x16tdsg8 x1vvkbs x3nfvp2 x1j61x8r x1fcty0u xdj266r xat24cr xgzva0m xhhsvwb xxymvpz xlup9mm x1kky2od\"><img decoding=\"async\" loading=\"lazy\" class=\"xz74otr\" src=\"https:\/\/static.xx.fbcdn.net\/images\/emoji.php\/v9\/t4c\/1\/16\/25aa.png\" alt=\"\u25aa\ufe0f\" width=\"16\" height=\"16\" \/><\/span> Hotline: 0869.564.567<\/div>\n<div dir=\"auto\"><span class=\"html-span xexx8yu x4uap5 x18d9i69 xkhd6sd x1hl2dhg x16tdsg8 x1vvkbs x3nfvp2 x1j61x8r x1fcty0u xdj266r xat24cr xgzva0m xhhsvwb xxymvpz xlup9mm x1kky2od\"><img decoding=\"async\" loading=\"lazy\" class=\"xz74otr\" src=\"https:\/\/static.xx.fbcdn.net\/images\/emoji.php\/v9\/t4c\/1\/16\/25aa.png\" alt=\"\u25aa\ufe0f\" width=\"16\" height=\"16\" \/><\/span> K\u1ef9 thu\u1eadt: Mr D\u0169ng 0899.768.777<\/div>\n<div dir=\"auto\"><span class=\"html-span xexx8yu x4uap5 x18d9i69 xkhd6sd x1hl2dhg x16tdsg8 x1vvkbs x3nfvp2 x1j61x8r x1fcty0u xdj266r xat24cr xgzva0m xhhsvwb xxymvpz xlup9mm x1kky2od\"><img decoding=\"async\" loading=\"lazy\" class=\"xz74otr\" src=\"https:\/\/static.xx.fbcdn.net\/images\/emoji.php\/v9\/t4c\/1\/16\/25aa.png\" alt=\"\u25aa\ufe0f\" width=\"16\" height=\"16\" \/><\/span> Kinh doanh: Mr Ph\u00fac 0918.583.068<\/div>\n<div dir=\"auto\"><span class=\"html-span xexx8yu x4uap5 x18d9i69 xkhd6sd x1hl2dhg x16tdsg8 x1vvkbs x3nfvp2 x1j61x8r x1fcty0u xdj266r xat24cr xgzva0m xhhsvwb xxymvpz xlup9mm x1kky2od\"><img decoding=\"async\" loading=\"lazy\" class=\"xz74otr\" src=\"https:\/\/static.xx.fbcdn.net\/images\/emoji.php\/v9\/t4c\/1\/16\/25aa.png\" alt=\"\u25aa\ufe0f\" width=\"16\" height=\"16\" \/><\/span> Tr\u1ee5 s\u1edf ch\u00ednh: 30 Nguy\u1ec5n H\u1eefu D\u1eadt, ph\u01b0\u1eddng Nam L\u00fd, th\u00e0nh ph\u1ed1 \u0110\u1ed3ng H\u1edbi, t\u1ec9nh Qu\u1ea3ng B\u00ecnh, Vi\u1ec7t Nam<\/div>\n<div dir=\"auto\"><span class=\"html-span xexx8yu x4uap5 x18d9i69 xkhd6sd x1hl2dhg x16tdsg8 x1vvkbs x3nfvp2 x1j61x8r x1fcty0u xdj266r xat24cr xgzva0m xhhsvwb xxymvpz xlup9mm x1kky2od\"><img decoding=\"async\" loading=\"lazy\" class=\"xz74otr\" src=\"https:\/\/static.xx.fbcdn.net\/images\/emoji.php\/v9\/t4c\/1\/16\/25aa.png\" alt=\"\u25aa\ufe0f\" width=\"16\" height=\"16\" \/><\/span> Tr\u1ee5 s\u1edf H\u00e0 N\u1ed9i: Nh\u00e0 ph\u1ed1 th\u01b0\u01a1ng m\u1ea1i Khai S\u01a1n Town s\u1ed1 18 thu\u1ed9c Town 7, khu \u0111\u00f4 th\u1ecb Khai S\u01a1n City, Ph\u01b0\u1eddng Th\u01b0\u1ee3ng Thanh, Qu\u1eadn Long Bi\u00ean, TP H\u00e0 N\u1ed9i<\/div>\n<\/div>\n<\/div>\n<\/div>\n","protected":false},"excerpt":{"rendered":"<div class=\"line_h22 c-s\">\n<p>Th\u00f4ng s\u1ed1 s\u1ea3n ph\u1ea9m:<\/p>\n<ul>\n<li class=\"pctemp line_h22\">C\u1ea5p \u0111\u1ed9 b\u1ea3o v\u1ec7 : IP65 Ch\u1ea5t li\u1ec7u v\u1ecf: ABS<\/li>\n<li class=\"pctemp line_h22\">C\u1eeda: PC trong su\u1ed1t Mothod c\u1ee7a c\u00e0i \u0111\u1eb7t b\u1ec1 m\u1eb7t g\u1eafn k\u1ebft<\/li>\n<li class=\"pctemp line_h22\">K\u00edch th\u01b0\u1edbc: 140mm*210mm*100mm<\/li>\n<li class=\"pctemp line_h22\">Tr\u1ecdng l\u01b0\u1ee3ng: 0.52Kg<\/li>\n<li class=\"pctemp line_h22\">M\u00e3 h\u00e0ng:<span style=\"font-size: 14.4px;\"> HA-4<\/span><\/li>\n<li class=\"pctemp line_h22\">Th\u01b0\u01a1ng hi\u1ec7u:<span style=\"font-size: 14.4px;\">\u00a0ETEK<\/span><\/li>\n<\/ul>\n<\/div>\n","protected":false},"featured_media":4804,"comment_status":"open","ping_status":"closed","template":"","meta":[],"product_cat":[794],"product_tag":[777,799,800,801,802],"jetpack-related-posts":[{"id":4780,"url":"https:\/\/tp-electric.vn\/index.php\/san-pham\/vo-tu-dien-mat-troi-etek-ha-8way\/","url_meta":{"origin":4777,"position":0},"title":"V\u1ecf t\u1ee7 \u0111i\u1ec7n m\u1eb7t tr\u1eddi ETEK HA-8WAY","author":"Admin","date":"11\/12\/2024","format":false,"excerpt":"Th\u00f4ng s\u1ed1 s\u1ea3n ph\u1ea9m: C\u1ea5p \u0111\u1ed9 b\u1ea3o v\u1ec7 : IP65 Ch\u1ea5t li\u1ec7u v\u1ecf: ABS C\u1eeda: PC trong su\u1ed1t Mothod c\u1ee7a c\u00e0i \u0111\u1eb7t b\u1ec1 m\u1eb7t g\u1eafn k\u1ebft K\u00edch th\u01b0\u1edbc: 215mm*210mm*100mm Tr\u1ecdng l\u01b0\u1ee3ng: 0.78Kg M\u00e3 h\u00e0ng: HA-8 Th\u01b0\u01a1ng hi\u1ec7u:\u00a0ETEK","rel":"","context":"Similar post","block_context":{"text":"Similar post","link":""},"img":{"alt_text":"","src":"https:\/\/i0.wp.com\/tp-electric.vn\/wp-content\/uploads\/2024\/12\/tu-dien-pin-mat-troi-ha-8-way-1.jpg?fit=700%2C405&ssl=1&resize=350%2C200","width":350,"height":200,"srcset":"https:\/\/i0.wp.com\/tp-electric.vn\/wp-content\/uploads\/2024\/12\/tu-dien-pin-mat-troi-ha-8-way-1.jpg?fit=700%2C405&ssl=1&resize=350%2C200 1x, https:\/\/i0.wp.com\/tp-electric.vn\/wp-content\/uploads\/2024\/12\/tu-dien-pin-mat-troi-ha-8-way-1.jpg?fit=700%2C405&ssl=1&resize=700%2C400 2x"},"classes":[]},{"id":4832,"url":"https:\/\/tp-electric.vn\/index.php\/san-pham\/vo-tu-dien-mat-troi-ha-12way\/","url_meta":{"origin":4777,"position":1},"title":"V\u1ecf t\u1ee7 \u0111i\u1ec7n m\u1eb7t tr\u1eddi HA-12Way","author":"Admin","date":"11\/12\/2024","format":false,"excerpt":"Th\u00f4ng s\u1ed1 s\u1ea3n ph\u1ea9m: Model: HA-12 Way: 12 way IP b\u1ea3o v\u1ec7: IP65 K\u00edch th\u01b0\u1edbc: 295 x 260 x 140 Kh\u1ea3 n\u0103ng ch\u1ee9a t\u1ed1i \u0111a: 8\/12 MCB \u0110i\u1ec7n \u00e1p \u0111\u1ecbnh m\u1ee9c: 690V T\u1ea7n s\u1ed1 \u0111\u1ecbnh m\u1ee9c: 50Hz","rel":"","context":"Similar post","block_context":{"text":"Similar post","link":""},"img":{"alt_text":"","src":"https:\/\/i0.wp.com\/tp-electric.vn\/wp-content\/uploads\/2024\/12\/tu-dien-pin-mat-troi-ha-12-way-2.jpg?fit=700%2C700&ssl=1&resize=350%2C200","width":350,"height":200,"srcset":"https:\/\/i0.wp.com\/tp-electric.vn\/wp-content\/uploads\/2024\/12\/tu-dien-pin-mat-troi-ha-12-way-2.jpg?fit=700%2C700&ssl=1&resize=350%2C200 1x, https:\/\/i0.wp.com\/tp-electric.vn\/wp-content\/uploads\/2024\/12\/tu-dien-pin-mat-troi-ha-12-way-2.jpg?fit=700%2C700&ssl=1&resize=700%2C400 2x"},"classes":[]},{"id":4763,"url":"https:\/\/tp-electric.vn\/index.php\/san-pham\/vo-tu-dien-chong-nuoc-etek-ht-24way\/","url_meta":{"origin":4777,"position":2},"title":"V\u1ecf t\u1ee7 \u0111i\u1ec7n ch\u1ed1ng n\u01b0\u1edbc ETEK HT-24WAY","author":"Admin","date":"11\/12\/2024","format":false,"excerpt":"Th\u00f4ng s\u1ed1 s\u1ea3n ph\u1ea9m: T\u1ee7 \u0111i\u1ec7n \u0111\u01b0\u1ee3c s\u1eed d\u1ee5ng cho h\u1ec7 th\u1ed1ng \u0111i\u1ec1u khi\u1ec3n c\u00f3 th\u1ec3 g\u1eafn \u0111\u01b0\u1ee3c 12 aptomat 2P T\u1ee7 \u0111i\u1ec7n c\u00f3 2 thanh c\u00e0i Din-rail 35mm X\u1ebfp h\u1ea1ng \u0111i\u1ec7n 100A \/ m\u1ed9t pha, 63A \/ ba pha, 240 \/ 415V AC 50 \/ 60Hz T\u1ee7 \u0111\u00e3 \u0111\u01b0\u1ee3c\u2026","rel":"","context":"Similar post","block_context":{"text":"Similar post","link":""},"img":{"alt_text":"","src":"https:\/\/i0.wp.com\/tp-electric.vn\/wp-content\/uploads\/2024\/12\/Vo-tu-dien-cao-cap-chong-nuoc-ETEK-HT-24WAY-510x510-1.jpg?fit=510%2C510&ssl=1&resize=350%2C200","width":350,"height":200},"classes":[]},{"id":4774,"url":"https:\/\/tp-electric.vn\/index.php\/san-pham\/vo-tu-dien-chong-nuoc-etek-ht-18way\/","url_meta":{"origin":4777,"position":3},"title":"V\u1ecf t\u1ee7 \u0111i\u1ec7n ch\u1ed1ng n\u01b0\u1edbc ETEK HT-18WAY","author":"Admin","date":"11\/12\/2024","format":false,"excerpt":"Th\u00f4ng s\u1ed1 s\u1ea3n ph\u1ea9m: T\u1ee7 \u0111i\u1ec7n \u0111\u01b0\u1ee3c s\u1eed d\u1ee5ng cho h\u1ec7 th\u1ed1ng \u0111i\u1ec1u khi\u1ec3n c\u00f3 th\u1ec3 g\u1eafn \u0111\u01b0\u1ee3c 9 aptomat 2P T\u1ee7 \u0111i\u1ec7n c\u00f3 thanh c\u00e0i Din-rail 35mm X\u1ebfp h\u1ea1ng \u0111i\u1ec7n 100A \/ m\u1ed9t pha, 63A \/ ba pha, 240 \/ 415V AC 50 \/ 60Hz T\u1ee7 \u0111\u00e3 \u0111\u01b0\u1ee3c \u0111\u1ecbnh\u2026","rel":"","context":"Similar post","block_context":{"text":"Similar post","link":""},"img":{"alt_text":"","src":"https:\/\/i0.wp.com\/tp-electric.vn\/wp-content\/uploads\/2024\/12\/Vo-tu-dien-cao-cap-chong-nuoc-ETEK-HT-18WAY-510x510-1.jpg?fit=510%2C510&ssl=1&resize=350%2C200","width":350,"height":200},"classes":[]},{"id":3946,"url":"https:\/\/tp-electric.vn\/index.php\/san-pham\/tam-pin-nlmt-longi-bifacial-lr5-72hbd-545w\/","url_meta":{"origin":4777,"position":4},"title":"T\u1ea5m Pin NLMT LONGI Bifacial LR5-72HBD 545W","author":"Admin","date":"11\/12\/2024","format":false,"excerpt":"Pin n\u0103ng l\u01b0\u1ee3ng m\u1eb7t tr\u1eddi LONGI 545W - H\u00e3ng s\u1ea3n xu\u1ea5t LONGI (Trung Qu\u1ed1c)\u00a0LONGI LR5-72HBD\u00a0545W - C\u00f4ng su\u1ea5t: 545Wp\/t\u1ea5m - Lo\u1ea1i: Mono 2 m\u1eb7t k\u00ednh - S\u1ed1 Cell: 144 (6x24) - Kh\u1ed1i l\u01b0\u1ee3ng : 32.3kg\/t\u1ea5m - Hi\u1ec7u su\u1ea5t: 21~21,5% - Pin \u0111\u1ea1t c\u00e1c ti\u00eau chu\u1ea9n: IP68 - K\u00edch th\u01b0\u1edbc: 2256x1133x35\u2026","rel":"","context":"Similar post","block_context":{"text":"Similar post","link":""},"img":{"alt_text":"","src":"https:\/\/i0.wp.com\/tp-electric.vn\/wp-content\/uploads\/2024\/12\/longi-545.png?fit=800%2C800&ssl=1&resize=350%2C200","width":350,"height":200,"srcset":"https:\/\/i0.wp.com\/tp-electric.vn\/wp-content\/uploads\/2024\/12\/longi-545.png?fit=800%2C800&ssl=1&resize=350%2C200 1x, https:\/\/i0.wp.com\/tp-electric.vn\/wp-content\/uploads\/2024\/12\/longi-545.png?fit=800%2C800&ssl=1&resize=700%2C400 2x"},"classes":[]},{"id":3944,"url":"https:\/\/tp-electric.vn\/index.php\/san-pham\/tam-pin-nlmt-longi-bifacial-lr4-72hbd-445w\/","url_meta":{"origin":4777,"position":5},"title":"T\u1ea5m Pin NLMT LONGI Bifacial LR4-72HBD 445W","author":"Admin","date":"11\/12\/2024","format":false,"excerpt":"Pin n\u0103ng l\u01b0\u1ee3ng m\u1eb7t tr\u1eddi LONGI 445W - H\u00e3ng s\u1ea3n xu\u1ea5t LONGI (Trung Qu\u1ed1c) LONGI LR4-72HPH 445 - C\u00f4ng su\u1ea5t: 445Wp\/t\u1ea5m - Lo\u1ea1i: Mono 2 m\u1eb7t k\u00ednh - S\u1ed1 Cell: 144 (6x24) - Kh\u1ed1i l\u01b0\u1ee3ng : 27.5kg\/t\u1ea5m - Hi\u1ec7u su\u1ea5t: 20,5% - Pin \u0111\u1ea1t c\u00e1c ti\u00eau chu\u1ea9n: IP68 - K\u00edch\u2026","rel":"","context":"Similar post","block_context":{"text":"Similar post","link":""},"img":{"alt_text":"","src":"https:\/\/i0.wp.com\/tp-electric.vn\/wp-content\/uploads\/2024\/12\/longi-445.png?fit=1001%2C1001&ssl=1&resize=350%2C200","width":350,"height":200,"srcset":"https:\/\/i0.wp.com\/tp-electric.vn\/wp-content\/uploads\/2024\/12\/longi-445.png?fit=1001%2C1001&ssl=1&resize=350%2C200 1x, https:\/\/i0.wp.com\/tp-electric.vn\/wp-content\/uploads\/2024\/12\/longi-445.png?fit=1001%2C1001&ssl=1&resize=700%2C400 2x"},"classes":[]}],"_links":{"self":[{"href":"https:\/\/tp-electric.vn\/index.php\/wp-json\/wp\/v2\/product\/4777"}],"collection":[{"href":"https:\/\/tp-electric.vn\/index.php\/wp-json\/wp\/v2\/product"}],"about":[{"href":"https:\/\/tp-electric.vn\/index.php\/wp-json\/wp\/v2\/types\/product"}],"replies":[{"embeddable":true,"href":"https:\/\/tp-electric.vn\/index.php\/wp-json\/wp\/v2\/comments?post=4777"}],"wp:featuredmedia":[{"embeddable":true,"href":"https:\/\/tp-electric.vn\/index.php\/wp-json\/wp\/v2\/media\/4804"}],"wp:attachment":[{"href":"https:\/\/tp-electric.vn\/index.php\/wp-json\/wp\/v2\/media?parent=4777"}],"wp:term":[{"taxonomy":"product_cat","embeddable":true,"href":"https:\/\/tp-electric.vn\/index.php\/wp-json\/wp\/v2\/product_cat?post=4777"},{"taxonomy":"product_tag","embeddable":true,"href":"https:\/\/tp-electric.vn\/index.php\/wp-json\/wp\/v2\/product_tag?post=4777"}],"curies":[{"name":"wp","href":"https:\/\/api.w.org\/{rel}","templated":true}]}}