{"id":4763,"date":"2024-12-11T08:37:00","date_gmt":"2024-12-11T01:37:00","guid":{"rendered":"https:\/\/tp-electric.vn\/?post_type=product&#038;p=4763"},"modified":"2024-12-12T15:11:49","modified_gmt":"2024-12-12T08:11:49","slug":"vo-tu-dien-chong-nuoc-etek-ht-24way","status":"publish","type":"product","link":"https:\/\/tp-electric.vn\/index.php\/san-pham\/vo-tu-dien-chong-nuoc-etek-ht-24way\/","title":{"rendered":"V\u1ecf t\u1ee7 \u0111i\u1ec7n ch\u1ed1ng n\u01b0\u1edbc ETEK HT-24WAY"},"content":{"rendered":"<p><strong>Gi\u1edbi thi\u1ec7u v\u1ec1 v\u1ecf t\u1ee7 \u0111i\u1ec7n ch\u1ed1ng n\u01b0\u1edbc ETEK HT-24WAY<\/strong><\/p>\n<figure id=\"attachment_5281\" aria-describedby=\"caption-attachment-5281\" style=\"width: 790px\" class=\"wp-caption aligncenter\"><img decoding=\"async\" loading=\"lazy\" class=\"wp-image-5281 size-full\" src=\"https:\/\/i0.wp.com\/tpenergy.com.vn\/wp-content\/uploads\/2024\/10\/Vo-tu-dien-cao-cap-chong-nuoc-ETEK-HT-12WAY-HT-18WAY-HT-24WAY.jpg?resize=790%2C505&#038;ssl=1\" alt=\"\" width=\"790\" height=\"505\" data-recalc-dims=\"1\" \/><figcaption id=\"caption-attachment-5281\" class=\"wp-caption-text\">V\u1ecf t\u1ee7 \u0111i\u1ec7n cao c\u1ea5p ETEK 12\/18\/24 \u0111\u01b0\u1eddng chu\u1ea9n IP65 ch\u1ed1ng n\u01b0\u1edbc<\/figcaption><\/figure>\n<p>V\u1edbi s\u1ef1 ti\u00ean ti\u1ebfn trong c\u00f4ng ngh\u1ec7 v\u00e0 ch\u1ea5t l\u01b0\u1ee3ng v\u01b0\u1ee3t tr\u1ed9i, v\u1ecf t\u1ee7 \u0111i\u1ec7n cao c\u1ea5p ETEK HT-24WAY kh\u00f4ng ch\u1ec9 l\u00e0 l\u1ef1a ch\u1ecdn l\u00fd t\u01b0\u1edfng m\u00e0 c\u00f2n l\u00e0 s\u1ef1 \u0111\u1ea3m b\u1ea3o an to\u00e0n v\u00e0 tin c\u1eady cho h\u1ec7 th\u1ed1ng \u0111i\u1ec7n c\u1ee7a b\u1ea1n. V\u1edbi thi\u1ebft k\u1ebf ch\u1ed1ng n\u01b0\u1edbc v\u00e0 t\u00ednh linh ho\u1ea1t cao, s\u1ea3n ph\u1ea9m n\u00e0y \u0111\u00e1p \u1ee9ng t\u1ea5t c\u1ea3 c\u00e1c y\u00eau c\u1ea7u k\u1ef9 thu\u1eadt v\u00e0 ti\u00eau chu\u1ea9n ch\u1ea5t l\u01b0\u1ee3ng cao nh\u1ea5t.<\/p>\n<ul>\n<li>T\u1ee7 \u0111i\u1ec7n \u0111\u01b0\u1ee3c s\u1eed d\u1ee5ng cho h\u1ec7 th\u1ed1ng \u0111i\u1ec1u khi\u1ec3n c\u00f3 th\u1ec3 g\u1eafn \u0111\u01b0\u1ee3c 12 aptomat 2P, th\u00edch h\u1ee3p l\u1eafp t\u1ee7 \u0111i\u1ec7n m\u1eb7t tr\u1eddi r\u1ea5t \u0111\u1eb9p<\/li>\n<li>T\u1ee7 \u0111i\u1ec7n c\u00f3 2 thanh c\u00e0i Din-rail 35mm<\/li>\n<li>X\u1ebfp h\u1ea1ng \u0111i\u1ec7n 100A \/ m\u1ed9t pha, 63A \/ ba pha, 240 \/ 415V AC 50 \/ 60Hz<\/li>\n<li>T\u1ee7 \u0111\u00e3 \u0111\u01b0\u1ee3c \u0111\u1ecbnh h\u00ecnh l\u1ed7 s\u1eb5n<\/li>\n<li>Ch\u1ea5t li\u1ec7u v\u1ecf: ABS cao c\u1ea5p<\/li>\n<li>C\u1ea5p \u0111\u1ed9 b\u1ea3o v\u1ec7 : IP65<\/li>\n<li>K\u00edch th\u01b0\u1edbc: 280x360x110 (mm)<\/li>\n<li>Kh\u1ed1i l\u01b0\u1ee3ng: 1.5 Kg<\/li>\n<\/ul>\n<figure id=\"attachment_5282\" aria-describedby=\"caption-attachment-5282\" style=\"width: 790px\" class=\"wp-caption aligncenter\"><img decoding=\"async\" loading=\"lazy\" class=\"wp-image-5282 size-full\" src=\"https:\/\/i0.wp.com\/tpenergy.com.vn\/wp-content\/uploads\/2024\/10\/Vo-tu-dien-cao-cap-chong-nuoc-ETEK-voi-thiet-ke-chong-nuoc-cap-do-IP65.jpg?resize=790%2C637&#038;ssl=1\" alt=\"\" width=\"790\" height=\"637\" data-recalc-dims=\"1\" \/><figcaption id=\"caption-attachment-5282\" class=\"wp-caption-text\">V\u1ecf t\u1ee7 \u0111i\u1ec7n cao c\u1ea5p ch\u1ed1ng n\u01b0\u1edbc ETEK v\u1edbi thi\u1ebft k\u1ebf ch\u1ed1ng n\u01b0\u1edbc c\u1ea5p \u0111\u1ed9 IP65<\/figcaption><\/figure>\n<p><strong>T\u00ednh n\u0103ng v\u00e0 \u01b0u \u0111i\u1ec3m c\u1ee7a v\u1ecf t\u1ee7 \u0111i\u1ec7n ETEK HT-24WAY<\/strong><\/p>\n<ul>\n<li>Ch\u1ed1ng n\u01b0\u1edbc-ch\u1ed1ng b\u1ee5i chu\u1ea9n IP65: \u0110\u01b0\u1ee3c thi\u1ebft k\u1ebf \u0111\u1eb7c bi\u1ec7t \u0111\u1ec3 ch\u1ed1ng n\u01b0\u1edbc \u0111\u1ea3m b\u1ea3o ho\u1ea1t \u0111\u1ed9ng \u1ed5n \u0111\u1ecbnh trong m\u00f4i tr\u01b0\u1eddng kh\u1eafc nghi\u1ec7t.<\/li>\n<li>Ch\u1ea5t l\u01b0\u1ee3ng \u0111\u1ea3m b\u1ea3o: S\u1ea3n xu\u1ea5t t\u1eeb v\u1eadt li\u1ec7u ch\u1ea5t l\u01b0\u1ee3ng cao v\u00e0 c\u00f4ng ngh\u1ec7 ti\u00ean ti\u1ebfn, mang l\u1ea1i \u0111\u1ed9 b\u1ec1n v\u00e0 hi\u1ec7u su\u1ea5t t\u1ed1i \u01b0u.<\/li>\n<li>Thi\u1ebft k\u1ebf linh ho\u1ea1t: Thi\u1ebft k\u1ebf \u0111a d\u1ea1ng v\u1edbi c\u00e1c t\u00ednh n\u0103ng linh ho\u1ea1t gi\u00fap d\u1ec5 d\u00e0ng l\u1eafp \u0111\u1eb7t v\u00e0 s\u1eed d\u1ee5ng trong nhi\u1ec1u \u1ee9ng d\u1ee5ng kh\u00e1c nhau.<\/li>\n<li>An to\u00e0n v\u00e0 tin c\u1eady: \u0110\u01b0\u1ee3c ki\u1ec3m \u0111\u1ecbnh v\u00e0 th\u1eed nghi\u1ec7m \u0111\u1ea7y \u0111\u1ee7 \u0111\u1ec3 \u0111\u1ea3m b\u1ea3o tu\u00e2n th\u1ee7 c\u00e1c ti\u00eau chu\u1ea9n an to\u00e0n v\u00e0 tin c\u1eady cao nh\u1ea5t.<\/li>\n<li>Hi\u1ec7u su\u1ea5t t\u1ed1i uuu: Thi\u1ebft k\u1ebf th\u00f4ng minh v\u00e0 ch\u1ea5t l\u01b0\u1ee3ng v\u01b0\u1ee3t tr\u1ed9i gi\u00fap t\u1ed1i \u01b0u h\u00f3a hi\u1ec7u su\u1ea5t h\u1ec7 th\u1ed1ng \u0111i\u1ec7n c\u1ee7a b\u1ea1n.<\/li>\n<\/ul>\n<figure id=\"attachment_5283\" aria-describedby=\"caption-attachment-5283\" style=\"width: 602px\" class=\"wp-caption aligncenter\"><img decoding=\"async\" loading=\"lazy\" class=\"wp-image-5283 size-full\" src=\"https:\/\/i0.wp.com\/tpenergy.com.vn\/wp-content\/uploads\/2024\/10\/Vo-tu-dien-cao-cap-chong-nuoc-ETEK-HT-24WAY-e1713233619606.jpg?resize=602%2C716&#038;ssl=1\" alt=\"\" width=\"602\" height=\"716\" data-recalc-dims=\"1\" \/><figcaption id=\"caption-attachment-5283\" class=\"wp-caption-text\">K\u00edch th\u01b0\u1edbc v\u1ecf t\u1ee7 \u0111i\u1ec7n cao c\u1ea5p ch\u1ed1ng n\u01b0\u1edbc ETEK HT-24WAY<\/figcaption><\/figure>\n<p><strong>\u1ee8ng d\u1ee5ng c\u1ee7a V\u1ecf t\u1ee7 \u0111i\u1ec7n ch\u1ed1ng n\u01b0\u1edbc ETEK HT-24WAY<\/strong><\/p>\n<p>V\u1ecf t\u1ee7 \u0111i\u1ec7n cao c\u1ea5p ETEK HT-24WAY \u0111\u01b0\u1ee3c s\u1eed d\u1ee5ng r\u1ed9ng r\u00e3i trong c\u00e1c ng\u00e0nh c\u00f4ng nghi\u1ec7p, nh\u00e0 m\u00e1y s\u1ea3n xu\u1ea5t, c\u01a1 s\u1edf h\u1ea1 t\u1ea7ng, v\u00e0 nhi\u1ec1u \u1ee9ng d\u1ee5ng kh\u00e1c. T\u1eeb m\u00f4i tr\u01b0\u1eddng c\u00f4ng nghi\u1ec7p \u0111\u1ebfn c\u00e1c d\u1ef1 \u00e1n x\u00e2y d\u1ef1ng, s\u1ea3n ph\u1ea9m n\u00e0y \u0111\u00e1p \u1ee9ng m\u1ecdi nhu c\u1ea7u v\u1ec1 b\u1ea3o v\u1ec7 v\u00e0 qu\u1ea3n l\u00fd h\u1ec7 th\u1ed1ng \u0111i\u1ec7n.<\/p>\n<div class=\"box\">\n<p><strong>\u0110\u01a1n v\u1ecb ph\u00e2n ph\u1ed1i <a href=\"https:\/\/tpenergy.com.vn\/index.php\/danh-muc-sp\/phu-kien\/thiet-bi-chong-set-lan-truyen\/etek\/\">V\u1ecf t\u1ee7 \u0111i\u1ec7n ETEK ch\u00ednh h\u00e3ng<\/a>:<\/strong>C\u00f4ng ty TNHH Th\u01b0\u01a1ng m\u1ea1i D\u1ecbch v\u1ee5 C\u01a1 \u0111i\u1ec7n Thu\u1eadn Phong l\u00e0 \u0111\u1ea1i l\u00fd ph\u00e2n ph\u1ed1i thi\u1ebft b\u1ecb \u0111i\u1ec7n ETEK ch\u00ednh h\u00e3ng t\u1ea1i th\u1ecb tr\u01b0\u1eddng Vi\u1ec7t Nam. M\u1ecdi kh\u00e1ch h\u00e0ng l\u1ef1a ch\u1ecdn tin t\u01b0\u1edfng v\u00e0o d\u1ecbch v\u1ee5, s\u1ea3n ph\u1ea9m do Thu\u1eadn Phong cung c\u1ea5p ch\u1eafc ch\u1eafn s\u1ebd kh\u00f4ng ph\u1ea3i h\u1ed1i h\u1eadn v\u1edbi l\u1ef1a ch\u1ecdn c\u1ee7a m\u00ecnh. D\u1ecbch v\u1ee5 lu\u00f4n t\u1ef1 tin \u0111\u01b0a ra c\u00e1c cam k\u1ebft ch\u1ea5t l\u01b0\u1ee3ng v\u01b0\u1ee3t tr\u1ed9i nh\u1ea5t khi ph\u1ee5c v\u1ee5 qu\u00fd kh\u00e1ch h\u00e0ng.M\u1ed9t s\u1ed1n d\u00f2ng s\u1ea3n ph\u1ea9m thi\u1ebft b\u1ecb ETEK Thu\u1eadn Phong \u0111ang ph\u00e2n ph\u1ed1i:<\/p>\n<ul>\n<li><a href=\"https:\/\/tpenergy.com.vn\/index.php\/san-pham\/thiet-bi-chong-set-lan-truyen-etek-t2-20-275\/\">Thi\u1ebft b\u1ecb ch\u1ed1ng s\u00e9t lan truy\u1ec1n ETEK EKU5-T2-20-2P-275<\/a><\/li>\n<li>Thi\u1ebft b\u1ecb ch\u1ed1ng s\u00e9t lan truy\u1ec1n ETEK T2-40KA-440V<\/li>\n<\/ul>\n<\/div>\n<div class=\"box\">\n<ul>\n<li>Thi\u1ebft b\u1ecb ch\u1ed1ng s\u00e9t lan truy\u1ec1n ETEK EKU5-T2-40PV-2M-1000<\/li>\n<li>Thi\u1ebft b\u1ecb ch\u1ed1ng s\u00e9t lan truy\u1ec1n ETEK EKU5-T2-40PV-3M-1000<\/li>\n<\/ul>\n<div class=\"x11i5rnm xat24cr x1mh8g0r x1vvkbs xtlvy1s x126k92a\">\n<div dir=\"auto\">S\u1ea3n ph\u1ea9m c\u1ee7a Thu\u1eadn Phong khi \u0111\u1ebfn tay \u0111\u1ea1i l\u00fd lu\u00f4n \u0111\u1ea3m b\u1ea3o:<\/div>\n<div dir=\"auto\">&#8211; H\u00e0ng h\u00f3a ch\u00ednh h\u00e3ng, \u0111\u1ea7y \u0111\u1ee7 CO, CQ, VAT cho d\u1ef1 \u00e1n<\/div>\n<div dir=\"auto\"><span class=\"html-span xexx8yu x4uap5 x18d9i69 xkhd6sd x1hl2dhg x16tdsg8 x1vvkbs x3nfvp2 x1j61x8r x1fcty0u xdj266r xat24cr xgzva0m xhhsvwb xxymvpz xlup9mm x1kky2od\">&#8211; <\/span>Gi\u00e1 lu\u00f4n c\u1ea1nh tranh nh\u1edd nh\u1eadp kh\u1ea9u tr\u1ef1c ti\u1ebfp.<\/div>\n<div dir=\"auto\">&#8211; C\u1ea5p s\u1ec9 to\u00e0n qu\u1ed1c. V\u1eadn chuy\u1ec3n t\u1eadn n\u01a1i.<\/div>\n<\/div>\n<div class=\"x11i5rnm xat24cr x1mh8g0r x1vvkbs xtlvy1s x126k92a\">\n<div dir=\"auto\">\u00a0N\u1ebfu b\u1ea1n \u0111ang loay hoay t\u00ecm ki\u1ebfm d\u00f2ng s\u1ea3n ph\u1ea9m th\u1ef1c s\u1ef1 ch\u1ea5t l\u01b0\u1ee3ng \u0111\u1ec3 ph\u00e2n ph\u1ed1i li\u00ean h\u1ec7 v\u1edbi Thu\u1eadn Phong qua hotline: <strong>0869.564.567<\/strong><\/div>\n<div dir=\"auto\">\n<div dir=\"auto\">&#8212;&#8212;&#8212;&#8212;&#8212;&#8212;&#8212;&#8212;&#8212;&#8212;-<\/div>\n<div dir=\"auto\">CH\u1eccN THU\u1eacN PHONG &#8211; CH\u1eccN S\u1ef0 AN T\u00c2M<\/div>\n<div dir=\"auto\"><span class=\"html-span xexx8yu x4uap5 x18d9i69 xkhd6sd x1hl2dhg x16tdsg8 x1vvkbs x3nfvp2 x1j61x8r x1fcty0u xdj266r xat24cr xgzva0m xhhsvwb xxymvpz xlup9mm x1kky2od\"><img decoding=\"async\" loading=\"lazy\" class=\"xz74otr\" src=\"https:\/\/static.xx.fbcdn.net\/images\/emoji.php\/v9\/t4c\/1\/16\/25aa.png\" alt=\"\u25aa\ufe0f\" width=\"16\" height=\"16\" \/><\/span> Hotline: 0869.564.567<\/div>\n<div dir=\"auto\"><span class=\"html-span xexx8yu x4uap5 x18d9i69 xkhd6sd x1hl2dhg x16tdsg8 x1vvkbs x3nfvp2 x1j61x8r x1fcty0u xdj266r xat24cr xgzva0m xhhsvwb xxymvpz xlup9mm x1kky2od\"><img decoding=\"async\" loading=\"lazy\" class=\"xz74otr\" src=\"https:\/\/static.xx.fbcdn.net\/images\/emoji.php\/v9\/t4c\/1\/16\/25aa.png\" alt=\"\u25aa\ufe0f\" width=\"16\" height=\"16\" \/><\/span> K\u1ef9 thu\u1eadt: Mr D\u0169ng 0899.768.777<\/div>\n<div dir=\"auto\"><span class=\"html-span xexx8yu x4uap5 x18d9i69 xkhd6sd x1hl2dhg x16tdsg8 x1vvkbs x3nfvp2 x1j61x8r x1fcty0u xdj266r xat24cr xgzva0m xhhsvwb xxymvpz xlup9mm x1kky2od\"><img decoding=\"async\" loading=\"lazy\" class=\"xz74otr\" src=\"https:\/\/static.xx.fbcdn.net\/images\/emoji.php\/v9\/t4c\/1\/16\/25aa.png\" alt=\"\u25aa\ufe0f\" width=\"16\" height=\"16\" \/><\/span> Kinh doanh: Mr Ph\u00fac 0918.583.068<\/div>\n<div dir=\"auto\"><span class=\"html-span xexx8yu x4uap5 x18d9i69 xkhd6sd x1hl2dhg x16tdsg8 x1vvkbs x3nfvp2 x1j61x8r x1fcty0u xdj266r xat24cr xgzva0m xhhsvwb xxymvpz xlup9mm x1kky2od\"><img decoding=\"async\" loading=\"lazy\" class=\"xz74otr\" src=\"https:\/\/static.xx.fbcdn.net\/images\/emoji.php\/v9\/t4c\/1\/16\/25aa.png\" alt=\"\u25aa\ufe0f\" width=\"16\" height=\"16\" \/><\/span> Tr\u1ee5 s\u1edf ch\u00ednh: 30 Nguy\u1ec5n H\u1eefu D\u1eadt, ph\u01b0\u1eddng Nam L\u00fd, th\u00e0nh ph\u1ed1 \u0110\u1ed3ng H\u1edbi, t\u1ec9nh Qu\u1ea3ng B\u00ecnh, Vi\u1ec7t Nam<\/div>\n<div dir=\"auto\"><span class=\"html-span xexx8yu x4uap5 x18d9i69 xkhd6sd x1hl2dhg x16tdsg8 x1vvkbs x3nfvp2 x1j61x8r x1fcty0u xdj266r xat24cr xgzva0m xhhsvwb xxymvpz xlup9mm x1kky2od\"><img decoding=\"async\" loading=\"lazy\" class=\"xz74otr\" src=\"https:\/\/static.xx.fbcdn.net\/images\/emoji.php\/v9\/t4c\/1\/16\/25aa.png\" alt=\"\u25aa\ufe0f\" width=\"16\" height=\"16\" \/><\/span> Tr\u1ee5 s\u1edf H\u00e0 N\u1ed9i: Nh\u00e0 ph\u1ed1 th\u01b0\u01a1ng m\u1ea1i Khai S\u01a1n Town s\u1ed1 18 thu\u1ed9c Town 7, khu \u0111\u00f4 th\u1ecb Khai S\u01a1n City, Ph\u01b0\u1eddng Th\u01b0\u1ee3ng Thanh, Qu\u1eadn Long Bi\u00ean, TP H\u00e0 N\u1ed9i<\/div>\n<\/div>\n<\/div>\n<\/div>\n","protected":false},"excerpt":{"rendered":"<p>Th\u00f4ng s\u1ed1 s\u1ea3n ph\u1ea9m:<\/p>\n<ul>\n<li>T\u1ee7 \u0111i\u1ec7n \u0111\u01b0\u1ee3c s\u1eed d\u1ee5ng cho h\u1ec7 th\u1ed1ng \u0111i\u1ec1u khi\u1ec3n c\u00f3 th\u1ec3 g\u1eafn \u0111\u01b0\u1ee3c 12 aptomat 2P<\/li>\n<li>T\u1ee7 \u0111i\u1ec7n c\u00f3 2 thanh c\u00e0i Din-rail 35mm<\/li>\n<li>X\u1ebfp h\u1ea1ng \u0111i\u1ec7n 100A \/ m\u1ed9t pha, 63A \/ ba pha, 240 \/ 415V AC 50 \/ 60Hz<\/li>\n<li>T\u1ee7 \u0111\u00e3 \u0111\u01b0\u1ee3c \u0111\u1ecbnh h\u00ecnh l\u1ed7 s\u1eb5n<\/li>\n<li>Ch\u1ea5t li\u1ec7u v\u1ecf: ABS cao c\u1ea5p<\/li>\n<li>C\u1ea5p \u0111\u1ed9 b\u1ea3o v\u1ec7 : IP65<\/li>\n<li>K\u00edch th\u01b0\u1edbc: 280x360x110 (mm)<\/li>\n<li>Kh\u1ed1i l\u01b0\u1ee3ng: 1.5 Kg<\/li>\n<\/ul>\n","protected":false},"featured_media":4772,"comment_status":"open","ping_status":"closed","template":"","meta":[],"product_cat":[794],"product_tag":[795,796,797],"jetpack-related-posts":[{"id":4774,"url":"https:\/\/tp-electric.vn\/index.php\/san-pham\/vo-tu-dien-chong-nuoc-etek-ht-18way\/","url_meta":{"origin":4763,"position":0},"title":"V\u1ecf t\u1ee7 \u0111i\u1ec7n ch\u1ed1ng n\u01b0\u1edbc ETEK HT-18WAY","author":"Admin","date":"11\/12\/2024","format":false,"excerpt":"Th\u00f4ng s\u1ed1 s\u1ea3n ph\u1ea9m: T\u1ee7 \u0111i\u1ec7n \u0111\u01b0\u1ee3c s\u1eed d\u1ee5ng cho h\u1ec7 th\u1ed1ng \u0111i\u1ec1u khi\u1ec3n c\u00f3 th\u1ec3 g\u1eafn \u0111\u01b0\u1ee3c 9 aptomat 2P T\u1ee7 \u0111i\u1ec7n c\u00f3 thanh c\u00e0i Din-rail 35mm X\u1ebfp h\u1ea1ng \u0111i\u1ec7n 100A \/ m\u1ed9t pha, 63A \/ ba pha, 240 \/ 415V AC 50 \/ 60Hz T\u1ee7 \u0111\u00e3 \u0111\u01b0\u1ee3c \u0111\u1ecbnh\u2026","rel":"","context":"Similar post","block_context":{"text":"Similar post","link":""},"img":{"alt_text":"","src":"https:\/\/i0.wp.com\/tp-electric.vn\/wp-content\/uploads\/2024\/12\/Vo-tu-dien-cao-cap-chong-nuoc-ETEK-HT-18WAY-510x510-1.jpg?fit=510%2C510&ssl=1&resize=350%2C200","width":350,"height":200},"classes":[]},{"id":4780,"url":"https:\/\/tp-electric.vn\/index.php\/san-pham\/vo-tu-dien-mat-troi-etek-ha-8way\/","url_meta":{"origin":4763,"position":1},"title":"V\u1ecf t\u1ee7 \u0111i\u1ec7n m\u1eb7t tr\u1eddi ETEK HA-8WAY","author":"Admin","date":"11\/12\/2024","format":false,"excerpt":"Th\u00f4ng s\u1ed1 s\u1ea3n ph\u1ea9m: C\u1ea5p \u0111\u1ed9 b\u1ea3o v\u1ec7 : IP65 Ch\u1ea5t li\u1ec7u v\u1ecf: ABS C\u1eeda: PC trong su\u1ed1t Mothod c\u1ee7a c\u00e0i \u0111\u1eb7t b\u1ec1 m\u1eb7t g\u1eafn k\u1ebft K\u00edch th\u01b0\u1edbc: 215mm*210mm*100mm Tr\u1ecdng l\u01b0\u1ee3ng: 0.78Kg M\u00e3 h\u00e0ng: HA-8 Th\u01b0\u01a1ng hi\u1ec7u:\u00a0ETEK","rel":"","context":"Similar post","block_context":{"text":"Similar post","link":""},"img":{"alt_text":"","src":"https:\/\/i0.wp.com\/tp-electric.vn\/wp-content\/uploads\/2024\/12\/tu-dien-pin-mat-troi-ha-8-way-1.jpg?fit=700%2C405&ssl=1&resize=350%2C200","width":350,"height":200,"srcset":"https:\/\/i0.wp.com\/tp-electric.vn\/wp-content\/uploads\/2024\/12\/tu-dien-pin-mat-troi-ha-8-way-1.jpg?fit=700%2C405&ssl=1&resize=350%2C200 1x, https:\/\/i0.wp.com\/tp-electric.vn\/wp-content\/uploads\/2024\/12\/tu-dien-pin-mat-troi-ha-8-way-1.jpg?fit=700%2C405&ssl=1&resize=700%2C400 2x"},"classes":[]},{"id":4777,"url":"https:\/\/tp-electric.vn\/index.php\/san-pham\/vo-tu-dien-mat-troi-etek-ha-4way\/","url_meta":{"origin":4763,"position":2},"title":"V\u1ecf t\u1ee7 \u0111i\u1ec7n m\u1eb7t tr\u1eddi ETEK HA-4WAY","author":"Admin","date":"11\/12\/2024","format":false,"excerpt":"Th\u00f4ng s\u1ed1 s\u1ea3n ph\u1ea9m: C\u1ea5p \u0111\u1ed9 b\u1ea3o v\u1ec7 : IP65 Ch\u1ea5t li\u1ec7u v\u1ecf: ABS C\u1eeda: PC trong su\u1ed1t Mothod c\u1ee7a c\u00e0i \u0111\u1eb7t b\u1ec1 m\u1eb7t g\u1eafn k\u1ebft K\u00edch th\u01b0\u1edbc: 140mm*210mm*100mm Tr\u1ecdng l\u01b0\u1ee3ng: 0.52Kg M\u00e3 h\u00e0ng: HA-4 Th\u01b0\u01a1ng hi\u1ec7u:\u00a0ETEK","rel":"","context":"Similar post","block_context":{"text":"Similar post","link":""},"img":{"alt_text":"","src":"https:\/\/i0.wp.com\/tp-electric.vn\/wp-content\/uploads\/2024\/12\/HA-4-WAY.jpg?fit=354%2C341&ssl=1&resize=350%2C200","width":350,"height":200},"classes":[]},{"id":4832,"url":"https:\/\/tp-electric.vn\/index.php\/san-pham\/vo-tu-dien-mat-troi-ha-12way\/","url_meta":{"origin":4763,"position":3},"title":"V\u1ecf t\u1ee7 \u0111i\u1ec7n m\u1eb7t tr\u1eddi HA-12Way","author":"Admin","date":"11\/12\/2024","format":false,"excerpt":"Th\u00f4ng s\u1ed1 s\u1ea3n ph\u1ea9m: Model: HA-12 Way: 12 way IP b\u1ea3o v\u1ec7: IP65 K\u00edch th\u01b0\u1edbc: 295 x 260 x 140 Kh\u1ea3 n\u0103ng ch\u1ee9a t\u1ed1i \u0111a: 8\/12 MCB \u0110i\u1ec7n \u00e1p \u0111\u1ecbnh m\u1ee9c: 690V T\u1ea7n s\u1ed1 \u0111\u1ecbnh m\u1ee9c: 50Hz","rel":"","context":"Similar post","block_context":{"text":"Similar post","link":""},"img":{"alt_text":"","src":"https:\/\/i0.wp.com\/tp-electric.vn\/wp-content\/uploads\/2024\/12\/tu-dien-pin-mat-troi-ha-12-way-2.jpg?fit=700%2C700&ssl=1&resize=350%2C200","width":350,"height":200,"srcset":"https:\/\/i0.wp.com\/tp-electric.vn\/wp-content\/uploads\/2024\/12\/tu-dien-pin-mat-troi-ha-12-way-2.jpg?fit=700%2C700&ssl=1&resize=350%2C200 1x, https:\/\/i0.wp.com\/tp-electric.vn\/wp-content\/uploads\/2024\/12\/tu-dien-pin-mat-troi-ha-12-way-2.jpg?fit=700%2C700&ssl=1&resize=700%2C400 2x"},"classes":[]},{"id":3285,"url":"https:\/\/tp-electric.vn\/index.php\/san-pham\/aptomat-mccb-tmax-abb\/","url_meta":{"origin":4763,"position":4},"title":"APTOMAT MCCB TMAX ABB","author":"","date":"25\/02\/2023","format":false,"excerpt":"\u00a0\u01afU \u0110I\u1ec2M: S\u1ea3n xu\u1ea5t t\u1ea1i \u00dd, b\u1ea3o v\u1ec7 qu\u00e1 t\u1ea3i, ng\u1eafn m\u1ea1ch Kh\u1ea3 n\u0103ng c\u1eaft d\u00f2ng ng\u1eafn m\u1ea1ch l\u00ean \u0111\u1ebfn 150kA Ng\u1eaft m\u1ea1ch b\u1ea3o v\u1ec7 c\u00e1c thi\u1ebft b\u1ecb c\u00f3 d\u00f2ng \u0111\u1ecbnh m\u1ee9c \u0111\u1ebfn 1600A Ch\u1ec9nh d\u00f2ng qu\u00e1 t\u1ea3i v\u1edbi trip t\u1eeb nhi\u1ec7t v\u00e0 \u0111i\u1ec7n t\u1eed S\u1eed d\u1ee5ng \u1edf m\u00f4i tr\u01b0\u1eddng\u2026","rel":"","context":"Similar post","block_context":{"text":"Similar post","link":""},"img":{"alt_text":"Tmax XT Molded Case Circuit Breakers (MCCB)","src":"https:\/\/i0.wp.com\/electrification.us.abb.com\/sites\/default\/files\/sace-tmax-xt-series-of-molded-case-circuit-breakers.jpg?resize=350%2C200&ssl=1","width":350,"height":200,"srcset":"https:\/\/i0.wp.com\/electrification.us.abb.com\/sites\/default\/files\/sace-tmax-xt-series-of-molded-case-circuit-breakers.jpg?resize=350%2C200&ssl=1 1x, https:\/\/i0.wp.com\/electrification.us.abb.com\/sites\/default\/files\/sace-tmax-xt-series-of-molded-case-circuit-breakers.jpg?resize=700%2C400&ssl=1 2x"},"classes":[]},{"id":3502,"url":"https:\/\/tp-electric.vn\/index.php\/san-pham\/phich-cam-cong-nghiep\/","url_meta":{"origin":4763,"position":5},"title":"PH\u00cdCH C\u1eaeM C\u00d4NG NGHI\u1ec6P","author":"","date":"14\/04\/2023","format":false,"excerpt":"Ph\u00edch c\u1eafm di \u0111\u1ed9ng ch\u1ed1ng n\u01b0\u1edbc IP67 PK Schneider c\u00f3 thi\u1ebft k\u1ebf nh\u1ecf g\u1ecdn, tr\u1ecdng l\u01b0\u1ee3ng nh\u1eb9, \u0111\u1ed9 an to\u00e0n v\u00e0 kh\u1ea3 n\u0103ng c\u00e1ch \u0111i\u1ec7n cao. \u00a0\u01afU \u0110I\u1ec2M: Ch\u1ed1ng n\u01b0\u1edbc, b\u1ee5i b\u1ea9n \u0111\u1ea1t c\u1ea5p \u0111\u1ed9 IP67 S\u1ed1 c\u1ef1c t\u01b0\u01a1ng th\u00edch 2P+E, 3P+E, 4P+E Ch\u1ecbu m\u1ee9c d\u00f2ng \u0111i\u1ec7n 16A \u0111\u1ebfn 125A\u2026","rel":"","context":"Similar post","block_context":{"text":"Similar post","link":""},"img":{"alt_text":"","src":"https:\/\/i0.wp.com\/tp-electric.vn\/wp-content\/uploads\/2023\/04\/phich-cam-cong-nghiep.png?fit=300%2C300&ssl=1&resize=350%2C200","width":350,"height":200},"classes":[]}],"_links":{"self":[{"href":"https:\/\/tp-electric.vn\/index.php\/wp-json\/wp\/v2\/product\/4763"}],"collection":[{"href":"https:\/\/tp-electric.vn\/index.php\/wp-json\/wp\/v2\/product"}],"about":[{"href":"https:\/\/tp-electric.vn\/index.php\/wp-json\/wp\/v2\/types\/product"}],"replies":[{"embeddable":true,"href":"https:\/\/tp-electric.vn\/index.php\/wp-json\/wp\/v2\/comments?post=4763"}],"wp:featuredmedia":[{"embeddable":true,"href":"https:\/\/tp-electric.vn\/index.php\/wp-json\/wp\/v2\/media\/4772"}],"wp:attachment":[{"href":"https:\/\/tp-electric.vn\/index.php\/wp-json\/wp\/v2\/media?parent=4763"}],"wp:term":[{"taxonomy":"product_cat","embeddable":true,"href":"https:\/\/tp-electric.vn\/index.php\/wp-json\/wp\/v2\/product_cat?post=4763"},{"taxonomy":"product_tag","embeddable":true,"href":"https:\/\/tp-electric.vn\/index.php\/wp-json\/wp\/v2\/product_tag?post=4763"}],"curies":[{"name":"wp","href":"https:\/\/api.w.org\/{rel}","templated":true}]}}