{"id":4757,"date":"2024-12-11T08:37:00","date_gmt":"2024-12-11T01:37:00","guid":{"rendered":"https:\/\/tp-electric.vn\/?post_type=product&#038;p=4757"},"modified":"2024-12-12T15:11:49","modified_gmt":"2024-12-12T08:11:49","slug":"aptomat-etek-dc-mcb-ekm1-63dc-2c32","status":"publish","type":"product","link":"https:\/\/tp-electric.vn\/index.php\/san-pham\/aptomat-etek-dc-mcb-ekm1-63dc-2c32\/","title":{"rendered":"Aptomat ETEK DC MCB EKM1-63DC-2C32"},"content":{"rendered":"<p><strong>M\u00f4 t\u1ea3 s\u1ea3n ph\u1ea9m:<\/strong><\/p>\n<h4 class=\"desc\">Aptomat ETEK DC MCB EKM1-63DC-2C32 \u0111i\u1ec7n \u00e1p l\u00e0m vi\u1ec7c \u0111\u1ecbnh m\u1ee9c c\u1ee7a b\u1ed9 ng\u1eaft m\u1ea1ch DC chuy\u00ean d\u1ee5ng trong quang \u0111i\u1ec7n c\u00f3 th\u1ec3 l\u00ean t\u1edbi DC 1000V. H\u1ec7 th\u1ed1ng d\u1eadp h\u1ed3 quang v\u00e0 gi\u1edbi h\u1ea1n d\u00f2ng \u0111i\u1ec7n \u0111\u1eb7c bi\u1ec7t c\u00f3 th\u1ec3 nhanh ch\u00f3ng ng\u1eaft k\u1ebft n\u1ed1i d\u00f2ng \u0111i\u1ec7n s\u1ef1 c\u1ed1 c\u1ee7a h\u1ec7 th\u1ed1ng ph\u00e2n ph\u1ed1i \u0111i\u1ec7n DC. M\u00f4-\u0111un quang \u0111i\u1ec7n, m\u1ed9t th\u00e0nh ph\u1ea7n quan tr\u1ecdng trong h\u1ec7 th\u1ed1ng \u0111i\u1ec7n m\u1eb7t tr\u1eddi, c\u00f3 th\u1ec3 tr\u00e1nh \u0111\u01b0\u1ee3c thi\u1ec7t h\u1ea1i do d\u00f2ng \u0111i\u1ec7n ng\u01b0\u1ee3c DC cao v\u00e0 d\u00f2ng \u0111i\u1ec7n ph\u1ea3n h\u1ed3i AC do l\u1ed7i bi\u1ebfn t\u1ea7n g\u00e2y ra, \u0111\u1ea3m b\u1ea3o h\u1ec7 th\u1ed1ng quang \u0111i\u1ec7n m\u1eb7t tr\u1eddi ho\u1ea1t \u0111\u1ed9ng \u0111\u00e1ng tin c\u1eady.<\/h4>\n<p><img decoding=\"async\" loading=\"lazy\" class=\"alignnone size-full wp-image-5265 aligncenter\" src=\"https:\/\/i0.wp.com\/tpenergy.com.vn\/wp-content\/uploads\/2024\/10\/EKM1-63HDC-DC-MCB.jpg?resize=800%2C450&#038;ssl=1\" alt=\"\" width=\"800\" height=\"450\" data-recalc-dims=\"1\" \/><\/p>\n<p>MCB d\u00f2ng EKM1-63DC \u0111i\u1ec7n \u00e1p l\u00e0m vi\u1ec7c \u0111\u1ecbnh m\u1ee9c c\u1ee7a b\u1ed9 ng\u1eaft m\u1ea1ch DC chuy\u00ean d\u1ee5ng trong quang \u0111i\u1ec7n c\u00f3 th\u1ec3 l\u00ean t\u1edbi DC 1000V. H\u1ec7 th\u1ed1ng d\u1eadp h\u1ed3 quang v\u00e0 gi\u1edbi h\u1ea1n d\u00f2ng \u0111i\u1ec7n \u0111\u1eb7c bi\u1ec7t c\u00f3 th\u1ec3 nhanh ch\u00f3ng ng\u1eaft k\u1ebft n\u1ed1i d\u00f2ng \u0111i\u1ec7n s\u1ef1 c\u1ed1 c\u1ee7a h\u1ec7 th\u1ed1ng ph\u00e2n ph\u1ed1i \u0111i\u1ec7n DC. M\u00f4-\u0111un quang \u0111i\u1ec7n, m\u1ed9t th\u00e0nh ph\u1ea7n quan tr\u1ecdng trong h\u1ec7 th\u1ed1ng \u0111i\u1ec7n m\u1eb7t tr\u1eddi, c\u00f3 th\u1ec3 tr\u00e1nh \u0111\u01b0\u1ee3c thi\u1ec7t h\u1ea1i do d\u00f2ng \u0111i\u1ec7n ng\u01b0\u1ee3c DC cao v\u00e0 d\u00f2ng \u0111i\u1ec7n ph\u1ea3n h\u1ed3i AC do l\u1ed7i bi\u1ebfn t\u1ea7n, \u0111\u1ea3m b\u1ea3o h\u1ec7 th\u1ed1ng quang \u0111i\u1ec7n m\u1eb7t tr\u1eddi ho\u1ea1t \u0111\u1ed9ng \u0111\u00e1ng tin c\u1eady.<\/p>\n<div id=\"content3\" class=\"nr\">\n<div class=\"box\">\n<div id=\"content2\" class=\"nr\">\n<p>D\u1eef li\u1ec7u k\u1ef9 thu\u1eadt:<\/p>\n<div class=\"box\">\n<table style=\"height: 913px;\" width=\"1390\">\n<tbody>\n<tr>\n<td colspan=\"2\" rowspan=\"1\">\n<h5><strong>T\u00ednh n\u0103ng \u0111i\u1ec7n<\/strong><\/h5>\n<\/td>\n<\/tr>\n<tr>\n<td>D\u00f2ng \u0111i\u1ec7n \u0111\u1ecbnh m\u1ee9c Trong<\/td>\n<td>32A<\/td>\n<\/tr>\n<tr>\n<td>C\u1ef1c<\/td>\n<td>2P<\/td>\n<\/tr>\n<tr>\n<td>\u0110i\u1ec7n \u00e1p \u0111\u1ecbnh m\u1ee9c Ue<\/td>\n<td>2P(500V)<\/td>\n<\/tr>\n<tr>\n<td>Kh\u1ea3 n\u0103ng ph\u00e1 v\u1ee1 \u0111\u1ecbnh m\u1ee9c<\/td>\n<td>6.000\/10.000A<\/td>\n<\/tr>\n<tr>\n<td>\u0110i\u1ec7n \u00e1p ch\u1ecbu \u0111\u01b0\u1ee3c xung \u0111\u1ecbnh m\u1ee9c (1,5\/50) Uimp<\/td>\n<td>4.000V<\/td>\n<\/tr>\n<tr>\n<td>\u0110i\u1ec7n \u00e1p th\u1eed nghi\u1ec7m \u0111i\u1ec7n m\u00f4i \u1edf t\u1ea7n s\u1ed1 ind. trong 1 ph\u00fat<\/td>\n<td>2KV<\/td>\n<\/tr>\n<tr>\n<td>M\u1ee9c \u0111\u1ed9 \u00f4 nhi\u1ec5m<\/td>\n<td>2<\/td>\n<\/tr>\n<tr>\n<td>\u0110\u1eb7c t\u00ednh gi\u1ea3i ph\u00f3ng nhi\u1ec7t t\u1eeb<\/td>\n<td>8~12 trong<\/td>\n<\/tr>\n<tr>\n<td colspan=\"2\" rowspan=\"1\">\n<h5><strong>T\u00ednh n\u0103ng c\u01a1 h\u1ecdc<\/strong><\/h5>\n<\/td>\n<\/tr>\n<tr>\n<td>Cu\u1ed9c s\u1ed1ng \u0111i\u1ec7n<\/td>\n<td>4.000 chu k\u1ef3<\/td>\n<\/tr>\n<tr>\n<td>Cu\u1ed9c s\u1ed1ng c\u01a1 h\u1ecdc<\/td>\n<td>10.000 chu k\u1ef3<\/td>\n<\/tr>\n<tr>\n<td>Ch\u1ec9 b\u00e1o v\u1ecb tr\u00ed ti\u1ebfp x\u00fac<\/td>\n<td>\u0110\u00fang<\/td>\n<\/tr>\n<tr>\n<td>M\u1ee9c \u0111\u1ed9 b\u1ea3o v\u1ec7<\/td>\n<td>lP20<\/td>\n<\/tr>\n<tr>\n<td>Nhi\u1ec7t \u0111\u1ed9 tham chi\u1ebfu \u0111\u1ec3 thi\u1ebft l\u1eadp c\u00e1c th\u00e0nh ph\u1ea7n nhi\u1ec7t<\/td>\n<td>30\u2103<\/td>\n<\/tr>\n<tr>\n<td>Nhi\u1ec7t \u0111\u1ed9 m\u00f4i tr\u01b0\u1eddng (v\u1edbi m\u1ee9c trung b\u00ecnh h\u00e0ng ng\u00e0y\u226435\u2103)<\/td>\n<td>-5\u2103~+40\u2103<\/td>\n<\/tr>\n<tr>\n<td>Nhi\u1ec7t \u0111\u1ed9 l\u01b0u tr\u1eef<\/td>\n<td>-25\u2103~+70\u00b0C<\/td>\n<\/tr>\n<tr>\n<td colspan=\"2\" rowspan=\"1\">\n<h5><strong>C\u00e0i \u0111\u1eb7t<\/strong><\/h5>\n<\/td>\n<\/tr>\n<tr>\n<td>Ki\u1ec3u k\u1ebft n\u1ed1i \u0111\u1ea7u cu\u1ed1i<\/td>\n<td>Thanh c\u00e1i c\u00e1p\/Thanh c\u00e1i d\u1ea1ng ch\u1ed1t\/Thanh c\u00e1i d\u1ea1ng ch\u1eef U<\/td>\n<\/tr>\n<tr>\n<td>K\u00edch th\u01b0\u1edbc \u0111\u1ea7u cu\u1ed1i tr\u00ean\/d\u01b0\u1edbi cho c\u00e1p<\/td>\n<td>25mm2 18-3AWG<\/td>\n<\/tr>\n<tr>\n<td>K\u00edch th\u01b0\u1edbc \u0111\u1ea7u cu\u1ed1i tr\u00ean\/d\u01b0\u1edbi cho thanh c\u00e1i<\/td>\n<td>25mm2 18-3AWG<\/td>\n<\/tr>\n<tr>\n<td>M\u00f4-men xo\u1eafn si\u1ebft ch\u1eb7t<\/td>\n<td>2,5Nm 22In-lbs<\/td>\n<\/tr>\n<tr>\n<td>L\u1eafp r\u00e1p<\/td>\n<td>Tr\u00ean thanh ray DIN EN60715 (35mm) b\u1eb1ng thi\u1ebft b\u1ecb k\u1eb9p nhanh<\/td>\n<\/tr>\n<tr>\n<td>S\u1ef1 li\u00ean quan<\/td>\n<td>Theo s\u01a1 \u0111\u1ed3 m\u1ea1ch \u0111i\u1ec7n<\/td>\n<\/tr>\n<tr>\n<td colspan=\"2\" rowspan=\"1\">\n<h5><strong>K\u1ebft h\u1ee3p v\u1edbi ph\u1ee5 ki\u1ec7n<\/strong><\/h5>\n<\/td>\n<\/tr>\n<tr>\n<td>Ti\u1ebfp \u0111i\u1ec3m ph\u1ee5<\/td>\n<td>EKM1-C\u1ee6A<\/td>\n<\/tr>\n<tr>\n<td>Ti\u1ebfp \u0111i\u1ec3m b\u00e1o \u0111\u1ed9ng<\/td>\n<td>EKM1-FB<\/td>\n<\/tr>\n<tr>\n<td>Gi\u1ea3i ph\u00f3ng shunt<\/td>\n<td>EKM1-MX<\/td>\n<\/tr>\n<tr>\n<td>Gi\u1ea3i ph\u00f3ng \u0111i\u1ec7n \u00e1p qu\u00e1\/d\u01b0\u1edbi<\/td>\n<td>EKM1-MV+MN<\/td>\n<\/tr>\n<\/tbody>\n<\/table>\n<\/div>\n<\/div>\n<div id=\"content3\" class=\"nr\">\n<p><strong>K\u00edch th\u01b0\u1edbc<\/strong><\/p>\n<div class=\"box\">\n<h5><strong>S\u01a1 \u0111\u1ed3 m\u1ea1ch \u0111i\u1ec7n<\/strong><\/h5>\n<p><img decoding=\"async\" class=\"aligncenter\" src=\"https:\/\/i0.wp.com\/www.etek-electric.com\/uploads\/1m\/2011\/ekm1-63dc-6ka-10ka-dc-mcb-5.jpg?w=1020&#038;ssl=1\" alt=\"ekm1 63dc 6ka 10ka dc mcb 5\" data-recalc-dims=\"1\" \/><\/p>\n<h5><strong>K\u00edch th\u01b0\u1edbc c\u00e0i \u0111\u1eb7t<\/strong><\/h5>\n<p><img decoding=\"async\" class=\"aligncenter\" src=\"https:\/\/i0.wp.com\/www.etek-electric.com\/uploads\/1m\/2011\/ekm1-63dc-6ka-10ka-dc-mcb-6.jpg?w=1020&#038;ssl=1\" alt=\"ekm1 63dc 6ka 10ka dc mcb 6\" data-recalc-dims=\"1\" \/><\/p>\n<\/div>\n<\/div>\n<div class=\"box\">\n<p><strong>\u0110\u01a1n v\u1ecb ph\u00e2n ph\u1ed1i\u00a0<a href=\"https:\/\/tpenergy.com.vn\/index.php\/danh-muc-sp\/phu-kien\/thiet-bi-chong-set-lan-truyen\/etek\/\">Aptomat ETEK ch\u00ednh h\u00e3ng<\/a>:<\/strong>C\u00f4ng ty TNHH Th\u01b0\u01a1ng m\u1ea1i D\u1ecbch v\u1ee5 C\u01a1 \u0111i\u1ec7n Thu\u1eadn Phong l\u00e0 \u0111\u1ea1i l\u00fd ph\u00e2n ph\u1ed1i thi\u1ebft b\u1ecb \u0111i\u1ec7n ETEK ch\u00ednh h\u00e3ng t\u1ea1i th\u1ecb tr\u01b0\u1eddng Vi\u1ec7t Nam. M\u1ecdi kh\u00e1ch h\u00e0ng l\u1ef1a ch\u1ecdn tin t\u01b0\u1edfng v\u00e0o d\u1ecbch v\u1ee5, s\u1ea3n ph\u1ea9m do Thu\u1eadn Phong cung c\u1ea5p ch\u1eafc ch\u1eafn s\u1ebd kh\u00f4ng ph\u1ea3i h\u1ed1i h\u1eadn v\u1edbi l\u1ef1a ch\u1ecdn c\u1ee7a m\u00ecnh. D\u1ecbch v\u1ee5 lu\u00f4n t\u1ef1 tin \u0111\u01b0a ra c\u00e1c cam k\u1ebft ch\u1ea5t l\u01b0\u1ee3ng v\u01b0\u1ee3t tr\u1ed9i nh\u1ea5t khi ph\u1ee5c v\u1ee5 qu\u00fd kh\u00e1ch h\u00e0ng.M\u1ed9t s\u1ed1n d\u00f2ng s\u1ea3n ph\u1ea9m thi\u1ebft b\u1ecb ETEK Thu\u1eadn Phong \u0111ang ph\u00e2n ph\u1ed1i:<\/p>\n<ul>\n<li><a href=\"https:\/\/tpenergy.com.vn\/index.php\/san-pham\/thiet-bi-chong-set-lan-truyen-etek-t2-20-275\/\">Thi\u1ebft b\u1ecb ch\u1ed1ng s\u00e9t lan truy\u1ec1n ETEK EKU5-T2-20-2P-275<\/a><\/li>\n<li>Thi\u1ebft b\u1ecb ch\u1ed1ng s\u00e9t lan truy\u1ec1n ETEK T2-40KA-440V<\/li>\n<\/ul>\n<\/div>\n<div class=\"box\">\n<ul>\n<li>Thi\u1ebft b\u1ecb ch\u1ed1ng s\u00e9t lan truy\u1ec1n ETEK EKU5-T2-40PV-2M-1000<\/li>\n<li>Thi\u1ebft b\u1ecb ch\u1ed1ng s\u00e9t lan truy\u1ec1n ETEK EKU5-T2-40PV-3M-1000<\/li>\n<\/ul>\n<div class=\"x11i5rnm xat24cr x1mh8g0r x1vvkbs xtlvy1s x126k92a\">\n<div dir=\"auto\">S\u1ea3n ph\u1ea9m c\u1ee7a Thu\u1eadn Phong khi \u0111\u1ebfn tay \u0111\u1ea1i l\u00fd lu\u00f4n \u0111\u1ea3m b\u1ea3o:<\/div>\n<div dir=\"auto\">\u2014 H\u00e0ng h\u00f3a ch\u00ednh h\u00e3ng, \u0111\u1ea7y \u0111\u1ee7 CO, CQ, VAT cho d\u1ef1 \u00e1n<\/div>\n<div dir=\"auto\"><span class=\"html-span xexx8yu x4uap5 x18d9i69 xkhd6sd x1hl2dhg x16tdsg8 x1vvkbs x3nfvp2 x1j61x8r x1fcty0u xdj266r xat24cr xgzva0m xhhsvwb xxymvpz xlup9mm x1kky2od\">\u2014\u00a0<\/span>Gi\u00e1 lu\u00f4n c\u1ea1nh tranh nh\u1edd nh\u1eadp kh\u1ea9u tr\u1ef1c ti\u1ebfp.<\/div>\n<div dir=\"auto\">\u2014 C\u1ea5p s\u1ec9 to\u00e0n qu\u1ed1c. V\u1eadn chuy\u1ec3n t\u1eadn n\u01a1i.<\/div>\n<\/div>\n<div class=\"x11i5rnm xat24cr x1mh8g0r x1vvkbs xtlvy1s x126k92a\">\n<div dir=\"auto\">\u00a0N\u1ebfu b\u1ea1n \u0111ang loay hoay t\u00ecm ki\u1ebfm d\u00f2ng s\u1ea3n ph\u1ea9m th\u1ef1c s\u1ef1 ch\u1ea5t l\u01b0\u1ee3ng \u0111\u1ec3 ph\u00e2n ph\u1ed1i li\u00ean h\u1ec7 v\u1edbi Thu\u1eadn Phong qua hotline: 0869.564.567<\/div>\n<div dir=\"auto\">\u2014\u2014\u2014\u2014\u2014\u2014\u2014\u2014\u2014\u2014\u2014\u2013<\/div>\n<div dir=\"auto\">\n<div class=\"html-div xdj266r x11i5rnm xat24cr x1mh8g0r xexx8yu x4uap5 x18d9i69 xkhd6sd\">\n<div class=\"html-div xdj266r x11i5rnm xat24cr x1mh8g0r xexx8yu x4uap5 x18d9i69 xkhd6sd\" dir=\"auto\">\n<div id=\":r8c8:\" class=\"x1iorvi4 x1pi30zi x1l90r2v x1swvt13\" data-ad-comet-preview=\"message\" data-ad-preview=\"message\">\n<div class=\"x78zum5 xdt5ytf xz62fqu x16ldp7u\">\n<div class=\"xu06os2 x1ok221b\">\n<div class=\"x11i5rnm xat24cr x1mh8g0r x1vvkbs xtlvy1s x126k92a\">\n<div dir=\"auto\"><a href=\"https:\/\/www.facebook.com\/DienMatTroi.SolarQuangBinh\">CH\u1eccN THU\u1eacN PHONG \u2013 CH\u1eccN S\u1ef0 AN T\u00c2M<\/a><\/div>\n<div dir=\"auto\"><span class=\"html-span xexx8yu x4uap5 x18d9i69 xkhd6sd x1hl2dhg x16tdsg8 x1vvkbs x3nfvp2 x1j61x8r x1fcty0u xdj266r xat24cr xgzva0m xhhsvwb xxymvpz xlup9mm x1kky2od\"><img decoding=\"async\" loading=\"lazy\" class=\"xz74otr lazy-load-active\" src=\"https:\/\/static.xx.fbcdn.net\/images\/emoji.php\/v9\/t4c\/1\/16\/25aa.png\" alt=\"\u25aa\" width=\"16\" height=\"16\" data-src=\"https:\/\/static.xx.fbcdn.net\/images\/emoji.php\/v9\/t4c\/1\/16\/25aa.png\" \/><\/span>\u00a0Hotline: 0869.564.567<\/div>\n<div dir=\"auto\"><span class=\"html-span xexx8yu x4uap5 x18d9i69 xkhd6sd x1hl2dhg x16tdsg8 x1vvkbs x3nfvp2 x1j61x8r x1fcty0u xdj266r xat24cr xgzva0m xhhsvwb xxymvpz xlup9mm x1kky2od\"><img decoding=\"async\" loading=\"lazy\" class=\"xz74otr lazy-load-active\" src=\"https:\/\/static.xx.fbcdn.net\/images\/emoji.php\/v9\/t4c\/1\/16\/25aa.png\" alt=\"\u25aa\" width=\"16\" height=\"16\" data-src=\"https:\/\/static.xx.fbcdn.net\/images\/emoji.php\/v9\/t4c\/1\/16\/25aa.png\" \/><\/span>\u00a0K\u1ef9 thu\u1eadt: Mr D\u0169ng 0899768777<\/div>\n<div dir=\"auto\"><span class=\"html-span xexx8yu x4uap5 x18d9i69 xkhd6sd x1hl2dhg x16tdsg8 x1vvkbs x3nfvp2 x1j61x8r x1fcty0u xdj266r xat24cr xgzva0m xhhsvwb xxymvpz xlup9mm x1kky2od\"><img decoding=\"async\" loading=\"lazy\" class=\"xz74otr\" src=\"https:\/\/static.xx.fbcdn.net\/images\/emoji.php\/v9\/t4c\/1\/16\/25aa.png\" alt=\"\u25aa\ufe0f\" width=\"16\" height=\"16\" \/><\/span> Kinh doanh: Mr Ph\u00fac 0918.583.068<\/div>\n<div dir=\"auto\"><span class=\"html-span xexx8yu x4uap5 x18d9i69 xkhd6sd x1hl2dhg x16tdsg8 x1vvkbs x3nfvp2 x1j61x8r x1fcty0u xdj266r xat24cr xgzva0m xhhsvwb xxymvpz xlup9mm x1kky2od\"><img decoding=\"async\" loading=\"lazy\" class=\"xz74otr lazy-load-active\" src=\"https:\/\/static.xx.fbcdn.net\/images\/emoji.php\/v9\/t4c\/1\/16\/25aa.png\" alt=\"\u25aa\" width=\"16\" height=\"16\" data-src=\"https:\/\/static.xx.fbcdn.net\/images\/emoji.php\/v9\/t4c\/1\/16\/25aa.png\" \/><\/span>\u00a0Tr\u1ee5 s\u1edf ch\u00ednh: 30 Nguy\u1ec5n H\u1eefu D\u1eadt, ph\u01b0\u1eddng Nam L\u00fd, th\u00e0nh ph\u1ed1 \u0110\u1ed3ng H\u1edbi, t\u1ec9nh Qu\u1ea3ng B\u00ecnh, Vi\u1ec7t Nam<\/div>\n<div dir=\"auto\"><span class=\"html-span xexx8yu x4uap5 x18d9i69 xkhd6sd x1hl2dhg x16tdsg8 x1vvkbs x3nfvp2 x1j61x8r x1fcty0u xdj266r xat24cr xgzva0m xhhsvwb xxymvpz xlup9mm x1kky2od\"><img decoding=\"async\" loading=\"lazy\" class=\"xz74otr lazy-load-active\" src=\"https:\/\/static.xx.fbcdn.net\/images\/emoji.php\/v9\/t4c\/1\/16\/25aa.png\" alt=\"\u25aa\" width=\"16\" height=\"16\" data-src=\"https:\/\/static.xx.fbcdn.net\/images\/emoji.php\/v9\/t4c\/1\/16\/25aa.png\" \/><\/span>\u00a0Tr\u1ee5 s\u1edf H\u00e0 N\u1ed9i: Nh\u00e0 ph\u1ed1 th\u01b0\u01a1ng m\u1ea1i Khai S\u01a1n Town s\u1ed1 18 thu\u1ed9c Town 7, khu \u0111\u00f4 th\u1ecb Khai S\u01a1n City, Ph\u01b0\u1eddng Th\u01b0\u1ee3ng Thanh, Qu\u1eadn Long Bi\u00ean, TP H\u00e0 N\u1ed9i<\/div>\n<\/div>\n<\/div>\n<\/div>\n<\/div>\n<\/div>\n<\/div>\n<\/div>\n<\/div>\n<\/div>\n<\/div>\n<\/div>\n","protected":false},"excerpt":{"rendered":"<p>Th\u00f4ng s\u1ed1 k\u1ef9 thu\u1eadt:<\/p>\n<ul>\n<li id=\"input_line_0\"><span id=\"input_part_0\" class=\"\" data-mention=\"D\u00f2ng \u0111i\u1ec7n \u0111\u1ecbnh m\u1ee9c Trong 1,2,3,4,5,6,8,10,13,16,20,25,32,40,50,63A\">D\u00f2ng \u0111i\u1ec7n \u0111\u1ecbnh m\u1ee9c: 32A<\/span><\/li>\n<li id=\"input_line_1\"><span id=\"input_part_0\" class=\"\" data-mention=\"C\u1ef1c 1P, 2P, 4P\">C\u1ef1c: 2P<\/span><\/li>\n<li id=\"input_line_2\"><span id=\"input_part_0\" class=\"\" data-mention=\"\u0110i\u1ec7n \u00e1p \u0111\u1ecbnh m\u1ee9c Ue 1P(250V), 2P(500V), 4P(1000V)\">\u0110i\u1ec7n \u00e1p \u0111\u1ecbnh m\u1ee9c Ue: 2P(500V)<\/span><\/li>\n<li id=\"input_line_3\"><span id=\"input_part_0\" class=\"\" data-mention=\"Kh\u1ea3 n\u0103ng ph\u00e1 v\u1ee1 \u0111\u1ecbnh m\u1ee9c 6.000\/10.000A\">Kh\u1ea3 n\u0103ng ph\u00e1 v\u1ee1 \u0111\u1ecbnh m\u1ee9c: 6.000\/10.000A<\/span><\/li>\n<li id=\"input_line_4\"><span id=\"input_part_0\" class=\"\" data-mention=\"\u0110i\u1ec7n \u00e1p ch\u1ecbu \u0111\u01b0\u1ee3c xung \u0111\u1ecbnh m\u1ee9c (1,5\/50) Uimp 4.000V\">\u0110i\u1ec7n \u00e1p ch\u1ecbu \u0111\u01b0\u1ee3c xung \u0111\u1ecbnh m\u1ee9c (1,5\/50) Uimp 4.000V<\/span><\/li>\n<li id=\"input_line_5\"><span id=\"input_part_0\" class=\"\" data-mention=\"\u0110i\u1ec7n \u00e1p th\u1eed nghi\u1ec7m \u0111i\u1ec7n m\u00f4i \u1edf t\u1ea7n s\u1ed1 ind. trong 1 ph\u00fat 2KV\">\u0110i\u1ec7n \u00e1p th\u1eed nghi\u1ec7m \u0111i\u1ec7n m\u00f4i \u1edf t\u1ea7n s\u1ed1 ind. trong 1 ph\u00fat 2KV<\/span><\/li>\n<li id=\"input_line_6\"><span id=\"input_part_0\" class=\"\" data-mention=\"M\u1ee9c \u0111\u1ed9 \u00f4 nhi\u1ec5m 2\">M\u1ee9c \u0111\u1ed9 \u00f4 nhi\u1ec5m: 2<\/span><\/li>\n<\/ul>\n<h3>[icon name=&#8221;download&#8221; prefix=&#8221;fas&#8221;] Download<\/h3>\n<ul>\n<li><a href=\"https:\/\/tpenergy.com.vn\/wp-content\/uploads\/2024\/10\/EKM1-63DC-DC-MCB.pdf\">DATASHEET<\/a><\/li>\n<\/ul>\n","protected":false},"featured_media":4770,"comment_status":"open","ping_status":"closed","template":"","meta":[],"product_cat":[775],"product_tag":[788,790,791],"jetpack-related-posts":[{"id":4754,"url":"https:\/\/tp-electric.vn\/index.php\/san-pham\/aptomat-etek-dc-mcb-ekm1-63dc-2c25\/","url_meta":{"origin":4757,"position":0},"title":"Aptomat ETEK DC MCB EKM1-63DC-2C25","author":"Admin","date":"11\/12\/2024","format":false,"excerpt":"Th\u00f4ng s\u1ed1 k\u1ef9 thu\u1eadt: D\u00f2ng \u0111i\u1ec7n \u0111\u1ecbnh m\u1ee9c:,25A C\u1ef1c: 2P \u0110i\u1ec7n \u00e1p \u0111\u1ecbnh m\u1ee9c Ue: 2P(500V) Kh\u1ea3 n\u0103ng ph\u00e1 v\u1ee1 \u0111\u1ecbnh m\u1ee9c: 6.000\/10.000A \u0110i\u1ec7n \u00e1p ch\u1ecbu \u0111\u01b0\u1ee3c xung \u0111\u1ecbnh m\u1ee9c (1,5\/50) Uimp 4.000V \u0110i\u1ec7n \u00e1p th\u1eed nghi\u1ec7m \u0111i\u1ec7n m\u00f4i \u1edf t\u1ea7n s\u1ed1 ind. trong 1 ph\u00fat 2KV M\u1ee9c \u0111\u1ed9 \u00f4\u2026","rel":"","context":"Similar post","block_context":{"text":"Similar post","link":""},"img":{"alt_text":"","src":"https:\/\/i0.wp.com\/tp-electric.vn\/wp-content\/uploads\/2024\/12\/EKM1-63HDC-2P-500V.jpg?fit=800%2C800&ssl=1&resize=350%2C200","width":350,"height":200,"srcset":"https:\/\/i0.wp.com\/tp-electric.vn\/wp-content\/uploads\/2024\/12\/EKM1-63HDC-2P-500V.jpg?fit=800%2C800&ssl=1&resize=350%2C200 1x, https:\/\/i0.wp.com\/tp-electric.vn\/wp-content\/uploads\/2024\/12\/EKM1-63HDC-2P-500V.jpg?fit=800%2C800&ssl=1&resize=700%2C400 2x"},"classes":[]},{"id":4760,"url":"https:\/\/tp-electric.vn\/index.php\/san-pham\/aptomat-etek-dc-mcb-ekm1-125dc-2c125\/","url_meta":{"origin":4757,"position":1},"title":"Aptomat ETEK DC MCB EKM1-125DC-2C125","author":"Admin","date":"11\/12\/2024","format":false,"excerpt":"M\u00f4 t\u1ea3 s\u1ea3n ph\u1ea9m: D\u00f2ng \u0111i\u1ec7n \u0111\u1ecbnh m\u1ee9c trong 125A C\u1ef1c 2P \u0110i\u1ec7n \u00e1p \u0111\u1ecbnh m\u1ee9c Ue 2P(500V) Kh\u1ea3 n\u0103ng ph\u00e1 v\u1ee1 \u0111\u1ecbnh m\u1ee9c 10.000A \u0110i\u1ec7n \u00e1p ch\u1ecbu \u0111\u01b0\u1ee3c xung \u0111\u1ecbnh m\u1ee9c (1,5\/50) Uimp 4.000V \u0110i\u1ec7n \u00e1p th\u1eed nghi\u1ec7m \u0111i\u1ec7n m\u00f4i \u1edf t\u1ea7n s\u1ed1 ind. trong 1 ph\u00fat 2kV M\u1ee9c\u2026","rel":"","context":"Similar post","block_context":{"text":"Similar post","link":""},"img":{"alt_text":"","src":"https:\/\/i0.wp.com\/tp-electric.vn\/wp-content\/uploads\/2024\/12\/EKM1-125-2p-dc-mcb.jpg?fit=800%2C800&ssl=1&resize=350%2C200","width":350,"height":200,"srcset":"https:\/\/i0.wp.com\/tp-electric.vn\/wp-content\/uploads\/2024\/12\/EKM1-125-2p-dc-mcb.jpg?fit=800%2C800&ssl=1&resize=350%2C200 1x, https:\/\/i0.wp.com\/tp-electric.vn\/wp-content\/uploads\/2024\/12\/EKM1-125-2p-dc-mcb.jpg?fit=800%2C800&ssl=1&resize=700%2C400 2x"},"classes":[]},{"id":2739,"url":"https:\/\/tp-electric.vn\/index.php\/san-pham\/mcb-dc-1000v-sigma\/","url_meta":{"origin":4757,"position":2},"title":"MCB DC 1000V","author":"","date":"07\/02\/2023","format":false,"excerpt":"Thi\u1ebft b\u1ecb \u0111\u00f3ng c\u1eaft, c\u1ea7u dao t\u1ef1 \u0111\u1ed9ng DC, MCB \u2013 4P DC 1000V\u00a0th\u01b0\u01a1ng hi\u1ec7u SIGMA \u0111\u01b0\u1ee3c s\u1eed d\u1ee5ng trong c\u00e1c h\u1ec7 th\u1ed1ng \u0111i\u1ec7n m\u1eb7t tr\u1eddi c\u00f3 \u0111i\u1ec7n \u00e1p DC l\u00ean \u0111\u1ebfn 1000V nh\u1eb1m b\u1ea3o v\u1ec7 c\u00e1c t\u1ea5m pin v\u00e0 inverter an to\u00e0n. S\u1ea3n ph\u1ea9m \u0111\u1ea1t ti\u00eau chu\u1ea9n Ch\u00e2u \u00c2u\u2026","rel":"","context":"Similar post","block_context":{"text":"Similar post","link":""},"img":{"alt_text":"","src":"https:\/\/i0.wp.com\/tp-electric.vn\/wp-content\/uploads\/2023\/02\/cau-dao-mcb-dc-1000v-Sigma.jpg?fit=720%2C720&ssl=1&resize=350%2C200","width":350,"height":200,"srcset":"https:\/\/i0.wp.com\/tp-electric.vn\/wp-content\/uploads\/2023\/02\/cau-dao-mcb-dc-1000v-Sigma.jpg?fit=720%2C720&ssl=1&resize=350%2C200 1x, https:\/\/i0.wp.com\/tp-electric.vn\/wp-content\/uploads\/2023\/02\/cau-dao-mcb-dc-1000v-Sigma.jpg?fit=720%2C720&ssl=1&resize=700%2C400 2x"},"classes":[]},{"id":4832,"url":"https:\/\/tp-electric.vn\/index.php\/san-pham\/vo-tu-dien-mat-troi-ha-12way\/","url_meta":{"origin":4757,"position":3},"title":"V\u1ecf t\u1ee7 \u0111i\u1ec7n m\u1eb7t tr\u1eddi HA-12Way","author":"Admin","date":"11\/12\/2024","format":false,"excerpt":"Th\u00f4ng s\u1ed1 s\u1ea3n ph\u1ea9m: Model: HA-12 Way: 12 way IP b\u1ea3o v\u1ec7: IP65 K\u00edch th\u01b0\u1edbc: 295 x 260 x 140 Kh\u1ea3 n\u0103ng ch\u1ee9a t\u1ed1i \u0111a: 8\/12 MCB \u0110i\u1ec7n \u00e1p \u0111\u1ecbnh m\u1ee9c: 690V T\u1ea7n s\u1ed1 \u0111\u1ecbnh m\u1ee9c: 50Hz","rel":"","context":"Similar post","block_context":{"text":"Similar post","link":""},"img":{"alt_text":"","src":"https:\/\/i0.wp.com\/tp-electric.vn\/wp-content\/uploads\/2024\/12\/tu-dien-pin-mat-troi-ha-12-way-2.jpg?fit=700%2C700&ssl=1&resize=350%2C200","width":350,"height":200,"srcset":"https:\/\/i0.wp.com\/tp-electric.vn\/wp-content\/uploads\/2024\/12\/tu-dien-pin-mat-troi-ha-12-way-2.jpg?fit=700%2C700&ssl=1&resize=350%2C200 1x, https:\/\/i0.wp.com\/tp-electric.vn\/wp-content\/uploads\/2024\/12\/tu-dien-pin-mat-troi-ha-12-way-2.jpg?fit=700%2C700&ssl=1&resize=700%2C400 2x"},"classes":[]},{"id":4700,"url":"https:\/\/tp-electric.vn\/index.php\/san-pham\/aptomat-chint-mcb-2-pha-100a-10ka\/","url_meta":{"origin":4757,"position":4},"title":"Aptomat Chint MCB 2 pha 100A 10kA","author":"Admin","date":"11\/12\/2024","format":false,"excerpt":"M\u00e3 s\u1ea3n ph\u1ea9m: NXB-125 2P C100 D\u00f2ng Series: NXB-125 CHINT Series Xu\u1ea5t x\u1ee9:\u00a0Trung Qu\u1ed1c Th\u1eddi gian b\u1ea3o h\u00e0nh:\u00a012 th\u00e1ng T\u00ecnh tr\u1ea1ng:\u00a0M\u1edbi 100% D\u00f2ng c\u1eaft: 10kA D\u00f2ng \u0111i\u1ec7n \u0111\u1ecbnh m\u1ee9c: 100A H\u00e3ng s\u1ea3n xu\u1ea5t: CHINT Pha: 2 pha [icon name=\"download\" prefix=\"fas\"] Download CATALOGUE Chint Drive Product Training \u00a0","rel":"","context":"Similar post","block_context":{"text":"Similar post","link":""},"img":{"alt_text":"","src":"https:\/\/i0.wp.com\/tp-electric.vn\/wp-content\/uploads\/2024\/12\/MCB-Chint-NXB-125-2P-100A-10kA.jpg?fit=450%2C450&ssl=1&resize=350%2C200","width":350,"height":200},"classes":[]},{"id":4694,"url":"https:\/\/tp-electric.vn\/index.php\/san-pham\/aptomat-chint-mcb-2-pha-25a-6ka\/","url_meta":{"origin":4757,"position":5},"title":"Aptomat Chint MCB 2 pha 25A 6kA","author":"Admin","date":"11\/12\/2024","format":false,"excerpt":"M\u00e3 s\u1ea3n ph\u1ea9m:\u00a0NXB-63 2P C25 6kA D\u00f2ng series:\u00a0NXB-63 CHINT Series Xu\u1ea5t x\u1ee9:\u00a0Trung Qu\u1ed1c Th\u1eddi gian b\u1ea3o h\u00e0nh:\u00a012 th\u00e1ng T\u00ecnh tr\u1ea1ng:\u00a0M\u1edbi 100% D\u00f2ng c\u1eaft:\u00a06kA D\u00f2ng \u0111i\u1ec7n \u0111\u1ecbnh m\u1ee9c:\u00a025A H\u00e3ng s\u1ea3n xu\u1ea5t:\u00a0CHINT Pha:\u00a02 pha [icon name=\"download\" prefix=\"fas\"] Download CATALOGUE Chint Drive Product Training","rel":"","context":"Similar post","block_context":{"text":"Similar post","link":""},"img":{"alt_text":"","src":"https:\/\/i0.wp.com\/tp-electric.vn\/wp-content\/uploads\/2024\/12\/23046-chint-mcb-nxb-63-2p-c25.jpg?fit=1000%2C1000&ssl=1&resize=350%2C200","width":350,"height":200,"srcset":"https:\/\/i0.wp.com\/tp-electric.vn\/wp-content\/uploads\/2024\/12\/23046-chint-mcb-nxb-63-2p-c25.jpg?fit=1000%2C1000&ssl=1&resize=350%2C200 1x, https:\/\/i0.wp.com\/tp-electric.vn\/wp-content\/uploads\/2024\/12\/23046-chint-mcb-nxb-63-2p-c25.jpg?fit=1000%2C1000&ssl=1&resize=700%2C400 2x"},"classes":[]}],"_links":{"self":[{"href":"https:\/\/tp-electric.vn\/index.php\/wp-json\/wp\/v2\/product\/4757"}],"collection":[{"href":"https:\/\/tp-electric.vn\/index.php\/wp-json\/wp\/v2\/product"}],"about":[{"href":"https:\/\/tp-electric.vn\/index.php\/wp-json\/wp\/v2\/types\/product"}],"replies":[{"embeddable":true,"href":"https:\/\/tp-electric.vn\/index.php\/wp-json\/wp\/v2\/comments?post=4757"}],"wp:featuredmedia":[{"embeddable":true,"href":"https:\/\/tp-electric.vn\/index.php\/wp-json\/wp\/v2\/media\/4770"}],"wp:attachment":[{"href":"https:\/\/tp-electric.vn\/index.php\/wp-json\/wp\/v2\/media?parent=4757"}],"wp:term":[{"taxonomy":"product_cat","embeddable":true,"href":"https:\/\/tp-electric.vn\/index.php\/wp-json\/wp\/v2\/product_cat?post=4757"},{"taxonomy":"product_tag","embeddable":true,"href":"https:\/\/tp-electric.vn\/index.php\/wp-json\/wp\/v2\/product_tag?post=4757"}],"curies":[{"name":"wp","href":"https:\/\/api.w.org\/{rel}","templated":true}]}}