{"id":4748,"date":"2024-12-11T08:36:59","date_gmt":"2024-12-11T01:36:59","guid":{"rendered":"https:\/\/tp-electric.vn\/?post_type=product&#038;p=4748"},"modified":"2024-12-12T15:11:49","modified_gmt":"2024-12-12T08:11:49","slug":"thiet-bi-chong-set-lan-truyen-etek-eku5-t2-40pv-2m-1000","status":"publish","type":"product","link":"https:\/\/tp-electric.vn\/index.php\/san-pham\/thiet-bi-chong-set-lan-truyen-etek-eku5-t2-40pv-2m-1000\/","title":{"rendered":"Thi\u1ebft b\u1ecb ch\u1ed1ng s\u00e9t lan truy\u1ec1n ETEK EKU5-T2-40PV-2M-1000"},"content":{"rendered":"<p><strong>Th\u00f4ng tin v\u1ec1 s\u1ea3n ph\u1ea9m:<\/strong><\/p>\n<h4 class=\"desc\">Thi\u1ebft b\u1ecb ch\u1ed1ng s\u00e9t lan truy\u1ec1n ETEK EKU5-T2-40PV-2M-1000 l\u00e0 b\u1ed9 ch\u1ed1ng s\u00e9t lan truy\u1ec1n DC \u0111\u01b0\u1ee3c thi\u1ebft k\u1ebf \u0111\u1eb7c bi\u1ec7t cho h\u1ec7 th\u1ed1ng cung c\u1ea5p \u0111i\u1ec7n quang \u0111i\u1ec7n. \u0110i\u1ec7n \u00e1p ho\u1ea1t \u0111\u1ed9ng li\u00ean t\u1ee5c t\u1ed1i \u0111a \u0111\u1ea1t DC1500V. C\u00e1c thi\u1ebft b\u1ecb n\u00e0y ph\u1ea3i \u0111\u01b0\u1ee3c l\u1eafp song song tr\u00ean c\u00e1c m\u1ea1ng DC \u0111\u1ec3 \u0111\u01b0\u1ee3c b\u1ea3o v\u1ec7 v\u00e0 cung c\u1ea5p ch\u1ebf \u0111\u1ed9 b\u1ea3o v\u1ec7 chung v\u00e0 kh\u00e1c nhau. V\u1ecb tr\u00ed l\u1eafp \u0111\u1eb7t c\u1ee7a n\u00f3 \u0111\u01b0\u1ee3c khuy\u1ebfn ngh\u1ecb \u1edf c\u1ea3 hai \u0111\u1ea7u c\u1ee7a \u0111\u01b0\u1eddng d\u00e2y cung c\u1ea5p \u0111i\u1ec7n DC (ph\u00eda t\u1ea5m pin m\u1eb7t tr\u1eddi v\u00e0 ph\u00eda b\u1ed9 bi\u1ebfn t\u1ea7n\/b\u1ed9 chuy\u1ec3n \u0111\u1ed5i), \u0111\u1eb7c bi\u1ec7t n\u1ebfu \u0111\u01b0\u1eddng d\u00e2y \u0111i ra ngo\u00e0i v\u00e0 d\u00e0i.<\/h4>\n<p>Ch\u1ee9c n\u0103ng c\u1ee7a h\u1ec7 th\u1ed1ng ch\u1ed1ng s\u00e9t v\u00e0 ch\u1ed1ng xung \u0111i\u1ec7n l\u00e0 b\u1ea3o v\u1ec7 c\u00e1c thi\u1ebft b\u1ecb, c\u00e1ch ly ch\u1ee9c n\u0103ng v\u00e0 thi\u1ebft b\u1ecb ti\u00eau d\u00f9ng nh\u1ea1y c\u1ea3m v\u1edbi qu\u00e1 \u00e1p c\u1ee7a h\u1ec7 th\u1ed1ng ph\u00e2n ph\u1ed1i n\u0103ng l\u01b0\u1ee3ng kh\u1ecfi m\u1ecdi h\u01b0 h\u1ecfng do s\u00e9t v\u00e0 qu\u00e1 \u00e1p. to\u00e0n b\u1ed9 t\u00f2a nh\u00e0; h\u1ec7 th\u1ed1ng ch\u1ed1ng s\u00e9t ngo\u00e0i tr\u1eddi th\u01b0\u1eddng kh\u00f4ng \u0111\u1ee7 \u0111\u1ec3 lo\u1ea1i b\u1ecf c\u00e1c tr\u1ee5c tr\u1eb7c nh\u01b0 v\u1eady. \u1ede h\u1ea7u h\u1ebft c\u00e1c lo\u1ea1i, thi\u1ebft b\u1ecb b\u1ea3o v\u1ec7 b\u1ecb l\u1ed7i c\u00f3 th\u1ec3 ho\u1ea1t \u0111\u1ed9ng tr\u1edf l\u1ea1i b\u1eb1ng c\u00e1ch thay th\u1ebf ph\u1ea7n ch\u00e8n b\u1ecb h\u1ecfng; c\u00e1c bi\u1ebfn th\u1ec3 n\u00e0y c\u0169ng \u0111\u01b0\u1ee3c trang b\u1ecb c\u1ea3 t\u00edn hi\u1ec7u ho\u1ea1t \u0111\u1ed9ng quang h\u1ecdc v\u00e0 ti\u1ebfp \u0111i\u1ec3m tr\u1ea1ng th\u00e1i ph\u1ee5 tr\u1ee3.<\/p>\n<div id=\"content2\" class=\"nr\">\n<p><strong>D\u1eef li\u1ec7u k\u1ef9 thu\u1eadt:<\/strong><\/p>\n<div class=\"box\">\n<table style=\"height: 511px;\" width=\"1351\">\n<tbody>\n<tr>\n<td colspan=\"2\">M\u00f4 h\u00ecnh v\u00e0 th\u00f4ng s\u1ed1 k\u1ef9 thu\u1eadt<\/td>\n<td>EKU5-T2-40PV-2M-1000<\/td>\n<td><\/td>\n<td><\/td>\n<\/tr>\n<tr>\n<td colspan=\"2\">\u0110i\u1ec7n \u00e1p \u0111\u1ecbnh m\u1ee9c (VDC)<\/td>\n<td>1000<\/td>\n<td><\/td>\n<td><\/td>\n<\/tr>\n<tr>\n<td colspan=\"2\">\u0110i\u1ec7n \u00e1p ho\u1ea1t \u0111\u1ed9ng li\u00ean t\u1ee5c (VDC)<\/td>\n<td>1.100V<\/td>\n<td><\/td>\n<td><\/td>\n<\/tr>\n<tr>\n<td colspan=\"2\">M\u1ee9c \u0111\u1ed9 b\u1ea3o v\u1ec7 \u0111i\u1ec7n \u00e1p l\u00ean<\/td>\n<td>3.6<\/td>\n<td><\/td>\n<td><\/td>\n<\/tr>\n<tr>\n<td colspan=\"2\">D\u00f2ng x\u1ea3 danh ngh\u0129a In (8\/20\u03bcs)<\/td>\n<td colspan=\"3\" rowspan=\"1\">20KA<\/td>\n<\/tr>\n<tr>\n<td colspan=\"2\">D\u00f2ng x\u1ea3 t\u1ed1i \u0111a Imax (8\/20\u03bcs)<\/td>\n<td colspan=\"3\" rowspan=\"1\">40KA<\/td>\n<\/tr>\n<tr>\n<td colspan=\"2\">Th\u1eddi gian ph\u1ea3n \u1ee9ng<\/td>\n<td colspan=\"3\" rowspan=\"1\">\uff1c25ns<\/td>\n<\/tr>\n<tr>\n<td colspan=\"2\">Chi\u1ec1u r\u1ed9ng\/C\u1ef1c<\/td>\n<td colspan=\"3\" rowspan=\"1\">18mm<\/td>\n<\/tr>\n<tr>\n<td colspan=\"2\">V\u1eadt li\u1ec7u v\u1ecf<\/td>\n<td colspan=\"3\" rowspan=\"1\">PBT<\/td>\n<\/tr>\n<tr>\n<td colspan=\"2\">Nhi\u1ec7t \u0111\u1ed9 m\u00f4i tr\u01b0\u1eddng<\/td>\n<td colspan=\"3\" rowspan=\"1\">-40\u2103-80\u2103<\/td>\n<\/tr>\n<tr>\n<td colspan=\"2\">C\u1ea7u ch\u00ec ho\u1eb7c c\u1ea7u dao \u0111i\u1ec7n ph\u00f9 h\u1ee3p<\/td>\n<td colspan=\"3\" rowspan=\"1\">25A<\/td>\n<\/tr>\n<tr>\n<td rowspan=\"3\">Th\u00f4ng s\u1ed1 k\u1ef9 thu\u1eadt c\u1ee7a thi\u1ebft b\u1ecb \u0111\u1ea7u cu\u1ed1i<\/td>\n<td>\u0110\u01b0\u1eddng k\u1ebb<\/td>\n<td colspan=\"3\" rowspan=\"1\">2,5~35mm2<\/td>\n<\/tr>\n<tr>\n<td>Th\u1ec3 d\u1ee5c<\/td>\n<td colspan=\"3\" rowspan=\"1\">2,5~35mm2<\/td>\n<\/tr>\n<tr>\n<td>T\u00edn hi\u1ec7u<\/td>\n<td colspan=\"3\" rowspan=\"1\">1,5mm2<\/td>\n<\/tr>\n<tr>\n<td colspan=\"2\">S\u1ed1 l\u01b0\u1ee3ng c\u1ef1c<\/td>\n<td colspan=\"3\" rowspan=\"1\">V+\/PE\/V-<\/td>\n<\/tr>\n<tr>\n<td colspan=\"2\">M\u1ee9c \u0111\u1ed9 b\u1ea3o v\u1ec7<\/td>\n<td colspan=\"3\" rowspan=\"1\">IP20<\/td>\n<\/tr>\n<tr>\n<td colspan=\"2\">L\u1eafp r\u00e1p<\/td>\n<td colspan=\"3\" rowspan=\"1\">Thanh ray DIN 35mm<\/td>\n<\/tr>\n<tr>\n<td colspan=\"2\">H\u1ec7 th\u1ed1ng m\u1ea1ng<\/td>\n<td colspan=\"3\" rowspan=\"1\">PV<\/td>\n<\/tr>\n<tr>\n<td colspan=\"2\">\u0110\u1ea7u cu\u1ed1i t\u00edn hi\u1ec7u<\/td>\n<td colspan=\"3\" rowspan=\"1\">C\u00f3 s\u1eb5n<\/td>\n<\/tr>\n<\/tbody>\n<\/table>\n<\/div>\n<\/div>\n<p class=\"nr\"><strong>K\u00edch th\u01b0\u1edbc<\/strong><\/p>\n<div class=\"box\"><img decoding=\"async\" src=\"https:\/\/i0.wp.com\/www.etek-electric.com\/upload\/1c\/202310\/EKU5-T2-40PV.png?w=1020&#038;ssl=1\" alt=\"\" data-recalc-dims=\"1\" \/><\/div>\n<div class=\"box\">\n<p><strong>\u0110\u01a1n v\u1ecb ph\u00e2n ph\u1ed1i\u00a0<a href=\"https:\/\/tpenergy.com.vn\/index.php\/danh-muc-sp\/phu-kien\/thiet-bi-chong-set-lan-truyen\/etek\/\">Aptomat ETEK ch\u00ednh h\u00e3ng<\/a>:<\/strong>C\u00f4ng ty TNHH Th\u01b0\u01a1ng m\u1ea1i D\u1ecbch v\u1ee5 C\u01a1 \u0111i\u1ec7n Thu\u1eadn Phong l\u00e0 \u0111\u1ea1i l\u00fd ph\u00e2n ph\u1ed1i thi\u1ebft b\u1ecb \u0111i\u1ec7n ETEK ch\u00ednh h\u00e3ng t\u1ea1i th\u1ecb tr\u01b0\u1eddng Vi\u1ec7t Nam. M\u1ecdi kh\u00e1ch h\u00e0ng l\u1ef1a ch\u1ecdn tin t\u01b0\u1edfng v\u00e0o d\u1ecbch v\u1ee5, s\u1ea3n ph\u1ea9m do Thu\u1eadn Phong cung c\u1ea5p ch\u1eafc ch\u1eafn s\u1ebd kh\u00f4ng ph\u1ea3i h\u1ed1i h\u1eadn v\u1edbi l\u1ef1a ch\u1ecdn c\u1ee7a m\u00ecnh. D\u1ecbch v\u1ee5 lu\u00f4n t\u1ef1 tin \u0111\u01b0a ra c\u00e1c cam k\u1ebft ch\u1ea5t l\u01b0\u1ee3ng v\u01b0\u1ee3t tr\u1ed9i nh\u1ea5t khi ph\u1ee5c v\u1ee5 qu\u00fd kh\u00e1ch h\u00e0ng.<\/p>\n<p>M\u1ed9t s\u1ed1n d\u00f2ng s\u1ea3n ph\u1ea9m thi\u1ebft b\u1ecb ETEK Thu\u1eadn Phong \u0111ang ph\u00e2n ph\u1ed1i:<\/p>\n<ul>\n<li>\n<p class=\"product-title product_title entry-title\"><a href=\"https:\/\/tpenergy.com.vn\/index.php\/san-pham\/thiet-bi-chong-set-lan-truyen-etek-t2-20-275\/\">Thi\u1ebft b\u1ecb ch\u1ed1ng s\u00e9t lan truy\u1ec1n ETEK EKU5-T2-20-2P-275<\/a><\/p>\n<\/li>\n<li>Thi\u1ebft b\u1ecb ch\u1ed1ng s\u00e9t lan truy\u1ec1n ETEK T2-40KA-440V<\/li>\n<\/ul>\n<\/div>\n<div class=\"box\">\n<ul>\n<li>Thi\u1ebft b\u1ecb ch\u1ed1ng s\u00e9t lan truy\u1ec1n ETEK EKU5-T2-40PV-2M-1000<\/li>\n<li>Thi\u1ebft b\u1ecb ch\u1ed1ng s\u00e9t lan truy\u1ec1n ETEK EKU5-T2-40PV-3M-1000<\/li>\n<\/ul>\n<div class=\"x11i5rnm xat24cr x1mh8g0r x1vvkbs xtlvy1s x126k92a\">\n<div dir=\"auto\">S\u1ea3n ph\u1ea9m c\u1ee7a Thu\u1eadn Phong khi \u0111\u1ebfn tay \u0111\u1ea1i l\u00fd lu\u00f4n \u0111\u1ea3m b\u1ea3o:<\/div>\n<div dir=\"auto\">\u2014 H\u00e0ng h\u00f3a ch\u00ednh h\u00e3ng, \u0111\u1ea7y \u0111\u1ee7 CO, CQ, VAT cho d\u1ef1 \u00e1n<\/div>\n<div dir=\"auto\"><span class=\"html-span xexx8yu x4uap5 x18d9i69 xkhd6sd x1hl2dhg x16tdsg8 x1vvkbs x3nfvp2 x1j61x8r x1fcty0u xdj266r xat24cr xgzva0m xhhsvwb xxymvpz xlup9mm x1kky2od\">\u2014\u00a0<\/span>Gi\u00e1 lu\u00f4n c\u1ea1nh tranh nh\u1edd nh\u1eadp kh\u1ea9u tr\u1ef1c ti\u1ebfp.<\/div>\n<div dir=\"auto\">\u2014 C\u1ea5p s\u1ec9 to\u00e0n qu\u1ed1c. V\u1eadn chuy\u1ec3n t\u1eadn n\u01a1i.<\/div>\n<\/div>\n<div class=\"x11i5rnm xat24cr x1mh8g0r x1vvkbs xtlvy1s x126k92a\">\n<div dir=\"auto\">\u00a0N\u1ebfu b\u1ea1n \u0111ang loay hoay t\u00ecm ki\u1ebfm d\u00f2ng s\u1ea3n ph\u1ea9m th\u1ef1c s\u1ef1 ch\u1ea5t l\u01b0\u1ee3ng \u0111\u1ec3 ph\u00e2n ph\u1ed1i li\u00ean h\u1ec7 v\u1edbi Thu\u1eadn Phong qua hotline: 0869.564.567<\/div>\n<div dir=\"auto\">\u2014\u2014\u2014\u2014\u2014\u2014\u2014\u2014\u2014\u2014\u2014\u2013<\/div>\n<div dir=\"auto\">\n<div class=\"html-div xdj266r x11i5rnm xat24cr x1mh8g0r xexx8yu x4uap5 x18d9i69 xkhd6sd\">\n<div class=\"html-div xdj266r x11i5rnm xat24cr x1mh8g0r xexx8yu x4uap5 x18d9i69 xkhd6sd\" dir=\"auto\">\n<div id=\":r8c8:\" class=\"x1iorvi4 x1pi30zi x1l90r2v x1swvt13\" data-ad-comet-preview=\"message\" data-ad-preview=\"message\">\n<div class=\"x78zum5 xdt5ytf xz62fqu x16ldp7u\">\n<div class=\"xu06os2 x1ok221b\">\n<div class=\"x11i5rnm xat24cr x1mh8g0r x1vvkbs xtlvy1s x126k92a\">\n<div dir=\"auto\"><a href=\"https:\/\/www.facebook.com\/DienMatTroi.SolarQuangBinh\">CH\u1eccN THU\u1eacN PHONG \u2013 CH\u1eccN S\u1ef0 AN T\u00c2M<\/a><\/div>\n<div dir=\"auto\"><span class=\"html-span xexx8yu x4uap5 x18d9i69 xkhd6sd x1hl2dhg x16tdsg8 x1vvkbs x3nfvp2 x1j61x8r x1fcty0u xdj266r xat24cr xgzva0m xhhsvwb xxymvpz xlup9mm x1kky2od\"><img decoding=\"async\" loading=\"lazy\" class=\"xz74otr lazy-load-active\" src=\"https:\/\/static.xx.fbcdn.net\/images\/emoji.php\/v9\/t4c\/1\/16\/25aa.png\" alt=\"\u25aa\" width=\"16\" height=\"16\" data-src=\"https:\/\/static.xx.fbcdn.net\/images\/emoji.php\/v9\/t4c\/1\/16\/25aa.png\" \/><\/span>\u00a0Hotline: 0869.564.567<\/div>\n<div dir=\"auto\"><span class=\"html-span xexx8yu x4uap5 x18d9i69 xkhd6sd x1hl2dhg x16tdsg8 x1vvkbs x3nfvp2 x1j61x8r x1fcty0u xdj266r xat24cr xgzva0m xhhsvwb xxymvpz xlup9mm x1kky2od\"><img decoding=\"async\" loading=\"lazy\" class=\"xz74otr lazy-load-active\" src=\"https:\/\/static.xx.fbcdn.net\/images\/emoji.php\/v9\/t4c\/1\/16\/25aa.png\" alt=\"\u25aa\" width=\"16\" height=\"16\" data-src=\"https:\/\/static.xx.fbcdn.net\/images\/emoji.php\/v9\/t4c\/1\/16\/25aa.png\" \/><\/span>\u00a0K\u1ef9 thu\u1eadt: Mr D\u0169ng 0899768777<\/div>\n<div dir=\"auto\"><span class=\"html-span xexx8yu x4uap5 x18d9i69 xkhd6sd x1hl2dhg x16tdsg8 x1vvkbs x3nfvp2 x1j61x8r x1fcty0u xdj266r xat24cr xgzva0m xhhsvwb xxymvpz xlup9mm x1kky2od\"><img decoding=\"async\" loading=\"lazy\" class=\"xz74otr\" src=\"https:\/\/static.xx.fbcdn.net\/images\/emoji.php\/v9\/t4c\/1\/16\/25aa.png\" alt=\"\u25aa\ufe0f\" width=\"16\" height=\"16\" \/><\/span> Kinh doanh: Mr Ph\u00fac 0918.583.068<\/div>\n<div dir=\"auto\"><span class=\"html-span xexx8yu x4uap5 x18d9i69 xkhd6sd x1hl2dhg x16tdsg8 x1vvkbs x3nfvp2 x1j61x8r x1fcty0u xdj266r xat24cr xgzva0m xhhsvwb xxymvpz xlup9mm x1kky2od\"><img decoding=\"async\" loading=\"lazy\" class=\"xz74otr lazy-load-active\" src=\"https:\/\/static.xx.fbcdn.net\/images\/emoji.php\/v9\/t4c\/1\/16\/25aa.png\" alt=\"\u25aa\" width=\"16\" height=\"16\" data-src=\"https:\/\/static.xx.fbcdn.net\/images\/emoji.php\/v9\/t4c\/1\/16\/25aa.png\" \/><\/span>\u00a0Tr\u1ee5 s\u1edf ch\u00ednh: 30 Nguy\u1ec5n H\u1eefu D\u1eadt, ph\u01b0\u1eddng Nam L\u00fd, th\u00e0nh ph\u1ed1 \u0110\u1ed3ng H\u1edbi, t\u1ec9nh Qu\u1ea3ng B\u00ecnh, Vi\u1ec7t Nam<\/div>\n<div dir=\"auto\"><span class=\"html-span xexx8yu x4uap5 x18d9i69 xkhd6sd x1hl2dhg x16tdsg8 x1vvkbs x3nfvp2 x1j61x8r x1fcty0u xdj266r xat24cr xgzva0m xhhsvwb xxymvpz xlup9mm x1kky2od\"><img decoding=\"async\" loading=\"lazy\" class=\"xz74otr lazy-load-active\" src=\"https:\/\/static.xx.fbcdn.net\/images\/emoji.php\/v9\/t4c\/1\/16\/25aa.png\" alt=\"\u25aa\" width=\"16\" height=\"16\" data-src=\"https:\/\/static.xx.fbcdn.net\/images\/emoji.php\/v9\/t4c\/1\/16\/25aa.png\" \/><\/span>\u00a0Tr\u1ee5 s\u1edf H\u00e0 N\u1ed9i: Nh\u00e0 ph\u1ed1 th\u01b0\u01a1ng m\u1ea1i Khai S\u01a1n Town s\u1ed1 18 thu\u1ed9c Town 7, khu \u0111\u00f4 th\u1ecb Khai S\u01a1n City, Ph\u01b0\u1eddng Th\u01b0\u1ee3ng Thanh, Qu\u1eadn Long Bi\u00ean, TP H\u00e0 N\u1ed9i<\/div>\n<\/div>\n<\/div>\n<\/div>\n<\/div>\n<\/div>\n<\/div>\n<\/div>\n<\/div>\n<\/div>\n","protected":false},"excerpt":{"rendered":"<div id=\"input_line_0\">Th\u00f4ng s\u1ed1 k\u1ef9 thu\u1eadt:<\/div>\n<ul>\n<li id=\"input_line_3\"><span id=\"input_part_0\" class=\"\" data-mention=\"\u0110i\u1ec7n \u00e1p \u0111\u1ecbnh m\u1ee9c (VDC) 1000 \">\u0110i\u1ec7n \u00e1p \u0111\u1ecbnh m\u1ee9c (VDC): 1000 <\/span><\/li>\n<li id=\"input_line_6\"><span id=\"input_part_0\" class=\"\" data-mention=\"\u0110i\u1ec7n \u00e1p ho\u1ea1t \u0111\u1ed9ng li\u00ean t\u1ee5c (VDC) 1.100V \">\u0110i\u1ec7n \u00e1p ho\u1ea1t \u0111\u1ed9ng li\u00ean t\u1ee5c (VDC): 1.100V <\/span><\/li>\n<li id=\"input_line_9\"><span id=\"input_part_0\" class=\"\" data-mention=\"M\u1ee9c \u0111\u1ed9 b\u1ea3o v\u1ec7 \u0111i\u1ec7n \u00e1p l\u00ean 3.6 \">M\u1ee9c \u0111\u1ed9 b\u1ea3o v\u1ec7 \u0111i\u1ec7n \u00e1p: 3.6 <\/span><\/li>\n<li id=\"input_line_12\"><span id=\"input_part_0\" class=\"\" data-mention=\"D\u00f2ng x\u1ea3 danh ngh\u0129a In (8\/20\u03bcs) 20KA\">D\u00f2ng x\u1ea3 danh ngh\u0129a In (8\/20\u03bcs): 20KA<\/span><\/li>\n<li id=\"input_line_13\"><span id=\"input_part_0\" class=\"\" data-mention=\"D\u00f2ng x\u1ea3 t\u1ed1i \u0111a Imax (8\/20\u03bcs) 40KA\">D\u00f2ng x\u1ea3 t\u1ed1i \u0111a Imax (8\/20\u03bcs): 40KA<\/span><\/li>\n<li id=\"input_line_14\"><span id=\"input_part_0\" class=\"\" data-mention=\"Th\u1eddi gian ph\u1ea3n \u1ee9ng \uff1c25ns\">Th\u1eddi gian ph\u1ea3n \u1ee9ng: \uff1c25ns<\/span><\/li>\n<li id=\"input_line_15\"><span id=\"input_part_0\" class=\"\" data-mention=\"Chi\u1ec1u r\u1ed9ng\/C\u1ef1c 18mm\">Chi\u1ec1u r\u1ed9ng\/C\u1ef1c: 18mm<\/span><\/li>\n<li id=\"input_line_16\"><span id=\"input_part_0\" class=\"\" data-mention=\"V\u1eadt li\u1ec7u v\u1ecf PBT\">V\u1eadt li\u1ec7u v\u1ecf: PBT<\/span><\/li>\n<li id=\"input_line_17\"><span id=\"input_part_0\" class=\"\" data-mention=\"Nhi\u1ec7t \u0111\u1ed9 m\u00f4i tr\u01b0\u1eddng -40\u2103-80\u2103\">Nhi\u1ec7t \u0111\u1ed9 m\u00f4i tr\u01b0\u1eddng: -40\u2103-80\u2103<\/span><\/li>\n<li id=\"input_line_18\"><span id=\"input_part_0\" class=\"\" data-mention=\"C\u1ea7u ch\u00ec ho\u1eb7c c\u1ea7u dao \u0111i\u1ec7n ph\u00f9 h\u1ee3p 25A\">C\u1ea7u ch\u00ec ho\u1eb7c c\u1ea7u dao \u0111i\u1ec7n ph\u00f9 h\u1ee3p: 25A<\/span><\/li>\n<li id=\"input_line_19\"><span id=\"input_part_0\" class=\"\" data-mention=\"Th\u00f4ng s\u1ed1 k\u1ef9 thu\u1eadt c\u1ee7a thi\u1ebft b\u1ecb \u0111\u1ea7u cu\u1ed1i \u0110\u01b0\u1eddng k\u1ebb 2,5~35mm2\">Th\u00f4ng s\u1ed1 k\u1ef9 thu\u1eadt c\u1ee7a thi\u1ebft b\u1ecb \u0111\u1ea7u cu\u1ed1i \u0110\u01b0\u1eddng k\u1ebb: 2,5~35mm2<\/span><\/li>\n<li id=\"input_line_20\"><span id=\"input_part_0\" class=\"\" data-mention=\"Th\u1ec3 d\u1ee5c 2,5~35mm2\">Th\u1ec3 d\u1ee5c: 2,5~35mm2<\/span><\/li>\n<li id=\"input_line_21\"><span id=\"input_part_0\" class=\"\" data-mention=\"T\u00edn hi\u1ec7u 1,5mm2\">T\u00edn hi\u1ec7u: 1,5mm2<\/span><\/li>\n<li id=\"input_line_22\"><span id=\"input_part_0\" class=\"\" data-mention=\"S\u1ed1 l\u01b0\u1ee3ng c\u1ef1c V+\/PE\/V-\">S\u1ed1 l\u01b0\u1ee3ng c\u1ef1c: V+\/PE\/V-<\/span><\/li>\n<li id=\"input_line_23\"><span id=\"input_part_0\" class=\"\" data-mention=\"M\u1ee9c \u0111\u1ed9 b\u1ea3o v\u1ec7 IP20\">M\u1ee9c \u0111\u1ed9 b\u1ea3o v\u1ec7: IP20<\/span><\/li>\n<\/ul>\n<h3>[icon name=&#8221;download&#8221; prefix=&#8221;fas&#8221;] Download<\/h3>\n<ul>\n<li><a href=\"https:\/\/tpenergy.com.vn\/wp-content\/uploads\/2024\/10\/EKU4-40Z-PV-SOLAR-DC-SPD.pdf\">DATASHEET<\/a><\/li>\n<\/ul>\n","protected":false},"featured_media":4769,"comment_status":"open","ping_status":"closed","template":"","meta":[],"product_cat":[775],"product_tag":[784,780,785],"jetpack-related-posts":[{"id":4751,"url":"https:\/\/tp-electric.vn\/index.php\/san-pham\/thiet-bi-chong-set-lan-truyen-etek-eku5-t2-40pv-3m-1000\/","url_meta":{"origin":4748,"position":0},"title":"Thi\u1ebft b\u1ecb ch\u1ed1ng s\u00e9t lan truy\u1ec1n ETEK EKU5-T2-40PV-3M-1000","author":"Admin","date":"11\/12\/2024","format":false,"excerpt":"Th\u00f4ng s\u1ed1 k\u1ef9 thu\u1eadt: \u0110i\u1ec7n \u00e1p \u0111\u1ecbnh m\u1ee9c (VDC): 1000 \u0110i\u1ec7n \u00e1p ho\u1ea1t \u0111\u1ed9ng li\u00ean t\u1ee5c (VDC): 1.100V M\u1ee9c \u0111\u1ed9 b\u1ea3o v\u1ec7 \u0111i\u1ec7n \u00e1p: 3.6 D\u00f2ng x\u1ea3 danh ngh\u0129a In (8\/20\u03bcs): 20KA D\u00f2ng x\u1ea3 t\u1ed1i \u0111a Imax (8\/20\u03bcs): 40KA Th\u1eddi gian ph\u1ea3n \u1ee9ng: \uff1c25ns Chi\u1ec1u r\u1ed9ng\/C\u1ef1c: 18mm V\u1eadt li\u1ec7u v\u1ecf:\u2026","rel":"","context":"Similar post","block_context":{"text":"Similar post","link":""},"img":{"alt_text":"","src":"https:\/\/i0.wp.com\/tp-electric.vn\/wp-content\/uploads\/2024\/12\/eku4-40z-dc-spd-for-pv-system.jpg?fit=800%2C800&ssl=1&resize=350%2C200","width":350,"height":200,"srcset":"https:\/\/i0.wp.com\/tp-electric.vn\/wp-content\/uploads\/2024\/12\/eku4-40z-dc-spd-for-pv-system.jpg?fit=800%2C800&ssl=1&resize=350%2C200 1x, https:\/\/i0.wp.com\/tp-electric.vn\/wp-content\/uploads\/2024\/12\/eku4-40z-dc-spd-for-pv-system.jpg?fit=800%2C800&ssl=1&resize=700%2C400 2x"},"classes":[]},{"id":4745,"url":"https:\/\/tp-electric.vn\/index.php\/san-pham\/thiet-bi-chong-set-lan-truyen-etek-t2-40ka-440v\/","url_meta":{"origin":4748,"position":1},"title":"Thi\u1ebft b\u1ecb ch\u1ed1ng s\u00e9t lan truy\u1ec1n ETEK T2-40KA-440V","author":"Admin","date":"11\/12\/2024","format":false,"excerpt":"Th\u00f4ng s\u1ed1 s\u1ea3n ph\u1ea9m: Model: EKU5-T2-40-3P-440 \u0110i\u1ec7n \u00e1p ho\u1ea1t \u0111\u1ed9ng li\u00ean t\u1ee5c t\u1ed1i \u0111a (Uc): 440V \u0110i\u1ec7n \u00e1p ho\u1ea1t \u0111\u1ed9ng li\u00ean t\u1ee5c t\u1ed1i \u0111a (Uc(N-PE)): 255V D\u00f2ng x\u1ea3 \u0111\u1ecbnh m\u1ee9c (8\/20\u03bcs): 20kA D\u00f2ng x\u1ea3 t\u1ed1i \u0111a (8\/20\u03bcs): 40kA M\u1ee9c \u0111\u1ed9 b\u1ea3o v\u1ec7 \u0111i\u1ec7n \u00e1p: \u22642,0kV M\u1ee9c b\u1ea3o v\u1ec7 \u0111i\u1ec7n \u00e1p\u2026","rel":"","context":"Similar post","block_context":{"text":"Similar post","link":""},"img":{"alt_text":"","src":"https:\/\/i0.wp.com\/tp-electric.vn\/wp-content\/uploads\/2024\/12\/eku5-t2-40-spd-type-2-imax-40ka-3.jpg?fit=800%2C800&ssl=1&resize=350%2C200","width":350,"height":200,"srcset":"https:\/\/i0.wp.com\/tp-electric.vn\/wp-content\/uploads\/2024\/12\/eku5-t2-40-spd-type-2-imax-40ka-3.jpg?fit=800%2C800&ssl=1&resize=350%2C200 1x, https:\/\/i0.wp.com\/tp-electric.vn\/wp-content\/uploads\/2024\/12\/eku5-t2-40-spd-type-2-imax-40ka-3.jpg?fit=800%2C800&ssl=1&resize=700%2C400 2x"},"classes":[]},{"id":4763,"url":"https:\/\/tp-electric.vn\/index.php\/san-pham\/vo-tu-dien-chong-nuoc-etek-ht-24way\/","url_meta":{"origin":4748,"position":2},"title":"V\u1ecf t\u1ee7 \u0111i\u1ec7n ch\u1ed1ng n\u01b0\u1edbc ETEK HT-24WAY","author":"Admin","date":"11\/12\/2024","format":false,"excerpt":"Th\u00f4ng s\u1ed1 s\u1ea3n ph\u1ea9m: T\u1ee7 \u0111i\u1ec7n \u0111\u01b0\u1ee3c s\u1eed d\u1ee5ng cho h\u1ec7 th\u1ed1ng \u0111i\u1ec1u khi\u1ec3n c\u00f3 th\u1ec3 g\u1eafn \u0111\u01b0\u1ee3c 12 aptomat 2P T\u1ee7 \u0111i\u1ec7n c\u00f3 2 thanh c\u00e0i Din-rail 35mm X\u1ebfp h\u1ea1ng \u0111i\u1ec7n 100A \/ m\u1ed9t pha, 63A \/ ba pha, 240 \/ 415V AC 50 \/ 60Hz T\u1ee7 \u0111\u00e3 \u0111\u01b0\u1ee3c\u2026","rel":"","context":"Similar post","block_context":{"text":"Similar post","link":""},"img":{"alt_text":"","src":"https:\/\/i0.wp.com\/tp-electric.vn\/wp-content\/uploads\/2024\/12\/Vo-tu-dien-cao-cap-chong-nuoc-ETEK-HT-24WAY-510x510-1.jpg?fit=510%2C510&ssl=1&resize=350%2C200","width":350,"height":200},"classes":[]},{"id":4774,"url":"https:\/\/tp-electric.vn\/index.php\/san-pham\/vo-tu-dien-chong-nuoc-etek-ht-18way\/","url_meta":{"origin":4748,"position":3},"title":"V\u1ecf t\u1ee7 \u0111i\u1ec7n ch\u1ed1ng n\u01b0\u1edbc ETEK HT-18WAY","author":"Admin","date":"11\/12\/2024","format":false,"excerpt":"Th\u00f4ng s\u1ed1 s\u1ea3n ph\u1ea9m: T\u1ee7 \u0111i\u1ec7n \u0111\u01b0\u1ee3c s\u1eed d\u1ee5ng cho h\u1ec7 th\u1ed1ng \u0111i\u1ec1u khi\u1ec3n c\u00f3 th\u1ec3 g\u1eafn \u0111\u01b0\u1ee3c 9 aptomat 2P T\u1ee7 \u0111i\u1ec7n c\u00f3 thanh c\u00e0i Din-rail 35mm X\u1ebfp h\u1ea1ng \u0111i\u1ec7n 100A \/ m\u1ed9t pha, 63A \/ ba pha, 240 \/ 415V AC 50 \/ 60Hz T\u1ee7 \u0111\u00e3 \u0111\u01b0\u1ee3c \u0111\u1ecbnh\u2026","rel":"","context":"Similar post","block_context":{"text":"Similar post","link":""},"img":{"alt_text":"","src":"https:\/\/i0.wp.com\/tp-electric.vn\/wp-content\/uploads\/2024\/12\/Vo-tu-dien-cao-cap-chong-nuoc-ETEK-HT-18WAY-510x510-1.jpg?fit=510%2C510&ssl=1&resize=350%2C200","width":350,"height":200},"classes":[]},{"id":2937,"url":"https:\/\/tp-electric.vn\/index.php\/san-pham\/aptomat-chong-set-lan-truyen-truc-tiep-abb\/","url_meta":{"origin":4748,"position":4},"title":"APTOMAT CH\u1ed0NG S\u00c9T LAN TRUY\u1ec0N TR\u1ef0C TI\u1ebeP ABB","author":"","date":"13\/02\/2023","format":false,"excerpt":"Aptomat ch\u1ed1ng s\u00e9t lan truy\u1ec1n tr\u1ef1c ti\u1ebfp ABB d\u00f2ng s\u1ea3n ph\u1ea9m c\u00f3 ch\u1ee9c n\u0103ng b\u1ea3o v\u1ec7 s\u00e9t \u0111\u00e1nh tr\u1ef1c ti\u1ebfp cho h\u1ec7 th\u1ed1ng \u0111i\u1ec7n, b\u1ea3o v\u1ec7 qu\u00e1 \u0111i\u1ec7n \u00e1p cho c\u00e1c thi\u1ebft b\u1ecb \u0111i\u1ec7n d\u00e2n d\u1ee5ng, c\u00f4ng nghi\u1ec7p. \u00a0\u01afU \u0110I\u1ec2M: Ch\u1ed1ng s\u00e9t \u0111\u00e1nh tr\u1ef1c ti\u1ebfp cho c\u00e1c thi\u1ebft b\u1ecb \u0111i\u1ec7n\u2026","rel":"","context":"Similar post","block_context":{"text":"Similar post","link":""},"img":{"alt_text":"","src":"https:\/\/i0.wp.com\/tp-electric.vn\/wp-content\/uploads\/2023\/02\/CS-TT.png?fit=1200%2C1200&ssl=1&resize=350%2C200","width":350,"height":200,"srcset":"https:\/\/i0.wp.com\/tp-electric.vn\/wp-content\/uploads\/2023\/02\/CS-TT.png?fit=1200%2C1200&ssl=1&resize=350%2C200 1x, https:\/\/i0.wp.com\/tp-electric.vn\/wp-content\/uploads\/2023\/02\/CS-TT.png?fit=1200%2C1200&ssl=1&resize=700%2C400 2x, https:\/\/i0.wp.com\/tp-electric.vn\/wp-content\/uploads\/2023\/02\/CS-TT.png?fit=1200%2C1200&ssl=1&resize=1050%2C600 3x"},"classes":[]},{"id":4760,"url":"https:\/\/tp-electric.vn\/index.php\/san-pham\/aptomat-etek-dc-mcb-ekm1-125dc-2c125\/","url_meta":{"origin":4748,"position":5},"title":"Aptomat ETEK DC MCB EKM1-125DC-2C125","author":"Admin","date":"11\/12\/2024","format":false,"excerpt":"M\u00f4 t\u1ea3 s\u1ea3n ph\u1ea9m: D\u00f2ng \u0111i\u1ec7n \u0111\u1ecbnh m\u1ee9c trong 125A C\u1ef1c 2P \u0110i\u1ec7n \u00e1p \u0111\u1ecbnh m\u1ee9c Ue 2P(500V) Kh\u1ea3 n\u0103ng ph\u00e1 v\u1ee1 \u0111\u1ecbnh m\u1ee9c 10.000A \u0110i\u1ec7n \u00e1p ch\u1ecbu \u0111\u01b0\u1ee3c xung \u0111\u1ecbnh m\u1ee9c (1,5\/50) Uimp 4.000V \u0110i\u1ec7n \u00e1p th\u1eed nghi\u1ec7m \u0111i\u1ec7n m\u00f4i \u1edf t\u1ea7n s\u1ed1 ind. trong 1 ph\u00fat 2kV M\u1ee9c\u2026","rel":"","context":"Similar post","block_context":{"text":"Similar post","link":""},"img":{"alt_text":"","src":"https:\/\/i0.wp.com\/tp-electric.vn\/wp-content\/uploads\/2024\/12\/EKM1-125-2p-dc-mcb.jpg?fit=800%2C800&ssl=1&resize=350%2C200","width":350,"height":200,"srcset":"https:\/\/i0.wp.com\/tp-electric.vn\/wp-content\/uploads\/2024\/12\/EKM1-125-2p-dc-mcb.jpg?fit=800%2C800&ssl=1&resize=350%2C200 1x, https:\/\/i0.wp.com\/tp-electric.vn\/wp-content\/uploads\/2024\/12\/EKM1-125-2p-dc-mcb.jpg?fit=800%2C800&ssl=1&resize=700%2C400 2x"},"classes":[]}],"_links":{"self":[{"href":"https:\/\/tp-electric.vn\/index.php\/wp-json\/wp\/v2\/product\/4748"}],"collection":[{"href":"https:\/\/tp-electric.vn\/index.php\/wp-json\/wp\/v2\/product"}],"about":[{"href":"https:\/\/tp-electric.vn\/index.php\/wp-json\/wp\/v2\/types\/product"}],"replies":[{"embeddable":true,"href":"https:\/\/tp-electric.vn\/index.php\/wp-json\/wp\/v2\/comments?post=4748"}],"wp:featuredmedia":[{"embeddable":true,"href":"https:\/\/tp-electric.vn\/index.php\/wp-json\/wp\/v2\/media\/4769"}],"wp:attachment":[{"href":"https:\/\/tp-electric.vn\/index.php\/wp-json\/wp\/v2\/media?parent=4748"}],"wp:term":[{"taxonomy":"product_cat","embeddable":true,"href":"https:\/\/tp-electric.vn\/index.php\/wp-json\/wp\/v2\/product_cat?post=4748"},{"taxonomy":"product_tag","embeddable":true,"href":"https:\/\/tp-electric.vn\/index.php\/wp-json\/wp\/v2\/product_tag?post=4748"}],"curies":[{"name":"wp","href":"https:\/\/api.w.org\/{rel}","templated":true}]}}