{"id":4742,"date":"2024-12-11T08:36:58","date_gmt":"2024-12-11T01:36:58","guid":{"rendered":"https:\/\/tp-electric.vn\/?post_type=product&#038;p=4742"},"modified":"2024-12-12T15:11:46","modified_gmt":"2024-12-12T08:11:46","slug":"thiet-bi-chong-set-lan-truyen-etek-t2-20ka-275v","status":"publish","type":"product","link":"https:\/\/tp-electric.vn\/index.php\/san-pham\/thiet-bi-chong-set-lan-truyen-etek-t2-20ka-275v\/","title":{"rendered":"Thi\u1ebft b\u1ecb ch\u1ed1ng s\u00e9t lan truy\u1ec1n ETEK T2-20kA-275V"},"content":{"rendered":"<div id=\"content1\" class=\"nr\">\n<p><strong>T\u1ed5ng quan v\u1ec1 Thi\u1ebft b\u1ecb ch\u1ed1ng s\u00e9t lan truy\u1ec1n AC ETEK\u00a0<\/strong><\/p>\n<div class=\"box\"><span class=\"fontstyle0\">Thi\u1ebft b\u1ecb ch\u1ed1ng s\u00e9t lan truy\u1ec1n ETEK T2-20kA-275V (EKU5-T2-20-2P-275)<\/span> cung c\u1ea5p kh\u1ea3 n\u0103ng b\u1ea3o v\u1ec7 cho thi\u1ebft b\u1ecb \u0111\u01b0\u1ee3c k\u1ebft n\u1ed1i v\u1edbi ngu\u1ed3n \u0111i\u1ec7n xoay chi\u1ec1u \u0111i\u1ec7n \u00e1p th\u1ea5p, b\u1ea3o v\u1ec7 ch\u1ed1ng l\u1ea1i qu\u00e1 \u00e1p t\u1ea1m th\u1eddi do s\u00e9t \u0111\u00e1nh c\u1ee5c b\u1ed9 ho\u1eb7c do chuy\u1ec3n m\u1ea1ch t\u1ea3i \u0111i\u1ec7n c\u1ea3m ho\u1eb7c \u0111i\u1ec7n dung. Ch\u00fang c\u00f3 s\u1eb5n v\u1edbi \u0111\u1ebf k\u1ebft n\u1ed1i g\u1eafn tr\u00ean thanh ray DIN trong 1, 2, 3 ho\u1eb7c 4 m\u00f4-\u0111un, cho ph\u00e9p d\u1ec5 d\u00e0ng c\u1eafm v\u00e0o c\u00e1c m\u00f4-\u0111un ch\u1ed1ng s\u00e9t lan truy\u1ec1n \u0111\u00e3 ch\u1ecdn.<img decoding=\"async\" loading=\"lazy\" class=\"alignnone size-full wp-image-5242\" src=\"https:\/\/i0.wp.com\/tpenergy.com.vn\/wp-content\/uploads\/2024\/10\/eku5-t2-20-spd-type-2-imax-20ka-8.jpg?resize=612%2C318&#038;ssl=1\" alt=\"\" width=\"612\" height=\"318\" data-recalc-dims=\"1\" \/><img decoding=\"async\" loading=\"lazy\" class=\"alignnone size-full wp-image-5243\" src=\"https:\/\/i0.wp.com\/tpenergy.com.vn\/wp-content\/uploads\/2024\/10\/eku5-t2-20-spd-type-2-imax-20ka-5.jpg?resize=1020%2C349&#038;ssl=1\" alt=\"\" width=\"1020\" height=\"349\" data-recalc-dims=\"1\" \/><\/div>\n<\/div>\n<div id=\"content2\" class=\"nr\">\n<p><strong>Th\u00f4ng s\u1ed1 k\u1ef9 thu\u1eadt:<\/strong><\/p>\n<div class=\"box\">\n<h5>B\u1ea3ng 1<\/h5>\n<table style=\"height: 160px;\" width=\"1404\">\n<tbody>\n<tr>\n<td>S\u1ed1 l\u01b0\u1ee3ng c\u1ef1c<\/td>\n<td>1P<\/td>\n<td>2P<\/td>\n<td>3P<\/td>\n<td>4P<\/td>\n<td>1P+NPE<\/td>\n<td>3P+NPE<\/td>\n<\/tr>\n<tr>\n<td>H\u1ec7 th\u1ed1ng m\u1ea1ng<\/td>\n<td>TN-S, TN-C, TT(ch\u1ec9 LN)<\/td>\n<td>TN-S<\/td>\n<td>TN-C<\/td>\n<td>TN-S<\/td>\n<td colspan=\"2\" rowspan=\"1\">TT, TN-S<\/td>\n<\/tr>\n<tr>\n<td>Ch\u1ebf \u0111\u1ed9 b\u1ea3o v\u1ec7<\/td>\n<td>L-PE, N-PE(ch\u1ec9TN-S), L-PEN, LN<\/td>\n<td>L-PE, N-PE<\/td>\n<td>B\u00fat L-PEN<\/td>\n<td>L-PE, N-PE<\/td>\n<td colspan=\"2\" rowspan=\"1\">LN, N-PE<\/td>\n<\/tr>\n<tr>\n<td>C\u00e1c y\u1ebfu t\u1ed1 b\u1ea3o v\u1ec7<\/td>\n<td colspan=\"4\" rowspan=\"1\">MOV n\u0103ng l\u01b0\u1ee3ng cao<\/td>\n<td colspan=\"2\" rowspan=\"1\">MOV v\u00e0 GDT n\u0103ng l\u01b0\u1ee3ng cao<\/td>\n<\/tr>\n<\/tbody>\n<\/table>\n<hr \/>\n<h5>B\u1ea3ng 2<\/h5>\n<table style=\"height: 380px;\" width=\"1400\">\n<tbody>\n<tr>\n<td>\u0110i\u1ec7n \u00e1p ho\u1ea1t \u0111\u1ed9ng li\u00ean t\u1ee5c t\u1ed1i \u0111a (LN)<\/td>\n<td>Uc<\/td>\n<td style=\"text-align: center;\">150V<\/td>\n<td style=\"text-align: center;\">275V<\/td>\n<td style=\"text-align: center;\">320V<\/td>\n<td style=\"text-align: center;\">385V<\/td>\n<td style=\"text-align: center;\">440V<\/td>\n<\/tr>\n<tr>\n<td>\u0110i\u1ec7n \u00e1p ho\u1ea1t \u0111\u1ed9ng li\u00ean t\u1ee5c t\u1ed1i \u0111a (N-PE)<\/td>\n<td style=\"text-align: center;\">Uc<\/td>\n<td style=\"text-align: center;\" colspan=\"5\" rowspan=\"1\">255V<\/td>\n<\/tr>\n<tr>\n<td>D\u00f2ng \u0111i\u1ec7n x\u1ea3 \u0111\u1ecbnh m\u1ee9c (8\/20\u03bcs) (LN)\/(N-PE)<\/td>\n<td>TRONG<\/td>\n<td style=\"text-align: center;\" colspan=\"5\" rowspan=\"1\">10kA<\/td>\n<\/tr>\n<tr>\n<td>D\u00f2ng x\u1ea3 t\u1ed1i \u0111a (8\/20\u03bcs) (LN)\/(N-PE)<\/td>\n<td>Imax<\/td>\n<td style=\"text-align: center;\" colspan=\"5\" rowspan=\"1\">20kA<\/td>\n<\/tr>\n<tr>\n<td>M\u1ee9c b\u1ea3o v\u1ec7 \u0111i\u1ec7n \u00e1p (LN)\/(N-PE)<\/td>\n<td>H\u01b0\u1edbng l\u00ean<\/td>\n<td>\n<ol>\n<li>0,8kV\/1,5kV<\/li>\n<\/ol>\n<\/td>\n<td>1,0kV\/1,5kV<\/td>\n<td>1,2kV\/1,5kV<\/td>\n<td>1,45kV\/1,5kV<\/td>\n<td>1,6kV\/1,5kV<\/td>\n<\/tr>\n<tr>\n<td>M\u1ee9c b\u1ea3o v\u1ec7 \u0111i\u1ec7n \u00e1p 5kA<\/td>\n<td>H\u01b0\u1edbng l\u00ean<\/td>\n<td style=\"text-align: center;\">0,5kV<\/td>\n<td style=\"text-align: center;\">0,8kV<\/td>\n<td style=\"text-align: center;\">1,0kV<\/td>\n<td style=\"text-align: center;\">1,2kV<\/td>\n<td style=\"text-align: center;\">1,4kV<\/td>\n<\/tr>\n<tr>\n<td>Th\u1eddi gian ph\u1ea3n h\u1ed3i (LN)\/(N-PE)<\/td>\n<td style=\"text-align: center;\">tA<\/td>\n<td style=\"text-align: center;\" colspan=\"5\" rowspan=\"1\">\u226425ns\/\u2264100ns<\/td>\n<\/tr>\n<tr>\n<td>Ph\u1ea1m vi nhi\u1ec7t \u0111\u1ed9 ho\u1ea1t \u0111\u1ed9ng<\/td>\n<td>B\u1ea1n<\/td>\n<td style=\"text-align: center;\" colspan=\"5\" rowspan=\"1\">-40\u2103 \u0111\u1ebfn +80\u2103<\/td>\n<\/tr>\n<tr>\n<td style=\"text-align: left;\" colspan=\"2\" rowspan=\"1\">C\u1ea7u ch\u00ec d\u1ef1 ph\u00f2ng t\u1ed1i \u0111a<\/td>\n<td style=\"text-align: center;\" colspan=\"5\" rowspan=\"1\">125 A gL\/gG<\/td>\n<\/tr>\n<tr>\n<td style=\"text-align: left;\" colspan=\"2\" rowspan=\"1\">Ch\u1ec9 b\u00e1o tr\u1ea1ng th\u00e1i ho\u1ea1t \u0111\u1ed9ng\/l\u1ed7i<\/td>\n<td style=\"text-align: center;\" colspan=\"5\" rowspan=\"1\">Xanh l\u00e1\/\u0110\u1ecf (LN), V\u00e0ng (N-PE)<\/td>\n<\/tr>\n<tr>\n<td colspan=\"2\" rowspan=\"1\">Di\u1ec7n t\u00edch m\u1eb7t c\u1eaft ngang (T\u1ed1i thi\u1ec3u)\/(T\u1ed1i \u0111a)<\/td>\n<td style=\"text-align: center;\" colspan=\"5\" rowspan=\"1\">4mm\u00b2\/35mm\u00b2<\/td>\n<\/tr>\n<tr>\n<td colspan=\"2\" rowspan=\"1\">L\u1eafp r\u00e1p<\/td>\n<td style=\"text-align: center;\" colspan=\"5\" rowspan=\"1\">Thanh ray DIN 35 mm, EN 60715<\/td>\n<\/tr>\n<tr>\n<td style=\"text-align: left;\" colspan=\"2\" rowspan=\"1\">V\u1eadt li\u1ec7u bao v\u00e2y<\/td>\n<td style=\"text-align: center;\" colspan=\"5\" rowspan=\"1\">Nh\u1ef1a nhi\u1ec7t UL94-V0<\/td>\n<\/tr>\n<tr>\n<td style=\"text-align: left;\" colspan=\"2\" rowspan=\"1\">M\u1ee9c \u0111\u1ed9 b\u1ea3o v\u1ec7<\/td>\n<td style=\"text-align: center;\" colspan=\"5\" rowspan=\"1\">IP20 (t\u00edch h\u1ee3p)<\/td>\n<\/tr>\n<\/tbody>\n<\/table>\n<\/div>\n<div class=\"box\">\n<p><strong>S\u01a1 \u0111\u1ed3 m\u1ea1ch c\u01a1 b\u1ea3n<\/strong><\/p>\n<h5><img decoding=\"async\" loading=\"lazy\" class=\"\" src=\"https:\/\/i0.wp.com\/www.etek-china.com\/upload\/1c\/202312\/EKU5-T2-20kA-Circuit-Daigram-1p-4p.png?resize=1020%2C368&#038;ssl=1\" alt=\"\" width=\"1020\" height=\"368\" data-recalc-dims=\"1\" \/><\/h5>\n<p><img decoding=\"async\" loading=\"lazy\" class=\"\" src=\"https:\/\/i0.wp.com\/www.etek-china.com\/upload\/1c\/202312\/EKU5-T2-20kA-Circuit-Daigram-n+1.png?resize=712%2C461&#038;ssl=1\" alt=\"\" width=\"712\" height=\"461\" data-recalc-dims=\"1\" \/><\/p>\n<hr \/>\n<p><strong>K\u00edch th\u01b0\u1edbc l\u1eafp \u0111\u1eb7t<\/strong><img decoding=\"async\" loading=\"lazy\" class=\"\" src=\"https:\/\/i0.wp.com\/www.etek-china.com\/upload\/1c\/202312\/EKU5-T2-20kA-Size.png?resize=1020%2C437&#038;ssl=1\" alt=\"\" width=\"1020\" height=\"437\" data-recalc-dims=\"1\" \/><\/p>\n<\/div>\n<div class=\"box\">\n<p><strong>\u0110\u01a1n v\u1ecb ph\u00e2n ph\u1ed1i\u00a0<a href=\"https:\/\/tpenergy.com.vn\/index.php\/danh-muc-sp\/phu-kien\/thiet-bi-chong-set-lan-truyen\/etek\/\">Aptomat ETEK ch\u00ednh h\u00e3ng<\/a>:<\/strong>C\u00f4ng ty TNHH Th\u01b0\u01a1ng m\u1ea1i D\u1ecbch v\u1ee5 C\u01a1 \u0111i\u1ec7n Thu\u1eadn Phong l\u00e0 \u0111\u1ea1i l\u00fd ph\u00e2n ph\u1ed1i thi\u1ebft b\u1ecb \u0111i\u1ec7n ETEK ch\u00ednh h\u00e3ng t\u1ea1i th\u1ecb tr\u01b0\u1eddng Vi\u1ec7t Nam. M\u1ecdi kh\u00e1ch h\u00e0ng l\u1ef1a ch\u1ecdn tin t\u01b0\u1edfng v\u00e0o d\u1ecbch v\u1ee5, s\u1ea3n ph\u1ea9m do Thu\u1eadn Phong cung c\u1ea5p ch\u1eafc ch\u1eafn s\u1ebd kh\u00f4ng ph\u1ea3i h\u1ed1i h\u1eadn v\u1edbi l\u1ef1a ch\u1ecdn c\u1ee7a m\u00ecnh. D\u1ecbch v\u1ee5 lu\u00f4n t\u1ef1 tin \u0111\u01b0a ra c\u00e1c cam k\u1ebft ch\u1ea5t l\u01b0\u1ee3ng v\u01b0\u1ee3t tr\u1ed9i nh\u1ea5t khi ph\u1ee5c v\u1ee5 qu\u00fd kh\u00e1ch h\u00e0ng.<\/p>\n<div class=\"x11i5rnm xat24cr x1mh8g0r x1vvkbs xtlvy1s x126k92a\">\n<div dir=\"auto\">S\u1ea3n ph\u1ea9m c\u1ee7a Thu\u1eadn Phong khi \u0111\u1ebfn tay \u0111\u1ea1i l\u00fd lu\u00f4n \u0111\u1ea3m b\u1ea3o:<\/div>\n<div dir=\"auto\">\u2014 H\u00e0ng h\u00f3a ch\u00ednh h\u00e3ng, \u0111\u1ea7y \u0111\u1ee7 CO, CQ, VAT cho d\u1ef1 \u00e1n<\/div>\n<div dir=\"auto\"><span class=\"html-span xexx8yu x4uap5 x18d9i69 xkhd6sd x1hl2dhg x16tdsg8 x1vvkbs x3nfvp2 x1j61x8r x1fcty0u xdj266r xat24cr xgzva0m xhhsvwb xxymvpz xlup9mm x1kky2od\">\u2014\u00a0<\/span>Gi\u00e1 lu\u00f4n c\u1ea1nh tranh nh\u1edd nh\u1eadp kh\u1ea9u tr\u1ef1c ti\u1ebfp.<\/div>\n<div dir=\"auto\">\u2014 C\u1ea5p s\u1ec9 to\u00e0n qu\u1ed1c. V\u1eadn chuy\u1ec3n t\u1eadn n\u01a1i.<\/div>\n<\/div>\n<div class=\"x11i5rnm xat24cr x1mh8g0r x1vvkbs xtlvy1s x126k92a\">\n<div dir=\"auto\">\u00a0N\u1ebfu b\u1ea1n \u0111ang loay hoay t\u00ecm ki\u1ebfm d\u00f2ng s\u1ea3n ph\u1ea9m th\u1ef1c s\u1ef1 ch\u1ea5t l\u01b0\u1ee3ng \u0111\u1ec3 ph\u00e2n ph\u1ed1i li\u00ean h\u1ec7 v\u1edbi Thu\u1eadn Phong qua hotline: 0869.564.567<\/div>\n<div dir=\"auto\">\u2014\u2014\u2014\u2014\u2014\u2014\u2014\u2014\u2014\u2014\u2014\u2013<\/div>\n<div dir=\"auto\">\n<div class=\"html-div xdj266r x11i5rnm xat24cr x1mh8g0r xexx8yu x4uap5 x18d9i69 xkhd6sd\">\n<div class=\"html-div xdj266r x11i5rnm xat24cr x1mh8g0r xexx8yu x4uap5 x18d9i69 xkhd6sd\" dir=\"auto\">\n<div id=\":r8c8:\" class=\"x1iorvi4 x1pi30zi x1l90r2v x1swvt13\" data-ad-comet-preview=\"message\" data-ad-preview=\"message\">\n<div class=\"x78zum5 xdt5ytf xz62fqu x16ldp7u\">\n<div class=\"xu06os2 x1ok221b\">\n<div class=\"x11i5rnm xat24cr x1mh8g0r x1vvkbs xtlvy1s x126k92a\">\n<div dir=\"auto\"><a href=\"https:\/\/www.facebook.com\/DienMatTroi.SolarQuangBinh\">CH\u1eccN THU\u1eacN PHONG \u2013 CH\u1eccN S\u1ef0 AN T\u00c2M<\/a><\/div>\n<div dir=\"auto\"><span class=\"html-span xexx8yu x4uap5 x18d9i69 xkhd6sd x1hl2dhg x16tdsg8 x1vvkbs x3nfvp2 x1j61x8r x1fcty0u xdj266r xat24cr xgzva0m xhhsvwb xxymvpz xlup9mm x1kky2od\"><img decoding=\"async\" loading=\"lazy\" class=\"xz74otr lazy-load-active\" src=\"https:\/\/static.xx.fbcdn.net\/images\/emoji.php\/v9\/t4c\/1\/16\/25aa.png\" alt=\"\u25aa\" width=\"16\" height=\"16\" data-src=\"https:\/\/static.xx.fbcdn.net\/images\/emoji.php\/v9\/t4c\/1\/16\/25aa.png\" \/><\/span>\u00a0Hotline: 0869.564.567<\/div>\n<div dir=\"auto\"><span class=\"html-span xexx8yu x4uap5 x18d9i69 xkhd6sd x1hl2dhg x16tdsg8 x1vvkbs x3nfvp2 x1j61x8r x1fcty0u xdj266r xat24cr xgzva0m xhhsvwb xxymvpz xlup9mm x1kky2od\"><img decoding=\"async\" loading=\"lazy\" class=\"xz74otr lazy-load-active\" src=\"https:\/\/static.xx.fbcdn.net\/images\/emoji.php\/v9\/t4c\/1\/16\/25aa.png\" alt=\"\u25aa\" width=\"16\" height=\"16\" data-src=\"https:\/\/static.xx.fbcdn.net\/images\/emoji.php\/v9\/t4c\/1\/16\/25aa.png\" \/><\/span>\u00a0K\u1ef9 thu\u1eadt: Mr D\u0169ng 0899768777<\/div>\n<div dir=\"auto\"><span class=\"html-span xexx8yu x4uap5 x18d9i69 xkhd6sd x1hl2dhg x16tdsg8 x1vvkbs x3nfvp2 x1j61x8r x1fcty0u xdj266r xat24cr xgzva0m xhhsvwb xxymvpz xlup9mm x1kky2od\"><img decoding=\"async\" loading=\"lazy\" class=\"xz74otr\" src=\"https:\/\/static.xx.fbcdn.net\/images\/emoji.php\/v9\/t4c\/1\/16\/25aa.png\" alt=\"\u25aa\ufe0f\" width=\"16\" height=\"16\" \/><\/span> Kinh doanh: Mr Ph\u00fac 0918.583.068<\/div>\n<div dir=\"auto\"><span class=\"html-span xexx8yu x4uap5 x18d9i69 xkhd6sd x1hl2dhg x16tdsg8 x1vvkbs x3nfvp2 x1j61x8r x1fcty0u xdj266r xat24cr xgzva0m xhhsvwb xxymvpz xlup9mm x1kky2od\"><img decoding=\"async\" loading=\"lazy\" class=\"xz74otr lazy-load-active\" src=\"https:\/\/static.xx.fbcdn.net\/images\/emoji.php\/v9\/t4c\/1\/16\/25aa.png\" alt=\"\u25aa\" width=\"16\" height=\"16\" data-src=\"https:\/\/static.xx.fbcdn.net\/images\/emoji.php\/v9\/t4c\/1\/16\/25aa.png\" \/><\/span>\u00a0Tr\u1ee5 s\u1edf ch\u00ednh: 30 Nguy\u1ec5n H\u1eefu D\u1eadt, ph\u01b0\u1eddng Nam L\u00fd, th\u00e0nh ph\u1ed1 \u0110\u1ed3ng H\u1edbi, t\u1ec9nh Qu\u1ea3ng B\u00ecnh, Vi\u1ec7t Nam<\/div>\n<div dir=\"auto\"><span class=\"html-span xexx8yu x4uap5 x18d9i69 xkhd6sd x1hl2dhg x16tdsg8 x1vvkbs x3nfvp2 x1j61x8r x1fcty0u xdj266r xat24cr xgzva0m xhhsvwb xxymvpz xlup9mm x1kky2od\"><img decoding=\"async\" loading=\"lazy\" class=\"xz74otr lazy-load-active\" src=\"https:\/\/static.xx.fbcdn.net\/images\/emoji.php\/v9\/t4c\/1\/16\/25aa.png\" alt=\"\u25aa\" width=\"16\" height=\"16\" data-src=\"https:\/\/static.xx.fbcdn.net\/images\/emoji.php\/v9\/t4c\/1\/16\/25aa.png\" \/><\/span>\u00a0Tr\u1ee5 s\u1edf H\u00e0 N\u1ed9i: Nh\u00e0 ph\u1ed1 th\u01b0\u01a1ng m\u1ea1i Khai S\u01a1n Town s\u1ed1 18 thu\u1ed9c Town 7, khu \u0111\u00f4 th\u1ecb Khai S\u01a1n City, Ph\u01b0\u1eddng Th\u01b0\u1ee3ng Thanh, Qu\u1eadn Long Bi\u00ean, TP H\u00e0 N\u1ed9i<\/div>\n<\/div>\n<\/div>\n<\/div>\n<\/div>\n<\/div>\n<\/div>\n<\/div>\n<\/div>\n<\/div>\n<\/div>\n","protected":false},"excerpt":{"rendered":"<p>Th\u00f4ng s\u1ed1 s\u1ea3n ph\u1ea9m:<\/p>\n<ul>\n<li>Model: EKU5-T2-20-2P-275<\/li>\n<li>\u0110i\u1ec7n \u00e1p ho\u1ea1t \u0111\u1ed9ng li\u00ean t\u1ee5c t\u1ed1i \u0111a (Uc): 275V<\/li>\n<li>\u0110i\u1ec7n \u00e1p ho\u1ea1t \u0111\u1ed9ng li\u00ean t\u1ee5c t\u1ed1i \u0111a (Uc(N-PE)): 255V<\/li>\n<li>D\u00f2ng x\u1ea3 \u0111\u1ecbnh m\u1ee9c (8\/20\u03bcs): 10kA<\/li>\n<li>D\u00f2ng x\u1ea3 t\u1ed1i \u0111a (8\/20\u03bcs): 20kA<\/li>\n<li>M\u1ee9c \u0111\u1ed9 b\u1ea3o v\u1ec7 \u0111i\u1ec7n \u00e1p: \u22641,0kV<\/li>\n<li>M\u1ee9c b\u1ea3o v\u1ec7 \u0111i\u1ec7n \u00e1p 5kA: \u22640,8kV<\/li>\n<li>M\u1ee9c \u0111\u1ed9 b\u1ea3o v\u1ec7 \u0111i\u1ec7n \u00e1p: \u22641,5kV<\/li>\n<\/ul>\n","protected":false},"featured_media":4765,"comment_status":"open","ping_status":"closed","template":"","meta":[],"product_cat":[775],"product_tag":[776,777,778,779,780,781],"jetpack-related-posts":[{"id":4745,"url":"https:\/\/tp-electric.vn\/index.php\/san-pham\/thiet-bi-chong-set-lan-truyen-etek-t2-40ka-440v\/","url_meta":{"origin":4742,"position":0},"title":"Thi\u1ebft b\u1ecb ch\u1ed1ng s\u00e9t lan truy\u1ec1n ETEK T2-40KA-440V","author":"Admin","date":"11\/12\/2024","format":false,"excerpt":"Th\u00f4ng s\u1ed1 s\u1ea3n ph\u1ea9m: Model: EKU5-T2-40-3P-440 \u0110i\u1ec7n \u00e1p ho\u1ea1t \u0111\u1ed9ng li\u00ean t\u1ee5c t\u1ed1i \u0111a (Uc): 440V \u0110i\u1ec7n \u00e1p ho\u1ea1t \u0111\u1ed9ng li\u00ean t\u1ee5c t\u1ed1i \u0111a (Uc(N-PE)): 255V D\u00f2ng x\u1ea3 \u0111\u1ecbnh m\u1ee9c (8\/20\u03bcs): 20kA D\u00f2ng x\u1ea3 t\u1ed1i \u0111a (8\/20\u03bcs): 40kA M\u1ee9c \u0111\u1ed9 b\u1ea3o v\u1ec7 \u0111i\u1ec7n \u00e1p: \u22642,0kV M\u1ee9c b\u1ea3o v\u1ec7 \u0111i\u1ec7n \u00e1p\u2026","rel":"","context":"Similar post","block_context":{"text":"Similar post","link":""},"img":{"alt_text":"","src":"https:\/\/i0.wp.com\/tp-electric.vn\/wp-content\/uploads\/2024\/12\/eku5-t2-40-spd-type-2-imax-40ka-3.jpg?fit=800%2C800&ssl=1&resize=350%2C200","width":350,"height":200,"srcset":"https:\/\/i0.wp.com\/tp-electric.vn\/wp-content\/uploads\/2024\/12\/eku5-t2-40-spd-type-2-imax-40ka-3.jpg?fit=800%2C800&ssl=1&resize=350%2C200 1x, https:\/\/i0.wp.com\/tp-electric.vn\/wp-content\/uploads\/2024\/12\/eku5-t2-40-spd-type-2-imax-40ka-3.jpg?fit=800%2C800&ssl=1&resize=700%2C400 2x"},"classes":[]},{"id":4751,"url":"https:\/\/tp-electric.vn\/index.php\/san-pham\/thiet-bi-chong-set-lan-truyen-etek-eku5-t2-40pv-3m-1000\/","url_meta":{"origin":4742,"position":1},"title":"Thi\u1ebft b\u1ecb ch\u1ed1ng s\u00e9t lan truy\u1ec1n ETEK EKU5-T2-40PV-3M-1000","author":"Admin","date":"11\/12\/2024","format":false,"excerpt":"Th\u00f4ng s\u1ed1 k\u1ef9 thu\u1eadt: \u0110i\u1ec7n \u00e1p \u0111\u1ecbnh m\u1ee9c (VDC): 1000 \u0110i\u1ec7n \u00e1p ho\u1ea1t \u0111\u1ed9ng li\u00ean t\u1ee5c (VDC): 1.100V M\u1ee9c \u0111\u1ed9 b\u1ea3o v\u1ec7 \u0111i\u1ec7n \u00e1p: 3.6 D\u00f2ng x\u1ea3 danh ngh\u0129a In (8\/20\u03bcs): 20KA D\u00f2ng x\u1ea3 t\u1ed1i \u0111a Imax (8\/20\u03bcs): 40KA Th\u1eddi gian ph\u1ea3n \u1ee9ng: \uff1c25ns Chi\u1ec1u r\u1ed9ng\/C\u1ef1c: 18mm V\u1eadt li\u1ec7u v\u1ecf:\u2026","rel":"","context":"Similar post","block_context":{"text":"Similar post","link":""},"img":{"alt_text":"","src":"https:\/\/i0.wp.com\/tp-electric.vn\/wp-content\/uploads\/2024\/12\/eku4-40z-dc-spd-for-pv-system.jpg?fit=800%2C800&ssl=1&resize=350%2C200","width":350,"height":200,"srcset":"https:\/\/i0.wp.com\/tp-electric.vn\/wp-content\/uploads\/2024\/12\/eku4-40z-dc-spd-for-pv-system.jpg?fit=800%2C800&ssl=1&resize=350%2C200 1x, https:\/\/i0.wp.com\/tp-electric.vn\/wp-content\/uploads\/2024\/12\/eku4-40z-dc-spd-for-pv-system.jpg?fit=800%2C800&ssl=1&resize=700%2C400 2x"},"classes":[]},{"id":4748,"url":"https:\/\/tp-electric.vn\/index.php\/san-pham\/thiet-bi-chong-set-lan-truyen-etek-eku5-t2-40pv-2m-1000\/","url_meta":{"origin":4742,"position":2},"title":"Thi\u1ebft b\u1ecb ch\u1ed1ng s\u00e9t lan truy\u1ec1n ETEK EKU5-T2-40PV-2M-1000","author":"Admin","date":"11\/12\/2024","format":false,"excerpt":"Th\u00f4ng s\u1ed1 k\u1ef9 thu\u1eadt: \u0110i\u1ec7n \u00e1p \u0111\u1ecbnh m\u1ee9c (VDC): 1000 \u0110i\u1ec7n \u00e1p ho\u1ea1t \u0111\u1ed9ng li\u00ean t\u1ee5c (VDC): 1.100V M\u1ee9c \u0111\u1ed9 b\u1ea3o v\u1ec7 \u0111i\u1ec7n \u00e1p: 3.6 D\u00f2ng x\u1ea3 danh ngh\u0129a In (8\/20\u03bcs): 20KA D\u00f2ng x\u1ea3 t\u1ed1i \u0111a Imax (8\/20\u03bcs): 40KA Th\u1eddi gian ph\u1ea3n \u1ee9ng: \uff1c25ns Chi\u1ec1u r\u1ed9ng\/C\u1ef1c: 18mm V\u1eadt li\u1ec7u v\u1ecf:\u2026","rel":"","context":"Similar post","block_context":{"text":"Similar post","link":""},"img":{"alt_text":"","src":"https:\/\/i0.wp.com\/tp-electric.vn\/wp-content\/uploads\/2024\/12\/eku4-40z-dc-spd-for-pv-system.jpg?fit=800%2C800&ssl=1&resize=350%2C200","width":350,"height":200,"srcset":"https:\/\/i0.wp.com\/tp-electric.vn\/wp-content\/uploads\/2024\/12\/eku4-40z-dc-spd-for-pv-system.jpg?fit=800%2C800&ssl=1&resize=350%2C200 1x, https:\/\/i0.wp.com\/tp-electric.vn\/wp-content\/uploads\/2024\/12\/eku4-40z-dc-spd-for-pv-system.jpg?fit=800%2C800&ssl=1&resize=700%2C400 2x"},"classes":[]},{"id":2937,"url":"https:\/\/tp-electric.vn\/index.php\/san-pham\/aptomat-chong-set-lan-truyen-truc-tiep-abb\/","url_meta":{"origin":4742,"position":3},"title":"APTOMAT CH\u1ed0NG S\u00c9T LAN TRUY\u1ec0N TR\u1ef0C TI\u1ebeP ABB","author":"","date":"13\/02\/2023","format":false,"excerpt":"Aptomat ch\u1ed1ng s\u00e9t lan truy\u1ec1n tr\u1ef1c ti\u1ebfp ABB d\u00f2ng s\u1ea3n ph\u1ea9m c\u00f3 ch\u1ee9c n\u0103ng b\u1ea3o v\u1ec7 s\u00e9t \u0111\u00e1nh tr\u1ef1c ti\u1ebfp cho h\u1ec7 th\u1ed1ng \u0111i\u1ec7n, b\u1ea3o v\u1ec7 qu\u00e1 \u0111i\u1ec7n \u00e1p cho c\u00e1c thi\u1ebft b\u1ecb \u0111i\u1ec7n d\u00e2n d\u1ee5ng, c\u00f4ng nghi\u1ec7p. \u00a0\u01afU \u0110I\u1ec2M: Ch\u1ed1ng s\u00e9t \u0111\u00e1nh tr\u1ef1c ti\u1ebfp cho c\u00e1c thi\u1ebft b\u1ecb \u0111i\u1ec7n\u2026","rel":"","context":"Similar post","block_context":{"text":"Similar post","link":""},"img":{"alt_text":"","src":"https:\/\/i0.wp.com\/tp-electric.vn\/wp-content\/uploads\/2023\/02\/CS-TT.png?fit=1200%2C1200&ssl=1&resize=350%2C200","width":350,"height":200,"srcset":"https:\/\/i0.wp.com\/tp-electric.vn\/wp-content\/uploads\/2023\/02\/CS-TT.png?fit=1200%2C1200&ssl=1&resize=350%2C200 1x, https:\/\/i0.wp.com\/tp-electric.vn\/wp-content\/uploads\/2023\/02\/CS-TT.png?fit=1200%2C1200&ssl=1&resize=700%2C400 2x, https:\/\/i0.wp.com\/tp-electric.vn\/wp-content\/uploads\/2023\/02\/CS-TT.png?fit=1200%2C1200&ssl=1&resize=1050%2C600 3x"},"classes":[]},{"id":2762,"url":"https:\/\/tp-electric.vn\/index.php\/san-pham\/spd-2p-3p-275-vac\/","url_meta":{"origin":4742,"position":4},"title":"SPD 2P \/ 3P, 275 VAC,","author":"","date":"07\/02\/2023","format":false,"excerpt":"Th\u00f4ng s\u1ed1 k\u1ef9 thu\u1eadt: - S\u1ed1 c\u1ef1c: 1-4 c\u1ef1c - D\u00f2ng c\u1eaft (Imax): 40kA - D\u00f2ng \u0111i\u1ec7n \u0111\u1ecbnh m\u1ee9c: 275A - Ch\u1ee9c n\u0103ng: b\u1ea3o v\u1ec7 s\u1ed1c \u0111i\u1ec7n cho thi\u1ebft b\u1ecb khi c\u00f3 \u0111i\u1ec7n \u00e1p cao do s\u00e9t \u0111\u00e1nh","rel":"","context":"Similar post","block_context":{"text":"Similar post","link":""},"img":{"alt_text":"","src":"https:\/\/i0.wp.com\/tp-electric.vn\/wp-content\/uploads\/2023\/02\/SPD-1.png?fit=441%2C443&ssl=1&resize=350%2C200","width":350,"height":200},"classes":[]},{"id":4754,"url":"https:\/\/tp-electric.vn\/index.php\/san-pham\/aptomat-etek-dc-mcb-ekm1-63dc-2c25\/","url_meta":{"origin":4742,"position":5},"title":"Aptomat ETEK DC MCB EKM1-63DC-2C25","author":"Admin","date":"11\/12\/2024","format":false,"excerpt":"Th\u00f4ng s\u1ed1 k\u1ef9 thu\u1eadt: D\u00f2ng \u0111i\u1ec7n \u0111\u1ecbnh m\u1ee9c:,25A C\u1ef1c: 2P \u0110i\u1ec7n \u00e1p \u0111\u1ecbnh m\u1ee9c Ue: 2P(500V) Kh\u1ea3 n\u0103ng ph\u00e1 v\u1ee1 \u0111\u1ecbnh m\u1ee9c: 6.000\/10.000A \u0110i\u1ec7n \u00e1p ch\u1ecbu \u0111\u01b0\u1ee3c xung \u0111\u1ecbnh m\u1ee9c (1,5\/50) Uimp 4.000V \u0110i\u1ec7n \u00e1p th\u1eed nghi\u1ec7m \u0111i\u1ec7n m\u00f4i \u1edf t\u1ea7n s\u1ed1 ind. trong 1 ph\u00fat 2KV M\u1ee9c \u0111\u1ed9 \u00f4\u2026","rel":"","context":"Similar post","block_context":{"text":"Similar post","link":""},"img":{"alt_text":"","src":"https:\/\/i0.wp.com\/tp-electric.vn\/wp-content\/uploads\/2024\/12\/EKM1-63HDC-2P-500V.jpg?fit=800%2C800&ssl=1&resize=350%2C200","width":350,"height":200,"srcset":"https:\/\/i0.wp.com\/tp-electric.vn\/wp-content\/uploads\/2024\/12\/EKM1-63HDC-2P-500V.jpg?fit=800%2C800&ssl=1&resize=350%2C200 1x, https:\/\/i0.wp.com\/tp-electric.vn\/wp-content\/uploads\/2024\/12\/EKM1-63HDC-2P-500V.jpg?fit=800%2C800&ssl=1&resize=700%2C400 2x"},"classes":[]}],"_links":{"self":[{"href":"https:\/\/tp-electric.vn\/index.php\/wp-json\/wp\/v2\/product\/4742"}],"collection":[{"href":"https:\/\/tp-electric.vn\/index.php\/wp-json\/wp\/v2\/product"}],"about":[{"href":"https:\/\/tp-electric.vn\/index.php\/wp-json\/wp\/v2\/types\/product"}],"replies":[{"embeddable":true,"href":"https:\/\/tp-electric.vn\/index.php\/wp-json\/wp\/v2\/comments?post=4742"}],"wp:featuredmedia":[{"embeddable":true,"href":"https:\/\/tp-electric.vn\/index.php\/wp-json\/wp\/v2\/media\/4765"}],"wp:attachment":[{"href":"https:\/\/tp-electric.vn\/index.php\/wp-json\/wp\/v2\/media?parent=4742"}],"wp:term":[{"taxonomy":"product_cat","embeddable":true,"href":"https:\/\/tp-electric.vn\/index.php\/wp-json\/wp\/v2\/product_cat?post=4742"},{"taxonomy":"product_tag","embeddable":true,"href":"https:\/\/tp-electric.vn\/index.php\/wp-json\/wp\/v2\/product_tag?post=4742"}],"curies":[{"name":"wp","href":"https:\/\/api.w.org\/{rel}","templated":true}]}}