{"id":4702,"date":"2024-12-11T08:36:42","date_gmt":"2024-12-11T01:36:42","guid":{"rendered":"https:\/\/tp-electric.vn\/?post_type=product&#038;p=4702"},"modified":"2024-12-12T15:11:46","modified_gmt":"2024-12-12T08:11:46","slug":"aptomat-chint-mccb-3-pha-100a-25ka","status":"publish","type":"product","link":"https:\/\/tp-electric.vn\/index.php\/san-pham\/aptomat-chint-mccb-3-pha-100a-25ka\/","title":{"rendered":"Aptomat Chint MCCB 3 pha 100A 25kA"},"content":{"rendered":"<p>Aptomat Chint MCCB 3 pha 100A 25kA\u00a0 &#8211; NXM-125S\/3300 100A<\/p>\n<p><b><u>1. Th\u00f4ng tin t\u1ed5ng quan\u00a0NXM-125S\/3300 100A<\/u><\/b><\/p>\n<p>&#8211; M\u00e3 s\u1ea3n ph\u1ea9m: NXM-125S\/3300 100A<br \/>\n&#8211; T\u1ea7n s\u1ed1: 50\/60 Hz<br \/>\n&#8211; D\u00f2ng \u0111i\u1ec7n \u0111\u1ecbnh m\u1ee9c: 100A<br \/>\n&#8211; \u0110i\u1ec7n \u00e1p c\u00e1ch ly: 800V<\/p>\n<p id=\"listto-2\"><u><b>2. Th\u00f4ng s\u1ed1 k\u1ef9 thu\u1eadt\u00a0NXM-125S\/3300 100A<\/b><\/u><\/p>\n<table class=\"Table\" style=\"height: 490px;\" width=\"1457\" align=\"center\">\n<tbody>\n<tr>\n<td width=\"173\"><strong>M\u00e3 thi\u1ebft b\u1ecb<\/strong><\/td>\n<td width=\"400\">NXM-125S\/3300 100A<\/td>\n<\/tr>\n<tr>\n<td width=\"173\"><strong>\u0110i\u1ec7n \u00e1p ho\u1ea1t \u0111\u1ed9ng \u0111\u1ecbnh m\u1ee9c<\/strong><\/td>\n<td width=\"400\">3 pha 220\/230\/240, 380\/400\/415V<\/td>\n<\/tr>\n<tr>\n<td width=\"173\"><strong>T\u1ea7n S\u1ed1<\/strong><\/td>\n<td width=\"400\">50\/60Hz<\/td>\n<\/tr>\n<tr>\n<td width=\"173\"><strong>\u0110i\u1ec7n \u00e1p c\u00e1ch ly<\/strong><\/td>\n<td width=\"400\">800V<\/td>\n<\/tr>\n<tr>\n<td width=\"173\"><strong>\u0110i\u1ec7n \u00e1p ch\u1ecbu xung \u0111\u1ecbnh m\u1ee9c Uimp (kV)<\/strong><\/td>\n<td width=\"400\">8KV<\/td>\n<\/tr>\n<tr>\n<td width=\"173\"><strong>D\u00f2ng \u0111i\u1ec7n \u0111\u1ecbnh m\u1ee9c<\/strong><\/td>\n<td width=\"400\">100A<\/td>\n<\/tr>\n<tr>\n<td width=\"173\"><strong>D\u00f2ng c\u1eaft<\/strong><\/td>\n<td width=\"400\">AC220\/230\/240V : 36KAAC380\/400\/415V : 25KA<\/td>\n<\/tr>\n<tr>\n<td width=\"173\"><strong>Tu\u1ed5i th\u1ecd \u0111i\u1ec7n<\/strong><\/td>\n<td width=\"400\">AC415V, In : 10000 l\u1ea7n<\/td>\n<\/tr>\n<tr>\n<td width=\"173\"><strong>Tu\u1ed5i th\u1ecd c\u01a1 kh\u00ed<\/strong><\/td>\n<td width=\"400\">C\u00f3 b\u1ea3o tr\u00ec \u0111\u1ecbnh k\u00ec: 40000 l\u1ea7n<br \/>\nKh\u00f4ng b\u1ea3o tr\u00ec : 20000 l\u1ea7n<\/td>\n<\/tr>\n<tr>\n<td width=\"173\"><strong>K\u1ebft n\u1ed1i c\u00e1p<\/strong><\/td>\n<td width=\"400\">D\u00e2y m\u1ec1m \u0111\u00fac s\u1eb5n : 10~35mm\u00b2D\u00e2y \u0111i\u1ec7n c\u1ee9ng : 10~35mm\u00b2<\/td>\n<\/tr>\n<tr>\n<td width=\"173\"><strong>Nhi\u1ec7t \u0111\u1ed9 m\u00f4i tr\u01b0\u1eddng xung quanh<\/strong><\/td>\n<td width=\"400\">-35\u2103~70\u2103<\/td>\n<\/tr>\n<tr>\n<td width=\"173\"><strong>Kh\u1ed1i l\u01b0\u1ee3ng<\/strong><\/td>\n<td width=\"400\">130g<\/td>\n<\/tr>\n<\/tbody>\n<\/table>\n<p>&nbsp;<\/p>\n<p id=\"listto-3\"><b><u>3. K\u00edch th\u01b0\u1edbc\u00a0NXM-125S\/3300 100A<\/u><\/b><\/p>\n<p id=\"listto-4\"><b><img decoding=\"async\" loading=\"lazy\" class=\"\" title=\"K\u00edch th\u01b0\u1edbc MCCB NXM-125S\/3300 100A\" src=\"https:\/\/i0.wp.com\/amazen.com.vn\/images\/img\/images\/san%20pham\/s\/NXM-125S-3300-100A-mccb-chint-kich-thuoc.jpg?resize=1020%2C625&#038;ssl=1\" alt=\"K\u00edch th\u01b0\u1edbc MCCB NXM-125S\/3300 100A\" width=\"1020\" height=\"625\" data-recalc-dims=\"1\" \/><\/b><\/p>\n<p><b><u>4. \u1ee8ng\u00a0d\u1ee5ng c\u1ee7a\u00a0NXM-125S\/3300 100A<\/u><\/b><\/p>\n<ul>\n<li>\u0110\u01b0\u1ee3c s\u1eed d\u1ee5ng r\u1ed9ng r\u00e3i \u1edf c\u00e1c c\u00f4ng tr\u00ecnh c\u00f4ng nghi\u1ec7p,\u00a0m\u1ea1ng \u0111i\u1ec7n h\u1ea1 th\u1ebf.<\/li>\n<li>\u0110\u00f3ng ng\u1eaft c\u00e1c m\u1ea1ch \u0111i\u1ec7n khi c\u00f3 s\u1ef1 c\u1ed1 qu\u00e1 t\u1ea3i, ng\u1eafn m\u1ea1ch, b\u1ea3o v\u1ec7 an to\u00e0n cho con ng\u01b0\u1eddi v\u00e0 cho c\u00e1c thi\u1ebft b\u1ecb \u0111i\u1ec7n kh\u00e1c. Ch\u00fang \u0111\u01b0\u1ee3c s\u1eed d\u1ee5ng r\u1ed9ng r\u00e3i t\u1ea1i c\u00e1c c\u00f4ng tr\u00ecnh c\u00f4ng nghi\u1ec7p l\u1eabn c\u00f4ng tr\u00ecnh d\u00e2n d\u1ee5ng.<\/li>\n<\/ul>\n<p><strong style=\"color: #555555;\">\u0110\u01a1n v\u1ecb ph\u00e2n ph\u1ed1i <a href=\"https:\/\/tpenergy.com.vn\/index.php\/danh-muc-sp\/phu-kien\/aptomat\/chint\/\">Aptomat Chint ch\u00ednh h\u00e3ng:<\/a><\/strong><\/p>\n<p>C\u00f4ng ty TNHH Th\u01b0\u01a1ng m\u1ea1i D\u1ecbch v\u1ee5 C\u01a1 \u0111i\u1ec7n Thu\u1eadn Phong l\u00e0 \u0111\u1ea1i l\u00fd ph\u00e2n ph\u1ed1i thi\u1ebft b\u1ecb \u0111i\u1ec7n Chint ch\u00ednh h\u00e3ng t\u1ea1i th\u1ecb tr\u01b0\u1eddng Vi\u1ec7t Nam. M\u1ecdi kh\u00e1ch h\u00e0ng l\u1ef1a ch\u1ecdn tin t\u01b0\u1edfng v\u00e0o d\u1ecbch v\u1ee5, s\u1ea3n ph\u1ea9m do Thu\u1eadn Phong cung c\u1ea5p ch\u1eafc ch\u1eafn s\u1ebd kh\u00f4ng ph\u1ea3i h\u1ed1i h\u1eadn v\u1edbi l\u1ef1a ch\u1ecdn c\u1ee7a m\u00ecnh. D\u1ecbch v\u1ee5 lu\u00f4n t\u1ef1 tin \u0111\u01b0a ra c\u00e1c cam k\u1ebft ch\u1ea5t l\u01b0\u1ee3ng v\u01b0\u1ee3t tr\u1ed9i nh\u1ea5t khi ph\u1ee5c v\u1ee5 qu\u00fd kh\u00e1ch h\u00e0ng.<\/p>\n<div class=\"x11i5rnm xat24cr x1mh8g0r x1vvkbs xtlvy1s x126k92a\">\n<div dir=\"auto\">S\u1ea3n ph\u1ea9m c\u1ee7a Thu\u1eadn Phong khi \u0111\u1ebfn tay \u0111\u1ea1i l\u00fd lu\u00f4n \u0111\u1ea3m b\u1ea3o:<\/div>\n<div dir=\"auto\">&#8212; H\u00e0ng h\u00f3a ch\u00ednh h\u00e3ng, \u0111\u1ea7y \u0111\u1ee7 CO, CQ, VAT cho d\u1ef1 \u00e1n<\/div>\n<div dir=\"auto\"><span class=\"html-span xexx8yu x4uap5 x18d9i69 xkhd6sd x1hl2dhg x16tdsg8 x1vvkbs x3nfvp2 x1j61x8r x1fcty0u xdj266r xat24cr xgzva0m xhhsvwb xxymvpz xlup9mm x1kky2od\">&#8212; <\/span>Gi\u00e1 lu\u00f4n c\u1ea1nh tranh nh\u1edd nh\u1eadp kh\u1ea9u tr\u1ef1c ti\u1ebfp.<\/div>\n<div dir=\"auto\">&#8212; C\u1ea5p s\u1ec9 to\u00e0n qu\u1ed1c. V\u1eadn chuy\u1ec3n t\u1eadn n\u01a1i.<\/div>\n<\/div>\n<div class=\"x11i5rnm xat24cr x1mh8g0r x1vvkbs xtlvy1s x126k92a\">\n<div dir=\"auto\">\u00a0N\u1ebfu b\u1ea1n \u0111ang loay hoay t\u00ecm ki\u1ebfm d\u00f2ng s\u1ea3n ph\u1ea9m th\u1ef1c s\u1ef1 ch\u1ea5t l\u01b0\u1ee3ng \u0111\u1ec3 ph\u00e2n ph\u1ed1i li\u00ean h\u1ec7 v\u1edbi Thu\u1eadn Phong qua hotline: 0869.564.567<\/div>\n<div dir=\"auto\">&#8212;&#8212;&#8212;&#8212;&#8212;&#8212;&#8212;&#8212;&#8212;&#8212;&#8212;&#8211;<\/div>\n<div dir=\"auto\">\n<div class=\"html-div xdj266r x11i5rnm xat24cr x1mh8g0r xexx8yu x4uap5 x18d9i69 xkhd6sd\">\n<div class=\"html-div xdj266r x11i5rnm xat24cr x1mh8g0r xexx8yu x4uap5 x18d9i69 xkhd6sd\" dir=\"auto\">\n<div id=\":r8c8:\" class=\"x1iorvi4 x1pi30zi x1l90r2v x1swvt13\" data-ad-comet-preview=\"message\" data-ad-preview=\"message\">\n<div class=\"x78zum5 xdt5ytf xz62fqu x16ldp7u\">\n<div class=\"xu06os2 x1ok221b\">\n<div class=\"x11i5rnm xat24cr x1mh8g0r x1vvkbs xtlvy1s x126k92a\">\n<div dir=\"auto\"><a href=\"https:\/\/www.facebook.com\/DienMatTroi.SolarQuangBinh\">CH\u1eccN THU\u1eacN PHONG &#8211; CH\u1eccN S\u1ef0 AN T\u00c2M<\/a><\/div>\n<div dir=\"auto\"><span class=\"html-span xexx8yu x4uap5 x18d9i69 xkhd6sd x1hl2dhg x16tdsg8 x1vvkbs x3nfvp2 x1j61x8r x1fcty0u xdj266r xat24cr xgzva0m xhhsvwb xxymvpz xlup9mm x1kky2od\"><img decoding=\"async\" loading=\"lazy\" class=\"xz74otr\" src=\"https:\/\/static.xx.fbcdn.net\/images\/emoji.php\/v9\/t4c\/1\/16\/25aa.png\" alt=\"\u25aa\" width=\"16\" height=\"16\" \/><\/span> Hotline: 0869.564.567<\/div>\n<div dir=\"auto\"><span class=\"html-span xexx8yu x4uap5 x18d9i69 xkhd6sd x1hl2dhg x16tdsg8 x1vvkbs x3nfvp2 x1j61x8r x1fcty0u xdj266r xat24cr xgzva0m xhhsvwb xxymvpz xlup9mm x1kky2od\"><img decoding=\"async\" loading=\"lazy\" class=\"xz74otr\" src=\"https:\/\/static.xx.fbcdn.net\/images\/emoji.php\/v9\/t4c\/1\/16\/25aa.png\" alt=\"\u25aa\" width=\"16\" height=\"16\" \/><\/span> K\u1ef9 thu\u1eadt: Mr D\u0169ng 0899768777<\/div>\n<div dir=\"auto\"><span class=\"html-span xexx8yu x4uap5 x18d9i69 xkhd6sd x1hl2dhg x16tdsg8 x1vvkbs x3nfvp2 x1j61x8r x1fcty0u xdj266r xat24cr xgzva0m xhhsvwb xxymvpz xlup9mm x1kky2od\"><img decoding=\"async\" loading=\"lazy\" class=\"xz74otr\" src=\"https:\/\/static.xx.fbcdn.net\/images\/emoji.php\/v9\/t4c\/1\/16\/25aa.png\" alt=\"\u25aa\" width=\"16\" height=\"16\" \/><\/span> Tr\u1ee5 s\u1edf ch\u00ednh: 30 Nguy\u1ec5n H\u1eefu D\u1eadt, ph\u01b0\u1eddng Nam L\u00fd, th\u00e0nh ph\u1ed1 \u0110\u1ed3ng H\u1edbi, t\u1ec9nh Qu\u1ea3ng B\u00ecnh, Vi\u1ec7t Nam<\/div>\n<div dir=\"auto\"><span class=\"html-span xexx8yu x4uap5 x18d9i69 xkhd6sd x1hl2dhg x16tdsg8 x1vvkbs x3nfvp2 x1j61x8r x1fcty0u xdj266r xat24cr xgzva0m xhhsvwb xxymvpz xlup9mm x1kky2od\"><img decoding=\"async\" loading=\"lazy\" class=\"xz74otr\" src=\"https:\/\/static.xx.fbcdn.net\/images\/emoji.php\/v9\/t4c\/1\/16\/25aa.png\" alt=\"\u25aa\" width=\"16\" height=\"16\" \/><\/span> Tr\u1ee5 s\u1edf H\u00e0 N\u1ed9i: Nh\u00e0 ph\u1ed1 th\u01b0\u01a1ng m\u1ea1i Khai S\u01a1n Town s\u1ed1 18 thu\u1ed9c Town 7, khu \u0111\u00f4 th\u1ecb Khai S\u01a1n City, Ph\u01b0\u1eddng Th\u01b0\u1ee3ng Thanh, Qu\u1eadn Long Bi\u00ean, TP H\u00e0 N\u1ed9i<\/div>\n<\/div>\n<\/div>\n<\/div>\n<\/div>\n<\/div>\n<\/div>\n<\/div>\n<\/div>\n","protected":false},"excerpt":{"rendered":"<ul>\n<li>M\u00e3 s\u1ea3n ph\u1ea9m: NXM-125S\/3300 100A<\/li>\n<li>D\u00f2ng Series: NXM CHINT Series<\/li>\n<li>Xu\u1ea5t x\u1ee9: Trung Qu\u1ed1c<\/li>\n<li>Th\u1eddi gian b\u1ea3o h\u00e0nh: 12 th\u00e1ng<\/li>\n<li>T\u00ecnh tr\u1ea1ng: m\u1edbi 100%<\/li>\n<li>H\u00e3ng s\u1ea3n xu\u1ea5t: CHINT<\/li>\n<\/ul>\n<div>\n<h3>[icon name=&#8221;download&#8221; prefix=&#8221;fas&#8221;] Download<\/h3>\n<ul>\n<li><a href=\"https:\/\/tpenergy.com.vn\/wp-content\/uploads\/2024\/08\/nxm-chint-series-catalogue.pdf\">CATALOGUE<\/a><\/li>\n<li><a href=\"https:\/\/tpenergy.com.vn\/wp-content\/uploads\/2024\/08\/Chint-Drive-Product-Training.pdf\">Chint Drive Product Training<\/a><\/li>\n<\/ul>\n<\/div>\n","protected":false},"featured_media":4733,"comment_status":"open","ping_status":"closed","template":"","meta":[],"product_cat":[736],"product_tag":[766,737,767,768,769,740,770],"jetpack-related-posts":[{"id":4701,"url":"https:\/\/tp-electric.vn\/index.php\/san-pham\/aptomat-chint-mccb-3-pha-50a-25ka\/","url_meta":{"origin":4702,"position":0},"title":"Aptomat Chint MCCB 3 pha 50A 25kA","author":"Admin","date":"11\/12\/2024","format":false,"excerpt":"M\u00e3 s\u1ea3n ph\u1ea9m: NXM-125S\/3300 50A D\u00f2ng series:\u00a0NXM CHINT Series Xu\u1ea5t x\u1ee9:\u00a0Trung Qu\u1ed1c Th\u1eddi gian b\u1ea3o h\u00e0nh:\u00a012 th\u00e1ng T\u00ecnh tr\u1ea1ng:\u00a0M\u1edbi 100% H\u00e3ng s\u1ea3n xu\u1ea5t: CHINT [icon name=\"download\" prefix=\"fas\"] Download CATALOGUE Chint Drive Product Training","rel":"","context":"Similar post","block_context":{"text":"Similar post","link":""},"img":{"alt_text":"","src":"https:\/\/i0.wp.com\/tp-electric.vn\/wp-content\/uploads\/2024\/12\/image.png?fit=1000%2C1000&ssl=1&resize=350%2C200","width":350,"height":200,"srcset":"https:\/\/i0.wp.com\/tp-electric.vn\/wp-content\/uploads\/2024\/12\/image.png?fit=1000%2C1000&ssl=1&resize=350%2C200 1x, https:\/\/i0.wp.com\/tp-electric.vn\/wp-content\/uploads\/2024\/12\/image.png?fit=1000%2C1000&ssl=1&resize=700%2C400 2x"},"classes":[]},{"id":4703,"url":"https:\/\/tp-electric.vn\/index.php\/san-pham\/aptomat-chint-mccb-3-pha-160a-25ka\/","url_meta":{"origin":4702,"position":1},"title":"Aptomat Chint MCCB 3 pha 160A 25kA","author":"Admin","date":"11\/12\/2024","format":false,"excerpt":"M\u00e3 s\u1ea3n ph\u1ea9m: NXM-160S\/3300 160A D\u00f2ng series: NXM CHINT Series Xu\u1ea5t x\u1ee9:\u00a0Trung Qu\u1ed1c Th\u1eddi gian b\u1ea3o h\u00e0nh:\u00a012 th\u00e1ng T\u00ecnh tr\u1ea1ng:\u00a0M\u1edbi 100% H\u00e3ng s\u1ea3n xu\u1ea5t: CHINT [icon name=\"download\" prefix=\"fas\"] Download CATALOGUE Chint Drive Product Training","rel":"","context":"Similar post","block_context":{"text":"Similar post","link":""},"img":{"alt_text":"","src":"https:\/\/i0.wp.com\/tp-electric.vn\/wp-content\/uploads\/2024\/12\/image-2-1.png?fit=500%2C500&ssl=1&resize=350%2C200","width":350,"height":200},"classes":[]},{"id":4700,"url":"https:\/\/tp-electric.vn\/index.php\/san-pham\/aptomat-chint-mcb-2-pha-100a-10ka\/","url_meta":{"origin":4702,"position":2},"title":"Aptomat Chint MCB 2 pha 100A 10kA","author":"Admin","date":"11\/12\/2024","format":false,"excerpt":"M\u00e3 s\u1ea3n ph\u1ea9m: NXB-125 2P C100 D\u00f2ng Series: NXB-125 CHINT Series Xu\u1ea5t x\u1ee9:\u00a0Trung Qu\u1ed1c Th\u1eddi gian b\u1ea3o h\u00e0nh:\u00a012 th\u00e1ng T\u00ecnh tr\u1ea1ng:\u00a0M\u1edbi 100% D\u00f2ng c\u1eaft: 10kA D\u00f2ng \u0111i\u1ec7n \u0111\u1ecbnh m\u1ee9c: 100A H\u00e3ng s\u1ea3n xu\u1ea5t: CHINT Pha: 2 pha [icon name=\"download\" prefix=\"fas\"] Download CATALOGUE Chint Drive Product Training \u00a0","rel":"","context":"Similar post","block_context":{"text":"Similar post","link":""},"img":{"alt_text":"","src":"https:\/\/i0.wp.com\/tp-electric.vn\/wp-content\/uploads\/2024\/12\/MCB-Chint-NXB-125-2P-100A-10kA.jpg?fit=450%2C450&ssl=1&resize=350%2C200","width":350,"height":200},"classes":[]},{"id":2705,"url":"https:\/\/tp-electric.vn\/index.php\/san-pham\/mccb-3p-25ka-100a\/","url_meta":{"origin":4702,"position":3},"title":"MCCB 3P, 25KA, 100A","author":"","date":"07\/02\/2023","format":false,"excerpt":"Th\u00f4ng s\u1ed1 k\u1ef9 thu\u1eadt : S\u1ed1 c\u1ef1c: 3 c\u1ef1c D\u00f2ng c\u1eaft (Icu): 25kA D\u00f2ng \u0111\u1ecbnh m\u1ee9c (Idm): 100A","rel":"","context":"Similar post","block_context":{"text":"Similar post","link":""},"img":{"alt_text":"","src":"https:\/\/i0.wp.com\/tp-electric.vn\/wp-content\/uploads\/2023\/02\/MCCB-100A-1.png?fit=300%2C300&ssl=1&resize=350%2C200","width":350,"height":200},"classes":[]},{"id":4668,"url":"https:\/\/tp-electric.vn\/index.php\/san-pham\/bo-chuyen-nguon-tu-dong-ats-100a-380v\/","url_meta":{"origin":4702,"position":4},"title":"B\u1ed9 chuy\u1ec3n ngu\u1ed3n t\u1ef1 \u0111\u1ed9ng ATS 100A 380V","author":"Admin","date":"11\/12\/2024","format":false,"excerpt":"Th\u00f4ng s\u1ed1 k\u1ef9 thu\u1eadt: D\u00f2ng \u0111i\u1ec7n \u0111\u1ecbnh m\u1ee9c : 100A S\u1ed1 c\u1ef1c : 4P \u0110i\u1ec7n \u00e1p : 3 Pha(380V), 1 pha (220V) B\u1ea3o h\u00e0nh: 1 n\u0103m","rel":"","context":"Similar post","block_context":{"text":"Similar post","link":""},"img":{"alt_text":"","src":"https:\/\/i0.wp.com\/tp-electric.vn\/wp-content\/uploads\/2024\/12\/vn-11134207-7r98o-llfwhxymqt2udd.jpg?fit=800%2C800&ssl=1&resize=350%2C200","width":350,"height":200,"srcset":"https:\/\/i0.wp.com\/tp-electric.vn\/wp-content\/uploads\/2024\/12\/vn-11134207-7r98o-llfwhxymqt2udd.jpg?fit=800%2C800&ssl=1&resize=350%2C200 1x, https:\/\/i0.wp.com\/tp-electric.vn\/wp-content\/uploads\/2024\/12\/vn-11134207-7r98o-llfwhxymqt2udd.jpg?fit=800%2C800&ssl=1&resize=700%2C400 2x"},"classes":[]},{"id":3293,"url":"https:\/\/tp-electric.vn\/index.php\/san-pham\/aptomat-rccb-fh200-abb\/","url_meta":{"origin":4702,"position":5},"title":"APTOMAT RCCB FH200 ABB","author":"","date":"25\/02\/2023","format":false,"excerpt":"Aptomat RCCB FH200 ABB d\u00f2ng s\u1ea3n ph\u1ea9m RCCB cao c\u1ea5p c\u00f3 ch\u1ee9c n\u0103ng b\u1ea3o v\u1ec7 ng\u01b0\u1eddi v\u00e0 thi\u1ebft b\u1ecb ch\u1ed1ng r\u00f2 r\u1ec9 \u0111i\u1ec7n \u0111\u1ea1t ti\u00eau chu\u1ea9n IEC61008. \u00a0\u01afU \u0110I\u1ec2M: B\u1ea3o v\u1ec7 con ng\u01b0\u1eddi, thi\u1ebft b\u1ecb v\u1edbi ch\u1ee9c n\u0103ng ch\u1ed1ng r\u00f2 L\u1eafp \u0111\u1eb7t cho h\u1ec7 th\u1ed1ng m\u1ea1ng \u0111i\u1ec7n c\u00f3 d\u00f2ng \u0111\u1ecbnh\u2026","rel":"","context":"Similar post","block_context":{"text":"Similar post","link":""},"img":{"alt_text":"","src":"https:\/\/i0.wp.com\/tp-electric.vn\/wp-content\/uploads\/2023\/02\/rccb.png?fit=300%2C300&ssl=1&resize=350%2C200","width":350,"height":200},"classes":[]}],"_links":{"self":[{"href":"https:\/\/tp-electric.vn\/index.php\/wp-json\/wp\/v2\/product\/4702"}],"collection":[{"href":"https:\/\/tp-electric.vn\/index.php\/wp-json\/wp\/v2\/product"}],"about":[{"href":"https:\/\/tp-electric.vn\/index.php\/wp-json\/wp\/v2\/types\/product"}],"replies":[{"embeddable":true,"href":"https:\/\/tp-electric.vn\/index.php\/wp-json\/wp\/v2\/comments?post=4702"}],"wp:featuredmedia":[{"embeddable":true,"href":"https:\/\/tp-electric.vn\/index.php\/wp-json\/wp\/v2\/media\/4733"}],"wp:attachment":[{"href":"https:\/\/tp-electric.vn\/index.php\/wp-json\/wp\/v2\/media?parent=4702"}],"wp:term":[{"taxonomy":"product_cat","embeddable":true,"href":"https:\/\/tp-electric.vn\/index.php\/wp-json\/wp\/v2\/product_cat?post=4702"},{"taxonomy":"product_tag","embeddable":true,"href":"https:\/\/tp-electric.vn\/index.php\/wp-json\/wp\/v2\/product_tag?post=4702"}],"curies":[{"name":"wp","href":"https:\/\/api.w.org\/{rel}","templated":true}]}}