{"id":4668,"date":"2024-12-11T08:36:15","date_gmt":"2024-12-11T01:36:15","guid":{"rendered":"https:\/\/tp-electric.vn\/?post_type=product&#038;p=4668"},"modified":"2024-12-12T15:11:43","modified_gmt":"2024-12-12T08:11:43","slug":"bo-chuyen-nguon-tu-dong-ats-100a-380v","status":"publish","type":"product","link":"https:\/\/tp-electric.vn\/index.php\/san-pham\/bo-chuyen-nguon-tu-dong-ats-100a-380v\/","title":{"rendered":"B\u1ed9 chuy\u1ec3n ngu\u1ed3n t\u1ef1 \u0111\u1ed9ng ATS 100A 380V"},"content":{"rendered":"<p>Khi x\u1ea3y ra s\u1ef1 c\u1ed1 (nh\u01b0 m\u1ea5t pha, m\u1ea5t ngu\u1ed3n, th\u1ea5p \u00e1p, cao \u00e1p) tr\u00ean ngu\u1ed3n \u0111i\u1ec7n ch\u00ednh m\u00e0 kh\u00f4ng c\u00f3 s\u1eb5n nh\u00e2n l\u1ef1c \u0111\u1ec3 k\u1ecbp th\u1eddi chuy\u1ec3n \u0111\u1ed5i sang ngu\u1ed3n d\u1ef1 ph\u00f2ng, l\u00e0m gi\u00e1n \u0111o\u1ea1n ho\u1ea1t \u0111\u1ed9ng c\u1ee7a to\u00e0n b\u1ed9 c\u00e1c thi\u1ebft b\u1ecb v\u00e0 h\u1ec7 th\u1ed1ng.<\/p>\n<p>Kh\u1eafc ph\u1ee5c ngay t\u00ecnh tr\u1ea1ng n\u00e0y v\u1edbi b\u1ed9 chuy\u1ec3n ngu\u1ed3n t\u1ef1 \u0111\u1ed9ng (ATS) CEMIG 3 pha 100A\/4P<\/p>\n<ul>\n<li>D\u00f2ng \u0111i\u1ec7n \u0111\u1ecbnh m\u1ee9c : 100A<\/li>\n<li>S\u1ed1 c\u1ef1c : 4P<\/li>\n<li>\u0110i\u1ec7n \u00e1p : 3 Pha(380V), 1 pha (220V)<\/li>\n<li>B\u1ea3o h\u00e0nh: 1 n\u0103m<\/li>\n<\/ul>\n<p>D\u00f2ng c\u00f4ng t\u1eafc chuy\u1ec3n t\u1ef1 \u0111\u1ed9ng CEMIG (SMGQ2) ch\u1ee7 y\u1ebfu \u0111\u01b0\u1ee3c s\u1eed d\u1ee5ng cho m\u1ea1ng ph\u00e2n ph\u1ed1i \u0111i\u1ec7n ho\u1eb7c m\u1ea1ng \u0111\u1ed9ng c\u01a1 c\u00f3 \u0111i\u1ec7n \u00e1p \u0111\u1ecbnh m\u1ee9c 380V, 220V, d\u00f2ng \u0111i\u1ec7n \u0111\u1ecbnh m\u1ee9c 16A \u0111\u1ebfn 3200A, chuy\u1ec3n \u0111\u1ed5i gi\u1eefa ngu\u1ed3n \u0111i\u1ec7n ch\u00ednh v\u00e0 h\u1ec7 th\u1ed1ng \u0111i\u1ec7n d\u1ef1 ph\u00f2ng, h\u1ec7 th\u1ed1ng \u0111i\u1ec7n n\u0103ng l\u01b0\u1ee3ng m\u1eb7t tr\u1eddi ho\u00e0 l\u01b0\u1edbi l\u01b0u tr\u1eef v\u00e0 m\u00e1y ph\u00e1t \u0111i\u1ec7n.<\/p>\n<p>S\u1ea3n ph\u1ea9m c\u00f3 th\u1ec3 \u0111\u01b0\u1ee3c s\u1eed d\u1ee5ng \u0111\u1ec3 c\u00e1ch ly m\u1ea1ch t\u1ea1o v\u00e0 ng\u1eaft kh\u00f4ng t\u1ea7n s\u1ed1. \u0110\u01b0\u1ee3c s\u1eed d\u1ee5ng r\u1ed9ng r\u00e3i trong h\u1ec7 th\u1ed1ng truy\u1ec1n t\u1ea3i, ph\u00e2n ph\u1ed1i v\u00e0 h\u1ec7 th\u1ed1ng t\u1ef1 \u0111\u1ed9ng h\u00f3a c\u1ee7a nh\u1eefng n\u01a1i quan tr\u1ecdng kh\u00f4ng cho ph\u00e9p c\u1eaft \u0111i\u1ec7n nh\u01b0 ch\u1eefa ch\u00e1y, b\u1ec7nh vi\u1ec7n, ng\u00e2n h\u00e0ng, nh\u00e0 cao t\u1ea7ng\u2026<\/p>\n<p>S\u1ea3n ph\u1ea9m c\u1ee7a <a href=\"https:\/\/tpenergy.com.vn\/\">Thu\u1eadn Phong<\/a> khi \u0111\u1ebfn tay kh\u00e1ch h\u00e0ng lu\u00f4n \u0111\u1ea3m b\u1ea3o:<\/p>\n<ul>\n<li>H\u00e0ng h\u00f3a ch\u00ednh h\u00e3ng, \u0111\u1ea7y \u0111\u1ee7 CO, CQ, VAT cho d\u1ef1 \u00e1n<\/li>\n<li>Gi\u00e1 lu\u00f4n c\u1ea1nh tranh nh\u1edd nh\u1eadp kh\u1ea9u tr\u1ef1c ti\u1ebfp.<\/li>\n<li>C\u1ea5p s\u1ec9 to\u00e0n qu\u1ed1c. V\u1eadn chuy\u1ec3n t\u1eadn n\u01a1i.<\/li>\n<\/ul>\n<p>N\u1ebfu b\u1ea1n \u0111ang loay hoay t\u00ecm ki\u1ebfm d\u00f2ng s\u1ea3n ph\u1ea9m th\u1ef1c s\u1ef1 ch\u1ea5t l\u01b0\u1ee3ng \u0111\u1ec3 l\u1eafp \u0111\u1eb7t v\u00e0 ph\u00e2n ph\u1ed1i li\u00ean h\u1ec7 v\u1edbi Thu\u1eadn Phong qua hotline: 0869.564.567 ngay nh\u00e9!<\/p>\n<div dir=\"auto\">&#8212;&#8212;&#8212;&#8212;&#8212;&#8212;&#8212;&#8212;&#8212;<\/div>\n<div dir=\"auto\"><a href=\"https:\/\/www.facebook.com\/DienMatTroi.SolarQuangBinh\">CH\u1eccN THU\u1eacN PHONG &#8211; CH\u1eccN S\u1ef0 AN T\u00c2M<\/a><\/div>\n<div dir=\"auto\"><span class=\"html-span xexx8yu x4uap5 x18d9i69 xkhd6sd x1hl2dhg x16tdsg8 x1vvkbs x3nfvp2 x1j61x8r x1fcty0u xdj266r xat24cr xgzva0m xhhsvwb xxymvpz xlup9mm x1kky2od\"><img decoding=\"async\" loading=\"lazy\" class=\"xz74otr\" src=\"https:\/\/static.xx.fbcdn.net\/images\/emoji.php\/v9\/t4c\/1\/16\/25aa.png\" alt=\"\u25aa\" width=\"16\" height=\"16\" \/><\/span> Hotline: 0869.564.567<\/div>\n<div dir=\"auto\"><span class=\"html-span xexx8yu x4uap5 x18d9i69 xkhd6sd x1hl2dhg x16tdsg8 x1vvkbs x3nfvp2 x1j61x8r x1fcty0u xdj266r xat24cr xgzva0m xhhsvwb xxymvpz xlup9mm x1kky2od\"><img decoding=\"async\" loading=\"lazy\" class=\"xz74otr\" src=\"https:\/\/static.xx.fbcdn.net\/images\/emoji.php\/v9\/t4c\/1\/16\/25aa.png\" alt=\"\u25aa\" width=\"16\" height=\"16\" \/><\/span> K\u1ef9 thu\u1eadt: Mr D\u0169ng 0899768777<\/div>\n<div dir=\"auto\"><span class=\"html-span xexx8yu x4uap5 x18d9i69 xkhd6sd x1hl2dhg x16tdsg8 x1vvkbs x3nfvp2 x1j61x8r x1fcty0u xdj266r xat24cr xgzva0m xhhsvwb xxymvpz xlup9mm x1kky2od\"><img decoding=\"async\" loading=\"lazy\" class=\"xz74otr\" src=\"https:\/\/static.xx.fbcdn.net\/images\/emoji.php\/v9\/t4c\/1\/16\/25aa.png\" alt=\"\u25aa\" width=\"16\" height=\"16\" \/><\/span> Tr\u1ee5 s\u1edf ch\u00ednh: 30 Nguy\u1ec5n H\u1eefu D\u1eadt, ph\u01b0\u1eddng Nam L\u00fd, th\u00e0nh ph\u1ed1 \u0110\u1ed3ng H\u1edbi, t\u1ec9nh Qu\u1ea3ng B\u00ecnh, Vi\u1ec7t Nam<\/div>\n<div dir=\"auto\"><span class=\"html-span xexx8yu x4uap5 x18d9i69 xkhd6sd x1hl2dhg x16tdsg8 x1vvkbs x3nfvp2 x1j61x8r x1fcty0u xdj266r xat24cr xgzva0m xhhsvwb xxymvpz xlup9mm x1kky2od\"><img decoding=\"async\" loading=\"lazy\" class=\"xz74otr\" src=\"https:\/\/static.xx.fbcdn.net\/images\/emoji.php\/v9\/t4c\/1\/16\/25aa.png\" alt=\"\u25aa\" width=\"16\" height=\"16\" \/><\/span> Tr\u1ee5 s\u1edf H\u00e0 N\u1ed9i: Nh\u00e0 ph\u1ed1 th\u01b0\u01a1ng m\u1ea1i Khai S\u01a1n Town s\u1ed1 18 thu\u1ed9c Town 7, khu \u0111\u00f4 th\u1ecb Khai S\u01a1n City, Ph\u01b0\u1eddng Th\u01b0\u1ee3ng Thanh, Qu\u1eadn Long Bi\u00ean, TP H\u00e0 N\u1ed9i<\/div>\n","protected":false},"excerpt":{"rendered":"<p>Th\u00f4ng s\u1ed1 k\u1ef9 thu\u1eadt:<\/p>\n<ul>\n<li>D\u00f2ng \u0111i\u1ec7n \u0111\u1ecbnh m\u1ee9c : 100A<\/li>\n<li>S\u1ed1 c\u1ef1c : 4P<\/li>\n<li>\u0110i\u1ec7n \u00e1p : 3 Pha(380V), 1 pha (220V)<\/li>\n<li>B\u1ea3o h\u00e0nh: 1 n\u0103m<\/li>\n<\/ul>\n","protected":false},"featured_media":4684,"comment_status":"open","ping_status":"closed","template":"","meta":[],"product_cat":[713],"product_tag":[714,715,716,717,718,719],"jetpack-related-posts":[{"id":2820,"url":"https:\/\/tp-electric.vn\/index.php\/san-pham\/bien-tan-invt-gd200a-s24-vao-1-pha-220v-ra-3-pha-380v\/","url_meta":{"origin":4668,"position":0},"title":"Bi\u1ebfn t\u1ea7n INVT GD200A-S24 v\u00e0o 1 pha 220V ra 3 pha 380V","author":"","date":"08\/02\/2023","format":false,"excerpt":"GD200A-S24\u00a0la\u0300 do\u0300ng bi\u00ea\u0301n t\u00e2\u0300n chuy\u00ean du\u0300ng cho ca\u0301c \u01b0\u0301ng du\u0323ng \u0111i\u00ea\u0300u khi\u00ea\u0309n \u0111\u00f4\u0323ng c\u01a1 3 pha 380V \u01a1\u0309 nh\u01b0\u0303ng n\u01a1i chi\u0309 co\u0301 \u0111i\u00ea\u0323n l\u01b0\u01a1\u0301i 1 pha 220V. V\u00e2\u0323n ha\u0300nh \u0111\u01a1n gia\u0309n, b\u00ea\u0300n bi\u0309, hoa\u0323t \u0111\u00f4\u0323ng \u00f4\u0309n \u0111i\u0323nh ngay ca\u0309 nh\u01b0\u0303ng n\u01a1i ngu\u00f4\u0300n \u0111i\u00ea\u0323n bi\u0323 su\u0323t a\u0301p, ch\u00e2\u0323p ch\u01a1\u0300n. BI\u1ebeN T\u1ea6N\u2026","rel":"","context":"Similar post","block_context":{"text":"Similar post","link":""},"img":{"alt_text":"","src":"https:\/\/i0.wp.com\/tp-electric.vn\/wp-content\/uploads\/2023\/02\/bien-tan-1-pha-ra-3-pha-gd200a-s24-h4166.png?fit=880%2C647&ssl=1&resize=350%2C200","width":350,"height":200,"srcset":"https:\/\/i0.wp.com\/tp-electric.vn\/wp-content\/uploads\/2023\/02\/bien-tan-1-pha-ra-3-pha-gd200a-s24-h4166.png?fit=880%2C647&ssl=1&resize=350%2C200 1x, https:\/\/i0.wp.com\/tp-electric.vn\/wp-content\/uploads\/2023\/02\/bien-tan-1-pha-ra-3-pha-gd200a-s24-h4166.png?fit=880%2C647&ssl=1&resize=700%2C400 2x"},"classes":[]},{"id":3355,"url":"https:\/\/tp-electric.vn\/index.php\/san-pham\/ats-abb-ot100f3c-100a-3p\/","url_meta":{"origin":4668,"position":1},"title":"ATS ABB OT100F3C 100A 3P","author":"","date":"28\/02\/2023","format":false,"excerpt":"Chuy\u1ec3n \u0111\u1ed5i b\u1eb1ng tay, \u0111i\u1ec7n \u00e1p t\u1edbi 415V, tay v\u1eb7n v\u00e0 tr\u1ee5c \u0111\u1eb7t ri\u00eang D\u00f2ng \u0111\u1ecbnh m\u1ee9c I(A): 100 D\u00f2ng \u0111\u1ecbnh m\u1ee9c P(Kw): 37 Lo\u1ea1i: 3P SKU: OT100F3C \u2013 Chuy\u1ec3n \u0111\u1ed5i ngu\u1ed3n \u0111i\u1ec7n lo\u1ea1i 3P b\u1eb1ng tay v\u00e0 t\u1ef1 \u0111\u1ed9ng v\u1edbi d\u00f2ng \u0111\u1ecbnh m\u1ee9c t\u1eeb 16A\u20262500A \u2013 Hi\u1ec3n th\u1ecb 3\u2026","rel":"","context":"Similar post","block_context":{"text":"Similar post","link":""},"img":{"alt_text":"","src":"https:\/\/i0.wp.com\/tp-electric.vn\/wp-content\/uploads\/2023\/02\/Bo-chuyen-doi-nguon-dien-ABB-OT63-125F3C.jpg?fit=450%2C450&ssl=1&resize=350%2C200","width":350,"height":200},"classes":[]},{"id":4700,"url":"https:\/\/tp-electric.vn\/index.php\/san-pham\/aptomat-chint-mcb-2-pha-100a-10ka\/","url_meta":{"origin":4668,"position":2},"title":"Aptomat Chint MCB 2 pha 100A 10kA","author":"Admin","date":"11\/12\/2024","format":false,"excerpt":"M\u00e3 s\u1ea3n ph\u1ea9m: NXB-125 2P C100 D\u00f2ng Series: NXB-125 CHINT Series Xu\u1ea5t x\u1ee9:\u00a0Trung Qu\u1ed1c Th\u1eddi gian b\u1ea3o h\u00e0nh:\u00a012 th\u00e1ng T\u00ecnh tr\u1ea1ng:\u00a0M\u1edbi 100% D\u00f2ng c\u1eaft: 10kA D\u00f2ng \u0111i\u1ec7n \u0111\u1ecbnh m\u1ee9c: 100A H\u00e3ng s\u1ea3n xu\u1ea5t: CHINT Pha: 2 pha [icon name=\"download\" prefix=\"fas\"] Download CATALOGUE Chint Drive Product Training \u00a0","rel":"","context":"Similar post","block_context":{"text":"Similar post","link":""},"img":{"alt_text":"","src":"https:\/\/i0.wp.com\/tp-electric.vn\/wp-content\/uploads\/2024\/12\/MCB-Chint-NXB-125-2P-100A-10kA.jpg?fit=450%2C450&ssl=1&resize=350%2C200","width":350,"height":200},"classes":[]},{"id":4754,"url":"https:\/\/tp-electric.vn\/index.php\/san-pham\/aptomat-etek-dc-mcb-ekm1-63dc-2c25\/","url_meta":{"origin":4668,"position":3},"title":"Aptomat ETEK DC MCB EKM1-63DC-2C25","author":"Admin","date":"11\/12\/2024","format":false,"excerpt":"Th\u00f4ng s\u1ed1 k\u1ef9 thu\u1eadt: D\u00f2ng \u0111i\u1ec7n \u0111\u1ecbnh m\u1ee9c:,25A C\u1ef1c: 2P \u0110i\u1ec7n \u00e1p \u0111\u1ecbnh m\u1ee9c Ue: 2P(500V) Kh\u1ea3 n\u0103ng ph\u00e1 v\u1ee1 \u0111\u1ecbnh m\u1ee9c: 6.000\/10.000A \u0110i\u1ec7n \u00e1p ch\u1ecbu \u0111\u01b0\u1ee3c xung \u0111\u1ecbnh m\u1ee9c (1,5\/50) Uimp 4.000V \u0110i\u1ec7n \u00e1p th\u1eed nghi\u1ec7m \u0111i\u1ec7n m\u00f4i \u1edf t\u1ea7n s\u1ed1 ind. trong 1 ph\u00fat 2KV M\u1ee9c \u0111\u1ed9 \u00f4\u2026","rel":"","context":"Similar post","block_context":{"text":"Similar post","link":""},"img":{"alt_text":"","src":"https:\/\/i0.wp.com\/tp-electric.vn\/wp-content\/uploads\/2024\/12\/EKM1-63HDC-2P-500V.jpg?fit=800%2C800&ssl=1&resize=350%2C200","width":350,"height":200,"srcset":"https:\/\/i0.wp.com\/tp-electric.vn\/wp-content\/uploads\/2024\/12\/EKM1-63HDC-2P-500V.jpg?fit=800%2C800&ssl=1&resize=350%2C200 1x, https:\/\/i0.wp.com\/tp-electric.vn\/wp-content\/uploads\/2024\/12\/EKM1-63HDC-2P-500V.jpg?fit=800%2C800&ssl=1&resize=700%2C400 2x"},"classes":[]},{"id":3293,"url":"https:\/\/tp-electric.vn\/index.php\/san-pham\/aptomat-rccb-fh200-abb\/","url_meta":{"origin":4668,"position":4},"title":"APTOMAT RCCB FH200 ABB","author":"","date":"25\/02\/2023","format":false,"excerpt":"Aptomat RCCB FH200 ABB d\u00f2ng s\u1ea3n ph\u1ea9m RCCB cao c\u1ea5p c\u00f3 ch\u1ee9c n\u0103ng b\u1ea3o v\u1ec7 ng\u01b0\u1eddi v\u00e0 thi\u1ebft b\u1ecb ch\u1ed1ng r\u00f2 r\u1ec9 \u0111i\u1ec7n \u0111\u1ea1t ti\u00eau chu\u1ea9n IEC61008. \u00a0\u01afU \u0110I\u1ec2M: B\u1ea3o v\u1ec7 con ng\u01b0\u1eddi, thi\u1ebft b\u1ecb v\u1edbi ch\u1ee9c n\u0103ng ch\u1ed1ng r\u00f2 L\u1eafp \u0111\u1eb7t cho h\u1ec7 th\u1ed1ng m\u1ea1ng \u0111i\u1ec7n c\u00f3 d\u00f2ng \u0111\u1ecbnh\u2026","rel":"","context":"Similar post","block_context":{"text":"Similar post","link":""},"img":{"alt_text":"","src":"https:\/\/i0.wp.com\/tp-electric.vn\/wp-content\/uploads\/2023\/02\/rccb.png?fit=300%2C300&ssl=1&resize=350%2C200","width":350,"height":200},"classes":[]},{"id":4757,"url":"https:\/\/tp-electric.vn\/index.php\/san-pham\/aptomat-etek-dc-mcb-ekm1-63dc-2c32\/","url_meta":{"origin":4668,"position":5},"title":"Aptomat ETEK DC MCB EKM1-63DC-2C32","author":"Admin","date":"11\/12\/2024","format":false,"excerpt":"Th\u00f4ng s\u1ed1 k\u1ef9 thu\u1eadt: D\u00f2ng \u0111i\u1ec7n \u0111\u1ecbnh m\u1ee9c: 32A C\u1ef1c: 2P \u0110i\u1ec7n \u00e1p \u0111\u1ecbnh m\u1ee9c Ue: 2P(500V) Kh\u1ea3 n\u0103ng ph\u00e1 v\u1ee1 \u0111\u1ecbnh m\u1ee9c: 6.000\/10.000A \u0110i\u1ec7n \u00e1p ch\u1ecbu \u0111\u01b0\u1ee3c xung \u0111\u1ecbnh m\u1ee9c (1,5\/50) Uimp 4.000V \u0110i\u1ec7n \u00e1p th\u1eed nghi\u1ec7m \u0111i\u1ec7n m\u00f4i \u1edf t\u1ea7n s\u1ed1 ind. trong 1 ph\u00fat 2KV M\u1ee9c \u0111\u1ed9\u2026","rel":"","context":"Similar post","block_context":{"text":"Similar post","link":""},"img":{"alt_text":"","src":"https:\/\/i0.wp.com\/tp-electric.vn\/wp-content\/uploads\/2024\/12\/EKM1-63HDC-2P-500V.jpg?fit=800%2C800&ssl=1&resize=350%2C200","width":350,"height":200,"srcset":"https:\/\/i0.wp.com\/tp-electric.vn\/wp-content\/uploads\/2024\/12\/EKM1-63HDC-2P-500V.jpg?fit=800%2C800&ssl=1&resize=350%2C200 1x, https:\/\/i0.wp.com\/tp-electric.vn\/wp-content\/uploads\/2024\/12\/EKM1-63HDC-2P-500V.jpg?fit=800%2C800&ssl=1&resize=700%2C400 2x"},"classes":[]}],"_links":{"self":[{"href":"https:\/\/tp-electric.vn\/index.php\/wp-json\/wp\/v2\/product\/4668"}],"collection":[{"href":"https:\/\/tp-electric.vn\/index.php\/wp-json\/wp\/v2\/product"}],"about":[{"href":"https:\/\/tp-electric.vn\/index.php\/wp-json\/wp\/v2\/types\/product"}],"replies":[{"embeddable":true,"href":"https:\/\/tp-electric.vn\/index.php\/wp-json\/wp\/v2\/comments?post=4668"}],"wp:featuredmedia":[{"embeddable":true,"href":"https:\/\/tp-electric.vn\/index.php\/wp-json\/wp\/v2\/media\/4684"}],"wp:attachment":[{"href":"https:\/\/tp-electric.vn\/index.php\/wp-json\/wp\/v2\/media?parent=4668"}],"wp:term":[{"taxonomy":"product_cat","embeddable":true,"href":"https:\/\/tp-electric.vn\/index.php\/wp-json\/wp\/v2\/product_cat?post=4668"},{"taxonomy":"product_tag","embeddable":true,"href":"https:\/\/tp-electric.vn\/index.php\/wp-json\/wp\/v2\/product_tag?post=4668"}],"curies":[{"name":"wp","href":"https:\/\/api.w.org\/{rel}","templated":true}]}}