{"id":4649,"date":"2024-12-11T08:36:14","date_gmt":"2024-12-11T01:36:14","guid":{"rendered":"https:\/\/tp-electric.vn\/?post_type=product&#038;p=4649"},"modified":"2024-12-12T15:11:43","modified_gmt":"2024-12-12T08:11:43","slug":"tam-pin-nang-luong-mat-troi-ja-545w","status":"publish","type":"product","link":"https:\/\/tp-electric.vn\/index.php\/san-pham\/tam-pin-nang-luong-mat-troi-ja-545w\/","title":{"rendered":"T\u1ea5m pin n\u0103ng l\u01b0\u1ee3ng m\u1eb7t tr\u1eddi JA 545W"},"content":{"rendered":"<div id=\"input_line_0\">\n<p><strong>Gi\u1edbi thi\u1ec7u v\u1ec1 t\u1ea5m pin n\u0103ng l\u01b0\u1ee3ng m\u1eb7t tr\u1eddi JA 545W<\/strong><\/p>\n<p><strong><i>T\u1ea5m pin n\u0103ng l\u01b0\u1ee3ng m\u1eb7t tr\u1eddi JA Solar 545w<\/i><\/strong>\u00a0\u0111\u01b0\u1ee3c s\u1ea3n xu\u1ea5t tr\u00ean d\u00e2y chuy\u1ec1n c\u00f4ng ngh\u1ec7 ti\u00ean ti\u1ebfn c\u1ee7a Ch\u00e2u \u00c2u.<\/p>\n<ul>\n<li>S\u1ea3n ph\u1ea9m lo\u1ea1i 1\u00a0(Grade A), th\u1ebf h\u1ec7 m\u1edbi nh\u1ea5t Deep Blue 3.0 c\u00f4ng su\u1ea5t l\u1edbn.<\/li>\n<li>C\u00f4ng ngh\u1ec7 PERC gi\u00fap t\u0103ng hi\u1ec7u su\u1ea5t t\u1ed1i \u0111a cho t\u1ea5m pin.<\/li>\n<li>C\u00f4ng ngh\u1ec7 m\u1edbi nh\u1ea5t 11BB: t\u0103ng hi\u1ec7u su\u1ea5t, \u0111\u1ed9 b\u1ec1n v\u00e0 gi\u1ea3m hi\u1ec7n t\u01b0\u1ee3ng n\u1ee9t cell pin.<\/li>\n<li>C\u00f4ng ngh\u1ec7 Half-cell: gi\u00fap t\u1ed1i \u0111a hi\u1ec7u su\u1ea5t t\u1ea5m pin, kh\u1ea3 n\u0103ng ch\u1ecbu \u0111\u1ef1ng t\u1ed1t h\u01a1n v\u00e0 h\u1ea5p th\u1ee5 t\u1ed1t h\u01a1n ngay c\u1ea3 khi t\u1ea5m pin b\u1ecb che khu\u1ea5t m\u1ed9t ph\u1ea7n \u00e1nh n\u1eafng, gi\u1ea3m nguy c\u01a1 \u0111i\u1ec3m n\u00f3ng<\/li>\n<li>T\u0103ng \u0111\u1ed9 b\u1ec1n c\u01a1 h\u1ecdc cho t\u1ea5m pin, t\u0103ng kh\u1ea3 n\u0103ng ch\u1ecbu t\u1ea3i c\u01a1 h\u1ecdc, l\u00e0m gi\u1ea3m hi\u1ec7n t\u01b0\u1ee3ng n\u00fat, v\u1ee1 cell pin<\/li>\n<li>S\u1ea3n ph\u1ea9m \u0111\u01b0\u1ee3c ch\u1ee9ng nh\u1eadn b\u1edfi c\u00e1c t\u1ed5 ch\u1ee9ng uy t\u00edn h\u00e0ng \u0111\u1ea7u c\u1ee7a \u0110\u1ee9c, M\u1ef9 v\u00e0 Nh\u1eadt B\u1ea3n.<\/li>\n<\/ul>\n<\/div>\n<p><strong><span id=\"Thong_so_den_duong_nang_luong_mat_troi_100W_JD-66100\">Th\u00f4ng s\u1ed1 t\u1ea5m pin n\u0103ng l\u01b0\u1ee3ng m\u1eb7t tr\u1eddi JA 545W<\/span><\/strong><\/p>\n<p><img decoding=\"async\" loading=\"lazy\" class=\"size-full wp-image-4971 aligncenter\" src=\"https:\/\/i0.wp.com\/tpenergy.com.vn\/wp-content\/uploads\/2024\/07\/20210706053524693_001.png?resize=612%2C825&#038;ssl=1\" alt=\"\" width=\"612\" height=\"825\" data-recalc-dims=\"1\" \/> <img decoding=\"async\" loading=\"lazy\" class=\"size-full wp-image-4972 aligncenter\" src=\"https:\/\/i0.wp.com\/tpenergy.com.vn\/wp-content\/uploads\/2024\/07\/20210706053524693_002.png?resize=612%2C825&#038;ssl=1\" alt=\"\" width=\"612\" height=\"825\" data-recalc-dims=\"1\" \/><\/p>\n<p>T\u1ea5m pin n\u0103ng l\u01b0\u1ee3ng m\u1eb7t tr\u1eddi JAM72S30 525-550\/MR v\u1edbi c\u00f4ng su\u1ea5t 545W l\u00e0 gi\u1ea3i ph\u00e1p ph\u00f9 h\u1ee3p v\u1edbi c\u00e1c doanh nghi\u1ec7p th\u01b0\u01a1ng m\u1ea1i v\u00e0 c\u00f4ng nghi\u1ec7p.<\/p>\n<p>V\u1edbi kh\u1ea3 n\u0103ng t\u00e1i t\u1ea1o, v\u0129nh c\u1eedu v\u00e0 kh\u00f4ng b\u1ecb c\u1ea1n ki\u1ec7t nh\u01b0 nhi\u1ec1u ngu\u1ed3n n\u0103ng l\u01b0\u1ee3ng h\u00f3a th\u1ea1ch l\u00e0 than \u0111\u00e1 hay d\u1ea7u m\u1ecf\u2026 n\u0103ng l\u01b0\u1ee3ng m\u1eb7t tr\u1eddi ho\u00e0n to\u00e0n ti\u1ebft ki\u1ec7m \u0111\u01b0\u1ee3c ngu\u1ed3n chi ph\u00ed c\u1ef1c l\u1edbn t\u1eeb ph\u00ed v\u1eadn h\u00e0nh, b\u1ea3o tr\u00ec\u2026<\/p>\n<p>JA Solar 545W c\u00f3 t\u00ednh h\u1ea5p thu t\u1ed1t v\u00e0 m\u1ee9c ti\u00eau th\u1ee5 \u0111\u1ea1t t\u1ed1i \u0111a gi\u00fap gi\u1ea3m thi\u1ec3u l\u01b0\u1ee3ng l\u1edbn chi ph\u00ed s\u1ea3n xu\u1ea5t v\u00e0 gi\u00fap b\u1ea3o v\u1ec7 m\u00f4i tr\u01b0\u1eddng t\u1ed1t h\u01a1n. Ngo\u00e0i ra, pin JA Solar 545W v\u1edbi LCOE th\u1ea5p c\u00f2n mang l\u1ea1i cho doanh nghi\u1ec7p ngu\u1ed3n doanh thu kh\u1ed5ng l\u1ed3 v\u00e0 t\u1eeb vi\u1ec7c b\u00e1n ph\u1ea7n \u0111i\u1ec7n d\u01b0 kh\u00f4ng s\u1eed d\u1ee5ng h\u1ebft cho ng\u00e0nh \u0111i\u1ec7n.<\/p>\n<p><strong>Thu\u1eadn Phong Energy t\u1ef1 h\u00e0o l\u00e0 nh\u00e0 ph\u00e2n ph\u1ed1i ch\u00ednh h\u00e3ng t\u1ea5m pin m\u1eb7t tr\u1eddi <\/strong><strong>JA 545W<\/strong><\/p>\n<div class=\"x11i5rnm xat24cr x1mh8g0r x1vvkbs xtlvy1s x126k92a\">\n<div dir=\"auto\">S\u1ea3n ph\u1ea9m c\u1ee7a Thu\u1eadn Phong khi \u0111\u1ebfn tay \u0111\u1ea1i l\u00fd lu\u00f4n \u0111\u1ea3m b\u1ea3o:<\/div>\n<div dir=\"auto\"><span class=\"x3nfvp2 x1j61x8r x1fcty0u xdj266r xhhsvwb xat24cr xgzva0m xxymvpz xlup9mm x1kky2od\"><img decoding=\"async\" loading=\"lazy\" class=\"xz74otr lazy-load-active\" src=\"https:\/\/static.xx.fbcdn.net\/images\/emoji.php\/v9\/t6b\/1\/16\/25fe.png\" alt=\"\u25fe\ufe0f\" width=\"16\" height=\"16\" data-src=\"https:\/\/static.xx.fbcdn.net\/images\/emoji.php\/v9\/t6b\/1\/16\/25fe.png\" \/><\/span>\u00a0H\u00e0ng h\u00f3a ch\u00ednh h\u00e3ng, \u0111\u1ea7y \u0111\u1ee7 CO, CQ, VAT cho d\u1ef1 \u00e1n<\/div>\n<div dir=\"auto\"><span class=\"x3nfvp2 x1j61x8r x1fcty0u xdj266r xhhsvwb xat24cr xgzva0m xxymvpz xlup9mm x1kky2od\"><img decoding=\"async\" loading=\"lazy\" class=\"xz74otr lazy-load-active\" src=\"https:\/\/static.xx.fbcdn.net\/images\/emoji.php\/v9\/t6b\/1\/16\/25fe.png\" alt=\"\u25fe\ufe0f\" width=\"16\" height=\"16\" data-src=\"https:\/\/static.xx.fbcdn.net\/images\/emoji.php\/v9\/t6b\/1\/16\/25fe.png\" \/><\/span>\u00a0Gi\u00e1 lu\u00f4n c\u1ea1nh tranh nh\u1edd nh\u1eadp kh\u1ea9u tr\u1ef1c ti\u1ebfp.<\/div>\n<div dir=\"auto\"><span class=\"x3nfvp2 x1j61x8r x1fcty0u xdj266r xhhsvwb xat24cr xgzva0m xxymvpz xlup9mm x1kky2od\"><img decoding=\"async\" loading=\"lazy\" class=\"xz74otr lazy-load-active\" src=\"https:\/\/static.xx.fbcdn.net\/images\/emoji.php\/v9\/t6b\/1\/16\/25fe.png\" alt=\"\u25fe\ufe0f\" width=\"16\" height=\"16\" data-src=\"https:\/\/static.xx.fbcdn.net\/images\/emoji.php\/v9\/t6b\/1\/16\/25fe.png\" \/><\/span>\u00a0C\u1ea5p s\u1ec9 to\u00e0n qu\u1ed1c. V\u1eadn chuy\u1ec3n t\u1eadn n\u01a1i.<\/div>\n<div dir=\"auto\"><span class=\"x3nfvp2 x1j61x8r x1fcty0u xdj266r xhhsvwb xat24cr xgzva0m xxymvpz xlup9mm x1kky2od\"><img decoding=\"async\" loading=\"lazy\" class=\"xz74otr lazy-load-active\" src=\"https:\/\/static.xx.fbcdn.net\/images\/emoji.php\/v9\/t6b\/1\/16\/25fe.png\" alt=\"\u25fe\ufe0f\" width=\"16\" height=\"16\" data-src=\"https:\/\/static.xx.fbcdn.net\/images\/emoji.php\/v9\/t6b\/1\/16\/25fe.png\" \/><\/span>\u00a0B\u1ea3o h\u00e0nh hi\u1ec7u su\u1ea5t l\u00ean t\u1edbi 30 n\u0103m<\/div>\n<\/div>\n<div class=\"x11i5rnm xat24cr x1mh8g0r x1vvkbs xtlvy1s x126k92a\">\n<div dir=\"auto\"><span class=\"x3nfvp2 x1j61x8r x1fcty0u xdj266r xhhsvwb xat24cr xgzva0m xxymvpz xlup9mm x1kky2od\"><img decoding=\"async\" loading=\"lazy\" class=\"xz74otr lazy-load-active\" src=\"https:\/\/static.xx.fbcdn.net\/images\/emoji.php\/v9\/td8\/1\/16\/1f4f2.png\" alt=\"\ud83d\udcf2\" width=\"16\" height=\"16\" data-src=\"https:\/\/static.xx.fbcdn.net\/images\/emoji.php\/v9\/td8\/1\/16\/1f4f2.png\" \/><\/span>\u00a0Li\u00ean h\u1ec7 Thu\u1eadn Phong qua Hotline: 0869 564 567 \u0111\u1ec3 \u0111\u01b0\u1ee3c t\u01b0 v\u1ea5n th\u00eam!<\/div>\n<\/div>\n<div dir=\"auto\">\u2014\u2014\u2014\u2014\u2014\u2014\u2014\u2014\u2014\u2014\u2014\u2013<\/div>\n<div dir=\"auto\">CH\u1eccN THU\u1eacN PHONG \u2013 CH\u1eccN S\u1ef0 AN T\u00c2M<\/div>\n<div dir=\"auto\"><span class=\"x3nfvp2 x1j61x8r x1fcty0u xdj266r xhhsvwb xat24cr xgzva0m xxymvpz xlup9mm x1kky2od\"><img decoding=\"async\" loading=\"lazy\" class=\"xz74otr lazy-load-active\" src=\"https:\/\/static.xx.fbcdn.net\/images\/emoji.php\/v9\/t4c\/1\/16\/25aa.png\" alt=\"\u25aa\" width=\"16\" height=\"16\" data-src=\"https:\/\/static.xx.fbcdn.net\/images\/emoji.php\/v9\/t4c\/1\/16\/25aa.png\" \/><\/span>\u00a0Hotline: 0869.564.567<\/div>\n<div dir=\"auto\"><span class=\"x3nfvp2 x1j61x8r x1fcty0u xdj266r xhhsvwb xat24cr xgzva0m xxymvpz xlup9mm x1kky2od\"><img decoding=\"async\" loading=\"lazy\" class=\"xz74otr lazy-load-active\" src=\"https:\/\/static.xx.fbcdn.net\/images\/emoji.php\/v9\/t4c\/1\/16\/25aa.png\" alt=\"\u25aa\" width=\"16\" height=\"16\" data-src=\"https:\/\/static.xx.fbcdn.net\/images\/emoji.php\/v9\/t4c\/1\/16\/25aa.png\" \/><\/span>\u00a0K\u1ef9 thu\u1eadt: Mr D\u0169ng 0899768777<\/div>\n<div dir=\"auto\"><span class=\"x3nfvp2 x1j61x8r x1fcty0u xdj266r xhhsvwb xat24cr xgzva0m xxymvpz xlup9mm x1kky2od\"><img decoding=\"async\" loading=\"lazy\" class=\"xz74otr lazy-load-active\" src=\"https:\/\/static.xx.fbcdn.net\/images\/emoji.php\/v9\/t4c\/1\/16\/25aa.png\" alt=\"\u25aa\" width=\"16\" height=\"16\" data-src=\"https:\/\/static.xx.fbcdn.net\/images\/emoji.php\/v9\/t4c\/1\/16\/25aa.png\" \/><\/span>\u00a0Tr\u1ee5 s\u1edf ch\u00ednh: 30 Nguy\u1ec5n H\u1eefu D\u1eadt, ph\u01b0\u1eddng Nam L\u00fd, th\u00e0nh ph\u1ed1 \u0110\u1ed3ng H\u1edbi, t\u1ec9nh Qu\u1ea3ng B\u00ecnh,Vi\u1ec7t Nam<\/div>\n<div dir=\"auto\"><span class=\"x3nfvp2 x1j61x8r x1fcty0u xdj266r xhhsvwb xat24cr xgzva0m xxymvpz xlup9mm x1kky2od\"><img decoding=\"async\" loading=\"lazy\" class=\"xz74otr lazy-load-active\" src=\"https:\/\/static.xx.fbcdn.net\/images\/emoji.php\/v9\/t4c\/1\/16\/25aa.png\" alt=\"\u25aa\" width=\"16\" height=\"16\" data-src=\"https:\/\/static.xx.fbcdn.net\/images\/emoji.php\/v9\/t4c\/1\/16\/25aa.png\" \/><\/span>\u00a0Email: solarquangbinh@gmail.com<\/div>\n<div dir=\"auto\"><span class=\"x3nfvp2 x1j61x8r x1fcty0u xdj266r xhhsvwb xat24cr xgzva0m xxymvpz xlup9mm x1kky2od\"><img decoding=\"async\" loading=\"lazy\" class=\"xz74otr lazy-load-active\" src=\"https:\/\/static.xx.fbcdn.net\/images\/emoji.php\/v9\/t4c\/1\/16\/25aa.png\" alt=\"\u25aa\" width=\"16\" height=\"16\" data-src=\"https:\/\/static.xx.fbcdn.net\/images\/emoji.php\/v9\/t4c\/1\/16\/25aa.png\" \/><\/span>\u00a0Website:\u00a0<a class=\"x1i10hfl xjbqb8w x1ejq31n xd10rxx x1sy0etr x17r0tee x972fbf xcfux6l x1qhh985 xm0m39n x9f619 x1ypdohk xt0psk2 xe8uvvx xdj266r x11i5rnm xat24cr x1mh8g0r xexx8yu x4uap5 x18d9i69 xkhd6sd x16tdsg8 x1hl2dhg xggy1nq x1a2a7pz xt0b8zv x1fey0fg\" tabindex=\"0\" role=\"link\" href=\"https:\/\/l.facebook.com\/l.php?u=https%3A%2F%2Ftpenergy.com.vn%2F%3Ffbclid%3DIwAR1zTSbdXOi_Tl2faWM8WrkjoJ4DUyjMX0nCVZZgeiI5f-ccyxaJjrvKiyc_aem_Ac8kyG2kzUYIVmKTJ4YQIET7j7QtZNsZTK69SDLbvqP-IShA8AIuhFWzo_o8RexIn7bvj1QLRP0dLubEyeT43z5b&amp;h=AT0_0Xuro56qVins9SsASkKZ2-4CppJsU6DxCPrtSCGjJm3qA6poPdulzeHF0c1B1DJymZpiMqyexrG0jG0GnHBeZWxHueJOlpBJmGh_XHfS-3h-uDELSSZJFEkCvJ0sY6uf&amp;__tn__=-UK-R&amp;c[0]=AT15V3qAYiO51xnsl6t1ix6fBknFoK8VhyQGikjMPZ_yjjuVErZ1Mfujp5GU7rocupsiXl0roMwthvpTdIbyg8j5ETd4oxaQ-ttmS8_tXnEE73UfDCkUixQ_AnxErnCbSalGXJkUrlhUaMlb1YWNBSfqmeHw3GsQe1k7YmX_rCami_YGRA\" target=\"_blank\" rel=\"nofollow noopener noreferrer\">https:\/\/tpenergy.com.vn\/<\/a><\/div>\n<div dir=\"auto\"><span class=\"x3nfvp2 x1j61x8r x1fcty0u xdj266r xhhsvwb xat24cr xgzva0m xxymvpz xlup9mm x1kky2od\"><img decoding=\"async\" loading=\"lazy\" class=\"xz74otr lazy-load-active\" src=\"https:\/\/static.xx.fbcdn.net\/images\/emoji.php\/v9\/t4c\/1\/16\/25aa.png\" alt=\"\u25aa\" width=\"16\" height=\"16\" data-src=\"https:\/\/static.xx.fbcdn.net\/images\/emoji.php\/v9\/t4c\/1\/16\/25aa.png\" \/><\/span>\u00a0Shopee:\u00a0<a class=\"x1i10hfl xjbqb8w x1ejq31n xd10rxx x1sy0etr x17r0tee x972fbf xcfux6l x1qhh985 xm0m39n x9f619 x1ypdohk xt0psk2 xe8uvvx xdj266r x11i5rnm xat24cr x1mh8g0r xexx8yu x4uap5 x18d9i69 xkhd6sd x16tdsg8 x1hl2dhg xggy1nq x1a2a7pz xt0b8zv x1fey0fg\" tabindex=\"0\" role=\"link\" href=\"https:\/\/l.facebook.com\/l.php?u=https%3A%2F%2Fshopee.vn%2Fsolarquangbinh%3Ffbclid%3DIwAR0RgrhyNxcw24vSw5-Jq7sk_i1yrfXJvokFtjsVQNAJqrOz1hsuOD9bp8s_aem_Ac900jYtQ5as_4nkHxETyKZXCmZOOqHC9L6BcyinLPZROOx8Bpzf0PUma2h9sSeJHFidNAwXjOfheMzK7s9zBSBo&amp;h=AT0gC7uYbN-4cJAMnDKXawM8C1EerQ8R49-X83wFzPEk1Z2joQqOIH0c0yP7MF21cMBzWE-iaGHwdB293A0k4tZV-kE5sBssbmd70QLM2iz-PdU_NtpzR8bTvwj2DQE7PVMS&amp;__tn__=-UK-R&amp;c[0]=AT15V3qAYiO51xnsl6t1ix6fBknFoK8VhyQGikjMPZ_yjjuVErZ1Mfujp5GU7rocupsiXl0roMwthvpTdIbyg8j5ETd4oxaQ-ttmS8_tXnEE73UfDCkUixQ_AnxErnCbSalGXJkUrlhUaMlb1YWNBSfqmeHw3GsQe1k7YmX_rCami_YGRA\" target=\"_blank\" rel=\"nofollow noopener noreferrer\">https:\/\/shopee.vn\/solarquangbinh<\/a><\/div>\n<div dir=\"auto\"><span class=\"x3nfvp2 x1j61x8r x1fcty0u xdj266r xhhsvwb xat24cr xgzva0m xxymvpz xlup9mm x1kky2od\"><img decoding=\"async\" loading=\"lazy\" class=\"xz74otr lazy-load-active\" src=\"https:\/\/static.xx.fbcdn.net\/images\/emoji.php\/v9\/t4c\/1\/16\/25aa.png\" alt=\"\u25aa\" width=\"16\" height=\"16\" data-src=\"https:\/\/static.xx.fbcdn.net\/images\/emoji.php\/v9\/t4c\/1\/16\/25aa.png\" \/><\/span>\u00a0Lazada:\u00a0<a class=\"x1i10hfl xjbqb8w x1ejq31n xd10rxx x1sy0etr x17r0tee x972fbf xcfux6l x1qhh985 xm0m39n x9f619 x1ypdohk xt0psk2 xe8uvvx xdj266r x11i5rnm xat24cr x1mh8g0r xexx8yu x4uap5 x18d9i69 xkhd6sd x16tdsg8 x1hl2dhg xggy1nq x1a2a7pz xt0b8zv x1fey0fg\" tabindex=\"0\" role=\"link\" href=\"https:\/\/www.lazada.vn\/shop\/thuan-phong-electric\/-?fbclid=IwAR2f9Xwv69oI7Gq6oR2qEv5dMV7Awum2wxr8HQkpsePWn3APXFmtEo_kmkU_aem_Ac-jHhf1octjrwXby9Br9EVZ-7hmEmXheIzOaye2pbejFXCnyAiZjEUPLdDWFtm7UMsZi45YCNRE1OnQThJa8FDJ\" target=\"_blank\" rel=\"nofollow noopener noreferrer\">https:\/\/www.lazada.vn\/shop\/thuan-phong-electric\/-<\/a><\/div>\n","protected":false},"excerpt":{"rendered":"<ul>\n<li>C\u00f4ng su\u1ea5t: 545Wp<\/li>\n<li>Lo\u1ea1i Cell: Mono (\u0111\u01a1n tinh th\u1ec3)<\/li>\n<li>B\u1ec1 m\u1eb7t: K\u00ednh c\u01b0\u1eddng l\u1ef1c d\u00e0y 3,5mm<\/li>\n<li>Khung Pin: H\u1ee3p kim nh\u00f4m d\u00e0y 40mm<\/li>\n<li>K\u00edch th\u01b0\u1edbc: 2261 \u02e3 1134 \u02e3 35 mm.<\/li>\n<li>C\u00e2n n\u1eb7ng: 27.8 kg<\/li>\n<li>S\u1ed1 l\u01b0\u1ee3ng Cell: 144 cells<\/li>\n<li>Hi\u1ec7u su\u1ea5t quang n\u0103ng: 21.3%<\/li>\n<li>B\u1ea3o h\u00e0nh s\u1ea3n ph\u1ea9m: 20 n\u0103m<\/li>\n<li><a href=\"https:\/\/tpenergy.com.vn\/wp-content\/uploads\/2024\/07\/20210706053524693.pdf\">DATASHEET<\/a><\/li>\n<\/ul>\n","protected":false},"featured_media":4679,"comment_status":"open","ping_status":"closed","template":"","meta":[],"product_cat":[298],"product_tag":[],"jetpack-related-posts":[{"id":3946,"url":"https:\/\/tp-electric.vn\/index.php\/san-pham\/tam-pin-nlmt-longi-bifacial-lr5-72hbd-545w\/","url_meta":{"origin":4649,"position":0},"title":"T\u1ea5m Pin NLMT LONGI Bifacial LR5-72HBD 545W","author":"Admin","date":"11\/12\/2024","format":false,"excerpt":"Pin n\u0103ng l\u01b0\u1ee3ng m\u1eb7t tr\u1eddi LONGI 545W - H\u00e3ng s\u1ea3n xu\u1ea5t LONGI (Trung Qu\u1ed1c)\u00a0LONGI LR5-72HBD\u00a0545W - C\u00f4ng su\u1ea5t: 545Wp\/t\u1ea5m - Lo\u1ea1i: Mono 2 m\u1eb7t k\u00ednh - S\u1ed1 Cell: 144 (6x24) - Kh\u1ed1i l\u01b0\u1ee3ng : 32.3kg\/t\u1ea5m - Hi\u1ec7u su\u1ea5t: 21~21,5% - Pin \u0111\u1ea1t c\u00e1c ti\u00eau chu\u1ea9n: IP68 - K\u00edch th\u01b0\u1edbc: 2256x1133x35\u2026","rel":"","context":"Similar post","block_context":{"text":"Similar post","link":""},"img":{"alt_text":"","src":"https:\/\/i0.wp.com\/tp-electric.vn\/wp-content\/uploads\/2024\/12\/longi-545.png?fit=800%2C800&ssl=1&resize=350%2C200","width":350,"height":200,"srcset":"https:\/\/i0.wp.com\/tp-electric.vn\/wp-content\/uploads\/2024\/12\/longi-545.png?fit=800%2C800&ssl=1&resize=350%2C200 1x, https:\/\/i0.wp.com\/tp-electric.vn\/wp-content\/uploads\/2024\/12\/longi-545.png?fit=800%2C800&ssl=1&resize=700%2C400 2x"},"classes":[]},{"id":4621,"url":"https:\/\/tp-electric.vn\/index.php\/san-pham\/tam-pin-mat-troi-risen-550w\/","url_meta":{"origin":4649,"position":1},"title":"T\u1ea5m pin m\u1eb7t tr\u1eddi Risen 550W","author":"Admin","date":"11\/12\/2024","format":false,"excerpt":"Th\u01b0\u01a1ng hi\u1ec7u Risen Solar Model RSM144-9-550BMDG C\u00f4ng su\u1ea5t 550WP Hi\u1ec7u su\u1ea5t 21.7% Tr\u1ecdng L\u01b0\u1ee3ng 32.5kg K\u00edch Th\u01b0\u1edbc 2278\u00d71134\u00d730mm B\u1ea3o H\u00e0nh V\u1eadt L\u00fd 15 Years B\u1ea3o H\u00e0nh Hi\u1ec7u Su\u1ea5t 25 Years","rel":"","context":"Similar post","block_context":{"text":"Similar post","link":""},"img":{"alt_text":"","src":"https:\/\/i0.wp.com\/tp-electric.vn\/wp-content\/uploads\/2024\/12\/RISEN-550-224.jpg?fit=510%2C510&ssl=1&resize=350%2C200","width":350,"height":200},"classes":[]},{"id":3944,"url":"https:\/\/tp-electric.vn\/index.php\/san-pham\/tam-pin-nlmt-longi-bifacial-lr4-72hbd-445w\/","url_meta":{"origin":4649,"position":2},"title":"T\u1ea5m Pin NLMT LONGI Bifacial LR4-72HBD 445W","author":"Admin","date":"11\/12\/2024","format":false,"excerpt":"Pin n\u0103ng l\u01b0\u1ee3ng m\u1eb7t tr\u1eddi LONGI 445W - H\u00e3ng s\u1ea3n xu\u1ea5t LONGI (Trung Qu\u1ed1c) LONGI LR4-72HPH 445 - C\u00f4ng su\u1ea5t: 445Wp\/t\u1ea5m - Lo\u1ea1i: Mono 2 m\u1eb7t k\u00ednh - S\u1ed1 Cell: 144 (6x24) - Kh\u1ed1i l\u01b0\u1ee3ng : 27.5kg\/t\u1ea5m - Hi\u1ec7u su\u1ea5t: 20,5% - Pin \u0111\u1ea1t c\u00e1c ti\u00eau chu\u1ea9n: IP68 - K\u00edch\u2026","rel":"","context":"Similar post","block_context":{"text":"Similar post","link":""},"img":{"alt_text":"","src":"https:\/\/i0.wp.com\/tp-electric.vn\/wp-content\/uploads\/2024\/12\/longi-445.png?fit=1001%2C1001&ssl=1&resize=350%2C200","width":350,"height":200,"srcset":"https:\/\/i0.wp.com\/tp-electric.vn\/wp-content\/uploads\/2024\/12\/longi-445.png?fit=1001%2C1001&ssl=1&resize=350%2C200 1x, https:\/\/i0.wp.com\/tp-electric.vn\/wp-content\/uploads\/2024\/12\/longi-445.png?fit=1001%2C1001&ssl=1&resize=700%2C400 2x"},"classes":[]},{"id":4576,"url":"https:\/\/tp-electric.vn\/index.php\/san-pham\/tam-pin-mat-troi-risen-575w\/","url_meta":{"origin":4649,"position":3},"title":"T\u1ea5m pin m\u1eb7t tr\u1eddi Risen 575W","author":"Admin","date":"11\/12\/2024","format":false,"excerpt":"Th\u01b0\u01a1ng hi\u1ec7u Risen Solar Model RSM110-8-565-585BHDG C\u00f4ng su\u1ea5t 575WP Hi\u1ec7u su\u1ea5t 22.3% Tr\u1ecdng L\u01b0\u1ee3ng 31kg K\u00edch Th\u01b0\u1edbc 2278\u00d71134\u00d730mm B\u1ea3o H\u00e0nh V\u1eadt L\u00fd 15 Years B\u1ea3o H\u00e0nh Hi\u1ec7u Su\u1ea5t 30 Years","rel":"","context":"Similar post","block_context":{"text":"Similar post","link":""},"img":{"alt_text":"","src":"https:\/\/i0.wp.com\/tp-electric.vn\/wp-content\/uploads\/2024\/12\/product-jpeg-500x500-1.png?fit=500%2C500&ssl=1&resize=350%2C200","width":350,"height":200},"classes":[]},{"id":4044,"url":"https:\/\/tp-electric.vn\/index.php\/san-pham\/tam-pin-qcells-mono-half-cells-425w\/","url_meta":{"origin":4649,"position":4},"title":"T\u1ea5m Pin Qcells Mono Half Cells 425W","author":"Admin","date":"11\/12\/2024","format":false,"excerpt":"H\u00e3ng s\u1ea3n xu\u1ea5t HANWHA (H\u00e0n Qu\u1ed1c)\u00a0 K\u00edch th\u01b0\u1edbc t\u1ea5m pin: 2080mm \u00d7 1030mm \u00d7 35mm\u00a0 C\u00f4ng su\u1ea5t: 425Wp\/t\u1ea5m\u00a0 Lo\u1ea1i: Mono Kh\u1ed1i l\u01b0\u1ee3ng : 24,5kg\/t\u1ea5m Hi\u1ec7u su\u1ea5t: >= 19,8% Pin \u0111\u1ea1t c\u00e1c ti\u00eau chu\u1ea9n kh\u1eaft khe nh\u01b0: CSA (USA), TUV, CE, ISO, IP67....\u00a0 S\u1ea3n ph\u1ea9m \u0111\u01b0\u1ee3c b\u1ea3o h\u00e0nh: 12 n\u0103m; b\u1ea3o\u2026","rel":"","context":"Similar post","block_context":{"text":"Similar post","link":""},"img":{"alt_text":"","src":"https:\/\/i0.wp.com\/tp-electric.vn\/wp-content\/uploads\/2024\/12\/pin-mat-troi-qcell-525w-9977.jpg?fit=540%2C540&ssl=1&resize=350%2C200","width":350,"height":200},"classes":[]},{"id":3948,"url":"https:\/\/tp-electric.vn\/index.php\/san-pham\/tam-pin-nlmt-jinko-mono-half-cells-475w-jkm475m-7rl3\/","url_meta":{"origin":4649,"position":5},"title":"T\u1ea5m Pin NLMT Jinko Mono Half Cells 475W &#8211; JKM475M-7RL3","author":"Admin","date":"11\/12\/2024","format":false,"excerpt":"Pin n\u0103ng l\u01b0\u1ee3ng m\u1eb7t tr\u1eddi JINKO 475W - H\u00e3ng s\u1ea3n xu\u1ea5t JINKO - C\u00f4ng su\u1ea5t: 475Wp\/t\u1ea5m - Lo\u1ea1i: Mono - S\u1ed1 Cell: 156 (2x78) - Kh\u1ed1i l\u01b0\u1ee3ng : 25kg\/t\u1ea5m - Hi\u1ec7u su\u1ea5t: 21,16% - Pin \u0111\u1ea1t c\u00e1c ti\u00eau chu\u1ea9n: IP68 - K\u00edch th\u01b0\u1edbc: 2182x1029x35 mm - S\u1ea3n ph\u1ea9m \u0111\u01b0\u1ee3c b\u1ea3o\u2026","rel":"","context":"Similar post","block_context":{"text":"Similar post","link":""},"img":{"alt_text":"","src":"https:\/\/i0.wp.com\/tp-electric.vn\/wp-content\/uploads\/2024\/12\/solar-panel-jinkosolar-475w-dong-tiger-78m-tr-jkm475m-7lr3-v.jpg?fit=700%2C700&ssl=1&resize=350%2C200","width":350,"height":200,"srcset":"https:\/\/i0.wp.com\/tp-electric.vn\/wp-content\/uploads\/2024\/12\/solar-panel-jinkosolar-475w-dong-tiger-78m-tr-jkm475m-7lr3-v.jpg?fit=700%2C700&ssl=1&resize=350%2C200 1x, https:\/\/i0.wp.com\/tp-electric.vn\/wp-content\/uploads\/2024\/12\/solar-panel-jinkosolar-475w-dong-tiger-78m-tr-jkm475m-7lr3-v.jpg?fit=700%2C700&ssl=1&resize=700%2C400 2x"},"classes":[]}],"_links":{"self":[{"href":"https:\/\/tp-electric.vn\/index.php\/wp-json\/wp\/v2\/product\/4649"}],"collection":[{"href":"https:\/\/tp-electric.vn\/index.php\/wp-json\/wp\/v2\/product"}],"about":[{"href":"https:\/\/tp-electric.vn\/index.php\/wp-json\/wp\/v2\/types\/product"}],"replies":[{"embeddable":true,"href":"https:\/\/tp-electric.vn\/index.php\/wp-json\/wp\/v2\/comments?post=4649"}],"wp:featuredmedia":[{"embeddable":true,"href":"https:\/\/tp-electric.vn\/index.php\/wp-json\/wp\/v2\/media\/4679"}],"wp:attachment":[{"href":"https:\/\/tp-electric.vn\/index.php\/wp-json\/wp\/v2\/media?parent=4649"}],"wp:term":[{"taxonomy":"product_cat","embeddable":true,"href":"https:\/\/tp-electric.vn\/index.php\/wp-json\/wp\/v2\/product_cat?post=4649"},{"taxonomy":"product_tag","embeddable":true,"href":"https:\/\/tp-electric.vn\/index.php\/wp-json\/wp\/v2\/product_tag?post=4649"}],"curies":[{"name":"wp","href":"https:\/\/api.w.org\/{rel}","templated":true}]}}