{"id":4623,"date":"2024-12-11T08:35:51","date_gmt":"2024-12-11T01:35:51","guid":{"rendered":"https:\/\/tp-electric.vn\/?post_type=product&#038;p=4623"},"modified":"2024-12-12T15:11:42","modified_gmt":"2024-12-12T08:11:42","slug":"dong-ho-dem-set-jcq-1","status":"publish","type":"product","link":"https:\/\/tp-electric.vn\/index.php\/san-pham\/dong-ho-dem-set-jcq-1\/","title":{"rendered":"\u0110\u1ed3ng h\u1ed3 \u0111\u1ebfm s\u00e9t JCQ-1"},"content":{"rendered":"<h3>\u0110\u1ed3ng h\u1ed3 \u0111\u1ebfm s\u00e9t JCQ-1<\/h3>\n<p>\u0110\u1ed3ng H\u1ed3 \u0110\u1ebfm S\u00e9t JCQ-1 \u2013 B\u1ed9 \u0111\u1ebfm s\u00e9t tr\u1ef1c ti\u1ebfp Toshiba c\u00f3 kh\u1ea3 n\u0103ng \u0111\u1ebfm s\u1ed1 l\u1ea7n s\u00e9t \u0111\u00e1nh v\u00e0o <a href=\"https:\/\/tp-electric.vn\/index.php\/danh-muc\/he-thong-chong-set\/\"><strong>kim thu s\u00e9t<\/strong><\/a>. Khi l\u1eafp \u0111\u1eb7t b\u1ed9 \u0111\u1ebfm s\u00e9t gi\u00fap kh\u00e1ch h\u00e0ng \u0111\u00e1nh gi\u00e1 kh\u1ea3 n\u0103ng t\u00ecnh tr\u1ea1ng ho\u1ea1t \u0111\u1ed9ng c\u1ee7a kim thu s\u00e9t, t\u1eeb \u0111\u00f3 \u0111\u01b0a ra vi\u1ec7c x\u00e1c l\u1eadp s\u1ed1 li\u1ec7u sau n\u00e0y. B\u1ed9 \u0111\u1ebfm s\u00e9t tr\u1ef1c ti\u1ebfp ph\u00f9 h\u1ee3p v\u1edbi t\u1ea5t c\u1ea3 d\u00f2ng kim thu s\u00e9t t\u1eeb kim thu s\u00e9t c\u1ed5 \u0111i\u1ec3n \u0111\u1ebf kim thu s\u00e9t ph\u00e1t x\u1ea1 s\u1edbm. Nguy\u00ean l\u00fd ho\u1ea1t \u0111\u1ed9ng theo c\u1ea3m bi\u1ebfn xung khi c\u00f3 d\u00f2ng s\u00e9t ch\u1ea1y qua d\u00e2y tho\u00e1t s\u00e9t.<\/p>\n<h3>Th\u00f4ng s\u1ed1 k\u1ef9 thu\u1eadt:<\/h3>\n<p>&#8211; Xu\u1ea5t x\u1ee9, m\u00e3 hi\u1ec7u, ki\u1ec3u: JCQ-1\/ TOSHIBA\/ TRUNG QU\u1ed0C<\/p>\n<p>&#8211; D\u1ea3i \u0111o \u0111\u1ed3ng h\u1ed3: 0-5mA<\/p>\n<p>&#8211; B\u1ed9 ch\u1ec9 th\u1ecb d\u00f2ng r\u00f2: chia 10 v\u1ea1ch cho 1mA<\/p>\n<p>&#8211; B\u1ed9 \u0111\u1ebfm xung: \u2265 03 s\u1ed1 (3 digits cyclometer)<\/p>\n<p>&#8211; Ng\u01b0\u1ee1ng d\u00f2ng \u0111\u1ebfm nh\u1ecf nh\u1ea5t \u2264 30A (8\/20\u00b5S)<\/p>\n<p>&#8211; D\u00f2ng ch\u1ecbu \u0111\u1ef1ng c\u1ef1c \u0111\u1ea1i: 100kA (4\/10\u00b5S)<\/p>\n<p>&#8211; \u0110i\u1ec7n \u00e1p d\u01b0 t\u1ea1i 100kA: \u2264 5kV<\/p>\n<p>&#8211; D\u00f2ng ch\u1ecbu \u0111\u01b0\u1ee3c trong 2ms : 4000A<\/p>\n<p>&#8211; Chu tr\u00ecnh l\u00e0m vi\u1ec7c b\u1ed9 \u0111\u1ebfm 5\/1s<\/p>\n<p>Qu\u00fd kh\u00e1ch c\u00f3 nhu c\u1ea7u mua thi\u1ebft b\u1ecb <strong>\u0110\u1ed3ng h\u1ed3 \u0111\u1ebfm s\u00e9t JCQ-1,\u00a0<\/strong>li\u00ean h\u1ec7 v\u1edbi Thu\u1eadn Phong qua Hotline <strong>0869 564 567<\/strong> ho\u1eb7c Qu\u1ea3n l\u00fd d\u1ef1 \u00e1n: <span class=\"html-span xexx8yu x4uap5 x18d9i69 xkhd6sd x1hl2dhg x16tdsg8 x1vvkbs x3nfvp2 x1j61x8r x1fcty0u xdj266r xat24cr xgzva0m xhhsvwb xxymvpz xlup9mm x1kky2od\"><a class=\"text-is-phone-number\" data-z-element-type=\"phone-number\"><strong>0869757357<\/strong> \u0111\u1ec3 \u0111\u01b0\u1ee3c t\u01b0 v\u1ea5n v\u00e0 b\u00e1o gi\u00e1 nhanh nh\u1ea5t!<\/a><\/span><\/p>\n<div dir=\"auto\">&#8212;&#8212;&#8212;&#8212;&#8212;&#8212;&#8212;&#8212;&#8212;&#8212;&#8212;&#8212;&#8212;&#8212;-<\/div>\n<div dir=\"auto\">CH\u1eccN THU\u1eacN PHONG &#8211; CH\u1eccN S\u1ef0 AN T\u00c2M<\/div>\n<div dir=\"auto\"><span class=\"html-span xexx8yu x4uap5 x18d9i69 xkhd6sd x1hl2dhg x16tdsg8 x1vvkbs x3nfvp2 x1j61x8r x1fcty0u xdj266r xat24cr xgzva0m xhhsvwb xxymvpz xlup9mm x1kky2od\"><img decoding=\"async\" loading=\"lazy\" class=\"xz74otr\" src=\"https:\/\/static.xx.fbcdn.net\/images\/emoji.php\/v9\/t4c\/1\/16\/25aa.png\" alt=\"\u25aa\" width=\"16\" height=\"16\" \/><\/span> Hotline: 0869.564.567<\/div>\n<div dir=\"auto\"><span class=\"html-span xexx8yu x4uap5 x18d9i69 xkhd6sd x1hl2dhg x16tdsg8 x1vvkbs x3nfvp2 x1j61x8r x1fcty0u xdj266r xat24cr xgzva0m xhhsvwb xxymvpz xlup9mm x1kky2od\"><img decoding=\"async\" loading=\"lazy\" class=\"xz74otr\" src=\"https:\/\/static.xx.fbcdn.net\/images\/emoji.php\/v9\/t4c\/1\/16\/25aa.png\" alt=\"\u25aa\" width=\"16\" height=\"16\" \/><\/span> K\u1ef9 thu\u1eadt: Mr D\u0169ng 0899768777<\/div>\n<div dir=\"auto\"><span class=\"html-span xexx8yu x4uap5 x18d9i69 xkhd6sd x1hl2dhg x16tdsg8 x1vvkbs x3nfvp2 x1j61x8r x1fcty0u xdj266r xat24cr xgzva0m xhhsvwb xxymvpz xlup9mm x1kky2od\"><img decoding=\"async\" loading=\"lazy\" class=\"xz74otr\" src=\"https:\/\/static.xx.fbcdn.net\/images\/emoji.php\/v9\/t4c\/1\/16\/25aa.png\" alt=\"\u25aa\" width=\"16\" height=\"16\" \/>Qu\u1ea3n l\u00fd d\u1ef1 \u00e1n: Mr. Ph\u00fa <a class=\"text-is-phone-number\" data-z-element-type=\"phone-number\">0869757357\u00a0<\/a><\/span><\/div>\n<div dir=\"auto\"><span class=\"html-span xexx8yu x4uap5 x18d9i69 xkhd6sd x1hl2dhg x16tdsg8 x1vvkbs x3nfvp2 x1j61x8r x1fcty0u xdj266r xat24cr xgzva0m xhhsvwb xxymvpz xlup9mm x1kky2od\"><img decoding=\"async\" loading=\"lazy\" class=\"xz74otr\" src=\"https:\/\/static.xx.fbcdn.net\/images\/emoji.php\/v9\/t4c\/1\/16\/25aa.png\" alt=\"\u25aa\" width=\"16\" height=\"16\" \/><\/span> Tr\u1ee5 s\u1edf ch\u00ednh: 30 Nguy\u1ec5n H\u1eefu D\u1eadt, ph\u01b0\u1eddng Nam L\u00fd, th\u00e0nh ph\u1ed1 \u0110\u1ed3ng H\u1edbi, t\u1ec9nh Qu\u1ea3ng B\u00ecnh, Vi\u1ec7t Nam<\/div>\n<div dir=\"auto\"><span class=\"html-span xexx8yu x4uap5 x18d9i69 xkhd6sd x1hl2dhg x16tdsg8 x1vvkbs x3nfvp2 x1j61x8r x1fcty0u xdj266r xat24cr xgzva0m xhhsvwb xxymvpz xlup9mm x1kky2od\"><img decoding=\"async\" loading=\"lazy\" class=\"xz74otr\" src=\"https:\/\/static.xx.fbcdn.net\/images\/emoji.php\/v9\/t4c\/1\/16\/25aa.png\" alt=\"\u25aa\" width=\"16\" height=\"16\" \/><\/span> Tr\u1ee5 s\u1edf H\u00e0 N\u1ed9i: Nh\u00e0 ph\u1ed1 th\u01b0\u01a1ng m\u1ea1i Khai S\u01a1n Town s\u1ed1 18 thu\u1ed9c Town 7, khu \u0111\u00f4 th\u1ecb Khai S\u01a1n City, Ph\u01b0\u1eddng Th\u01b0\u1ee3ng Thanh, Qu\u1eadn Long Bi\u00ean, TP H\u00e0 N\u1ed9i<\/div>\n","protected":false},"excerpt":{"rendered":"<p>&#8216;- Xu\u1ea5t x\u1ee9, m\u00e3 hi\u1ec7u, ki\u1ec3u: JCQ-1\/ TOSHIBA\/ TRUNG QU\u1ed0C<\/p>\n<p>&#8211; D\u1ea3i \u0111o \u0111\u1ed3ng h\u1ed3: 0-5mA<\/p>\n<p>&#8211; B\u1ed9 ch\u1ec9 th\u1ecb d\u00f2ng r\u00f2: chia 10 v\u1ea1ch cho 1mA<\/p>\n<p>&#8211; B\u1ed9 \u0111\u1ebfm xung: \u2265 03 s\u1ed1 (3 digits cyclometer)<\/p>\n<p>&#8211; Ng\u01b0\u1ee1ng d\u00f2ng \u0111\u1ebfm nh\u1ecf nh\u1ea5t \u2264 30A (8\/20\u00b5S)<\/p>\n<p>&#8211; D\u00f2ng ch\u1ecbu \u0111\u1ef1ng c\u1ef1c \u0111\u1ea1i: 100kA (4\/10\u00b5S)<\/p>\n<p>&#8211; \u0110i\u1ec7n \u00e1p d\u01b0 t\u1ea1i 100kA: \u2264 5kV<\/p>\n<p>&#8211; D\u00f2ng ch\u1ecbu \u0111\u01b0\u1ee3c trong 2ms : 4000A<\/p>\n<p>&#8211; Chu tr\u00ecnh l\u00e0m vi\u1ec7c b\u1ed9 \u0111\u1ebfm 5\/1s<\/p>\n","protected":false},"featured_media":4643,"comment_status":"open","ping_status":"closed","template":"","meta":[],"product_cat":[698],"product_tag":[699,700,701],"jetpack-related-posts":[{"id":2945,"url":"https:\/\/tp-electric.vn\/index.php\/san-pham\/sf132a-ne-lpi-thiet-bi-cat-loc-set-1-pha\/","url_meta":{"origin":4623,"position":0},"title":"SF132A-NE-LPI -Thi\u1ebft b\u1ecb c\u1eaft l\u1ecdc s\u00e9t 1 pha","author":"","date":"13\/02\/2023","format":false,"excerpt":"C\u1eaeT L\u1eccC S\u00c9T 1 PHA LPI SF132A-NE: l\u00e0 t\u1ee7 c\u1eaft l\u1ecdc s\u00e9t 01 pha, d\u00f2ng t\u1ea3i 32A, l\u1eafp n\u1ed1i ti\u1ebfp CB, d\u00f2ng s\u00e9t s\u01a1 c\u1ea5p 100kA, th\u1ee9 c\u1ea5p 50kA, ch\u1ecbu \u00e1p t\u1ed1i \u0111a 385V, ch\u01b0a c\u00f3 b\u1ed9 \u0111\u1ebfm, Thi\u1ebft b\u1ecb c\u1eaft l\u1ecdc s\u00e9t 1 pha, 32A, v\u1edbi b\u1ea3o v\u1ec7 c\u1ea5p\u2026","rel":"","context":"Similar post","block_context":{"text":"Similar post","link":""},"img":{"alt_text":"","src":"","width":0,"height":0},"classes":[]},{"id":2947,"url":"https:\/\/tp-electric.vn\/index.php\/san-pham\/sf132-385-10050-aimcb-lpi-tu-cat-loc-set-1-pha-32a\/","url_meta":{"origin":4623,"position":1},"title":"SF132-385-100+50-AIMCB-LPI -T\u1ee7 c\u1eaft l\u1ecdc s\u00e9t 1P 32-40-63A","author":"","date":"13\/02\/2023","format":false,"excerpt":"\u2013 C\u00f3 d\u1ea3i \u0111i\u1ec7n \u00e1p ho\u1ea1t \u0111\u1ed9ng 220\u00f7277Vac; \u2013 S\u1eed d\u1ee5ng c\u00f4ng ngh\u1ec7 SSTB150 \u0111\u1ec3 b\u1ea3o v\u1ec7 \u0111i\u1ec7n \u00e1p xoay chi\u1ec1u 1 pha ho\u1eb7c 3 pha; \u2013 Thi\u1ebft b\u1ecb c\u1eaft l\u1ecdc s\u00e9t lan truy\u1ec1n LPI \u0111\u01b0\u1eddng ngu\u1ed3n h\u1ea1 \u00e1p. B\u1ea3o v\u1ec7 c\u00e1c thi\u1ebft b\u1ecb nh\u1ea1y c\u1ea3m v\u1edbi 03 m\u1ee9c b\u1ea3o\u2026","rel":"","context":"Similar post","block_context":{"text":"Similar post","link":""},"img":{"alt_text":"","src":"https:\/\/i0.wp.com\/tp-electric.vn\/wp-content\/uploads\/2023\/02\/LPI-chong-set-2.jpg?fit=587%2C569&ssl=1&resize=350%2C200","width":350,"height":200},"classes":[]},{"id":2937,"url":"https:\/\/tp-electric.vn\/index.php\/san-pham\/aptomat-chong-set-lan-truyen-truc-tiep-abb\/","url_meta":{"origin":4623,"position":2},"title":"APTOMAT CH\u1ed0NG S\u00c9T LAN TRUY\u1ec0N TR\u1ef0C TI\u1ebeP ABB","author":"","date":"13\/02\/2023","format":false,"excerpt":"Aptomat ch\u1ed1ng s\u00e9t lan truy\u1ec1n tr\u1ef1c ti\u1ebfp ABB d\u00f2ng s\u1ea3n ph\u1ea9m c\u00f3 ch\u1ee9c n\u0103ng b\u1ea3o v\u1ec7 s\u00e9t \u0111\u00e1nh tr\u1ef1c ti\u1ebfp cho h\u1ec7 th\u1ed1ng \u0111i\u1ec7n, b\u1ea3o v\u1ec7 qu\u00e1 \u0111i\u1ec7n \u00e1p cho c\u00e1c thi\u1ebft b\u1ecb \u0111i\u1ec7n d\u00e2n d\u1ee5ng, c\u00f4ng nghi\u1ec7p. \u00a0\u01afU \u0110I\u1ec2M: Ch\u1ed1ng s\u00e9t \u0111\u00e1nh tr\u1ef1c ti\u1ebfp cho c\u00e1c thi\u1ebft b\u1ecb \u0111i\u1ec7n\u2026","rel":"","context":"Similar post","block_context":{"text":"Similar post","link":""},"img":{"alt_text":"","src":"https:\/\/i0.wp.com\/tp-electric.vn\/wp-content\/uploads\/2023\/02\/CS-TT.png?fit=1200%2C1200&ssl=1&resize=350%2C200","width":350,"height":200,"srcset":"https:\/\/i0.wp.com\/tp-electric.vn\/wp-content\/uploads\/2023\/02\/CS-TT.png?fit=1200%2C1200&ssl=1&resize=350%2C200 1x, https:\/\/i0.wp.com\/tp-electric.vn\/wp-content\/uploads\/2023\/02\/CS-TT.png?fit=1200%2C1200&ssl=1&resize=700%2C400 2x, https:\/\/i0.wp.com\/tp-electric.vn\/wp-content\/uploads\/2023\/02\/CS-TT.png?fit=1200%2C1200&ssl=1&resize=1050%2C600 3x"},"classes":[]},{"id":2777,"url":"https:\/\/tp-electric.vn\/index.php\/san-pham\/bien-tan-invt-gd350a-thong-minh-da-chuc-nang-the-he-moi\/","url_meta":{"origin":4623,"position":3},"title":"Bi\u1ebfn t\u1ea7n INVT GD350A \u2013 Th\u00f4ng minh \u0111a ch\u1ee9c n\u0103ng th\u1ebf h\u1ec7 m\u1edbi","author":"","date":"07\/02\/2023","format":false,"excerpt":"Bi\u1ebfn t\u1ea7n GD350A \u1ee9ng d\u1ee5ng b\u1ed9 x\u1eed l\u00fd hi\u1ec7n \u0111\u1ea1i nh\u1ea5t c\u1ee7a INVT v\u00e0 c\u00f4ng ngh\u1ec7 \u0111i\u1ec1u khi\u1ec3n vector h\u00e0ng \u0111\u1ea7u th\u1ebf gi\u1edbi gi\u00fap \u0111i\u1ec1u khi\u1ec3n ch\u00ednh x\u00e1c v\u00e0 linh ho\u1ea1t c\u1ea3 v\u00f2ng h\u1edf v\u00e0 v\u00f2ng k\u00edn. Nh\u1edd kh\u1ea3 n\u0103ng m\u1edf r\u1ed9ng kh\u00f4ng gi\u1edbi h\u1ea1n, GD350A c\u00f3 th\u1ec3 \u0111\u00e1p \u1ee9ng\u2026","rel":"","context":"Similar post","block_context":{"text":"Similar post","link":""},"img":{"alt_text":"","src":"https:\/\/i0.wp.com\/tp-electric.vn\/wp-content\/uploads\/2023\/02\/bien-tan-invt-gd350-h2611.png?fit=880%2C646&ssl=1&resize=350%2C200","width":350,"height":200,"srcset":"https:\/\/i0.wp.com\/tp-electric.vn\/wp-content\/uploads\/2023\/02\/bien-tan-invt-gd350-h2611.png?fit=880%2C646&ssl=1&resize=350%2C200 1x, https:\/\/i0.wp.com\/tp-electric.vn\/wp-content\/uploads\/2023\/02\/bien-tan-invt-gd350-h2611.png?fit=880%2C646&ssl=1&resize=700%2C400 2x"},"classes":[]},{"id":2995,"url":"https:\/\/tp-electric.vn\/index.php\/san-pham\/thiet-bi-dem-set-lsr2-stormaster-lpi-uc\/","url_meta":{"origin":4623,"position":4},"title":"Thi\u1ebft b\u1ecb \u0111\u1ebfm s\u00e9t LSR2 Stormaster LPI-\u00dac","author":"","date":"14\/02\/2023","format":false,"excerpt":"Th\u00f4ng Tin S\u1ea3n Ph\u1ea9m: \u2013 Thi\u1ebft b\u1ecb \u0111\u1ebfm s\u00e9t LPI LSR 2 (Lightning Counter LSR2). \u2013 Lo\u1ea1i:\u00a0LSR2 \u2013 M\u00e0u s\u1eafc: Xanh \u2013 H\u00e3ng s\u1ea3n xu\u1ea5t: LPI. \u2013 Xu\u1ea5t x\u1ee9: \u00dac. \u2013 Th\u1eddi gian b\u1ea3o h\u00e0nh: B\u1ea3o h\u00e0nh 12 th\u00e1ng.","rel":"","context":"Similar post","block_context":{"text":"Similar post","link":""},"img":{"alt_text":"","src":"https:\/\/i0.wp.com\/tp-electric.vn\/wp-content\/uploads\/2023\/02\/2-4.png?fit=850%2C850&ssl=1&resize=350%2C200","width":350,"height":200,"srcset":"https:\/\/i0.wp.com\/tp-electric.vn\/wp-content\/uploads\/2023\/02\/2-4.png?fit=850%2C850&ssl=1&resize=350%2C200 1x, https:\/\/i0.wp.com\/tp-electric.vn\/wp-content\/uploads\/2023\/02\/2-4.png?fit=850%2C850&ssl=1&resize=700%2C400 2x"},"classes":[]},{"id":2997,"url":"https:\/\/tp-electric.vn\/index.php\/san-pham\/thiet-bi-dem-set-stormaster-lsr-1-lpi\/","url_meta":{"origin":4623,"position":5},"title":"Thi\u1ebft b\u1ecb \u0111\u1ebfm s\u00e9t Stormaster LSR-1 LPI","author":"","date":"14\/02\/2023","format":false,"excerpt":"Th\u00f4ng Tin S\u1ea3n Ph\u1ea9m: \u2013 Thi\u1ebft b\u1ecb \u0111\u1ebfm s\u00e9t LPI LSR 1 (Lightning Counter LSR1). \u2013 Lo\u1ea1i: LSR1 \u2013 M\u00e0u s\u1eafc: Xanh \u2013 H\u00e3ng s\u1ea3n xu\u1ea5t: LPI. \u2013 Xu\u1ea5t x\u1ee9: \u00dac. \u2013 Th\u1eddi gian b\u1ea3o h\u00e0nh: B\u1ea3o h\u00e0nh 12 th\u00e1ng.","rel":"","context":"Similar post","block_context":{"text":"Similar post","link":""},"img":{"alt_text":"","src":"https:\/\/i0.wp.com\/tp-electric.vn\/wp-content\/uploads\/2023\/02\/2-4.png?fit=850%2C850&ssl=1&resize=350%2C200","width":350,"height":200,"srcset":"https:\/\/i0.wp.com\/tp-electric.vn\/wp-content\/uploads\/2023\/02\/2-4.png?fit=850%2C850&ssl=1&resize=350%2C200 1x, https:\/\/i0.wp.com\/tp-electric.vn\/wp-content\/uploads\/2023\/02\/2-4.png?fit=850%2C850&ssl=1&resize=700%2C400 2x"},"classes":[]}],"_links":{"self":[{"href":"https:\/\/tp-electric.vn\/index.php\/wp-json\/wp\/v2\/product\/4623"}],"collection":[{"href":"https:\/\/tp-electric.vn\/index.php\/wp-json\/wp\/v2\/product"}],"about":[{"href":"https:\/\/tp-electric.vn\/index.php\/wp-json\/wp\/v2\/types\/product"}],"replies":[{"embeddable":true,"href":"https:\/\/tp-electric.vn\/index.php\/wp-json\/wp\/v2\/comments?post=4623"}],"wp:featuredmedia":[{"embeddable":true,"href":"https:\/\/tp-electric.vn\/index.php\/wp-json\/wp\/v2\/media\/4643"}],"wp:attachment":[{"href":"https:\/\/tp-electric.vn\/index.php\/wp-json\/wp\/v2\/media?parent=4623"}],"wp:term":[{"taxonomy":"product_cat","embeddable":true,"href":"https:\/\/tp-electric.vn\/index.php\/wp-json\/wp\/v2\/product_cat?post=4623"},{"taxonomy":"product_tag","embeddable":true,"href":"https:\/\/tp-electric.vn\/index.php\/wp-json\/wp\/v2\/product_tag?post=4623"}],"curies":[{"name":"wp","href":"https:\/\/api.w.org\/{rel}","templated":true}]}}