{"id":4042,"date":"2024-12-11T08:25:10","date_gmt":"2024-12-11T01:25:10","guid":{"rendered":"https:\/\/tp-electric.vn\/?post_type=product&#038;p=4042"},"modified":"2024-12-12T15:11:40","modified_gmt":"2024-12-12T08:11:40","slug":"tam-pin-trina-495wp-vertex","status":"publish","type":"product","link":"https:\/\/tp-electric.vn\/index.php\/san-pham\/tam-pin-trina-495wp-vertex\/","title":{"rendered":"T\u1ea5m pin Trina 495Wp Vertex"},"content":{"rendered":"<p><strong>Trina Solar<\/strong>\u00a0nh\u00e0 cung c\u1ea5p gi\u1ea3i ph\u00e1p n\u0103ng l\u01b0\u1ee3ng m\u1eb7t tr\u1eddi h\u00e0ng \u0111\u1ea7u th\u1ebf gi\u1edbi.\u00a0Th\u00e0nh l\u1eadp v\u00e0o n\u0103m 1997. Trina Solar ph\u00e1t tri\u1ec3n c\u00e1c s\u1ea3n ph\u1ea9m th\u00f4ng minh, \u0111\u1ed9c quy\u1ec1n cho c\u00e1c nh\u00e0 m\u00e1y \u0111i\u1ec7n l\u1edbn c\u00f9ng c\u00e1c gi\u1ea3i ph\u00e1p th\u01b0\u01a1ng m\u1ea1i v\u00e0 d\u00e2n d\u1ee5ng.\u00a0<img decoding=\"async\" style=\"display: block; margin-left: auto; margin-right: auto;\" src=\"https:\/\/i0.wp.com\/file.hstatic.net\/1000223001\/file\/trina-solar_grande.jpg?w=1020\" alt=\"trina-solar-nha-may\" data-recalc-dims=\"1\" \/><\/p>\n<p style=\"text-align: justify;\">Trina Solar \u0111\u1ea1t m\u1ed1c quan tr\u1ecdng trong n\u0103m 2006, khi l\u1ea7n \u0111\u1ea7u ti\u00ean \u0111\u01b0\u1ee3c ni\u00eam y\u1ebft tr\u00ean S\u1edf Giao d\u1ecbch Ch\u1ee9ng kho\u00e1n New York.<\/p>\n<p style=\"text-align: justify;\">N\u0103m 2017, Trina Solar cung c\u1ea5p h\u01a1n 32 GW m\u00f4-\u0111un n\u0103ng l\u01b0\u1ee3ng m\u1eb7t tr\u1eddi tr\u00ean to\u00e0n th\u1ebf gi\u1edbi.\u00a0\u0110\u1ee9ng\u00a0v\u1ecb tr\u00ed 13 trong s\u1ed1 c\u00e1c Doanh nghi\u1ec7p n\u0103ng l\u01b0\u1ee3ng m\u1edbi tr\u00ean to\u00e0n th\u1ebf gi\u1edbi.\u00a0Hi\u1ec7n t\u1ea1i,\u00a0<span class=\"xn-person\">Trina Solar<\/span>\u00a0\u0111\u00e3 m\u1edf r\u1ed9ng \u0111\u1ebfn 103 qu\u1ed1c gia v\u00e0 khu v\u1ef1c tr\u00ean to\u00e0n c\u1ea7u, v\u1edbi v\u0103n ph\u00f2ng n\u1eb1m t\u1ea1i kho\u1ea3ng 40 qu\u1ed1c gia.<\/p>\n<p>&nbsp;<\/p>\n","protected":false},"excerpt":{"rendered":"<p>&#8216;- H\u00e3ng s\u1ea3n xu\u1ea5t Trina<br \/>\n&#8211; C\u00f4ng su\u1ea5t: 495Wp\/t\u1ea5m<br \/>\n&#8211; Lo\u1ea1i: Mono Halfcells 150\u00a0cells<br \/>\n&#8211; Kh\u1ed1i l\u01b0\u1ee3ng : 26.3\u00a0kg\/t\u1ea5m<br \/>\n&#8211; Hi\u1ec7u su\u1ea5t: 21.1%<br \/>\n&#8211; K\u00edch th\u01b0\u1edbc t\u1ea5m pin: 2176 \u00d7 1098 \u00d7 35 mm<br \/>\n&#8211; Xu\u1ea5t x\u1ee9: Trung Qu\u1ed1c<br \/>\n&#8211; B\u1ea3o h\u00e0nh 12 n\u0103m, hi\u1ec7u su\u1ea5t 25 n\u0103m<br \/>\n&#8211; 01 Pallet (30\u00a0t\u1ea5m)<\/p>\n<p><a href=\"https:\/\/static.trinasolar.com\/sites\/default\/files\/MA_Datasheet_Vertex_DE18M(II)_202011.pdf\"><span style=\"color: #ff0000;\">DATASHEET<\/span><\/a><\/p>\n","protected":false},"featured_media":4103,"comment_status":"open","ping_status":"closed","template":"","meta":[],"product_cat":[298],"product_tag":[470,471],"jetpack-related-posts":[{"id":4044,"url":"https:\/\/tp-electric.vn\/index.php\/san-pham\/tam-pin-qcells-mono-half-cells-425w\/","url_meta":{"origin":4042,"position":0},"title":"T\u1ea5m Pin Qcells Mono Half Cells 425W","author":"Admin","date":"11\/12\/2024","format":false,"excerpt":"H\u00e3ng s\u1ea3n xu\u1ea5t HANWHA (H\u00e0n Qu\u1ed1c)\u00a0 K\u00edch th\u01b0\u1edbc t\u1ea5m pin: 2080mm \u00d7 1030mm \u00d7 35mm\u00a0 C\u00f4ng su\u1ea5t: 425Wp\/t\u1ea5m\u00a0 Lo\u1ea1i: Mono Kh\u1ed1i l\u01b0\u1ee3ng : 24,5kg\/t\u1ea5m Hi\u1ec7u su\u1ea5t: >= 19,8% Pin \u0111\u1ea1t c\u00e1c ti\u00eau chu\u1ea9n kh\u1eaft khe nh\u01b0: CSA (USA), TUV, CE, ISO, IP67....\u00a0 S\u1ea3n ph\u1ea9m \u0111\u01b0\u1ee3c b\u1ea3o h\u00e0nh: 12 n\u0103m; b\u1ea3o\u2026","rel":"","context":"Similar post","block_context":{"text":"Similar post","link":""},"img":{"alt_text":"","src":"https:\/\/i0.wp.com\/tp-electric.vn\/wp-content\/uploads\/2024\/12\/pin-mat-troi-qcell-525w-9977.jpg?fit=540%2C540&ssl=1&resize=350%2C200","width":350,"height":200},"classes":[]},{"id":3948,"url":"https:\/\/tp-electric.vn\/index.php\/san-pham\/tam-pin-nlmt-jinko-mono-half-cells-475w-jkm475m-7rl3\/","url_meta":{"origin":4042,"position":1},"title":"T\u1ea5m Pin NLMT Jinko Mono Half Cells 475W &#8211; JKM475M-7RL3","author":"Admin","date":"11\/12\/2024","format":false,"excerpt":"Pin n\u0103ng l\u01b0\u1ee3ng m\u1eb7t tr\u1eddi JINKO 475W - H\u00e3ng s\u1ea3n xu\u1ea5t JINKO - C\u00f4ng su\u1ea5t: 475Wp\/t\u1ea5m - Lo\u1ea1i: Mono - S\u1ed1 Cell: 156 (2x78) - Kh\u1ed1i l\u01b0\u1ee3ng : 25kg\/t\u1ea5m - Hi\u1ec7u su\u1ea5t: 21,16% - Pin \u0111\u1ea1t c\u00e1c ti\u00eau chu\u1ea9n: IP68 - K\u00edch th\u01b0\u1edbc: 2182x1029x35 mm - S\u1ea3n ph\u1ea9m \u0111\u01b0\u1ee3c b\u1ea3o\u2026","rel":"","context":"Similar post","block_context":{"text":"Similar post","link":""},"img":{"alt_text":"","src":"https:\/\/i0.wp.com\/tp-electric.vn\/wp-content\/uploads\/2024\/12\/solar-panel-jinkosolar-475w-dong-tiger-78m-tr-jkm475m-7lr3-v.jpg?fit=700%2C700&ssl=1&resize=350%2C200","width":350,"height":200,"srcset":"https:\/\/i0.wp.com\/tp-electric.vn\/wp-content\/uploads\/2024\/12\/solar-panel-jinkosolar-475w-dong-tiger-78m-tr-jkm475m-7lr3-v.jpg?fit=700%2C700&ssl=1&resize=350%2C200 1x, https:\/\/i0.wp.com\/tp-electric.vn\/wp-content\/uploads\/2024\/12\/solar-panel-jinkosolar-475w-dong-tiger-78m-tr-jkm475m-7lr3-v.jpg?fit=700%2C700&ssl=1&resize=700%2C400 2x"},"classes":[]},{"id":3946,"url":"https:\/\/tp-electric.vn\/index.php\/san-pham\/tam-pin-nlmt-longi-bifacial-lr5-72hbd-545w\/","url_meta":{"origin":4042,"position":2},"title":"T\u1ea5m Pin NLMT LONGI Bifacial LR5-72HBD 545W","author":"Admin","date":"11\/12\/2024","format":false,"excerpt":"Pin n\u0103ng l\u01b0\u1ee3ng m\u1eb7t tr\u1eddi LONGI 545W - H\u00e3ng s\u1ea3n xu\u1ea5t LONGI (Trung Qu\u1ed1c)\u00a0LONGI LR5-72HBD\u00a0545W - C\u00f4ng su\u1ea5t: 545Wp\/t\u1ea5m - Lo\u1ea1i: Mono 2 m\u1eb7t k\u00ednh - S\u1ed1 Cell: 144 (6x24) - Kh\u1ed1i l\u01b0\u1ee3ng : 32.3kg\/t\u1ea5m - Hi\u1ec7u su\u1ea5t: 21~21,5% - Pin \u0111\u1ea1t c\u00e1c ti\u00eau chu\u1ea9n: IP68 - K\u00edch th\u01b0\u1edbc: 2256x1133x35\u2026","rel":"","context":"Similar post","block_context":{"text":"Similar post","link":""},"img":{"alt_text":"","src":"https:\/\/i0.wp.com\/tp-electric.vn\/wp-content\/uploads\/2024\/12\/longi-545.png?fit=800%2C800&ssl=1&resize=350%2C200","width":350,"height":200,"srcset":"https:\/\/i0.wp.com\/tp-electric.vn\/wp-content\/uploads\/2024\/12\/longi-545.png?fit=800%2C800&ssl=1&resize=350%2C200 1x, https:\/\/i0.wp.com\/tp-electric.vn\/wp-content\/uploads\/2024\/12\/longi-545.png?fit=800%2C800&ssl=1&resize=700%2C400 2x"},"classes":[]},{"id":3944,"url":"https:\/\/tp-electric.vn\/index.php\/san-pham\/tam-pin-nlmt-longi-bifacial-lr4-72hbd-445w\/","url_meta":{"origin":4042,"position":3},"title":"T\u1ea5m Pin NLMT LONGI Bifacial LR4-72HBD 445W","author":"Admin","date":"11\/12\/2024","format":false,"excerpt":"Pin n\u0103ng l\u01b0\u1ee3ng m\u1eb7t tr\u1eddi LONGI 445W - H\u00e3ng s\u1ea3n xu\u1ea5t LONGI (Trung Qu\u1ed1c) LONGI LR4-72HPH 445 - C\u00f4ng su\u1ea5t: 445Wp\/t\u1ea5m - Lo\u1ea1i: Mono 2 m\u1eb7t k\u00ednh - S\u1ed1 Cell: 144 (6x24) - Kh\u1ed1i l\u01b0\u1ee3ng : 27.5kg\/t\u1ea5m - Hi\u1ec7u su\u1ea5t: 20,5% - Pin \u0111\u1ea1t c\u00e1c ti\u00eau chu\u1ea9n: IP68 - K\u00edch\u2026","rel":"","context":"Similar post","block_context":{"text":"Similar post","link":""},"img":{"alt_text":"","src":"https:\/\/i0.wp.com\/tp-electric.vn\/wp-content\/uploads\/2024\/12\/longi-445.png?fit=1001%2C1001&ssl=1&resize=350%2C200","width":350,"height":200,"srcset":"https:\/\/i0.wp.com\/tp-electric.vn\/wp-content\/uploads\/2024\/12\/longi-445.png?fit=1001%2C1001&ssl=1&resize=350%2C200 1x, https:\/\/i0.wp.com\/tp-electric.vn\/wp-content\/uploads\/2024\/12\/longi-445.png?fit=1001%2C1001&ssl=1&resize=700%2C400 2x"},"classes":[]},{"id":4576,"url":"https:\/\/tp-electric.vn\/index.php\/san-pham\/tam-pin-mat-troi-risen-575w\/","url_meta":{"origin":4042,"position":4},"title":"T\u1ea5m pin m\u1eb7t tr\u1eddi Risen 575W","author":"Admin","date":"11\/12\/2024","format":false,"excerpt":"Th\u01b0\u01a1ng hi\u1ec7u Risen Solar Model RSM110-8-565-585BHDG C\u00f4ng su\u1ea5t 575WP Hi\u1ec7u su\u1ea5t 22.3% Tr\u1ecdng L\u01b0\u1ee3ng 31kg K\u00edch Th\u01b0\u1edbc 2278\u00d71134\u00d730mm B\u1ea3o H\u00e0nh V\u1eadt L\u00fd 15 Years B\u1ea3o H\u00e0nh Hi\u1ec7u Su\u1ea5t 30 Years","rel":"","context":"Similar post","block_context":{"text":"Similar post","link":""},"img":{"alt_text":"","src":"https:\/\/i0.wp.com\/tp-electric.vn\/wp-content\/uploads\/2024\/12\/product-jpeg-500x500-1.png?fit=500%2C500&ssl=1&resize=350%2C200","width":350,"height":200},"classes":[]},{"id":4649,"url":"https:\/\/tp-electric.vn\/index.php\/san-pham\/tam-pin-nang-luong-mat-troi-ja-545w\/","url_meta":{"origin":4042,"position":5},"title":"T\u1ea5m pin n\u0103ng l\u01b0\u1ee3ng m\u1eb7t tr\u1eddi JA 545W","author":"Admin","date":"11\/12\/2024","format":false,"excerpt":"C\u00f4ng su\u1ea5t: 545Wp Lo\u1ea1i Cell: Mono (\u0111\u01a1n tinh th\u1ec3) B\u1ec1 m\u1eb7t: K\u00ednh c\u01b0\u1eddng l\u1ef1c d\u00e0y 3,5mm Khung Pin: H\u1ee3p kim nh\u00f4m d\u00e0y 40mm K\u00edch th\u01b0\u1edbc: 2261 \u02e3 1134 \u02e3 35 mm. C\u00e2n n\u1eb7ng: 27.8 kg S\u1ed1 l\u01b0\u1ee3ng Cell: 144 cells Hi\u1ec7u su\u1ea5t quang n\u0103ng: 21.3% B\u1ea3o h\u00e0nh s\u1ea3n ph\u1ea9m: 20\u2026","rel":"","context":"Similar post","block_context":{"text":"Similar post","link":""},"img":{"alt_text":"","src":"https:\/\/i0.wp.com\/tp-electric.vn\/wp-content\/uploads\/2024\/12\/tam-pin-ja-540w-mat-troi-576x576-1.jpg?fit=576%2C576&ssl=1&resize=350%2C200","width":350,"height":200},"classes":[]}],"_links":{"self":[{"href":"https:\/\/tp-electric.vn\/index.php\/wp-json\/wp\/v2\/product\/4042"}],"collection":[{"href":"https:\/\/tp-electric.vn\/index.php\/wp-json\/wp\/v2\/product"}],"about":[{"href":"https:\/\/tp-electric.vn\/index.php\/wp-json\/wp\/v2\/types\/product"}],"replies":[{"embeddable":true,"href":"https:\/\/tp-electric.vn\/index.php\/wp-json\/wp\/v2\/comments?post=4042"}],"wp:featuredmedia":[{"embeddable":true,"href":"https:\/\/tp-electric.vn\/index.php\/wp-json\/wp\/v2\/media\/4103"}],"wp:attachment":[{"href":"https:\/\/tp-electric.vn\/index.php\/wp-json\/wp\/v2\/media?parent=4042"}],"wp:term":[{"taxonomy":"product_cat","embeddable":true,"href":"https:\/\/tp-electric.vn\/index.php\/wp-json\/wp\/v2\/product_cat?post=4042"},{"taxonomy":"product_tag","embeddable":true,"href":"https:\/\/tp-electric.vn\/index.php\/wp-json\/wp\/v2\/product_tag?post=4042"}],"curies":[{"name":"wp","href":"https:\/\/api.w.org\/{rel}","templated":true}]}}