{"id":3948,"date":"2024-12-11T08:23:27","date_gmt":"2024-12-11T01:23:27","guid":{"rendered":"https:\/\/tp-electric.vn\/?post_type=product&#038;p=3948"},"modified":"2024-12-12T15:11:43","modified_gmt":"2024-12-12T08:11:43","slug":"tam-pin-nlmt-jinko-mono-half-cells-475w-jkm475m-7rl3","status":"publish","type":"product","link":"https:\/\/tp-electric.vn\/index.php\/san-pham\/tam-pin-nlmt-jinko-mono-half-cells-475w-jkm475m-7rl3\/","title":{"rendered":"T\u1ea5m Pin NLMT Jinko Mono Half Cells 475W &#8211; JKM475M-7RL3"},"content":{"rendered":"<h5>JinkoSolar (NYSE: JKS) l\u00e0 m\u1ed9t trong nh\u1eefng nh\u00e0 s\u1ea3n xu\u1ea5t m\u00f4-\u0111un n\u0103ng l\u01b0\u1ee3ng m\u1eb7t tr\u1eddi l\u1edbn nh\u1ea5t v\u00e0 s\u00e1ng t\u1ea1o nh\u1ea5t tr\u00ean th\u1ebf gi\u1edbi. JinkoSolar ph\u00e2n ph\u1ed1i c\u00e1c s\u1ea3n ph\u1ea9m n\u0103ng l\u01b0\u1ee3ng m\u1eb7t tr\u1eddi c\u1ee7a m\u00ecnh v\u00e0 b\u00e1n c\u00e1c gi\u1ea3i ph\u00e1p v\u00e0 d\u1ecbch v\u1ee5 c\u1ee7a m\u00ecnh cho c\u01a1 s\u1edf kh\u00e1ch h\u00e0ng \u0111a d\u1ea1ng v\u1ec1 ti\u1ec7n \u00edch, th\u01b0\u01a1ng m\u1ea1i v\u00e0 d\u00e2n c\u01b0 qu\u1ed1c t\u1ebf \u1edf Trung Qu\u1ed1c, Hoa K\u1ef3, Nh\u1eadt B\u1ea3n, \u0110\u1ee9c, V\u01b0\u01a1ng qu\u1ed1c Anh, Chile, Nam Phi, \u1ea4n \u0110\u1ed9, Mexico, Brazil, Hoa K\u1ef3 C\u00e1c Ti\u1ec3u v\u01b0\u01a1ng qu\u1ed1c \u1ea2 R\u1eadp Th\u1ed1ng nh\u1ea5t, \u00dd, T\u00e2y Ban Nha, Ph\u00e1p, B\u1ec9, v\u00e0 c\u00e1c qu\u1ed1c gia v\u00e0 khu v\u1ef1c kh\u00e1c. JinkoSolar \u0111\u00e3 x\u00e2y d\u1ef1ng m\u1ed9t chu\u1ed7i gi\u00e1 tr\u1ecb s\u1ea3n ph\u1ea9m n\u0103ng l\u01b0\u1ee3ng m\u1eb7t tr\u1eddi t\u00edch h\u1ee3p theo chi\u1ec1u d\u1ecdc, v\u1edbi c\u00f4ng su\u1ea5t t\u00edch h\u1ee3p h\u00e0ng n\u0103m l\u00e0 31 GW cho phi\u1ebfn \u0111\u01a1n, 19 GW cho pin m\u1eb7t tr\u1eddi v\u00e0 36 GW cho m\u00f4-\u0111un n\u0103ng l\u01b0\u1ee3ng m\u1eb7t tr\u1eddi, k\u1ec3 t\u1eeb ng\u00e0y 30 th\u00e1ng 9 n\u0103m 2021.<\/h5>\n<h5>JinkoSolar c\u00f3 9 c\u01a1 s\u1edf s\u1ea3n xu\u1ea5t tr\u00ean to\u00e0n c\u1ea7u, 22 c\u00f4ng ty con \u1edf n\u01b0\u1edbc ngo\u00e0i t\u1ea1i Nh\u1eadt B\u1ea3n, H\u00e0n Qu\u1ed1c, Vi\u1ec7t Nam, \u1ea4n \u0110\u1ed9, Th\u1ed5 Nh\u0129 K\u1ef3, \u0110\u1ee9c, \u00dd, Th\u1ee5y S\u0129, Hoa K\u1ef3, Mexico, Brazil, Chile, \u00dac, B\u1ed3 \u0110\u00e0o Nha, Canada, Malaysia, UAE, \u0110an M\u1ea1ch v\u00e0 \u0111\u1ed9i b\u00e1n h\u00e0ng to\u00e0n c\u1ea7u \u1edf Trung Qu\u1ed1c, V\u01b0\u01a1ng qu\u1ed1c Anh, Ph\u00e1p, T\u00e2y Ban Nha, Bulgaria, Hy L\u1ea1p, Ukraine, Jordan, \u1ea2 R\u1eadp X\u00ea-\u00fat, Tunisia, Maroc, Nam Phi, Costa Rica, Colombia, Panama, Kazakhstan, Malaysia, Myanmar, Sri Lanka, Th\u00e1i Lan, Vi\u1ec7t Nam , Ba Lan v\u00e0 Argentina, k\u1ec3 t\u1eeb ng\u00e0y 30 th\u00e1ng 9 n\u0103m 2021.<\/h5>\n","protected":false},"excerpt":{"rendered":"<p>Pin n\u0103ng l\u01b0\u1ee3ng m\u1eb7t tr\u1eddi JINKO 475W<\/p>\n<p>&#8211; H\u00e3ng s\u1ea3n xu\u1ea5t JINKO<\/p>\n<p>&#8211; C\u00f4ng su\u1ea5t: 475Wp\/t\u1ea5m<\/p>\n<p>&#8211; Lo\u1ea1i: Mono<\/p>\n<p>&#8211; S\u1ed1 Cell: 156 (2&#215;78)<\/p>\n<p>&#8211; Kh\u1ed1i l\u01b0\u1ee3ng : 25kg\/t\u1ea5m<\/p>\n<p>&#8211; Hi\u1ec7u su\u1ea5t: 21,16%<\/p>\n<p>&#8211; Pin \u0111\u1ea1t c\u00e1c ti\u00eau chu\u1ea9n: IP68<\/p>\n<p>&#8211; K\u00edch th\u01b0\u1edbc: 2182x1029x35 mm<\/p>\n<p>&#8211; S\u1ea3n ph\u1ea9m \u0111\u01b0\u1ee3c b\u1ea3o h\u00e0nh: 12 n\u0103m<\/p>\n<p>Xu\u1ea5t x\u1ee9:\u00a0<strong>TRUNG QU\u1ed0C<\/strong><\/p>\n<p><a href=\"https:\/\/tpenergy.com.vn\/wp-content\/uploads\/2023\/07\/JKM460-480M-7RL3-V-F1-EN.pdf\">DATASHEET<\/a><\/p>\n","protected":false},"featured_media":3981,"comment_status":"open","ping_status":"closed","template":"","meta":[],"product_cat":[298],"product_tag":[],"jetpack-related-posts":[{"id":4044,"url":"https:\/\/tp-electric.vn\/index.php\/san-pham\/tam-pin-qcells-mono-half-cells-425w\/","url_meta":{"origin":3948,"position":0},"title":"T\u1ea5m Pin Qcells Mono Half Cells 425W","author":"Admin","date":"11\/12\/2024","format":false,"excerpt":"H\u00e3ng s\u1ea3n xu\u1ea5t HANWHA (H\u00e0n Qu\u1ed1c)\u00a0 K\u00edch th\u01b0\u1edbc t\u1ea5m pin: 2080mm \u00d7 1030mm \u00d7 35mm\u00a0 C\u00f4ng su\u1ea5t: 425Wp\/t\u1ea5m\u00a0 Lo\u1ea1i: Mono Kh\u1ed1i l\u01b0\u1ee3ng : 24,5kg\/t\u1ea5m Hi\u1ec7u su\u1ea5t: >= 19,8% Pin \u0111\u1ea1t c\u00e1c ti\u00eau chu\u1ea9n kh\u1eaft khe nh\u01b0: CSA (USA), TUV, CE, ISO, IP67....\u00a0 S\u1ea3n ph\u1ea9m \u0111\u01b0\u1ee3c b\u1ea3o h\u00e0nh: 12 n\u0103m; b\u1ea3o\u2026","rel":"","context":"Similar post","block_context":{"text":"Similar post","link":""},"img":{"alt_text":"","src":"https:\/\/i0.wp.com\/tp-electric.vn\/wp-content\/uploads\/2024\/12\/pin-mat-troi-qcell-525w-9977.jpg?fit=540%2C540&ssl=1&resize=350%2C200","width":350,"height":200},"classes":[]},{"id":4042,"url":"https:\/\/tp-electric.vn\/index.php\/san-pham\/tam-pin-trina-495wp-vertex\/","url_meta":{"origin":3948,"position":1},"title":"T\u1ea5m pin Trina 495Wp Vertex","author":"Admin","date":"11\/12\/2024","format":false,"excerpt":"'- H\u00e3ng s\u1ea3n xu\u1ea5t Trina - C\u00f4ng su\u1ea5t: 495Wp\/t\u1ea5m - Lo\u1ea1i: Mono Halfcells 150\u00a0cells - Kh\u1ed1i l\u01b0\u1ee3ng : 26.3\u00a0kg\/t\u1ea5m - Hi\u1ec7u su\u1ea5t: 21.1% - K\u00edch th\u01b0\u1edbc t\u1ea5m pin: 2176 \u00d7 1098 \u00d7 35 mm - Xu\u1ea5t x\u1ee9: Trung Qu\u1ed1c - B\u1ea3o h\u00e0nh 12 n\u0103m, hi\u1ec7u su\u1ea5t 25 n\u0103m - 01\u2026","rel":"","context":"Similar post","block_context":{"text":"Similar post","link":""},"img":{"alt_text":"","src":"https:\/\/i0.wp.com\/tp-electric.vn\/wp-content\/uploads\/2024\/12\/pin-trina-vertex-mono-perc-hc-495wp.png?fit=654%2C700&ssl=1&resize=350%2C200","width":350,"height":200},"classes":[]},{"id":3946,"url":"https:\/\/tp-electric.vn\/index.php\/san-pham\/tam-pin-nlmt-longi-bifacial-lr5-72hbd-545w\/","url_meta":{"origin":3948,"position":2},"title":"T\u1ea5m Pin NLMT LONGI Bifacial LR5-72HBD 545W","author":"Admin","date":"11\/12\/2024","format":false,"excerpt":"Pin n\u0103ng l\u01b0\u1ee3ng m\u1eb7t tr\u1eddi LONGI 545W - H\u00e3ng s\u1ea3n xu\u1ea5t LONGI (Trung Qu\u1ed1c)\u00a0LONGI LR5-72HBD\u00a0545W - C\u00f4ng su\u1ea5t: 545Wp\/t\u1ea5m - Lo\u1ea1i: Mono 2 m\u1eb7t k\u00ednh - S\u1ed1 Cell: 144 (6x24) - Kh\u1ed1i l\u01b0\u1ee3ng : 32.3kg\/t\u1ea5m - Hi\u1ec7u su\u1ea5t: 21~21,5% - Pin \u0111\u1ea1t c\u00e1c ti\u00eau chu\u1ea9n: IP68 - K\u00edch th\u01b0\u1edbc: 2256x1133x35\u2026","rel":"","context":"Similar post","block_context":{"text":"Similar post","link":""},"img":{"alt_text":"","src":"https:\/\/i0.wp.com\/tp-electric.vn\/wp-content\/uploads\/2024\/12\/longi-545.png?fit=800%2C800&ssl=1&resize=350%2C200","width":350,"height":200,"srcset":"https:\/\/i0.wp.com\/tp-electric.vn\/wp-content\/uploads\/2024\/12\/longi-545.png?fit=800%2C800&ssl=1&resize=350%2C200 1x, https:\/\/i0.wp.com\/tp-electric.vn\/wp-content\/uploads\/2024\/12\/longi-545.png?fit=800%2C800&ssl=1&resize=700%2C400 2x"},"classes":[]},{"id":3944,"url":"https:\/\/tp-electric.vn\/index.php\/san-pham\/tam-pin-nlmt-longi-bifacial-lr4-72hbd-445w\/","url_meta":{"origin":3948,"position":3},"title":"T\u1ea5m Pin NLMT LONGI Bifacial LR4-72HBD 445W","author":"Admin","date":"11\/12\/2024","format":false,"excerpt":"Pin n\u0103ng l\u01b0\u1ee3ng m\u1eb7t tr\u1eddi LONGI 445W - H\u00e3ng s\u1ea3n xu\u1ea5t LONGI (Trung Qu\u1ed1c) LONGI LR4-72HPH 445 - C\u00f4ng su\u1ea5t: 445Wp\/t\u1ea5m - Lo\u1ea1i: Mono 2 m\u1eb7t k\u00ednh - S\u1ed1 Cell: 144 (6x24) - Kh\u1ed1i l\u01b0\u1ee3ng : 27.5kg\/t\u1ea5m - Hi\u1ec7u su\u1ea5t: 20,5% - Pin \u0111\u1ea1t c\u00e1c ti\u00eau chu\u1ea9n: IP68 - K\u00edch\u2026","rel":"","context":"Similar post","block_context":{"text":"Similar post","link":""},"img":{"alt_text":"","src":"https:\/\/i0.wp.com\/tp-electric.vn\/wp-content\/uploads\/2024\/12\/longi-445.png?fit=1001%2C1001&ssl=1&resize=350%2C200","width":350,"height":200,"srcset":"https:\/\/i0.wp.com\/tp-electric.vn\/wp-content\/uploads\/2024\/12\/longi-445.png?fit=1001%2C1001&ssl=1&resize=350%2C200 1x, https:\/\/i0.wp.com\/tp-electric.vn\/wp-content\/uploads\/2024\/12\/longi-445.png?fit=1001%2C1001&ssl=1&resize=700%2C400 2x"},"classes":[]},{"id":4649,"url":"https:\/\/tp-electric.vn\/index.php\/san-pham\/tam-pin-nang-luong-mat-troi-ja-545w\/","url_meta":{"origin":3948,"position":4},"title":"T\u1ea5m pin n\u0103ng l\u01b0\u1ee3ng m\u1eb7t tr\u1eddi JA 545W","author":"Admin","date":"11\/12\/2024","format":false,"excerpt":"C\u00f4ng su\u1ea5t: 545Wp Lo\u1ea1i Cell: Mono (\u0111\u01a1n tinh th\u1ec3) B\u1ec1 m\u1eb7t: K\u00ednh c\u01b0\u1eddng l\u1ef1c d\u00e0y 3,5mm Khung Pin: H\u1ee3p kim nh\u00f4m d\u00e0y 40mm K\u00edch th\u01b0\u1edbc: 2261 \u02e3 1134 \u02e3 35 mm. C\u00e2n n\u1eb7ng: 27.8 kg S\u1ed1 l\u01b0\u1ee3ng Cell: 144 cells Hi\u1ec7u su\u1ea5t quang n\u0103ng: 21.3% B\u1ea3o h\u00e0nh s\u1ea3n ph\u1ea9m: 20\u2026","rel":"","context":"Similar post","block_context":{"text":"Similar post","link":""},"img":{"alt_text":"","src":"https:\/\/i0.wp.com\/tp-electric.vn\/wp-content\/uploads\/2024\/12\/tam-pin-ja-540w-mat-troi-576x576-1.jpg?fit=576%2C576&ssl=1&resize=350%2C200","width":350,"height":200},"classes":[]},{"id":4576,"url":"https:\/\/tp-electric.vn\/index.php\/san-pham\/tam-pin-mat-troi-risen-575w\/","url_meta":{"origin":3948,"position":5},"title":"T\u1ea5m pin m\u1eb7t tr\u1eddi Risen 575W","author":"Admin","date":"11\/12\/2024","format":false,"excerpt":"Th\u01b0\u01a1ng hi\u1ec7u Risen Solar Model RSM110-8-565-585BHDG C\u00f4ng su\u1ea5t 575WP Hi\u1ec7u su\u1ea5t 22.3% Tr\u1ecdng L\u01b0\u1ee3ng 31kg K\u00edch Th\u01b0\u1edbc 2278\u00d71134\u00d730mm B\u1ea3o H\u00e0nh V\u1eadt L\u00fd 15 Years B\u1ea3o H\u00e0nh Hi\u1ec7u Su\u1ea5t 30 Years","rel":"","context":"Similar post","block_context":{"text":"Similar post","link":""},"img":{"alt_text":"","src":"https:\/\/i0.wp.com\/tp-electric.vn\/wp-content\/uploads\/2024\/12\/product-jpeg-500x500-1.png?fit=500%2C500&ssl=1&resize=350%2C200","width":350,"height":200},"classes":[]}],"_links":{"self":[{"href":"https:\/\/tp-electric.vn\/index.php\/wp-json\/wp\/v2\/product\/3948"}],"collection":[{"href":"https:\/\/tp-electric.vn\/index.php\/wp-json\/wp\/v2\/product"}],"about":[{"href":"https:\/\/tp-electric.vn\/index.php\/wp-json\/wp\/v2\/types\/product"}],"replies":[{"embeddable":true,"href":"https:\/\/tp-electric.vn\/index.php\/wp-json\/wp\/v2\/comments?post=3948"}],"wp:featuredmedia":[{"embeddable":true,"href":"https:\/\/tp-electric.vn\/index.php\/wp-json\/wp\/v2\/media\/3981"}],"wp:attachment":[{"href":"https:\/\/tp-electric.vn\/index.php\/wp-json\/wp\/v2\/media?parent=3948"}],"wp:term":[{"taxonomy":"product_cat","embeddable":true,"href":"https:\/\/tp-electric.vn\/index.php\/wp-json\/wp\/v2\/product_cat?post=3948"},{"taxonomy":"product_tag","embeddable":true,"href":"https:\/\/tp-electric.vn\/index.php\/wp-json\/wp\/v2\/product_tag?post=3948"}],"curies":[{"name":"wp","href":"https:\/\/api.w.org\/{rel}","templated":true}]}}