{"id":3803,"date":"2024-07-20T11:05:43","date_gmt":"2024-07-20T04:05:43","guid":{"rendered":"https:\/\/tp-electric.vn\/?post_type=product&#038;p=3803"},"modified":"2024-12-12T15:11:40","modified_gmt":"2024-12-12T08:11:40","slug":"dau-cose-van-vit-2","status":"publish","type":"product","link":"https:\/\/tp-electric.vn\/index.php\/san-pham\/dau-cose-van-vit-2\/","title":{"rendered":"\u0110\u1ea7u cose v\u1eb7n v\u00edt"},"content":{"rendered":"<p><strong>Terminal Lug<\/strong><\/p>\n<div class=\"table-responsive\">\n<table style=\"height: 420px;\" border=\"1\" width=\"1078\" cellspacing=\"0\" cellpadding=\"0\">\n<tbody>\n<tr>\n<td style=\"width: 297.903px;\">\n<p align=\"center\"><strong>Code No.<\/strong><\/p>\n<\/td>\n<td style=\"width: 300px;\">\n<p align=\"center\"><strong>Cable Size<\/strong><\/p>\n<p align=\"center\"><strong>(mm<sup>2<\/sup>)<\/strong><\/p>\n<\/td>\n<td style=\"width: 270.514px;\">\n<p align=\"center\"><strong>Stud Size<\/strong><\/p>\n<p align=\"center\"><strong>(in)<\/strong><\/p>\n<\/td>\n<td style=\"width: 200.694px;\">\n<p align=\"center\"><strong>Weight<\/strong><\/p>\n<p align=\"center\"><strong>(kg)<\/strong><\/p>\n<\/td>\n<\/tr>\n<tr>\n<td style=\"width: 297.903px;\">LXTEL 35<\/td>\n<td style=\"width: 300px;\">\n<p align=\"center\">6 &#8211; 35<\/p>\n<\/td>\n<td style=\"width: 270.514px;\">\n<p align=\"center\">3\/16<\/p>\n<\/td>\n<td style=\"width: 200.694px;\">\n<p align=\"center\">0.10<\/p>\n<\/td>\n<\/tr>\n<tr>\n<td style=\"width: 297.903px;\">LXTEL 70<\/td>\n<td style=\"width: 300px;\">\n<p align=\"center\">50 &#8211; 70<\/p>\n<\/td>\n<td style=\"width: 270.514px;\">\n<p align=\"center\">5 \/16<\/p>\n<\/td>\n<td style=\"width: 200.694px;\">\n<p align=\"center\">0.15<\/p>\n<\/td>\n<\/tr>\n<tr>\n<td style=\"width: 297.903px;\">LXTEL 120<\/td>\n<td style=\"width: 300px;\">\n<p align=\"center\">95 \u2013 120<\/p>\n<\/td>\n<td style=\"width: 270.514px;\">\n<p align=\"center\">5\/16<\/p>\n<\/td>\n<td style=\"width: 200.694px;\">\n<p align=\"center\">0.24<\/p>\n<\/td>\n<\/tr>\n<tr>\n<td style=\"width: 297.903px;\">LXTEL 185<\/td>\n<td style=\"width: 300px;\">\n<p align=\"center\">150 \u2013 185<\/p>\n<\/td>\n<td style=\"width: 270.514px;\">\n<p align=\"center\">1\/2<\/p>\n<\/td>\n<td style=\"width: 200.694px;\">\n<p align=\"center\">0.35<\/p>\n<\/td>\n<\/tr>\n<tr>\n<td style=\"width: 297.903px;\">LXTEL 300<\/td>\n<td style=\"width: 300px;\">\n<p align=\"center\">240 &#8211; 300<\/p>\n<\/td>\n<td style=\"width: 270.514px;\">\n<p align=\"center\">1\/2<\/p>\n<\/td>\n<td style=\"width: 200.694px;\">\n<p align=\"center\">0.60<\/p>\n<\/td>\n<\/tr>\n<tr>\n<td style=\"width: 297.903px;\">LXTEL 500<\/td>\n<td style=\"width: 300px;\">\n<p align=\"center\">400 &#8211; 500<\/p>\n<\/td>\n<td style=\"width: 270.514px;\">\n<p align=\"center\">1\/2<\/p>\n<\/td>\n<td style=\"width: 200.694px;\">\n<p align=\"center\">0.80<\/p>\n<\/td>\n<\/tr>\n<\/tbody>\n<\/table>\n<\/div>\n","protected":false},"excerpt":{"rendered":"<p><strong>M\u00f4 t\u1ea3 :<\/strong><\/p>\n<p>Ti\u00eau chu\u1ea9n: IEC 62561 \u2013 1, BS EN 1982<\/p>\n<p>V\u1eadt li\u1ec7u: H\u1ee3p kim \u0111\u1ed3ng<\/p>\n<p>Xu\u1ea5t x\u1ee9: Kumwell &#8211; Th\u00e1i Lan<\/p>\n","protected":false},"featured_media":3076,"comment_status":"open","ping_status":"closed","template":"","meta":[],"product_cat":[223],"product_tag":[],"jetpack-related-posts":[{"id":3081,"url":"https:\/\/tp-electric.vn\/index.php\/san-pham\/kep-nga-4-day-dan-thanh-dan\/","url_meta":{"origin":3803,"position":0},"title":"K\u1eb9p ng\u00e3 4 (d\u00e2y d\u1eabn + thanh d\u1eabn)","author":"","date":"14\/02\/2023","format":false,"excerpt":"M\u00f4 t\u1ea3 : Ti\u00eau chu\u1ea9n: IEC 62561 \u2013 1, BS EN 1982 V\u1eadt li\u1ec7u: H\u1ee3p kim \u0111\u1ed3ng Xu\u1ea5t x\u1ee9: Kumwell - Th\u00e1i Lan \u1ee8ng d\u1ee5ng: k\u1eb9p ng\u00e3 4 c\u00e1p v\u1edbi thanh \u0111\u1ed3ng","rel":"","context":"Similar post","block_context":{"text":"Similar post","link":""},"img":{"alt_text":"","src":"","width":0,"height":0},"classes":[]},{"id":3029,"url":"https:\/\/tp-electric.vn\/index.php\/san-pham\/de-kim-thu-set-co-dien-lcrs\/","url_meta":{"origin":3803,"position":1},"title":"\u0110\u1ebf kim thu s\u00e9t c\u1ed5 \u0111i\u1ec3n LCRS","author":"","date":"14\/02\/2023","format":false,"excerpt":"M\u00f4 t\u1ea3 : Ti\u00eau chu\u1ea9n: IEC 62561 \u2013 1, BS EN 1982 V\u1eadt li\u1ec7u: H\u1ee3p kim \u0111\u1ed3ng Xu\u1ea5t x\u1ee9: Kumwell - Th\u00e1i Lan \u1ee8ng d\u1ee5ng:\u00a0\u0111\u1ebf \u0111\u1ee1 kim thu s\u00e9t k\u1ebft n\u1ed1i v\u1edbi d\u00e2y \u0111\u1ed3ng nhi\u1ec1u s\u1ee3i ho\u1eb7c d\u00e2y \u0111\u1ed3ng \u0111\u1eb7c.","rel":"","context":"Similar post","block_context":{"text":"Similar post","link":""},"img":{"alt_text":"","src":"https:\/\/i0.wp.com\/tp-electric.vn\/wp-content\/uploads\/2023\/02\/4-3.png?fit=283%2C283&ssl=1&resize=350%2C200","width":350,"height":200},"classes":[]},{"id":3089,"url":"https:\/\/tp-electric.vn\/index.php\/san-pham\/dau-cose-van-vit\/","url_meta":{"origin":3803,"position":2},"title":"\u0110\u1ea7u cose v\u1eb7n v\u00edt","author":"","date":"14\/02\/2023","format":false,"excerpt":"M\u00f4 t\u1ea3 : Ti\u00eau chu\u1ea9n: IEC 62561 \u2013 1, BS EN 1982 V\u1eadt li\u1ec7u: H\u1ee3p kim \u0111\u1ed3ng Xu\u1ea5t x\u1ee9: Kumwell - Th\u00e1i Lan","rel":"","context":"Similar post","block_context":{"text":"Similar post","link":""},"img":{"alt_text":"","src":"","width":0,"height":0},"classes":[]},{"id":3065,"url":"https:\/\/tp-electric.vn\/index.php\/san-pham\/kep-cap-nga-4-lcac-kumwell\/","url_meta":{"origin":3803,"position":3},"title":"K\u1eb9p c\u00e1p ng\u00e3 4 LCAC \u2013 Kumwell","author":"","date":"14\/02\/2023","format":false,"excerpt":"M\u00e3 s\u1ea3n ph\u1ea9m:LCAC K\u1eb9p ng\u00e3 4 c\u00e1p ho\u1eb7c thanh \u0111\u1ed3ng tr\u00f2n tho\u00e1t s\u00e9t Ti\u00eau chu\u1ea9n: H\u1ee3p kim \u0111\u1ed3ng \u2013 BS EN 1982 H\u1ee3p kim nh\u00f4m \u2013 BS EN 2898Xu\u1ea5t x\u1ee9: Kumwell \u2013 Th\u00e1i Lan","rel":"","context":"Similar post","block_context":{"text":"Similar post","link":""},"img":{"alt_text":"","src":"","width":0,"height":0},"classes":[]},{"id":3083,"url":"https:\/\/tp-electric.vn\/index.php\/san-pham\/kep-dinh-vi-cap-1-lo-locg\/","url_meta":{"origin":3803,"position":4},"title":"K\u1eb9p \u0111\u1ecbnh v\u1ecb c\u00e1p 1 l\u1ed7 LOCG","author":"","date":"14\/02\/2023","format":false,"excerpt":"M\u00f4 t\u1ea3 : Ti\u00eau chu\u1ea9n: IEC 62561 \u2013 4, BS EN 13601 V\u1eadt li\u1ec7u: \u0110\u1ed3ng Xu\u1ea5t x\u1ee9: Kumwell - Th\u00e1i Lan \u1ee8ng d\u1ee5ng: d\u00f9ng \u0111\u1ec3 k\u1eb9p \u0111\u1ecbnh v\u1ecb c\u00e1p ho\u1eb7c thanh \u0111\u1ed3ng tr\u00f2n tho\u00e1t s\u00e9t.","rel":"","context":"Similar post","block_context":{"text":"Similar post","link":""},"img":{"alt_text":"","src":"","width":0,"height":0},"classes":[]},{"id":3079,"url":"https:\/\/tp-electric.vn\/index.php\/san-pham\/kep-do-cap-thoat-set-lcas-kumwell\/","url_meta":{"origin":3803,"position":5},"title":"K\u1eb9p \u0111\u1ee1 c\u00e1p tho\u00e1t s\u00e9t LCAS-Kumwell","author":"","date":"14\/02\/2023","format":false,"excerpt":"M\u00e3 s\u1ea3n ph\u1ea9m:LCAS K\u1eb9p \u0111\u1ee1, \u0111\u1ecbnh v\u1ecb c\u00e1p tho\u00e1t s\u00e9t Ti\u00eau chu\u1ea9n: H\u1ee3p kim \u0111\u1ed3ng \u2013 BS EN 1982 H\u1ee3p kim nh\u00f4m \u2013 BS EN 2898 Xu\u1ea5t x\u1ee9: Kumwell \u2013 Th\u00e1i L","rel":"","context":"Similar post","block_context":{"text":"Similar post","link":""},"img":{"alt_text":"","src":"","width":0,"height":0},"classes":[]}],"_links":{"self":[{"href":"https:\/\/tp-electric.vn\/index.php\/wp-json\/wp\/v2\/product\/3803"}],"collection":[{"href":"https:\/\/tp-electric.vn\/index.php\/wp-json\/wp\/v2\/product"}],"about":[{"href":"https:\/\/tp-electric.vn\/index.php\/wp-json\/wp\/v2\/types\/product"}],"replies":[{"embeddable":true,"href":"https:\/\/tp-electric.vn\/index.php\/wp-json\/wp\/v2\/comments?post=3803"}],"wp:featuredmedia":[{"embeddable":true,"href":"https:\/\/tp-electric.vn\/index.php\/wp-json\/wp\/v2\/media\/3076"}],"wp:attachment":[{"href":"https:\/\/tp-electric.vn\/index.php\/wp-json\/wp\/v2\/media?parent=3803"}],"wp:term":[{"taxonomy":"product_cat","embeddable":true,"href":"https:\/\/tp-electric.vn\/index.php\/wp-json\/wp\/v2\/product_cat?post=3803"},{"taxonomy":"product_tag","embeddable":true,"href":"https:\/\/tp-electric.vn\/index.php\/wp-json\/wp\/v2\/product_tag?post=3803"}],"curies":[{"name":"wp","href":"https:\/\/api.w.org\/{rel}","templated":true}]}}