{"id":3728,"date":"2023-08-16T13:55:28","date_gmt":"2023-08-16T06:55:28","guid":{"rendered":"https:\/\/tp-electric.vn\/?post_type=product&#038;p=3728"},"modified":"2024-12-12T15:11:40","modified_gmt":"2024-12-12T08:11:40","slug":"thot-go-tre-organic-u-ultty-hang-xuat-khau","status":"publish","type":"product","link":"https:\/\/tp-electric.vn\/index.php\/san-pham\/thot-go-tre-organic-u-ultty-hang-xuat-khau\/","title":{"rendered":"Th\u1edbt G\u1ed7 Tre Organic U-Ultty \u2013 H\u00e0ng Xu\u1ea5t Kh\u1ea9u"},"content":{"rendered":"<div>\n<div class=\"card-send-time flx flx-al-c flx-1 \"><strong>\u01afu \u0111i\u1ec3m c\u1ee7a Th\u1edbt G\u1ed7 Tre Organic Ultty<\/strong><\/div>\n<\/div>\n<div class=\"message-reaction-container has-send-time show-react-btn\">\n<div data-id=\"btn_ReceivedMsg_React\">\n<div class=\"emoji-list-wrapper hide-elist\">\n<div class=\"reaction-emoji-list \">\n<div class=\"reaction-emoji-icon\">\n<ul>\n<li>S\u1ea3n ph\u1ea9m \u0111\u01b0\u1ee3c l\u00e0m t\u1eeb g\u1ed7 tre ch\u1ecdn l\u1ecdc, \u0111\u00e1p \u1ee9ng nh\u1eefng ti\u00eau chu\u1ea9n kh\u1eaft khe c\u1ee7a h\u00e0ng xu\u1ea5t kh\u1ea9u, c\u00f3 \u0111\u1eb7c t\u00ednh kh\u00e1ng khu\u1ea9n v\u00e0 ch\u1ed1ng m\u00f9i h\u00f4i<\/li>\n<li>L\u1edbp s\u01a1n h\u1eefu c\u01a1 tr\u00ean b\u1ec1 m\u1eb7t th\u1edbt an to\u00e0n, c\u00f3 t\u00e1c d\u1ee5ng kh\u00e1ng khu\u1ea9n v\u00e0 t\u0103ng \u0111\u1ed9 b\u1ec1n c\u1ee7a th\u1edbt<\/li>\n<li>S\u1eed d\u1ee5ng th\u1edbt tre kh\u00f4ng \u0111\u1ec3 l\u1ea1i c\u00e1c v\u1ebft l\u1eb1n \u0111en nh\u01b0 c\u00e1c lo\u1ea1i th\u1edbt g\u1ed7 th\u00f4ng th\u01b0\u1eddng.<\/li>\n<\/ul>\n<p><strong>H\u01b0\u1edbng d\u1eabn s\u1eed d\u1ee5ng v\u00e0 b\u1ea3o qu\u1ea3n<\/strong><\/p>\n<ul>\n<li>Kh\u00f4ng n\u00ean ng\u00e2m th\u1edbt trong n\u01b0\u1edbc qu\u00e1 1 ti\u1ebfng<\/li>\n<li>N\u00ean \u0111\u1ec3 th\u1edbt \u1edf n\u01a1i th\u00f4ng tho\u00e1ng \u0111\u1ec3 tr\u00e1nh \u1ea9m m\u1ed1c<\/li>\n<li>Tr\u01b0\u1eddng h\u1ee3p b\u1ecb \u1ed1, \u0111en c\u00f3 th\u1ec3 d\u00f9ng chanh ho\u1eb7c soda \u0111\u1ec3 t\u1ea9y, r\u1eeda s\u1ea1ch sau \u0111\u00f3 thoa d\u1ea7u th\u1ef1c v\u1eadt \u0111\u1ec3 t\u0103ng \u0111\u1ed9 b\u1ec1n<\/li>\n<li>Kh\u00f4ng \u0111\u01b0\u1ee3c r\u1eeda th\u1edbt tre b\u1eb1ng m\u00e1y r\u1eeda b\u00e1t<\/li>\n<li>N\u00ean thay th\u1edbt sau 12 th\u00e1ng s\u1eed d\u1ee5ng \u0111\u1ec3 \u0111\u1ea3m b\u1ea3o s\u1ee9c kh\u1ecfe cho gia \u0111\u00ecnh<\/li>\n<li>M\u1ed7i gia \u0111\u00ecnh n\u00ean c\u00f3 2 chi\u1ebfc th\u1edbt tr\u1edf l\u00ean \u0111\u1ec3 th\u00e1i \u0111\u1ed3 s\u1ed1ng v\u00e0 ch\u00edn ri\u00eang, \u0111\u1ea3m b\u1ea3o an to\u00e0n th\u1ef1c ph\u1ea9m<\/li>\n<\/ul>\n<\/div>\n<div class=\"reaction-emoji-icon\"><img decoding=\"async\" src=\"https:\/\/i0.wp.com\/u-ultty.com.vn\/upload\/images\/products\/thot-go-tre-organic-ultty-hang-xuat-khau\/z2965453549064_147d1d570a68777fce849043ed9c7155-1024x590.jpg?resize=1020%2C588&#038;ssl=1\" data-recalc-dims=\"1\" \/><\/div>\n<\/div>\n<\/div>\n<\/div>\n<\/div>\n","protected":false},"excerpt":{"rendered":"<div><strong>Th\u00f4ng tin s\u1ea3n ph\u1ea9m<\/strong><\/div>\n<ul>\n<li><span id=\"mtc-2965352176100\"><span class=\"text\">Ch\u1ea5t li\u1ec7u: 100% s\u1ea3n ph\u1ea9m \u0111\u01b0\u1ee3c l\u00e0m t\u1eeb tre<\/span><\/span><\/li>\n<li><span id=\"mtc-2965352176100\"><span class=\"text\">M\u00e0u s\u1eafc: M\u00e0u tre t\u1ef1 nhi\u00ean<\/span><\/span><\/li>\n<li><span id=\"mtc-2965352176100\"><span class=\"text\">K\u00edch th\u01b0\u1edbc: D\u00e0i 30cm x R\u1ed9ng 20cm x cao 2cm<\/span><\/span><\/li>\n<li><span id=\"mtc-2965352176100\"><span class=\"text\">Thi\u1ebft k\u1ebf:U ULTTY VINA\u00a0<\/span><\/span><\/li>\n<li>Xu\u1ea5t x\u1ee9: Vi\u1ec7t Nam, s\u1ea3n xu\u1ea5t theo ti\u00eau chu\u1ea9n h\u00e0ng xu\u1ea5t kh\u1ea9u<\/li>\n<li>S\u1ea3n ph\u1ea9m \u0111\u01b0\u1ee3c l\u00e0m t\u1eeb g\u1ed7 tre ch\u1ecdn l\u1ecdc, \u0111\u00e1p \u1ee9ng nh\u1eefng y\u00eau c\u1ea7u kh\u1eaft khe c\u1ee7a h\u00e0ng xu\u1ea5t kh\u1ea9u, c\u00f3 \u0111\u1eb7c t\u00ednh kh\u00e1ng khu\u1ea9n v\u00e0 ch\u1ed1ng m\u00f9i h\u00f4i<\/li>\n<\/ul>\n","protected":false},"featured_media":3729,"comment_status":"open","ping_status":"closed","template":"","meta":[],"product_cat":[272],"product_tag":[278,302,273],"jetpack-related-posts":[{"id":3553,"url":"https:\/\/tp-electric.vn\/index.php\/san-pham\/binh-dien-phan-phun-suong-diet-khuan-ultty-skj-crs01-hang-chinh-hang\/","url_meta":{"origin":3728,"position":0},"title":"B\u00ecnh \u0111i\u1ec7n ph\u00e2n phun s\u01b0\u01a1ng di\u1ec7t khu\u1ea9n Ultty SKJ-CRS01 &#8211; H\u00e0ng ch\u00ednh h\u00e3ng","author":"","date":"22\/06\/2023","format":false,"excerpt":"C\u00f4ng su\u1ea5t 26W Ngu\u1ed3n \u0111i\u1ec7n \u00e1p AC 100V - 240V\/50Hz - 60Hz Dung t\u00edch 330ml Kh\u1ea3 n\u0103ng di\u1ec7t khu\u1ea9n 99,9% Xu\u1ea5t x\u1ee9 th\u01b0\u01a1ng hi\u1ec7u Ph\u00e1p S\u1ea3n xu\u1ea5t t\u1ea1i \u0110\u1ee9c B\u1ea3o h\u00e0nh 24 th\u00e1ng","rel":"","context":"Similar post","block_context":{"text":"Similar post","link":""},"img":{"alt_text":"","src":"https:\/\/i0.wp.com\/tp-electric.vn\/wp-content\/uploads\/2023\/06\/binh-dien-phan-phun-suong-diet-khuan-ultty-skj-crs01-g.jpg?fit=800%2C600&ssl=1&resize=350%2C200","width":350,"height":200,"srcset":"https:\/\/i0.wp.com\/tp-electric.vn\/wp-content\/uploads\/2023\/06\/binh-dien-phan-phun-suong-diet-khuan-ultty-skj-crs01-g.jpg?fit=800%2C600&ssl=1&resize=350%2C200 1x, https:\/\/i0.wp.com\/tp-electric.vn\/wp-content\/uploads\/2023\/06\/binh-dien-phan-phun-suong-diet-khuan-ultty-skj-crs01-g.jpg?fit=800%2C600&ssl=1&resize=700%2C400 2x"},"classes":[]},{"id":3574,"url":"https:\/\/tp-electric.vn\/index.php\/san-pham\/quat-thap-loc-khong-khi-cap-am-ultty-skj-cr022-co-tia-uvc-khu-khuan\/","url_meta":{"origin":3728,"position":1},"title":"Qu\u1ea1t th\u00e1p l\u1ecdc kh\u00f4ng kh\u00ed c\u1ea5p \u1ea9m Ultty SKJ-CR022 c\u00f3 tia UVC kh\u1eed khu\u1ea9n","author":"","date":"22\/06\/2023","format":false,"excerpt":"Lo\u1ea1i Qu\u1ea1t kh\u00f4ng c\u00e1nh Tr\u1ecdng l\u01b0\u1ee3ng s\u1ea3n ph\u1ea9m 3,2kg B\u1ea3o h\u00e0nh 24 th\u00e1ng S\u1ea3n xu\u1ea5t t\u1ea1i Trung Qu\u1ed1c","rel":"","context":"Similar post","block_context":{"text":"Similar post","link":""},"img":{"alt_text":"","src":"https:\/\/i0.wp.com\/tp-electric.vn\/wp-content\/uploads\/2023\/06\/quat-thap-loc-khong-khi-cap-am-ultty-skj-cr022.jpg?fit=600%2C450&ssl=1&resize=350%2C200","width":350,"height":200},"classes":[]},{"id":3701,"url":"https:\/\/tp-electric.vn\/index.php\/san-pham\/quat-loc-khong-khi-va-khu-khuan-u-ultty-bb\/","url_meta":{"origin":3728,"position":2},"title":"Qu\u1ea1t l\u1ecdc kh\u00f4ng kh\u00ed v\u00e0 kh\u1eed khu\u1ea9n U ULTTY BB","author":"","date":"16\/08\/2023","format":false,"excerpt":"L\u1ecdc t\u1edbi 99,95% t\u1ea5t c\u1ea3 c\u00e1c ch\u1ea5t \u00f4 nhi\u1ec5m trong kh\u00f4ng kh\u00ed L\u00e0m s\u1ea1ch kh\u00f4ng kh\u00ed qua m\u00e0ng l\u1ecdc HEPA + kh\u1eed tr\u00f9ng c\u00f4ng ngh\u1ec7 Plasmacluster Ion Thanh l\u1ecdc to\u00e0n b\u1ed9 ng\u00f4i nh\u00e0 ch\u1ec9 trong 45 ph\u00fat \u0110\u1ed9ng c\u01a1 \u00eam \u00e1i v\u00e0 m\u1ea1nh m\u1ebd, v\u1edbi 9 c\u1ea5p \u0111\u1ed9 l\u00e0m m\u00e1t\u2026","rel":"","context":"Similar post","block_context":{"text":"Similar post","link":""},"img":{"alt_text":"","src":"https:\/\/i0.wp.com\/tp-electric.vn\/wp-content\/uploads\/2023\/08\/MAY-LOC-04-scaled.jpg?fit=1200%2C1200&ssl=1&resize=350%2C200","width":350,"height":200,"srcset":"https:\/\/i0.wp.com\/tp-electric.vn\/wp-content\/uploads\/2023\/08\/MAY-LOC-04-scaled.jpg?fit=1200%2C1200&ssl=1&resize=350%2C200 1x, https:\/\/i0.wp.com\/tp-electric.vn\/wp-content\/uploads\/2023\/08\/MAY-LOC-04-scaled.jpg?fit=1200%2C1200&ssl=1&resize=700%2C400 2x, https:\/\/i0.wp.com\/tp-electric.vn\/wp-content\/uploads\/2023\/08\/MAY-LOC-04-scaled.jpg?fit=1200%2C1200&ssl=1&resize=1050%2C600 3x"},"classes":[]},{"id":3580,"url":"https:\/\/tp-electric.vn\/index.php\/san-pham\/may-hut-am-va-loc-khong-khi-ultty-luk012\/","url_meta":{"origin":3728,"position":3},"title":"M\u00e1y h\u00fat \u1ea9m v\u00e0 l\u1ecdc kh\u00f4ng kh\u00ed Ultty LUK016","author":"","date":"22\/06\/2023","format":false,"excerpt":"K\u00edch th\u01b0\u1edbc 28cm x 20cm x 50cm Tr\u1ecdng l\u01b0\u1ee3ng s\u1ea3n ph\u1ea9m 12kg Tr\u1ecdng l\u01b0\u1ee3ng bao b\u00ec 13,5kg Xu\u1ea5t x\u1ee9 th\u01b0\u01a1ng hi\u1ec7u Ph\u00e1p S\u1ea3n xu\u1ea5t t\u1ea1i Trung Qu\u1ed1c B\u1ea3o h\u00e0nh 24 th\u00e1ng","rel":"","context":"Similar post","block_context":{"text":"Similar post","link":""},"img":{"alt_text":"","src":"https:\/\/i0.wp.com\/tp-electric.vn\/wp-content\/uploads\/2023\/06\/may-hut-am-va-loc-khong-khi-ultty-luk012-8.jpg?fit=666%2C500&ssl=1&resize=350%2C200","width":350,"height":200},"classes":[]},{"id":3620,"url":"https:\/\/tp-electric.vn\/index.php\/san-pham\/quat-thap-2-chieu-suoi-am-va-lam-mat-ultty-skj-cr018h\/","url_meta":{"origin":3728,"position":4},"title":"Qu\u1ea1t th\u00e1p 2 chi\u1ec1u s\u01b0\u1edfi \u1ea5m v\u00e0 l\u00e0m m\u00e1t Ultty SKJ-CR018H","author":"","date":"22\/06\/2023","format":false,"excerpt":"K\u00edch th\u01b0\u1edbc Cao x \u0110\u01b0\u1eddng k\u00ednh ch\u00e2n \u0111\u1ebf\u00a0(101cm x 23,5cm) Tr\u1ecdng l\u01b0\u1ee3ng s\u1ea3n ph\u1ea9m 3,5kg Tr\u1ecdng l\u01b0\u1ee3ng bao b 5,5kg B\u1ea3o h\u00e0nh 24 th\u00e1ng Xu\u1ea5t x\u1ee9 th\u01b0\u01a1ng hi\u1ec7u Ph\u00e1p S\u1ea3n xu\u1ea5t t\u1ea1i Trung Qu\u1ed1c","rel":"","context":"Similar post","block_context":{"text":"Similar post","link":""},"img":{"alt_text":"","src":"https:\/\/i0.wp.com\/tp-electric.vn\/wp-content\/uploads\/2023\/06\/quat-thap-2-chieu-ultty-skj-cr018h-g.jpg?fit=700%2C500&ssl=1&resize=350%2C200","width":350,"height":200,"srcset":"https:\/\/i0.wp.com\/tp-electric.vn\/wp-content\/uploads\/2023\/06\/quat-thap-2-chieu-ultty-skj-cr018h-g.jpg?fit=700%2C500&ssl=1&resize=350%2C200 1x, https:\/\/i0.wp.com\/tp-electric.vn\/wp-content\/uploads\/2023\/06\/quat-thap-2-chieu-ultty-skj-cr018h-g.jpg?fit=700%2C500&ssl=1&resize=700%2C400 2x"},"classes":[]},{"id":3285,"url":"https:\/\/tp-electric.vn\/index.php\/san-pham\/aptomat-mccb-tmax-abb\/","url_meta":{"origin":3728,"position":5},"title":"APTOMAT MCCB TMAX ABB","author":"","date":"25\/02\/2023","format":false,"excerpt":"\u00a0\u01afU \u0110I\u1ec2M: S\u1ea3n xu\u1ea5t t\u1ea1i \u00dd, b\u1ea3o v\u1ec7 qu\u00e1 t\u1ea3i, ng\u1eafn m\u1ea1ch Kh\u1ea3 n\u0103ng c\u1eaft d\u00f2ng ng\u1eafn m\u1ea1ch l\u00ean \u0111\u1ebfn 150kA Ng\u1eaft m\u1ea1ch b\u1ea3o v\u1ec7 c\u00e1c thi\u1ebft b\u1ecb c\u00f3 d\u00f2ng \u0111\u1ecbnh m\u1ee9c \u0111\u1ebfn 1600A Ch\u1ec9nh d\u00f2ng qu\u00e1 t\u1ea3i v\u1edbi trip t\u1eeb nhi\u1ec7t v\u00e0 \u0111i\u1ec7n t\u1eed S\u1eed d\u1ee5ng \u1edf m\u00f4i tr\u01b0\u1eddng\u2026","rel":"","context":"Similar post","block_context":{"text":"Similar post","link":""},"img":{"alt_text":"Tmax XT Molded Case Circuit Breakers (MCCB)","src":"https:\/\/i0.wp.com\/electrification.us.abb.com\/sites\/default\/files\/sace-tmax-xt-series-of-molded-case-circuit-breakers.jpg?resize=350%2C200&ssl=1","width":350,"height":200,"srcset":"https:\/\/i0.wp.com\/electrification.us.abb.com\/sites\/default\/files\/sace-tmax-xt-series-of-molded-case-circuit-breakers.jpg?resize=350%2C200&ssl=1 1x, https:\/\/i0.wp.com\/electrification.us.abb.com\/sites\/default\/files\/sace-tmax-xt-series-of-molded-case-circuit-breakers.jpg?resize=700%2C400&ssl=1 2x"},"classes":[]}],"_links":{"self":[{"href":"https:\/\/tp-electric.vn\/index.php\/wp-json\/wp\/v2\/product\/3728"}],"collection":[{"href":"https:\/\/tp-electric.vn\/index.php\/wp-json\/wp\/v2\/product"}],"about":[{"href":"https:\/\/tp-electric.vn\/index.php\/wp-json\/wp\/v2\/types\/product"}],"replies":[{"embeddable":true,"href":"https:\/\/tp-electric.vn\/index.php\/wp-json\/wp\/v2\/comments?post=3728"}],"wp:featuredmedia":[{"embeddable":true,"href":"https:\/\/tp-electric.vn\/index.php\/wp-json\/wp\/v2\/media\/3729"}],"wp:attachment":[{"href":"https:\/\/tp-electric.vn\/index.php\/wp-json\/wp\/v2\/media?parent=3728"}],"wp:term":[{"taxonomy":"product_cat","embeddable":true,"href":"https:\/\/tp-electric.vn\/index.php\/wp-json\/wp\/v2\/product_cat?post=3728"},{"taxonomy":"product_tag","embeddable":true,"href":"https:\/\/tp-electric.vn\/index.php\/wp-json\/wp\/v2\/product_tag?post=3728"}],"curies":[{"name":"wp","href":"https:\/\/api.w.org\/{rel}","templated":true}]}}