{"id":3714,"date":"2023-08-16T11:13:00","date_gmt":"2023-08-16T04:13:00","guid":{"rendered":"https:\/\/tp-electric.vn\/?post_type=product&#038;p=3714"},"modified":"2024-12-12T15:11:40","modified_gmt":"2024-12-12T08:11:40","slug":"gia-treo-may-hut-bui-phu-kien-dau-hut-cua-may-hut-bui-lau-nha-ultty-v08","status":"publish","type":"product","link":"https:\/\/tp-electric.vn\/index.php\/san-pham\/gia-treo-may-hut-bui-phu-kien-dau-hut-cua-may-hut-bui-lau-nha-ultty-v08\/","title":{"rendered":"Gi\u00e1 treo m\u00e1y h\u00fat b\u1ee5i, ph\u1ee5 ki\u1ec7n \u0111\u1ea7u h\u00fat c\u1ee7a m\u00e1y h\u00fat b\u1ee5i lau nh\u00e0 ULTTY V08"},"content":{"rendered":"<p style=\"font-weight: 400;\"><b><strong>Gi\u00e1 \u0111\u1ec3 \u0111\u1ed3 g\u1ed7 sang tr\u1ecdng \u0111\u01b0\u1ee3c thi\u1ebft k\u1ebf \u0111\u1eb7c bi\u1ec7t d\u00e0nh cho m\u00e1y h\u00fat b\u1ee5i v\u00e0 ph\u1ee5 ki\u1ec7n c\u1ee7a m\u00e1y h\u00fat b\u1ee5i lau nh\u00e0 c\u1ea7m tay ULTTY V08<\/strong><\/b><\/p>\n<ul style=\"font-weight: 400;\">\n<li aria-level=\"1\">Thi\u1ebft k\u1ebf ch\u00e2n kh\u00f4ng c\u1ea7m tay s\u00e1ng t\u1ea1o gi\u00fap di chuy\u1ec3n \u0111\u1ebfn v\u1ecb tr\u00ed mong mu\u1ed1n. Kh\u00f4ng c\u00f2n d\u00e2y k\u00e9o, khoan l\u1ed9n x\u1ed9n ho\u1eb7c ch\u1ec9 \u0111\u01b0\u1ee3c bu\u1ed9c v\u00e0o m\u1ed9t v\u1ecb tr\u00ed.<\/li>\n<li aria-level=\"1\">Gi\u00e1 \u0111\u1ee1 s\u00e0n t\u1ef1 do ch\u1ea5t l\u01b0\u1ee3ng g\u1ed7 cao c\u1ea5p \u0111\u1ec3 gi\u1eef t\u1ea5t c\u1ea3 c\u00e1c d\u1ee5ng c\u1ee5 g\u1ecdn g\u00e0ng v\u00e0 gi\u1eef ch\u00e2n kh\u00f4ng t\u1ea1i ch\u1ed7 v\u00e0 s\u1ea1c c\u00f9ng m\u1ed9t l\u00fac.<\/li>\n<li aria-level=\"1\">\u00a0\u0110\u01b0\u1ee3c l\u00e0m t\u1eeb ch\u1ea5t li\u1ec7u g\u1ed7 cao c\u1ea5p b\u1ec1n v\u00e0 ch\u1ea5t l\u01b0\u1ee3ng cao, c\u1ea3i thi\u1ec7n s\u1ef1 \u1ed5n \u0111\u1ecbnh v\u00e0 ti\u1ebft ki\u1ec7m kh\u00f4ng gian.<\/li>\n<li aria-level=\"1\">D\u1ec5 d\u00e0ng l\u1eafp \u0111\u1eb7t \u0111i k\u00e8m v\u1edbi c\u00e1c ph\u1ee5 ki\u1ec7n v\u00edt l\u1eafp.<\/li>\n<\/ul>\n<p style=\"font-weight: 400;\"><b><strong>Gi\u00e1 \u0111\u1ef1ng g\u1ecdn g\u00e0ng v\u1edbi c\u00e1c v\u1ecb tr\u00ed \u0111\u1ec3 s\u1eafp x\u1ebfp c\u00e1c \u0111\u1ea7u h\u00fat c\u1ee7a m\u00e1y V08 ki\u1ec3u d\u00e1ng \u0111\u1eb9p v\u00e0 hi\u1ec7n \u0111\u1ea1i v\u00e0 ti\u1ebft ki\u1ec7m cho b\u1ee9c t\u01b0\u1eddng c\u1ee7a b\u1ea1n<\/strong><\/b><\/p>\n<p style=\"font-weight: 400;\"><b><strong>Sang tr\u1ecdng v\u00e0 tinh t\u1ebf<\/strong><\/b><\/p>\n<p><strong>B\u1ed9 s\u1ea3n ph\u1ea9m \u0111\u00f3ng g\u00f3i bao g\u1ed3m:<\/strong><\/p>\n<ul>\n<li style=\"font-weight: 400;\">Thanh d\u00e0i 2 c\u00e1i<\/li>\n<li style=\"font-weight: 400;\">Khoang \u0111\u1ebf 2 c\u00e1i<\/li>\n<li style=\"font-weight: 400;\">T\u1ea5m g\u1ed7 treo ph\u1ee5 ki\u1ec7n 5 t\u1ea5m<\/li>\n<li style=\"font-weight: 400;\">V\u00edt l\u1ee5c l\u0103ng lo\u1ea1i ng\u1eafn 2 c\u00e1i<\/li>\n<li style=\"font-weight: 400;\">V\u00edt l\u1ee5c l\u0103ng lo\u1ea1i v\u1eeba 2 c\u00e1i<\/li>\n<li style=\"font-weight: 400;\">V\u00edt l\u1ee5c l\u0103ng lo\u1ea1i d\u00e0i 9 c\u00e1i<\/li>\n<li style=\"font-weight: 400;\">V\u00edt treo \u0111\u1ebf nh\u1ef1a 2 c\u00e1i<\/li>\n<li style=\"font-weight: 400;\">L\u1ee5c l\u0103ng size 4 1 c\u00e1i<\/li>\n<\/ul>\n<div class=\"html-div xdj266r x11i5rnm xat24cr x1mh8g0r xexx8yu x4uap5 x18d9i69 xkhd6sd\">\n<div class=\"html-div xdj266r x11i5rnm xat24cr x1mh8g0r xexx8yu x4uap5 x18d9i69 xkhd6sd\" dir=\"auto\">\n<div id=\":r5o:\" class=\"x1iorvi4 x1pi30zi x1l90r2v x1swvt13\" data-ad-comet-preview=\"message\" data-ad-preview=\"message\">\n<div class=\"x78zum5 xdt5ytf xz62fqu x16ldp7u\">\n<div class=\"xu06os2 x1ok221b\">\n<div class=\"x11i5rnm xat24cr x1mh8g0r x1vvkbs xtlvy1s x126k92a\">\n<div dir=\"auto\">&#8212;&#8212;&#8212;&#8212;&#8212;&#8212;&#8212;&#8212;&#8212;&#8212;&#8212;&#8212;&#8212;&#8212;&#8212;&#8212;&#8212;&#8212;&#8211;<\/div>\n<div dir=\"auto\">CH\u1eccN THU\u1eacN PHONG &#8211; CH\u1eccN S\u1ef0 AN T\u00c2M<\/div>\n<div dir=\"auto\"><span class=\"html-span xexx8yu x4uap5 x18d9i69 xkhd6sd x1hl2dhg x16tdsg8 x1vvkbs x3nfvp2 x1j61x8r x1fcty0u xdj266r xat24cr xgzva0m xhhsvwb xxymvpz xlup9mm x1kky2od\"><img decoding=\"async\" loading=\"lazy\" class=\"xz74otr\" src=\"https:\/\/static.xx.fbcdn.net\/images\/emoji.php\/v9\/t4c\/1\/16\/25aa.png\" alt=\"\u25aa\" width=\"16\" height=\"16\" \/><\/span> Hotline: 0869.564.567<\/div>\n<div dir=\"auto\"><span class=\"html-span xexx8yu x4uap5 x18d9i69 xkhd6sd x1hl2dhg x16tdsg8 x1vvkbs x3nfvp2 x1j61x8r x1fcty0u xdj266r xat24cr xgzva0m xhhsvwb xxymvpz xlup9mm x1kky2od\"><img decoding=\"async\" loading=\"lazy\" class=\"xz74otr\" src=\"https:\/\/static.xx.fbcdn.net\/images\/emoji.php\/v9\/t4c\/1\/16\/25aa.png\" alt=\"\u25aa\" width=\"16\" height=\"16\" \/><\/span> K\u1ef9 thu\u1eadt: Mr D\u0169ng 0899768777<\/div>\n<div dir=\"auto\"><span class=\"html-span xexx8yu x4uap5 x18d9i69 xkhd6sd x1hl2dhg x16tdsg8 x1vvkbs x3nfvp2 x1j61x8r x1fcty0u xdj266r xat24cr xgzva0m xhhsvwb xxymvpz xlup9mm x1kky2od\"><img decoding=\"async\" loading=\"lazy\" class=\"xz74otr\" src=\"https:\/\/static.xx.fbcdn.net\/images\/emoji.php\/v9\/t4c\/1\/16\/25aa.png\" alt=\"\u25aa\" width=\"16\" height=\"16\" \/><\/span> Tr\u1ee5 s\u1edf ch\u00ednh: 30 Nguy\u1ec5n H\u1eefu D\u1eadt, ph\u01b0\u1eddng Nam L\u00fd, th\u00e0nh ph\u1ed1 \u0110\u1ed3ng H\u1edbi, t\u1ec9nh Qu\u1ea3ng B\u00ecnh, Vi\u1ec7t Nam<\/div>\n<div dir=\"auto\"><span class=\"html-span xexx8yu x4uap5 x18d9i69 xkhd6sd x1hl2dhg x16tdsg8 x1vvkbs x3nfvp2 x1j61x8r x1fcty0u xdj266r xat24cr xgzva0m xhhsvwb xxymvpz xlup9mm x1kky2od\"><img decoding=\"async\" loading=\"lazy\" class=\"xz74otr\" src=\"https:\/\/static.xx.fbcdn.net\/images\/emoji.php\/v9\/t4c\/1\/16\/25aa.png\" alt=\"\u25aa\" width=\"16\" height=\"16\" \/><\/span> Tr\u1ee5 s\u1edf H\u00e0 N\u1ed9i: Nh\u00e0 ph\u1ed1 th\u01b0\u01a1ng m\u1ea1i Khai S\u01a1n Town s\u1ed1 18 thu\u1ed9c Town 7, khu \u0111\u00f4 th\u1ecb Khai S\u01a1n City, Ph\u01b0\u1eddng Th\u01b0\u1ee3ng Thanh, Qu\u1eadn Long Bi\u00ean, TP H\u00e0 N\u1ed9i<\/div>\n<\/div>\n<\/div>\n<\/div>\n<\/div>\n<\/div>\n<\/div>\n","protected":false},"excerpt":{"rendered":"<ul>\n<li style=\"font-weight: 400;\">Ch\u1ea5t li\u1ec7u: G\u1ed7<\/li>\n<li style=\"font-weight: 400;\">C\u00e2n n\u1eb7ng: 4,5 kg<\/li>\n<li style=\"font-weight: 400;\">\u00a0K\u00edch th\u01b0\u1edbc: 120x35x37cm<\/li>\n<\/ul>\n","protected":false},"featured_media":3721,"comment_status":"open","ping_status":"closed","template":"","meta":[],"product_cat":[272],"product_tag":[278,301,303,304,277,273],"jetpack-related-posts":[{"id":3591,"url":"https:\/\/tp-electric.vn\/index.php\/san-pham\/may-hut-bui-va-lau-nha-ultty-v08\/","url_meta":{"origin":3714,"position":0},"title":"M\u00e1y h\u00fat b\u1ee5i v\u00e0 lau nh\u00e0 Ultty V08","author":"","date":"22\/06\/2023","format":false,"excerpt":"K\u00edch th\u01b0\u1edbc 1.200mm x 230mm x 240mm Tr\u1ecdng l\u01b0\u1ee3ng s\u1ea3n ph\u1ea9m 1,1kg Tr\u1ecdng l\u01b0\u1ee3ng bao b\u00ec 700mm x 370mm x 190mm Xu\u1ea5t x\u1ee9 th\u01b0\u01a1ng hi\u1ec7u Ph\u00e1p S\u1ea3n xu\u1ea5t t\u1ea1i Trung Qu\u1ed1c B\u1ea3o h\u00e0nh 24 th\u00e1ng","rel":"","context":"Similar post","block_context":{"text":"Similar post","link":""},"img":{"alt_text":"","src":"https:\/\/i0.wp.com\/tp-electric.vn\/wp-content\/uploads\/2023\/06\/may-hut-bui-va-lau-nha-ultty-v08.jpg?fit=800%2C600&ssl=1&resize=350%2C200","width":350,"height":200,"srcset":"https:\/\/i0.wp.com\/tp-electric.vn\/wp-content\/uploads\/2023\/06\/may-hut-bui-va-lau-nha-ultty-v08.jpg?fit=800%2C600&ssl=1&resize=350%2C200 1x, https:\/\/i0.wp.com\/tp-electric.vn\/wp-content\/uploads\/2023\/06\/may-hut-bui-va-lau-nha-ultty-v08.jpg?fit=800%2C600&ssl=1&resize=700%2C400 2x"},"classes":[]},{"id":3602,"url":"https:\/\/tp-electric.vn\/index.php\/san-pham\/robot-hut-bui-lau-nha-ultty-skj-rb01x\/","url_meta":{"origin":3714,"position":1},"title":"Robot h\u00fat b\u1ee5i lau nh\u00e0 Ultty SKJ RB01X","author":"","date":"22\/06\/2023","format":false,"excerpt":"Tr\u1ecdng l\u01b0\u1ee3ng s\u1ea3n ph\u1ea9m 3kg Tr\u1ecdng l\u01b0\u1ee3ng bao b\u00ec 6kg Xu\u1ea5t x\u1ee9 th\u01b0\u01a1ng hi\u1ec7u Ph\u00e1p S\u1ea3n xu\u1ea5t t\u1ea1i Trung Qu\u1ed1c B\u1ea3o h\u00e0nh 24 th\u00e1ng T\u01b0\u1eddng \u1ea3o Kh\u00f4ng","rel":"","context":"Similar post","block_context":{"text":"Similar post","link":""},"img":{"alt_text":"","src":"https:\/\/i0.wp.com\/tp-electric.vn\/wp-content\/uploads\/2023\/06\/robot-hut-bui-lau-nha-ultty-skj-rb01x-a.jpg?fit=600%2C600&ssl=1&resize=350%2C200","width":350,"height":200},"classes":[]},{"id":3701,"url":"https:\/\/tp-electric.vn\/index.php\/san-pham\/quat-loc-khong-khi-va-khu-khuan-u-ultty-bb\/","url_meta":{"origin":3714,"position":2},"title":"Qu\u1ea1t l\u1ecdc kh\u00f4ng kh\u00ed v\u00e0 kh\u1eed khu\u1ea9n U ULTTY BB","author":"","date":"16\/08\/2023","format":false,"excerpt":"L\u1ecdc t\u1edbi 99,95% t\u1ea5t c\u1ea3 c\u00e1c ch\u1ea5t \u00f4 nhi\u1ec5m trong kh\u00f4ng kh\u00ed L\u00e0m s\u1ea1ch kh\u00f4ng kh\u00ed qua m\u00e0ng l\u1ecdc HEPA + kh\u1eed tr\u00f9ng c\u00f4ng ngh\u1ec7 Plasmacluster Ion Thanh l\u1ecdc to\u00e0n b\u1ed9 ng\u00f4i nh\u00e0 ch\u1ec9 trong 45 ph\u00fat \u0110\u1ed9ng c\u01a1 \u00eam \u00e1i v\u00e0 m\u1ea1nh m\u1ebd, v\u1edbi 9 c\u1ea5p \u0111\u1ed9 l\u00e0m m\u00e1t\u2026","rel":"","context":"Similar post","block_context":{"text":"Similar post","link":""},"img":{"alt_text":"","src":"https:\/\/i0.wp.com\/tp-electric.vn\/wp-content\/uploads\/2023\/08\/MAY-LOC-04-scaled.jpg?fit=1200%2C1200&ssl=1&resize=350%2C200","width":350,"height":200,"srcset":"https:\/\/i0.wp.com\/tp-electric.vn\/wp-content\/uploads\/2023\/08\/MAY-LOC-04-scaled.jpg?fit=1200%2C1200&ssl=1&resize=350%2C200 1x, https:\/\/i0.wp.com\/tp-electric.vn\/wp-content\/uploads\/2023\/08\/MAY-LOC-04-scaled.jpg?fit=1200%2C1200&ssl=1&resize=700%2C400 2x, https:\/\/i0.wp.com\/tp-electric.vn\/wp-content\/uploads\/2023\/08\/MAY-LOC-04-scaled.jpg?fit=1200%2C1200&ssl=1&resize=1050%2C600 3x"},"classes":[]},{"id":3580,"url":"https:\/\/tp-electric.vn\/index.php\/san-pham\/may-hut-am-va-loc-khong-khi-ultty-luk012\/","url_meta":{"origin":3714,"position":3},"title":"M\u00e1y h\u00fat \u1ea9m v\u00e0 l\u1ecdc kh\u00f4ng kh\u00ed Ultty LUK016","author":"","date":"22\/06\/2023","format":false,"excerpt":"K\u00edch th\u01b0\u1edbc 28cm x 20cm x 50cm Tr\u1ecdng l\u01b0\u1ee3ng s\u1ea3n ph\u1ea9m 12kg Tr\u1ecdng l\u01b0\u1ee3ng bao b\u00ec 13,5kg Xu\u1ea5t x\u1ee9 th\u01b0\u01a1ng hi\u1ec7u Ph\u00e1p S\u1ea3n xu\u1ea5t t\u1ea1i Trung Qu\u1ed1c B\u1ea3o h\u00e0nh 24 th\u00e1ng","rel":"","context":"Similar post","block_context":{"text":"Similar post","link":""},"img":{"alt_text":"","src":"https:\/\/i0.wp.com\/tp-electric.vn\/wp-content\/uploads\/2023\/06\/may-hut-am-va-loc-khong-khi-ultty-luk012-8.jpg?fit=666%2C500&ssl=1&resize=350%2C200","width":350,"height":200},"classes":[]},{"id":3500,"url":"https:\/\/tp-electric.vn\/index.php\/san-pham\/cong-tac-xoay-2-vi-tri\/","url_meta":{"origin":3714,"position":4},"title":"C\u00d4NG T\u1eaeC XOAY 2 V\u1eca TR\u00cd","author":"","date":"14\/04\/2023","format":false,"excerpt":"C\u00f4ng t\u1eafc xoay 2 v\u1ecb tr\u00ed l\u00e0 m\u1ed9t thi\u1ebft b\u1ecb \u0111i\u1ec7n \u0111\u01b0\u1ee3c l\u1eafp \u0111\u1eb7t \u0111\u1ec3 s\u1eed d\u1ee5ng cho vi\u1ec7c b\u1eadt\/t\u1eaft \u1edf 2 v\u1ecb tr\u00ed kh\u00e1c nhau, \u0111\u01b0\u1ee3c \u1ee9ng d\u1ee5ng nhi\u1ec1u trong \u0111i\u1ec7n c\u00f4ng nghi\u1ec7p. \u00a0\u01afU \u0110I\u1ec2M: Lo\u1ea1i kh\u00f4ng \u0111\u00e8n, c\u00f3 \u0111\u00e8n, c\u00f3 ch\u00eca kho\u00e1 Th\u01b0\u01a1ng hi\u1ec7u Schneider, Idec, Hangyoung... Tu\u1ed5i\u2026","rel":"","context":"Similar post","block_context":{"text":"Similar post","link":""},"img":{"alt_text":"","src":"https:\/\/i0.wp.com\/tp-electric.vn\/wp-content\/uploads\/2023\/04\/2-vt.png?fit=300%2C300&ssl=1&resize=350%2C200","width":350,"height":200},"classes":[]},{"id":3496,"url":"https:\/\/tp-electric.vn\/index.php\/san-pham\/cong-tac-xoay-4-vi-tri\/","url_meta":{"origin":3714,"position":5},"title":"C\u00d4NG T\u1eaeC XOAY 4 V\u1eca TR\u00cd","author":"","date":"14\/04\/2023","format":false,"excerpt":"C\u00f4ng t\u1eafc xoay 4 v\u1ecb tr\u00ed \u0111\u01b0\u1ee3c thi\u1ebft k\u1ebf v\u1edbi 3 n\u00fat m\u1edf v\u00e0 1 n\u00fat t\u1eaft thi\u1ebft b\u1ecb \u0111i\u1ec7n \u0111\u01b0\u1ee3c \u1ee9ng d\u1ee5ng ph\u1ed5 bi\u1ebfn trong h\u1ec7 th\u1ed1ng \u0111i\u1ec7n c\u00f4ng nghi\u1ec7p. \u00a0\u01afU \u0110I\u1ec2M: \u0110\u1ed9 b\u1ec1n c\u01a1 h\u1ecdc cao C\u1ea5p \u0111\u1ed9 b\u1ea3o v\u1ec7 IP22, IP65 K\u1ebft c\u1ea5u \u0111\u01a1n gi\u1ea3n, d\u1ec5 l\u1eafp\u2026","rel":"","context":"Similar post","block_context":{"text":"Similar post","link":""},"img":{"alt_text":"","src":"https:\/\/i0.wp.com\/tp-electric.vn\/wp-content\/uploads\/2023\/04\/4vt.png?fit=300%2C300&ssl=1&resize=350%2C200","width":350,"height":200},"classes":[]}],"_links":{"self":[{"href":"https:\/\/tp-electric.vn\/index.php\/wp-json\/wp\/v2\/product\/3714"}],"collection":[{"href":"https:\/\/tp-electric.vn\/index.php\/wp-json\/wp\/v2\/product"}],"about":[{"href":"https:\/\/tp-electric.vn\/index.php\/wp-json\/wp\/v2\/types\/product"}],"replies":[{"embeddable":true,"href":"https:\/\/tp-electric.vn\/index.php\/wp-json\/wp\/v2\/comments?post=3714"}],"wp:featuredmedia":[{"embeddable":true,"href":"https:\/\/tp-electric.vn\/index.php\/wp-json\/wp\/v2\/media\/3721"}],"wp:attachment":[{"href":"https:\/\/tp-electric.vn\/index.php\/wp-json\/wp\/v2\/media?parent=3714"}],"wp:term":[{"taxonomy":"product_cat","embeddable":true,"href":"https:\/\/tp-electric.vn\/index.php\/wp-json\/wp\/v2\/product_cat?post=3714"},{"taxonomy":"product_tag","embeddable":true,"href":"https:\/\/tp-electric.vn\/index.php\/wp-json\/wp\/v2\/product_tag?post=3714"}],"curies":[{"name":"wp","href":"https:\/\/api.w.org\/{rel}","templated":true}]}}