{"id":3676,"date":"2023-07-31T09:57:49","date_gmt":"2023-07-31T02:57:49","guid":{"rendered":"https:\/\/tp-electric.vn\/?post_type=product&#038;p=3676"},"modified":"2024-12-12T15:11:39","modified_gmt":"2024-12-12T08:11:39","slug":"bien-tan-nidec-control-techniques-ne200-4t0015g-0022pb-3-pha-380v-1-5kw-2-2kw","status":"publish","type":"product","link":"https:\/\/tp-electric.vn\/index.php\/san-pham\/bien-tan-nidec-control-techniques-ne200-4t0015g-0022pb-3-pha-380v-1-5kw-2-2kw\/","title":{"rendered":"NE200-4T0015G\/0022PB 3 PHA 380V 1.5KW \/ 2.2KW"},"content":{"rendered":"<p><strong>Th\u00f4ng tin s\u1ea3n ph\u1ea9m :<\/strong><\/p>\n<p>&#8211; C\u00f4ng su\u1ea5t: 1.5kW \/ 2.2kW<\/p>\n<p>&#8211; Ngu\u1ed3n c\u1ea5p: 3 pha 380V<\/p>\n<p>&#8211; C\u1ea5p \u0111\u1ed9 b\u1ea3o v\u1ec7: IP20<\/p>\n<p>&#8211; D\u1ea3i t\u1ea7n s\u1ed1 \u0111i\u1ec1u ch\u1ec9nh: 0,00 ~ 60,00Hz<\/p>\n<p><strong>\u0110\u1eb7c \u0111i\u1ec3m chung v\u1ec1 d\u00f2ng Bi\u1ebfn t\u1ea7n NE200:<\/strong><\/p>\n<p>\u2022 Hi\u1ec7u su\u1ea5t moment v\u01b0\u1ee3t tr\u1ed9i \u1edf t\u1ea7n s\u1ed1 th\u1ea5p<\/p>\n<p>\u2022 Kh\u1ea3 n\u0103ng ki\u1ec3m so\u00e1t t\u1ed1c \u0111\u1ed9 v\u00e0 v\u1ecb tr\u00ed ch\u00ednh x\u00e1c cao, s\u1eed d\u1ee5ng bi\u1ebfn t\u1ea7n trong c\u00e1c \u1ee9ng d\u1ee5ng \u0111\u00f2i h\u1ecfi \u0111\u1ed9 ch\u00ednh x\u00e1c cao<\/p>\n<p>\u2022 Kh\u1ea3 n\u0103ng ch\u1ea1y nhi\u1ec1u c\u1ea5p t\u1ed1c \u0111\u1ed9<\/p>\n<p>\u2022 Ch\u1ee9c n\u0103ng ti\u1ebft ki\u1ec7m n\u0103ng l\u01b0\u1ee3ng<\/p>\n<p>\u2022 Giao th\u1ee9c truy\u1ec1n th\u00f4ng MODBUS-RTU, c\u1ed5ng giao ti\u1ebfp RS485<\/p>\n<p>\u2022 S\u1eed d\u1ee5ng module m\u1edf r\u1ed9ng cho ph\u00e9p linh ho\u1ea1t trong c\u00e1c \u1ee9ng d\u1ee5ng<\/p>\n<p>\u2022 D\u1ea3i \u0111i\u1ec7n \u00e1p l\u00e0m vi\u1ec7c r\u1ed9ng: 304VAC ~ 456VAC<\/p>\n<p>\u2022 Board m\u1ea1ch ph\u1ee7, t\u1ed1i \u01b0u h\u00f3a EMC gi\u00fap thi\u1ebft b\u1ecb ch\u1ed1ng nhi\u1ec5u t\u1ed1t h\u01a1n<\/p>\n<p>\u2022 Thi\u1ebft k\u1ebf nh\u1ecf g\u1ecdn, \u0111\u1ed9 b\u1ec1n cao v\u00e0 ti\u1ebfng \u1ed3n th\u1ea5p<\/p>\n<p><strong>Ch\u1ee9c n\u0103ng c\u1ee7a bi\u1ebfn t\u1ea7n NE200:<\/strong><\/p>\n<p><strong>Ch\u1ee9c n\u0103ng ch\u00ednh<\/strong>: Chuy\u1ec3n \u0111\u1ed5i ch\u1ebf \u0111\u1ed9 \u0111i\u1ec1u khi\u1ec3n m\u00f4-men\/ t\u1ed1c \u0111\u1ed9, ng\u00f5 v\u00e0o\/ ra \u0111a ch\u1ee9c n\u0103ng, \u0111i\u1ec1u ch\u1ec9nh th\u1ea5p \u00e1p, ch\u1ee9c n\u0103ng \u0111i\u1ec1u khi\u1ec3n d\u00f2ng \u0111i\u1ec7n, ch\u1ee9c n\u0103ng \u0111i\u1ec1u khi\u1ec3n nhi\u1ec1u b\u01b0\u1edbc ho\u1ea1t \u0111\u1ed9ng b\u00f9 tr\u01b0\u1ee3t, \u0111i\u1ec1u ch\u1ec9nh PID, PLC \u0111\u01a1n gi\u1ea3n, t\u0103ng m\u00f4-men xo\u1eafn b\u1eb1ng tay\/ t\u1ef1 \u0111\u1ed9ng, ch\u1ee9c n\u0103ng gi\u1edbi h\u1ea1n d\u00f2ng \u0111i\u1ec7n\/ moment, ch\u1ee9c n\u0103ng AVR (\u0111i\u1ec1u ch\u1ec9nh \u0111i\u1ec7n \u00e1p t\u1ef1 \u0111\u1ed9ng)<\/p>\n<p><strong>Thi\u1ebft l\u1eadp t\u1ea7n s\u1ed1<\/strong>: B\u00e0n ph\u00edm, terminal Up\/Down, Giao ti\u1ebfp truy\u1ec1n th\u00f4ng RS485, Analog input AI1 \/ AI2<\/p>\n<p><strong>T\u1ea7n s\u1ed1 \u0111\u1ea7u ra<\/strong>: 0,00 ~ 550,0Hz<\/p>\n<p><strong>T\u1ea7n su\u1ea5t kh\u1edfi \u0111\u1ed9ng<\/strong>: 0,00 ~ 60,00Hz<\/p>\n<p><strong>Th\u1eddi gian Acc \/ Dec<\/strong>: 0,01 ~ 3600,0 gi\u00e2y<\/p>\n<p><strong>Dynamic braking<\/strong>:<\/p>\n<p>\u2022 400V drive: braking unit action voltage: 650 ~ 750V<\/p>\n<p>\u2022 200V drive: braking unit action voltage: 360 ~ 390V<\/p>\n<p><strong>DC injection braking:<\/strong><\/p>\n<p>\u2022 T\u1ea7n s\u1ed1 k\u00edch ho\u1ea1t phanh DC: 0,00 ~ 550,0Hz<\/p>\n<p>\u2022 D\u00f2ng h\u00e3m DC: Lo\u1ea1i G 0,0 ~ 100,0%;<\/p>\n<p>\u2022 Lo\u1ea1i P 0.0 ~ 80.0% th\u1eddi gian h\u00e3m DC: 0.0 ~ 30.0s<\/p>\n<p>\u2022 K\u00edch ho\u1ea1t phanh DC nhanh ch\u00f3ng m\u00e0 kh\u00f4ng c\u00f3 th\u1eddi gian tr\u1ec5<\/p>\n<p><strong>C\u00e1c ch\u1ee9c n\u0103ng \u0111\u1eb7c bi\u1ec7t:<\/strong><\/p>\n<p><strong>Parameter cloning<\/strong>\u00a0T\u1ea3i l\u00ean\/ xu\u1ed1ng th\u00f4ng s\u1ed1, c\u00f3 th\u1ec3 c\u1ea5m ghi \u0111\u00e8 c\u00e1c th\u00f4ng s\u1ed1 \u0111\u00e3 t\u1ea3i l\u00ean<\/p>\n<p><strong>Ch\u1ee9c n\u0103ng b\u1ea3o v\u1ec7 c\u1ee7a bi\u1ebfn t\u1ea7n NE200<\/strong>: B\u1ea3o v\u1ec7 qu\u00e1 \u00e1p ngu\u1ed3n v\u00e0o, b\u1ea3o v\u1ec7 qu\u00e1 d\u00f2ng, b\u1ea3o v\u1ec7 IGBT, b\u1ea3o v\u1ec7 qu\u00e1 nhi\u1ec7t, b\u1ea3o v\u1ec7 qu\u00e1 t\u1ea3i, b\u1ea3o v\u1ec7 l\u1ed7i thi\u1ebft b\u1ecb b\u00ean ngo\u00e0i, b\u1ea3o v\u1ec7 ng\u1eafn m\u1ea1ch, b\u1ea3o v\u1ec7 m\u1ea5t pha, s\u1ee5t \u00e1p, l\u1ed7i ngu\u1ed3n, l\u1ed7i EEPROM, Analog input trip, l\u1ed7i giao ti\u1ebfp, version compatibility trip, cloning trip<\/p>\n","protected":false},"excerpt":{"rendered":"<ul class=\"product_info\">\n<li><b>M\u00e3 s\u1ea3n ph\u1ea9m:<\/b>\u00a0NE200-4T0015G\/0022PB<\/li>\n<li>Th\u01b0\u01a1ng hi\u1ec7u: Nidec &#8211; Control Techniques ( Nh\u1eadt B\u1ea3n )<\/li>\n<\/ul>\n","protected":false},"featured_media":3667,"comment_status":"open","ping_status":"closed","template":"","meta":[],"product_cat":[289],"product_tag":[291,292,294,290],"jetpack-related-posts":[{"id":3675,"url":"https:\/\/tp-electric.vn\/index.php\/san-pham\/bien-tan-nidec-control-techniques-ne200-4t0007g-0015pb-3-pha-380v-0-75kw-1-5kw\/","url_meta":{"origin":3676,"position":0},"title":"NE200-4T0007G\/0015PB 3 PHA 380V 0.75KW \/ 1.5KW","author":"","date":"31\/07\/2023","format":false,"excerpt":"M\u00e3 s\u1ea3n ph\u1ea9m:\u00a0NE200-4T0007G\/0015PB Th\u01b0\u01a1ng hi\u1ec7u: Nidec - Control Techniques ( Nh\u1eadt B\u1ea3n )","rel":"","context":"Similar post","block_context":{"text":"Similar post","link":""},"img":{"alt_text":"","src":"https:\/\/i0.wp.com\/tp-electric.vn\/wp-content\/uploads\/2023\/07\/Bien-tan-Nidec-Control-Techniques-NE200-4T0015G-0022PB-7958.jpg?fit=634%2C616&ssl=1&resize=350%2C200","width":350,"height":200},"classes":[]},{"id":3677,"url":"https:\/\/tp-electric.vn\/index.php\/san-pham\/bien-tan-nidec-control-techniques-ne200-4t0022g-0040pb-3-pha-380v-2-2kw-4kw\/","url_meta":{"origin":3676,"position":1},"title":"NE200-4T0022G\/0040PB 3 PHA 380V 2.2KW \/ 4KW","author":"","date":"31\/07\/2023","format":false,"excerpt":"M\u00e3 s\u1ea3n ph\u1ea9m:\u00a0NE200-4T0022G\/0040PB Th\u01b0\u01a1ng hi\u1ec7u: Nidec - Control Techniques ( Nh\u1eadt B\u1ea3n )","rel":"","context":"Similar post","block_context":{"text":"Similar post","link":""},"img":{"alt_text":"","src":"https:\/\/i0.wp.com\/tp-electric.vn\/wp-content\/uploads\/2023\/07\/Bien-tan-Nidec-Control-Techniques-NE200-4T0015G-0022PB-7958.jpg?fit=634%2C616&ssl=1&resize=350%2C200","width":350,"height":200},"classes":[]},{"id":3678,"url":"https:\/\/tp-electric.vn\/index.php\/san-pham\/bien-tan-nidec-control-techniques-ne200-4t0040g-0055pb-3-pha-380v-4kw-5-5kw\/","url_meta":{"origin":3676,"position":2},"title":"NE200-4T0040G\/0055PB 3 PHA 380V 4KW \/ 5.5KW","author":"","date":"31\/07\/2023","format":false,"excerpt":"M\u00e3 s\u1ea3n ph\u1ea9m:\u00a0NE200-4T0040G\/0055PB Th\u01b0\u01a1ng hi\u1ec7u: Nidec - Control Techniques ( Nh\u1eadt B\u1ea3n )","rel":"","context":"Similar post","block_context":{"text":"Similar post","link":""},"img":{"alt_text":"","src":"https:\/\/i0.wp.com\/tp-electric.vn\/wp-content\/uploads\/2023\/07\/Bien-tan-Nidec-Control-Techniques-NE200-4T0015G-0022PB-7958.jpg?fit=634%2C616&ssl=1&resize=350%2C200","width":350,"height":200},"classes":[]},{"id":3674,"url":"https:\/\/tp-electric.vn\/index.php\/san-pham\/bien-tan-nidec-control-techniques-ne200-2s0022gb-1-pha-220v-2-2kw\/","url_meta":{"origin":3676,"position":3},"title":"NE200-2S0022GB 1 PHA 220V 2.2KW","author":"","date":"31\/07\/2023","format":false,"excerpt":"M\u00e3 s\u1ea3n ph\u1ea9m:\u00a0NE200-2S0022GB Th\u01b0\u01a1ng hi\u1ec7u: Nidec - Control Techniques ( Nh\u1eadt B\u1ea3n )","rel":"","context":"Similar post","block_context":{"text":"Similar post","link":""},"img":{"alt_text":"","src":"https:\/\/i0.wp.com\/tp-electric.vn\/wp-content\/uploads\/2023\/07\/Bien-tan-Nidec-Control-Techniques-NE200-4T0015G-0022PB-7958.jpg?fit=634%2C616&ssl=1&resize=350%2C200","width":350,"height":200},"classes":[]},{"id":3673,"url":"https:\/\/tp-electric.vn\/index.php\/san-pham\/bien-tan-nidec-control-techniques-ne200-2s0015gb-1-pha-220v-1-5kw\/","url_meta":{"origin":3676,"position":4},"title":"NE200-2S0015GB 1 PHA 220V 1.5KW","author":"","date":"31\/07\/2023","format":false,"excerpt":"M\u00e3 s\u1ea3n ph\u1ea9m:\u00a0NE200-2S0015GB Th\u01b0\u01a1ng hi\u1ec7u: Nidec - Control Techniques ( Nh\u1eadt B\u1ea3n )","rel":"","context":"Similar post","block_context":{"text":"Similar post","link":""},"img":{"alt_text":"","src":"https:\/\/i0.wp.com\/tp-electric.vn\/wp-content\/uploads\/2023\/07\/Bien-tan-Nidec-Control-Techniques-NE200-4T0015G-0022PB-7958.jpg?fit=634%2C616&ssl=1&resize=350%2C200","width":350,"height":200},"classes":[]},{"id":3671,"url":"https:\/\/tp-electric.vn\/index.php\/san-pham\/bien-tan-nidec-control-techniques-ne200-2s0004gb-1-pha-220v-0-4kw\/","url_meta":{"origin":3676,"position":5},"title":"NE200-2S0004GB 1 PHA 220V 0.4KW","author":"","date":"31\/07\/2023","format":false,"excerpt":"M\u00e3 s\u1ea3n ph\u1ea9m:\u00a0NE200-2S0004GB Th\u01b0\u01a1ng hi\u1ec7u: Nidec - Control Techniques ( Nh\u1eadt B\u1ea3n )","rel":"","context":"Similar post","block_context":{"text":"Similar post","link":""},"img":{"alt_text":"","src":"https:\/\/i0.wp.com\/tp-electric.vn\/wp-content\/uploads\/2023\/07\/Bien-tan-Nidec-Control-Techniques-NE200-4T0015G-0022PB-7958.jpg?fit=634%2C616&ssl=1&resize=350%2C200","width":350,"height":200},"classes":[]}],"_links":{"self":[{"href":"https:\/\/tp-electric.vn\/index.php\/wp-json\/wp\/v2\/product\/3676"}],"collection":[{"href":"https:\/\/tp-electric.vn\/index.php\/wp-json\/wp\/v2\/product"}],"about":[{"href":"https:\/\/tp-electric.vn\/index.php\/wp-json\/wp\/v2\/types\/product"}],"replies":[{"embeddable":true,"href":"https:\/\/tp-electric.vn\/index.php\/wp-json\/wp\/v2\/comments?post=3676"}],"wp:featuredmedia":[{"embeddable":true,"href":"https:\/\/tp-electric.vn\/index.php\/wp-json\/wp\/v2\/media\/3667"}],"wp:attachment":[{"href":"https:\/\/tp-electric.vn\/index.php\/wp-json\/wp\/v2\/media?parent=3676"}],"wp:term":[{"taxonomy":"product_cat","embeddable":true,"href":"https:\/\/tp-electric.vn\/index.php\/wp-json\/wp\/v2\/product_cat?post=3676"},{"taxonomy":"product_tag","embeddable":true,"href":"https:\/\/tp-electric.vn\/index.php\/wp-json\/wp\/v2\/product_tag?post=3676"}],"curies":[{"name":"wp","href":"https:\/\/api.w.org\/{rel}","templated":true}]}}