{"id":3614,"date":"2023-06-22T15:08:05","date_gmt":"2023-06-22T08:08:05","guid":{"rendered":"https:\/\/tp-electric.vn\/?post_type=product&#038;p=3614"},"modified":"2024-12-12T15:11:39","modified_gmt":"2024-12-12T08:11:39","slug":"may-bat-muoi-va-con-trung-thong-minh-u-ultty-mkl-co-tia-uv","status":"publish","type":"product","link":"https:\/\/tp-electric.vn\/index.php\/san-pham\/may-bat-muoi-va-con-trung-thong-minh-u-ultty-mkl-co-tia-uv\/","title":{"rendered":"M\u00e1y b\u1eaft mu\u1ed7i v\u00e0 c\u00f4n tr\u00f9ng th\u00f4ng minh U Ultty MKL (c\u00f3 tia UV)"},"content":{"rendered":"<div class=\"title-specs\">\n<h2>Th\u00f4ng tin s\u1ea3n ph\u1ea9m<\/h2>\n<\/div>\n<article class=\"show-content-main\">\n<div class=\"readall-wrapper\">\n<div class=\"prod-desc-content readall\">\n<h3>\u01afu \u0111i\u1ec3m n\u1ed5i b\u1eadt c\u1ee7a m\u00e1y b\u1eaft mu\u1ed7i v\u00e0 c\u00f4n tr\u00f9ng th\u00f4ng minh U Ultty MKL<\/h3>\n<ul>\n<li>Ch\u1ea5t li\u1ec7u cao c\u1ea5p nh\u1ef1a ABS b\u1ec1n b\u1ec9<\/li>\n<li>Ph\u1ea1m vi ho\u1ea1t \u0111\u1ed9ng l\u00ean t\u1edbi 60m2<\/li>\n<li>M\u00f4 ph\u1ecfng h\u01a1i th\u1edf qua b\u1eaby m\u1ed3i CO2 v\u00e0 nhi\u1ec7t \u0111\u1ed9<\/li>\n<li>\u0110\u1ed9 \u1ed3n c\u1ef1c nh\u1ecf &lt;35dB<\/li>\n<li>Ho\u1ea1t \u0111\u1ed9ng \u0111a n\u0103ng 2 trong 1: B\u1eaft mu\u1ed7i k\u1ebft h\u1ee3p v\u1edbi \u0111\u00e8n ng\u1ee7 d\u1ecbu nh\u1eb9<\/li>\n<li>Thi\u1ebft k\u1ebf nh\u1ecf g\u1ecdn, t\u1ed1i gi\u1ea3n v\u00e0 th\u00f4ng minh<\/li>\n<li>\u0110\u1ed9ng c\u01a1 2000 v\u00f2ng\/ph\u00fat t\u1ea1o c\u1ed9t gi\u00f3 xo\u1eafn \u1ed1c v\u1edbi l\u1ef1c h\u00fat ly t\u00e2m<\/li>\n<li>B\u1ed9 s\u1ea3n ph\u1ea9m \u0111\u1ea7y \u0111\u1ee7: 1 th\u00e2n m\u00e1y, 1 b\u1eaby m\u1ed3i sinh h\u1ecdc, 1 d\u00e2y ngu\u1ed3n usb, 1 d\u00e2y da treo m\u00e1y, s\u00e1ch h\u01b0\u1edbng d\u1eabn s\u1eed d\u1ee5ng<\/li>\n<\/ul>\n<h3>Chi ti\u1ebft t\u00ednh n\u0103ng c\u1ee7a\u00a0m\u00e1y b\u1eaft mu\u1ed7i v\u00e0 c\u00f4n tr\u00f9ng th\u00f4ng minh U Ultty MKL<\/h3>\n<p>U Ultty MKL l\u00e0\u00a0m\u00e1y b\u1eaft mu\u1ed7i\u00a0&#8211; 1 gi\u1ea3i ph\u00e1p an to\u00e0n tuy\u1ec7t v\u1eddi gi\u00fap di\u1ec7t mu\u1ed7i, c\u00f4n tr\u00f9ng \u0111\u1ec3 ng\u0103n ng\u1eeba m\u1ea7m b\u1ec7nh, b\u1ea3o v\u1ec7 s\u1ee9c kho\u1ebb cho m\u1ecdi ng\u01b0\u1eddi. M\u00e1y thu h\u00fat mu\u1ed7i v\u00e0 c\u00f4n tr\u00f9ng b\u1eb1ng m\u1ed3i b\u1eaby sinh h\u1ecdc t\u1ea1o m\u00f9i m\u00f4 ph\u1ecfng h\u01a1i th\u1edf c\u1ee7a con ng\u01b0\u1eddi.<\/p>\n<p class=\"_ilcss0_\"><img decoding=\"async\" loading=\"lazy\" class=\"aligncenter\" title=\"m\u00e1y b\u1eaft mu\u1ed7i v\u00e0 c\u00f4n tr\u00f9ng th\u00f4ng minh U Ultty MKL \" src=\"https:\/\/i0.wp.com\/s.meta.com.vn\/Data\/image\/2023\/02\/02\/may-bat-muoi-va-con-trung-thong-minh-u-ultty-mkl-1.jpg?resize=700%2C525&#038;ssl=1\" alt=\"M\u00e1y b\u1eaft mu\u1ed7i v\u00e0 c\u00f4n tr\u00f9ng th\u00f4ng minh U Ultty MKL \" width=\"700\" height=\"525\" data-xsrc=\"\/Data\/image\/2023\/02\/02\/may-bat-muoi-va-con-trung-thong-minh-u-ultty-mkl-1.jpg\" data-recalc-dims=\"1\" \/><\/p>\n<p>M\u00e1y b\u1eaft mu\u1ed7i \u0111\u01b0\u1ee3c \u1ee9ng d\u1ee5ng bi\u1ec7n ph\u00e1p th\u00f4ng minh, an to\u00e0n kh\u00f4ng \u1ea3nh h\u01b0\u1edfng \u0111\u1ebfn ng\u01b0\u1eddi gi\u00e0 hay tr\u1ebb nh\u1ecf. \u1ee8ng d\u1ee5ng nghi\u00ean c\u1ee9u \u0111\u1eb7c t\u00ednh c\u1ee7a mu\u1ed7i c\u0169ng nh\u01b0 c\u00f4n tr\u00f9ng s\u1ebd b\u1ecb h\u1ea5p d\u1eabn b\u1edfi b\u01b0\u1edbc s\u00f3ng trong d\u1ea3i t\u1eeb 350nm \u0111\u1ebfn 400nm, sau \u0111\u00f3 ti\u00eau di\u1ec7t ch\u00fang b\u1eb1ng c\u1ed9t gi\u00f3 th\u1ed5i n\u00f3ng \u0111\u1ec3 kh\u1eed n\u01b0\u1edbc, l\u00e0m kh\u00f4 c\u00f4n tr\u00f9ng.<\/p>\n<p class=\"_ilcss0_\"><img decoding=\"async\" loading=\"lazy\" class=\"aligncenter\" title=\"m\u00e1y b\u1eaft mu\u1ed7i v\u00e0 c\u00f4n tr\u00f9ng th\u00f4ng minh U Ultty MKL d\u00f9ng cho di\u1ec7n t\u00edch 60m2 \" src=\"https:\/\/i0.wp.com\/s.meta.com.vn\/Data\/image\/2023\/02\/02\/may-bat-muoi-va-con-trung-thong-minh-u-ultty-mkl-2.jpg?resize=700%2C525&#038;ssl=1\" alt=\"m\u00e1y b\u1eaft mu\u1ed7i v\u00e0 c\u00f4n tr\u00f9ng th\u00f4ng minh U Ultty MKL d\u00f9ng cho di\u1ec7n t\u00edch 60m2 \" width=\"700\" height=\"525\" data-xsrc=\"\/Data\/image\/2023\/02\/02\/may-bat-muoi-va-con-trung-thong-minh-u-ultty-mkl-2.jpg\" data-recalc-dims=\"1\" \/><\/p>\n<p>Chi\u1ebfc m\u00e1y n\u00e0y c\u00f3 kh\u1ea3 n\u0103ng ho\u1ea1t \u0111\u1ed9ng trong di\u1ec7n t\u00edch r\u1ed9ng l\u00ean t\u1edbi 60m2.\u00a0M\u00e1y b\u1eaft mu\u1ed7i th\u00f4ng minh\u00a0<a title=\"ULTTY\" href=\"https:\/\/meta.vn\/ultty.html\" target=\"_blank\" rel=\"noopener\">ULTTY<\/a>\u00a0MKL mang l\u1ea1i hi\u1ec7u qu\u1ea3 cao v\u1edbi b\u1eaby m\u1ed3i m\u00f4 ph\u1ecfng CO2 v\u00e0 nhi\u1ec7t \u0111\u1ed9 th\u1ea3i ra t\u1eeb h\u01a1i th\u1edf con ng\u01b0\u1eddi.<\/p>\n<p>Vi\u1ec7c s\u1eed d\u1ee5ng m\u00e1y b\u1eaft mu\u1ed7i c\u00e0ng \u0111\u01b0\u1ee3c y\u00eau th\u00edch b\u1edfi c\u00f3 \u0111\u1ed9 \u1ed3n c\u1ef1c th\u1ea5p d\u01b0\u1edbi 35db, kh\u00f4ng \u1ea3nh h\u01b0\u1edfng t\u1edbi m\u00f4i tr\u01b0\u1eddng sinh ho\u1ea1t.<\/p>\n<p class=\"_ilcss0_\"><img decoding=\"async\" loading=\"lazy\" class=\"aligncenter\" title=\"M\u00e1y m\u00f4 ph\u1ecfng h\u01a1i th\u1edf thu h\u00fat mu\u1ed7i \" src=\"https:\/\/i0.wp.com\/s.meta.com.vn\/Data\/image\/2023\/02\/02\/may-bat-muoi-va-con-trung-thong-minh-u-ultty-mkl-3.jpg?resize=700%2C525&#038;ssl=1\" alt=\"M\u00e1y m\u00f4 ph\u1ecfng h\u01a1i th\u1edf thu h\u00fat mu\u1ed7i \" width=\"700\" height=\"525\" data-xsrc=\"\/Data\/image\/2023\/02\/02\/may-bat-muoi-va-con-trung-thong-minh-u-ultty-mkl-3.jpg\" data-recalc-dims=\"1\" \/><\/p>\n<p>C\u1ed9t gi\u00f3 xo\u00e1y \u1ed1c t\u1ea1o l\u1ef1c h\u00fat ly t\u00e2m\u00a0v\u1edbi \u0111\u1ed9ng c\u01a1 t\u1ed1c \u0111\u1ed9 l\u00ean t\u1edbi 2000 v\u00f2ng\/ph\u00fat \u0111\u01b0\u1ee3c thi\u1ebft k\u1ebf \u0111\u1ed3ng tr\u1ee5c xuy\u00ean su\u1ed1t v\u1edbi d\u00e0n \u0111\u00e8n, b\u1eaby m\u1ed3i b\u00ean tr\u00ean v\u00e0 c\u1eeda l\u1ed3ng nh\u1ed1t b\u00ean d\u01b0\u1edbi. T\u1eeb \u0111\u00f3 t\u1ea1o c\u1ed9t gi\u00f3 xo\u00e1y v\u1edbi l\u1ef1c h\u00fat ly t\u00e2m l\u1edbn, c\u00e1c lo\u1ea1i mu\u1ed7i v\u00e0 c\u00f4n tr\u00f9ng ch\u1ec9 c\u1ea7n bay \u0111\u1ebfn g\u1ea7n mi\u1ec7ng m\u00e1y, d\u00f2ng gi\u00f3 xo\u00e1y s\u1ebd ngay l\u1eadp t\u1ee9c k\u00e9o ch\u00fang v\u00e0o trong l\u1ed3ng nh\u1ed1t.<\/p>\n<p>B\u00ean c\u1ea1nh l\u00e0 1 chi\u1ebfc m\u00e1y b\u1eaft mu\u1ed7i th\u00ec b\u1ea1n c\u0169ng c\u00f3 th\u1ec3 s\u1eed d\u1ee5ng s\u1ea3n ph\u1ea9m nh\u01b0 1 chi\u1ebfc \u0111\u00e8n ng\u1ee7 c\u1ef1c k\u1ef3 ti\u1ec7n l\u1ee3i v\u1edbi \u00e1nh s\u00e1ng nh\u1eb9 nh\u00e0ng.<\/p>\n<p class=\"_ilcss0_\"><img decoding=\"async\" loading=\"lazy\" class=\"aligncenter\" title=\"H\u01b0\u1edbng d\u1eabn s\u1eed d\u1ee5ng m\u00e1y b\u1eaft mu\u1ed7i \" src=\"https:\/\/i0.wp.com\/s.meta.com.vn\/Data\/image\/2023\/02\/02\/may-bat-muoi-va-con-trung-thong-minh-u-ultty-mkl-4.jpg?resize=700%2C525&#038;ssl=1\" alt=\"H\u01b0\u1edbng d\u1eabn s\u1eed d\u1ee5ng m\u00e1y b\u1eaft mu\u1ed7i \" width=\"700\" height=\"525\" data-xsrc=\"\/Data\/image\/2023\/02\/02\/may-bat-muoi-va-con-trung-thong-minh-u-ultty-mkl-4.jpg\" data-recalc-dims=\"1\" \/><\/p>\n<p><strong>L\u01b0u \u00fd:<\/strong>\u00a0H\u00ecnh \u1ea3nh s\u1ea3n ph\u1ea9m ch\u1ec9 c\u00f3 t\u00ednh ch\u1ea5t minh h\u1ecda, chi ti\u1ebft s\u1ea3n ph\u1ea9m, m\u00e0u s\u1eafc c\u00f3 th\u1ec3 thay \u0111\u1ed5i t\u00f9y theo s\u1ea3n ph\u1ea9m th\u1ef1c t\u1ebf<\/p>\n<\/div>\n<\/div>\n<\/article>\n","protected":false},"excerpt":{"rendered":"<table width=\"623\">\n<tbody>\n<tr>\n<td width=\"312\">C\u00f4ng su\u1ea5t<\/td>\n<td width=\"312\">1.5W<\/td>\n<\/tr>\n<tr>\n<td width=\"312\">Di\u1ec7n t\u00edch s\u1eed d\u1ee5ng<\/td>\n<td width=\"312\">60m2<\/td>\n<\/tr>\n<tr>\n<td width=\"312\">Ngu\u1ed3n \u0111i\u1ec7n \u00e1p<\/td>\n<td width=\"312\">5V<\/td>\n<\/tr>\n<tr>\n<td width=\"312\">K\u00edch th\u01b0\u1edbc<\/td>\n<td width=\"312\">231mm x 124mm x 125mm<\/td>\n<\/tr>\n<tr>\n<td width=\"312\">B\u1ea3o h\u00e0nh<\/td>\n<td width=\"312\">24 th\u00e1ng<\/td>\n<\/tr>\n<tr>\n<td width=\"312\">S\u1ea3n xu\u1ea5t t\u1ea1i<\/td>\n<td width=\"312\">\u0110\u1ee9c<\/td>\n<\/tr>\n<tr>\n<td width=\"312\">Xu\u1ea5t x\u1ee9 th\u01b0\u01a1ng hi\u1ec7u<\/td>\n<td width=\"312\">Ph\u00e1p<\/td>\n<\/tr>\n<\/tbody>\n<\/table>\n","protected":false},"featured_media":3615,"comment_status":"open","ping_status":"closed","template":"","meta":[],"product_cat":[272],"product_tag":[284,283,273],"jetpack-related-posts":[{"id":3553,"url":"https:\/\/tp-electric.vn\/index.php\/san-pham\/binh-dien-phan-phun-suong-diet-khuan-ultty-skj-crs01-hang-chinh-hang\/","url_meta":{"origin":3614,"position":0},"title":"B\u00ecnh \u0111i\u1ec7n ph\u00e2n phun s\u01b0\u01a1ng di\u1ec7t khu\u1ea9n Ultty SKJ-CRS01 &#8211; H\u00e0ng ch\u00ednh h\u00e3ng","author":"","date":"22\/06\/2023","format":false,"excerpt":"C\u00f4ng su\u1ea5t 26W Ngu\u1ed3n \u0111i\u1ec7n \u00e1p AC 100V - 240V\/50Hz - 60Hz Dung t\u00edch 330ml Kh\u1ea3 n\u0103ng di\u1ec7t khu\u1ea9n 99,9% Xu\u1ea5t x\u1ee9 th\u01b0\u01a1ng hi\u1ec7u Ph\u00e1p S\u1ea3n xu\u1ea5t t\u1ea1i \u0110\u1ee9c B\u1ea3o h\u00e0nh 24 th\u00e1ng","rel":"","context":"Similar post","block_context":{"text":"Similar post","link":""},"img":{"alt_text":"","src":"https:\/\/i0.wp.com\/tp-electric.vn\/wp-content\/uploads\/2023\/06\/binh-dien-phan-phun-suong-diet-khuan-ultty-skj-crs01-g.jpg?fit=800%2C600&ssl=1&resize=350%2C200","width":350,"height":200,"srcset":"https:\/\/i0.wp.com\/tp-electric.vn\/wp-content\/uploads\/2023\/06\/binh-dien-phan-phun-suong-diet-khuan-ultty-skj-crs01-g.jpg?fit=800%2C600&ssl=1&resize=350%2C200 1x, https:\/\/i0.wp.com\/tp-electric.vn\/wp-content\/uploads\/2023\/06\/binh-dien-phan-phun-suong-diet-khuan-ultty-skj-crs01-g.jpg?fit=800%2C600&ssl=1&resize=700%2C400 2x"},"classes":[]},{"id":3591,"url":"https:\/\/tp-electric.vn\/index.php\/san-pham\/may-hut-bui-va-lau-nha-ultty-v08\/","url_meta":{"origin":3614,"position":1},"title":"M\u00e1y h\u00fat b\u1ee5i v\u00e0 lau nh\u00e0 Ultty V08","author":"","date":"22\/06\/2023","format":false,"excerpt":"K\u00edch th\u01b0\u1edbc 1.200mm x 230mm x 240mm Tr\u1ecdng l\u01b0\u1ee3ng s\u1ea3n ph\u1ea9m 1,1kg Tr\u1ecdng l\u01b0\u1ee3ng bao b\u00ec 700mm x 370mm x 190mm Xu\u1ea5t x\u1ee9 th\u01b0\u01a1ng hi\u1ec7u Ph\u00e1p S\u1ea3n xu\u1ea5t t\u1ea1i Trung Qu\u1ed1c B\u1ea3o h\u00e0nh 24 th\u00e1ng","rel":"","context":"Similar post","block_context":{"text":"Similar post","link":""},"img":{"alt_text":"","src":"https:\/\/i0.wp.com\/tp-electric.vn\/wp-content\/uploads\/2023\/06\/may-hut-bui-va-lau-nha-ultty-v08.jpg?fit=800%2C600&ssl=1&resize=350%2C200","width":350,"height":200,"srcset":"https:\/\/i0.wp.com\/tp-electric.vn\/wp-content\/uploads\/2023\/06\/may-hut-bui-va-lau-nha-ultty-v08.jpg?fit=800%2C600&ssl=1&resize=350%2C200 1x, https:\/\/i0.wp.com\/tp-electric.vn\/wp-content\/uploads\/2023\/06\/may-hut-bui-va-lau-nha-ultty-v08.jpg?fit=800%2C600&ssl=1&resize=700%2C400 2x"},"classes":[]},{"id":3701,"url":"https:\/\/tp-electric.vn\/index.php\/san-pham\/quat-loc-khong-khi-va-khu-khuan-u-ultty-bb\/","url_meta":{"origin":3614,"position":2},"title":"Qu\u1ea1t l\u1ecdc kh\u00f4ng kh\u00ed v\u00e0 kh\u1eed khu\u1ea9n U ULTTY BB","author":"","date":"16\/08\/2023","format":false,"excerpt":"L\u1ecdc t\u1edbi 99,95% t\u1ea5t c\u1ea3 c\u00e1c ch\u1ea5t \u00f4 nhi\u1ec5m trong kh\u00f4ng kh\u00ed L\u00e0m s\u1ea1ch kh\u00f4ng kh\u00ed qua m\u00e0ng l\u1ecdc HEPA + kh\u1eed tr\u00f9ng c\u00f4ng ngh\u1ec7 Plasmacluster Ion Thanh l\u1ecdc to\u00e0n b\u1ed9 ng\u00f4i nh\u00e0 ch\u1ec9 trong 45 ph\u00fat \u0110\u1ed9ng c\u01a1 \u00eam \u00e1i v\u00e0 m\u1ea1nh m\u1ebd, v\u1edbi 9 c\u1ea5p \u0111\u1ed9 l\u00e0m m\u00e1t\u2026","rel":"","context":"Similar post","block_context":{"text":"Similar post","link":""},"img":{"alt_text":"","src":"https:\/\/i0.wp.com\/tp-electric.vn\/wp-content\/uploads\/2023\/08\/MAY-LOC-04-scaled.jpg?fit=1200%2C1200&ssl=1&resize=350%2C200","width":350,"height":200,"srcset":"https:\/\/i0.wp.com\/tp-electric.vn\/wp-content\/uploads\/2023\/08\/MAY-LOC-04-scaled.jpg?fit=1200%2C1200&ssl=1&resize=350%2C200 1x, https:\/\/i0.wp.com\/tp-electric.vn\/wp-content\/uploads\/2023\/08\/MAY-LOC-04-scaled.jpg?fit=1200%2C1200&ssl=1&resize=700%2C400 2x, https:\/\/i0.wp.com\/tp-electric.vn\/wp-content\/uploads\/2023\/08\/MAY-LOC-04-scaled.jpg?fit=1200%2C1200&ssl=1&resize=1050%2C600 3x"},"classes":[]},{"id":3602,"url":"https:\/\/tp-electric.vn\/index.php\/san-pham\/robot-hut-bui-lau-nha-ultty-skj-rb01x\/","url_meta":{"origin":3614,"position":3},"title":"Robot h\u00fat b\u1ee5i lau nh\u00e0 Ultty SKJ RB01X","author":"","date":"22\/06\/2023","format":false,"excerpt":"Tr\u1ecdng l\u01b0\u1ee3ng s\u1ea3n ph\u1ea9m 3kg Tr\u1ecdng l\u01b0\u1ee3ng bao b\u00ec 6kg Xu\u1ea5t x\u1ee9 th\u01b0\u01a1ng hi\u1ec7u Ph\u00e1p S\u1ea3n xu\u1ea5t t\u1ea1i Trung Qu\u1ed1c B\u1ea3o h\u00e0nh 24 th\u00e1ng T\u01b0\u1eddng \u1ea3o Kh\u00f4ng","rel":"","context":"Similar post","block_context":{"text":"Similar post","link":""},"img":{"alt_text":"","src":"https:\/\/i0.wp.com\/tp-electric.vn\/wp-content\/uploads\/2023\/06\/robot-hut-bui-lau-nha-ultty-skj-rb01x-a.jpg?fit=600%2C600&ssl=1&resize=350%2C200","width":350,"height":200},"classes":[]},{"id":3580,"url":"https:\/\/tp-electric.vn\/index.php\/san-pham\/may-hut-am-va-loc-khong-khi-ultty-luk012\/","url_meta":{"origin":3614,"position":4},"title":"M\u00e1y h\u00fat \u1ea9m v\u00e0 l\u1ecdc kh\u00f4ng kh\u00ed Ultty LUK016","author":"","date":"22\/06\/2023","format":false,"excerpt":"K\u00edch th\u01b0\u1edbc 28cm x 20cm x 50cm Tr\u1ecdng l\u01b0\u1ee3ng s\u1ea3n ph\u1ea9m 12kg Tr\u1ecdng l\u01b0\u1ee3ng bao b\u00ec 13,5kg Xu\u1ea5t x\u1ee9 th\u01b0\u01a1ng hi\u1ec7u Ph\u00e1p S\u1ea3n xu\u1ea5t t\u1ea1i Trung Qu\u1ed1c B\u1ea3o h\u00e0nh 24 th\u00e1ng","rel":"","context":"Similar post","block_context":{"text":"Similar post","link":""},"img":{"alt_text":"","src":"https:\/\/i0.wp.com\/tp-electric.vn\/wp-content\/uploads\/2023\/06\/may-hut-am-va-loc-khong-khi-ultty-luk012-8.jpg?fit=666%2C500&ssl=1&resize=350%2C200","width":350,"height":200},"classes":[]},{"id":3574,"url":"https:\/\/tp-electric.vn\/index.php\/san-pham\/quat-thap-loc-khong-khi-cap-am-ultty-skj-cr022-co-tia-uvc-khu-khuan\/","url_meta":{"origin":3614,"position":5},"title":"Qu\u1ea1t th\u00e1p l\u1ecdc kh\u00f4ng kh\u00ed c\u1ea5p \u1ea9m Ultty SKJ-CR022 c\u00f3 tia UVC kh\u1eed khu\u1ea9n","author":"","date":"22\/06\/2023","format":false,"excerpt":"Lo\u1ea1i Qu\u1ea1t kh\u00f4ng c\u00e1nh Tr\u1ecdng l\u01b0\u1ee3ng s\u1ea3n ph\u1ea9m 3,2kg B\u1ea3o h\u00e0nh 24 th\u00e1ng S\u1ea3n xu\u1ea5t t\u1ea1i Trung Qu\u1ed1c","rel":"","context":"Similar post","block_context":{"text":"Similar post","link":""},"img":{"alt_text":"","src":"https:\/\/i0.wp.com\/tp-electric.vn\/wp-content\/uploads\/2023\/06\/quat-thap-loc-khong-khi-cap-am-ultty-skj-cr022.jpg?fit=600%2C450&ssl=1&resize=350%2C200","width":350,"height":200},"classes":[]}],"_links":{"self":[{"href":"https:\/\/tp-electric.vn\/index.php\/wp-json\/wp\/v2\/product\/3614"}],"collection":[{"href":"https:\/\/tp-electric.vn\/index.php\/wp-json\/wp\/v2\/product"}],"about":[{"href":"https:\/\/tp-electric.vn\/index.php\/wp-json\/wp\/v2\/types\/product"}],"replies":[{"embeddable":true,"href":"https:\/\/tp-electric.vn\/index.php\/wp-json\/wp\/v2\/comments?post=3614"}],"wp:featuredmedia":[{"embeddable":true,"href":"https:\/\/tp-electric.vn\/index.php\/wp-json\/wp\/v2\/media\/3615"}],"wp:attachment":[{"href":"https:\/\/tp-electric.vn\/index.php\/wp-json\/wp\/v2\/media?parent=3614"}],"wp:term":[{"taxonomy":"product_cat","embeddable":true,"href":"https:\/\/tp-electric.vn\/index.php\/wp-json\/wp\/v2\/product_cat?post=3614"},{"taxonomy":"product_tag","embeddable":true,"href":"https:\/\/tp-electric.vn\/index.php\/wp-json\/wp\/v2\/product_tag?post=3614"}],"curies":[{"name":"wp","href":"https:\/\/api.w.org\/{rel}","templated":true}]}}