{"id":3602,"date":"2023-06-22T14:58:24","date_gmt":"2023-06-22T07:58:24","guid":{"rendered":"https:\/\/tp-electric.vn\/?post_type=product&#038;p=3602"},"modified":"2024-12-12T15:11:39","modified_gmt":"2024-12-12T08:11:39","slug":"robot-hut-bui-lau-nha-ultty-skj-rb01x","status":"publish","type":"product","link":"https:\/\/tp-electric.vn\/index.php\/san-pham\/robot-hut-bui-lau-nha-ultty-skj-rb01x\/","title":{"rendered":"Robot h\u00fat b\u1ee5i lau nh\u00e0 Ultty SKJ RB01X"},"content":{"rendered":"<div class=\"title-specs\">\n<h2>Th\u00f4ng tin s\u1ea3n ph\u1ea9m<\/h2>\n<table width=\"623\">\n<tbody>\n<tr>\n<td width=\"312\">Lo\u1ea1i m\u00e1y h\u00fat<\/td>\n<td width=\"312\">Robot h\u00fat b\u1ee5i lau nh\u00e0<\/td>\n<\/tr>\n<tr>\n<td width=\"312\">L\u1ef1c h\u00fat<\/td>\n<td width=\"312\">2.000Pa<\/td>\n<\/tr>\n<tr>\n<td width=\"312\">Ch\u1ee9c n\u0103ng<\/td>\n<td width=\"312\">H\u00fat b\u1ee5i v\u00e0 Lau nh\u00e0<\/td>\n<\/tr>\n<tr>\n<td width=\"312\">Dung t\u00edch ch\u1ee9a b\u1ee5i<\/td>\n<td width=\"312\">300ml<\/td>\n<\/tr>\n<tr>\n<td width=\"312\">Dung t\u00edch b\u00ecnh n\u01b0\u1edbc<\/td>\n<td width=\"312\">300ml<\/td>\n<\/tr>\n<tr>\n<td width=\"312\">B\u1ed9 l\u1ecdc<\/td>\n<td width=\"312\">HEPA<\/td>\n<\/tr>\n<tr>\n<td width=\"312\">Di\u1ec7n t\u00edch s\u1eed d\u1ee5ng<\/td>\n<td width=\"312\">200m2<\/td>\n<\/tr>\n<tr>\n<td width=\"312\">Lo\u1ea1i Pin<\/td>\n<td width=\"312\">Lithium-ion<\/td>\n<\/tr>\n<tr>\n<td width=\"312\">Dung l\u01b0\u1ee3ng pin<\/td>\n<td width=\"312\">2.600 mAh<\/td>\n<\/tr>\n<tr>\n<td width=\"312\">Th\u1eddi gian s\u1ea1c pin<\/td>\n<td width=\"312\">4 gi\u1edd &#8211; 6 gi\u1edd<\/td>\n<\/tr>\n<tr>\n<td width=\"312\">Ch\u1ea5t li\u1ec7u v\u1ecf m\u00e1y<\/td>\n<td width=\"312\">Nh\u1ef1a nguy\u00ean sinh<\/td>\n<\/tr>\n<tr>\n<td width=\"312\">Th\u1eddi gian s\u1eed d\u1ee5ng<\/td>\n<td width=\"312\">90 &#8211; 120 ph\u00fat<\/td>\n<\/tr>\n<tr>\n<td width=\"312\">C\u00f4ng su\u1ea5t<\/td>\n<td width=\"312\">22W<\/td>\n<\/tr>\n<tr>\n<td width=\"312\">\u0110\u1ed9 \u1ed3n<\/td>\n<td width=\"312\">&lt; 45dB<\/td>\n<\/tr>\n<tr>\n<td width=\"312\">Tr\u1ecdng l\u01b0\u1ee3ng s\u1ea3n ph\u1ea9m<\/td>\n<td width=\"312\">3kg<\/td>\n<\/tr>\n<tr>\n<td width=\"312\">Tr\u1ecdng l\u01b0\u1ee3ng bao b\u00ec<\/td>\n<td width=\"312\">6kg<\/td>\n<\/tr>\n<tr>\n<td width=\"312\">Xu\u1ea5t x\u1ee9 th\u01b0\u01a1ng hi\u1ec7u<\/td>\n<td width=\"312\">Ph\u00e1p<\/td>\n<\/tr>\n<tr>\n<td width=\"312\">S\u1ea3n xu\u1ea5t t\u1ea1i<\/td>\n<td width=\"312\">\u0110\u1ee9c<\/td>\n<\/tr>\n<tr>\n<td width=\"312\">B\u1ea3o h\u00e0nh<\/td>\n<td width=\"312\">24 th\u00e1ng<\/td>\n<\/tr>\n<tr>\n<td width=\"312\">T\u01b0\u1eddng \u1ea3o<\/td>\n<td width=\"312\">Kh\u00f4ng<\/td>\n<\/tr>\n<\/tbody>\n<\/table>\n<\/div>\n<article class=\"show-content-main\">\n<div class=\"readall-wrapper\">\n<div class=\"prod-desc-content readall\">\n<h2>\u0110\u1eb7c \u0111i\u1ec3m n\u1ed5i b\u1eadt c\u1ee7a robot h\u00fat b\u1ee5i lau nh\u00e0 Ultty SKJ RB01X<\/h2>\n<ul>\n<li><strong>Ultty SKJ RB01X<\/strong>\u00a0s\u1edf h\u1eefu c\u00f4ng ngh\u1ec7 h\u1ecdng h\u00fat tr\u1ef1c ti\u1ebfp \u0111\u1ed9c l\u1eadp v\u1edbi li\u00ean h\u1ee3p ch\u1ed5i thu r\u00e1c, h\u1ecdng h\u00fat tr\u1ef1c ti\u1ebfp s\u1ebd h\u00fat b\u1ee5i,\u00a0b\u1ee5i m\u1ecbn&#8230;\u00a0c\u00f3 th\u1ec3 l\u00e0m s\u1ea1ch m\u1ed9t c\u00e1ch ho\u00e0n h\u1ea3o nh\u1ea5t.<\/li>\n<li>S\u1ea3n ph\u1ea9m \u0111\u01b0\u1ee3c\u00a0<strong>nh\u1eadp kh\u1ea9u ch\u00ednh h\u00e3ng<\/strong>, s\u1ea3n xu\u1ea5t b\u1edfi nh\u00e0 m\u00e1y\u00a0Liectroux &#8211; \u0110\u1ee9c \u0111\u1eb7t t\u1ea1i Trung Qu\u1ed1c.<\/li>\n<li>Thi\u1ebft k\u1ebf 2 khoang v\u1edbi 4 ng\u0103n ri\u00eang bi\u1ec7t, Ultty SKJ RB01X c\u00f3 th\u1ec3 ho\u1ea1t \u0111\u1ed9ng 2 t\u00e1c v\u1ee5 c\u00f9ng 1 l\u00fac<\/li>\n<li>Khay ch\u1ee9a n\u01b0\u1edbc dung t\u00edch l\u1edbn c\u1ef1c l\u1edbn l\u00ean \u0111\u1ebfn 300ml, k\u1ebft h\u1ee3p c\u00f4ng ngh\u1ec7 n\u01b0\u1edbc nh\u1ecf gi\u1ecdt, Ultty SKJ RB01X \u0111\u1ea3m b\u1ea3o kh\u1ea3 n\u0103ng l\u00e0m s\u1ea1ch tr\u00ean m\u1ecdi lo\u1ea1i m\u1eb7t s\u00e0n<\/li>\n<li>H\u1ec7 m\u00e0ng l\u1ecdc b\u1ee5i m\u1ecbn HEPA H11 c\u1ee7a Ultty SKJ RB01X \u0111\u01b0\u1ee3c ho\u1ea1t h\u00f3a ph\u00e2n t\u1eed b\u1ea1c gi\u00fap n\u00e2ng cao kh\u1ea3 n\u0103ng l\u01b0u tr\u1eef b\u1ee5i m\u1ecbn<\/li>\n<li>\u0110i\u1ec1u khi\u1ec3n b\u1eb1ng \u1ee9ng d\u1ee5ng ri\u00eang (app), k\u1ebft n\u1ed1i v\u1edbi Google Home v\u00e0 Alexa t\u1ea1o ra h\u1ec7 sinh th\u00e1i th\u00f4ng minh trong ng\u00f4i nh\u00e0 b\u1ea1n<\/li>\n<li>Di chuy\u1ec3n theo h\u00ecnh zic z\u1eafc, l\u00e0m s\u1ea1ch l\u00ean \u0111\u1ebfn 98% t\u1ef7 l\u1ec7 b\u1ec1 m\u1eb7t, ti\u1ebft ki\u1ec7m n\u0103ng l\u01b0\u1ee3ng<\/li>\n<li>Pin Lithium-ion 2600\u00a0mAh\u00a0m\u1ea1nh m\u1ebd v\u00e0 ch\u1ebf t\u1ef1 \u0111\u1ed9ng s\u1ea1c l\u1ea1i khi h\u1ebft pin<\/li>\n<li>C\u1ea3m bi\u1ebfn ch\u1ed1ng r\u01a1i hi\u1ec7n \u0111\u1ea1i, an to\u00e0n khi d\u00f9ng v\u1edbi nh\u00e0 t\u1ea7ng<\/li>\n<\/ul>\n<p class=\"_ilcss0_\"><img decoding=\"async\" loading=\"lazy\" class=\"aligncenter\" title=\"H\u00ecnh \u1ea3nh robot h\u00fat b\u1ee5i lau nh\u00e0 Ultty SKJ RB01X \" src=\"https:\/\/i0.wp.com\/s.meta.com.vn\/Data\/image\/2020\/12\/29\/robot-hut-bui-lau-nha-ultty-skj-rb01x-ava.jpg?resize=510%2C510&#038;ssl=1\" alt=\"H\u00ecnh \u1ea3nh robot h\u00fat b\u1ee5i lau nh\u00e0 Ultty SKJ RB01X \" width=\"510\" height=\"510\" data-xsrc=\"\/Data\/image\/2020\/12\/29\/robot-hut-bui-lau-nha-ultty-skj-rb01x-ava.jpg\" data-recalc-dims=\"1\" \/><\/p>\n<p class=\"_ilcss0_\" style=\"text-align: center;\">H\u00ecnh \u1ea3nh\u00a0robot h\u00fat b\u1ee5i lau nh\u00e0 Ultty SKJ RB01X<\/p>\n<h2>\u0110\u00e1nh gi\u00e1\u00a0robot h\u00fat b\u1ee5i lau nh\u00e0 Ultty SKJ RB01X<\/h2>\n<h3>H\u00fat \u0111a n\u0103ng, s\u1ea1ch b\u1ee5i<\/h3>\n<p>Robot h\u00fat b\u1ee5i\u00a0lau nh\u00e0 Ultty SKJ RB01X \u0111\u01b0\u1ee3c s\u1ea3n xu\u1ea5t b\u1edfi nh\u00e0 m\u00e1y n\u1ed5i ti\u1ebfng Liectroux \u2013 \u0110\u1ee9c, trang b\u1ecb c\u00f4ng ngh\u1ec7 qu\u00e9t \u2013 h\u00fat \u2013 lau t\u1ed1i \u01b0u, hi\u1ec7n \u0111\u1ea1i b\u1eadc nh\u1ea5t tr\u00ean th\u1ebf gi\u1edbi, l\u00e0 m\u1ed9t trong\u00a0nh\u1eefng\u00a0robot h\u00fat b\u1ee5i t\u1ef1 \u0111\u1ed9ng gi\u00e1 r\u1ebb \u0111\u01b0\u1ee3c \u0111\u00e1nh gi\u00e1 t\u1ed1t nh\u1ea5t hi\u1ec7n nay.<\/p>\n<p>H\u1ecdng h\u00fat tr\u1ef1c ti\u1ebfp \u0111\u1ed9c l\u1eadp v\u1edbi ch\u1ed5i cu\u1ed1n t\u0103ng hi\u1ec7u qu\u1ea3 l\u00e0m s\u1ea1ch g\u1ea5p \u0111\u00f4i. Trong khi h\u1ecdng h\u00fat s\u1ebd h\u00fat b\u1ee5i m\u1ecbn th\u00ec ch\u1ed5i cu\u1ed1n c\u00f3 nhi\u1ec7m v\u1ee5 thu r\u00e1c to, gi\u00fap Ultty SKJ RB01X c\u00f3 th\u1ec3 l\u00e0m s\u1ea1ch m\u1ed9t c\u00e1ch ho\u00e0n h\u1ea3o nh\u1ea5t.<\/p>\n<h3>M\u00e0ng l\u1ecdc Hepa l\u1ecdc b\u1ee5i min hi\u1ec7u qu\u1ea3<\/h3>\n<p>H\u1ec7 m\u00e0ng l\u1ecdc b\u1ee5i m\u1ecbn HEPA H11 \u0111\u01b0\u1ee3c ho\u1ea1t h\u00f3a ph\u00e2n t\u1eed b\u1ea1c gi\u00fap n\u00e2ng cao kh\u1ea3 n\u0103ng l\u01b0u tr\u1eef b\u1ee5i m\u1ecbn, hi\u1ec7u qu\u1ea3 l\u00e0m s\u1ea1ch v\u01b0\u1ee3t tr\u1ed9i so v\u1edbi c\u00e1c phi\u00ean b\u1ea3n robot h\u00fat b\u1ee5i hi\u1ec7n nay. S\u1edf h\u1eefu khay ch\u1ee9a b\u1ee5i v\u00e0 khay ch\u1ee9a n\u01b0\u1edbc \u0111\u1ed9c l\u1eadp, Ultty SKJ RB01X c\u00f3 th\u1ec3 k\u1ebft h\u1ee3p h\u00fat v\u00e0 lau ho\u1eb7c l\u00e0m s\u1ea1ch theo t\u1eebng ch\u1ee9c n\u0103ng.<\/p>\n<p class=\"_ilcss0_\"><img decoding=\"async\" loading=\"lazy\" class=\"aligncenter\" title=\"C\u1ea3m bi\u1ebfn t\u1ef1 quay v\u1ec1 tr\u1ea1m s\u1ea1c khi h\u1ebft pin\" src=\"https:\/\/i0.wp.com\/s.meta.com.vn\/Data\/image\/2020\/12\/29\/robot-hut-bui-lau-nha-ultty-skj-rb01x.jpg?resize=496%2C496&#038;ssl=1\" alt=\"C\u1ea3m bi\u1ebfn t\u1ef1 quay v\u1ec1 tr\u1ea1m s\u1ea1c khi h\u1ebft pin\" width=\"496\" height=\"496\" data-xsrc=\"\/Data\/image\/2020\/12\/29\/robot-hut-bui-lau-nha-ultty-skj-rb01x.jpg\" data-recalc-dims=\"1\" \/><\/p>\n<p class=\"_ilcss0_\" style=\"text-align: center;\">C\u1ea3m bi\u1ebfn t\u1ef1 quay v\u1ec1 tr\u1ea1m s\u1ea1c khi h\u1ebft pin<\/p>\n<h3>Thi\u1ebft k\u1ebf linh ho\u1ea1t cho nhi\u1ec1u nhi\u1ec7m v\u1ee5<\/h3>\n<p>Thi\u1ebft k\u1ebf b\u00e0n ch\u1ea3i con l\u0103n h\u00ecnh ch\u1eef V v\u00e0 b\u00e0n ch\u1ea3i l\u00f4ng l\u00e0m s\u1ea1ch s\u00e2u c\u00f9ng s\u1ee9c h\u00fat c\u1ef1c m\u1ea1nh,\u00a0m\u00e1y h\u00fat b\u1ee5i\u00a0Ultty SKJ RB01X c\u00f3 th\u1ec3 h\u00fat \u0111\u01b0\u1ee3c nhi\u1ec1u lo\u1ea1i r\u00e1c nh\u01b0 b\u1ee5i m\u1ecbn, l\u00f4ng \u0111\u1ed9ng v\u1eadt, t\u00f3c&#8230;<\/p>\n<p>Ultty SKJ RB01X ho\u1ea1t \u0111\u1ed9ng \u0111\u01b0\u1ee3c tr\u00ean nhi\u1ec1u lo\u1ea1i m\u1eb7t s\u00e0n nh\u01b0 s\u00e0n g\u1ea1ch, g\u1ed7, th\u1ea3m hay sofa. Khay ch\u1ee9a n\u01b0\u1edbc dung t\u00edch l\u1edbn l\u00ean \u0111\u1ebfn 300ml, t\u1ef1 \u0111\u1ed9ng l\u00e0m \u1ea9m \u0111\u1ec3 lau s\u1ea1ch c\u00e1c lo\u1ea1i m\u1eb7t s\u00e0n.<\/p>\n<p>Qu\u00fd kh\u00e1ch n\u00ean s\u1eed d\u1ee5ng\u00a0n\u01b0\u1edbc lau s\u00e0n chuy\u00ean d\u1ee5ng cho robot lau nh\u00e0\u00a0&#8211; Gi\u00e1 b\u00e1n 152.000\u0111<\/p>\n<h3>\u0110i\u1ec1u khi\u1ec3n b\u1eb1ng \u1ee9ng d\u1ee5ng d\u1ec5 d\u00e0ng<\/h3>\n<ul>\n<li>\u0110i\u1ec1u khi\u1ec3n robot h\u00fat b\u1ee5i lau nh\u00e0 Ultty SKJ RB01X ch\u1ec9 b\u1eb1ng v\u00e0i l\u1ea7n ch\u1ea1m<\/li>\n<li>V\u1ebd b\u1ea3n \u0111\u1ed3 2D c\u0103n h\u1ed9: t\u00ednh to\u00e1n v\u00e0 l\u00e0m s\u1ea1ch th\u00f4ng minh, kh\u00f4ng l\u1eb7p l\u1ea1i \u0111\u01b0\u1eddng \u0111i c\u0169, hi\u1ec3n th\u1ecb b\u1ea3n \u0111\u1ed3 th\u1eddi gian th\u1ef1c<\/li>\n<li>\u0110i\u1ec1u h\u01b0\u1edbng qu\u00e1n t\u00ednh: t\u00ednh to\u00e1n thu\u1eadt to\u00e1n \u0111\u1ec3 x\u00e1c \u0111\u1ecbnh \u0111\u01b0\u1eddng \u0111i t\u1ed1t nh\u1ea5t<\/li>\n<li>C\u00e0i \u0111\u1eb7t c\u00e1c ch\u1ebf \u0111\u1ed9 l\u00e0m vi\u1ec7c, th\u1eddi gian l\u00e0m vi\u1ec7c th\u00f4ng qua app<\/li>\n<li>L\u00ean k\u1ebf ho\u1ea1ch l\u00e0m vi\u1ec7c t\u1eeb ph\u00f2ng n\u00e0y sang ph\u00f2ng kh\u00e1c, ch\u1eb7n c\u00e1c khu v\u1ef1c c\u1ea5m kh\u00f4ng \u0111\u01b0\u1ee3c ph\u00e9p v\u01b0\u1ee3t qua ngay tr\u00ean app m\u00e0 kh\u00f4ng c\u1ea7n t\u01b0\u1eddng \u1ea3o<\/li>\n<li>4 ch\u1ebf \u0111\u1ed9 ho\u1ea1t \u0111\u1ed9ng (random, ziczac l\u1ea7n l\u01b0\u1ee3t, l\u00e0m s\u1ea1ch \u0111i\u1ec3m, l\u00e0m s\u1ea1ch c\u1ea1nh t\u01b0\u1eddng) v\u1edbi l\u1eadp tr\u00ecnh th\u00f4ng minh<\/li>\n<\/ul>\n<p class=\"_ilcss0_\"><img decoding=\"async\" loading=\"lazy\" class=\"aligncenter\" title=\"\u0110i\u1ec1u khi\u1ec3n b\u1eb1ng \u1ee9ng d\u1ee5ng d\u1ec5 d\u00e0ng qua smartphone\" src=\"https:\/\/i0.wp.com\/s.meta.com.vn\/Data\/image\/2020\/12\/29\/robot-hut-bui-lau-nha-ultty-skj-rb01x-2.jpg?resize=600%2C600&#038;ssl=1\" alt=\"\u0110i\u1ec1u khi\u1ec3n b\u1eb1ng \u1ee9ng d\u1ee5ng d\u1ec5 d\u00e0ng qua smartphone\" width=\"600\" height=\"600\" data-xsrc=\"\/Data\/image\/2020\/12\/29\/robot-hut-bui-lau-nha-ultty-skj-rb01x-2.jpg\" data-recalc-dims=\"1\" \/><\/p>\n<p class=\"_ilcss0_\" style=\"text-align: center;\">\u0110i\u1ec1u khi\u1ec3n b\u1eb1ng \u1ee9ng d\u1ee5ng d\u1ec5 d\u00e0ng qua smartphone<\/p>\n<h3>Di chuy\u1ec3n theo h\u00ecnh zic z\u1eafc<\/h3>\n<p>H\u01b0\u1edbng di chuy\u1ec3n z\u00edc z\u1eafc cho ph\u00e9p robot c\u00f3 th\u1ec3 bao qu\u00e1t to\u00e0n b\u1ed9 b\u1ec1 m\u1eb7t s\u00e0n, t\u1ef7 l\u1ec7 l\u1eb7p l\u1ea1i \u0111\u01b0\u1eddng \u0111i ho\u1eb7c b\u1ecf s\u00f3t khu v\u1ef1c d\u1ecdn d\u1eb9p gi\u1ea3m xu\u1ed1ng c\u1ef1c th\u1ea5p, ti\u1ebft ki\u1ec7m n\u0103ng l\u01b0\u1ee3ng.<\/p>\n<h3>Pin Lithium-ion 2600 mAh m\u1ea1nh m\u1ebd<\/h3>\n<p>V\u1edbi m\u1ed7i l\u1ea7n s\u1ea1c \u0111\u1ea7y, Ultty SKJ RB01X c\u00f3 th\u1ec3 ho\u1ea1t \u0111\u1ed9ng li\u00ean t\u1ee5c t\u1eeb 90 &#8211; 120 ph\u00fat (t\u00f9y theo ch\u1ebf \u0111\u1ed9) cho di\u1ec7n t\u00edch l\u00ean t\u1edbi 200m<sup>2<\/sup>. Khi ho\u00e0n th\u00e0nh nhi\u1ec7m v\u1ee5 ho\u1eb7c g\u1ea7n h\u1ebft pin, robot s\u1ebd t\u1ef1 \u0111\u1ed9ng quay tr\u1edf v\u1ec1 v\u1ecb tr\u00ed s\u1ea1c. C\u00f4ng vi\u1ec7c dang d\u1edf s\u1ebd ti\u1ebfp t\u1ee5c \u0111\u01b0\u1ee3c th\u1ef1c hi\u1ec7n sau khi s\u1ea1c \u0111\u1ea7y pin.<\/p>\n<h3>C\u1ea3m bi\u1ebfn ch\u1ed1ng r\u01a1i hi\u1ec7n \u0111\u1ea1i, an to\u00e0n khi d\u00f9ng v\u1edbi nh\u00e0 t\u1ea7ng<\/h3>\n<p class=\"_ilcss0_\"><img decoding=\"async\" loading=\"lazy\" class=\"aligncenter\" title=\"Robot h\u00fat b\u1ee5i c\u00f3 khay ch\u1ee9a n\u01b0\u1edbc dung t\u00edch l\u1edbn l\u00ean \u0111\u1ebfn 300ml\" src=\"https:\/\/i0.wp.com\/s.meta.com.vn\/Data\/image\/2020\/12\/29\/robot-hut-bui-lau-nha-ultty-skj-rb01x-3.jpg?resize=576%2C576&#038;ssl=1\" alt=\"Robot h\u00fat b\u1ee5i \" width=\"576\" height=\"576\" data-xsrc=\"\/Data\/image\/2020\/12\/29\/robot-hut-bui-lau-nha-ultty-skj-rb01x-3.jpg\" data-recalc-dims=\"1\" \/><\/p>\n<p class=\"_ilcss0_\">Robot h\u00fat b\u1ee5i c\u00f3 khay ch\u1ee9a n\u01b0\u1edbc dung t\u00edch l\u1edbn l\u00ean \u0111\u1ebfn 300ml<\/p>\n<p>Robot h\u00fat b\u1ee5i lau nh\u00e0 Ultty SKJ RB01X \u0111\u01b0\u1ee3c trang b\u1ecb c\u1ea3m bi\u1ebfn ch\u1ed1ng r\u01a1i v\u01b0\u1ee3t tr\u1ed9i b\u1eadc nh\u1ea5t hi\u1ec7n nay, c\u00f3 kh\u1ea3 n\u0103ng nh\u1eadn di\u1ec7n ch\u01b0\u1edbng ng\u1ea1i v\u1eadt. B\u1ea1n c\u00f3 th\u1ec3 y\u00ean t\u00e2m khi robot d\u1ecdn d\u1eb9p g\u1ea7n c\u1ea7u thang ho\u1eb7c tr\u00ean m\u1eb7t b\u00e0n.<\/p>\n<p class=\"_ilcss0_\"><img decoding=\"async\" loading=\"lazy\" class=\"aligncenter\" title=\"Robot h\u00fat b\u1ee5i lau nh\u00e0 Ultty SKJ RB01X v\u1edbi ch\u1ed5i qu\u00e9t\" src=\"https:\/\/i0.wp.com\/s.meta.com.vn\/Data\/image\/2020\/12\/29\/robot-hut-bui-lau-nha-ultty-skj-rb01x-nd.jpg?resize=597%2C407&#038;ssl=1\" alt=\"Robot h\u00fat b\u1ee5i lau nh\u00e0 Ultty SKJ RB01X v\u1edbi ch\u1ed5i qu\u00e9t\" width=\"597\" height=\"407\" data-xsrc=\"\/Data\/image\/2020\/12\/29\/robot-hut-bui-lau-nha-ultty-skj-rb01x-nd.jpg\" data-recalc-dims=\"1\" \/><\/p>\n<p class=\"_ilcss0_\" style=\"text-align: center;\">Robot h\u00fat b\u1ee5i lau nh\u00e0 Ultty SKJ RB01X v\u1edbi ch\u1ed5i qu\u00e9t<\/p>\n<p class=\"_ilcss0_\" style=\"text-align: center;\"><img decoding=\"async\" loading=\"lazy\" title=\"Robot Ultty SKJ RB01X v\u1eeba h\u00fat b\u1ee5i v\u1eeba lau nh\u00e0\" src=\"https:\/\/i0.wp.com\/s.meta.com.vn\/Data\/image\/2020\/12\/29\/robot-hut-bui-lau-nha-ultty-skj-rb01x-4.jpg?resize=581%2C582&#038;ssl=1\" alt=\"Robot Ultty SKJ RB01X v\u1eeba h\u00fat b\u1ee5i v\u1eeba lau nh\u00e0\" width=\"581\" height=\"582\" data-xsrc=\"\/Data\/image\/2020\/12\/29\/robot-hut-bui-lau-nha-ultty-skj-rb01x-4.jpg\" data-recalc-dims=\"1\" \/><\/p>\n<p class=\"_ilcss0_\" style=\"text-align: center;\">Robot Ultty SKJ RB01X v\u1eeba h\u00fat b\u1ee5i v\u1eeba lau nh\u00e0<\/p>\n<p class=\"_ilcss0_\" style=\"text-align: center;\"><img decoding=\"async\" title=\"Khay ch\u1ee9a n\u01b0\u1edbc c\u1ee7a robot h\u00fat b\u1ee5i lau nh\u00e0 Ultty SKJ RB01X\" src=\"https:\/\/i0.wp.com\/s.meta.com.vn\/Data\/image\/2020\/12\/29\/robot-hut-bui-lau-nha-ultty-skj-rb01x-6.jpg?w=1020&#038;ssl=1\" alt=\"Khay ch\u1ee9a n\u01b0\u1edbc c\u1ee7a robot h\u00fat b\u1ee5i lau nh\u00e0 Ultty SKJ RB01X\" data-xsrc=\"\/Data\/image\/2020\/12\/29\/robot-hut-bui-lau-nha-ultty-skj-rb01x-6.jpg\" data-recalc-dims=\"1\" \/><\/p>\n<p class=\"_ilcss0_\" style=\"text-align: center;\">Khay ch\u1ee9a n\u01b0\u1edbc c\u1ee7a robot h\u00fat b\u1ee5i lau nh\u00e0 Ultty SKJ RB01X<\/p>\n<p class=\"_ilcss0_\" style=\"text-align: center;\"><img decoding=\"async\" loading=\"lazy\" title=\"H\u1ec7 th\u1ed1ng \u0111\u1ecbnh v\u1ecb con quay h\u1ed3i chuy\u1ec3n\" src=\"https:\/\/i0.wp.com\/s.meta.com.vn\/Data\/image\/2020\/12\/29\/robot-hut-bui-lau-nha-ultty-skj-rb01x-7.jpg?resize=598%2C598&#038;ssl=1\" alt=\"H\u1ec7 th\u1ed1ng \u0111\u1ecbnh v\u1ecb con quay h\u1ed3i chuy\u1ec3n\" width=\"598\" height=\"598\" data-xsrc=\"\/Data\/image\/2020\/12\/29\/robot-hut-bui-lau-nha-ultty-skj-rb01x-7.jpg\" data-recalc-dims=\"1\" \/><\/p>\n<p class=\"_ilcss0_\" style=\"text-align: center;\">H\u1ec7 th\u1ed1ng \u0111\u1ecbnh v\u1ecb con quay h\u1ed3i chuy\u1ec3n<\/p>\n<p class=\"_ilcss0_\" style=\"text-align: center;\"><img decoding=\"async\" loading=\"lazy\" title=\"Pin kh\u1ecfe cho th\u1eddi gian s\u1eed d\u1ee5ng l\u00e2u\" src=\"https:\/\/i0.wp.com\/s.meta.com.vn\/Data\/image\/2020\/12\/29\/robot-hut-bui-lau-nha-ultty-skj-rb01x-8.jpg?resize=665%2C665&#038;ssl=1\" alt=\"Pin kh\u1ecfe cho th\u1eddi gian s\u1eed d\u1ee5ng l\u00e2u\" width=\"665\" height=\"665\" data-xsrc=\"\/Data\/image\/2020\/12\/29\/robot-hut-bui-lau-nha-ultty-skj-rb01x-8.jpg\" data-recalc-dims=\"1\" \/><\/p>\n<p class=\"_ilcss0_\" style=\"text-align: center;\">Pin kh\u1ecfe cho th\u1eddi gian s\u1eed d\u1ee5ng l\u00e2u<\/p>\n<p class=\"_ilcss0_\" style=\"text-align: center;\"><img decoding=\"async\" loading=\"lazy\" title=\"C\u1ea3m bi\u1ebfn ch\u1ed1ng r\u01a1i, h\u1ea1n ch\u1ebf va ch\u1ea1m\" src=\"https:\/\/i0.wp.com\/s.meta.com.vn\/Data\/image\/2020\/12\/29\/robot-hut-bui-lau-nha-ultty-skj-rb01x-9.jpg?resize=632%2C632&#038;ssl=1\" alt=\"C\u1ea3m bi\u1ebfn ch\u1ed1ng r\u01a1i, h\u1ea1n ch\u1ebf va ch\u1ea1m\" width=\"632\" height=\"632\" data-xsrc=\"\/Data\/image\/2020\/12\/29\/robot-hut-bui-lau-nha-ultty-skj-rb01x-9.jpg\" data-recalc-dims=\"1\" \/><\/p>\n<p class=\"_ilcss0_\" style=\"text-align: center;\">C\u1ea3m bi\u1ebfn ch\u1ed1ng r\u01a1i, h\u1ea1n ch\u1ebf va ch\u1ea1m<\/p>\n<p class=\"_ilcss0_\" style=\"text-align: center;\"><img decoding=\"async\" loading=\"lazy\" title=\"C\u1ea5u t\u1ea1o robot h\u00fat b\u1ee5i lau nh\u00e0 Ultty SKJ RB01X\" src=\"https:\/\/i0.wp.com\/s.meta.com.vn\/Data\/image\/2020\/12\/29\/robot-hut-bui-lau-nha-ultty-skj-rb01x-10.jpg?resize=700%2C700&#038;ssl=1\" alt=\"C\u1ea5u t\u1ea1o robot h\u00fat b\u1ee5i lau nh\u00e0 Ultty SKJ RB01X\" width=\"700\" height=\"700\" data-xsrc=\"\/Data\/image\/2020\/12\/29\/robot-hut-bui-lau-nha-ultty-skj-rb01x-10.jpg\" data-recalc-dims=\"1\" \/><\/p>\n<p class=\"_ilcss0_\" style=\"text-align: center;\">C\u1ea5u t\u1ea1o robot h\u00fat b\u1ee5i lau nh\u00e0 Ultty SKJ RB01X<\/p>\n<p><strong>L\u01b0u \u00fd:<\/strong>\u00a0H\u00ecnh \u1ea3nh s\u1ea3n ph\u1ea9m ch\u1ec9 c\u00f3 t\u00ednh ch\u1ea5t minh h\u1ecda, chi ti\u1ebft s\u1ea3n ph\u1ea9m, m\u00e0u s\u1eafc c\u00f3 th\u1ec3 thay \u0111\u1ed5i t\u00f9y theo s\u1ea3n ph\u1ea9m th\u1ef1c t\u1ebf.<\/p>\n<\/div>\n<\/div>\n<\/article>\n","protected":false},"excerpt":{"rendered":"<table>\n<tbody>\n<tr>\n<td width=\"186\">Tr\u1ecdng l\u01b0\u1ee3ng s\u1ea3n ph\u1ea9m<\/td>\n<td width=\"186\">3kg<\/td>\n<\/tr>\n<tr>\n<td width=\"186\">Tr\u1ecdng l\u01b0\u1ee3ng bao b\u00ec<\/td>\n<td width=\"186\">6kg<\/td>\n<\/tr>\n<tr>\n<td width=\"186\">Xu\u1ea5t x\u1ee9 th\u01b0\u01a1ng hi\u1ec7u<\/td>\n<td width=\"186\">Ph\u00e1p<\/td>\n<\/tr>\n<tr>\n<td width=\"186\">S\u1ea3n xu\u1ea5t t\u1ea1i<\/td>\n<td width=\"186\">Trung Qu\u1ed1c<\/td>\n<\/tr>\n<tr>\n<td width=\"186\">B\u1ea3o h\u00e0nh<\/td>\n<td width=\"186\">24 th\u00e1ng<\/td>\n<\/tr>\n<tr>\n<td width=\"186\">T\u01b0\u1eddng \u1ea3o<\/td>\n<td width=\"186\">Kh\u00f4ng<\/td>\n<\/tr>\n<\/tbody>\n<\/table>\n","protected":false},"featured_media":3603,"comment_status":"open","ping_status":"closed","template":"","meta":[],"product_cat":[272],"product_tag":[282,281,280,279,273],"jetpack-related-posts":[{"id":3591,"url":"https:\/\/tp-electric.vn\/index.php\/san-pham\/may-hut-bui-va-lau-nha-ultty-v08\/","url_meta":{"origin":3602,"position":0},"title":"M\u00e1y h\u00fat b\u1ee5i v\u00e0 lau nh\u00e0 Ultty V08","author":"","date":"22\/06\/2023","format":false,"excerpt":"K\u00edch th\u01b0\u1edbc 1.200mm x 230mm x 240mm Tr\u1ecdng l\u01b0\u1ee3ng s\u1ea3n ph\u1ea9m 1,1kg Tr\u1ecdng l\u01b0\u1ee3ng bao b\u00ec 700mm x 370mm x 190mm Xu\u1ea5t x\u1ee9 th\u01b0\u01a1ng hi\u1ec7u Ph\u00e1p S\u1ea3n xu\u1ea5t t\u1ea1i Trung Qu\u1ed1c B\u1ea3o h\u00e0nh 24 th\u00e1ng","rel":"","context":"Similar post","block_context":{"text":"Similar post","link":""},"img":{"alt_text":"","src":"https:\/\/i0.wp.com\/tp-electric.vn\/wp-content\/uploads\/2023\/06\/may-hut-bui-va-lau-nha-ultty-v08.jpg?fit=800%2C600&ssl=1&resize=350%2C200","width":350,"height":200,"srcset":"https:\/\/i0.wp.com\/tp-electric.vn\/wp-content\/uploads\/2023\/06\/may-hut-bui-va-lau-nha-ultty-v08.jpg?fit=800%2C600&ssl=1&resize=350%2C200 1x, https:\/\/i0.wp.com\/tp-electric.vn\/wp-content\/uploads\/2023\/06\/may-hut-bui-va-lau-nha-ultty-v08.jpg?fit=800%2C600&ssl=1&resize=700%2C400 2x"},"classes":[]},{"id":3714,"url":"https:\/\/tp-electric.vn\/index.php\/san-pham\/gia-treo-may-hut-bui-phu-kien-dau-hut-cua-may-hut-bui-lau-nha-ultty-v08\/","url_meta":{"origin":3602,"position":1},"title":"Gi\u00e1 treo m\u00e1y h\u00fat b\u1ee5i, ph\u1ee5 ki\u1ec7n \u0111\u1ea7u h\u00fat c\u1ee7a m\u00e1y h\u00fat b\u1ee5i lau nh\u00e0 ULTTY V08","author":"","date":"16\/08\/2023","format":false,"excerpt":"Ch\u1ea5t li\u1ec7u: G\u1ed7 C\u00e2n n\u1eb7ng: 4,5 kg \u00a0K\u00edch th\u01b0\u1edbc: 120x35x37cm","rel":"","context":"Similar post","block_context":{"text":"Similar post","link":""},"img":{"alt_text":"","src":"https:\/\/i0.wp.com\/tp-electric.vn\/wp-content\/uploads\/2023\/08\/1770577162267756.png?fit=900%2C900&ssl=1&resize=350%2C200","width":350,"height":200,"srcset":"https:\/\/i0.wp.com\/tp-electric.vn\/wp-content\/uploads\/2023\/08\/1770577162267756.png?fit=900%2C900&ssl=1&resize=350%2C200 1x, https:\/\/i0.wp.com\/tp-electric.vn\/wp-content\/uploads\/2023\/08\/1770577162267756.png?fit=900%2C900&ssl=1&resize=700%2C400 2x"},"classes":[]},{"id":3580,"url":"https:\/\/tp-electric.vn\/index.php\/san-pham\/may-hut-am-va-loc-khong-khi-ultty-luk012\/","url_meta":{"origin":3602,"position":2},"title":"M\u00e1y h\u00fat \u1ea9m v\u00e0 l\u1ecdc kh\u00f4ng kh\u00ed Ultty LUK016","author":"","date":"22\/06\/2023","format":false,"excerpt":"K\u00edch th\u01b0\u1edbc 28cm x 20cm x 50cm Tr\u1ecdng l\u01b0\u1ee3ng s\u1ea3n ph\u1ea9m 12kg Tr\u1ecdng l\u01b0\u1ee3ng bao b\u00ec 13,5kg Xu\u1ea5t x\u1ee9 th\u01b0\u01a1ng hi\u1ec7u Ph\u00e1p S\u1ea3n xu\u1ea5t t\u1ea1i Trung Qu\u1ed1c B\u1ea3o h\u00e0nh 24 th\u00e1ng","rel":"","context":"Similar post","block_context":{"text":"Similar post","link":""},"img":{"alt_text":"","src":"https:\/\/i0.wp.com\/tp-electric.vn\/wp-content\/uploads\/2023\/06\/may-hut-am-va-loc-khong-khi-ultty-luk012-8.jpg?fit=666%2C500&ssl=1&resize=350%2C200","width":350,"height":200},"classes":[]},{"id":3062,"url":"https:\/\/tp-electric.vn\/index.php\/san-pham\/keo-ngan-chay-truong-no\/","url_meta":{"origin":3602,"position":3},"title":"KEO NG\u0102N CH\u00c1Y TR\u01af\u01a0NG N\u1ede","author":"","date":"14\/02\/2023","format":false,"excerpt":"Keo silicone ng\u0103n ch\u00e1y\u00a0tr\u01b0\u01a1ng n\u1edf LCI300 C\u00f3 graphite, c\u00f3 kh\u1ea3 n\u0103ng ng\u0103n ch\u00e1y \u0111\u1ebfn 4h, ch\u1ed1ng n\u01b0\u1edbc, kh\u00f3i v\u00e0 kh\u00ed \u0111\u1ed9c. \u00a0\u1ee8ng d\u1ee5ng c\u1ee7a keo ch\u1ed1ng ch\u00e1y lan LCI300 Tr\u00e1m\u00a0khe \/ l\u1ed7 xuy\u00ean\u00a0cho \u1ee9ng d\u1ee5ng c\u00e1p\u00a0\u0111i\u1ec7n Tr\u00e1m khe \/ l\u1ed7 xuy\u00ean\u00a0cho \u1ee9ng d\u1ee5ng b\u00f3 c\u00e1p, thang m\u00e1ng c\u00e1p\u00a0\u0111i\u1ec7n Tr\u00e1m khe\u2026","rel":"","context":"Similar post","block_context":{"text":"Similar post","link":""},"img":{"alt_text":"","src":"https:\/\/i0.wp.com\/tp-electric.vn\/wp-content\/uploads\/2023\/02\/LG-stilci300Nn.jpg?fit=300%2C411&ssl=1&resize=350%2C200","width":350,"height":200},"classes":[]},{"id":3553,"url":"https:\/\/tp-electric.vn\/index.php\/san-pham\/binh-dien-phan-phun-suong-diet-khuan-ultty-skj-crs01-hang-chinh-hang\/","url_meta":{"origin":3602,"position":4},"title":"B\u00ecnh \u0111i\u1ec7n ph\u00e2n phun s\u01b0\u01a1ng di\u1ec7t khu\u1ea9n Ultty SKJ-CRS01 &#8211; H\u00e0ng ch\u00ednh h\u00e3ng","author":"","date":"22\/06\/2023","format":false,"excerpt":"C\u00f4ng su\u1ea5t 26W Ngu\u1ed3n \u0111i\u1ec7n \u00e1p AC 100V - 240V\/50Hz - 60Hz Dung t\u00edch 330ml Kh\u1ea3 n\u0103ng di\u1ec7t khu\u1ea9n 99,9% Xu\u1ea5t x\u1ee9 th\u01b0\u01a1ng hi\u1ec7u Ph\u00e1p S\u1ea3n xu\u1ea5t t\u1ea1i \u0110\u1ee9c B\u1ea3o h\u00e0nh 24 th\u00e1ng","rel":"","context":"Similar post","block_context":{"text":"Similar post","link":""},"img":{"alt_text":"","src":"https:\/\/i0.wp.com\/tp-electric.vn\/wp-content\/uploads\/2023\/06\/binh-dien-phan-phun-suong-diet-khuan-ultty-skj-crs01-g.jpg?fit=800%2C600&ssl=1&resize=350%2C200","width":350,"height":200,"srcset":"https:\/\/i0.wp.com\/tp-electric.vn\/wp-content\/uploads\/2023\/06\/binh-dien-phan-phun-suong-diet-khuan-ultty-skj-crs01-g.jpg?fit=800%2C600&ssl=1&resize=350%2C200 1x, https:\/\/i0.wp.com\/tp-electric.vn\/wp-content\/uploads\/2023\/06\/binh-dien-phan-phun-suong-diet-khuan-ultty-skj-crs01-g.jpg?fit=800%2C600&ssl=1&resize=700%2C400 2x"},"classes":[]},{"id":3115,"url":"https:\/\/tp-electric.vn\/index.php\/san-pham\/vua-chong-chay-charcoat-fm\/","url_meta":{"origin":3602,"position":5},"title":"V\u1eeeA CH\u1ed0NG CH\u00c1Y CHARCOAT FM","author":"","date":"14\/02\/2023","format":false,"excerpt":"Lo\u1ea1i s\u1ea3n ph\u1ea9m:V\u1eefa tr\u1ed9n s\u1eb5n T\u1ef7 l\u1ec7 tr\u1ed9n:2:1 M\u00e0u s\u1eafc:Tr\u1eafng ng\u00e0 Tr\u1ecdng l\u01b0\u1ee3ng:15 Kg\/bao (20 l\u00edt) Tr\u1ecdng l\u01b0\u1ee3ng ri\u00eang:900Kg\/m3 Th\u1eddi gian \u0111\u00f4ng c\u1ee9ng:d\u01b0\u1edbi 1 gi\u1edd Th\u1eddi gian \u0111\u00f4ng c\u1ee9ng ho\u00e0n to\u00e0n:T\u1ed1i \u0111a l\u00ean t\u1edbi 30 ng\u00e0y H\u1ea1n s\u1eed d\u1ee5ng:3 n\u0103m k\u1ec3 t\u1eeb ng\u00e0y s\u1ea3n xu\u1ea5t Product Description V\u1eefa ch\u1ed1ng ch\u00e1y\u2026","rel":"","context":"Similar post","block_context":{"text":"Similar post","link":""},"img":{"alt_text":"","src":"https:\/\/i0.wp.com\/tp-electric.vn\/wp-content\/uploads\/2023\/02\/CharCoat-FM-Mortar-front-923x1024-1.png?fit=923%2C1024&ssl=1&resize=350%2C200","width":350,"height":200,"srcset":"https:\/\/i0.wp.com\/tp-electric.vn\/wp-content\/uploads\/2023\/02\/CharCoat-FM-Mortar-front-923x1024-1.png?fit=923%2C1024&ssl=1&resize=350%2C200 1x, https:\/\/i0.wp.com\/tp-electric.vn\/wp-content\/uploads\/2023\/02\/CharCoat-FM-Mortar-front-923x1024-1.png?fit=923%2C1024&ssl=1&resize=700%2C400 2x"},"classes":[]}],"_links":{"self":[{"href":"https:\/\/tp-electric.vn\/index.php\/wp-json\/wp\/v2\/product\/3602"}],"collection":[{"href":"https:\/\/tp-electric.vn\/index.php\/wp-json\/wp\/v2\/product"}],"about":[{"href":"https:\/\/tp-electric.vn\/index.php\/wp-json\/wp\/v2\/types\/product"}],"replies":[{"embeddable":true,"href":"https:\/\/tp-electric.vn\/index.php\/wp-json\/wp\/v2\/comments?post=3602"}],"wp:featuredmedia":[{"embeddable":true,"href":"https:\/\/tp-electric.vn\/index.php\/wp-json\/wp\/v2\/media\/3603"}],"wp:attachment":[{"href":"https:\/\/tp-electric.vn\/index.php\/wp-json\/wp\/v2\/media?parent=3602"}],"wp:term":[{"taxonomy":"product_cat","embeddable":true,"href":"https:\/\/tp-electric.vn\/index.php\/wp-json\/wp\/v2\/product_cat?post=3602"},{"taxonomy":"product_tag","embeddable":true,"href":"https:\/\/tp-electric.vn\/index.php\/wp-json\/wp\/v2\/product_tag?post=3602"}],"curies":[{"name":"wp","href":"https:\/\/api.w.org\/{rel}","templated":true}]}}