{"id":3580,"date":"2023-06-22T14:27:08","date_gmt":"2023-06-22T07:27:08","guid":{"rendered":"https:\/\/tp-electric.vn\/?post_type=product&#038;p=3580"},"modified":"2024-12-12T15:11:39","modified_gmt":"2024-12-12T08:11:39","slug":"may-hut-am-va-loc-khong-khi-ultty-luk012","status":"publish","type":"product","link":"https:\/\/tp-electric.vn\/index.php\/san-pham\/may-hut-am-va-loc-khong-khi-ultty-luk012\/","title":{"rendered":"M\u00e1y h\u00fat \u1ea9m v\u00e0 l\u1ecdc kh\u00f4ng kh\u00ed Ultty LUK016"},"content":{"rendered":"<div class=\"prod-Specifications\">\n<div class=\"prod-Spec-main\">\n<div class=\"title-specs\">\n<h2>Th\u00f4ng s\u1ed1 k\u1ef9 thu\u1eadt<\/h2>\n<table>\n<tbody>\n<tr>\n<td width=\"312\">Ch\u1ee9c n\u0103ng<\/td>\n<td width=\"312\">L\u1ecdc kh\u00f4ng kh\u00ed, H\u00fat \u1ea9m<\/td>\n<\/tr>\n<tr>\n<td width=\"312\">Di\u1ec7n t\u00edch s\u1eed d\u1ee5ng<\/td>\n<td width=\"312\">15m2 &#8211; 35m2<\/td>\n<\/tr>\n<tr>\n<td width=\"312\">C\u00f4ng su\u1ea5t<\/td>\n<td width=\"312\">270W<\/td>\n<\/tr>\n<tr>\n<td width=\"312\">Dung t\u00edch b\u00ecnh n\u01b0\u1edbc<\/td>\n<td width=\"312\">N\u01b0\u1edbc th\u1ea3i\u00a0(2 l\u00edt)<\/td>\n<\/tr>\n<tr>\n<td width=\"312\">C\u1ea3m bi\u1ebfn<\/td>\n<td width=\"312\">C\u1ea3m bi\u1ebfn \u0111\u1ed9 \u1ea9m<\/td>\n<\/tr>\n<tr>\n<td width=\"312\">L\u01b0u l\u01b0\u1ee3ng gi\u00f3<\/td>\n<td width=\"312\">120 m3\/h<\/td>\n<\/tr>\n<tr>\n<td width=\"312\">C\u00f4ng su\u1ea5t h\u00fat \u1ea9m<\/td>\n<td width=\"312\">12 &#8211; 16 l\u00edt\/ng\u00e0y<\/td>\n<\/tr>\n<tr>\n<td width=\"312\">H\u1eb9n gi\u1edd1<\/td>\n<td width=\"312\">1 &#8211; 24 gi\u1edd<\/td>\n<\/tr>\n<tr>\n<td width=\"312\">\u0110\u1ed9 \u1ed3n<\/td>\n<td width=\"312\">36 dBA<\/td>\n<\/tr>\n<tr>\n<td width=\"312\">M\u00e0n h\u00ecnh<\/td>\n<td width=\"312\">Led<\/td>\n<\/tr>\n<tr>\n<td width=\"312\">Chi\u1ec1u d\u00e0i d\u00e2y ngu\u1ed3n \u0111i\u1ec7n<\/td>\n<td width=\"312\">1,8m<\/td>\n<\/tr>\n<tr>\n<td width=\"312\">Ngu\u1ed3n \u0111i\u1ec7n \u00e1p<\/td>\n<td width=\"312\">220V\/50Hz<\/td>\n<\/tr>\n<tr>\n<td width=\"312\">K\u00edch th\u01b0\u1edbc<\/td>\n<td width=\"312\">28cm x 20cm x 50cm<\/td>\n<\/tr>\n<tr>\n<td width=\"312\">Tr\u1ecdng l\u01b0\u1ee3ng s\u1ea3n ph\u1ea9m<\/td>\n<td width=\"312\">12kg<\/td>\n<\/tr>\n<tr>\n<td width=\"312\">Tr\u1ecdng l\u01b0\u1ee3ng bao b\u00ec<\/td>\n<td width=\"312\">13,5kg<\/td>\n<\/tr>\n<tr>\n<td width=\"312\">Xu\u1ea5t x\u1ee9 th\u01b0\u01a1ng hi\u1ec7u<\/td>\n<td width=\"312\">Ph\u00e1p<\/td>\n<\/tr>\n<tr>\n<td width=\"312\">S\u1ea3n xu\u1ea5t t\u1ea1i<\/td>\n<td width=\"312\">\u0110\u1ee9c<\/td>\n<\/tr>\n<tr>\n<td width=\"312\">B\u1ea3o h\u00e0nh<\/td>\n<td width=\"312\">24 th\u00e1ng<\/td>\n<\/tr>\n<\/tbody>\n<\/table>\n<\/div>\n<\/div>\n<\/div>\n<div class=\"title-specs\">\n<h2>Th\u00f4ng tin s\u1ea3n ph\u1ea9m<\/h2>\n<\/div>\n<article class=\"show-content-main\">\n<div class=\"readall-wrapper\">\n<div class=\"prod-desc-content readall\">\n<h3>M\u00e1y c\u00f3 2 ch\u1ee9c n\u0103ng<\/h3>\n<p>Ultty LUK012\u00a0c\u00f3 ch\u1ee9c n\u0103ng h\u00fat \u1ea9m kh\u00f4ng kh\u00ed v\u00e0 l\u1ecdc kh\u00f4ng kh\u00ed, ph\u00f9 h\u1ee3p s\u1eed d\u1ee5ng cho di\u1ec7n t\u00edch ph\u00f2ng t\u1eeb 15m<sup>2<\/sup>\u00a0&#8211; 35m<sup>2<\/sup>. M\u00e1y c\u00f3 ch\u1ee9c n\u0103ng kh\u00f3a tr\u1ebb em, b\u1ea3o v\u1ec7 an to\u00e0n cho con b\u1ea1n.<\/p>\n<p class=\"_ilcss0_\"><img decoding=\"async\" loading=\"lazy\" class=\"aligncenter\" title=\"M\u00e1y h\u00fat \u1ea9m v\u00e0 l\u1ecdc kh\u00f4ng kh\u00ed Ultty LUKO OL12-BD001E\" src=\"https:\/\/i0.wp.com\/s.meta.com.vn\/Data\/image\/2022\/03\/14\/may-hut-am-va-loc-khong-khi-ultty-luk012-2.jpg?resize=500%2C333&#038;ssl=1\" alt=\"Ultty LUKO OL12-BD001E\" width=\"500\" height=\"333\" data-xsrc=\"\/Data\/image\/2022\/03\/14\/may-hut-am-va-loc-khong-khi-ultty-luk012-2.jpg\" data-recalc-dims=\"1\" \/><\/p>\n<h3>H\u00fat \u1ea9m hi\u1ec7u qu\u1ea3<\/h3>\n<p>M\u00e1y h\u00fat \u1ea9m v\u00e0 l\u1ecdc kh\u00f4ng kh\u00ed\u00a0Ultty\u00a0\u0111\u01b0\u1ee3c \u00e1p d\u1ee5ng c\u00f4ng ngh\u1ec7 hi\u1ec7n \u0111\u1ea1i \u0111\u00f3 l\u00e0 k\u1ebft h\u1ee3p gi\u1eefa m\u00e1y n\u00e9n kh\u00ed v\u00e0 piston n\u00e9n kh\u00ed si\u00eau \u00eam \u00e1i cho c\u00f4ng su\u1ea5t h\u00fat \u1ea9m \u0111\u1ea1t t\u1eeb 12 &#8211; 16 l\u00edt \u200b\/ng\u00e0y (v\u1edbi \u0111i\u1ec1u ki\u1ec7n nhi\u1ec7t \u0111\u1ed9 \u0111\u1ea1t 30 \u0111\u1ed9 C, \u0111\u1ed9 \u1ea9m l\u00e0 80% RH).<\/p>\n<p class=\"_ilcss0_\"><img decoding=\"async\" loading=\"lazy\" class=\"aligncenter\" title=\"T\u00ednh n\u0103ng c\u1ee7a m\u00e1y h\u00fat \u1ea9m Ultty\" src=\"https:\/\/i0.wp.com\/s.meta.com.vn\/Data\/image\/2022\/03\/14\/may-hut-am-va-loc-khong-khi-ultty-luk012-8.jpg?resize=666%2C500&#038;ssl=1\" alt=\"M\u00e1y h\u00fat \u1ea9m \" width=\"666\" height=\"500\" data-xsrc=\"\/Data\/image\/2022\/03\/14\/may-hut-am-va-loc-khong-khi-ultty-luk012-8.jpg\" data-recalc-dims=\"1\" \/><\/p>\n<h3>Gi\u00fap nh\u00e0 c\u1eeda th\u00f4ng tho\u00e1ng v\u00e0 s\u1ea1ch b\u1ee5i<\/h3>\n<ul>\n<li>M\u00e1y l\u1ecdc kh\u00f4ng kh\u00ed\u00a0v\u00e0 h\u00fat \u1ea9m Ultty\u00a0LUK012 l\u1ecdc kh\u00f4ng kh\u00ed b\u1eb1ng c\u00f4ng ngh\u1ec7 ion hi\u1ec7n \u0111\u1ea1i s\u1ebd t\u1ea1o ra kh\u00f4ng gian ph\u00f2ng lu\u00f4n kh\u00f4 tho\u00e1ng, s\u1ea1ch s\u1ebd, kh\u00f4 r\u00e1o, kh\u00f4ng c\u00f2n b\u1ee5i b\u1ea9n.<\/li>\n<li>Ng\u0103n ch\u1eb7n s\u1ef1 ph\u00e1t tri\u1ec3n c\u1ee7a vi khu\u1ea9n, virus, n\u1ea5m m\u1ed1c.<\/li>\n<li>B\u1ea3o v\u1ec7 c\u00e1c thi\u1ebft b\u1ecb, \u0111\u1ed3 d\u00f9ng trong nh\u00e0 tr\u00e1nh b\u1ecb h\u01b0 h\u1ecfng, ch\u1eadp ch\u00e1y khi n\u1ed3m \u1ea9m.<\/li>\n<\/ul>\n<p class=\"_ilcss0_\"><img decoding=\"async\" loading=\"lazy\" class=\"aligncenter\" title=\"M\u00e1y h\u00fat \u1ea9m d\u00f9ng cho gia \u0111\u00ecnh\" src=\"https:\/\/i0.wp.com\/s.meta.com.vn\/Data\/image\/2022\/03\/14\/may-hut-am-va-loc-khong-khi-ultty-luk012-9.jpg?resize=666%2C500&#038;ssl=1\" alt=\"M\u00e1y h\u00fat \u1ea9m gia \u0111\u00ecnh\" width=\"666\" height=\"500\" data-xsrc=\"\/Data\/image\/2022\/03\/14\/may-hut-am-va-loc-khong-khi-ultty-luk012-9.jpg\" data-recalc-dims=\"1\" \/><\/p>\n<h3>L\u1ef1a ch\u1ecdn \u0111\u01b0\u1ee3c ch\u1ebf \u0111\u1ed9 h\u00fat \u1ea9m<\/h3>\n<p>M\u00e1y h\u00fat \u1ea9m Ultty\u00a0c\u00f3 4 ch\u1ebf \u0111\u1ed9 ho\u1ea1t \u0111\u1ed9ng, 3 m\u00e0u ch\u1ec9 th\u1ecb, 2 t\u1ed1c \u0111\u1ed9 qu\u1ea1t:<\/p>\n<ul>\n<li>Ch\u1ebf \u0111\u1ed9 ho\u1ea1t \u0111\u1ed9ng c\u00f3 th\u1ec3 chuy\u1ec3n \u0111\u1ed5i t\u1ef1 do gi\u1eefa ng\u00e0y n\u1eafng (60% RH), ng\u00e0y m\u01b0a (40% RH), li\u00ean t\u1ee5c \/ kh\u00f4 (20% RH) v\u00e0 ch\u1ebf \u0111\u1ed9 ng\u1ee7.<\/li>\n<\/ul>\n<p class=\"_ilcss0_\"><img decoding=\"async\" loading=\"lazy\" class=\"aligncenter\" title=\"M\u00e1y h\u00fat \u1ea9m c\u00e0i \u0111\u1eb7t \u0111\u01b0\u1ee3c ch\u1ebf \u0111\u1ed9 h\u00fat \u1ea9m\" src=\"https:\/\/i0.wp.com\/s.meta.com.vn\/Data\/image\/2022\/03\/14\/may-hut-am-va-loc-khong-khi-ultty-luk012-11.jpg?resize=666%2C500&#038;ssl=1\" alt=\"M\u00e1y h\u00fat \u1ea9m v\u00e0 l\u1ecdc kh\u00f4ng kh\u00ed \" width=\"666\" height=\"500\" data-xsrc=\"\/Data\/image\/2022\/03\/14\/may-hut-am-va-loc-khong-khi-ultty-luk012-11.jpg\" data-recalc-dims=\"1\" \/><\/p>\n<ul>\n<li>Khi v\u1eadn h\u00e0nh \u1edf ch\u1ebf \u0111\u1ed9 ng\u1ee7 th\u00ec\u00a0m\u00e1y h\u00fat \u1ea9m gia \u0111\u00ecnh\u00a0ch\u1ec9 c\u00f3 \u0111\u1ed9 \u1ed3n 36 dB(A), r\u1ea5t y\u00ean t\u0129nh. Sau khi b\u1eadt ch\u1ebf \u0111\u1ed9 ng\u1ee7, \u0111\u00e8n ch\u1ec9 ch\u1ecb s\u1ebd m\u1edd d\u1ea7n trong 10s, qu\u1ea1t t\u1ef1 \u0111\u1ed9ng chuy\u1ec3n v\u1ec1 t\u1ed1c \u0111\u1ed9 th\u1ea5p, \u0111\u1ea3m b\u1ea3o kh\u00f4ng gian tho\u1ea3i m\u00e1i v\u00e0 y\u00ean t\u0129nh nh\u1ea5t, tr\u00e1nh l\u00e0m \u1ea3nh h\u01b0\u1edfng t\u1edbi gi\u1ea5c ng\u1ee7 c\u1ee7a b\u1ea1n.<\/li>\n<\/ul>\n<p class=\"_ilcss0_\"><img decoding=\"async\" loading=\"lazy\" class=\"aligncenter\" title=\"M\u00e1y h\u00fat \u1ea9m v\u1eadn h\u00e0nh \u00eam \u00e1i\" src=\"https:\/\/i0.wp.com\/s.meta.com.vn\/Data\/image\/2022\/03\/14\/may-hut-am-va-loc-khong-khi-ultty-luk012-14.jpg?resize=666%2C500&#038;ssl=1\" alt=\"M\u00e1y h\u00fat \u1ea9m Ultty\" width=\"666\" height=\"500\" data-xsrc=\"\/Data\/image\/2022\/03\/14\/may-hut-am-va-loc-khong-khi-ultty-luk012-14.jpg\" data-recalc-dims=\"1\" \/><\/p>\n<ul>\n<li>\u0110\u00e8n LED 3 m\u00e0u cho bi\u1ebft \u0111\u1ed9 \u1ea9m c\u1ee7a c\u0103n ph\u00f2ng: M\u00e0u xanh d\u01b0\u01a1ng ch\u1ec9 th\u1ecb \u0111\u1ed9 \u1ea9m d\u01b0\u1edbi 60%, m\u00e0u xanh l\u00e1 c\u00e2y ch\u1ec9 th\u1ecb \u0111\u1ed9 \u1ea9m t\u1eeb 60% \u0111\u1ebfn 80%, m\u00e0u \u0111\u1ecf c\u1ea3nh b\u00e1o \u0111\u1ed9 \u1ea9m tr\u00ean 80%.<\/li>\n<li>M\u00e1y h\u00fat \u1ea9m c\u00f3 2 t\u1ed1c \u0111\u1ed9 qu\u1ea1t, v\u1eeba \u0111\u1ea3m b\u1ea3o h\u00fat \u1ea9m hi\u1ec7u qu\u1ea3 v\u1eeba t\u1ea1o c\u1ea3m gi\u00e1c tho\u1ea3i m\u00e1i khi ngh\u1ec9 ng\u01a1i.<\/li>\n<\/ul>\n<p class=\"_ilcss0_\"><img decoding=\"async\" loading=\"lazy\" class=\"aligncenter\" title=\"\u0110\u00e8n hi\u1ec3n th\u1ecb tr\u00ean m\u00e1y\" src=\"https:\/\/i0.wp.com\/s.meta.com.vn\/Data\/image\/2022\/03\/14\/may-hut-am-va-loc-khong-khi-ultty-luk012-13.jpg?resize=666%2C500&#038;ssl=1\" alt=\"Ultty LUKO12\" width=\"666\" height=\"500\" data-xsrc=\"\/Data\/image\/2022\/03\/14\/may-hut-am-va-loc-khong-khi-ultty-luk012-13.jpg\" data-recalc-dims=\"1\" \/><\/p>\n<h3>D\u1ec5 s\u1eed d\u1ee5ng<\/h3>\n<ul>\n<li>M\u00e1y h\u00fat \u1ea9m\u00a0s\u1eed d\u1ee5ng b\u1ea3ng \u0111i\u1ec1u khi\u1ec3n c\u1ea3m bi\u1ebfn, v\u1eadn h\u00e0nh \u0111\u01a1n gi\u1ea3n.<\/li>\n<li>M\u00e1y c\u00f3 trang b\u1ecb m\u00e0n h\u00ecnh LED \u0111\u1ec3 hi\u1ec3n th\u1ecb c\u00e1c th\u00f4ng s\u1ed1 v\u00e0 ch\u1ebf \u0111\u1ed9 ho\u1ea1t \u0111\u1ed9ng, gi\u00fap b\u1ea1n d\u1ec5 d\u00e0ng theo d\u00f5i v\u00e0 \u0111i\u1ec1u ch\u1ec9nh.<\/li>\n<li>M\u00e1y c\u00f3 tay c\u1ea7m v\u00e0 b\u00e1nh xe thu\u1eadn ti\u1ec7n di chuy\u1ec3n sang c\u00e1c ph\u00f2ng kh\u00e1c nhau.<\/li>\n<\/ul>\n<p class=\"_ilcss0_\"><img decoding=\"async\" loading=\"lazy\" class=\"aligncenter\" title=\"M\u00e1y h\u00fat \u1ea9m c\u00f3 b\u00e1nh xe \" src=\"https:\/\/i0.wp.com\/s.meta.com.vn\/Data\/image\/2022\/03\/14\/may-hut-am-va-loc-khong-khi-ultty-luk012-10.jpg?resize=666%2C500&#038;ssl=1\" alt=\"LuKO12\" width=\"666\" height=\"500\" data-xsrc=\"\/Data\/image\/2022\/03\/14\/may-hut-am-va-loc-khong-khi-ultty-luk012-10.jpg\" data-recalc-dims=\"1\" \/><\/p>\n<h3>T\u00ednh n\u0103ng hi\u1ec7n \u0111\u1ea1i kh\u00e1c<\/h3>\n<ul>\n<li>B\u00ecnh ch\u1ee9a n\u01b0\u1edbc c\u00f3 dung t\u00edch 2 l\u00edt,\u00a0c\u00f3 th\u1ec3 th\u00e1o r\u1eddi v\u1edbi \u1ed1ng x\u1ea3, t\u1ef1 \u0111\u1ed9ng d\u1eebng khi b\u00ecnh \u0111\u1ea7y v\u00e0 h\u1ed7 tr\u1ee3 tho\u00e1t n\u01b0\u1edbc li\u00ean t\u1ee5c.<\/li>\n<li>Ch\u1ee9c n\u0103ng h\u1eb9n gi\u1edd t\u1eaft l\u00ean \u0111\u1ebfn 24 ti\u1ebfng.<\/li>\n<li>H\u1ec7 th\u1ed1ng ki\u1ec3m so\u00e1t \u0111\u1ed9 \u1ea9m v\u00e0 an to\u00e0n cho ph\u00e9p b\u1ea1n ki\u1ec3m so\u00e1t \u0111\u1ed9 \u1ea9m trong ph\u00f2ng t\u1eeb 20% \u0111\u1ebfn 95%.<\/li>\n<li>M\u00e1y c\u00f3 h\u1ec7 th\u1ed1ng x\u1ea3 \u0111\u00e1 t\u1ef1 \u0111\u1ed9ng v\u00e0 b\u1ed9 l\u1ecdc kh\u00ed d\u1ec5 d\u00e0ng v\u1ec7 sinh, \u0111\u1ea3m b\u1ea3o hi\u1ec7u qu\u1ea3 h\u00fat \u1ea9m v\u00e0 ch\u1ee9c n\u0103ng l\u1ecdc kh\u00f4ng kh\u00ed.<\/li>\n<\/ul>\n<p class=\"_ilcss0_\"><img decoding=\"async\" loading=\"lazy\" class=\"aligncenter\" title=\"M\u00e1y t\u1ea1o ra ion \u00e2m di\u1ec7t khu\u1ea9n\" src=\"https:\/\/i0.wp.com\/s.meta.com.vn\/Data\/image\/2022\/03\/14\/may-hut-am-va-loc-khong-khi-ultty-luk012-12.jpg?resize=666%2C500&#038;ssl=1\" alt=\"M\u00e1y l\u1ecdc kh\u00f4ng kh\u00ed Ultty \" width=\"666\" height=\"500\" data-xsrc=\"\/Data\/image\/2022\/03\/14\/may-hut-am-va-loc-khong-khi-ultty-luk012-12.jpg\" data-recalc-dims=\"1\" \/><\/p>\n<p><strong>L\u01b0u \u00fd:<\/strong>\u00a0H\u00ecnh \u1ea3nh s\u1ea3n ph\u1ea9m ch\u1ec9 c\u00f3 t\u00ednh ch\u1ea5t minh h\u1ecda, chi ti\u1ebft s\u1ea3n ph\u1ea9m, m\u00e0u s\u1eafc, thi\u1ebft k\u1ebf v\u00e0 th\u00f4ng s\u1ed1 k\u1ef9 thu\u1eadt c\u00f3 th\u1ec3 thay \u0111\u1ed5i t\u00f9y theo s\u1ea3n ph\u1ea9m th\u1ef1c t\u1ebf m\u00e0 kh\u00f4ng c\u1ea7n th\u00f4ng b\u00e1o tr\u01b0\u1edbc.<\/p>\n<\/div>\n<\/div>\n<\/article>\n","protected":false},"excerpt":{"rendered":"<table style=\"height: 228px;\" width=\"358\">\n<tbody>\n<tr>\n<td style=\"width: 171.203px;\">K\u00edch th\u01b0\u1edbc<\/td>\n<td style=\"width: 170.797px;\">28cm x 20cm x 50cm<\/td>\n<\/tr>\n<tr>\n<td style=\"width: 171.203px;\">Tr\u1ecdng l\u01b0\u1ee3ng s\u1ea3n ph\u1ea9m<\/td>\n<td style=\"width: 170.797px;\">12kg<\/td>\n<\/tr>\n<tr>\n<td style=\"width: 171.203px;\">Tr\u1ecdng l\u01b0\u1ee3ng bao b\u00ec<\/td>\n<td style=\"width: 170.797px;\">13,5kg<\/td>\n<\/tr>\n<tr>\n<td style=\"width: 171.203px;\">Xu\u1ea5t x\u1ee9 th\u01b0\u01a1ng hi\u1ec7u<\/td>\n<td style=\"width: 170.797px;\">Ph\u00e1p<\/td>\n<\/tr>\n<tr>\n<td style=\"width: 171.203px;\">S\u1ea3n xu\u1ea5t t\u1ea1i<\/td>\n<td style=\"width: 170.797px;\">Trung Qu\u1ed1c<\/td>\n<\/tr>\n<tr>\n<td style=\"width: 171.203px;\">B\u1ea3o h\u00e0nh<\/td>\n<td style=\"width: 170.797px;\">24 th\u00e1ng<\/td>\n<\/tr>\n<\/tbody>\n<\/table>\n","protected":false},"featured_media":3584,"comment_status":"open","ping_status":"closed","template":"","meta":[],"product_cat":[272],"product_tag":[274,276,275,273],"jetpack-related-posts":[{"id":3591,"url":"https:\/\/tp-electric.vn\/index.php\/san-pham\/may-hut-bui-va-lau-nha-ultty-v08\/","url_meta":{"origin":3580,"position":0},"title":"M\u00e1y h\u00fat b\u1ee5i v\u00e0 lau nh\u00e0 Ultty V08","author":"","date":"22\/06\/2023","format":false,"excerpt":"K\u00edch th\u01b0\u1edbc 1.200mm x 230mm x 240mm Tr\u1ecdng l\u01b0\u1ee3ng s\u1ea3n ph\u1ea9m 1,1kg Tr\u1ecdng l\u01b0\u1ee3ng bao b\u00ec 700mm x 370mm x 190mm Xu\u1ea5t x\u1ee9 th\u01b0\u01a1ng hi\u1ec7u Ph\u00e1p S\u1ea3n xu\u1ea5t t\u1ea1i Trung Qu\u1ed1c B\u1ea3o h\u00e0nh 24 th\u00e1ng","rel":"","context":"Similar post","block_context":{"text":"Similar post","link":""},"img":{"alt_text":"","src":"https:\/\/i0.wp.com\/tp-electric.vn\/wp-content\/uploads\/2023\/06\/may-hut-bui-va-lau-nha-ultty-v08.jpg?fit=800%2C600&ssl=1&resize=350%2C200","width":350,"height":200,"srcset":"https:\/\/i0.wp.com\/tp-electric.vn\/wp-content\/uploads\/2023\/06\/may-hut-bui-va-lau-nha-ultty-v08.jpg?fit=800%2C600&ssl=1&resize=350%2C200 1x, https:\/\/i0.wp.com\/tp-electric.vn\/wp-content\/uploads\/2023\/06\/may-hut-bui-va-lau-nha-ultty-v08.jpg?fit=800%2C600&ssl=1&resize=700%2C400 2x"},"classes":[]},{"id":3602,"url":"https:\/\/tp-electric.vn\/index.php\/san-pham\/robot-hut-bui-lau-nha-ultty-skj-rb01x\/","url_meta":{"origin":3580,"position":1},"title":"Robot h\u00fat b\u1ee5i lau nh\u00e0 Ultty SKJ RB01X","author":"","date":"22\/06\/2023","format":false,"excerpt":"Tr\u1ecdng l\u01b0\u1ee3ng s\u1ea3n ph\u1ea9m 3kg Tr\u1ecdng l\u01b0\u1ee3ng bao b\u00ec 6kg Xu\u1ea5t x\u1ee9 th\u01b0\u01a1ng hi\u1ec7u Ph\u00e1p S\u1ea3n xu\u1ea5t t\u1ea1i Trung Qu\u1ed1c B\u1ea3o h\u00e0nh 24 th\u00e1ng T\u01b0\u1eddng \u1ea3o Kh\u00f4ng","rel":"","context":"Similar post","block_context":{"text":"Similar post","link":""},"img":{"alt_text":"","src":"https:\/\/i0.wp.com\/tp-electric.vn\/wp-content\/uploads\/2023\/06\/robot-hut-bui-lau-nha-ultty-skj-rb01x-a.jpg?fit=600%2C600&ssl=1&resize=350%2C200","width":350,"height":200},"classes":[]},{"id":3701,"url":"https:\/\/tp-electric.vn\/index.php\/san-pham\/quat-loc-khong-khi-va-khu-khuan-u-ultty-bb\/","url_meta":{"origin":3580,"position":2},"title":"Qu\u1ea1t l\u1ecdc kh\u00f4ng kh\u00ed v\u00e0 kh\u1eed khu\u1ea9n U ULTTY BB","author":"","date":"16\/08\/2023","format":false,"excerpt":"L\u1ecdc t\u1edbi 99,95% t\u1ea5t c\u1ea3 c\u00e1c ch\u1ea5t \u00f4 nhi\u1ec5m trong kh\u00f4ng kh\u00ed L\u00e0m s\u1ea1ch kh\u00f4ng kh\u00ed qua m\u00e0ng l\u1ecdc HEPA + kh\u1eed tr\u00f9ng c\u00f4ng ngh\u1ec7 Plasmacluster Ion Thanh l\u1ecdc to\u00e0n b\u1ed9 ng\u00f4i nh\u00e0 ch\u1ec9 trong 45 ph\u00fat \u0110\u1ed9ng c\u01a1 \u00eam \u00e1i v\u00e0 m\u1ea1nh m\u1ebd, v\u1edbi 9 c\u1ea5p \u0111\u1ed9 l\u00e0m m\u00e1t\u2026","rel":"","context":"Similar post","block_context":{"text":"Similar post","link":""},"img":{"alt_text":"","src":"https:\/\/i0.wp.com\/tp-electric.vn\/wp-content\/uploads\/2023\/08\/MAY-LOC-04-scaled.jpg?fit=1200%2C1200&ssl=1&resize=350%2C200","width":350,"height":200,"srcset":"https:\/\/i0.wp.com\/tp-electric.vn\/wp-content\/uploads\/2023\/08\/MAY-LOC-04-scaled.jpg?fit=1200%2C1200&ssl=1&resize=350%2C200 1x, https:\/\/i0.wp.com\/tp-electric.vn\/wp-content\/uploads\/2023\/08\/MAY-LOC-04-scaled.jpg?fit=1200%2C1200&ssl=1&resize=700%2C400 2x, https:\/\/i0.wp.com\/tp-electric.vn\/wp-content\/uploads\/2023\/08\/MAY-LOC-04-scaled.jpg?fit=1200%2C1200&ssl=1&resize=1050%2C600 3x"},"classes":[]},{"id":3620,"url":"https:\/\/tp-electric.vn\/index.php\/san-pham\/quat-thap-2-chieu-suoi-am-va-lam-mat-ultty-skj-cr018h\/","url_meta":{"origin":3580,"position":3},"title":"Qu\u1ea1t th\u00e1p 2 chi\u1ec1u s\u01b0\u1edfi \u1ea5m v\u00e0 l\u00e0m m\u00e1t Ultty SKJ-CR018H","author":"","date":"22\/06\/2023","format":false,"excerpt":"K\u00edch th\u01b0\u1edbc Cao x \u0110\u01b0\u1eddng k\u00ednh ch\u00e2n \u0111\u1ebf\u00a0(101cm x 23,5cm) Tr\u1ecdng l\u01b0\u1ee3ng s\u1ea3n ph\u1ea9m 3,5kg Tr\u1ecdng l\u01b0\u1ee3ng bao b 5,5kg B\u1ea3o h\u00e0nh 24 th\u00e1ng Xu\u1ea5t x\u1ee9 th\u01b0\u01a1ng hi\u1ec7u Ph\u00e1p S\u1ea3n xu\u1ea5t t\u1ea1i Trung Qu\u1ed1c","rel":"","context":"Similar post","block_context":{"text":"Similar post","link":""},"img":{"alt_text":"","src":"https:\/\/i0.wp.com\/tp-electric.vn\/wp-content\/uploads\/2023\/06\/quat-thap-2-chieu-ultty-skj-cr018h-g.jpg?fit=700%2C500&ssl=1&resize=350%2C200","width":350,"height":200,"srcset":"https:\/\/i0.wp.com\/tp-electric.vn\/wp-content\/uploads\/2023\/06\/quat-thap-2-chieu-ultty-skj-cr018h-g.jpg?fit=700%2C500&ssl=1&resize=350%2C200 1x, https:\/\/i0.wp.com\/tp-electric.vn\/wp-content\/uploads\/2023\/06\/quat-thap-2-chieu-ultty-skj-cr018h-g.jpg?fit=700%2C500&ssl=1&resize=700%2C400 2x"},"classes":[]},{"id":3574,"url":"https:\/\/tp-electric.vn\/index.php\/san-pham\/quat-thap-loc-khong-khi-cap-am-ultty-skj-cr022-co-tia-uvc-khu-khuan\/","url_meta":{"origin":3580,"position":4},"title":"Qu\u1ea1t th\u00e1p l\u1ecdc kh\u00f4ng kh\u00ed c\u1ea5p \u1ea9m Ultty SKJ-CR022 c\u00f3 tia UVC kh\u1eed khu\u1ea9n","author":"","date":"22\/06\/2023","format":false,"excerpt":"Lo\u1ea1i Qu\u1ea1t kh\u00f4ng c\u00e1nh Tr\u1ecdng l\u01b0\u1ee3ng s\u1ea3n ph\u1ea9m 3,2kg B\u1ea3o h\u00e0nh 24 th\u00e1ng S\u1ea3n xu\u1ea5t t\u1ea1i Trung Qu\u1ed1c","rel":"","context":"Similar post","block_context":{"text":"Similar post","link":""},"img":{"alt_text":"","src":"https:\/\/i0.wp.com\/tp-electric.vn\/wp-content\/uploads\/2023\/06\/quat-thap-loc-khong-khi-cap-am-ultty-skj-cr022.jpg?fit=600%2C450&ssl=1&resize=350%2C200","width":350,"height":200},"classes":[]},{"id":3553,"url":"https:\/\/tp-electric.vn\/index.php\/san-pham\/binh-dien-phan-phun-suong-diet-khuan-ultty-skj-crs01-hang-chinh-hang\/","url_meta":{"origin":3580,"position":5},"title":"B\u00ecnh \u0111i\u1ec7n ph\u00e2n phun s\u01b0\u01a1ng di\u1ec7t khu\u1ea9n Ultty SKJ-CRS01 &#8211; H\u00e0ng ch\u00ednh h\u00e3ng","author":"","date":"22\/06\/2023","format":false,"excerpt":"C\u00f4ng su\u1ea5t 26W Ngu\u1ed3n \u0111i\u1ec7n \u00e1p AC 100V - 240V\/50Hz - 60Hz Dung t\u00edch 330ml Kh\u1ea3 n\u0103ng di\u1ec7t khu\u1ea9n 99,9% Xu\u1ea5t x\u1ee9 th\u01b0\u01a1ng hi\u1ec7u Ph\u00e1p S\u1ea3n xu\u1ea5t t\u1ea1i \u0110\u1ee9c B\u1ea3o h\u00e0nh 24 th\u00e1ng","rel":"","context":"Similar post","block_context":{"text":"Similar post","link":""},"img":{"alt_text":"","src":"https:\/\/i0.wp.com\/tp-electric.vn\/wp-content\/uploads\/2023\/06\/binh-dien-phan-phun-suong-diet-khuan-ultty-skj-crs01-g.jpg?fit=800%2C600&ssl=1&resize=350%2C200","width":350,"height":200,"srcset":"https:\/\/i0.wp.com\/tp-electric.vn\/wp-content\/uploads\/2023\/06\/binh-dien-phan-phun-suong-diet-khuan-ultty-skj-crs01-g.jpg?fit=800%2C600&ssl=1&resize=350%2C200 1x, https:\/\/i0.wp.com\/tp-electric.vn\/wp-content\/uploads\/2023\/06\/binh-dien-phan-phun-suong-diet-khuan-ultty-skj-crs01-g.jpg?fit=800%2C600&ssl=1&resize=700%2C400 2x"},"classes":[]}],"_links":{"self":[{"href":"https:\/\/tp-electric.vn\/index.php\/wp-json\/wp\/v2\/product\/3580"}],"collection":[{"href":"https:\/\/tp-electric.vn\/index.php\/wp-json\/wp\/v2\/product"}],"about":[{"href":"https:\/\/tp-electric.vn\/index.php\/wp-json\/wp\/v2\/types\/product"}],"replies":[{"embeddable":true,"href":"https:\/\/tp-electric.vn\/index.php\/wp-json\/wp\/v2\/comments?post=3580"}],"wp:featuredmedia":[{"embeddable":true,"href":"https:\/\/tp-electric.vn\/index.php\/wp-json\/wp\/v2\/media\/3584"}],"wp:attachment":[{"href":"https:\/\/tp-electric.vn\/index.php\/wp-json\/wp\/v2\/media?parent=3580"}],"wp:term":[{"taxonomy":"product_cat","embeddable":true,"href":"https:\/\/tp-electric.vn\/index.php\/wp-json\/wp\/v2\/product_cat?post=3580"},{"taxonomy":"product_tag","embeddable":true,"href":"https:\/\/tp-electric.vn\/index.php\/wp-json\/wp\/v2\/product_tag?post=3580"}],"curies":[{"name":"wp","href":"https:\/\/api.w.org\/{rel}","templated":true}]}}