{"id":3574,"date":"2023-06-22T14:18:38","date_gmt":"2023-06-22T07:18:38","guid":{"rendered":"https:\/\/tp-electric.vn\/?post_type=product&#038;p=3574"},"modified":"2024-12-12T15:11:39","modified_gmt":"2024-12-12T08:11:39","slug":"quat-thap-loc-khong-khi-cap-am-ultty-skj-cr022-co-tia-uvc-khu-khuan","status":"publish","type":"product","link":"https:\/\/tp-electric.vn\/index.php\/san-pham\/quat-thap-loc-khong-khi-cap-am-ultty-skj-cr022-co-tia-uvc-khu-khuan\/","title":{"rendered":"Qu\u1ea1t th\u00e1p l\u1ecdc kh\u00f4ng kh\u00ed c\u1ea5p \u1ea9m Ultty SKJ-CR022 c\u00f3 tia UVC kh\u1eed khu\u1ea9n"},"content":{"rendered":"<div class=\"prod-Specifications\">\n<div class=\"prod-Spec-main\">\n<div class=\"title-specs\">\n<h2>Th\u00f4ng s\u1ed1 k\u1ef9 thu\u1eadt<\/h2>\n<table>\n<tbody>\n<tr>\n<td width=\"312\">Lo\u1ea1i<\/td>\n<td width=\"312\">Qu\u1ea1t kh\u00f4ng c\u00e1nh<\/td>\n<\/tr>\n<tr>\n<td width=\"312\">C\u00f4ng su\u1ea5t<\/td>\n<td width=\"312\">32W &#8211; 36W<\/td>\n<\/tr>\n<tr>\n<td width=\"312\">L\u01b0u l\u01b0\u1ee3ng gi\u00f3<\/td>\n<td width=\"312\">4,5 m\/s<\/td>\n<\/tr>\n<tr>\n<td width=\"312\">T\u1ed1c \u0111\u1ed9 gi\u00f3<\/td>\n<td width=\"312\">10 t\u1ed1c \u0111\u1ed9<\/td>\n<\/tr>\n<tr>\n<td width=\"312\">Ch\u1ee9c n\u0103ng<\/td>\n<td width=\"312\">L\u00e0m m\u00e1t, L\u1ecdc kh\u00f4ng kh\u00ed<\/td>\n<\/tr>\n<tr>\n<td width=\"312\">H\u1eb9n gi\u1edd<\/td>\n<td width=\"312\">1h &#8211; 8h\u00a0(C\u00f3)<\/td>\n<\/tr>\n<tr>\n<td width=\"312\">\u0110\u1ed9 \u1ed3n<\/td>\n<td width=\"312\">&lt; 55dBa<\/td>\n<\/tr>\n<tr>\n<td width=\"312\">G\u00f3c quay<\/td>\n<td width=\"312\">80 \u0111\u1ed9<\/td>\n<\/tr>\n<tr>\n<td width=\"312\">Ngu\u1ed3n \u0111i\u1ec7n \u00e1p<\/td>\n<td width=\"312\">110V-220V\/50Hz-60Hz<\/td>\n<\/tr>\n<tr>\n<td width=\"312\">Tr\u1ecdng l\u01b0\u1ee3ng s\u1ea3n ph\u1ea9m<\/td>\n<td width=\"312\">3,2kg<\/td>\n<\/tr>\n<tr>\n<td width=\"312\">B\u1ea3o h\u00e0nh<\/td>\n<td width=\"312\">24 th\u00e1ng<\/td>\n<\/tr>\n<tr>\n<td width=\"312\">S\u1ea3n xu\u1ea5t t\u1ea1i<\/td>\n<td width=\"312\">Trung Qu\u1ed1c<\/td>\n<\/tr>\n<\/tbody>\n<\/table>\n<\/div>\n<\/div>\n<\/div>\n<div class=\"title-specs\">\n<h2>Th\u00f4ng tin s\u1ea3n ph\u1ea9m<\/h2>\n<\/div>\n<article class=\"show-content-main\">\n<div class=\"readall-wrapper\">\n<div class=\"prod-desc-content readall\">\n<h2>\u0110\u00e1nh gi\u00e1 qu\u1ea1t kh\u00f4ng c\u00e1nh Ultty SKJ-CR022<\/h2>\n<p>Qu\u1ea1t th\u00e1p l\u1ecdc kh\u00f4ng kh\u00ed c\u1ea5p \u1ea9m Ultty SKJ-CR022\u00a0l\u00e0 d\u00f2ng qu\u1ea1t cao c\u1ea5p \u0111\u01b0\u1ee3c t\u00edch h\u1ee3p nhi\u1ec1u t\u00ednh n\u0103ng trong c\u00f9ng m\u1ed9t s\u1ea3n ph\u1ea9m nh\u01b0 l\u00e0m m\u00e1t, c\u1ea5p \u1ea9m, kh\u1eed khu\u1ea9n, l\u1ecdc kh\u00f4ng kh\u00ed. Qu\u1ea1t s\u1edf h\u1eefu ki\u1ec3u d\u00e1ng nh\u1ecf g\u1ecdn ti\u1ec7n l\u1ee3i v\u1edbi quai x\u00e1ch gi\u00fap vi\u1ec7c di chuy\u1ec3n tr\u1edf n\u00ean linh ho\u1ea1t, d\u1ec5 d\u00e0ng.<\/p>\n<p><strong>Th\u00f4ng minh v\u00e0 an to\u00e0n<\/strong><\/p>\n<p>Qu\u1ea1t th\u00e1p\u00a0Ultty SKJ-CR022 v\u1eadn h\u00e0nh an to\u00e0n v\u00e0 v\u00f4 c\u00f9ng th\u00f4ng minh \u0111\u1ea3m b\u1ea3o \u0111\u1ed9 an to\u00e0n cao, ng\u1eebng ho\u1ea1t \u0111\u1ed9ng ngay khi ph\u00e1t hi\u1ec7n nghi\u00eang, \u0111\u1ed5. S\u1ea3n ph\u1ea9m \u0111\u1ea1t c\u00e1c ti\u00eau chu\u1ea9n ki\u1ec3m \u0111\u1ecbnh kh\u1eaft khe nh\u1ea5t c\u1ee7a ch\u00e2u \u00c2u nh\u01b0: CE, CCC, GS&#8230;<\/p>\n<p class=\"_ilcss0_\" style=\"text-align: center;\"><img decoding=\"async\" loading=\"lazy\" class=\"aligncenter\" title=\"Qu\u1ea1t th\u00e1p l\u1ecdc kh\u00f4ng kh\u00ed c\u1ea5p \u1ea9m Ultty SKJ-CR022 c\u00f3 tia UVC kh\u1eed khu\u1ea9n\" src=\"https:\/\/i0.wp.com\/s.meta.com.vn\/Data\/image\/2021\/05\/11\/quat-thap-loc-khong-khi-cap-am-ultty-skjcr022-co-tia-uvc-khu-khuan-1.jpg?resize=700%2C525&#038;ssl=1\" alt=\"Qu\u1ea1t th\u00e1p l\u1ecdc kh\u00f4ng kh\u00ed c\u1ea5p \u1ea9m Ultty SKJ-CR022 c\u00f3 tia UVC kh\u1eed khu\u1ea9n\" width=\"700\" height=\"525\" data-xsrc=\"\/Data\/image\/2021\/05\/11\/quat-thap-loc-khong-khi-cap-am-ultty-skjcr022-co-tia-uvc-khu-khuan-1.jpg\" data-recalc-dims=\"1\" \/><br \/>\nQu\u1ea1t th\u00e1p l\u1ecdc kh\u00f4ng kh\u00ed c\u1ea5p \u1ea9m Ultty SKJ-CR022 c\u00f3 tia UVC kh\u1eed khu\u1ea9n<\/p>\n<p><strong>L\u00e0m m\u00e1t nhanh ch\u00f3ng<\/strong><\/p>\n<p>Ch\u1ee9c n\u0103ng \u0111\u1ea7u ti\u00ean khi nh\u1eafc \u0111\u1ebfn\u00a0SKJ-CR022 l\u00e0 kh\u1ea3 n\u0103ng l\u00e0m m\u00e1t nhanh ch\u00f3ng nh\u01b0\u00a0qu\u1ea1t \u0111i\u1ec7n\u00a0nh\u1edd \u1ee9ng d\u1ee5ng c\u00f4ng ngh\u1ec7 l\u00e0m m\u00e1t hi\u1ec7n \u0111\u1ea1i b\u1eadc nh\u1ea5t hi\u1ec7n nay g\u1ed3m\u00a0t\u0103ng \u00e1p tua bin,\u00a0b\u1ed9i kh\u00ed, t\u1ea3n nhi\u1ec7t 4D, k\u1ebft h\u1ee3p c\u00f9ng \u0111\u1ed9ng c\u01a1 DC kh\u00f4ng ch\u1ed5i than m\u1ea1nh m\u1ebd. Nh\u1edd \u0111\u00f3 qu\u1ea1t th\u00e1p c\u00f3 th\u1ec3 cung c\u1ea5p t\u1ed1c \u0111\u1ed9 gi\u00f3 l\u00ean t\u1edbi\u00a04,5 m\/s (16,2 km\/h).<\/p>\n<p class=\"_ilcss0_\" style=\"text-align: center;\"><img decoding=\"async\" loading=\"lazy\" class=\"aligncenter\" title=\"\u01afu \u0111i\u1ec3m n\u1ed5i b\u1eadt c\u1ee7a qu\u1ea1t th\u00e1p SKJ-CR022\" src=\"https:\/\/i0.wp.com\/s.meta.com.vn\/Data\/image\/2021\/05\/11\/quat-thap-loc-khong-khi-cap-am-ultty-skjcr022-co-tia-uvc-khu-khuan-2.jpg?resize=700%2C525&#038;ssl=1\" alt=\"\u01afu \u0111i\u1ec3m n\u1ed5i b\u1eadt c\u1ee7a qu\u1ea1t th\u00e1p SKJ-CR022\" width=\"700\" height=\"525\" data-xsrc=\"\/Data\/image\/2021\/05\/11\/quat-thap-loc-khong-khi-cap-am-ultty-skjcr022-co-tia-uvc-khu-khuan-2.jpg\" data-recalc-dims=\"1\" \/><br \/>\n\u01afu \u0111i\u1ec3m n\u1ed5i b\u1eadt c\u1ee7a qu\u1ea1t th\u00e1p<\/p>\n<p>Qu\u1ea1t c\u00f3 ch\u1ebf \u0111\u1ed9 quay tr\u00e1i ph\u1ea3i 80 \u0111\u1ed9, tr\u00ean d\u01b0\u1edbi 15 \u0111\u1ed9 gi\u00fap ph\u00e2n ph\u1ed1i gi\u00f3 \u0111\u1ec1u kh\u1eafp kh\u00f4ng gian l\u1eafp \u0111\u1eb7t. M\u00e1y c\u00f2n trang b\u1ecb 10\u00a0t\u1ed1c \u0111\u1ed9 gi\u00f3 v\u00e0 4 ch\u1ebf \u0111\u1ed9 ho\u1ea1t \u0111\u1ed9ng: T\u1ef1 \u0111\u1ed9ng, gi\u00f3 ng\u1ee7, gi\u00f3 t\u1ef1 nhi\u00ean, gi\u00f3 t\u0103ng \u00e1p linh ho\u1ea1t \u0111\u00e1p \u1ee9ng nhu c\u1ea7u s\u1eed d\u1ee5ng \u0111a d\u1ea1ng t\u1eeb ng\u01b0\u1eddi d\u00f9ng.<\/p>\n<p class=\"_ilcss0_\"><img decoding=\"async\" loading=\"lazy\" class=\"aligncenter\" title=\"Qu\u1ea1t SKJ-CR022 c\u00f3 ch\u1ebf \u0111\u1ed9 quay gi\u00fap l\u00e0m m\u00e1t kh\u00f4ng gian r\u1ed9ng\" src=\"https:\/\/i0.wp.com\/s.meta.com.vn\/Data\/image\/2022\/10\/31\/quat-thap-loc-khong-khi-cap-am-ultty-skj-cr022-7.jpg?resize=541%2C406&#038;ssl=1\" alt=\"Qu\u1ea1t SKJ-CR022 c\u00f3 ch\u1ebf \u0111\u1ed9 quay gi\u00fap l\u00e0m m\u00e1t kh\u00f4ng gian r\u1ed9ng\" width=\"541\" height=\"406\" data-xsrc=\"\/Data\/image\/2022\/10\/31\/quat-thap-loc-khong-khi-cap-am-ultty-skj-cr022-7.jpg\" data-recalc-dims=\"1\" \/><\/p>\n<p class=\"_ilcss0_\" style=\"text-align: center;\">C\u00f3 ch\u1ebf \u0111\u1ed9 quay tr\u00e1i ph\u1ea3i, tr\u00ean d\u01b0\u1edbi<\/p>\n<p class=\"_ilcss0_\" style=\"text-align: center;\"><img decoding=\"async\" loading=\"lazy\" title=\"Qu\u1ea1t Ultty SKJ-CR022 l\u00e0m m\u00e1t b\u1eb1ng c\u00f4ng ngh\u1ec7 hi\u1ec7n \u0111\u1ea1i\" src=\"https:\/\/i0.wp.com\/s.meta.com.vn\/Data\/image\/2021\/05\/11\/quat-thap-loc-khong-khi-cap-am-ultty-skjcr022-co-tia-uvc-khu-khuan-3.jpg?resize=600%2C450&#038;ssl=1\" alt=\"Qu\u1ea1t Ultty SKJ-CR022 l\u00e0m m\u00e1t b\u1eb1ng c\u00f4ng ngh\u1ec7 hi\u1ec7n \u0111\u1ea1i\" width=\"600\" height=\"450\" data-xsrc=\"\/Data\/image\/2021\/05\/11\/quat-thap-loc-khong-khi-cap-am-ultty-skjcr022-co-tia-uvc-khu-khuan-3.jpg\" data-recalc-dims=\"1\" \/><br \/>\nQu\u1ea1t l\u00e0m m\u00e1t b\u1eb1ng c\u00f4ng ngh\u1ec7 hi\u1ec7n \u0111\u1ea1i<\/p>\n<p><strong>L\u1ecdc kh\u00f4ng kh\u00ed hi\u1ec7u qu\u1ea3<\/strong><\/p>\n<p>Kh\u00f4ng ch\u1ec9 l\u00e0m m\u00e1t,\u00a0SKJ-CR022 c\u00f2n c\u00f3 th\u1ec3 l\u1ecdc kh\u00f4ng kh\u00ed th\u00f4ng qua m\u00e0ng l\u1ecdc\u00a0HEPA H13 360 \u0111\u1ed9. \u0110\u00e2y l\u00e0 m\u00e0ng l\u1ecdc chuy\u00ean \u0111\u01b0\u1ee3c l\u1eafp \u0111\u1eb7t trong c\u00e1c\u00a0<a title=\"M\u00e1y l\u1ecdc kh\u00f4ng kh\u00ed ch\u00ednh h\u00e3ng\" href=\"https:\/\/meta.vn\/may-loc-khong-khi-c664\">m\u00e1y l\u1ecdc kh\u00f4ng kh\u00ed\u00a0<\/a>cao c\u1ea5p c\u1ee7a ch\u00e2u \u00c2u. V\u1edbi m\u00e0ng l\u1ecdc \u0111\u01b0\u1ee3c n\u00e2ng c\u1ea5p k\u00edch th\u01b0\u1edbc l\u1edbn h\u01a1n 40% n\u00e0y, m\u00e0ng l\u1ecdc s\u1ebd lo\u1ea1i\u00a0b\u1ecf 99,97% b\u1ee5i b\u1ea9n, vi khu\u1ea9n, virut,\u00a0<a title=\"B\u1ee5i m\u1ecbn l\u00e0 g\u00ec? C\u00f3 t\u00e1c h\u1ea1i g\u00ec?\" href=\"https:\/\/meta.vn\/huong-dan\/tu-van\/bui-min-anh-huong-toi-suc-khoe-nhu-the-nao-top-may-loc-khong-khi-loc-duoc-bui-min-tot-nhat-hien-nay-4351\">b\u1ee5i m\u1ecbn<\/a>&#8230; mang l\u1ea1i kh\u00f4ng kh\u00ed trong l\u00e0nh, an to\u00e0n cho gia \u0111\u00ecnh b\u1ea1n.<\/p>\n<p class=\"_ilcss0_\" style=\"text-align: center;\"><img decoding=\"async\" loading=\"lazy\" class=\"aligncenter\" title=\"H\u1ec7 th\u1ed1ng m\u00e0ng l\u1ecdc cao c\u1ea5p c\u1ee7a qu\u1ea1t th\u00e1p SKJ-CR022\" src=\"https:\/\/i0.wp.com\/s.meta.com.vn\/Data\/image\/2021\/05\/11\/quat-thap-loc-khong-khi-cap-am-ultty-skjcr022-co-tia-uvc-khu-khuan-4.jpg?resize=600%2C450&#038;ssl=1\" alt=\"H\u1ec7 th\u1ed1ng m\u00e0ng l\u1ecdc cao c\u1ea5p c\u1ee7a qu\u1ea1t th\u00e1p SKJ-CR022\" width=\"600\" height=\"450\" data-xsrc=\"\/Data\/image\/2021\/05\/11\/quat-thap-loc-khong-khi-cap-am-ultty-skjcr022-co-tia-uvc-khu-khuan-4.jpg\" data-recalc-dims=\"1\" \/><br \/>\nH\u1ec7 th\u1ed1ng m\u00e0ng l\u1ecdc cao c\u1ea5p<\/p>\n<p><strong>3 ch\u1ebf \u0111\u1ed9 c\u1ea5p \u1ea9m<\/strong><\/p>\n<p>SKJ-CR022 \u0111i \u0111\u1ea7u trong c\u00e1c d\u00f2ng qu\u1ea1t c\u00f3 t\u00ednh n\u0103ng b\u00f9 \u1ea9m k\u1ecbp th\u1eddi. M\u00e1y trang b\u1ecb b\u00ecnh ch\u1ee9a n\u01b0\u1edbc c\u00f3 dung t\u00edch l\u00e0 1200ml k\u1ebft h\u1ee3p v\u1edbi 3 ch\u1ebf \u0111\u1ed9 c\u1ea5p \u1ea9m s\u1ebd t\u1ea1o \u0111\u1ed9 \u1ea9m t\u1ef1 \u0111\u1ed9ng ph\u00f9 h\u1ee3p v\u1edbi kh\u00f4ng gian l\u1eafp \u0111\u1eb7t.<\/p>\n<p><strong>Tia UV di\u1ec7t khu\u1ea9n<\/strong><\/p>\n<p>M\u00e1y t\u00edch h\u1ee3p\u00a0tia\u00a0UV\u00a0d\u1ea1ng module c\u00f3 t\u00e1c d\u1ee5ng di\u1ec7t khu\u1ea9n hi\u1ec7u qu\u1ea3.<\/p>\n<p class=\"_ilcss0_\" style=\"text-align: center;\"><img decoding=\"async\" loading=\"lazy\" class=\"aligncenter\" title=\"Qu\u1ea1t SKJ-CR022 t\u00edch h\u1ee3p tia UV di\u1ec7t m\u1ecdi vi khu\u1ea9n\" src=\"https:\/\/i0.wp.com\/s.meta.com.vn\/Data\/image\/2021\/05\/11\/quat-thap-loc-khong-khi-cap-am-ultty-skjcr022-co-tia-uvc-khu-khuan-6.jpg?resize=600%2C450&#038;ssl=1\" alt=\"Qu\u1ea1t SKJ-CR022 t\u00edch h\u1ee3p tia UV di\u1ec7t m\u1ecdi vi khu\u1ea9n\" width=\"600\" height=\"450\" data-xsrc=\"\/Data\/image\/2021\/05\/11\/quat-thap-loc-khong-khi-cap-am-ultty-skjcr022-co-tia-uvc-khu-khuan-6.jpg\" data-recalc-dims=\"1\" \/><br \/>\nTia UV di\u1ec7t m\u1ecdi vi khu\u1ea9n<\/p>\n<p><strong>M\u00e0n h\u00ecnh hi\u1ec3n th\u1ecb th\u00f4ng minh<\/strong><\/p>\n<p>M\u00e1y c\u00f3 m\u00e0n h\u00ecnh LED hi\u1ec3n th\u1ecb c\u00e1c th\u00f4ng s\u1ed1 k\u1ef9 thu\u1eadt m\u1ed9t c\u00e1ch ch\u00ednh x\u00e1c cho b\u1ea1n ti\u1ec7n theo d\u00f5i v\u00e0 \u0111i\u1ec1u khi\u1ec3n khi c\u1ea7n thi\u1ebft.<\/p>\n<p class=\"_ilcss0_\"><img decoding=\"async\" loading=\"lazy\" class=\"aligncenter\" title=\"M\u00e0n h\u00ecnh hi\u1ec3n th\u1ecb th\u00f4ng s\u1ed1 k\u1ef9 thu\u1eadt ch\u00ednh x\u00e1c\" src=\"https:\/\/i0.wp.com\/s.meta.com.vn\/Data\/image\/2021\/05\/11\/quat-thap-loc-khong-khi-cap-am-ultty-skjcr022-co-tia-uvc-khu-khuan-5.jpg?resize=600%2C450&#038;ssl=1\" alt=\"M\u00e0n h\u00ecnh hi\u1ec3n th\u1ecb th\u00f4ng s\u1ed1 k\u1ef9 thu\u1eadt ch\u00ednh x\u00e1c\" width=\"600\" height=\"450\" data-xsrc=\"\/Data\/image\/2021\/05\/11\/quat-thap-loc-khong-khi-cap-am-ultty-skjcr022-co-tia-uvc-khu-khuan-5.jpg\" data-recalc-dims=\"1\" \/><\/p>\n<p class=\"_ilcss0_\" style=\"text-align: center;\">M\u00e0n h\u00ecnh hi\u1ec3n th\u1ecb th\u00f4ng s\u1ed1 k\u1ef9 thu\u1eadt ch\u00ednh x\u00e1c<\/p>\n<p><strong>\u0110i\u1ec1u khi\u1ec3n qua App ti\u1ec7n l\u1ee3i<\/strong><\/p>\n<p>Qu\u1ea1t th\u00e1p l\u1ecdc kh\u00f4ng kh\u00ed c\u1ea5p \u1ea9m Ultty SKJ-CR022 c\u00f3 th\u1ec3 \u0111i\u1ec1u khi\u1ec3n tr\u1ef1c ti\u1ebfp qua app tr\u00ean \u0111i\u1ec7n tho\u1ea1i c\u1ee7a c\u00e1c h\u1ec7 \u0111i\u1ec1u h\u00e0nh kh\u00e1c nhau.<\/p>\n<p><strong>\u0110\u1ed9 \u1ed3n th\u1ea5p &#8211; h\u1eb9n gi\u1edd 8 ti\u1ebfng<\/strong><\/p>\n<p>B\u00ean c\u1ea1nh c\u00e1c ch\u1ee9c n\u0103ng ch\u00ednh,\u00a0qu\u1ea1t th\u00e1p Ultty\u00a0c\u00f2n c\u00f3 th\u1ec3 h\u1eb9n gi\u1edd t\u1eeb 1 &#8211; 8 ti\u1ebfng, cho b\u1ea1n ch\u1ee7 \u0111\u1ed9ng trong vi\u1ec7c \u0111i\u1ec1u ch\u1ec9nh qu\u1ea1t. Qu\u00e1 tr\u00ecnh ho\u1ea1t \u0111\u1ed9ng, qu\u1ea1t kh\u00f4ng t\u1ea1o ti\u1ebfng \u1ed3n l\u1edbn, kh\u00f4ng g\u00e2y \u1ea3nh h\u01b0\u1edfng \u0111\u1ebfn sinh ho\u1ea1t h\u00e0ng ng\u00e0y.<\/p>\n<p class=\"_ilcss0_\"><img decoding=\"async\" loading=\"lazy\" class=\"aligncenter\" title=\"Th\u00f4ng s\u1ed1 k\u1ef9 thu\u1eadt\" src=\"https:\/\/i0.wp.com\/s.meta.com.vn\/Data\/image\/2022\/10\/31\/quat-thap-loc-khong-khi-cap-am-ultty-skj-cr022-8.jpg?resize=700%2C525&#038;ssl=1\" alt=\"Th\u00f4ng s\u1ed1 k\u1ef9 thu\u1eadt\" width=\"700\" height=\"525\" data-xsrc=\"\/Data\/image\/2022\/10\/31\/quat-thap-loc-khong-khi-cap-am-ultty-skj-cr022-8.jpg\" data-recalc-dims=\"1\" \/><\/p>\n<p class=\"_ilcss0_\" style=\"text-align: center;\">Th\u00f4ng s\u1ed1 k\u1ef9 thu\u1eadt<\/p>\n<p><strong>L\u01b0u \u00fd:<\/strong>\u00a0H\u00ecnh \u1ea3nh s\u1ea3n ph\u1ea9m ch\u1ec9 c\u00f3 t\u00ednh ch\u1ea5t minh h\u1ecda, chi ti\u1ebft s\u1ea3n ph\u1ea9m, m\u00e0u s\u1eafc, thi\u1ebft k\u1ebf v\u00e0 th\u00f4ng s\u1ed1 k\u1ef9 thu\u1eadt c\u00f3 th\u1ec3 thay \u0111\u1ed5i t\u00f9y theo s\u1ea3n ph\u1ea9m th\u1ef1c t\u1ebf m\u00e0 kh\u00f4ng c\u1ea7n th\u00f4ng b\u00e1o tr\u01b0\u1edbc.<\/p>\n<\/div>\n<\/div>\n<\/article>\n","protected":false},"excerpt":{"rendered":"<table style=\"height: 50px; width: 335px;\">\n<tbody>\n<tr style=\"height: 17.3906px;\">\n<td style=\"width: 158.469px; height: 17.3906px;\">Lo\u1ea1i<\/td>\n<td style=\"width: 160.531px; height: 17.3906px;\">Qu\u1ea1t kh\u00f4ng c\u00e1nh<\/td>\n<\/tr>\n<tr style=\"height: 50px;\">\n<td style=\"width: 158.469px; height: 50px;\">Tr\u1ecdng l\u01b0\u1ee3ng s\u1ea3n ph\u1ea9m<\/td>\n<td style=\"width: 160.531px; height: 50px;\">3,2kg<\/td>\n<\/tr>\n<tr style=\"height: 50px;\">\n<td style=\"width: 158.469px; height: 50px;\">B\u1ea3o h\u00e0nh<\/td>\n<td style=\"width: 160.531px; height: 50px;\">24 th\u00e1ng<\/td>\n<\/tr>\n<tr style=\"height: 50px;\">\n<td style=\"width: 158.469px; height: 50px;\">S\u1ea3n xu\u1ea5t t\u1ea1i<\/td>\n<td style=\"width: 160.531px; height: 50px;\">Trung Qu\u1ed1c<\/td>\n<\/tr>\n<\/tbody>\n<\/table>\n","protected":false},"featured_media":3575,"comment_status":"open","ping_status":"closed","template":"","meta":[],"product_cat":[272],"product_tag":[],"jetpack-related-posts":[{"id":3620,"url":"https:\/\/tp-electric.vn\/index.php\/san-pham\/quat-thap-2-chieu-suoi-am-va-lam-mat-ultty-skj-cr018h\/","url_meta":{"origin":3574,"position":0},"title":"Qu\u1ea1t th\u00e1p 2 chi\u1ec1u s\u01b0\u1edfi \u1ea5m v\u00e0 l\u00e0m m\u00e1t Ultty SKJ-CR018H","author":"","date":"22\/06\/2023","format":false,"excerpt":"K\u00edch th\u01b0\u1edbc Cao x \u0110\u01b0\u1eddng k\u00ednh ch\u00e2n \u0111\u1ebf\u00a0(101cm x 23,5cm) Tr\u1ecdng l\u01b0\u1ee3ng s\u1ea3n ph\u1ea9m 3,5kg Tr\u1ecdng l\u01b0\u1ee3ng bao b 5,5kg B\u1ea3o h\u00e0nh 24 th\u00e1ng Xu\u1ea5t x\u1ee9 th\u01b0\u01a1ng hi\u1ec7u Ph\u00e1p S\u1ea3n xu\u1ea5t t\u1ea1i Trung Qu\u1ed1c","rel":"","context":"Similar post","block_context":{"text":"Similar post","link":""},"img":{"alt_text":"","src":"https:\/\/i0.wp.com\/tp-electric.vn\/wp-content\/uploads\/2023\/06\/quat-thap-2-chieu-ultty-skj-cr018h-g.jpg?fit=700%2C500&ssl=1&resize=350%2C200","width":350,"height":200,"srcset":"https:\/\/i0.wp.com\/tp-electric.vn\/wp-content\/uploads\/2023\/06\/quat-thap-2-chieu-ultty-skj-cr018h-g.jpg?fit=700%2C500&ssl=1&resize=350%2C200 1x, https:\/\/i0.wp.com\/tp-electric.vn\/wp-content\/uploads\/2023\/06\/quat-thap-2-chieu-ultty-skj-cr018h-g.jpg?fit=700%2C500&ssl=1&resize=700%2C400 2x"},"classes":[]},{"id":3580,"url":"https:\/\/tp-electric.vn\/index.php\/san-pham\/may-hut-am-va-loc-khong-khi-ultty-luk012\/","url_meta":{"origin":3574,"position":1},"title":"M\u00e1y h\u00fat \u1ea9m v\u00e0 l\u1ecdc kh\u00f4ng kh\u00ed Ultty LUK016","author":"","date":"22\/06\/2023","format":false,"excerpt":"K\u00edch th\u01b0\u1edbc 28cm x 20cm x 50cm Tr\u1ecdng l\u01b0\u1ee3ng s\u1ea3n ph\u1ea9m 12kg Tr\u1ecdng l\u01b0\u1ee3ng bao b\u00ec 13,5kg Xu\u1ea5t x\u1ee9 th\u01b0\u01a1ng hi\u1ec7u Ph\u00e1p S\u1ea3n xu\u1ea5t t\u1ea1i Trung Qu\u1ed1c B\u1ea3o h\u00e0nh 24 th\u00e1ng","rel":"","context":"Similar post","block_context":{"text":"Similar post","link":""},"img":{"alt_text":"","src":"https:\/\/i0.wp.com\/tp-electric.vn\/wp-content\/uploads\/2023\/06\/may-hut-am-va-loc-khong-khi-ultty-luk012-8.jpg?fit=666%2C500&ssl=1&resize=350%2C200","width":350,"height":200},"classes":[]},{"id":3701,"url":"https:\/\/tp-electric.vn\/index.php\/san-pham\/quat-loc-khong-khi-va-khu-khuan-u-ultty-bb\/","url_meta":{"origin":3574,"position":2},"title":"Qu\u1ea1t l\u1ecdc kh\u00f4ng kh\u00ed v\u00e0 kh\u1eed khu\u1ea9n U ULTTY BB","author":"","date":"16\/08\/2023","format":false,"excerpt":"L\u1ecdc t\u1edbi 99,95% t\u1ea5t c\u1ea3 c\u00e1c ch\u1ea5t \u00f4 nhi\u1ec5m trong kh\u00f4ng kh\u00ed L\u00e0m s\u1ea1ch kh\u00f4ng kh\u00ed qua m\u00e0ng l\u1ecdc HEPA + kh\u1eed tr\u00f9ng c\u00f4ng ngh\u1ec7 Plasmacluster Ion Thanh l\u1ecdc to\u00e0n b\u1ed9 ng\u00f4i nh\u00e0 ch\u1ec9 trong 45 ph\u00fat \u0110\u1ed9ng c\u01a1 \u00eam \u00e1i v\u00e0 m\u1ea1nh m\u1ebd, v\u1edbi 9 c\u1ea5p \u0111\u1ed9 l\u00e0m m\u00e1t\u2026","rel":"","context":"Similar post","block_context":{"text":"Similar post","link":""},"img":{"alt_text":"","src":"https:\/\/i0.wp.com\/tp-electric.vn\/wp-content\/uploads\/2023\/08\/MAY-LOC-04-scaled.jpg?fit=1200%2C1200&ssl=1&resize=350%2C200","width":350,"height":200,"srcset":"https:\/\/i0.wp.com\/tp-electric.vn\/wp-content\/uploads\/2023\/08\/MAY-LOC-04-scaled.jpg?fit=1200%2C1200&ssl=1&resize=350%2C200 1x, https:\/\/i0.wp.com\/tp-electric.vn\/wp-content\/uploads\/2023\/08\/MAY-LOC-04-scaled.jpg?fit=1200%2C1200&ssl=1&resize=700%2C400 2x, https:\/\/i0.wp.com\/tp-electric.vn\/wp-content\/uploads\/2023\/08\/MAY-LOC-04-scaled.jpg?fit=1200%2C1200&ssl=1&resize=1050%2C600 3x"},"classes":[]},{"id":3591,"url":"https:\/\/tp-electric.vn\/index.php\/san-pham\/may-hut-bui-va-lau-nha-ultty-v08\/","url_meta":{"origin":3574,"position":3},"title":"M\u00e1y h\u00fat b\u1ee5i v\u00e0 lau nh\u00e0 Ultty V08","author":"","date":"22\/06\/2023","format":false,"excerpt":"K\u00edch th\u01b0\u1edbc 1.200mm x 230mm x 240mm Tr\u1ecdng l\u01b0\u1ee3ng s\u1ea3n ph\u1ea9m 1,1kg Tr\u1ecdng l\u01b0\u1ee3ng bao b\u00ec 700mm x 370mm x 190mm Xu\u1ea5t x\u1ee9 th\u01b0\u01a1ng hi\u1ec7u Ph\u00e1p S\u1ea3n xu\u1ea5t t\u1ea1i Trung Qu\u1ed1c B\u1ea3o h\u00e0nh 24 th\u00e1ng","rel":"","context":"Similar post","block_context":{"text":"Similar post","link":""},"img":{"alt_text":"","src":"https:\/\/i0.wp.com\/tp-electric.vn\/wp-content\/uploads\/2023\/06\/may-hut-bui-va-lau-nha-ultty-v08.jpg?fit=800%2C600&ssl=1&resize=350%2C200","width":350,"height":200,"srcset":"https:\/\/i0.wp.com\/tp-electric.vn\/wp-content\/uploads\/2023\/06\/may-hut-bui-va-lau-nha-ultty-v08.jpg?fit=800%2C600&ssl=1&resize=350%2C200 1x, https:\/\/i0.wp.com\/tp-electric.vn\/wp-content\/uploads\/2023\/06\/may-hut-bui-va-lau-nha-ultty-v08.jpg?fit=800%2C600&ssl=1&resize=700%2C400 2x"},"classes":[]},{"id":3602,"url":"https:\/\/tp-electric.vn\/index.php\/san-pham\/robot-hut-bui-lau-nha-ultty-skj-rb01x\/","url_meta":{"origin":3574,"position":4},"title":"Robot h\u00fat b\u1ee5i lau nh\u00e0 Ultty SKJ RB01X","author":"","date":"22\/06\/2023","format":false,"excerpt":"Tr\u1ecdng l\u01b0\u1ee3ng s\u1ea3n ph\u1ea9m 3kg Tr\u1ecdng l\u01b0\u1ee3ng bao b\u00ec 6kg Xu\u1ea5t x\u1ee9 th\u01b0\u01a1ng hi\u1ec7u Ph\u00e1p S\u1ea3n xu\u1ea5t t\u1ea1i Trung Qu\u1ed1c B\u1ea3o h\u00e0nh 24 th\u00e1ng T\u01b0\u1eddng \u1ea3o Kh\u00f4ng","rel":"","context":"Similar post","block_context":{"text":"Similar post","link":""},"img":{"alt_text":"","src":"https:\/\/i0.wp.com\/tp-electric.vn\/wp-content\/uploads\/2023\/06\/robot-hut-bui-lau-nha-ultty-skj-rb01x-a.jpg?fit=600%2C600&ssl=1&resize=350%2C200","width":350,"height":200},"classes":[]},{"id":3115,"url":"https:\/\/tp-electric.vn\/index.php\/san-pham\/vua-chong-chay-charcoat-fm\/","url_meta":{"origin":3574,"position":5},"title":"V\u1eeeA CH\u1ed0NG CH\u00c1Y CHARCOAT FM","author":"","date":"14\/02\/2023","format":false,"excerpt":"Lo\u1ea1i s\u1ea3n ph\u1ea9m:V\u1eefa tr\u1ed9n s\u1eb5n T\u1ef7 l\u1ec7 tr\u1ed9n:2:1 M\u00e0u s\u1eafc:Tr\u1eafng ng\u00e0 Tr\u1ecdng l\u01b0\u1ee3ng:15 Kg\/bao (20 l\u00edt) Tr\u1ecdng l\u01b0\u1ee3ng ri\u00eang:900Kg\/m3 Th\u1eddi gian \u0111\u00f4ng c\u1ee9ng:d\u01b0\u1edbi 1 gi\u1edd Th\u1eddi gian \u0111\u00f4ng c\u1ee9ng ho\u00e0n to\u00e0n:T\u1ed1i \u0111a l\u00ean t\u1edbi 30 ng\u00e0y H\u1ea1n s\u1eed d\u1ee5ng:3 n\u0103m k\u1ec3 t\u1eeb ng\u00e0y s\u1ea3n xu\u1ea5t Product Description V\u1eefa ch\u1ed1ng ch\u00e1y\u2026","rel":"","context":"Similar post","block_context":{"text":"Similar post","link":""},"img":{"alt_text":"","src":"https:\/\/i0.wp.com\/tp-electric.vn\/wp-content\/uploads\/2023\/02\/CharCoat-FM-Mortar-front-923x1024-1.png?fit=923%2C1024&ssl=1&resize=350%2C200","width":350,"height":200,"srcset":"https:\/\/i0.wp.com\/tp-electric.vn\/wp-content\/uploads\/2023\/02\/CharCoat-FM-Mortar-front-923x1024-1.png?fit=923%2C1024&ssl=1&resize=350%2C200 1x, https:\/\/i0.wp.com\/tp-electric.vn\/wp-content\/uploads\/2023\/02\/CharCoat-FM-Mortar-front-923x1024-1.png?fit=923%2C1024&ssl=1&resize=700%2C400 2x"},"classes":[]}],"_links":{"self":[{"href":"https:\/\/tp-electric.vn\/index.php\/wp-json\/wp\/v2\/product\/3574"}],"collection":[{"href":"https:\/\/tp-electric.vn\/index.php\/wp-json\/wp\/v2\/product"}],"about":[{"href":"https:\/\/tp-electric.vn\/index.php\/wp-json\/wp\/v2\/types\/product"}],"replies":[{"embeddable":true,"href":"https:\/\/tp-electric.vn\/index.php\/wp-json\/wp\/v2\/comments?post=3574"}],"wp:featuredmedia":[{"embeddable":true,"href":"https:\/\/tp-electric.vn\/index.php\/wp-json\/wp\/v2\/media\/3575"}],"wp:attachment":[{"href":"https:\/\/tp-electric.vn\/index.php\/wp-json\/wp\/v2\/media?parent=3574"}],"wp:term":[{"taxonomy":"product_cat","embeddable":true,"href":"https:\/\/tp-electric.vn\/index.php\/wp-json\/wp\/v2\/product_cat?post=3574"},{"taxonomy":"product_tag","embeddable":true,"href":"https:\/\/tp-electric.vn\/index.php\/wp-json\/wp\/v2\/product_tag?post=3574"}],"curies":[{"name":"wp","href":"https:\/\/api.w.org\/{rel}","templated":true}]}}