{"id":3553,"date":"2023-06-22T13:43:23","date_gmt":"2023-06-22T06:43:23","guid":{"rendered":"https:\/\/tp-electric.vn\/?post_type=product&#038;p=3553"},"modified":"2024-12-12T15:11:39","modified_gmt":"2024-12-12T08:11:39","slug":"binh-dien-phan-phun-suong-diet-khuan-ultty-skj-crs01-hang-chinh-hang","status":"publish","type":"product","link":"https:\/\/tp-electric.vn\/index.php\/san-pham\/binh-dien-phan-phun-suong-diet-khuan-ultty-skj-crs01-hang-chinh-hang\/","title":{"rendered":"B\u00ecnh \u0111i\u1ec7n ph\u00e2n phun s\u01b0\u01a1ng di\u1ec7t khu\u1ea9n Ultty SKJ-CRS01 &#8211; H\u00e0ng ch\u00ednh h\u00e3ng"},"content":{"rendered":"<h3>V\u00ec sao n\u00ean s\u1eed d\u1ee5ng b\u00ecnh \u0111i\u1ec7n ph\u00e2n di\u1ec7t khu\u1ea9n Ultty SKJ-CRS01<\/h3>\n<p>B\u00ecnh \u0111i\u1ec7n ph\u00e2n di\u1ec7t khu\u1ea9n Ultty s\u1ea3n xu\u1ea5t ra dung d\u1ecbch Anolyte\/ASFA, s\u1eed d\u1ee5ng \u0111\u1ec3 lo\u1ea1i b\u1ecf d\u01b0 l\u01b0\u1ee3ng thu\u1ed1c tr\u1eeb s\u00e2u, thu\u1ed1c di\u1ec7t c\u1ecf, k\u00fd sinh tr\u00f9ng trong rau, c\u1ee7, qu\u1ea3 sau khi ng\u00e2m 5-10 ph\u00fat, hi\u1ec7u qu\u1ea3 v\u01b0\u1ee3t tr\u1ed9i, an to\u00e0n cho m\u1ecdi gia \u0111\u00ecnh.<\/p>\n<p><img decoding=\"async\" loading=\"lazy\" class=\"wp-image-3559 aligncenter\" src=\"https:\/\/i0.wp.com\/tp-electric.vn\/wp-content\/uploads\/2023\/06\/binh-dien-phan-phun-suong-diet-khuan-ultty-skj-crs01-9.jpg?resize=387%2C290&#038;ssl=1\" alt=\"\" width=\"387\" height=\"290\" srcset=\"https:\/\/i0.wp.com\/tp-electric.vn\/wp-content\/uploads\/2023\/06\/binh-dien-phan-phun-suong-diet-khuan-ultty-skj-crs01-9.jpg?resize=300%2C225&amp;ssl=1 300w, https:\/\/i0.wp.com\/tp-electric.vn\/wp-content\/uploads\/2023\/06\/binh-dien-phan-phun-suong-diet-khuan-ultty-skj-crs01-9.jpg?resize=768%2C576&amp;ssl=1 768w, https:\/\/i0.wp.com\/tp-electric.vn\/wp-content\/uploads\/2023\/06\/binh-dien-phan-phun-suong-diet-khuan-ultty-skj-crs01-9.jpg?resize=510%2C383&amp;ssl=1 510w, https:\/\/i0.wp.com\/tp-electric.vn\/wp-content\/uploads\/2023\/06\/binh-dien-phan-phun-suong-diet-khuan-ultty-skj-crs01-9.jpg?w=800&amp;ssl=1 800w\" sizes=\"(max-width: 387px) 100vw, 387px\" data-recalc-dims=\"1\" \/><\/p>\n<p>Ultty SKJ-CRS01\u00a0c\u00f3 kh\u1ea3 n\u0103ng\u00a0ti\u00eau di\u1ec7t t\u1ea5t c\u1ea3 c\u00e1c lo\u1ea1i vi khu\u1ea9n, virus ch\u1ec9 trong 1 \u0111\u1ebfn 10 ph\u00fat m\u00e0 kh\u00f4ng \u0111\u1ec3 l\u1ea1i n\u01b0\u1edbc \u0111\u1ecdng tr\u00ean b\u1ec1 m\u1eb7t.\u00a0B\u00ecnh phun s\u01b0\u01a1ng di\u1ec7t khu\u1ea9n s\u1ebd t\u1ef1 t\u1ea1o ra dung d\u1ecbch Anolyte c\u00f3 t\u00e1c d\u1ee5ng ti\u00eau di\u1ec7t \u0111\u1ebfn 99% vi khu\u1ea9n. C\u00e1c m\u00e1y phun kh\u1eed tr\u00f9ng kh\u00e1c ph\u1ea3i s\u1eed d\u1ee5ng mua ri\u00eang dung d\u1ecbch di\u1ec7t khu\u1ea9n.<\/p>\n<p>B\u00ecnh \u0111i\u1ec7n ph\u00e2n phun s\u01b0\u01a1ng di\u1ec7t khu\u1ea9n Ultty SKJ-CRS01 ph\u00f9 h\u1ee3p s\u1eed d\u1ee5ng cho:<\/p>\n<ul>\n<li>Kh\u00f4ng gian gia \u0111\u00ecnh: Ph\u00f2ng ng\u1ee7, ph\u00f2ng kh\u00e1ch, ph\u00f2ng t\u1eafm, nh\u00e0 b\u1ebfp, \u0111\u1ed3 ch\u01a1i tr\u1ebb em, \u0111\u1ed3 cho th\u00fa c\u01b0ng. H\u1ed7 tr\u1ee3 l\u00e0m s\u1ea1ch c\u00e1c thi\u1ebft b\u1ecb v\u00e0 v\u1eadt d\u1ee5ng nh\u01b0 b\u00e0n, gh\u1ebf, c\u1eeda, d\u1ee5ng c\u1ee5 nh\u00e0 b\u1ebfp,\u00a0t\u1ee7 l\u1ea1nh, qu\u1ea7n \u00e1o&#8230;<\/li>\n<li>Kh\u1eed tr\u00f9ng c\u00e1c thi\u1ebft b\u1ecb &amp; d\u1ee5ng c\u1ee5 trong y t\u1ebf, ph\u00f2ng gym, c\u01a1 quan, tr\u01b0\u1eddng h\u1ecdc,&#8230;<\/li>\n<li>D\u00f9ng cho n\u01a1i l\u00e0m vi\u1ec7c, nh\u00e0 h\u00e0ng, tr\u01b0\u1eddng h\u1ecdc, kh\u00e1ch s\u1ea1n, vi\u1ec7n th\u1ea9m m\u1ef9&#8230;<\/li>\n<\/ul>\n<h3>C\u00f4ng d\u1ee5ng ch\u00ednh c\u1ee7a b\u00ecnh phun s\u01b0\u01a1ng di\u1ec7t khu\u1ea9n Ultty SKJ-CRS01<\/h3>\n<p><img decoding=\"async\" loading=\"lazy\" class=\"wp-image-3558 aligncenter\" src=\"https:\/\/i0.wp.com\/tp-electric.vn\/wp-content\/uploads\/2023\/06\/binh-dien-phan-phun-suong-diet-khuan-ultty-skj-crs01-8.jpg?resize=390%2C292&#038;ssl=1\" alt=\"\" width=\"390\" height=\"292\" srcset=\"https:\/\/i0.wp.com\/tp-electric.vn\/wp-content\/uploads\/2023\/06\/binh-dien-phan-phun-suong-diet-khuan-ultty-skj-crs01-8.jpg?resize=300%2C225&amp;ssl=1 300w, https:\/\/i0.wp.com\/tp-electric.vn\/wp-content\/uploads\/2023\/06\/binh-dien-phan-phun-suong-diet-khuan-ultty-skj-crs01-8.jpg?resize=768%2C576&amp;ssl=1 768w, https:\/\/i0.wp.com\/tp-electric.vn\/wp-content\/uploads\/2023\/06\/binh-dien-phan-phun-suong-diet-khuan-ultty-skj-crs01-8.jpg?resize=510%2C383&amp;ssl=1 510w, https:\/\/i0.wp.com\/tp-electric.vn\/wp-content\/uploads\/2023\/06\/binh-dien-phan-phun-suong-diet-khuan-ultty-skj-crs01-8.jpg?w=800&amp;ssl=1 800w\" sizes=\"(max-width: 390px) 100vw, 390px\" data-recalc-dims=\"1\" \/><\/p>\n<ul>\n<li>B\u00ecnh phun s\u01b0\u01a1ng di\u1ec7t khu\u1ea9n\u00a0<a title=\"Th\u01b0\u01a1ng hi\u1ec7u Ultty\" href=\"https:\/\/meta.vn\/ultty.html\" target=\"_blank\" rel=\"noopener\">Ultty<\/a>\u00a0c\u00f3 kh\u1ea3 n\u0103ng\u00a0di\u1ec7t khu\u1ea9n 99,9%. Ch\u1ec9 c\u1ea7n \u0111\u1ed5 mu\u1ed1i v\u00e0 n\u01b0\u1edbc v\u00e0o b\u00ecnh s\u1ebd t\u1ea1o ra dung d\u1ecbch\u00a0Anolyte (NaClO) (n\u01b0\u1edbc ch\u1ebft).\u00a0Dung d\u1ecbch Anolyte c\u00f3 c\u00f3 t\u00ednh s\u00e1t khu\u1ea9n cao, c\u00f3 th\u1ec3 ti\u00eau di\u1ec7t 99,9% c\u00e1c lo\u1ea1i vi khu\u1ea9n, virut ch\u1ec9 trong 1 \u0111\u1ebfn 10 ph\u00fat nh\u1eb1m\u00a0ng\u0103n ch\u1eb7n virus, vi khu\u1ea9n, d\u1ecbch b\u1ec7nh l\u00e2y lan.<\/li>\n<li>Ngo\u00e0i ra dung d\u1ecbch trong b\u00ecnh Ultty SKJ-CRS01 c\u00f2n gi\u00fap s\u00e1t khu\u1ea9n, ti\u1ec7t tr\u00f9ng cho da v\u00e0 ni\u00eam m\u1ea1c, \u0111i\u1ec1u tr\u1ecb m\u1ee5n nh\u1ecdt, v\u1ebft th\u01b0\u01a1ng b\u1ecb m\u01b0ng m\u1ee7&#8230;<\/li>\n<li>Rau c\u1ee7 qu\u1ea3 ch\u00fang ta mua ngo\u00e0i ch\u1ee3 hay si\u00eau th\u1ecb lu\u00f4n ch\u1ee9a m\u1ed9t l\u01b0\u1ee3ng ch\u1ea5t b\u1ea3o qu\u1ea3n, thu\u1ed1c tr\u1eeb s\u00e2u, k\u00fd sinh tr\u00f9ng nh\u1ea5t \u0111\u1ecbnh&#8230; R\u1eeda rau b\u1eb1ng n\u01b0\u1edbc th\u01b0\u1eddng ho\u1eb7c n\u01b0\u1edbc mu\u1ed1i kh\u00f4ng th\u1ec3 lo\u1ea1i b\u1ecf ho\u00e0n to\u00e0n \u0111\u01b0\u1ee3c nh\u1eefng ch\u1ea5t n\u00e0y. \u0102n th\u01b0\u1eddng xuy\u00ean c\u00e1c lo\u1ea1i th\u1ef1c ph\u1ea9m c\u00f3 ch\u1ea5t b\u1ea3o qu\u1ea3n, d\u01b0 l\u01b0\u1ee3ng thu\u1ed1c tr\u1eeb s\u00e2u s\u1ebd g\u00e2y ng\u1ed9 \u0111\u1ed9c, t\u1ed5n th\u01b0\u01a1ng h\u1ec7 ti\u00eau h\u00f3a, h\u1ec7 th\u1ea7n kinh, t\u0103ng nguy c\u01a1 ph\u00e1t tri\u1ec3n ung th\u01b0&#8230; Dung d\u1ecbch Anolit \u0111\u01b0\u1ee3c r\u1ea5t nhi\u1ec1u b\u00e1c s\u1ef9, nh\u00e0 khoa h\u1ecdc \u0111\u00e3 khuy\u00ean d\u00f9ng. S\u1ea3n ph\u1ea9m c\u00f3 kh\u1ea3 n\u0103ng di\u1ec7t khu\u1ea9n cao, c\u00f3 th\u1ec3 lo\u1ea1i b\u1ecf ho\u00e0n to\u00e0n thu\u1ed1c tr\u1eeb s\u00e2u, ch\u1ea5t b\u1ea3o qu\u1ea3n, k\u00fd sinh tr\u00f9ng trong rau c\u1ee7 qu\u1ea3 sau khi ng\u00e2m t\u1eeb 5 &#8211; 10 ph\u00fat.<\/li>\n<li>L\u00e0m s\u1ea1ch kh\u00f4ng kh\u00ed, k\u1ec3 c\u1ea3 b\u1ee5i m\u1ecbn PM2.5,\u00a0lo\u1ea1i b\u1ecf c\u00e1c h\u1ea1t TVOC v\u00e0\u00a0m\u00f9i h\u00f4i c\u00f3 h\u1ea1i nh\u01b0 Formaldehyd&#8230;<\/li>\n<li>S\u1ea3n ph\u1ea9m \u0111\u1ebfn t\u1eeb th\u01b0\u01a1ng hi\u1ec7u cao c\u1ea5p c\u1ee7a Ph\u00e1p, \u0111\u00e3 \u0111\u1ea1t ch\u1ee9ng nh\u1eadn an to\u00e0n ch\u1ea5t l\u01b0\u1ee3ng c\u1ee7a M\u1ef9 v\u00e0 Nh\u1eadt.<\/li>\n<\/ul>\n<h3>\u01afu \u0111i\u1ec3m v\u01b0\u1ee3t tr\u1ed9i c\u1ee7a\u00a0b\u00ecnh phun s\u01b0\u01a1ng di\u1ec7t khu\u1ea9n Ultty SKJ-CRS01<\/h3>\n<ul>\n<li>B\u00ecnh phun s\u01b0\u01a1ng di\u1ec7t khu\u1ea9n Ultty SKJ-CRS01 chi\u1ebft xu\u1ea5t\u00a0organic, h\u1eefu c\u01a1 an to\u00e0n tuy\u1ec7t \u0111\u1ed1i v\u1edbi s\u1ee9c kh\u1ecfe con ng\u01b0\u1eddi v\u00e0 v\u1eadt nu\u00f4i.<\/li>\n<li>Th\u00e2n thi\u1ec7n v\u1edbi m\u00f4i tr\u01b0\u1eddng.<\/li>\n<li>V\u00f2i t\u0103ng \u00e1p d\u1ec5 s\u1eed d\u1ee5ng.<\/li>\n<li>Ti\u1ebft ki\u1ec7m chi ph\u00ed, s\u1eed d\u1ee5ng l\u00e2u d\u00e0i.<\/li>\n<li>\u0110i\u1ec7n c\u1ef1c Titan \u1ed5n \u0111\u1ecbnh v\u00e0 an to\u00e0n.<\/li>\n<\/ul>\n<p class=\"_ilcss0_\">V\u00f2i t\u0103ng \u00e1p phun kh\u1ecfe<\/p>\n<ul>\n<li>B\u00ecnh thi\u1ebft k\u1ebf nh\u1ecf g\u1ecdn d\u1ec5 c\u1ea7m tay thao t\u00e1c phun linh ho\u1ea1t.\u00a0B\u00ecnh d\u1ea1ng phun s\u01b0\u01a1ng, kh\u00f4ng \u0111\u1ecdng n\u01b0\u1edbc, kh\u00f4ng m\u1ea5t th\u1eddi gian lau ch\u00f9i nh\u01b0 c\u00e1c s\u1ea3n ph\u1ea9m kh\u00e1c.<\/li>\n<li>V\u00f2i phun thi\u1ebft k\u1ebf ti\u1ec7n l\u1ee3i, c\u00f3 th\u1ec3 x\u1ecbt dung d\u1ecbch v\u00e0o c\u00e1c n\u01a1i kh\u00f3 v\u1ec7 sinh nh\u01b0 k\u1ebd gh\u1ebf sofa, g\u1ea7m gi\u01b0\u1eddng, g\u1ea7m gh\u1ebf&#8230;<\/li>\n<\/ul>\n<h3>Nguy\u00ean l\u00fd ho\u1ea1t \u0111\u1ed9ng c\u1ee7a\u00a0b\u00ecnh phun s\u01b0\u01a1ng di\u1ec7t khu\u1ea9n Ultty SKJ-CRS01<\/h3>\n<p>Ultty SKJ-CRS01 s\u1ea3n xu\u1ea5t dung d\u1ecbch Anolit (NaClO) b\u1eb1ng m\u00e1y \u0111i\u1ec7n ph\u00e2n dung d\u1ecbch n\u01b0\u1edbc mu\u1ed1i lo\u00e3ng (NaCl n\u1ed3ng \u0111\u1ed9 kho\u1ea3ng 5%). Cho d\u00f2ng \u0111i\u1ec7n m\u1ed9t chi\u1ec1u ch\u1ea1y qua dung d\u1ecbch n\u01b0\u1edbc mu\u1ed1i \u0111\u1eb7t trong bu\u1ed3ng c\u00f3 m\u00e0ng ng\u0103n kh\u00f4ng ho\u00e0n to\u00e0n, m\u1ed9t chu\u1ed7i ph\u1ea3n \u1ee9ng \u0111i\u1ec7n &#8211; h\u00f3a x\u1ea3y ra tr\u00ean b\u1ec1 m\u1eb7t \u0111i\u1ec7n c\u1ef1c \u00e2m (Cathode) v\u00e0 \u0111i\u1ec7n c\u1ef1c d\u01b0\u01a1ng (Anode). L\u00fac n\u00e0y dung d\u1ecbch NaCl ph\u00e2n th\u00e0nh 2 lo\u1ea1i dung d\u1ecbch: Dung d\u1ecbch ki\u1ec1m t\u1eadp trung \u1edf c\u1ef1c \u00e2m (dung d\u1ecbch Catolit) v\u00e0 dung d\u1ecbch axit t\u1eadp trung \u1edf c\u1ef1c d\u01b0\u01a1ng (dung d\u1ecbch Anolit).<\/p>\n<p class=\"_ilcss0_\">Quy tr\u00ecnh ph\u1ea3n \u1ee9ng \u0111\u1ec3 t\u1ea1o ra dung d\u1ecbch\u00a0Anolit<\/p>\n<p><strong>Ph\u01b0\u01a1ng tr\u00ecnh ph\u1ea3n \u1ee9ng h\u00f3a h\u1ecdc nh\u01b0 sau:<\/strong><\/p>\n<ul>\n<li>C\u1ef1c \u00e2m (Cathode): 2H<sub>2<\/sub>O + 2e \u2192 H2 + 2OH<sup>\u2013<\/sup><\/li>\n<li>C\u1ef1c d\u01b0\u01a1ng (Anode): 2H<sub>2<\/sub>O \u2192 4H<sup>+<\/sup>\u00a0+ O2 + 4e; 2Cl<sup>\u2013<\/sup>\u00a0\u2192 Cl<sub>2<\/sub>\u00a0+ 2e<\/li>\n<\/ul>\n<p>Do \u0111\u01b0\u1ee3c ng\u0103n c\u00e1ch kh\u00f4ng ho\u00e0n to\u00e0n n\u00ean m\u1ed9t ph\u1ea7n s\u1ea3n ph\u1ea9m kh\u00ed Cl2 b\u00ean c\u1ef1c d\u01b0\u01a1ng (Anode) ti\u1ebfp x\u00fac v\u1edbi dung d\u1ecbch NaOH b\u00ean c\u1ef1c \u00e2m (Cathode) s\u1ebd sinh ra m\u1ed9t l\u01b0\u1ee3ng NaClO v\u1edbi g\u1ed1c axit ClO<sup>&#8211;<\/sup>\u00a0c\u00f3 t\u00ednh oxy h\u00f3a m\u1ea1nh, hi\u1ec7u qu\u1ea3 trong vi\u1ec7c s\u00e1t khu\u1ea9n. Ph\u01b0\u01a1ng tr\u00ecnh nh\u01b0 sau:<\/p>\n<p class=\"_ilcss0_\">Cl<sub>2<\/sub>\u00a0+ 2NaOH \u2192 NaCl + NaClO + H<sub>2<\/sub>O<\/p>\n","protected":false},"excerpt":{"rendered":"<ul>\n<li>C\u00f4ng su\u1ea5t 26W<\/li>\n<li>Ngu\u1ed3n \u0111i\u1ec7n \u00e1p AC 100V &#8211; 240V\/50Hz &#8211; 60Hz<\/li>\n<li>Dung t\u00edch 330ml<\/li>\n<li>Kh\u1ea3 n\u0103ng di\u1ec7t khu\u1ea9n 99,9%<\/li>\n<li>Xu\u1ea5t x\u1ee9 th\u01b0\u01a1ng hi\u1ec7u Ph\u00e1p<\/li>\n<li>S\u1ea3n xu\u1ea5t t\u1ea1i \u0110\u1ee9c<\/li>\n<li>B\u1ea3o h\u00e0nh 24 th\u00e1ng<\/li>\n<\/ul>\n","protected":false},"featured_media":3560,"comment_status":"open","ping_status":"closed","template":"","meta":[],"product_cat":[272],"product_tag":[],"jetpack-related-posts":[{"id":3574,"url":"https:\/\/tp-electric.vn\/index.php\/san-pham\/quat-thap-loc-khong-khi-cap-am-ultty-skj-cr022-co-tia-uvc-khu-khuan\/","url_meta":{"origin":3553,"position":0},"title":"Qu\u1ea1t th\u00e1p l\u1ecdc kh\u00f4ng kh\u00ed c\u1ea5p \u1ea9m Ultty SKJ-CR022 c\u00f3 tia UVC kh\u1eed khu\u1ea9n","author":"","date":"22\/06\/2023","format":false,"excerpt":"Lo\u1ea1i Qu\u1ea1t kh\u00f4ng c\u00e1nh Tr\u1ecdng l\u01b0\u1ee3ng s\u1ea3n ph\u1ea9m 3,2kg B\u1ea3o h\u00e0nh 24 th\u00e1ng S\u1ea3n xu\u1ea5t t\u1ea1i Trung Qu\u1ed1c","rel":"","context":"Similar post","block_context":{"text":"Similar post","link":""},"img":{"alt_text":"","src":"https:\/\/i0.wp.com\/tp-electric.vn\/wp-content\/uploads\/2023\/06\/quat-thap-loc-khong-khi-cap-am-ultty-skj-cr022.jpg?fit=600%2C450&ssl=1&resize=350%2C200","width":350,"height":200},"classes":[]},{"id":3701,"url":"https:\/\/tp-electric.vn\/index.php\/san-pham\/quat-loc-khong-khi-va-khu-khuan-u-ultty-bb\/","url_meta":{"origin":3553,"position":1},"title":"Qu\u1ea1t l\u1ecdc kh\u00f4ng kh\u00ed v\u00e0 kh\u1eed khu\u1ea9n U ULTTY BB","author":"","date":"16\/08\/2023","format":false,"excerpt":"L\u1ecdc t\u1edbi 99,95% t\u1ea5t c\u1ea3 c\u00e1c ch\u1ea5t \u00f4 nhi\u1ec5m trong kh\u00f4ng kh\u00ed L\u00e0m s\u1ea1ch kh\u00f4ng kh\u00ed qua m\u00e0ng l\u1ecdc HEPA + kh\u1eed tr\u00f9ng c\u00f4ng ngh\u1ec7 Plasmacluster Ion Thanh l\u1ecdc to\u00e0n b\u1ed9 ng\u00f4i nh\u00e0 ch\u1ec9 trong 45 ph\u00fat \u0110\u1ed9ng c\u01a1 \u00eam \u00e1i v\u00e0 m\u1ea1nh m\u1ebd, v\u1edbi 9 c\u1ea5p \u0111\u1ed9 l\u00e0m m\u00e1t\u2026","rel":"","context":"Similar post","block_context":{"text":"Similar post","link":""},"img":{"alt_text":"","src":"https:\/\/i0.wp.com\/tp-electric.vn\/wp-content\/uploads\/2023\/08\/MAY-LOC-04-scaled.jpg?fit=1200%2C1200&ssl=1&resize=350%2C200","width":350,"height":200,"srcset":"https:\/\/i0.wp.com\/tp-electric.vn\/wp-content\/uploads\/2023\/08\/MAY-LOC-04-scaled.jpg?fit=1200%2C1200&ssl=1&resize=350%2C200 1x, https:\/\/i0.wp.com\/tp-electric.vn\/wp-content\/uploads\/2023\/08\/MAY-LOC-04-scaled.jpg?fit=1200%2C1200&ssl=1&resize=700%2C400 2x, https:\/\/i0.wp.com\/tp-electric.vn\/wp-content\/uploads\/2023\/08\/MAY-LOC-04-scaled.jpg?fit=1200%2C1200&ssl=1&resize=1050%2C600 3x"},"classes":[]},{"id":3728,"url":"https:\/\/tp-electric.vn\/index.php\/san-pham\/thot-go-tre-organic-u-ultty-hang-xuat-khau\/","url_meta":{"origin":3553,"position":2},"title":"Th\u1edbt G\u1ed7 Tre Organic U-Ultty \u2013 H\u00e0ng Xu\u1ea5t Kh\u1ea9u","author":"","date":"16\/08\/2023","format":false,"excerpt":"Th\u00f4ng tin s\u1ea3n ph\u1ea9m Ch\u1ea5t li\u1ec7u: 100% s\u1ea3n ph\u1ea9m \u0111\u01b0\u1ee3c l\u00e0m t\u1eeb tre M\u00e0u s\u1eafc: M\u00e0u tre t\u1ef1 nhi\u00ean K\u00edch th\u01b0\u1edbc: D\u00e0i 30cm x R\u1ed9ng 20cm x cao 2cm Thi\u1ebft k\u1ebf:U ULTTY VINA\u00a0 Xu\u1ea5t x\u1ee9: Vi\u1ec7t Nam, s\u1ea3n xu\u1ea5t theo ti\u00eau chu\u1ea9n h\u00e0ng xu\u1ea5t kh\u1ea9u S\u1ea3n ph\u1ea9m \u0111\u01b0\u1ee3c l\u00e0m t\u1eeb\u2026","rel":"","context":"Similar post","block_context":{"text":"Similar post","link":""},"img":{"alt_text":"","src":"https:\/\/i0.wp.com\/tp-electric.vn\/wp-content\/uploads\/2023\/08\/thot.png?fit=1200%2C1200&ssl=1&resize=350%2C200","width":350,"height":200,"srcset":"https:\/\/i0.wp.com\/tp-electric.vn\/wp-content\/uploads\/2023\/08\/thot.png?fit=1200%2C1200&ssl=1&resize=350%2C200 1x, https:\/\/i0.wp.com\/tp-electric.vn\/wp-content\/uploads\/2023\/08\/thot.png?fit=1200%2C1200&ssl=1&resize=700%2C400 2x, https:\/\/i0.wp.com\/tp-electric.vn\/wp-content\/uploads\/2023\/08\/thot.png?fit=1200%2C1200&ssl=1&resize=1050%2C600 3x"},"classes":[]},{"id":3602,"url":"https:\/\/tp-electric.vn\/index.php\/san-pham\/robot-hut-bui-lau-nha-ultty-skj-rb01x\/","url_meta":{"origin":3553,"position":3},"title":"Robot h\u00fat b\u1ee5i lau nh\u00e0 Ultty SKJ RB01X","author":"","date":"22\/06\/2023","format":false,"excerpt":"Tr\u1ecdng l\u01b0\u1ee3ng s\u1ea3n ph\u1ea9m 3kg Tr\u1ecdng l\u01b0\u1ee3ng bao b\u00ec 6kg Xu\u1ea5t x\u1ee9 th\u01b0\u01a1ng hi\u1ec7u Ph\u00e1p S\u1ea3n xu\u1ea5t t\u1ea1i Trung Qu\u1ed1c B\u1ea3o h\u00e0nh 24 th\u00e1ng T\u01b0\u1eddng \u1ea3o Kh\u00f4ng","rel":"","context":"Similar post","block_context":{"text":"Similar post","link":""},"img":{"alt_text":"","src":"https:\/\/i0.wp.com\/tp-electric.vn\/wp-content\/uploads\/2023\/06\/robot-hut-bui-lau-nha-ultty-skj-rb01x-a.jpg?fit=600%2C600&ssl=1&resize=350%2C200","width":350,"height":200},"classes":[]},{"id":3580,"url":"https:\/\/tp-electric.vn\/index.php\/san-pham\/may-hut-am-va-loc-khong-khi-ultty-luk012\/","url_meta":{"origin":3553,"position":4},"title":"M\u00e1y h\u00fat \u1ea9m v\u00e0 l\u1ecdc kh\u00f4ng kh\u00ed Ultty LUK016","author":"","date":"22\/06\/2023","format":false,"excerpt":"K\u00edch th\u01b0\u1edbc 28cm x 20cm x 50cm Tr\u1ecdng l\u01b0\u1ee3ng s\u1ea3n ph\u1ea9m 12kg Tr\u1ecdng l\u01b0\u1ee3ng bao b\u00ec 13,5kg Xu\u1ea5t x\u1ee9 th\u01b0\u01a1ng hi\u1ec7u Ph\u00e1p S\u1ea3n xu\u1ea5t t\u1ea1i Trung Qu\u1ed1c B\u1ea3o h\u00e0nh 24 th\u00e1ng","rel":"","context":"Similar post","block_context":{"text":"Similar post","link":""},"img":{"alt_text":"","src":"https:\/\/i0.wp.com\/tp-electric.vn\/wp-content\/uploads\/2023\/06\/may-hut-am-va-loc-khong-khi-ultty-luk012-8.jpg?fit=666%2C500&ssl=1&resize=350%2C200","width":350,"height":200},"classes":[]},{"id":3620,"url":"https:\/\/tp-electric.vn\/index.php\/san-pham\/quat-thap-2-chieu-suoi-am-va-lam-mat-ultty-skj-cr018h\/","url_meta":{"origin":3553,"position":5},"title":"Qu\u1ea1t th\u00e1p 2 chi\u1ec1u s\u01b0\u1edfi \u1ea5m v\u00e0 l\u00e0m m\u00e1t Ultty SKJ-CR018H","author":"","date":"22\/06\/2023","format":false,"excerpt":"K\u00edch th\u01b0\u1edbc Cao x \u0110\u01b0\u1eddng k\u00ednh ch\u00e2n \u0111\u1ebf\u00a0(101cm x 23,5cm) Tr\u1ecdng l\u01b0\u1ee3ng s\u1ea3n ph\u1ea9m 3,5kg Tr\u1ecdng l\u01b0\u1ee3ng bao b 5,5kg B\u1ea3o h\u00e0nh 24 th\u00e1ng Xu\u1ea5t x\u1ee9 th\u01b0\u01a1ng hi\u1ec7u Ph\u00e1p S\u1ea3n xu\u1ea5t t\u1ea1i Trung Qu\u1ed1c","rel":"","context":"Similar post","block_context":{"text":"Similar post","link":""},"img":{"alt_text":"","src":"https:\/\/i0.wp.com\/tp-electric.vn\/wp-content\/uploads\/2023\/06\/quat-thap-2-chieu-ultty-skj-cr018h-g.jpg?fit=700%2C500&ssl=1&resize=350%2C200","width":350,"height":200,"srcset":"https:\/\/i0.wp.com\/tp-electric.vn\/wp-content\/uploads\/2023\/06\/quat-thap-2-chieu-ultty-skj-cr018h-g.jpg?fit=700%2C500&ssl=1&resize=350%2C200 1x, https:\/\/i0.wp.com\/tp-electric.vn\/wp-content\/uploads\/2023\/06\/quat-thap-2-chieu-ultty-skj-cr018h-g.jpg?fit=700%2C500&ssl=1&resize=700%2C400 2x"},"classes":[]}],"_links":{"self":[{"href":"https:\/\/tp-electric.vn\/index.php\/wp-json\/wp\/v2\/product\/3553"}],"collection":[{"href":"https:\/\/tp-electric.vn\/index.php\/wp-json\/wp\/v2\/product"}],"about":[{"href":"https:\/\/tp-electric.vn\/index.php\/wp-json\/wp\/v2\/types\/product"}],"replies":[{"embeddable":true,"href":"https:\/\/tp-electric.vn\/index.php\/wp-json\/wp\/v2\/comments?post=3553"}],"wp:featuredmedia":[{"embeddable":true,"href":"https:\/\/tp-electric.vn\/index.php\/wp-json\/wp\/v2\/media\/3560"}],"wp:attachment":[{"href":"https:\/\/tp-electric.vn\/index.php\/wp-json\/wp\/v2\/media?parent=3553"}],"wp:term":[{"taxonomy":"product_cat","embeddable":true,"href":"https:\/\/tp-electric.vn\/index.php\/wp-json\/wp\/v2\/product_cat?post=3553"},{"taxonomy":"product_tag","embeddable":true,"href":"https:\/\/tp-electric.vn\/index.php\/wp-json\/wp\/v2\/product_tag?post=3553"}],"curies":[{"name":"wp","href":"https:\/\/api.w.org\/{rel}","templated":true}]}}