{"id":3513,"date":"2023-04-15T10:21:20","date_gmt":"2023-04-15T03:21:20","guid":{"rendered":"https:\/\/tp-electric.vn\/?post_type=product&#038;p=3513"},"modified":"2024-12-12T15:11:38","modified_gmt":"2024-12-12T08:11:38","slug":"gd300-bien-tan-vector-vong-ho-cao-cap","status":"publish","type":"product","link":"https:\/\/tp-electric.vn\/index.php\/san-pham\/gd300-bien-tan-vector-vong-ho-cao-cap\/","title":{"rendered":"GD300 \u2013 Bi\u1ebfn t\u1ea7n vector v\u00f2ng h\u1edf cao c\u1ea5p"},"content":{"rendered":"<ul>\n<li>B\u1ea3o h\u00e0nh 24 th\u00e1ng<\/li>\n<li>B\u1ea3o tr\u00ec tr\u1ecdn \u0111\u1eddi<\/li>\n<li>Lu\u00f4n c\u00f3 k\u1ef9 s\u01b0 h\u1ed7 tr\u1ee3 24\/24<\/li>\n<li>Thanh to\u00e1n linh ho\u1ea1t, giao h\u00e0ng tr\u01b0\u1edbc th\u1ee7 t\u1ee5c sau<\/li>\n<\/ul>\n<div>\n<p>GD300-16 l\u00e0 d\u00f2ng\u00a0bi\u1ebfn t\u1ea7n\u00a0chuy\u00ean d\u1ee5ng trong h\u1ec7 th\u1ed1ng HVAC, \u0111\u01b0\u1ee3c ph\u00e1t tri\u1ec3n d\u1ef1a theo c\u00e1c y\u00eau c\u1ea7u \u1ee9ng d\u1ee5ng v\u00e0 \u0111i\u1ec1u khi\u1ec3n cho ng\u00e0nh HVAC, c\u00f3 th\u1ec3 \u0111\u01b0\u1ee3c s\u1eed d\u1ee5ng r\u1ed9ng r\u00e3i trong c\u00e1c h\u1ec7 th\u1ed1ng nhi\u1ec7t v\u00e0 h\u1ec7 th\u1ed1ng c\u1ea5p n\u01b0\u1edbc.<\/p>\n<p>Bi\u1ebfn t\u1ea7n chuy\u00ean d\u1ee5ng GD300-16 \u0111\u01b0\u1ee3c thi\u1ebft k\u1ebf \u0111\u1eb7c bi\u1ec7t v\u1edbi kh\u1ea3 n\u0103ng t\u1ef1 \u0111\u1ed9ng \u0111i\u1ec1u ch\u1ec9nh \u00e1p su\u1ea5t \u1ed5n \u0111\u1ecbnh, ti\u1ebft ki\u1ec7m n\u0103ng l\u01b0\u1ee3ng cao nh\u1ea5t v\u1edbi chi ph\u00ed \u0111\u1ea7u t\u01b0 th\u1ea5p nh\u1ea5t, mang l\u1ea1i hi\u1ec7u qu\u1ea3 kinh t\u1ebf cao.<\/p>\n<p><strong>\u0110\u0103\u0323c ti\u0301nh ky\u0303 thu\u00e2\u0323t \u0111i\u00ea\u0300u khi\u00ea\u0309n:<\/strong><\/p>\n<ul>\n<li>B\u1ed9 \u0111i\u1ec1u khi\u1ec3n logic th\u00f4ng minh, kh\u00f4ng c\u1ea7n s\u1eed d\u1ee5ng PLC.<\/li>\n<li>\u0110i\u1ec1u \u00e1p v\u00e0 lu\u00e2n phi\u00ean \u0111a b\u01a1m \u0111\u1ec3 k\u00e9o d\u00e0i tu\u1ed5i th\u1ecd b\u01a1m (t\u1ed1i \u0111a 11 b\u01a1m).<\/li>\n<li>Ch\u1ee9c n\u0103ng kh\u1edfi \u0111\u1ed9ng m\u1ec1m, h\u1ed7 tr\u1ee3 2 k\u00eanh PID, t\u00edch h\u1ee3p ch\u1ee9c n\u0103ng \u0111i\u1ec1u khi\u1ec3n qu\u1ea1t, b\u01a1m v\u00e0 m\u00e1y n\u00e9n m\u00e0 kh\u00f4ng c\u1ea7n b\u1ed9 \u0111i\u1ec1u khi\u1ec3n b\u00ean ngo\u00e0i.<\/li>\n<li>Ch\u1ee9c n\u0103ng \u0111\u1eb7c bi\u1ec7t HVAC: H\u1ed7 tr\u1ee3 ch\u1ebf \u0111\u1ed9 ghi \u0111\u00e8, \u0111i\u1ec1u khi\u1ec3n lu\u00e2n phi\u00ean, c\u00e2n b\u1eb1ng th\u1eddi gian v\u1eadn h\u00e0nh, kh\u1edfi \u0111\u1ed9ng m\u1ec1m cho nhi\u1ec1u \u0111\u1ed9ng c\u01a1, ch\u1ebf \u0111\u1ed9 ho\u1ea1t \u0111\u1ed9ng theo th\u1eddi gian th\u1ef1c v\u00e0 nhi\u1ec1u ch\u1ee9c n\u0103ng \u0111\u1eb7c bi\u1ec7t kh\u00e1c.<\/li>\n<li>H\u1ed7 tr\u1ee3 truy\u1ec1n th\u00f4ng Modbus, BACnet, Profibus DP, CANopen v\u00e0 DeviceNet.<\/li>\n<li>Ho\u1ea1t \u0111\u1ed9ng t\u1ed1t \u1edf nh\u1eefng n\u01a1i c\u00f3 \u0111i\u1ec7n \u00e1p kh\u00f4ng \u1ed5n \u0111\u1ecbnh, b\u1ee5i b\u1ea9n, nhi\u1ec7t \u0111\u1ed9 v\u00e0 \u0111\u1ed9 \u1ea9m cao.<\/li>\n<li>\u0110\u0103\u0323c bi\u00ea\u0323t v\u01a1\u0301i ch\u01b0\u0301c n\u0103ng \u201cFire Override Mode\u201d phu\u0300 h\u01a1\u0323p v\u01a1\u0301i \u01b0\u0301ng du\u0323ng b\u01a1m c\u01b0\u0301u ho\u0309a. Khi co\u0301 ho\u0309a hoa\u0323n, bi\u00ea\u0301n t\u00e2\u0300n GD300-16 co\u0301 kha\u0309 n\u0103ng ti\u00ea\u0301p tu\u0323c hoa\u0323t \u0111\u00f4\u0323ng trong m\u00f4i tr\u01b0\u01a1\u0300ng nhi\u00ea\u0323t \u0111\u00f4\u0323 cao cho \u0111\u00ea\u0301n khi bi\u00ea\u0301n t\u00e2\u0300n cha\u0301y va\u0300 kh\u00f4ng hoa\u0323t \u0111\u00f4\u0323ng \u0111\u01b0\u01a1\u0323c n\u01b0\u0303a.<\/li>\n<li>B\u1ed9 l\u1ecdc C3 ti\u00eau chu\u1ea9n, CE v\u00e0 UL\/cUL.<\/li>\n<li>H\u1ed7 tr\u1ee3\u00a0m\u00e0n h\u00ecnh LCD\u00a0v\u00e0\u00a0m\u00e0n h\u00ecnh LED<\/li>\n<\/ul>\n<p><strong>\u1ee8ng d\u1ee5ng:<\/strong><\/p>\n<ul>\n<li>H\u1ec7 th\u1ed1ng HVAC.<\/li>\n<li>\u0110i\u1ec1u \u00e1p tr\u1ea1m c\u1ea5p n\u01b0\u1edbc cho c\u00e1c nh\u00e0 cao t\u1ea7ng.<\/li>\n<li>Tr\u1ea1m c\u1ea5p n\u01b0\u1edbc th\u00e0nh ph\u1ed1.<\/li>\n<li>Nh\u00e0 m\u00e1y x\u1eed l\u00fd n\u01b0\u1edbc.<\/li>\n<li>H\u1ec7 th\u1ed1ng \u0111a b\u01a1m kh\u00ed nu\u00f4i t\u00f4m.<\/li>\n<li>Kh\u1edfi \u0111\u1ed9ng m\u1ec1m cho nh\u00e0 m\u00e1y b\u1ed9t m\u00ec.<\/li>\n<\/ul>\n<\/div>\n","protected":false},"excerpt":{"rendered":"<table style=\"height: 5px;\" border=\"1\" width=\"831\">\n<tbody>\n<tr>\n<td style=\"width: 410.034px;\"><strong>Th\u01b0\u01a1ng hi\u1ec7u:<\/strong>\u00a0INVT<\/td>\n<td style=\"width: 408.239px;\"><strong>B\u1ea3o h\u00e0nh:<\/strong>\u00a024 th\u00e1ng<\/td>\n<\/tr>\n<\/tbody>\n<\/table>\n<p>&nbsp;<\/p>\n","protected":false},"featured_media":3515,"comment_status":"open","ping_status":"closed","template":"","meta":[],"product_cat":[186],"product_tag":[],"jetpack-related-posts":[{"id":2760,"url":"https:\/\/tp-electric.vn\/index.php\/san-pham\/bien-tan-abb-acs150-03e-08a8-4-4kw-5hp-3-pha-380v\/","url_meta":{"origin":3513,"position":0},"title":"Bi\u1ebfn t\u1ea7n INVT GD270 \u2013 Chuy\u00ean d\u1ee5ng th\u00f4ng minh cho c\u00e1c \u1ee9ng d\u1ee5ng b\u01a1m qu\u1ea1t v\u00e0 HVAC","author":"","date":"07\/02\/2023","format":false,"excerpt":"Bi\u1ebfn t\u1ea7n GD270 \u0111\u01b0\u1ee3c ph\u00e1t tri\u1ec3n c\u00e1c t\u00ednh n\u0103ng n\u00e2ng cao v\u00e0 t\u1ed1i \u01b0u cho c\u00e1c \u1ee9ng d\u1ee5ng s\u1eed d\u1ee5ng b\u01a1m qu\u1ea1t nh\u01b0: h\u1ec7 th\u1ed1ng t\u01b0\u1edbi ti\u00eau, h\u1ec7 th\u1ed1ng x\u1eed l\u00fd n\u01b0\u1edbc th\u1ea3i, HVAC\u2026 Bi\u1ebfn t\u1ea7n GD270 n\u1ed5i b\u1eadt v\u1edbi d\u1ea3i c\u00f4ng su\u1ea5t r\u1ed9ng, m\u1ee9c \u0111\u1ed9 b\u1ea3o v\u1ec7 \u0111a d\u1ea1ng,\u2026","rel":"","context":"Similar post","block_context":{"text":"Similar post","link":""},"img":{"alt_text":"","src":"https:\/\/i0.wp.com\/tp-electric.vn\/wp-content\/uploads\/2023\/02\/bien-tan-invt-gd270-h1212.png?fit=800%2C600&ssl=1&resize=350%2C200","width":350,"height":200,"srcset":"https:\/\/i0.wp.com\/tp-electric.vn\/wp-content\/uploads\/2023\/02\/bien-tan-invt-gd270-h1212.png?fit=800%2C600&ssl=1&resize=350%2C200 1x, https:\/\/i0.wp.com\/tp-electric.vn\/wp-content\/uploads\/2023\/02\/bien-tan-invt-gd270-h1212.png?fit=800%2C600&ssl=1&resize=700%2C400 2x"},"classes":[]},{"id":2777,"url":"https:\/\/tp-electric.vn\/index.php\/san-pham\/bien-tan-invt-gd350a-thong-minh-da-chuc-nang-the-he-moi\/","url_meta":{"origin":3513,"position":1},"title":"Bi\u1ebfn t\u1ea7n INVT GD350A \u2013 Th\u00f4ng minh \u0111a ch\u1ee9c n\u0103ng th\u1ebf h\u1ec7 m\u1edbi","author":"","date":"07\/02\/2023","format":false,"excerpt":"Bi\u1ebfn t\u1ea7n GD350A \u1ee9ng d\u1ee5ng b\u1ed9 x\u1eed l\u00fd hi\u1ec7n \u0111\u1ea1i nh\u1ea5t c\u1ee7a INVT v\u00e0 c\u00f4ng ngh\u1ec7 \u0111i\u1ec1u khi\u1ec3n vector h\u00e0ng \u0111\u1ea7u th\u1ebf gi\u1edbi gi\u00fap \u0111i\u1ec1u khi\u1ec3n ch\u00ednh x\u00e1c v\u00e0 linh ho\u1ea1t c\u1ea3 v\u00f2ng h\u1edf v\u00e0 v\u00f2ng k\u00edn. Nh\u1edd kh\u1ea3 n\u0103ng m\u1edf r\u1ed9ng kh\u00f4ng gi\u1edbi h\u1ea1n, GD350A c\u00f3 th\u1ec3 \u0111\u00e1p \u1ee9ng\u2026","rel":"","context":"Similar post","block_context":{"text":"Similar post","link":""},"img":{"alt_text":"","src":"https:\/\/i0.wp.com\/tp-electric.vn\/wp-content\/uploads\/2023\/02\/bien-tan-invt-gd350-h2611.png?fit=880%2C646&ssl=1&resize=350%2C200","width":350,"height":200,"srcset":"https:\/\/i0.wp.com\/tp-electric.vn\/wp-content\/uploads\/2023\/02\/bien-tan-invt-gd350-h2611.png?fit=880%2C646&ssl=1&resize=350%2C200 1x, https:\/\/i0.wp.com\/tp-electric.vn\/wp-content\/uploads\/2023\/02\/bien-tan-invt-gd350-h2611.png?fit=880%2C646&ssl=1&resize=700%2C400 2x"},"classes":[]},{"id":2832,"url":"https:\/\/tp-electric.vn\/index.php\/san-pham\/bien-tan-invt-gd300-01-cho-may-nen-khi\/","url_meta":{"origin":3513,"position":2},"title":"Bi\u1ebfn t\u1ea7n INVT GD300-01 cho m\u00e1y n\u00e9n kh\u00ed","author":"","date":"08\/02\/2023","format":false,"excerpt":"GD300-01 l\u00e0 d\u00f2ng bi\u1ebfn t\u1ea7n cao c\u1ea5p \u0111\u01b0\u1ee3c thi\u1ebft k\u1ebf d\u00e0nh ri\u00eang cho \u1ee9ng d\u1ee5ng \u0111i\u1ec1u khi\u1ec3n m\u00e1y n\u00e9n kh\u0131\u0301. V\u1edbi thi\u1ebft k\u1ebf c\u1ee9ng c\u00e1p, t\u00edch h\u1ee3p nhi\u1ec1u ch\u1ee9c n\u0103ng \u0111i\u1ec1u khi\u1ec3n chuy\u00ean bi\u00ea\u0323t v\u00e0 linh ho\u1ea1t, GD300-01 ph\u00f9 h\u1ee3p v\u1edbi t\u1ea5t c\u1ea3 m\u00f4i tr\u01b0\u1eddng l\u00e0m vi\u1ec7c v\u00e0 c\u00e1c lo\u1ea1i\u2026","rel":"","context":"Similar post","block_context":{"text":"Similar post","link":""},"img":{"alt_text":"","src":"https:\/\/i0.wp.com\/tp-electric.vn\/wp-content\/uploads\/2023\/02\/GD300-012.png?fit=880%2C646&ssl=1&resize=350%2C200","width":350,"height":200,"srcset":"https:\/\/i0.wp.com\/tp-electric.vn\/wp-content\/uploads\/2023\/02\/GD300-012.png?fit=880%2C646&ssl=1&resize=350%2C200 1x, https:\/\/i0.wp.com\/tp-electric.vn\/wp-content\/uploads\/2023\/02\/GD300-012.png?fit=880%2C646&ssl=1&resize=700%2C400 2x"},"classes":[]},{"id":2820,"url":"https:\/\/tp-electric.vn\/index.php\/san-pham\/bien-tan-invt-gd200a-s24-vao-1-pha-220v-ra-3-pha-380v\/","url_meta":{"origin":3513,"position":3},"title":"Bi\u1ebfn t\u1ea7n INVT GD200A-S24 v\u00e0o 1 pha 220V ra 3 pha 380V","author":"","date":"08\/02\/2023","format":false,"excerpt":"GD200A-S24\u00a0la\u0300 do\u0300ng bi\u00ea\u0301n t\u00e2\u0300n chuy\u00ean du\u0300ng cho ca\u0301c \u01b0\u0301ng du\u0323ng \u0111i\u00ea\u0300u khi\u00ea\u0309n \u0111\u00f4\u0323ng c\u01a1 3 pha 380V \u01a1\u0309 nh\u01b0\u0303ng n\u01a1i chi\u0309 co\u0301 \u0111i\u00ea\u0323n l\u01b0\u01a1\u0301i 1 pha 220V. V\u00e2\u0323n ha\u0300nh \u0111\u01a1n gia\u0309n, b\u00ea\u0300n bi\u0309, hoa\u0323t \u0111\u00f4\u0323ng \u00f4\u0309n \u0111i\u0323nh ngay ca\u0309 nh\u01b0\u0303ng n\u01a1i ngu\u00f4\u0300n \u0111i\u00ea\u0323n bi\u0323 su\u0323t a\u0301p, ch\u00e2\u0323p ch\u01a1\u0300n. BI\u1ebeN T\u1ea6N\u2026","rel":"","context":"Similar post","block_context":{"text":"Similar post","link":""},"img":{"alt_text":"","src":"https:\/\/i0.wp.com\/tp-electric.vn\/wp-content\/uploads\/2023\/02\/bien-tan-1-pha-ra-3-pha-gd200a-s24-h4166.png?fit=880%2C647&ssl=1&resize=350%2C200","width":350,"height":200,"srcset":"https:\/\/i0.wp.com\/tp-electric.vn\/wp-content\/uploads\/2023\/02\/bien-tan-1-pha-ra-3-pha-gd200a-s24-h4166.png?fit=880%2C647&ssl=1&resize=350%2C200 1x, https:\/\/i0.wp.com\/tp-electric.vn\/wp-content\/uploads\/2023\/02\/bien-tan-1-pha-ra-3-pha-gd200a-s24-h4166.png?fit=880%2C647&ssl=1&resize=700%2C400 2x"},"classes":[]},{"id":3674,"url":"https:\/\/tp-electric.vn\/index.php\/san-pham\/bien-tan-nidec-control-techniques-ne200-2s0022gb-1-pha-220v-2-2kw\/","url_meta":{"origin":3513,"position":4},"title":"NE200-2S0022GB 1 PHA 220V 2.2KW","author":"","date":"31\/07\/2023","format":false,"excerpt":"M\u00e3 s\u1ea3n ph\u1ea9m:\u00a0NE200-2S0022GB Th\u01b0\u01a1ng hi\u1ec7u: Nidec - Control Techniques ( Nh\u1eadt B\u1ea3n )","rel":"","context":"Similar post","block_context":{"text":"Similar post","link":""},"img":{"alt_text":"","src":"https:\/\/i0.wp.com\/tp-electric.vn\/wp-content\/uploads\/2023\/07\/Bien-tan-Nidec-Control-Techniques-NE200-4T0015G-0022PB-7958.jpg?fit=634%2C616&ssl=1&resize=350%2C200","width":350,"height":200},"classes":[]},{"id":3671,"url":"https:\/\/tp-electric.vn\/index.php\/san-pham\/bien-tan-nidec-control-techniques-ne200-2s0004gb-1-pha-220v-0-4kw\/","url_meta":{"origin":3513,"position":5},"title":"NE200-2S0004GB 1 PHA 220V 0.4KW","author":"","date":"31\/07\/2023","format":false,"excerpt":"M\u00e3 s\u1ea3n ph\u1ea9m:\u00a0NE200-2S0004GB Th\u01b0\u01a1ng hi\u1ec7u: Nidec - Control Techniques ( Nh\u1eadt B\u1ea3n )","rel":"","context":"Similar post","block_context":{"text":"Similar post","link":""},"img":{"alt_text":"","src":"https:\/\/i0.wp.com\/tp-electric.vn\/wp-content\/uploads\/2023\/07\/Bien-tan-Nidec-Control-Techniques-NE200-4T0015G-0022PB-7958.jpg?fit=634%2C616&ssl=1&resize=350%2C200","width":350,"height":200},"classes":[]}],"_links":{"self":[{"href":"https:\/\/tp-electric.vn\/index.php\/wp-json\/wp\/v2\/product\/3513"}],"collection":[{"href":"https:\/\/tp-electric.vn\/index.php\/wp-json\/wp\/v2\/product"}],"about":[{"href":"https:\/\/tp-electric.vn\/index.php\/wp-json\/wp\/v2\/types\/product"}],"replies":[{"embeddable":true,"href":"https:\/\/tp-electric.vn\/index.php\/wp-json\/wp\/v2\/comments?post=3513"}],"wp:featuredmedia":[{"embeddable":true,"href":"https:\/\/tp-electric.vn\/index.php\/wp-json\/wp\/v2\/media\/3515"}],"wp:attachment":[{"href":"https:\/\/tp-electric.vn\/index.php\/wp-json\/wp\/v2\/media?parent=3513"}],"wp:term":[{"taxonomy":"product_cat","embeddable":true,"href":"https:\/\/tp-electric.vn\/index.php\/wp-json\/wp\/v2\/product_cat?post=3513"},{"taxonomy":"product_tag","embeddable":true,"href":"https:\/\/tp-electric.vn\/index.php\/wp-json\/wp\/v2\/product_tag?post=3513"}],"curies":[{"name":"wp","href":"https:\/\/api.w.org\/{rel}","templated":true}]}}