{"id":3508,"date":"2023-04-14T11:21:30","date_gmt":"2023-04-14T04:21:30","guid":{"rendered":"https:\/\/tp-electric.vn\/?post_type=product&#038;p=3508"},"modified":"2024-12-12T15:11:38","modified_gmt":"2024-12-12T08:11:38","slug":"domino-tep","status":"publish","type":"product","link":"https:\/\/tp-electric.vn\/index.php\/san-pham\/domino-tep\/","title":{"rendered":"DOMINO T\u00c9P"},"content":{"rendered":"<p><strong>\u01afu \u0111i\u1ec3m s\u1ea3n ph\u1ea9m<\/strong><\/p>\n<ul>\n<li><span style=\"font-size: 110%;\">Ch\u1ea5t l\u01b0\u1ee3ng \u0111\u1ea1t chu\u1ea9n, \u0111\u01b0\u1ee3c s\u1ea3n xu\u1ea5t b\u1eb1ng nguy\u00ean v\u1eadt li\u1ec7u cao c\u1ea5p. \u0110\u1ea1t ti\u00eau chu\u1ea9n ch\u1ed1ng ch\u1ecbu va \u0111\u1eadp, nhi\u1ec7t, c\u00e1ch \u0111i\u1ec7n.<\/span><\/li>\n<li><span style=\"font-size: 110%;\">\u0110\u00e1p \u1ee9ng \u0111\u01b0\u1ee3c c\u00e1c y\u00eau c\u1ea7u k\u1ef9 thu\u1eadt kh\u1eafc khe trong c\u00f4ng nghi\u1ec7p.<\/span><\/li>\n<li><span style=\"font-size: 110%;\">D\u1ea3i c\u00f4ng su\u1ea5t r\u1ed9ng l\u00ean \u0111\u1ebfn 600A, ph\u00f9 h\u1ee3p v\u1edbi m\u1ecdi k\u00edch th\u01b0\u1edbc d\u00e2y t\u1eeb 2.5mm<sup>2<\/sup>-35mm<sup>2<\/sup>.<\/span><\/li>\n<li><span style=\"font-size: 110%;\">D\u1ec5 d\u00e0ng s\u1eed d\u1ee5ng v\u00e0 l\u1eafp \u0111\u1eb7t. Ngay c\u1ea3 khi c\u00f4ng su\u1ea5t kh\u00e1c nhau th\u00ec ng\u01b0\u1eddi d\u00f9ng v\u1eabn c\u00f3 th\u1ec3 g\u1eafn k\u1ebft c\u00e1c c\u1ea7u \u0111\u1ea5u tr\u00ean c\u00f9ng 1 thanh ray.<\/span><\/li>\n<li><span style=\"font-size: 110%;\">Thi\u1ebft k\u1ebf th\u00f4ng minh cho ph\u00e9p l\u1eafp gh\u00e9p d\u1ec5 d\u00e0ng, ti\u1ebft ki\u1ec7m th\u1eddi gian cho thao t\u00e1c b\u1ea3o tr\u00ec ho\u1eb7c s\u1eed ch\u1eefa t\u1ee7 \u0111i\u1ec7n.<\/span><\/li>\n<li><span style=\"font-size: 110%;\">Nh\u1ecf g\u1ecdn, ph\u00f9 h\u1ee3p v\u1edbi m\u1ecdi kh\u00f4ng gian d\u00f9 l\u00e0 nh\u1ecf h\u1eb9p nh\u1ea5t.<\/span><\/li>\n<li><span style=\"font-size: 110%;\">C\u00f3 ph\u1ea7n b\u1ea3o v\u1ec7 c\u00e1ch ly t\u0103ng t\u00ednh an to\u00e0n v\u1ec1 \u0111i\u1ec7n c\u0169ng nh\u01b0 b\u1ea3o v\u1ec7 t\u1ed1i \u01b0u cho ng\u01b0\u1eddi v\u1eadn h\u00e0nh.<\/span><\/li>\n<li><span style=\"font-size: 110%;\">\u0110\u1ed9 b\u1ec1n cao.<\/span><\/li>\n<li><span style=\"font-size: 110%;\">Gi\u00e1 th\u00e0nh r\u1ebb ch\u1ec9 t\u1eeb v\u00e0i ngh\u00ecn \u0111\u1ed3ng cho 1 s\u1ea3n ph\u1ea9m.<\/span><\/li>\n<\/ul>\n<table style=\"height: 449px;\" width=\"1193\">\n<thead>\n<tr style=\"height: 50px;\">\n<td style=\"width: 1183px; height: 50px;\">\n<p style=\"text-align: center;\"><strong>QUY C\u00c1CH PH\u1ed4 BI\u1ebeN<\/strong><\/p>\n<\/td>\n<\/tr>\n<\/thead>\n<tbody>\n<tr style=\"height: 50px;\">\n<td style=\"text-align: center; width: 1183px; height: 50px;\">Domino te\u0301p 1 t\u00e2\u0300ng 1P, 10A, G\u00e0i ngo\u00e0i<\/td>\n<\/tr>\n<tr style=\"height: 50px;\">\n<td style=\"text-align: center; width: 1183px; height: 50px;\">Domino te\u0301p 1 t\u00e2\u0300ng 1P, 20A, G\u00e0i ngo\u00e0i<\/td>\n<\/tr>\n<tr style=\"height: 50px;\">\n<td style=\"text-align: center; width: 1183px; height: 50px;\">Domino te\u0301p 1 t\u00e2\u0300ng 1P, 30A, G\u00e0i ngo\u00e0i<\/td>\n<\/tr>\n<tr style=\"height: 50px;\">\n<td style=\"text-align: center; width: 1183px; height: 50px;\">Domino te\u0301p 2 t\u00e2\u0300ng 2P, 10A, G\u00e0i ngo\u00e0i<\/td>\n<\/tr>\n<tr style=\"height: 50px;\">\n<td style=\"text-align: center; width: 1183px; height: 50px;\">Domino te\u0301p 2 t\u00e2\u0300ng 2P, 15A, G\u00e0i ngo\u00e0i<\/td>\n<\/tr>\n<tr style=\"height: 50px;\">\n<td style=\"text-align: center; width: 1183px; height: 50px;\">Domino te\u0301p 2 t\u00e2\u0300ng 2P, 20A, G\u00e0i ngo\u00e0i<\/td>\n<\/tr>\n<tr style=\"height: 50px;\">\n<td style=\"text-align: center; width: 1183px; height: 50px;\">Mi\u1ebfng ch\u1eb7n cu\u1ed1i (nh\u1ef1a)<\/td>\n<\/tr>\n<tr style=\"height: 50px;\">\n<td style=\"text-align: center; width: 1183px; height: 50px;\">Mi\u1ebfng ch\u1eb7n s\u1eaft c\u1ed1 \u0111\u1ecbnh (s\u1eaft)<\/td>\n<\/tr>\n<tr>\n<td style=\"text-align: center; width: 1183px;\">Domino te\u0301p 1 t\u00e2\u0300ng 1P, 10A, G\u00e0i trong<\/td>\n<\/tr>\n<\/tbody>\n<\/table>\n","protected":false},"excerpt":{"rendered":"<p>\u01afU \u0110I\u1ec2M:<\/p>\n<div class=\"ht-format-detail\">\n<p>\u0110\u1ea1t ti\u00eau chu\u1ea9n ch\u1ed1ng va \u0111\u1eadp, ch\u1ecbu nhi\u1ec7t, c\u00e1ch \u0111i\u1ec7n t\u1ed1t<\/p>\n<p>Ph\u00f9 h\u1ee3p v\u1edbi m\u1ecdi k\u00edch th\u01b0\u1edbc d\u00e2y \u0111i\u1ec7n \u0111\u1ec3 \u0111\u1ea5u n\u1ed1i<\/p>\n<p>Nh\u1ecf g\u1ecdn, d\u1ec5 d\u00e0ng l\u1eafp \u0111\u1eb7t<\/p>\n<p>Thi\u1ebft k\u1ebf hi\u1ec7n \u0111\u1ea1i, \u0111\u00e1p \u1ee9ng c\u00e1c y\u00eau c\u1ea7u kh\u1eafc khe<\/p>\n<p>Gi\u00e1 th\u00e0nh t\u01b0\u01a1ng \u0111\u1ed1i r\u1ebb<\/p>\n<\/div>\n","protected":false},"featured_media":3509,"comment_status":"open","ping_status":"closed","template":"","meta":[],"product_cat":[199],"product_tag":[],"jetpack-related-posts":[{"id":3502,"url":"https:\/\/tp-electric.vn\/index.php\/san-pham\/phich-cam-cong-nghiep\/","url_meta":{"origin":3508,"position":0},"title":"PH\u00cdCH C\u1eaeM C\u00d4NG NGHI\u1ec6P","author":"","date":"14\/04\/2023","format":false,"excerpt":"Ph\u00edch c\u1eafm di \u0111\u1ed9ng ch\u1ed1ng n\u01b0\u1edbc IP67 PK Schneider c\u00f3 thi\u1ebft k\u1ebf nh\u1ecf g\u1ecdn, tr\u1ecdng l\u01b0\u1ee3ng nh\u1eb9, \u0111\u1ed9 an to\u00e0n v\u00e0 kh\u1ea3 n\u0103ng c\u00e1ch \u0111i\u1ec7n cao. \u00a0\u01afU \u0110I\u1ec2M: Ch\u1ed1ng n\u01b0\u1edbc, b\u1ee5i b\u1ea9n \u0111\u1ea1t c\u1ea5p \u0111\u1ed9 IP67 S\u1ed1 c\u1ef1c t\u01b0\u01a1ng th\u00edch 2P+E, 3P+E, 4P+E Ch\u1ecbu m\u1ee9c d\u00f2ng \u0111i\u1ec7n 16A \u0111\u1ebfn 125A\u2026","rel":"","context":"Similar post","block_context":{"text":"Similar post","link":""},"img":{"alt_text":"","src":"https:\/\/i0.wp.com\/tp-electric.vn\/wp-content\/uploads\/2023\/04\/phich-cam-cong-nghiep.png?fit=300%2C300&ssl=1&resize=350%2C200","width":350,"height":200},"classes":[]},{"id":3495,"url":"https:\/\/tp-electric.vn\/index.php\/san-pham\/nut-nhan-loai-khoi-abb\/","url_meta":{"origin":3508,"position":1},"title":"N\u00daT NH\u1ea4N LO\u1ea0I KH\u1ed0I ABB","author":"","date":"14\/04\/2023","format":false,"excerpt":"C\u00e1c lo\u1ea1i n\u00fat nh\u1ea5n ABB g\u1ed3m n\u00fat nh\u1ea5n nh\u1ea3, n\u00fat nh\u1ea5n c\u00f3 \u0111\u00e8n b\u00e1o, n\u00fat d\u1eebng kh\u1ea9n c\u1ea5p \u0111a d\u1ea1ng v\u1ec1 m\u00e0u s\u1eafc, ki\u1ec3u d\u00e1ng, nh\u01b0 \u0111en, xanh, \u0111\u1ecf, v\u00e0ng, cam. \u00a0\u01afU \u0110I\u1ec2M: \u0110\u1ed9 b\u1ec1n c\u01a1 kh\u00ed: 500.000 l\u1ea7n thao t\u00e1c \u0110i\u1ec7n \u00e1p c\u00e1ch \u0111i\u1ec7n 300V D\u00f2ng \u0111\u1ecbnh m\u1ee9c nhi\u1ec7t\u2026","rel":"","context":"Similar post","block_context":{"text":"Similar post","link":""},"img":{"alt_text":"","src":"https:\/\/i0.wp.com\/tp-electric.vn\/wp-content\/uploads\/2023\/04\/Untitled-1.png?fit=300%2C300&ssl=1&resize=350%2C200","width":350,"height":200},"classes":[]},{"id":3504,"url":"https:\/\/tp-electric.vn\/index.php\/san-pham\/hop-noi-day-dien\/","url_meta":{"origin":3508,"position":2},"title":"H\u1ed8P N\u1ed0I D\u00c2Y \u0110I\u1ec6N","author":"","date":"14\/04\/2023","format":false,"excerpt":"\u00a0\u01afU \u0110I\u1ec2M: V\u1eadt li\u1ec7u PVC, ABS cao c\u1ea5p ch\u1ed1ng ch\u00e1y, ch\u1ed1ng \u1ed1 v\u00e0ng H\u1ed9p n\u1ed1i \u0111i\u1ec7n \u0111a d\u1ea1ng k\u00edch th\u01b0\u1edbc, ti\u00eau chu\u1ea9n C\u00f3 nhi\u1ec1u h\u00e3ng Sino, Boxco, OBO... ch\u00ednh h\u00e3ng H\u1ed9p n\u1ed1i d\u00e2y \u0111i\u1ec7n \u0111\u00e1p \u1ee9ng c\u00e1c ti\u00eau chu\u1ea9n VN, Ch\u00e2u \u00e2u Ch\u00ednh s\u00e1ch gi\u00e1 t\u1ed1t cho c\u00f4ng tr\u00ecnh, nh\u00e0\u2026","rel":"","context":"Similar post","block_context":{"text":"Similar post","link":""},"img":{"alt_text":"","src":"https:\/\/i0.wp.com\/tp-electric.vn\/wp-content\/uploads\/2023\/04\/hopnoi.png?fit=300%2C300&ssl=1&resize=350%2C200","width":350,"height":200},"classes":[]},{"id":3506,"url":"https:\/\/tp-electric.vn\/index.php\/san-pham\/domino-khoi-fit-den\/","url_meta":{"origin":3508,"position":3},"title":"DOMINO KH\u1ed0I FIT \u0110EN","author":"","date":"14\/04\/2023","format":false,"excerpt":"C\u1ea7u \u0111\u1ea5u d\u00e2y \u0111i\u1ec7n domino kh\u1ed1i fit \u0111en th\u01b0\u1eddng \u0111\u01b0\u1ee3c s\u1eed d\u1ee5ng trong \u0111\u1ea5u n\u1ed1i t\u1ee7 b\u1ea3ng \u0111i\u1ec7n c\u00f4ng nghi\u1ec7p, c\u00f3 th\u1ec3 \u0111\u1ea5u n\u1ed1i t\u1eeb 3P \u0111\u1ebfn 20P. \u00a0\u01afU \u0110I\u1ec2M: C\u1ea7u \u0111\u1ea5u \u0111i\u1ec7n domino kh\u1ed1i \u0111\u1eb7t ti\u00eau chu\u1ea9n IEC Ch\u1ea5t li\u1ec7u t\u1ed1t, chi\u1ee5 nhi\u1ec7t cao \u0110a d\u1ea1ng k\u00edch th\u01b0\u1edbc, cho\u2026","rel":"","context":"Similar post","block_context":{"text":"Similar post","link":""},"img":{"alt_text":"","src":"https:\/\/i0.wp.com\/tp-electric.vn\/wp-content\/uploads\/2023\/04\/DOMINO-FIT-DEN.png?fit=300%2C300&ssl=1&resize=350%2C200","width":350,"height":200},"classes":[]},{"id":3500,"url":"https:\/\/tp-electric.vn\/index.php\/san-pham\/cong-tac-xoay-2-vi-tri\/","url_meta":{"origin":3508,"position":4},"title":"C\u00d4NG T\u1eaeC XOAY 2 V\u1eca TR\u00cd","author":"","date":"14\/04\/2023","format":false,"excerpt":"C\u00f4ng t\u1eafc xoay 2 v\u1ecb tr\u00ed l\u00e0 m\u1ed9t thi\u1ebft b\u1ecb \u0111i\u1ec7n \u0111\u01b0\u1ee3c l\u1eafp \u0111\u1eb7t \u0111\u1ec3 s\u1eed d\u1ee5ng cho vi\u1ec7c b\u1eadt\/t\u1eaft \u1edf 2 v\u1ecb tr\u00ed kh\u00e1c nhau, \u0111\u01b0\u1ee3c \u1ee9ng d\u1ee5ng nhi\u1ec1u trong \u0111i\u1ec7n c\u00f4ng nghi\u1ec7p. \u00a0\u01afU \u0110I\u1ec2M: Lo\u1ea1i kh\u00f4ng \u0111\u00e8n, c\u00f3 \u0111\u00e8n, c\u00f3 ch\u00eca kho\u00e1 Th\u01b0\u01a1ng hi\u1ec7u Schneider, Idec, Hangyoung... Tu\u1ed5i\u2026","rel":"","context":"Similar post","block_context":{"text":"Similar post","link":""},"img":{"alt_text":"","src":"https:\/\/i0.wp.com\/tp-electric.vn\/wp-content\/uploads\/2023\/04\/2-vt.png?fit=300%2C300&ssl=1&resize=350%2C200","width":350,"height":200},"classes":[]},{"id":3285,"url":"https:\/\/tp-electric.vn\/index.php\/san-pham\/aptomat-mccb-tmax-abb\/","url_meta":{"origin":3508,"position":5},"title":"APTOMAT MCCB TMAX ABB","author":"","date":"25\/02\/2023","format":false,"excerpt":"\u00a0\u01afU \u0110I\u1ec2M: S\u1ea3n xu\u1ea5t t\u1ea1i \u00dd, b\u1ea3o v\u1ec7 qu\u00e1 t\u1ea3i, ng\u1eafn m\u1ea1ch Kh\u1ea3 n\u0103ng c\u1eaft d\u00f2ng ng\u1eafn m\u1ea1ch l\u00ean \u0111\u1ebfn 150kA Ng\u1eaft m\u1ea1ch b\u1ea3o v\u1ec7 c\u00e1c thi\u1ebft b\u1ecb c\u00f3 d\u00f2ng \u0111\u1ecbnh m\u1ee9c \u0111\u1ebfn 1600A Ch\u1ec9nh d\u00f2ng qu\u00e1 t\u1ea3i v\u1edbi trip t\u1eeb nhi\u1ec7t v\u00e0 \u0111i\u1ec7n t\u1eed S\u1eed d\u1ee5ng \u1edf m\u00f4i tr\u01b0\u1eddng\u2026","rel":"","context":"Similar post","block_context":{"text":"Similar post","link":""},"img":{"alt_text":"Tmax XT Molded Case Circuit Breakers (MCCB)","src":"https:\/\/i0.wp.com\/electrification.us.abb.com\/sites\/default\/files\/sace-tmax-xt-series-of-molded-case-circuit-breakers.jpg?resize=350%2C200&ssl=1","width":350,"height":200,"srcset":"https:\/\/i0.wp.com\/electrification.us.abb.com\/sites\/default\/files\/sace-tmax-xt-series-of-molded-case-circuit-breakers.jpg?resize=350%2C200&ssl=1 1x, https:\/\/i0.wp.com\/electrification.us.abb.com\/sites\/default\/files\/sace-tmax-xt-series-of-molded-case-circuit-breakers.jpg?resize=700%2C400&ssl=1 2x"},"classes":[]}],"_links":{"self":[{"href":"https:\/\/tp-electric.vn\/index.php\/wp-json\/wp\/v2\/product\/3508"}],"collection":[{"href":"https:\/\/tp-electric.vn\/index.php\/wp-json\/wp\/v2\/product"}],"about":[{"href":"https:\/\/tp-electric.vn\/index.php\/wp-json\/wp\/v2\/types\/product"}],"replies":[{"embeddable":true,"href":"https:\/\/tp-electric.vn\/index.php\/wp-json\/wp\/v2\/comments?post=3508"}],"wp:featuredmedia":[{"embeddable":true,"href":"https:\/\/tp-electric.vn\/index.php\/wp-json\/wp\/v2\/media\/3509"}],"wp:attachment":[{"href":"https:\/\/tp-electric.vn\/index.php\/wp-json\/wp\/v2\/media?parent=3508"}],"wp:term":[{"taxonomy":"product_cat","embeddable":true,"href":"https:\/\/tp-electric.vn\/index.php\/wp-json\/wp\/v2\/product_cat?post=3508"},{"taxonomy":"product_tag","embeddable":true,"href":"https:\/\/tp-electric.vn\/index.php\/wp-json\/wp\/v2\/product_tag?post=3508"}],"curies":[{"name":"wp","href":"https:\/\/api.w.org\/{rel}","templated":true}]}}