{"id":3502,"date":"2023-04-14T10:58:29","date_gmt":"2023-04-14T03:58:29","guid":{"rendered":"https:\/\/tp-electric.vn\/?post_type=product&#038;p=3502"},"modified":"2024-12-12T15:11:37","modified_gmt":"2024-12-12T08:11:37","slug":"phich-cam-cong-nghiep","status":"publish","type":"product","link":"https:\/\/tp-electric.vn\/index.php\/san-pham\/phich-cam-cong-nghiep\/","title":{"rendered":"PH\u00cdCH C\u1eaeM C\u00d4NG NGHI\u1ec6P"},"content":{"rendered":"<h3><strong>\u01afu \u0111i\u1ec3m<\/strong><\/h3>\n<ul>\n<li>\u0110\u1ed9 b\u1ec1n c\u01a1 h\u1ecdc cao, ch\u1ecbu \u0111\u01b0\u1ee3c \u00e1p l\u1ef1c m\u1ea1nh<\/li>\n<li>D\u1ea3i nhi\u1ec7t \u0111\u1ed9 ho\u1ea1t \u0111\u1ed9ng r\u1ed9ng, ch\u1ecbu nhi\u1ec7t v\u00e0 \u0111\u1ed9 c\u00e1ch \u0111i\u1ec7n cao, c\u00f3 kh\u1ea3 n\u0103ng ch\u1ed1ng ch\u00e1y, duy tr\u00ec ho\u1ea1t \u0111\u1ed9ng hi\u1ec7u qu\u1ea3 d\u00f9 \u1edf trong \u0111i\u1ec1u ki\u1ec7n kh\u1eafc nghi\u1ec7t do l\u00e0m b\u1eb1ng v\u1eadt li\u1ec7u polyamid cao c\u1ea5p<\/li>\n<li>D\u1ec5 d\u00e0ng l\u1eafp \u0111\u1eb7t v\u00e0 an to\u00e0n cao v\u1edbi c\u00e1c lo\u1ea1i \u1ed5 c\u1eafm n\u1ed5i, \u00e2m v\u1eeba c\u00f3 d\u1ea1ng th\u1eb3ng \u0111\u1ee9ng, d\u1ea1ng nghi\u00eang<\/li>\n<li>Ch\u1ec9 s\u1ed1 c\u1ea5p \u0111\u1ed9 b\u1ea3o v\u1ec7 l\u00ean \u0111\u1ebfn 67, \u0111\u1ea3m b\u1ea3o h\u1ea1n ch\u1ebf tuy\u1ec7t \u0111\u1ed1i b\u1ee5i b\u1ea9n v\u00e0 ch\u1ed1ng th\u00e1m n\u01b0\u1edbc tuy\u1ec7t \u0111\u1ed1i<\/li>\n<li>Thi\u1ebft k\u1ebf ki\u1ec3u d\u00e1ng \u0111\u01a1n gi\u1ea3n v\u1edbi k\u00edch th\u01b0\u1edbc nh\u1ecf g\u1ecdn, thu\u1eadn ti\u1ec7n cho vi\u1ec7c s\u1eed d\u1ee5ng, l\u1eafp \u0111\u1eb7t<\/li>\n<li>M\u00e0u s\u1eafc c\u0169ng r\u1ea5t \u0111\u01a1n gi\u1ea3n, tuy kh\u00f4ng qu\u00e1 phong ph\u00fa nh\u01b0ng \u0111\u01b0\u1ee3c s\u1ef1 \u1ee7ng h\u1ed9 r\u1ea5t nhi\u1ec1u t\u1eeb ng\u01b0\u1eddi d\u00f9ng Vi\u1ec7t Nam b\u1edfi d\u1ec5 d\u00e0ng nh\u1eadn d\u1ea1ng, ph\u00e2n bi\u1ec7t<\/li>\n<li>Ph\u00edch c\u1eafm di \u0111\u1ed9ng\u00a0IP67 PK Schneider c\u00f3 kh\u1ea3 n\u0103ng di \u0111\u1ed9ng, lu\u00e2n chuy\u1ec3n li\u00ean t\u1ee5c m\u00e0 kh\u00f4ng c\u1ea7n lo v\u1ec1 v\u1ea5n \u0111\u1ec1 l\u1eafp \u0111\u1eb7t, v\u1eadn chuy\u1ec3n<\/li>\n<\/ul>\n<h3><strong>\u0110\u1eb7c \u0111i\u1ec3m<\/strong><\/h3>\n<ul>\n<li>Thi\u1ebft b\u1ecb \u0111\u01b0\u1ee3c s\u1ea3n xu\u1ea5t tr\u00ean d\u00e2y chuy\u1ec1n c\u00f4ng ngh\u1ec7 hi\u1ec7n \u0111\u1ea1i, \u0111\u1ea1t ti\u00eau chu\u1ea9n qu\u1ed1c t\u1ebf IEC.<\/li>\n<li>S\u1edf h\u1eefu kh\u1ea3 n\u0103ng h\u1ea1n ch\u1ebf t\u1ed1i \u0111a nh\u1eefng t\u00e1c \u0111\u1ed9ng c\u00f3 h\u1ea1i t\u1eeb m\u00f4i tr\u01b0\u1eddng ngo\u00e0i l\u00ean s\u1ea3n ph\u1ea9m. Ch\u00ednh v\u00ec v\u1eady, s\u1ea3n ph\u1ea9m lu\u00f4n gi\u1eef g\u00ecn \u0111\u01b0\u1ee3c \u0111\u1ed9 b\u1ec1n \u0111\u1eb9p trong su\u1ed1t qu\u00e1 tr\u00ecnh s\u1eed d\u1ee5ng, b\u1ea1n s\u1ebd ti\u1ebft ki\u1ec7m \u0111\u01b0\u1ee3c<\/li>\n<li>\u0110\u01b0\u1ee3c thi\u1ebft k\u1ebf d\u00f9ng trong c\u00e1c \u0111i\u1ec1u ki\u1ec7n kh\u1eafc nghi\u1ec7t, th\u00edch h\u1ee3p d\u00f9ng trong c\u00e1c ng\u00e0nh c\u00f4ng nghi\u1ec7p m\u00e1y, c\u00f4ng tr\u00ecnh, nh\u00e0 x\u01b0\u1edfng, nh\u00e0 m\u00e1y \u0111i\u1ec7n&#8230;. S\u1eed d\u1ee5ng trong nh\u00e0 hay ngo\u00e0i tr\u1eddi \u1edf b\u1ea5t k\u1ef3 c\u01a1 s\u1edf h\u1ea1 t\u1ea7ng n\u00e0o.<\/li>\n<li>Kh\u1ea3 n\u0103ng ho\u1ea1t \u0111\u1ed9ng c\u1ee7a thi\u1ebft b\u1ecb \u1ed5n \u0111\u1ecbnh.<\/li>\n<li>Ph\u00edch c\u1eafm c\u00f3 nhi\u1ec1u t\u00ednh n\u0103ng hi\u1ec7n \u0111\u1ea1i gi\u00fap vi\u1ec7c s\u1eed d\u1ee5ng \u0111\u01b0\u1ee3c ti\u1ec7n l\u1ee3i v\u00e0 an to\u00e0n h\u01a1n r\u1ea5t nhi\u1ec1u.<\/li>\n<li>Thi\u1ebft b\u1ecb c\u00f3 th\u1ec3 ph\u00f9 h\u1ee3p v\u1edbi nhi\u1ec1u kh\u00f4ng gian v\u00e0 m\u1ea1ch \u0111i\u1ec7n kh\u00e1c nhau<\/li>\n<\/ul>\n<h3><strong>T\u00ednh n\u0103ng<\/strong><\/h3>\n<ul>\n<li>Ph\u00edch c\u1eafm di d\u1ed9ng ch\u1ed1ng n\u01b0\u1edbc IP67 PK Schneider\u00a0th\u01b0\u1eddng \u0111\u00f3ng vai tr\u00f2 truy\u1ec1n t\u1ea3i \u0111i\u1ec7n l\u1edbn.<\/li>\n<li>K\u1ebft n\u1ed1i nhanh, s\u1eed d\u1ee5ng an to\u00e0n, hi\u1ec7u qu\u1ea3 v\u00e0 thu\u1eadn ti\u1ec7n, tr\u1ef1c quan, d\u1ec5 s\u1eed d\u1ee5ng.<\/li>\n<\/ul>\n<h3><strong>Th\u00f4ng s\u1ed1 chung<\/strong><\/h3>\n<ul>\n<li>Ph\u00edch c\u1eafm di \u0111\u1ed9ng ch\u1ed1ng n\u01b0\u1edbc IP67 PK Schneider c\u00f3 c\u1ea5p \u0111\u1ed9 b\u1ea3o v\u1ec7 l\u00ean \u0111\u1ebfn 67, ph\u00f9 h\u1ee3p v\u1edbi ti\u00eau chu\u1ea9n IEC 60529<\/li>\n<li>\u0110\u00e1p \u1ee9ng \u0111\u1ea7y \u0111\u1ee7 c\u00e1c ti\u00eau chu\u1ea9n IEC 60309 v\u1ec1 ch\u1ea5t l\u01b0\u1ee3ng<\/li>\n<li>S\u1ed1 c\u1ef1c: 2P, 3P, 4P<\/li>\n<li>\u0110i\u1ec7n \u00e1p: 230V &#8211; 400V<\/li>\n<li>D\u00f2ng \u0111i\u1ec7n: 16A &#8211;\u00a032A \u2013 63A &#8211; 125A<\/li>\n<li>Kh\u1ea3 n\u0103ng ch\u1ed1ng ch\u00e1y v\u1edbi nhi\u1ec7t \u0111\u1ed9 l\u00ean \u0111\u1ebfn 850\u00b0C<\/li>\n<li>\u0110\u1ed9 cao cho ph\u00e9p ho\u1ea1t \u0111\u1ed9ng 2000m<\/li>\n<li>D\u1ea3i nhi\u1ec7t \u0111\u1ed9 cho ph\u00e9p ho\u1ea1t \u0111\u1ed9ng -25 \u0111\u1ebfn 40\u00b0C<\/li>\n<li>V\u1ecb tr\u00ed k\u1ebft n\u1ed1i 6H<\/li>\n<li>\u0110\u1ed9 \u1ea9m t\u01b0\u01a1ng \u0111\u1ed1i:\u00a050% \u1edf 40 \u00b0C;\u00a070% \u1edf 30 \u00b0C;\u00a090% \u1edf 20\u00b0C<\/li>\n<\/ul>\n<h3><strong>\u1ee8ng d\u1ee5ng<\/strong><\/h3>\n<p>V\u1edbi nh\u1eefng \u01b0u \u0111i\u1ec3m k\u1ec3 tr\u00ean, v\u1ec1 kh\u1ea3 n\u0103ng c\u00e1ch \u0111i\u1ec7n, ch\u1ed1ng ch\u00e1y ch\u1ed1ng n\u01b0\u1edbc, ch\u1ed1ng b\u1ee5i, ph\u00edch c\u1eafm di \u0111\u1ed9ng IP67 PK Schneider th\u00edch h\u1ee3p \u1ee9ng d\u1ee5ng trong c\u00e1c l\u0129nh v\u1ef1c, c\u00e1c ng\u00e0nh c\u00f4ng nghi\u1ec7p m\u00e1y, ng\u00e0nh x\u00e2y d\u1ef1ng, nh\u00e0 m\u00e1y \u0111i\u1ec7n&#8230;..<\/p>\n","protected":false},"excerpt":{"rendered":"<div class=\"desc\">Ph\u00edch c\u1eafm di \u0111\u1ed9ng ch\u1ed1ng n\u01b0\u1edbc IP67 PK Schneider c\u00f3 thi\u1ebft k\u1ebf nh\u1ecf g\u1ecdn, tr\u1ecdng l\u01b0\u1ee3ng nh\u1eb9, \u0111\u1ed9 an to\u00e0n v\u00e0 kh\u1ea3 n\u0103ng c\u00e1ch \u0111i\u1ec7n cao.<\/div>\n<div class=\"list\">\n<p><i class=\"fa fa-gg\" aria-hidden=\"true\"><\/i><span style=\"font-size: 80%;\">\u00a0\u01afU \u0110I\u1ec2M:<br \/>\n<\/span><span style=\"font-size: 80%;\">Ch\u1ed1ng n\u01b0\u1edbc, b\u1ee5i b\u1ea9n \u0111\u1ea1t c\u1ea5p \u0111\u1ed9 IP67<br \/>\n<\/span><span style=\"font-size: 80%;\">S\u1ed1 c\u1ef1c t\u01b0\u01a1ng th\u00edch 2P+E, 3P+E, 4P+E<br \/>\n<\/span><span style=\"font-size: 80%;\">Ch\u1ecbu m\u1ee9c d\u00f2ng \u0111i\u1ec7n 16A \u0111\u1ebfn 125A tu\u1ef3 m\u00e3<br \/>\n<\/span><span style=\"font-size: 80%;\">\u0110\u1ea1t ti\u00eau chu\u1ea9n ch\u00e2u \u00e2u IEC 60529<br \/>\n<\/span><span style=\"font-size: 80%;\">Thi\u1ebft k\u1ebf nh\u1ecf g\u1ecdn, ch\u1eafc ch\u1eafn, tu\u1ed5i th\u1ecd cao<\/span><\/p>\n<p><a href=\"https:\/\/drive.google.com\/file\/d\/1xCtg7-9rEz1ekgfHLQRqXca4M-QcAsut\/view?usp=share_link\"><span style=\"color: #ff0000;\"><strong>T\u1ea2I CATALOGUE T\u1ea0I \u0110\u00c2Y<\/strong><\/span><\/a><\/p>\n<\/div>\n","protected":false},"featured_media":3503,"comment_status":"open","ping_status":"closed","template":"","meta":[],"product_cat":[199],"product_tag":[],"jetpack-related-posts":[{"id":3496,"url":"https:\/\/tp-electric.vn\/index.php\/san-pham\/cong-tac-xoay-4-vi-tri\/","url_meta":{"origin":3502,"position":0},"title":"C\u00d4NG T\u1eaeC XOAY 4 V\u1eca TR\u00cd","author":"","date":"14\/04\/2023","format":false,"excerpt":"C\u00f4ng t\u1eafc xoay 4 v\u1ecb tr\u00ed \u0111\u01b0\u1ee3c thi\u1ebft k\u1ebf v\u1edbi 3 n\u00fat m\u1edf v\u00e0 1 n\u00fat t\u1eaft thi\u1ebft b\u1ecb \u0111i\u1ec7n \u0111\u01b0\u1ee3c \u1ee9ng d\u1ee5ng ph\u1ed5 bi\u1ebfn trong h\u1ec7 th\u1ed1ng \u0111i\u1ec7n c\u00f4ng nghi\u1ec7p. \u00a0\u01afU \u0110I\u1ec2M: \u0110\u1ed9 b\u1ec1n c\u01a1 h\u1ecdc cao C\u1ea5p \u0111\u1ed9 b\u1ea3o v\u1ec7 IP22, IP65 K\u1ebft c\u1ea5u \u0111\u01a1n gi\u1ea3n, d\u1ec5 l\u1eafp\u2026","rel":"","context":"Similar post","block_context":{"text":"Similar post","link":""},"img":{"alt_text":"","src":"https:\/\/i0.wp.com\/tp-electric.vn\/wp-content\/uploads\/2023\/04\/4vt.png?fit=300%2C300&ssl=1&resize=350%2C200","width":350,"height":200},"classes":[]},{"id":3495,"url":"https:\/\/tp-electric.vn\/index.php\/san-pham\/nut-nhan-loai-khoi-abb\/","url_meta":{"origin":3502,"position":1},"title":"N\u00daT NH\u1ea4N LO\u1ea0I KH\u1ed0I ABB","author":"","date":"14\/04\/2023","format":false,"excerpt":"C\u00e1c lo\u1ea1i n\u00fat nh\u1ea5n ABB g\u1ed3m n\u00fat nh\u1ea5n nh\u1ea3, n\u00fat nh\u1ea5n c\u00f3 \u0111\u00e8n b\u00e1o, n\u00fat d\u1eebng kh\u1ea9n c\u1ea5p \u0111a d\u1ea1ng v\u1ec1 m\u00e0u s\u1eafc, ki\u1ec3u d\u00e1ng, nh\u01b0 \u0111en, xanh, \u0111\u1ecf, v\u00e0ng, cam. \u00a0\u01afU \u0110I\u1ec2M: \u0110\u1ed9 b\u1ec1n c\u01a1 kh\u00ed: 500.000 l\u1ea7n thao t\u00e1c \u0110i\u1ec7n \u00e1p c\u00e1ch \u0111i\u1ec7n 300V D\u00f2ng \u0111\u1ecbnh m\u1ee9c nhi\u1ec7t\u2026","rel":"","context":"Similar post","block_context":{"text":"Similar post","link":""},"img":{"alt_text":"","src":"https:\/\/i0.wp.com\/tp-electric.vn\/wp-content\/uploads\/2023\/04\/Untitled-1.png?fit=300%2C300&ssl=1&resize=350%2C200","width":350,"height":200},"classes":[]},{"id":3500,"url":"https:\/\/tp-electric.vn\/index.php\/san-pham\/cong-tac-xoay-2-vi-tri\/","url_meta":{"origin":3502,"position":2},"title":"C\u00d4NG T\u1eaeC XOAY 2 V\u1eca TR\u00cd","author":"","date":"14\/04\/2023","format":false,"excerpt":"C\u00f4ng t\u1eafc xoay 2 v\u1ecb tr\u00ed l\u00e0 m\u1ed9t thi\u1ebft b\u1ecb \u0111i\u1ec7n \u0111\u01b0\u1ee3c l\u1eafp \u0111\u1eb7t \u0111\u1ec3 s\u1eed d\u1ee5ng cho vi\u1ec7c b\u1eadt\/t\u1eaft \u1edf 2 v\u1ecb tr\u00ed kh\u00e1c nhau, \u0111\u01b0\u1ee3c \u1ee9ng d\u1ee5ng nhi\u1ec1u trong \u0111i\u1ec7n c\u00f4ng nghi\u1ec7p. \u00a0\u01afU \u0110I\u1ec2M: Lo\u1ea1i kh\u00f4ng \u0111\u00e8n, c\u00f3 \u0111\u00e8n, c\u00f3 ch\u00eca kho\u00e1 Th\u01b0\u01a1ng hi\u1ec7u Schneider, Idec, Hangyoung... Tu\u1ed5i\u2026","rel":"","context":"Similar post","block_context":{"text":"Similar post","link":""},"img":{"alt_text":"","src":"https:\/\/i0.wp.com\/tp-electric.vn\/wp-content\/uploads\/2023\/04\/2-vt.png?fit=300%2C300&ssl=1&resize=350%2C200","width":350,"height":200},"classes":[]},{"id":4832,"url":"https:\/\/tp-electric.vn\/index.php\/san-pham\/vo-tu-dien-mat-troi-ha-12way\/","url_meta":{"origin":3502,"position":3},"title":"V\u1ecf t\u1ee7 \u0111i\u1ec7n m\u1eb7t tr\u1eddi HA-12Way","author":"Admin","date":"11\/12\/2024","format":false,"excerpt":"Th\u00f4ng s\u1ed1 s\u1ea3n ph\u1ea9m: Model: HA-12 Way: 12 way IP b\u1ea3o v\u1ec7: IP65 K\u00edch th\u01b0\u1edbc: 295 x 260 x 140 Kh\u1ea3 n\u0103ng ch\u1ee9a t\u1ed1i \u0111a: 8\/12 MCB \u0110i\u1ec7n \u00e1p \u0111\u1ecbnh m\u1ee9c: 690V T\u1ea7n s\u1ed1 \u0111\u1ecbnh m\u1ee9c: 50Hz","rel":"","context":"Similar post","block_context":{"text":"Similar post","link":""},"img":{"alt_text":"","src":"https:\/\/i0.wp.com\/tp-electric.vn\/wp-content\/uploads\/2024\/12\/tu-dien-pin-mat-troi-ha-12-way-2.jpg?fit=700%2C700&ssl=1&resize=350%2C200","width":350,"height":200,"srcset":"https:\/\/i0.wp.com\/tp-electric.vn\/wp-content\/uploads\/2024\/12\/tu-dien-pin-mat-troi-ha-12-way-2.jpg?fit=700%2C700&ssl=1&resize=350%2C200 1x, https:\/\/i0.wp.com\/tp-electric.vn\/wp-content\/uploads\/2024\/12\/tu-dien-pin-mat-troi-ha-12-way-2.jpg?fit=700%2C700&ssl=1&resize=700%2C400 2x"},"classes":[]},{"id":3285,"url":"https:\/\/tp-electric.vn\/index.php\/san-pham\/aptomat-mccb-tmax-abb\/","url_meta":{"origin":3502,"position":4},"title":"APTOMAT MCCB TMAX ABB","author":"","date":"25\/02\/2023","format":false,"excerpt":"\u00a0\u01afU \u0110I\u1ec2M: S\u1ea3n xu\u1ea5t t\u1ea1i \u00dd, b\u1ea3o v\u1ec7 qu\u00e1 t\u1ea3i, ng\u1eafn m\u1ea1ch Kh\u1ea3 n\u0103ng c\u1eaft d\u00f2ng ng\u1eafn m\u1ea1ch l\u00ean \u0111\u1ebfn 150kA Ng\u1eaft m\u1ea1ch b\u1ea3o v\u1ec7 c\u00e1c thi\u1ebft b\u1ecb c\u00f3 d\u00f2ng \u0111\u1ecbnh m\u1ee9c \u0111\u1ebfn 1600A Ch\u1ec9nh d\u00f2ng qu\u00e1 t\u1ea3i v\u1edbi trip t\u1eeb nhi\u1ec7t v\u00e0 \u0111i\u1ec7n t\u1eed S\u1eed d\u1ee5ng \u1edf m\u00f4i tr\u01b0\u1eddng\u2026","rel":"","context":"Similar post","block_context":{"text":"Similar post","link":""},"img":{"alt_text":"Tmax XT Molded Case Circuit Breakers (MCCB)","src":"https:\/\/i0.wp.com\/electrification.us.abb.com\/sites\/default\/files\/sace-tmax-xt-series-of-molded-case-circuit-breakers.jpg?resize=350%2C200&ssl=1","width":350,"height":200,"srcset":"https:\/\/i0.wp.com\/electrification.us.abb.com\/sites\/default\/files\/sace-tmax-xt-series-of-molded-case-circuit-breakers.jpg?resize=350%2C200&ssl=1 1x, https:\/\/i0.wp.com\/electrification.us.abb.com\/sites\/default\/files\/sace-tmax-xt-series-of-molded-case-circuit-breakers.jpg?resize=700%2C400&ssl=1 2x"},"classes":[]},{"id":3541,"url":"https:\/\/tp-electric.vn\/index.php\/san-pham\/weidmuller-7kw-1pha-we01-07\/","url_meta":{"origin":3502,"position":5},"title":"WEIDMULLER 7KW-1PHA (WE01-07)","author":"","date":"12\/06\/2023","format":false,"excerpt":"1. T\u00ecm hi\u1ec3u th\u01b0\u01a1ng hi\u1ec7u Weidmuller C\u00f4ng ty Weidmuller \u0111\u01b0\u1ee3c th\u00e0nh l\u1eadp t\u1eeb n\u0103m 1850. \u00a0 Weidmuller\u00a0\u2013\u00a0th\u01b0\u01a1ng hi\u1ec7u h\u00e0ng \u0111\u1ea7u \u0111\u1ebfn t\u1eeb\u00a0\u0110\u1ee9c, \u0111\u00e3 \u0111\u01b0\u1ee3c th\u1eeba nh\u1eadn v\u00e0 t\u00edn nhi\u1ec7m trong ng\u00e0nh c\u00f4ng nghi\u1ec7p to\u00e0n c\u1ea7u.\u00a0V\u1edbi h\u01a1n 160 n\u0103m kinh nghi\u1ec7m (t\u1eeb 1850),\u00a0Weidmuller \u0111\u00e3 tr\u1edf th\u00e0nh m\u1ed9t nh\u00e0 cung c\u1ea5p uy\u2026","rel":"","context":"Similar post","block_context":{"text":"Similar post","link":""},"img":{"alt_text":"","src":"https:\/\/i0.wp.com\/tp-electric.vn\/wp-content\/uploads\/2023\/06\/bo-sac-2.png?fit=664%2C664&ssl=1&resize=350%2C200","width":350,"height":200},"classes":[]}],"_links":{"self":[{"href":"https:\/\/tp-electric.vn\/index.php\/wp-json\/wp\/v2\/product\/3502"}],"collection":[{"href":"https:\/\/tp-electric.vn\/index.php\/wp-json\/wp\/v2\/product"}],"about":[{"href":"https:\/\/tp-electric.vn\/index.php\/wp-json\/wp\/v2\/types\/product"}],"replies":[{"embeddable":true,"href":"https:\/\/tp-electric.vn\/index.php\/wp-json\/wp\/v2\/comments?post=3502"}],"wp:featuredmedia":[{"embeddable":true,"href":"https:\/\/tp-electric.vn\/index.php\/wp-json\/wp\/v2\/media\/3503"}],"wp:attachment":[{"href":"https:\/\/tp-electric.vn\/index.php\/wp-json\/wp\/v2\/media?parent=3502"}],"wp:term":[{"taxonomy":"product_cat","embeddable":true,"href":"https:\/\/tp-electric.vn\/index.php\/wp-json\/wp\/v2\/product_cat?post=3502"},{"taxonomy":"product_tag","embeddable":true,"href":"https:\/\/tp-electric.vn\/index.php\/wp-json\/wp\/v2\/product_tag?post=3502"}],"curies":[{"name":"wp","href":"https:\/\/api.w.org\/{rel}","templated":true}]}}