{"id":3500,"date":"2023-04-14T10:45:17","date_gmt":"2023-04-14T03:45:17","guid":{"rendered":"https:\/\/tp-electric.vn\/?post_type=product&#038;p=3500"},"modified":"2024-12-12T15:11:37","modified_gmt":"2024-12-12T08:11:37","slug":"cong-tac-xoay-2-vi-tri","status":"publish","type":"product","link":"https:\/\/tp-electric.vn\/index.php\/san-pham\/cong-tac-xoay-2-vi-tri\/","title":{"rendered":"C\u00d4NG T\u1eaeC XOAY 2 V\u1eca TR\u00cd"},"content":{"rendered":"<h3><strong>C\u00f4ng t\u1eafc xoay 2 v\u1ecb tr\u00ed l\u00e0 g\u00ec<\/strong><\/h3>\n<p>C\u00f4ng t\u1eafc xoay 2 v\u1ecb tr\u00ed\u00a0l\u00e0 m\u1ed9t thi\u1ebft b\u1ecb \u0111i\u1ec7n \u0111\u01b0\u1ee3c l\u1eafp \u0111\u1eb7t \u0111\u1ec3 s\u1eed d\u1ee5ng cho vi\u1ec7c b\u1eadt\/t\u1eaft \u1edf 2 v\u1ecb tr\u00ed kh\u00e1c nhau. \u0110\u00e2y l\u00e0 d\u00f2ng c\u00f4ng t\u1eafc mang \u0111\u1ebfn cho ng\u01b0\u1eddi d\u00f9ng s\u1ef1 ti\u1ec7n l\u1ee3i r\u1ea5t nhi\u1ec1u trong qu\u00e1 tr\u00ecnh s\u1eed d\u1ee5ng. N\u00f3 hi\u1ec7n \u0111\u01b0\u1ee3c l\u1ef1a ch\u1ecdn \u0111\u1ec3 \u1ee9ng d\u1ee5ng r\u1ea5t nhi\u1ec1u trong cu\u1ed9c s\u1ed1ng.<\/p>\n<h3><strong>\u0110\u1eb7c \u0111i\u1ec3m chung c\u1ee7a c\u00f4ng t\u1eafc xoay 2 v\u1ecb tr\u00ed<\/strong><\/h3>\n<p>M\u1eb7c d\u00f9 th\u1ecb tr\u01b0\u1eddng c\u00f3 r\u1ea5t nhi\u1ec1u lo\u1ea1i\u00a0c\u00f4ng t\u1eafc xoay 2 v\u1ecb tr\u00ed\u00a0kh\u00e1c nhau nh\u01b0ng ch\u00fang \u0111\u1ec1u c\u00f3 \u0111\u01b0\u1ee3c nh\u1eefng \u0111\u1eb7c \u0111i\u1ec3m c\u01a1 b\u1ea3n d\u01b0\u1edbi \u0111\u00e2y.<\/p>\n<ul>\n<li>Thi\u1ebft b\u1ecb \u0111\u01b0\u1ee3c s\u1ea3n xu\u1ea5t v\u1edbi k\u00edch th\u01b0\u1edbc nh\u1ecf g\u1ecdn v\u00e0 tr\u1ecdng l\u01b0\u1ee3ng nh\u1eb9.<\/li>\n<li>C\u1ea5u t\u1ea1o \u0111\u01a1n gi\u1ea3n, r\u1ea5t d\u1ec5 l\u1eafp \u0111\u1eb7t v\u00e0 s\u1eed d\u1ee5ng.<\/li>\n<li>\u0110\u01b0\u1ee3c l\u00e0m t\u1eeb ch\u1ea5t li\u1ec7u cao c\u1ea5p, c\u00f3 \u0111\u1ed9 b\u1ec1n cao.<\/li>\n<li>Kh\u1ea3 n\u0103ng th\u00edch nghi v\u1edbi m\u00f4i tr\u01b0\u1eddng r\u1ea5t t\u1ed1t.<\/li>\n<li>C\u00f4ng t\u1eafc th\u01b0\u1eddng \u0111\u01b0\u1ee3c thi\u1ebft k\u1ebf v\u1edbi c\u1ea5p \u0111\u1ed9 b\u1ea3o v\u1ec7 cao.<\/li>\n<li>C\u00e1c ti\u00eau ch\u00ed s\u1ea3n xu\u1ea5t thi\u1ebft b\u1ecb \u0111\u1ec1u \u0111\u1ea3m b\u1ea3o \u0111\u1ea1t \u0111\u01b0\u1ee3c c\u00e1c ti\u00eau chu\u1ea9n ch\u1ea5t l\u01b0\u1ee3ng t\u1ed1t nh\u1ea5t.<\/li>\n<li>C\u00f3 bi\u1ebfn \u00e1p ho\u1eb7c \u0111i\u1ec7n \u00e1p \u0111\u1ee7.<\/li>\n<li>\u0110\u1ea3m b\u1ea3o an to\u00e0n cho ng\u01b0\u1eddi s\u1eed d\u1ee5ng.<\/li>\n<\/ul>\n<h3><strong>\u01afu \u0111i\u1ec3m v\u01b0\u1ee3t tr\u1ed9i c\u1ee7a c\u00f4ng t\u1eafc xoay 2 v\u1ecb tr\u00ed<\/strong><\/h3>\n<p>L\u00fd do khi\u1ebfn\u00a0c\u00f4ng t\u1eafc xoay 2 v\u1ecb tr\u00ed\u00a0ng\u00e0y c\u00e0ng nh\u1eadn \u0111\u01b0\u1ee3c s\u1ef1 \u01b0u \u00e1i c\u1ee7a ng\u01b0\u1eddi d\u00f9ng tr\u00ean th\u1ecb tr\u01b0\u1eddng nh\u01b0 hi\u1ec7n nay l\u00e0 b\u1edfi n\u00f3 s\u1edf h\u1eefu nhi\u1ec1u \u01b0u \u0111i\u1ec3m r\u1ea5t v\u01b0\u1ee3t tr\u1ed9i. \u0110\u00f3 l\u00e0 g\u00ec? C\u00e2u tr\u1ea3 l\u1eddi s\u1ebd c\u00f3 ngay d\u01b0\u1edbi \u0111\u00e2y.<\/p>\n<p><strong><em>Tu\u1ed5i th\u1ecd cao<\/em><\/strong><\/p>\n<p>H\u1ea7u h\u1ebft c\u00e1c d\u00f2ng c\u00f4ng t\u1eafc thi\u1ebft k\u1ebf xoay 2 v\u1ecb tr\u00ed tr\u00ean th\u1ecb tr\u01b0\u1eddng \u0111\u1ec1u \u0111\u01b0\u1ee3c l\u00e0m t\u1eeb c\u00e1c ch\u1ea5t li\u1ec7u ch\u1ea5t l\u01b0\u1ee3ng nh\u01b0 kim lo\u1ea1i hay nh\u1ef1a cao c\u1ea5p. \u0110\u1eb7c bi\u1ec7t, thi\u1ebft b\u1ecb \u0111\u01b0\u1ee3c s\u1ea3n xu\u1ea5t v\u1edbi c\u1ea5p \u0111\u1ed9 b\u1ea3o v\u1ec7 \u0111\u1ea1t IP20 tr\u1edf l\u00ean. \u0110i\u1ec1u n\u00e0y s\u1ebd gi\u00fap thi\u1ebft b\u1ecb c\u00f3 \u0111\u01b0\u1ee3c \u0111\u1ed9 b\u1ec1n cao v\u00e0 kh\u1ea3 n\u0103ng th\u00edch nghi v\u1edbi c\u00e1c \u0111i\u1ec1u ki\u1ec7n m\u00f4i tr\u01b0\u1eddng \u0111\u01b0\u1ee3c t\u1ed1t nh\u1ea5t, \u0111\u1eb7c bi\u1ec7t l\u00e0 m\u00f4i tr\u01b0\u1eddng kh\u1eafc nghi\u1ec7t. V\u1edbi tu\u1ed5i th\u1ecd cao m\u00e0 thi\u1ebft b\u1ecb c\u00f3 \u0111\u01b0\u1ee3c s\u1ebd l\u00e0 \u01b0u \u0111i\u1ec3m \u0111\u1ec3 ng\u01b0\u1eddi d\u00f9ng gi\u1ea3m \u0111\u01b0\u1ee3c chi ph\u00ed cho vi\u1ec7c thay m\u1edbi hay b\u1ea3o d\u01b0\u1ee1ng trong th\u1eddi gian d\u00e0i s\u1eed d\u1ee5ng.<\/p>\n<p><strong><em>D\u1ec5 s\u1eed d\u1ee5ng<\/em><\/strong><\/p>\n<p>H\u1ea7u h\u1ebft c\u00e1c d\u00f2ng\u00a0c\u00f4ng t\u1eafc xoay 2 v\u1ecb tr\u00ed\u00a0tr\u00ean th\u1ecb tr\u01b0\u1eddng \u0111\u1ec1u \u0111\u01b0\u1ee3c thi\u1ebft k\u1ebf v\u1edbi k\u00edch th\u01b0\u1edbc nh\u1ecf g\u1ecdn, tr\u1ecdng l\u01b0\u1ee3ng nh\u1eb9. Ngo\u00e0i ra, c\u1ea5u t\u1ea1o c\u1ee7a thi\u1ebft b\u1ecb c\u0169ng r\u1ea5t \u0111\u01a1n gi\u1ea3n. V\u00ec v\u1eady, khi l\u1eafp \u0111\u1eb7t, v\u1eadn chuy\u1ec3n hay s\u1eed d\u1ee5ng th\u00ec c\u00f4ng t\u00e1c c\u0169ng kh\u00f4ng g\u00e2y b\u1ea5t c\u1ee9 kh\u00f3 kh\u0103n n\u00e0o cho ng\u01b0\u1eddi d\u00f9ng.<\/p>\n<p><strong><em>\u0110a d\u1ea1ng m\u1eabu m\u00e3<\/em><\/strong><\/p>\n<p>Hi\u1ec7n nay, tr\u00ean th\u1ecb tr\u01b0\u1eddng \u0111ang c\u00f3 r\u1ea5t nhi\u1ec1u lo\u1ea1i c\u00f4ng t\u1eafc thi\u1ebft k\u1ebf 2 chi\u1ec1u \u0111\u1ec3 ph\u00f9 h\u1ee3p v\u1edbi m\u1ecdi nhu c\u1ea7u s\u1eed d\u1ee5ng v\u00e0 l\u1eafp \u0111\u1eb7t c\u1ee7a ng\u01b0\u1eddi d\u00f9ng. V\u00ed nh\u01b0:\u00a0<strong>c\u00f4ng t\u1eafc xoay 2 v\u1ecb tr\u00ed<\/strong>\u00a0c\u00f3 \u0111\u00e8n, c\u00f4ng t\u1eafc kh\u00f4ng \u0111\u00e8n, c\u00f4ng t\u1eafc c\u00f3 kh\u00f3a\u2026\u0110\u00e2y l\u00e0 l\u00fd do khi\u1ebfn ng\u00e0y c\u00e0ng nhi\u1ec1u ng\u01b0\u1eddi d\u00f9ng l\u1ef1a ch\u1ecdn d\u00f2ng thi\u1ebft b\u1ecb \u0111i\u1ec7n n\u00e0y \u0111\u1ec3 thi\u1ebft k\u1ebf h\u1ec7 th\u1ed1ng \u0111i\u1ec1u khi\u1ec3n m\u1ea1ch \u0111i\u1ec7n c\u1ee7a m\u00ecnh.<\/p>\n<p><strong><em>An to\u00e0n cho ng\u01b0\u1eddi d\u00f9ng<\/em><\/strong><\/p>\n<p>C\u00e1c ti\u1ebfp \u0111i\u1ec3m trong c\u00f4ng t\u1eafc c\u00f3 th\u1ec3 mang \u0111\u1ebfn hi\u1ec7u qu\u1ea3 b\u1ea3o v\u1ec7 an to\u00e0n cho ng\u01b0\u1eddi d\u00f9ng trong qu\u00e1 tr\u00ecnh s\u1eed d\u1ee5ng. T\u1ea5t c\u1ea3 c\u00e1c s\u1ea3n ph\u1ea9m ch\u00ednh h\u00e3ng khi \u0111\u01b0\u1ee3c tung ra th\u1ecb tr\u01b0\u1eddng \u0111\u1ec1u c\u00f3 s\u1ef1 ki\u1ec3m \u0111\u1ecbnh nghi\u00eam ng\u1eb7t v\u1ec1 kh\u1ea3 n\u0103ng \u0111\u1ea3m b\u1ea3o an to\u00e0n v\u00e0 \u0111\u1ea1t \u0111\u01b0\u1ee3c c\u00e1c ti\u00eau chu\u1ea9n IEC. V\u00ec v\u1eady, ng\u01b0\u1eddi d\u00f9ng c\u00f3 th\u1ec3 ho\u00e0n to\u00e0n y\u00ean t\u00e2m khi l\u1ef1a ch\u1ecdn s\u1eed d\u1ee5ng c\u00f4ng t\u1eafc.<\/p>\n<p><strong><em>Th\u00e2n thi\u1ec7n v\u1edbi m\u00f4i tr\u01b0\u1eddng<\/em><\/strong><\/p>\n<p>C\u00e1c\u00a0c\u00f4ng t\u1eafc xoay 2 v\u1ecb tr\u00ed\u00a0\u0111\u1ec1u \u0111\u01b0\u1ee3c s\u1ea3n xu\u1ea5t t\u1eeb ngu\u1ed3n nguy\u00ean li\u1ec7u \u201cs\u1ea1ch\u201d, kh\u00f4ng ch\u1ee9a h\u00f3a ch\u1ea5t \u0111\u1ed9c h\u1ea1i. V\u00ec v\u1eady, thi\u1ebft b\u1ecb \u0111i\u1ec7n kh\u00f4ng ch\u1ec9 an to\u00e0n tuy\u1ec7t \u0111\u1ed1i v\u1edbi ng\u01b0\u1eddi d\u00f9ng m\u00e0 c\u00f2n r\u1ea5t th\u00e2n thi\u1ec7n v\u1edbi m\u00f4i tr\u01b0\u1eddng s\u1ed1ng xung quanh. S\u1ea3n ph\u1ea9m<\/p>\n<p><strong><em>Gi\u00e1 th\u00e0nh r\u1ebb<\/em><\/strong><\/p>\n<p>V\u1edbi nhi\u1ec1u \u01b0u \u0111i\u1ec3m v\u01b0\u1ee3t tr\u1ed9i nh\u01b0 v\u1eady nh\u01b0ng c\u00e1c d\u00f2ng c\u00f4ng t\u1eafc thi\u1ebft k\u1ebf xoay 2 v\u1ecb tr\u00ed n\u00e0y l\u1ea1i s\u1edf h\u1eefu m\u1ee9c gi\u00e1 r\u1ea5t h\u1ee3p l\u00fd. N\u00f3 kh\u00f4ng ch\u1ec9 r\u1ebb m\u00e0 c\u00f2n r\u1ea5t ph\u00f9 h\u1ee3p v\u1edbi \u0111i\u1ec1u ki\u1ec7n kinh t\u1ebf c\u1ee7a ng\u01b0\u1eddi d\u00f9ng Vi\u1ec7t. \u0110\u1eb7c bi\u1ec7t, khi ng\u01b0\u1eddi d\u00f9ng ch\u1ecdn mua s\u1ea3n ph\u1ea9m \u1edf nh\u00e0 cung c\u1ea5p uy t\u00edn v\u00e0 c\u00e1c th\u01b0\u01a1ng hi\u1ec7u s\u1ea3n xu\u1ea5t n\u1ed5i ti\u1ebfng s\u1ebd c\u00f3 \u0111\u01b0\u1ee3c nhi\u1ec1u \u01b0u \u0111\u00e3i h\u1ea5p d\u1eabn h\u01a1n.<\/p>\n<h3><strong>\u1ee8ng d\u1ee5ng c\u1ee7a c\u00f4ng t\u1eafc xoay 2 v\u1ecb tr\u00ed<\/strong><\/h3>\n<p>C\u00f4ng t\u1eafc xoay 2 v\u1ecb tr\u00ed\u00a0hi\u1ec7n \u0111ang \u0111\u01b0\u1ee3c l\u1ef1a ch\u1ecdn \u0111\u1ec3 \u1ee9ng d\u1ee5ng trong c\u1ea3 m\u00f4i tr\u01b0\u1eddng \u0111i\u1ec7n d\u00e2n d\u1ee5ng v\u00e0 c\u00f4ng nghi\u1ec7p. \u0110\u1eb7c bi\u1ec7t, thi\u1ebft b\u1ecb \u0111\u01b0\u1ee3c l\u1ef1a ch\u1ecdn nhi\u1ec1u h\u01a1n trong c\u00e1c m\u00f4i tr\u01b0\u1eddng c\u00f4ng nghi\u1ec7p, nh\u1ea5t l\u00e0 m\u00f4i tr\u01b0\u1eddng h\u00f3a ch\u1ea5t hay \u00f4 nhi\u1ec5m\u2026C\u00e1c thi\u1ebft b\u1ecb n\u00e0y lu\u00f4n mang \u0111\u1ebfn cho ng\u01b0\u1eddi d\u00f9ng s\u1ef1 y\u00ean t\u00e2m v\u00e0 h\u00e0i l\u00f2ng \u1edf m\u1ecdi v\u1ecb tr\u00ed m\u00e0 n\u00f3 \u0111\u01b0\u1ee3c l\u1ef1a ch\u1ecdn \u0111\u1ec3 l\u1eafp \u0111\u1eb7t.<\/p>\n","protected":false},"excerpt":{"rendered":"<div class=\"desc\"><span style=\"font-size: 90%;\">C\u00f4ng t\u1eafc xoay 2 v\u1ecb tr\u00ed l\u00e0 m\u1ed9t thi\u1ebft b\u1ecb \u0111i\u1ec7n \u0111\u01b0\u1ee3c l\u1eafp \u0111\u1eb7t \u0111\u1ec3 s\u1eed d\u1ee5ng cho vi\u1ec7c b\u1eadt\/t\u1eaft \u1edf 2 v\u1ecb tr\u00ed kh\u00e1c nhau, \u0111\u01b0\u1ee3c \u1ee9ng d\u1ee5ng nhi\u1ec1u trong \u0111i\u1ec7n c\u00f4ng nghi\u1ec7p.<\/span><\/div>\n<div class=\"list\">\n<p><span style=\"font-size: 90%;\"><i class=\"fa fa-gg\" aria-hidden=\"true\"><\/i>\u00a0\u01afU \u0110I\u1ec2M:<br \/>\n<\/span><span style=\"font-size: 90%;\">Lo\u1ea1i kh\u00f4ng \u0111\u00e8n, c\u00f3 \u0111\u00e8n, c\u00f3 ch\u00eca kho\u00e1<br \/>\n<\/span><span style=\"font-size: 90%;\">Th\u01b0\u01a1ng hi\u1ec7u Schneider, Idec, Hangyoung&#8230;<br \/>\n<\/span><span style=\"font-size: 90%;\">Tu\u1ed5i th\u1ecd cao, d\u1ec5 d\u00e0ng l\u1eafp \u0111\u1eb7t<br \/>\n<\/span><span style=\"font-size: 90%;\">\u0110\u1ea1t c\u00e1c ti\u00eau chu\u1ea9n IEC<br \/>\n<\/span><span style=\"font-size: 90%;\">\u0110\u1ed9 b\u1ec1n c\u01a1 h\u1ecdc cao, ch\u1ed1ng ch\u1ecbu t\u1ed1t<\/span><\/p>\n<\/div>\n","protected":false},"featured_media":3501,"comment_status":"open","ping_status":"closed","template":"","meta":[],"product_cat":[199],"product_tag":[],"jetpack-related-posts":[{"id":3496,"url":"https:\/\/tp-electric.vn\/index.php\/san-pham\/cong-tac-xoay-4-vi-tri\/","url_meta":{"origin":3500,"position":0},"title":"C\u00d4NG T\u1eaeC XOAY 4 V\u1eca TR\u00cd","author":"","date":"14\/04\/2023","format":false,"excerpt":"C\u00f4ng t\u1eafc xoay 4 v\u1ecb tr\u00ed \u0111\u01b0\u1ee3c thi\u1ebft k\u1ebf v\u1edbi 3 n\u00fat m\u1edf v\u00e0 1 n\u00fat t\u1eaft thi\u1ebft b\u1ecb \u0111i\u1ec7n \u0111\u01b0\u1ee3c \u1ee9ng d\u1ee5ng ph\u1ed5 bi\u1ebfn trong h\u1ec7 th\u1ed1ng \u0111i\u1ec7n c\u00f4ng nghi\u1ec7p. \u00a0\u01afU \u0110I\u1ec2M: \u0110\u1ed9 b\u1ec1n c\u01a1 h\u1ecdc cao C\u1ea5p \u0111\u1ed9 b\u1ea3o v\u1ec7 IP22, IP65 K\u1ebft c\u1ea5u \u0111\u01a1n gi\u1ea3n, d\u1ec5 l\u1eafp\u2026","rel":"","context":"Similar post","block_context":{"text":"Similar post","link":""},"img":{"alt_text":"","src":"https:\/\/i0.wp.com\/tp-electric.vn\/wp-content\/uploads\/2023\/04\/4vt.png?fit=300%2C300&ssl=1&resize=350%2C200","width":350,"height":200},"classes":[]},{"id":3498,"url":"https:\/\/tp-electric.vn\/index.php\/san-pham\/cong-tac-xoay-3-vi-tri\/","url_meta":{"origin":3500,"position":1},"title":"C\u00d4NG T\u1eaeC XOAY 3 V\u1eca TR\u00cd","author":"","date":"14\/04\/2023","format":false,"excerpt":"C\u00f4ng t\u1eafc xoay 3 v\u1ecb tr\u00ed s\u1ebd c\u00f3 nhi\u1ec1u \u01b0u \u0111i\u1ec3m v\u01b0\u1ee3t tr\u1ed9i k\u00edch th\u01b0\u1edbc nh\u1ecf g\u1ecdn, c\u1ea5u t\u1ea1o \u0111\u01a1n gi\u1ea3n, \u0111\u01b0\u1eddng k\u00ednh D22, D25 ph\u1ed5 bi\u1ebfn, d\u1ec5 d\u00e0ng l\u1eafp \u0111\u1eb7t. \u00a0\u01afU \u0110I\u1ec2M: C\u00f4ng t\u1eafc xoay 3 v\u1ecb tr\u00ed Schneider, Hangyong, Idec ... \u0110\u01b0\u1eddng k\u00ednh D16, D22, D25, c\u00f3 tay\u2026","rel":"","context":"Similar post","block_context":{"text":"Similar post","link":""},"img":{"alt_text":"","src":"https:\/\/i0.wp.com\/tp-electric.vn\/wp-content\/uploads\/2023\/04\/3vt.png?fit=300%2C300&ssl=1&resize=350%2C200","width":350,"height":200},"classes":[]},{"id":3502,"url":"https:\/\/tp-electric.vn\/index.php\/san-pham\/phich-cam-cong-nghiep\/","url_meta":{"origin":3500,"position":2},"title":"PH\u00cdCH C\u1eaeM C\u00d4NG NGHI\u1ec6P","author":"","date":"14\/04\/2023","format":false,"excerpt":"Ph\u00edch c\u1eafm di \u0111\u1ed9ng ch\u1ed1ng n\u01b0\u1edbc IP67 PK Schneider c\u00f3 thi\u1ebft k\u1ebf nh\u1ecf g\u1ecdn, tr\u1ecdng l\u01b0\u1ee3ng nh\u1eb9, \u0111\u1ed9 an to\u00e0n v\u00e0 kh\u1ea3 n\u0103ng c\u00e1ch \u0111i\u1ec7n cao. \u00a0\u01afU \u0110I\u1ec2M: Ch\u1ed1ng n\u01b0\u1edbc, b\u1ee5i b\u1ea9n \u0111\u1ea1t c\u1ea5p \u0111\u1ed9 IP67 S\u1ed1 c\u1ef1c t\u01b0\u01a1ng th\u00edch 2P+E, 3P+E, 4P+E Ch\u1ecbu m\u1ee9c d\u00f2ng \u0111i\u1ec7n 16A \u0111\u1ebfn 125A\u2026","rel":"","context":"Similar post","block_context":{"text":"Similar post","link":""},"img":{"alt_text":"","src":"https:\/\/i0.wp.com\/tp-electric.vn\/wp-content\/uploads\/2023\/04\/phich-cam-cong-nghiep.png?fit=300%2C300&ssl=1&resize=350%2C200","width":350,"height":200},"classes":[]},{"id":3495,"url":"https:\/\/tp-electric.vn\/index.php\/san-pham\/nut-nhan-loai-khoi-abb\/","url_meta":{"origin":3500,"position":3},"title":"N\u00daT NH\u1ea4N LO\u1ea0I KH\u1ed0I ABB","author":"","date":"14\/04\/2023","format":false,"excerpt":"C\u00e1c lo\u1ea1i n\u00fat nh\u1ea5n ABB g\u1ed3m n\u00fat nh\u1ea5n nh\u1ea3, n\u00fat nh\u1ea5n c\u00f3 \u0111\u00e8n b\u00e1o, n\u00fat d\u1eebng kh\u1ea9n c\u1ea5p \u0111a d\u1ea1ng v\u1ec1 m\u00e0u s\u1eafc, ki\u1ec3u d\u00e1ng, nh\u01b0 \u0111en, xanh, \u0111\u1ecf, v\u00e0ng, cam. \u00a0\u01afU \u0110I\u1ec2M: \u0110\u1ed9 b\u1ec1n c\u01a1 kh\u00ed: 500.000 l\u1ea7n thao t\u00e1c \u0110i\u1ec7n \u00e1p c\u00e1ch \u0111i\u1ec7n 300V D\u00f2ng \u0111\u1ecbnh m\u1ee9c nhi\u1ec7t\u2026","rel":"","context":"Similar post","block_context":{"text":"Similar post","link":""},"img":{"alt_text":"","src":"https:\/\/i0.wp.com\/tp-electric.vn\/wp-content\/uploads\/2023\/04\/Untitled-1.png?fit=300%2C300&ssl=1&resize=350%2C200","width":350,"height":200},"classes":[]},{"id":3285,"url":"https:\/\/tp-electric.vn\/index.php\/san-pham\/aptomat-mccb-tmax-abb\/","url_meta":{"origin":3500,"position":4},"title":"APTOMAT MCCB TMAX ABB","author":"","date":"25\/02\/2023","format":false,"excerpt":"\u00a0\u01afU \u0110I\u1ec2M: S\u1ea3n xu\u1ea5t t\u1ea1i \u00dd, b\u1ea3o v\u1ec7 qu\u00e1 t\u1ea3i, ng\u1eafn m\u1ea1ch Kh\u1ea3 n\u0103ng c\u1eaft d\u00f2ng ng\u1eafn m\u1ea1ch l\u00ean \u0111\u1ebfn 150kA Ng\u1eaft m\u1ea1ch b\u1ea3o v\u1ec7 c\u00e1c thi\u1ebft b\u1ecb c\u00f3 d\u00f2ng \u0111\u1ecbnh m\u1ee9c \u0111\u1ebfn 1600A Ch\u1ec9nh d\u00f2ng qu\u00e1 t\u1ea3i v\u1edbi trip t\u1eeb nhi\u1ec7t v\u00e0 \u0111i\u1ec7n t\u1eed S\u1eed d\u1ee5ng \u1edf m\u00f4i tr\u01b0\u1eddng\u2026","rel":"","context":"Similar post","block_context":{"text":"Similar post","link":""},"img":{"alt_text":"Tmax XT Molded Case Circuit Breakers (MCCB)","src":"https:\/\/i0.wp.com\/electrification.us.abb.com\/sites\/default\/files\/sace-tmax-xt-series-of-molded-case-circuit-breakers.jpg?resize=350%2C200&ssl=1","width":350,"height":200,"srcset":"https:\/\/i0.wp.com\/electrification.us.abb.com\/sites\/default\/files\/sace-tmax-xt-series-of-molded-case-circuit-breakers.jpg?resize=350%2C200&ssl=1 1x, https:\/\/i0.wp.com\/electrification.us.abb.com\/sites\/default\/files\/sace-tmax-xt-series-of-molded-case-circuit-breakers.jpg?resize=700%2C400&ssl=1 2x"},"classes":[]},{"id":3504,"url":"https:\/\/tp-electric.vn\/index.php\/san-pham\/hop-noi-day-dien\/","url_meta":{"origin":3500,"position":5},"title":"H\u1ed8P N\u1ed0I D\u00c2Y \u0110I\u1ec6N","author":"","date":"14\/04\/2023","format":false,"excerpt":"\u00a0\u01afU \u0110I\u1ec2M: V\u1eadt li\u1ec7u PVC, ABS cao c\u1ea5p ch\u1ed1ng ch\u00e1y, ch\u1ed1ng \u1ed1 v\u00e0ng H\u1ed9p n\u1ed1i \u0111i\u1ec7n \u0111a d\u1ea1ng k\u00edch th\u01b0\u1edbc, ti\u00eau chu\u1ea9n C\u00f3 nhi\u1ec1u h\u00e3ng Sino, Boxco, OBO... ch\u00ednh h\u00e3ng H\u1ed9p n\u1ed1i d\u00e2y \u0111i\u1ec7n \u0111\u00e1p \u1ee9ng c\u00e1c ti\u00eau chu\u1ea9n VN, Ch\u00e2u \u00e2u Ch\u00ednh s\u00e1ch gi\u00e1 t\u1ed1t cho c\u00f4ng tr\u00ecnh, nh\u00e0\u2026","rel":"","context":"Similar post","block_context":{"text":"Similar post","link":""},"img":{"alt_text":"","src":"https:\/\/i0.wp.com\/tp-electric.vn\/wp-content\/uploads\/2023\/04\/hopnoi.png?fit=300%2C300&ssl=1&resize=350%2C200","width":350,"height":200},"classes":[]}],"_links":{"self":[{"href":"https:\/\/tp-electric.vn\/index.php\/wp-json\/wp\/v2\/product\/3500"}],"collection":[{"href":"https:\/\/tp-electric.vn\/index.php\/wp-json\/wp\/v2\/product"}],"about":[{"href":"https:\/\/tp-electric.vn\/index.php\/wp-json\/wp\/v2\/types\/product"}],"replies":[{"embeddable":true,"href":"https:\/\/tp-electric.vn\/index.php\/wp-json\/wp\/v2\/comments?post=3500"}],"wp:featuredmedia":[{"embeddable":true,"href":"https:\/\/tp-electric.vn\/index.php\/wp-json\/wp\/v2\/media\/3501"}],"wp:attachment":[{"href":"https:\/\/tp-electric.vn\/index.php\/wp-json\/wp\/v2\/media?parent=3500"}],"wp:term":[{"taxonomy":"product_cat","embeddable":true,"href":"https:\/\/tp-electric.vn\/index.php\/wp-json\/wp\/v2\/product_cat?post=3500"},{"taxonomy":"product_tag","embeddable":true,"href":"https:\/\/tp-electric.vn\/index.php\/wp-json\/wp\/v2\/product_tag?post=3500"}],"curies":[{"name":"wp","href":"https:\/\/api.w.org\/{rel}","templated":true}]}}