{"id":3498,"date":"2023-04-14T10:41:32","date_gmt":"2023-04-14T03:41:32","guid":{"rendered":"https:\/\/tp-electric.vn\/?post_type=product&#038;p=3498"},"modified":"2024-12-12T15:11:37","modified_gmt":"2024-12-12T08:11:37","slug":"cong-tac-xoay-3-vi-tri","status":"publish","type":"product","link":"https:\/\/tp-electric.vn\/index.php\/san-pham\/cong-tac-xoay-3-vi-tri\/","title":{"rendered":"C\u00d4NG T\u1eaeC XOAY 3 V\u1eca TR\u00cd"},"content":{"rendered":"<div class=\"list\">\n<div class=\"ht-format-detail\">\n<p>Nh\u1eafc \u0111\u1ebfn\u00a0<strong>c\u00f4ng t\u1eafc xoay 3 v\u1ecb tr\u00ed<\/strong>\u00a0l\u00e0 nh\u1eafc \u0111\u1ebfn m\u1ed9t thi\u1ebft b\u1ecb \u0111i\u1ec7n \u0111\u00f3ng vai tr\u00f2 r\u1ea5t quan tr\u1ecdng trong ho\u1ea1t \u0111\u1ed9ng c\u1ee7a c\u00e1c lo\u1ea1i m\u00e1y m\u00f3c c\u00f3 \u0111\u1ed9 nguy hi\u1ec3m cao. N\u00f3 kh\u00f4ng ch\u1ec9 gi\u00fap c\u00e1c m\u00e1y m\u00f3c ho\u1ea1t \u0111\u1ed9ng an to\u00e0n, hi\u1ec7u qu\u1ea3 m\u00e0 c\u00f2n gi\u00fap b\u1ea3o v\u1ec7 t\u00ednh m\u1ea1ng ng\u01b0\u1eddi d\u00f9ng \u0111\u01b0\u1ee3c t\u1ed1i \u01b0u nh\u1ea5t.<\/p>\n<h2><strong>C\u1ea5u t\u1ea1o c\u00f4ng t\u1eafc xoay 3 v\u1ecb tr\u00ed<\/strong><\/h2>\n<p>M\u1eb7c d\u00f9 tr\u00ean th\u1ecb tr\u01b0\u1eddng hi\u1ec7n c\u00f3 r\u1ea5t nhi\u1ec1u h\u00e3ng s\u1ea3n xu\u1ea5t\u00a0c\u00f4ng t\u1eafc xoay 3 v\u1ecb tr\u00ed\u00a0v\u00e0 m\u1ed7i h\u00e3ng s\u1ebd c\u00f3 \u201cb\u00ed k\u00edp\u201d thi\u1ebft k\u1ebf ri\u00eang c\u1ee7a m\u00ecnh. Tuy nhi\u00ean, d\u00f2ng c\u00f4ng t\u1eafc n\u00e0y s\u1ebd c\u00f3 4 b\u1ed9 ph\u1eadn ch\u00ednh m\u00e0 ng\u01b0\u1eddi d\u00f9ng c\u1ea7n bi\u1ebft.<\/p>\n<ul>\n<li>Th\u1ee9 nh\u1ea5t l\u00e0 ph\u1ea7n \u0111\u1ea7u xoay. N\u00f3 c\u00f3 t\u00ednh quy\u1ebft \u0111\u1ecbnh r\u1ea5t l\u1edbn \u0111\u1ebfn m\u00e0u s\u1eafc v\u00e0 s\u1ed1 v\u1ecb tr\u00ed xoay c\u1ee7a c\u00f4ng t\u1eafc. Ngo\u00e0i ra, ph\u1ea7n \u0111\u1ea7u n\u00e0y c\u0169ng \u0111\u01b0\u1ee3c t\u00edch h\u1ee3p c\u00e1c ch\u1ebf \u0111\u1ed9 nh\u01b0: t\u1ef1 tr\u1ea3 hay duy tr\u00ec ho\u1ea1t \u0111\u1ed9ng.<\/li>\n<li>Th\u1ee9 hai l\u00e0 ph\u1ea7n Holder. \u0110\u00e2y l\u00e0 ph\u1ea7n gi\u00fap g\u1eafn ch\u1eb7t \u0111\u1ea7u c\u00f4ng t\u1eafc xoay v\u00e0o t\u1ee7 \u0111i\u1ec7n. N\u00f3 th\u01b0\u1eddng c\u00f3 2 lo\u1ea1i l\u00e0 si\u1ebft b\u1eb1ng tay ho\u1eb7c si\u1ebft b\u1eb1ng v\u00edt.<\/li>\n<li>Th\u1ee9 ba l\u00e0 b\u1ed9 ph\u1eadn \u0111\u1ea7u \u0111\u00e8n. Ph\u1ea7n n\u00e0y th\u01b0\u1eddng \u0111\u01b0\u1ee3c thi\u1ebft k\u1ebf \u0111\u1eb1ng sau ph\u1ea7n Holder.<\/li>\n<li>Th\u1ee9 t\u01b0 l\u00e0 ti\u1ebfp \u0111i\u1ec3m n\u1eb1m ph\u00eda sau \u0111\u1ea7u \u0111\u00e8n. Th\u01b0\u1eddng th\u00ec c\u1ea5u t\u1ea1o c\u1ee7a m\u1ed7i kh\u1ed1i trong\u00a0c\u00f4ng t\u1eafc xoay 3 v\u1ecb tr\u00ed\u00a0t\u1ed1i \u0111a s\u1ebd c\u00f3 t\u1ed1i \u0111a 2 ti\u1ebfp \u0111i\u1ec3m.<\/li>\n<\/ul>\n<h3><strong>\u0110\u1eb7c \u0111i\u1ec3m c\u1ee7a c\u00f4ng t\u1eafc xoay 3 v\u1ecb tr\u00ed<\/strong><\/h3>\n<p>Kh\u00e1c v\u1edbi c\u00e1c lo\u1ea1i c\u00f4ng t\u1eafc kh\u00e1c tr\u00ean th\u1ecb tr\u01b0\u1eddng th\u00ec\u00a0c\u00f4ng t\u1eafc xoay 3 v\u1ecb tr\u00ed\u00a0c\u00f3 nhi\u1ec1u \u0111i\u1ec3m n\u1ed5i b\u1eadt gi\u00fap n\u00f3 \u1ee9ng d\u1ee5ng t\u1ed1t trong m\u1ecdi v\u1ecb tr\u00ed \u0111\u01b0\u1ee3c s\u1eed d\u1ee5ng. C\u1ee5 th\u1ec3 nh\u01b0:<\/p>\n<ul>\n<li>Thi\u1ebft b\u1ecb c\u00f3 nhi\u1ec1u m\u00e0u s\u1eafc gi\u00fap \u0111\u00e1p \u1ee9ng \u0111\u01b0\u1ee3c m\u1ecdi y\u00eau c\u1ea7u s\u1eed d\u1ee5ng c\u1ee7a ng\u01b0\u1eddi d\u00f9ng hi\u1ec7n nay.<\/li>\n<li>D\u00f2ng c\u00f4ng t\u1eafc xoay n\u00e0y tr\u00ean th\u1ecb tr\u01b0\u1eddng c\u00f3 2 lo\u1ea1i ch\u00ednh l\u00e0: c\u00f4ng t\u1eafc xoay v\u1edbi g\u00f3c 90 \u0111\u1ed9 v\u00e0 lo\u1ea1i xoay v\u1edbi g\u00f3c 45 \u0111\u1ed9, c\u00f3 tay n\u1eafm ng\u1eafn v\u00e0 d\u00e0i.<\/li>\n<li>S\u1ea3n ph\u1ea9m \u0111\u01b0\u1ee3c t\u00edch h\u1ee3p th\u00eam t\u00ednh n\u0103ng t\u1ef1 \u0111\u1ed9ng tr\u1ea3 v\u1ec1 v\u1ecb tr\u00ed off m\u00e0 kh\u00f4ng c\u1ea7n s\u1ef1 t\u00e1c \u0111\u1ed9ng c\u1ee7a ng\u01b0\u1eddi d\u00f9ng.<\/li>\n<li>D\u00f2ng\u00a0c\u00f4ng t\u1eafc xoay 3 v\u1ecb tr\u00ed\u00a0s\u1ebd \u0111\u01b0\u1ee3c thi\u1ebft k\u1ebf v\u1edbi c\u00e1c d\u1ea1ng ti\u1ebfp \u0111i\u1ec3m ph\u1ed5 bi\u1ebfn g\u1ed3m:\u00a01NO, 1NC, 1NO + 1NC, 2NC, 2NO\u2026<\/li>\n<li>C\u00e1c c\u00f4ng t\u1eafc c\u00f3 thi\u1ebft k\u1ebf xoay 3 v\u1ecb tr\u00ed h\u1ea7u h\u1ebft \u0111\u1ec1u ho\u1ea1t \u0111\u1ed9ng v\u1edbi d\u00f2ng \u0111\u1ecbnh m\u1ee9c ph\u1ed5 bi\u1ebfn 10A v\u00e0 \u0111i\u1ec7n \u00e1p ho\u1ea1t \u0111\u1ed9ng 500V.<\/li>\n<li>\u0110i\u1ec7n tr\u1edf c\u1ee7a c\u00f4ng t\u1eafc th\u01b0\u1eddng nh\u1ecf h\u01a1n 50mOhm.<\/li>\n<li>V\u1eadt li\u1ec7u \u0111\u01b0\u1ee3c s\u1eed d\u1ee5ng \u0111\u1ec3 l\u00e0m ti\u1ebfp \u0111i\u1ec3m c\u1ee7a c\u00f4ng t\u1eafc l\u00e0 b\u1ea1c c\u1ee9ng.<\/li>\n<\/ul>\n<h3><strong>\u01afu \u0111i\u1ec3m c\u1ee7a c\u00f4ng t\u1eafc xoay 3 v\u1ecb tr\u00ed<\/strong><\/h3>\n<p>C\u00f4ng t\u1eafc xoay 3 v\u1ecb tr\u00ed\u00a0s\u1ebd c\u00f3 nhi\u1ec1u \u01b0u \u0111i\u1ec3m v\u01b0\u1ee3t tr\u1ed9i h\u01a1n so v\u1edbi c\u00e1c lo\u1ea1i c\u00f4ng t\u1eafc kh\u00e1c tr\u00ean th\u1ecb tr\u01b0\u1eddng. \u0110\u00e2y c\u0169ng l\u00e0 l\u00fd do khi\u1ebfn n\u00f3 c\u00f3 th\u1ec3 nhanh ch\u00f3ng tr\u1edf th\u00e0nh l\u1ef1a ch\u1ecdn h\u00e0ng \u0111\u1ea7u c\u1ee7a ng\u01b0\u1eddi d\u00f9ng khi thi\u1ebft k\u1ebf h\u1ec7 th\u1ed1ng c\u00f4ng t\u1eafc cho m\u00e1y m\u00f3c trong ho\u1ea1t \u0111\u1ed9ng s\u1ea3n xu\u1ea5t.<\/p>\n<p><strong><em>\u0110a d\u1ea1ng ki\u1ec3u d\u00e1ng, t\u00ednh n\u0103ng<\/em><\/strong><\/p>\n<p>T\u00f9y theo nhu c\u1ea7u s\u1eed d\u1ee5ng c\u1ee7a ng\u01b0\u1eddi d\u00f9ng m\u00e0 d\u00f2ng c\u00f4ng t\u1eafc n\u00e0y c\u00f3 th\u1ec3 mang \u0111\u1ebfn nh\u1eefng s\u1ea3n ph\u1ea9m ph\u00f9 h\u1ee3p nh\u1ea5t. Tr\u00ean th\u1ecb tr\u01b0\u1eddng hi\u1ec7n nay, ng\u01b0\u1eddi d\u00f9ng ngo\u00e0i vi\u1ec7c l\u1ef1a ch\u1ecdn c\u00f4ng t\u1eafc xoay c\u00f3 \u0111\u00e8n c\u00f3 c\u00f3 th\u1ec3 ch\u1ecdn c\u00e1c m\u1eabu m\u00e3 kh\u00e1c v\u1edbi c\u00e1c t\u00ednh n\u0103ng v\u01b0\u1ee3t tr\u1ed9i h\u01a1n. \u0110i\u1ec1u n\u00e0y gi\u00fap ng\u01b0\u1eddi d\u00f9ng ti\u1ec7n l\u1ee3i h\u01a1n trong qu\u00e1 tr\u00ecnh s\u1eed d\u1ee5ng.<\/p>\n<p><strong><em>C\u1ea5u t\u1ea1o \u0111\u01a1n gi\u1ea3n, d\u1ec5 s\u1eed d\u1ee5ng<\/em><\/strong><\/p>\n<p>\u201c\u0110i\u1ec3m c\u1ed9ng\u201d kh\u00f4ng th\u1ec3 kh\u00f4ng nh\u1eafc \u0111\u1ebfn c\u1ee7a\u00a0c\u00f4ng t\u1eafc xoay 3 v\u1ecb tr\u00ed\u00a0ch\u00ednh l\u00e0 n\u00f3 c\u00f3 k\u00edch th\u01b0\u1edbc nh\u1ecf g\u1ecdn, c\u1ea5u t\u1ea1o \u0111\u01a1n gi\u1ea3n. V\u00ec v\u1eady, khi l\u1eafp \u0111\u1eb7t hay s\u1eed d\u1ee5ng thi\u1ebft b\u1ecb c\u0169ng s\u1ebd d\u1ec5 d\u00e0ng v\u00e0 ti\u1ec7n l\u1ee3i h\u01a1n r\u1ea5t nhi\u1ec1u. Ng\u01b0\u1eddi d\u00f9ng s\u1ebd kh\u00f4ng m\u1ea5t qu\u00e1 nhi\u1ec1u th\u1eddi gian hay c\u00f4ng s\u1ee9c trong qu\u00e1 tr\u00ecnh s\u1eed d\u1ee5ng.<\/p>\n<p><strong><em>\u0110\u1ea3m b\u1ea3o an to\u00e0n cao<\/em><\/strong><\/p>\n<p>Khi \u1ee9ng d\u1ee5ng thi\u1ebft b\u1ecb v\u00e0o trong h\u1ec7 th\u1ed1ng m\u00e1y m\u00f3c s\u1ea3n xu\u1ea5t s\u1ebd gi\u00fap ng\u01b0\u1eddi d\u00f9ng y\u00ean t\u00e2m h\u01a1n v\u1edbi hi\u1ec7u qu\u1ea3 \u0111\u1ea3m b\u1ea3o an to\u00e0n m\u00e0 n\u00f3 mang l\u1ea1i. V\u1edbi nguy\u00ean l\u00fd ho\u1ea1t \u0111\u1ed9ng hi\u1ec7u qu\u1ea3, c\u00f4ng t\u1eafc s\u1ebd nhanh ch\u00f3ng c\u1ea5p hay ng\u1eaft \u0111i\u1ec7n \u0111\u1ec3 \u0111\u1ea3m b\u1ea3o an to\u00e0n cho c\u00e1c m\u00e1y m\u00f3c v\u00e0 to\u00e0n h\u1ec7 th\u1ed1ng s\u1ea3n xu\u1ea5t. \u0110\u1eb7c bi\u1ec7t, c\u00e1c t\u00ednh n\u0103ng v\u01b0\u1ee3t tr\u1ed9i c\u1ee7a thi\u1ebft b\u1ecb c\u00f2n \u0111\u00f3ng vai tr\u00f2 quan tr\u1ecdng trong vi\u1ec7c b\u1ea3o v\u1ec7 an to\u00e0n cho s\u1ee9c kh\u1ecfe v\u00e0 t\u00ednh m\u1ea1ng ng\u01b0\u1eddi s\u1eed d\u1ee5ng.<\/p>\n<p><strong><em>Ti\u1ebft ki\u1ec7m chi ph\u00ed<\/em><\/strong><\/p>\n<p>Vi\u1ec7c \u0111\u1ea7u t\u01b0 l\u1eafp \u0111\u1eb7t\u00a0c\u00f4ng t\u1eafc xoay 3 v\u1ecb tr\u00ed\u00a0s\u1ebd kh\u00f4ng t\u1ed1n k\u00e9m nhi\u1ec1u chi ph\u00ed b\u1edfi thi\u1ebft b\u1ecb c\u00f3 gi\u00e1 th\u00e0nh kh\u00e1 h\u1ee3p l\u00fd v\u1edbi \u0111i\u1ec1u ki\u1ec7n kinh t\u1ebf c\u1ee7a ng\u01b0\u1eddi d\u00f9ng Vi\u1ec7t. Hi\u1ec7n nay, th\u1ecb tr\u01b0\u1eddng c\u00f3 nhi\u1ec1u th\u01b0\u01a1ng hi\u1ec7u c\u1ee7a c\u00e1c n\u01b0\u1edbc Ch\u00e2u \u00c2u, H\u00e0n Qu\u1ed1c, Trung Qu\u1ed1c\u00a0s\u1ea3n xu\u1ea5t v\u1edbi c\u00e1c m\u1ee9c gi\u00e1 kh\u00e1c nhau nh\u01b0\u00a0<strong>Schneider, HangYoung, Idec<\/strong>&#8230;\u00a0. Tuy nhi\u00ean, n\u1ebfu ng\u01b0\u1eddi d\u00f9ng ch\u1ecdn \u0111\u01b0\u1ee3c nh\u00e0 cung c\u1ea5p uy t\u00edn v\u00e0 th\u01b0\u01a1ng hi\u1ec7u \u0111\u1ea3m b\u1ea3o th\u00ec kh\u00f4ng ch\u1ec9 c\u00f3 \u0111\u01b0\u1ee3c c\u00f4ng t\u1eafc v\u1edbi ch\u1ea5t l\u01b0\u1ee3ng t\u1ed1t m\u00e0 c\u00f2n l\u00e0 b\u1ea3ng gi\u00e1 r\u1ebb \u0111\u1ec3 ti\u1ebft ki\u1ec7m chi ph\u00ed t\u1ed1i \u01b0u nh\u1ea5t.<\/p>\n<h3><strong>\u1ee8ng d\u1ee5ng c\u1ee7a c\u00f4ng t\u1eafc xoay 3 v\u1ecb tr\u00ed<\/strong><\/h3>\n<p>Trong th\u1eddi bu\u1ed5i hi\u1ec7n \u0111\u1ea1i ng\u00e0y nay,\u00a0c\u00f4ng t\u1eafc xoay 3 v\u1ecb tr\u00ed\u00a0\u0111ang \u0111\u01b0\u1ee3c l\u1ef1a ch\u1ecdn \u0111\u1ec3 \u1ee9ng d\u1ee5ng trong c\u00e1c l\u0129nh v\u1ef1c s\u1ea3n xu\u1ea5t v\u1edbi m\u00e1y m\u00f3c c\u00f3 \u0111\u1ed9 nguy hi\u1ec3m cao. V\u00ed nh\u01b0: ng\u01b0\u1eddi m\u00e1y, s\u1ea3n xu\u1ea5t \u00f4 t\u00f4, s\u1ea3n xu\u1ea5t c\u00f4ng c\u1ee5, \u0111\u00f3ng g\u00f3i bao b\u00ec, x\u1eed l\u00fd thi\u1ebft b\u1ecb\u2026<\/p>\n<\/div>\n<\/div>\n","protected":false},"excerpt":{"rendered":"<div class=\"desc\"><span style=\"font-size: 80%;\">C\u00f4ng t\u1eafc xoay 3 v\u1ecb tr\u00ed s\u1ebd c\u00f3 nhi\u1ec1u \u01b0u \u0111i\u1ec3m v\u01b0\u1ee3t tr\u1ed9i k\u00edch th\u01b0\u1edbc nh\u1ecf g\u1ecdn, c\u1ea5u t\u1ea1o \u0111\u01a1n gi\u1ea3n, \u0111\u01b0\u1eddng k\u00ednh D22, D25 ph\u1ed5 bi\u1ebfn, d\u1ec5 d\u00e0ng l\u1eafp \u0111\u1eb7t.<\/span><\/div>\n<div class=\"list\">\n<p><span style=\"font-size: 80%;\"><i class=\"fa fa-gg\" aria-hidden=\"true\"><\/i>\u00a0\u01afU \u0110I\u1ec2M:<br \/>\n<\/span><span style=\"font-size: 80%;\">C\u00f4ng t\u1eafc xoay 3 v\u1ecb tr\u00ed Schneider, Hangyong, Idec &#8230;<br \/>\n<\/span><span style=\"font-size: 80%;\">\u0110\u01b0\u1eddng k\u00ednh D16, D22, D25, c\u00f3 tay n\u1eafm ng\u1eafn, d\u00e0i<br \/>\n<\/span><span style=\"font-size: 80%;\">Ki\u00eau d\u00e1ng da d\u1ea1ng c\u00f3 kho\u00e1 v\u00e0 kh\u00f4ng kho\u00e1<br \/>\n<\/span><span style=\"font-size: 80%;\">D\u1ec5 s\u1eed d\u1ee5ng, d\u1ec5 l\u1eafp \u0111\u1eb7t, thay th\u1ebf<br \/>\n<\/span><span style=\"font-size: 80%;\">Gi\u00e1 th\u00e0nh h\u1ee3p l\u00fd, h\u00e0ng \u0111\u00e1p \u1ee9ng nhanh<\/span><\/p>\n<\/div>\n","protected":false},"featured_media":3499,"comment_status":"open","ping_status":"closed","template":"","meta":[],"product_cat":[199],"product_tag":[],"jetpack-related-posts":[{"id":3496,"url":"https:\/\/tp-electric.vn\/index.php\/san-pham\/cong-tac-xoay-4-vi-tri\/","url_meta":{"origin":3498,"position":0},"title":"C\u00d4NG T\u1eaeC XOAY 4 V\u1eca TR\u00cd","author":"","date":"14\/04\/2023","format":false,"excerpt":"C\u00f4ng t\u1eafc xoay 4 v\u1ecb tr\u00ed \u0111\u01b0\u1ee3c thi\u1ebft k\u1ebf v\u1edbi 3 n\u00fat m\u1edf v\u00e0 1 n\u00fat t\u1eaft thi\u1ebft b\u1ecb \u0111i\u1ec7n \u0111\u01b0\u1ee3c \u1ee9ng d\u1ee5ng ph\u1ed5 bi\u1ebfn trong h\u1ec7 th\u1ed1ng \u0111i\u1ec7n c\u00f4ng nghi\u1ec7p. \u00a0\u01afU \u0110I\u1ec2M: \u0110\u1ed9 b\u1ec1n c\u01a1 h\u1ecdc cao C\u1ea5p \u0111\u1ed9 b\u1ea3o v\u1ec7 IP22, IP65 K\u1ebft c\u1ea5u \u0111\u01a1n gi\u1ea3n, d\u1ec5 l\u1eafp\u2026","rel":"","context":"Similar post","block_context":{"text":"Similar post","link":""},"img":{"alt_text":"","src":"https:\/\/i0.wp.com\/tp-electric.vn\/wp-content\/uploads\/2023\/04\/4vt.png?fit=300%2C300&ssl=1&resize=350%2C200","width":350,"height":200},"classes":[]},{"id":3500,"url":"https:\/\/tp-electric.vn\/index.php\/san-pham\/cong-tac-xoay-2-vi-tri\/","url_meta":{"origin":3498,"position":1},"title":"C\u00d4NG T\u1eaeC XOAY 2 V\u1eca TR\u00cd","author":"","date":"14\/04\/2023","format":false,"excerpt":"C\u00f4ng t\u1eafc xoay 2 v\u1ecb tr\u00ed l\u00e0 m\u1ed9t thi\u1ebft b\u1ecb \u0111i\u1ec7n \u0111\u01b0\u1ee3c l\u1eafp \u0111\u1eb7t \u0111\u1ec3 s\u1eed d\u1ee5ng cho vi\u1ec7c b\u1eadt\/t\u1eaft \u1edf 2 v\u1ecb tr\u00ed kh\u00e1c nhau, \u0111\u01b0\u1ee3c \u1ee9ng d\u1ee5ng nhi\u1ec1u trong \u0111i\u1ec7n c\u00f4ng nghi\u1ec7p. \u00a0\u01afU \u0110I\u1ec2M: Lo\u1ea1i kh\u00f4ng \u0111\u00e8n, c\u00f3 \u0111\u00e8n, c\u00f3 ch\u00eca kho\u00e1 Th\u01b0\u01a1ng hi\u1ec7u Schneider, Idec, Hangyoung... Tu\u1ed5i\u2026","rel":"","context":"Similar post","block_context":{"text":"Similar post","link":""},"img":{"alt_text":"","src":"https:\/\/i0.wp.com\/tp-electric.vn\/wp-content\/uploads\/2023\/04\/2-vt.png?fit=300%2C300&ssl=1&resize=350%2C200","width":350,"height":200},"classes":[]},{"id":3591,"url":"https:\/\/tp-electric.vn\/index.php\/san-pham\/may-hut-bui-va-lau-nha-ultty-v08\/","url_meta":{"origin":3498,"position":2},"title":"M\u00e1y h\u00fat b\u1ee5i v\u00e0 lau nh\u00e0 Ultty V08","author":"","date":"22\/06\/2023","format":false,"excerpt":"K\u00edch th\u01b0\u1edbc 1.200mm x 230mm x 240mm Tr\u1ecdng l\u01b0\u1ee3ng s\u1ea3n ph\u1ea9m 1,1kg Tr\u1ecdng l\u01b0\u1ee3ng bao b\u00ec 700mm x 370mm x 190mm Xu\u1ea5t x\u1ee9 th\u01b0\u01a1ng hi\u1ec7u Ph\u00e1p S\u1ea3n xu\u1ea5t t\u1ea1i Trung Qu\u1ed1c B\u1ea3o h\u00e0nh 24 th\u00e1ng","rel":"","context":"Similar post","block_context":{"text":"Similar post","link":""},"img":{"alt_text":"","src":"https:\/\/i0.wp.com\/tp-electric.vn\/wp-content\/uploads\/2023\/06\/may-hut-bui-va-lau-nha-ultty-v08.jpg?fit=800%2C600&ssl=1&resize=350%2C200","width":350,"height":200,"srcset":"https:\/\/i0.wp.com\/tp-electric.vn\/wp-content\/uploads\/2023\/06\/may-hut-bui-va-lau-nha-ultty-v08.jpg?fit=800%2C600&ssl=1&resize=350%2C200 1x, https:\/\/i0.wp.com\/tp-electric.vn\/wp-content\/uploads\/2023\/06\/may-hut-bui-va-lau-nha-ultty-v08.jpg?fit=800%2C600&ssl=1&resize=700%2C400 2x"},"classes":[]},{"id":3495,"url":"https:\/\/tp-electric.vn\/index.php\/san-pham\/nut-nhan-loai-khoi-abb\/","url_meta":{"origin":3498,"position":3},"title":"N\u00daT NH\u1ea4N LO\u1ea0I KH\u1ed0I ABB","author":"","date":"14\/04\/2023","format":false,"excerpt":"C\u00e1c lo\u1ea1i n\u00fat nh\u1ea5n ABB g\u1ed3m n\u00fat nh\u1ea5n nh\u1ea3, n\u00fat nh\u1ea5n c\u00f3 \u0111\u00e8n b\u00e1o, n\u00fat d\u1eebng kh\u1ea9n c\u1ea5p \u0111a d\u1ea1ng v\u1ec1 m\u00e0u s\u1eafc, ki\u1ec3u d\u00e1ng, nh\u01b0 \u0111en, xanh, \u0111\u1ecf, v\u00e0ng, cam. \u00a0\u01afU \u0110I\u1ec2M: \u0110\u1ed9 b\u1ec1n c\u01a1 kh\u00ed: 500.000 l\u1ea7n thao t\u00e1c \u0110i\u1ec7n \u00e1p c\u00e1ch \u0111i\u1ec7n 300V D\u00f2ng \u0111\u1ecbnh m\u1ee9c nhi\u1ec7t\u2026","rel":"","context":"Similar post","block_context":{"text":"Similar post","link":""},"img":{"alt_text":"","src":"https:\/\/i0.wp.com\/tp-electric.vn\/wp-content\/uploads\/2023\/04\/Untitled-1.png?fit=300%2C300&ssl=1&resize=350%2C200","width":350,"height":200},"classes":[]},{"id":3701,"url":"https:\/\/tp-electric.vn\/index.php\/san-pham\/quat-loc-khong-khi-va-khu-khuan-u-ultty-bb\/","url_meta":{"origin":3498,"position":4},"title":"Qu\u1ea1t l\u1ecdc kh\u00f4ng kh\u00ed v\u00e0 kh\u1eed khu\u1ea9n U ULTTY BB","author":"","date":"16\/08\/2023","format":false,"excerpt":"L\u1ecdc t\u1edbi 99,95% t\u1ea5t c\u1ea3 c\u00e1c ch\u1ea5t \u00f4 nhi\u1ec5m trong kh\u00f4ng kh\u00ed L\u00e0m s\u1ea1ch kh\u00f4ng kh\u00ed qua m\u00e0ng l\u1ecdc HEPA + kh\u1eed tr\u00f9ng c\u00f4ng ngh\u1ec7 Plasmacluster Ion Thanh l\u1ecdc to\u00e0n b\u1ed9 ng\u00f4i nh\u00e0 ch\u1ec9 trong 45 ph\u00fat \u0110\u1ed9ng c\u01a1 \u00eam \u00e1i v\u00e0 m\u1ea1nh m\u1ebd, v\u1edbi 9 c\u1ea5p \u0111\u1ed9 l\u00e0m m\u00e1t\u2026","rel":"","context":"Similar post","block_context":{"text":"Similar post","link":""},"img":{"alt_text":"","src":"https:\/\/i0.wp.com\/tp-electric.vn\/wp-content\/uploads\/2023\/08\/MAY-LOC-04-scaled.jpg?fit=1200%2C1200&ssl=1&resize=350%2C200","width":350,"height":200,"srcset":"https:\/\/i0.wp.com\/tp-electric.vn\/wp-content\/uploads\/2023\/08\/MAY-LOC-04-scaled.jpg?fit=1200%2C1200&ssl=1&resize=350%2C200 1x, https:\/\/i0.wp.com\/tp-electric.vn\/wp-content\/uploads\/2023\/08\/MAY-LOC-04-scaled.jpg?fit=1200%2C1200&ssl=1&resize=700%2C400 2x, https:\/\/i0.wp.com\/tp-electric.vn\/wp-content\/uploads\/2023\/08\/MAY-LOC-04-scaled.jpg?fit=1200%2C1200&ssl=1&resize=1050%2C600 3x"},"classes":[]},{"id":3285,"url":"https:\/\/tp-electric.vn\/index.php\/san-pham\/aptomat-mccb-tmax-abb\/","url_meta":{"origin":3498,"position":5},"title":"APTOMAT MCCB TMAX ABB","author":"","date":"25\/02\/2023","format":false,"excerpt":"\u00a0\u01afU \u0110I\u1ec2M: S\u1ea3n xu\u1ea5t t\u1ea1i \u00dd, b\u1ea3o v\u1ec7 qu\u00e1 t\u1ea3i, ng\u1eafn m\u1ea1ch Kh\u1ea3 n\u0103ng c\u1eaft d\u00f2ng ng\u1eafn m\u1ea1ch l\u00ean \u0111\u1ebfn 150kA Ng\u1eaft m\u1ea1ch b\u1ea3o v\u1ec7 c\u00e1c thi\u1ebft b\u1ecb c\u00f3 d\u00f2ng \u0111\u1ecbnh m\u1ee9c \u0111\u1ebfn 1600A Ch\u1ec9nh d\u00f2ng qu\u00e1 t\u1ea3i v\u1edbi trip t\u1eeb nhi\u1ec7t v\u00e0 \u0111i\u1ec7n t\u1eed S\u1eed d\u1ee5ng \u1edf m\u00f4i tr\u01b0\u1eddng\u2026","rel":"","context":"Similar post","block_context":{"text":"Similar post","link":""},"img":{"alt_text":"Tmax XT Molded Case Circuit Breakers (MCCB)","src":"https:\/\/i0.wp.com\/electrification.us.abb.com\/sites\/default\/files\/sace-tmax-xt-series-of-molded-case-circuit-breakers.jpg?resize=350%2C200&ssl=1","width":350,"height":200,"srcset":"https:\/\/i0.wp.com\/electrification.us.abb.com\/sites\/default\/files\/sace-tmax-xt-series-of-molded-case-circuit-breakers.jpg?resize=350%2C200&ssl=1 1x, https:\/\/i0.wp.com\/electrification.us.abb.com\/sites\/default\/files\/sace-tmax-xt-series-of-molded-case-circuit-breakers.jpg?resize=700%2C400&ssl=1 2x"},"classes":[]}],"_links":{"self":[{"href":"https:\/\/tp-electric.vn\/index.php\/wp-json\/wp\/v2\/product\/3498"}],"collection":[{"href":"https:\/\/tp-electric.vn\/index.php\/wp-json\/wp\/v2\/product"}],"about":[{"href":"https:\/\/tp-electric.vn\/index.php\/wp-json\/wp\/v2\/types\/product"}],"replies":[{"embeddable":true,"href":"https:\/\/tp-electric.vn\/index.php\/wp-json\/wp\/v2\/comments?post=3498"}],"wp:featuredmedia":[{"embeddable":true,"href":"https:\/\/tp-electric.vn\/index.php\/wp-json\/wp\/v2\/media\/3499"}],"wp:attachment":[{"href":"https:\/\/tp-electric.vn\/index.php\/wp-json\/wp\/v2\/media?parent=3498"}],"wp:term":[{"taxonomy":"product_cat","embeddable":true,"href":"https:\/\/tp-electric.vn\/index.php\/wp-json\/wp\/v2\/product_cat?post=3498"},{"taxonomy":"product_tag","embeddable":true,"href":"https:\/\/tp-electric.vn\/index.php\/wp-json\/wp\/v2\/product_tag?post=3498"}],"curies":[{"name":"wp","href":"https:\/\/api.w.org\/{rel}","templated":true}]}}