{"id":3496,"date":"2023-04-14T10:39:13","date_gmt":"2023-04-14T03:39:13","guid":{"rendered":"https:\/\/tp-electric.vn\/?post_type=product&#038;p=3496"},"modified":"2024-12-12T15:11:37","modified_gmt":"2024-12-12T08:11:37","slug":"cong-tac-xoay-4-vi-tri","status":"publish","type":"product","link":"https:\/\/tp-electric.vn\/index.php\/san-pham\/cong-tac-xoay-4-vi-tri\/","title":{"rendered":"C\u00d4NG T\u1eaeC XOAY 4 V\u1eca TR\u00cd"},"content":{"rendered":"<p>&nbsp;<\/p>\n<h3><strong>C\u00f4ng t\u1eafc xoay 4 v\u1ecb tr\u00ed l\u00e0 g\u00ec<\/strong><\/h3>\n<p><strong>C\u00f4ng t\u1eafc xoay 4 v\u1ecb tr\u00ed<\/strong>\u00a0\u0111\u01b0\u1ee3c bi\u1ebft \u0111\u1ebfn l\u00e0 m\u1ed9t trong nh\u1eefng thi\u1ebft b\u1ecb \u0111i\u1ec7n \u0111\u01b0\u1ee3c \u1ee9ng d\u1ee5ng ph\u1ed5 bi\u1ebfn trong h\u1ec7 th\u1ed1ng \u0111i\u1ec7n c\u00f4ng nghi\u1ec7p.C\u00f4ng t\u1eafc \u0111\u01b0\u1ee3c thi\u1ebft k\u1ebf v\u1edbi 3 n\u00fat m\u1edf v\u00e0 1 n\u00fat t\u1eaft. N\u00f3 mang \u0111\u1ebfn s\u1ef1 ti\u1ec7n l\u1ee3i r\u1ea5t l\u1edbn trong qu\u00e1 tr\u00ecnh s\u1eed d\u1ee5ng cho m\u1ecdi ng\u01b0\u1eddi d\u00f9ng.<\/p>\n<h3><strong>\u0110\u1eb7c \u0111i\u1ec3m n\u1ed5i b\u1eadt c\u1ee7a c\u00f4ng t\u1eafc xoay 4 v\u1ecb tr\u00ed\u00a0<\/strong><\/h3>\n<p>So v\u1edbi c\u00e1c d\u00f2ng c\u00f4ng t\u1eafc xoay kh\u00e1c tr\u00ean th\u1ecb tr\u01b0\u1eddng th\u00ec\u00a0c\u00f4ng t\u1eafc xoay 4 v\u1ecb tr\u00ed\u00a0c\u0169ng c\u00f3 nh\u1eefng \u0111i\u1ec3m thi\u1ebft k\u1ebf mang t\u00ednh kh\u00e1c bi\u1ec7t. C\u00f3 th\u1ec3 k\u1ec3 \u0111\u1ebfn nh\u01b0:<\/p>\n<ul>\n<li>Thi\u1ebft b\u1ecb c\u00f3 s\u1ef1 \u0111a d\u1ea1ng v\u1ec1 c\u00f4ng su\u1ea5t ho\u1ea1t \u0111\u1ed9ng.<\/li>\n<li>D\u1ea3i \u0111i\u1ec7n \u00e1p l\u1edbn.<\/li>\n<li>C\u01b0\u1eddng \u0111\u1ed9 d\u00f2ng \u0111i\u1ec7n ho\u1ea1t \u0111\u1ed9ng cao.<\/li>\n<li>Ti\u1ebfp \u0111i\u1ec3m \u0111\u01b0\u1ee3c thi\u1ebft k\u1ebf an to\u00e0n cho tay ng\u01b0\u1eddi d\u00f9ng.<\/li>\n<li>H\u1ea7u h\u1ebft c\u00e1c d\u00f2ng c\u00f4ng t\u1eafc thi\u1ebft k\u1ebf xoay 4 v\u1ecb tr\u00ed \u0111\u1ec1u \u0111\u01b0\u1ee3c s\u1ea3n xu\u1ea5t theo c\u1ea5u tr\u00fac ch\u1ed1ng l\u00e0m gi\u1ea3.<\/li>\n<li>K\u1ebft c\u1ea5u \u0111\u01a1n gi\u1ea3n, d\u1ec5 l\u1eafp r\u00e1p.<\/li>\n<li>Thi\u1ebft b\u1ecb c\u00f3 bi\u1ebfn \u00e1p ho\u1eb7c \u0111i\u1ec7n \u00e1p \u0111\u1ee7.<\/li>\n<li>Ch\u1ea5t li\u1ec7u s\u1ea3n xu\u1ea5t cao c\u1ea5p, kh\u00f4ng ch\u1ee9a h\u00f3a ch\u1ea5t \u0111\u1ed9c h\u1ea1i.<\/li>\n<li>C\u00f3 \u0111\u1ed9 b\u1ec1n cao.<\/li>\n<li>T\u00ednh \u1ee9ng d\u1ee5ng ph\u1ed5 bi\u1ebfn.<\/li>\n<li>C\u1ea5p \u0111\u1ed9 b\u1ea3o v\u1ec7 \u0111\u1ea1t IP 20.<\/li>\n<li>Ti\u00eau chu\u1ea9n s\u1ea3n xu\u1ea5t IEC.<\/li>\n<\/ul>\n<h3><strong>5 \u01b0u \u0111i\u1ec3m kh\u00f4ng th\u1ec3 b\u1ecf qua khi l\u1ef1a ch\u1ecdn c\u00f4ng t\u1eafc xoay 4 v\u1ecb tr\u00ed<\/strong><\/h3>\n<p>Ng\u01b0\u1eddi d\u00f9ng \u0111ang b\u0103n kho\u0103n kh\u00f4ng bi\u1ebft \u0111i\u1ec1u g\u00ec gi\u00fap\u00a0c\u00f4ng t\u1eafc xoay 4 v\u1ecb tr\u00ed\u00a0c\u00f3 \u0111\u01b0\u1ee3c kh\u1ea3 n\u0103ng chi\u1ebfm l\u0129nh th\u1ecb tr\u01b0\u1eddng v\u01b0\u1ee3t tr\u1ed9i \u0111\u1ebfn v\u1eady? Nh\u1eefng \u01b0u \u0111i\u1ec3m d\u01b0\u1edbi \u0111\u00e2y c\u1ee7a thi\u1ebft b\u1ecb s\u1ebd l\u00e0 c\u00e2u tr\u1ea3 l\u1eddi c\u1ee5 th\u1ec3 nh\u1ea5t.<\/p>\n<p><strong><em>C\u1ea5u t\u1ea1o \u0111\u01a1n gi\u1ea3n, hi\u1ec7n \u0111\u1ea1i<\/em><\/strong><\/p>\n<p>H\u1ea7u h\u1ebft c\u00e1c d\u00f2ng c\u00f4ng t\u1eafc thi\u1ebft k\u1ebf xoay 4 v\u1ecb tr\u00ed tr\u00ean th\u1ecb tr\u01b0\u1eddng \u0111\u1ec1u \u0111\u01b0\u1ee3c c\u1ea5u v\u1edbi k\u00edch th\u01b0\u1edbc nh\u1ecf g\u1ecdn, tr\u1ecdng l\u01b0\u1ee3ng nh\u1eb9 n\u00ean kh\u00f4ng g\u00e2y kh\u00f3 kh\u0103n cho ng\u01b0\u1eddi d\u00f9ng trong qu\u00e1 tr\u00ecnh s\u1eed d\u1ee5ng. \u0110\u1eb7c bi\u1ec7t, c\u1ea5u t\u1ea1o c\u1ee7a thi\u1ebft b\u1ecb c\u0169ng \u0111\u01a1n gi\u1ea3n n\u00ean d\u1ec5 l\u1eafp r\u00e1p. H\u01a1n th\u1ebf n\u1eefa, d\u00f2ng c\u00f4ng t\u1eafc n\u00e0y c\u00f2n \u0111\u01b0\u1ee3c s\u1ea3n xu\u1ea5t v\u1edbi c\u1ea5u tr\u00fac ch\u1ed1ng l\u00e0m gi\u1ea3 r\u1ea5t hi\u1ec7n \u0111\u1ea1i. \u0110\u00e2y l\u00e0 l\u00fd do khi\u1ebfn nhi\u1ec1u ng\u01b0\u1eddi d\u00f9ng b\u1ecb chinh ph\u1ee5c khi l\u1ef1a ch\u1ecdn s\u1eed d\u1ee5ng.<\/p>\n<p><strong><em>\u0110\u1ea3m b\u1ea3o an to\u00e0n cao<\/em><\/strong><\/p>\n<p>C\u00e1c ti\u1ebfp \u0111i\u1ec3m c\u1ee7a\u00a0<strong>c\u00f4ng t\u1eafc xoay 4 v\u1ecb tr\u00ed<\/strong>\u00a0\u0111\u1ec1u \u0111\u01b0\u1ee3c thi\u1ebft k\u1ebf kh\u00f4ng ch\u1ec9 \u0111\u1ea3m b\u1ea3o hi\u1ec7u qu\u1ea3 s\u1eed d\u1ee5ng cao m\u00e0 c\u00f2n r\u1ea5t an to\u00e0n v\u1edbi ng\u01b0\u1eddi s\u1eed d\u1ee5ng. C\u00f4ng t\u1eafc \u0111\u01b0\u1ee3c thi\u1ebft k\u1ebf theo ti\u00eau chu\u1ea9n IEC cao c\u1ea5p n\u00ean n\u00f3 s\u1ebd gi\u00fap ng\u01b0\u1eddi d\u00f9ng y\u00ean t\u00e2m tuy\u1ec7t \u0111\u1ed1i v\u1edbi \u0111\u1ed9 an to\u00e0n m\u00e0 n\u00f3 c\u00f3 th\u1ec3 mang l\u1ea1i.<\/p>\n<p><strong><em>\u0110\u1ed9 b\u1ec1n cao<\/em><\/strong><\/p>\n<p>Kh\u00f4ng ch\u1ec9 \u201cghi \u0111i\u1ec3m\u201d v\u1edbi vi\u1ec7c s\u1eed d\u1ee5ng ch\u1ea5t li\u1ec7u s\u1ea3n xu\u1ea5t cao c\u1ea5p nh\u01b0: nh\u1ef1a \u0111en, kim lo\u1ea1i\u2026 m\u00e0 c\u00f4ng t\u1eafc c\u00f2n c\u00f3 c\u1ea5p \u0111\u1ed9 b\u1ea3o v\u1ec7 \u0111\u1ea1t IP20. N\u00f3 c\u00f3 th\u1ec3 gi\u00fap c\u00f4ng t\u1eafc c\u00f3 kh\u1ea3 n\u0103ng ch\u1ecbu l\u1ef1c v\u00e0 th\u00edch nghi t\u1ed1t v\u1edbi nhi\u1ec1u \u0111i\u1ec1u ki\u1ec7n m\u00f4i tr\u01b0\u1eddng s\u1eed d\u1ee5ng kh\u00e1c nhau. \u0110\u00e2y l\u00e0 l\u00fd do m\u00e0 thi\u1ebft b\u1ecb c\u00f3 \u0111\u01b0\u1ee3c \u0111\u1ed9 b\u1ec1n c\u01a1 h\u1ecdc cao, tu\u1ed5i th\u1ecd v\u01b0\u1ee3t tr\u1ed9i. Ch\u00ednh v\u00ec v\u1eady, ng\u01b0\u1eddi d\u00f9ng s\u1ebd ti\u1ebft ki\u1ec7m \u0111\u01b0\u1ee3c chi ph\u00ed thay c\u00f4ng t\u1eafc m\u1edbi r\u1ea5t \u0111\u00e1ng k\u1ec3.<\/p>\n<p><strong><em>Gi\u00e1 th\u00e0nh \u01b0u \u0111\u00e3i<\/em><\/strong><\/p>\n<p>B\u1ea3ng gi\u00e1 c\u1ee7a d\u00f2ng c\u00f4ng t\u1eafc xoay n\u00e0y \u0111\u01b0\u1ee3c \u0111\u00e1nh gi\u00e1 l\u00e0 r\u1ea5t ph\u00f9 h\u1ee3p v\u1edbi \u0111i\u1ec1u ki\u1ec7n kinh t\u1ebf c\u1ee7a ng\u01b0\u1eddi d\u00f9ng Vi\u1ec7t. N\u00f3 s\u1ebd l\u00e0 m\u1ed9t \u01b0u \u0111i\u1ec3m kh\u00f4ng th\u1ec3 b\u1ecf qua \u0111\u1ed1i v\u1edbi nh\u1eefng ng\u01b0\u1eddi d\u00f9ng c\u00f3 nhu c\u1ea7u s\u1eed d\u1ee5ng c\u00f4ng t\u1eafc \u0111\u1ec3 l\u1eafp \u0111\u1eb7t v\u1edbi s\u1ed1 l\u01b0\u1ee3ng l\u1edbn.<\/p>\n<p><strong><em>Th\u00e2n thi\u1ec7n v\u1edbi m\u00f4i tr\u01b0\u1eddng<\/em><\/strong><\/p>\n<p>C\u00e1c d\u00f2ng c\u00f4ng t\u1eafc xoay c\u00f3 thi\u1ebft k\u1ebf 4 v\u1ecb tr\u00ed ch\u00ednh h\u00e3ng \u0111\u1ec1u s\u1eed d\u1ee5ng ch\u1ea5t li\u1ec7u cao c\u1ea5p, kh\u00f4ng c\u00f3 h\u00f3a ch\u1ea5t \u0111\u1ed9c h\u1ea1i \u0111\u1ec3 s\u1ea3n xu\u1ea5t. V\u00ec v\u1eady, thi\u1ebft b\u1ecb kh\u00f4ng ch\u1ec9 an to\u00e0n cho s\u1ee9c kh\u1ecfe ng\u01b0\u1eddi d\u00f9ng m\u00e0 c\u00f2n r\u1ea5t th\u00e2n thi\u1ec7n v\u1edbi m\u00f4i tr\u01b0\u1eddng s\u1ed1ng xung quanh.<\/p>\n","protected":false},"excerpt":{"rendered":"<div class=\"desc\">C\u00f4ng t\u1eafc xoay 4 v\u1ecb tr\u00ed \u0111\u01b0\u1ee3c thi\u1ebft k\u1ebf v\u1edbi 3 n\u00fat m\u1edf v\u00e0 1 n\u00fat t\u1eaft thi\u1ebft b\u1ecb \u0111i\u1ec7n \u0111\u01b0\u1ee3c \u1ee9ng d\u1ee5ng ph\u1ed5 bi\u1ebfn trong h\u1ec7 th\u1ed1ng \u0111i\u1ec7n c\u00f4ng nghi\u1ec7p.<\/div>\n<div class=\"list\">\n<p><i class=\"fa fa-gg\" aria-hidden=\"true\"><\/i>\u00a0\u01afU \u0110I\u1ec2M:<\/p>\n<div class=\"ht-format-detail\">\n<p>\u0110\u1ed9 b\u1ec1n c\u01a1 h\u1ecdc cao<\/p>\n<p>C\u1ea5p \u0111\u1ed9 b\u1ea3o v\u1ec7 IP22, IP65<\/p>\n<p>K\u1ebft c\u1ea5u \u0111\u01a1n gi\u1ea3n, d\u1ec5 l\u1eafp \u0111\u1eb7t<\/p>\n<p>Ti\u00eau chu\u1ea9n s\u1ea3n xu\u1ea5t IEC<\/p>\n<p>Th\u01b0\u01a1ng hi\u1ec7u ch\u00ednh h\u00e3ng<\/p>\n<\/div>\n<\/div>\n","protected":false},"featured_media":3497,"comment_status":"open","ping_status":"closed","template":"","meta":[],"product_cat":[199],"product_tag":[],"jetpack-related-posts":[{"id":3498,"url":"https:\/\/tp-electric.vn\/index.php\/san-pham\/cong-tac-xoay-3-vi-tri\/","url_meta":{"origin":3496,"position":0},"title":"C\u00d4NG T\u1eaeC XOAY 3 V\u1eca TR\u00cd","author":"","date":"14\/04\/2023","format":false,"excerpt":"C\u00f4ng t\u1eafc xoay 3 v\u1ecb tr\u00ed s\u1ebd c\u00f3 nhi\u1ec1u \u01b0u \u0111i\u1ec3m v\u01b0\u1ee3t tr\u1ed9i k\u00edch th\u01b0\u1edbc nh\u1ecf g\u1ecdn, c\u1ea5u t\u1ea1o \u0111\u01a1n gi\u1ea3n, \u0111\u01b0\u1eddng k\u00ednh D22, D25 ph\u1ed5 bi\u1ebfn, d\u1ec5 d\u00e0ng l\u1eafp \u0111\u1eb7t. \u00a0\u01afU \u0110I\u1ec2M: C\u00f4ng t\u1eafc xoay 3 v\u1ecb tr\u00ed Schneider, Hangyong, Idec ... \u0110\u01b0\u1eddng k\u00ednh D16, D22, D25, c\u00f3 tay\u2026","rel":"","context":"Similar post","block_context":{"text":"Similar post","link":""},"img":{"alt_text":"","src":"https:\/\/i0.wp.com\/tp-electric.vn\/wp-content\/uploads\/2023\/04\/3vt.png?fit=300%2C300&ssl=1&resize=350%2C200","width":350,"height":200},"classes":[]},{"id":3500,"url":"https:\/\/tp-electric.vn\/index.php\/san-pham\/cong-tac-xoay-2-vi-tri\/","url_meta":{"origin":3496,"position":1},"title":"C\u00d4NG T\u1eaeC XOAY 2 V\u1eca TR\u00cd","author":"","date":"14\/04\/2023","format":false,"excerpt":"C\u00f4ng t\u1eafc xoay 2 v\u1ecb tr\u00ed l\u00e0 m\u1ed9t thi\u1ebft b\u1ecb \u0111i\u1ec7n \u0111\u01b0\u1ee3c l\u1eafp \u0111\u1eb7t \u0111\u1ec3 s\u1eed d\u1ee5ng cho vi\u1ec7c b\u1eadt\/t\u1eaft \u1edf 2 v\u1ecb tr\u00ed kh\u00e1c nhau, \u0111\u01b0\u1ee3c \u1ee9ng d\u1ee5ng nhi\u1ec1u trong \u0111i\u1ec7n c\u00f4ng nghi\u1ec7p. \u00a0\u01afU \u0110I\u1ec2M: Lo\u1ea1i kh\u00f4ng \u0111\u00e8n, c\u00f3 \u0111\u00e8n, c\u00f3 ch\u00eca kho\u00e1 Th\u01b0\u01a1ng hi\u1ec7u Schneider, Idec, Hangyoung... Tu\u1ed5i\u2026","rel":"","context":"Similar post","block_context":{"text":"Similar post","link":""},"img":{"alt_text":"","src":"https:\/\/i0.wp.com\/tp-electric.vn\/wp-content\/uploads\/2023\/04\/2-vt.png?fit=300%2C300&ssl=1&resize=350%2C200","width":350,"height":200},"classes":[]},{"id":3502,"url":"https:\/\/tp-electric.vn\/index.php\/san-pham\/phich-cam-cong-nghiep\/","url_meta":{"origin":3496,"position":2},"title":"PH\u00cdCH C\u1eaeM C\u00d4NG NGHI\u1ec6P","author":"","date":"14\/04\/2023","format":false,"excerpt":"Ph\u00edch c\u1eafm di \u0111\u1ed9ng ch\u1ed1ng n\u01b0\u1edbc IP67 PK Schneider c\u00f3 thi\u1ebft k\u1ebf nh\u1ecf g\u1ecdn, tr\u1ecdng l\u01b0\u1ee3ng nh\u1eb9, \u0111\u1ed9 an to\u00e0n v\u00e0 kh\u1ea3 n\u0103ng c\u00e1ch \u0111i\u1ec7n cao. \u00a0\u01afU \u0110I\u1ec2M: Ch\u1ed1ng n\u01b0\u1edbc, b\u1ee5i b\u1ea9n \u0111\u1ea1t c\u1ea5p \u0111\u1ed9 IP67 S\u1ed1 c\u1ef1c t\u01b0\u01a1ng th\u00edch 2P+E, 3P+E, 4P+E Ch\u1ecbu m\u1ee9c d\u00f2ng \u0111i\u1ec7n 16A \u0111\u1ebfn 125A\u2026","rel":"","context":"Similar post","block_context":{"text":"Similar post","link":""},"img":{"alt_text":"","src":"https:\/\/i0.wp.com\/tp-electric.vn\/wp-content\/uploads\/2023\/04\/phich-cam-cong-nghiep.png?fit=300%2C300&ssl=1&resize=350%2C200","width":350,"height":200},"classes":[]},{"id":3495,"url":"https:\/\/tp-electric.vn\/index.php\/san-pham\/nut-nhan-loai-khoi-abb\/","url_meta":{"origin":3496,"position":3},"title":"N\u00daT NH\u1ea4N LO\u1ea0I KH\u1ed0I ABB","author":"","date":"14\/04\/2023","format":false,"excerpt":"C\u00e1c lo\u1ea1i n\u00fat nh\u1ea5n ABB g\u1ed3m n\u00fat nh\u1ea5n nh\u1ea3, n\u00fat nh\u1ea5n c\u00f3 \u0111\u00e8n b\u00e1o, n\u00fat d\u1eebng kh\u1ea9n c\u1ea5p \u0111a d\u1ea1ng v\u1ec1 m\u00e0u s\u1eafc, ki\u1ec3u d\u00e1ng, nh\u01b0 \u0111en, xanh, \u0111\u1ecf, v\u00e0ng, cam. \u00a0\u01afU \u0110I\u1ec2M: \u0110\u1ed9 b\u1ec1n c\u01a1 kh\u00ed: 500.000 l\u1ea7n thao t\u00e1c \u0110i\u1ec7n \u00e1p c\u00e1ch \u0111i\u1ec7n 300V D\u00f2ng \u0111\u1ecbnh m\u1ee9c nhi\u1ec7t\u2026","rel":"","context":"Similar post","block_context":{"text":"Similar post","link":""},"img":{"alt_text":"","src":"https:\/\/i0.wp.com\/tp-electric.vn\/wp-content\/uploads\/2023\/04\/Untitled-1.png?fit=300%2C300&ssl=1&resize=350%2C200","width":350,"height":200},"classes":[]},{"id":3591,"url":"https:\/\/tp-electric.vn\/index.php\/san-pham\/may-hut-bui-va-lau-nha-ultty-v08\/","url_meta":{"origin":3496,"position":4},"title":"M\u00e1y h\u00fat b\u1ee5i v\u00e0 lau nh\u00e0 Ultty V08","author":"","date":"22\/06\/2023","format":false,"excerpt":"K\u00edch th\u01b0\u1edbc 1.200mm x 230mm x 240mm Tr\u1ecdng l\u01b0\u1ee3ng s\u1ea3n ph\u1ea9m 1,1kg Tr\u1ecdng l\u01b0\u1ee3ng bao b\u00ec 700mm x 370mm x 190mm Xu\u1ea5t x\u1ee9 th\u01b0\u01a1ng hi\u1ec7u Ph\u00e1p S\u1ea3n xu\u1ea5t t\u1ea1i Trung Qu\u1ed1c B\u1ea3o h\u00e0nh 24 th\u00e1ng","rel":"","context":"Similar post","block_context":{"text":"Similar post","link":""},"img":{"alt_text":"","src":"https:\/\/i0.wp.com\/tp-electric.vn\/wp-content\/uploads\/2023\/06\/may-hut-bui-va-lau-nha-ultty-v08.jpg?fit=800%2C600&ssl=1&resize=350%2C200","width":350,"height":200,"srcset":"https:\/\/i0.wp.com\/tp-electric.vn\/wp-content\/uploads\/2023\/06\/may-hut-bui-va-lau-nha-ultty-v08.jpg?fit=800%2C600&ssl=1&resize=350%2C200 1x, https:\/\/i0.wp.com\/tp-electric.vn\/wp-content\/uploads\/2023\/06\/may-hut-bui-va-lau-nha-ultty-v08.jpg?fit=800%2C600&ssl=1&resize=700%2C400 2x"},"classes":[]},{"id":3541,"url":"https:\/\/tp-electric.vn\/index.php\/san-pham\/weidmuller-7kw-1pha-we01-07\/","url_meta":{"origin":3496,"position":5},"title":"WEIDMULLER 7KW-1PHA (WE01-07)","author":"","date":"12\/06\/2023","format":false,"excerpt":"1. T\u00ecm hi\u1ec3u th\u01b0\u01a1ng hi\u1ec7u Weidmuller C\u00f4ng ty Weidmuller \u0111\u01b0\u1ee3c th\u00e0nh l\u1eadp t\u1eeb n\u0103m 1850. \u00a0 Weidmuller\u00a0\u2013\u00a0th\u01b0\u01a1ng hi\u1ec7u h\u00e0ng \u0111\u1ea7u \u0111\u1ebfn t\u1eeb\u00a0\u0110\u1ee9c, \u0111\u00e3 \u0111\u01b0\u1ee3c th\u1eeba nh\u1eadn v\u00e0 t\u00edn nhi\u1ec7m trong ng\u00e0nh c\u00f4ng nghi\u1ec7p to\u00e0n c\u1ea7u.\u00a0V\u1edbi h\u01a1n 160 n\u0103m kinh nghi\u1ec7m (t\u1eeb 1850),\u00a0Weidmuller \u0111\u00e3 tr\u1edf th\u00e0nh m\u1ed9t nh\u00e0 cung c\u1ea5p uy\u2026","rel":"","context":"Similar post","block_context":{"text":"Similar post","link":""},"img":{"alt_text":"","src":"https:\/\/i0.wp.com\/tp-electric.vn\/wp-content\/uploads\/2023\/06\/bo-sac-2.png?fit=664%2C664&ssl=1&resize=350%2C200","width":350,"height":200},"classes":[]}],"_links":{"self":[{"href":"https:\/\/tp-electric.vn\/index.php\/wp-json\/wp\/v2\/product\/3496"}],"collection":[{"href":"https:\/\/tp-electric.vn\/index.php\/wp-json\/wp\/v2\/product"}],"about":[{"href":"https:\/\/tp-electric.vn\/index.php\/wp-json\/wp\/v2\/types\/product"}],"replies":[{"embeddable":true,"href":"https:\/\/tp-electric.vn\/index.php\/wp-json\/wp\/v2\/comments?post=3496"}],"wp:featuredmedia":[{"embeddable":true,"href":"https:\/\/tp-electric.vn\/index.php\/wp-json\/wp\/v2\/media\/3497"}],"wp:attachment":[{"href":"https:\/\/tp-electric.vn\/index.php\/wp-json\/wp\/v2\/media?parent=3496"}],"wp:term":[{"taxonomy":"product_cat","embeddable":true,"href":"https:\/\/tp-electric.vn\/index.php\/wp-json\/wp\/v2\/product_cat?post=3496"},{"taxonomy":"product_tag","embeddable":true,"href":"https:\/\/tp-electric.vn\/index.php\/wp-json\/wp\/v2\/product_tag?post=3496"}],"curies":[{"name":"wp","href":"https:\/\/api.w.org\/{rel}","templated":true}]}}