{"id":3495,"date":"2023-04-14T09:14:07","date_gmt":"2023-04-14T02:14:07","guid":{"rendered":"https:\/\/tp-electric.vn\/?post_type=product&#038;p=3495"},"modified":"2024-12-12T15:11:37","modified_gmt":"2024-12-12T08:11:37","slug":"nut-nhan-loai-khoi-abb","status":"publish","type":"product","link":"https:\/\/tp-electric.vn\/index.php\/san-pham\/nut-nhan-loai-khoi-abb\/","title":{"rendered":"N\u00daT NH\u1ea4N LO\u1ea0I KH\u1ed0I ABB"},"content":{"rendered":"<p>B\u00ean c\u1ea1nh c\u00e1c th\u01b0\u01a1ng hi\u1ec7u nh\u01b0 Schneider, Mitsubishi,\u2026 s\u1ea3n ph\u1ea9m c\u00f4ng nghi\u1ec7p\u00a0n\u00fat nh\u1ea5n ABB\u00a0c\u0169ng khi\u1ebfn cho ng\u01b0\u1eddi ti\u00eau d\u00f9ng th\u1ea5y r\u1eb1ng n\u00f3 kh\u00f4ng h\u1ec1 k\u00e9m c\u1ea1nh c\u1ea3 v\u1ec1 ch\u1ea5t l\u01b0\u1ee3ng l\u1eabn gi\u00e1 c\u1ea3. \u0110\u00e2y ch\u00ednh l\u00e0 m\u1ed9t trong nh\u1eefng d\u00f2ng s\u1ea3n ph\u1ea9m \u0111\u01b0\u1ee3c l\u1ef1a ch\u1ecdn ph\u1ed5 bi\u1ebfn hi\u1ec7n nay.<\/p>\n<h3><strong>Th\u00f4ng s\u1ed1 k\u0129 thu\u1eadt<\/strong><\/h3>\n<ul>\n<li>\u0110i\u1ec7n \u00e1p c\u00e1ch \u0111i\u1ec7n: 300V.<\/li>\n<li>\u0110i\u1ec7n \u00e1p \u0111\u1ecbnh m\u1ee9c 24 V AC\/DC &#8211; 380V\u00a0AC<\/li>\n<li>D\u00f2ng \u0111i\u1ec7n \u0111\u1ecbnh\u00a0m\u1ee9c nhi\u1ec7t: \u00a05A.<\/li>\n<li>C\u00f4ng su\u1ea5t: 1,2 \u2013 2,4 W.<\/li>\n<li>C\u1ea5p b\u1ea3o v\u1ec7 IP54.<\/li>\n<li>\u00d0\u00e1p \u1ee9ng ti\u00eau chu\u1ea9n IEC 60947-1, IEC 60947-5-1, IEC 60947-5-5, IEC 60073, IEC 60529.<\/li>\n<li>K\u00edch th\u01b0\u1edbc nh\u1ecf g\u1ecdn, \u0111\u01b0\u1eddng k\u00ednh l\u1ed7 khoan l\u1eafp \u0111\u1eb7t 22 mm.<\/li>\n<li>\u0110\u1ed9 b\u1ec1n c\u01a1 kh\u00ed: kho\u1ea3ng 500.000 l\u1ea7n thao t\u00e1c<\/li>\n<\/ul>\n<h3><strong>\u0110\u1eb7c \u0111i\u1ec3m<\/strong><\/h3>\n<p>&#8211; \u00a0\u0110\u01b0\u1ee3c ch\u1ebf t\u1ea1o b\u1eb1ng v\u1eadt li\u1ec7u Polycacbonate kh\u00f4ng g\u00e2y \u1ea3nh h\u01b0\u1edfng t\u1edbi t\u1ea7ng Oz\u00f4n.<\/p>\n<p>&#8211; \u00a0L\u00e0 lo\u1ea1i s\u1ea3n ph\u1ea9m n\u00fat nh\u1ea5n \u0111\u00e8n b\u00e1o kh\u00f4ng \u0111\u00e8n \u0111\u1ea7u b\u1eb1ng.<\/p>\n<p>&#8211; \u00a0M\u1eabu m\u00e3 \u0111a d\u1ea1ng: S\u1ea3n ph\u1ea9m n\u00fat nh\u1ea5n \u0111\u00e8n b\u00e1o ABB \u0111a d\u1ea1ng v\u1ec1 m\u00e0u s\u1eafc, ki\u1ec3u d\u00e1ng,\u00a0\u00a0nh\u01b0 \u0111en, xanh, \u0111\u1ecf, v\u00e0ng, cam,\u2026 mang l\u1ea1i cho ng\u01b0\u1eddi ti\u00eau d\u00f9ng nhi\u1ec1u s\u1ef1 l\u1ef1a ch\u1ecdn h\u01a1n, \u0111\u00e1p \u1ee9ng t\u1ed1i \u0111a nhu c\u1ea7u s\u1eed d\u1ee5ng. D\u1ef1a v\u00e0o m\u00e0u \u0111\u00e8n m\u00e0 ch\u00fang ta c\u00f3 ph\u00e2n lo\u1ea1i ra \u0111\u01b0\u1ee3c nhi\u1ec1u m\u1eabu m\u00e3 kh\u00e1c nhau. C\u00f9ng v\u1edbi thi\u1ebft k\u1ebf nh\u1ecf g\u1ecdn, c\u1ea7m g\u1ecdn tr\u00ean tay v\u00e0 r\u1ea5t d\u1ec5 d\u00e0ng, ti\u1ec7n l\u1ee3i trong qu\u00e1 tr\u00ecnh s\u1eed d\u1ee5ng.<\/p>\n<p>&#8211; \u00a0Thi\u1ebft k\u1ebf r\u1ea5t \u0111\u1ed9c \u0111\u00e1o, thao t\u00e1c l\u1eafp \u0111\u1eb7t c\u0169ng nh\u01b0 s\u1eed d\u1ee5ng t\u01b0\u01a1ng \u0111\u1ed1i \u0111\u01a1n gi\u1ea3n, kh\u00f4ng g\u00e2y kh\u00f3 kh\u0103n cho ng\u01b0\u1eddi s\u1eed d\u1ee5ng.<\/p>\n<p>&#8211; \u00a0B\u00f3ng \u0111\u00e8n LED c\u00f3 \u0111\u1ed9 s\u00e1ng cao, \u0111\u01b0\u1ee3c thi\u1ebft k\u1ebf hi\u1ec7n \u0111\u1ea1i v\u1edbi \u0111\u1ea7y \u0111\u1ee7 c\u00e1c ch\u1ee9c n\u0103ng kh\u00e1c nhau, ph\u1ee5c v\u1ee5 t\u1ea5t c\u1ea3 m\u1ecdi nhu c\u1ea7u s\u1eed d\u1ee5ng ph\u00f9 h\u1ee3p trong t\u1eebng c\u00f4ng vi\u1ec7c c\u1ee5 th\u1ec3.<\/p>\n<p>&#8211; \u00a0Trong khi ho\u1ea1t \u0111\u1ed9ng, n\u00fat nh\u1ea5n \u0111\u00e8n b\u00e1o ABB s\u1ebd b\u00e1o hi\u1ec7u b\u1eb1ng c\u00e1ch ph\u00e1t ra \u00e1nh s\u00e1ng t\u01b0\u01a1ng \u1ee9ng v\u1edbi m\u00e0u \u0111\u00e8n m\u00e0 n\u00f3 \u0111\u01b0\u1ee3c s\u1ea3n xu\u1ea5t.<\/p>\n<p>&#8211; \u00a0Vi\u1ec7c l\u1eafp r\u00e1p v\u00e0 thay th\u1ebf tr\u1edf n\u00ean thu\u1eadn ti\u1ec7n v\u00e0 d\u1ec5 d\u00e0ng h\u01a1n khi c\u00f3 thi\u1ebft k\u1ebf linh ho\u1ea1t g\u1ed3m 2 ph\u1ea7n th\u00e2n v\u00e0 \u0111\u1ea7u c\u00f3 th\u1ec3 t\u00e1ch r\u1eddi, mang l\u1ea1i s\u1ef1 an to\u00e0n cho ng\u01b0\u1eddi s\u1eed d\u1ee5ng<\/p>\n<p>&#8211; \u00a0\u0110\u1ed9 b\u1ec1n cao, kh\u1ea3 n\u0103ng ch\u1ed1ng ch\u1ecbu t\u1ed1t, gi\u00e1 th\u00e0nh h\u1ee3p l\u00fd, kinh t\u1ebf gi\u00fap ng\u01b0\u1eddi s\u1eed d\u1ee5ng ti\u1ebft ki\u1ec7m \u0111\u01b0\u1ee3c t\u1ed1i \u0111a chi ph\u00ed thay m\u1edbi.<\/p>\n<p>&#8211; \u00a0C\u00f3 1 ho\u1eb7c 2 ti\u1ebfp \u0111i\u1ec3m NO\/NC<\/p>\n<p>&#8211; \u00a0Nh\u1edf v\u00e0o thi\u1ebft k\u1ebf nh\u1ecf g\u1ecdn, ch\u00fang ti\u1ebft ki\u1ec7m \u0111\u01b0\u1ee3c r\u1ea5t nhi\u1ec1u kh\u00f4ng gian xung quanh. Ngo\u00e0i ra, \u0111\u00e8n b\u00e1o c\u00f3 \u0111\u1ed9 s\u00e1ng cao v\u00e0 g\u00f3c nh\u00ecn r\u1ed9ng v\u00e0 \u0111i\u1ec1u \u0111\u1eb7c bi\u1ec7t l\u00e0 v\u1eadt li\u1ec7u tr\u00ean b\u1ec1 m\u1eb7t c\u1ee7a thi\u1ebft b\u1ecb \u0111\u01b0\u1ee3c thi\u1ebft k\u1ebf gi\u1ea3m kh\u1ea3 n\u0103ng ph\u1ea3n x\u1ea1 s\u00e1nh rang t\u1eeb b\u00ean ngo\u00e0i v\u00e0o.<\/p>\n<p>&#8211; \u00a0S\u1ea3n xu\u1ea5t theo ti\u00eau chu\u1ea9n IEC 60947-5-1, GB 14048.1, GB 14048.5, IEC 60947-1.<\/p>\n<h3><strong>\u01afu \u0111i\u1ec3m<\/strong><\/h3>\n<p>So v\u1edbi c\u00e1c th\u01b0\u01a1ng hi\u1ec7u kh\u00e1c tr\u00ean th\u1ecb tr\u01b0\u1eddng, c\u00e1c s\u1ea3n ph\u1ea9m n\u00fat nh\u1ea5n \u0111\u00e8n b\u00e1o ABB \u0111\u01b0\u1ee3c s\u1ea3n xu\u1ea5t c\u00f3 nhi\u1ec1u \u01b0u \u0111i\u1ec3m n\u1ed5i b\u1eadt \u0111\u1ec3 ng\u01b0\u1eddi ti\u00eau d\u00f9ng c\u00f3 th\u1ec3 d\u1ec5 d\u00e0ng l\u1ef1a ch\u1ecdn. \u0110i\u1ec1u n\u00e0y gi\u00fap cho ABB nhanh ch\u00f3ng l\u1ea5y \u0111\u01b0\u1ee3c s\u1ef1 \u01b0a chu\u1ed9ng \u0111\u1ebfn t\u1eeb ng\u01b0\u1eddi ti\u00eau d\u00f9ng v\u00e0 d\u1ec5 d\u00e0ng h\u01a1n tr\u00ean con \u0111\u01b0\u1eddng c\u1ea1nh tranh v\u1edbi c\u00e1c \u0111\u1ed1i th\u1ee7 kh\u00e1c.<\/p>\n<p>So v\u1edbi c\u00e1c s\u1ea3n ph\u1ea9m n\u00fat nh\u1ea5n \u0111\u00e8n b\u00e1o c\u1ee7a th\u01b0\u01a1ng hi\u1ec7u kh\u00e1c tr\u00ean th\u1ecb tr\u01b0\u1eddng, ABB lu\u00f4n \u0111\u01b0\u1ee3c ng\u01b0\u1eddi ti\u00eau d\u00f9ng \u0111\u00e1nh gi\u00e1 cao b\u1edfi ch\u1ea5t l\u01b0\u1ee3ng t\u1ed1t, gi\u00e1 th\u00e0nh h\u1ee3p l\u00fd c\u00f9ng nhi\u1ec1u ch\u00ednh s\u00e1ch \u01b0u \u0111\u00e3i kh\u00e1c nhau. Nh\u1edd \u0111\u00f3, n\u00f3 mang l\u1ea1i hi\u1ec7u qu\u1ea3 ti\u1ebft ki\u1ec7m \u0111\u1ebfn m\u1ee9c t\u1ed1i \u0111a chi ph\u00ed cho ng\u01b0\u1eddi s\u1eed d\u1ee5ng.<\/p>\n<h3><strong>C\u00f4ng d\u1ee5ng<\/strong><\/h3>\n<p>Nh\u1eafc \u0111\u1ebfn c\u00f4ng d\u1ee5ng c\u1ee7a n\u00fat nh\u1ea5n v\u00e0 n\u00fat nh\u1ea5n c\u00f3 \u0111\u00e8n b\u00e1o ABB l\u00e0 nh\u1eafc \u0111\u1ebfn nh\u1eefng c\u00f4ng d\u1ee5ng tuy\u1ec7t v\u1eddi \u0111\u1ed1i v\u1edbi h\u1ec7 th\u1ed1ng \u0111i\u1ec7n. M\u1ed7i khi x\u1ea3y ra c\u00e1c t\u00ecnh tr\u1ea1ng kh\u1ea9n c\u1ea5p nh\u01b0 s\u1ef1 c\u1ed1, tr\u1ee5c tr\u1eb7c h\u1ec7 th\u1ed1ng \u0111i\u1ec1u khi\u1ec3n, \u0111\u00e8n s\u1ebd c\u00f3 c\u00f4ng d\u1ee5ng th\u00f4ng b\u00e1o cho cho ng\u01b0\u1eddi \u0111i\u1ec1u h\u00e0nh, tr\u1ef1c h\u1ec7 th\u1ed1ng ph\u00e1t hi\u1ec7n \u0111\u01b0\u1ee3c v\u00e0 nhanh ch\u00f3ng \u0111\u1ebfn s\u1eeda ch\u1eefa.<\/p>\n<h3><strong>\u1ee8ng d\u1ee5ng<\/strong><\/h3>\n<p>D\u01b0\u1edbi \u0111\u00e2y l\u00e0 m\u1ed9t s\u1ed1 \u1ee9ng d\u1ee5ng c\u1ee7a n\u00fat nh\u1ea5n d\u1ea1ng kh\u1ed1i\u00a0ABB:<\/p>\n<p>&#8211; \u00a0\u1ee8ng d\u1ee5ng r\u1ed9ng r\u00e3i trong ng\u00e0nh c\u00f4ng nghi\u1ec7p, c\u1ee5 th\u1ec3 l\u00e0: C\u00e1c nh\u00e0 s\u1ea3n xu\u1ea5t m\u00e1y m\u00f3c, kho x\u01b0\u1edfng, ng\u00e0nh c\u00f4ng nghi\u1ec7p h\u00f3a ch\u1ea5t, x\u00ed nghi\u1ec7p, nh\u00e0 m\u00e1y gi\u1ea5y,\u2026<\/p>\n<p>&#8211; \u00a0C\u00e1c khu v\u1ef1c d\u1ecbch v\u1ee5 v\u00e0 c\u01a1 s\u1edf h\u1ea1 t\u1ea7ng nh\u01b0: Nh\u00e0 x\u00e2y d\u1ef1ng b\u1ea3ng ph\u00e2n ph\u1ed1i, l\u01b0\u01a1ng th\u1ef1c, th\u1ef1c ph\u1ea9m, n\u01b0\u1edbc gi\u1ea3i kh\u00e1t, r\u1eeda xe,\u2026<\/p>\n","protected":false},"excerpt":{"rendered":"<p class=\"desc\"><span style=\"font-size: 85%;\">C\u00e1c lo\u1ea1i n\u00fat nh\u1ea5n ABB g\u1ed3m n\u00fat nh\u1ea5n nh\u1ea3, n\u00fat nh\u1ea5n c\u00f3 \u0111\u00e8n b\u00e1o, n\u00fat d\u1eebng kh\u1ea9n c\u1ea5p \u0111a d\u1ea1ng v\u1ec1 m\u00e0u s\u1eafc, ki\u1ec3u d\u00e1ng, nh\u01b0 \u0111en, xanh, \u0111\u1ecf, v\u00e0ng, cam.<\/span><\/p>\n<div class=\"list\">\n<p><span style=\"font-size: 85%;\"><i class=\"fa fa-gg\" aria-hidden=\"true\"><\/i>\u00a0\u01afU \u0110I\u1ec2M:<\/span><\/p>\n<div class=\"ht-format-detail\">\n<p><span style=\"font-size: 85%;\">\u0110\u1ed9 b\u1ec1n c\u01a1 kh\u00ed: 500.000 l\u1ea7n thao t\u00e1c<\/span><br \/>\n<span style=\"font-size: 85%;\">\u0110i\u1ec7n \u00e1p c\u00e1ch \u0111i\u1ec7n 300V<\/span><br \/>\n<span style=\"font-size: 85%;\">D\u00f2ng \u0111\u1ecbnh m\u1ee9c nhi\u1ec7t 5A<\/span><br \/>\n<span style=\"font-size: 85%;\">An to\u00e0n, th\u00e2n thi\u1ec7n m\u00f4i tr\u01b0\u1eddng<\/span><br \/>\n<span style=\"font-size: 85%;\">Ti\u00eau chu\u1ea9n:\u00a0IEC 60947-1, 60947-5-1, 60947-5-5,\u00a060073, 60529<\/span><\/p>\n<p><a href=\"https:\/\/drive.google.com\/file\/d\/1mBNM2kr483FgZOrQexRRXr3K3TD8Ru-G\/view?usp=share_link\"><span style=\"color: #ff0000;\"><strong>T\u1ea2I CATALOGUE T\u1ea0I \u0110\u00c2Y<\/strong><\/span><\/a><\/p>\n<\/div>\n<\/div>\n","protected":false},"featured_media":3493,"comment_status":"open","ping_status":"closed","template":"","meta":[],"product_cat":[199],"product_tag":[],"jetpack-related-posts":[{"id":3303,"url":"https:\/\/tp-electric.vn\/index.php\/san-pham\/cau-giao-gat-tay-ot-oetl-abb\/","url_meta":{"origin":3495,"position":0},"title":"C\u1ea6U GIAO G\u1ea0T TAY OT, OETL ABB","author":"","date":"25\/02\/2023","format":false,"excerpt":"C\u1ea7u giao g\u1ea1t tay OT OETL ABB lo\u1ea1i c\u1ea7u giao c\u1eaft t\u1ea3i \u0111\u01b0\u1ee3c s\u1ea3n xu\u1ea5t t\u1ea1i Ph\u1ea7n Lan c\u00f3 tay v\u1eb7n tr\u1ef1c ti\u1ebfp, d\u00f2ng \u0111\u1ecbnh m\u1ee9c t\u1eeb 16A \u0111\u1ebfn 2500A. \u00a0\u01afU \u0110I\u1ec2M: C\u1ea7u giao c\u1eaft t\u1ea3i c\u00f3 d\u00f2ng \u0111\u1ecbnh m\u1ee9c \u0111\u1ebfn 3150A G\u1eafn \u0111\u01b0\u1ee3c tr\u00ean thanh dinrail, c\u00f3 tay v\u1eb7n\u2026","rel":"","context":"Similar post","block_context":{"text":"Similar post","link":""},"img":{"alt_text":"","src":"https:\/\/i0.wp.com\/tp-electric.vn\/wp-content\/uploads\/2023\/02\/adssas-1.png?fit=300%2C300&ssl=1&resize=350%2C200","width":350,"height":200},"classes":[]},{"id":3285,"url":"https:\/\/tp-electric.vn\/index.php\/san-pham\/aptomat-mccb-tmax-abb\/","url_meta":{"origin":3495,"position":1},"title":"APTOMAT MCCB TMAX ABB","author":"","date":"25\/02\/2023","format":false,"excerpt":"\u00a0\u01afU \u0110I\u1ec2M: S\u1ea3n xu\u1ea5t t\u1ea1i \u00dd, b\u1ea3o v\u1ec7 qu\u00e1 t\u1ea3i, ng\u1eafn m\u1ea1ch Kh\u1ea3 n\u0103ng c\u1eaft d\u00f2ng ng\u1eafn m\u1ea1ch l\u00ean \u0111\u1ebfn 150kA Ng\u1eaft m\u1ea1ch b\u1ea3o v\u1ec7 c\u00e1c thi\u1ebft b\u1ecb c\u00f3 d\u00f2ng \u0111\u1ecbnh m\u1ee9c \u0111\u1ebfn 1600A Ch\u1ec9nh d\u00f2ng qu\u00e1 t\u1ea3i v\u1edbi trip t\u1eeb nhi\u1ec7t v\u00e0 \u0111i\u1ec7n t\u1eed S\u1eed d\u1ee5ng \u1edf m\u00f4i tr\u01b0\u1eddng\u2026","rel":"","context":"Similar post","block_context":{"text":"Similar post","link":""},"img":{"alt_text":"Tmax XT Molded Case Circuit Breakers (MCCB)","src":"https:\/\/i0.wp.com\/electrification.us.abb.com\/sites\/default\/files\/sace-tmax-xt-series-of-molded-case-circuit-breakers.jpg?resize=350%2C200&ssl=1","width":350,"height":200,"srcset":"https:\/\/i0.wp.com\/electrification.us.abb.com\/sites\/default\/files\/sace-tmax-xt-series-of-molded-case-circuit-breakers.jpg?resize=350%2C200&ssl=1 1x, https:\/\/i0.wp.com\/electrification.us.abb.com\/sites\/default\/files\/sace-tmax-xt-series-of-molded-case-circuit-breakers.jpg?resize=700%2C400&ssl=1 2x"},"classes":[]},{"id":3293,"url":"https:\/\/tp-electric.vn\/index.php\/san-pham\/aptomat-rccb-fh200-abb\/","url_meta":{"origin":3495,"position":2},"title":"APTOMAT RCCB FH200 ABB","author":"","date":"25\/02\/2023","format":false,"excerpt":"Aptomat RCCB FH200 ABB d\u00f2ng s\u1ea3n ph\u1ea9m RCCB cao c\u1ea5p c\u00f3 ch\u1ee9c n\u0103ng b\u1ea3o v\u1ec7 ng\u01b0\u1eddi v\u00e0 thi\u1ebft b\u1ecb ch\u1ed1ng r\u00f2 r\u1ec9 \u0111i\u1ec7n \u0111\u1ea1t ti\u00eau chu\u1ea9n IEC61008. \u00a0\u01afU \u0110I\u1ec2M: B\u1ea3o v\u1ec7 con ng\u01b0\u1eddi, thi\u1ebft b\u1ecb v\u1edbi ch\u1ee9c n\u0103ng ch\u1ed1ng r\u00f2 L\u1eafp \u0111\u1eb7t cho h\u1ec7 th\u1ed1ng m\u1ea1ng \u0111i\u1ec7n c\u00f3 d\u00f2ng \u0111\u1ecbnh\u2026","rel":"","context":"Similar post","block_context":{"text":"Similar post","link":""},"img":{"alt_text":"","src":"https:\/\/i0.wp.com\/tp-electric.vn\/wp-content\/uploads\/2023\/02\/rccb.png?fit=300%2C300&ssl=1&resize=350%2C200","width":350,"height":200},"classes":[]},{"id":3282,"url":"https:\/\/tp-electric.vn\/index.php\/san-pham\/may-cat-khong-khi-acb-emax2-abb\/","url_meta":{"origin":3495,"position":3},"title":"M\u00c1Y C\u1eaeT KH\u00d4NG KH\u00cd ACB EMAX2 ABB","author":"","date":"25\/02\/2023","format":false,"excerpt":"M\u00e1y c\u1eaft kh\u00f4ng kh\u00ed ACB Emax2 ABB d\u00f2ng s\u1ea3n ph\u1ea9m \u0111\u00f3ng c\u1eaft, b\u1ea3o v\u1ec7 qu\u00e1 t\u1ea3i, ch\u1ec9nh d\u00f2ng qu\u00e1 t\u1ea3i cho h\u1ec7 th\u1ed1ng m\u1ea1ng \u0111i\u1ec7n ph\u00e2n ph\u1ed1i, hi\u1ec7u su\u1ea5t l\u00e0m vi\u1ec7c \u0111\u00e1ng tin c\u1eady. \u00a0\u01afU \u0110I\u1ec2M: D\u00f2ng s\u1ea3n ph\u1ea9m \u0111\u00e1p \u1ee9ng ti\u00eau chu\u1ea9n IEC 60947-2 \u0110\u00e3 \u0111\u01b0\u1ee3c nhi\u1ec7t \u0111\u1edbi ho\u00e1,\u2026","rel":"","context":"Similar post","block_context":{"text":"Similar post","link":""},"img":{"alt_text":"","src":"https:\/\/i0.wp.com\/tp-electric.vn\/wp-content\/uploads\/2023\/02\/acb.png?fit=300%2C300&ssl=1&resize=350%2C200","width":350,"height":200},"classes":[]},{"id":3301,"url":"https:\/\/tp-electric.vn\/index.php\/san-pham\/cau-dao-gat-tay-co-chi-os-abb\/","url_meta":{"origin":3495,"position":4},"title":"C\u1ea6U DAO G\u1ea0T TAY C\u00d3 CH\u00cc OS ABB","author":"","date":"25\/02\/2023","format":false,"excerpt":"C\u1ea7u dao g\u1ea1t tay c\u00f3 ch\u00ec OS ABB \u0111\u01b0\u1ee3c s\u1ea3n xu\u1ea5t t\u1ea1i Ph\u1ea7n Lan c\u00f3 ch\u1ee9c n\u0103ng \u0111\u00f3ng ng\u1eaft m\u1ea1ch \u0111i\u1ec7n \u0111\u01b0\u1ee3c l\u1eafp tr\u00ean thanh Dinrail, tu\u1ed5i th\u1ecd l\u00ean \u0111\u1ebfn 20.000 l\u1ea7n \u0111\u00f3ng c\u1eaft. \u00a0\u01afU \u0110I\u1ec2M: S\u1ea3n xu\u1ea5t t\u1ea1i Ph\u1ea7n Lan \u0111\u00e1p \u1ee9ng ti\u00eau chu\u1ea9n\u00a0IEC60947-3 Tu\u1ed5i th\u1ecd c\u01a1 kh\u00ed: 20.000\u2026","rel":"","context":"Similar post","block_context":{"text":"Similar post","link":""},"img":{"alt_text":"","src":"https:\/\/i0.wp.com\/tp-electric.vn\/wp-content\/uploads\/2023\/02\/cd.png?fit=300%2C300&ssl=1&resize=350%2C200","width":350,"height":200},"classes":[]},{"id":3500,"url":"https:\/\/tp-electric.vn\/index.php\/san-pham\/cong-tac-xoay-2-vi-tri\/","url_meta":{"origin":3495,"position":5},"title":"C\u00d4NG T\u1eaeC XOAY 2 V\u1eca TR\u00cd","author":"","date":"14\/04\/2023","format":false,"excerpt":"C\u00f4ng t\u1eafc xoay 2 v\u1ecb tr\u00ed l\u00e0 m\u1ed9t thi\u1ebft b\u1ecb \u0111i\u1ec7n \u0111\u01b0\u1ee3c l\u1eafp \u0111\u1eb7t \u0111\u1ec3 s\u1eed d\u1ee5ng cho vi\u1ec7c b\u1eadt\/t\u1eaft \u1edf 2 v\u1ecb tr\u00ed kh\u00e1c nhau, \u0111\u01b0\u1ee3c \u1ee9ng d\u1ee5ng nhi\u1ec1u trong \u0111i\u1ec7n c\u00f4ng nghi\u1ec7p. \u00a0\u01afU \u0110I\u1ec2M: Lo\u1ea1i kh\u00f4ng \u0111\u00e8n, c\u00f3 \u0111\u00e8n, c\u00f3 ch\u00eca kho\u00e1 Th\u01b0\u01a1ng hi\u1ec7u Schneider, Idec, Hangyoung... Tu\u1ed5i\u2026","rel":"","context":"Similar post","block_context":{"text":"Similar post","link":""},"img":{"alt_text":"","src":"https:\/\/i0.wp.com\/tp-electric.vn\/wp-content\/uploads\/2023\/04\/2-vt.png?fit=300%2C300&ssl=1&resize=350%2C200","width":350,"height":200},"classes":[]}],"_links":{"self":[{"href":"https:\/\/tp-electric.vn\/index.php\/wp-json\/wp\/v2\/product\/3495"}],"collection":[{"href":"https:\/\/tp-electric.vn\/index.php\/wp-json\/wp\/v2\/product"}],"about":[{"href":"https:\/\/tp-electric.vn\/index.php\/wp-json\/wp\/v2\/types\/product"}],"replies":[{"embeddable":true,"href":"https:\/\/tp-electric.vn\/index.php\/wp-json\/wp\/v2\/comments?post=3495"}],"wp:featuredmedia":[{"embeddable":true,"href":"https:\/\/tp-electric.vn\/index.php\/wp-json\/wp\/v2\/media\/3493"}],"wp:attachment":[{"href":"https:\/\/tp-electric.vn\/index.php\/wp-json\/wp\/v2\/media?parent=3495"}],"wp:term":[{"taxonomy":"product_cat","embeddable":true,"href":"https:\/\/tp-electric.vn\/index.php\/wp-json\/wp\/v2\/product_cat?post=3495"},{"taxonomy":"product_tag","embeddable":true,"href":"https:\/\/tp-electric.vn\/index.php\/wp-json\/wp\/v2\/product_tag?post=3495"}],"curies":[{"name":"wp","href":"https:\/\/api.w.org\/{rel}","templated":true}]}}