{"id":3465,"date":"2023-03-01T11:18:09","date_gmt":"2023-03-01T04:18:09","guid":{"rendered":"https:\/\/tp-electric.vn\/?post_type=product&#038;p=3465"},"modified":"2024-12-12T15:11:37","modified_gmt":"2024-12-12T08:11:37","slug":"day-chi-trung-the","status":"publish","type":"product","link":"https:\/\/tp-electric.vn\/index.php\/san-pham\/day-chi-trung-the\/","title":{"rendered":"D\u00c2Y CH\u00cc TRUNG TH\u1ebe"},"content":{"rendered":"","protected":false},"excerpt":{"rendered":"<p>Ti\u00eau chu\u1ea9n \u00e1p d\u1ee5ng: ANSI C37.42<\/p>\n<p>\u0110i\u1ec7n \u00e1p \u0111\u1ecbnh m\u1ee9c: 24 &#8211; 35kV<\/p>\n<p>D\u00f2ng \u0111i\u1ec7n \u0111\u1ecbnh m\u1ee9c: 1, 2, 3, 6, 8, 10, 12, 15, 20, 25, 30, 40, 50, 65, 80, 100, 120, 140, 200A<\/p>\n<p>Lo\u1ea1i: K<\/p>\n<p>Chi\u1ec1u d\u00e0i to\u00e0n b\u1ed9 23 inch (584mm)<\/p>\n","protected":false},"featured_media":3466,"comment_status":"open","ping_status":"closed","template":"","meta":[],"product_cat":[257],"product_tag":[],"jetpack-related-posts":[{"id":3297,"url":"https:\/\/tp-electric.vn\/index.php\/san-pham\/cau-chi-hop-e90-abb\/","url_meta":{"origin":3465,"position":0},"title":"C\u1ea6U CH\u00cc H\u1ed8P E90 ABB","author":"","date":"25\/02\/2023","format":false,"excerpt":"C\u1ea7u ch\u00ec h\u1ed9p E90 ABB d\u00f2ng s\u1ea3n ph\u1ea9m \u0111\u01b0\u1ee3c d\u00f9ng \u0111\u1ec3 ki\u1ec3m so\u00e1t b\u1ea3o v\u1ec7 m\u1ea1ch \u0111i\u1ec7n trong t\u1ef1 \u0111\u1ed9ng \u0111i\u1ec1u khi\u1ec3n, \u0111\u00f3ng ng\u1eaft m\u1ea1ch, b\u1ea3o v\u1ec7 qu\u00e1 t\u1ea3i v\u1edbi d\u00f2ng \u0111\u1ecbnh m\u1ee9c \u0111\u1ebfn 125A. \u00a0\u01afU \u0110I\u1ec2M: B\u1ea3o v\u1ec7 qu\u00e1 t\u1ea3i, ng\u1eafn m\u1ea1ch tr\u1ecdng m\u1ea1ng \u0111i\u1ec7n h\u1ea1 th\u1ebf S\u1eed d\u1ee5ng\u2026","rel":"","context":"Similar post","block_context":{"text":"Similar post","link":""},"img":{"alt_text":"","src":"https:\/\/i0.wp.com\/tp-electric.vn\/wp-content\/uploads\/2023\/02\/fusse.png?fit=300%2C300&ssl=1&resize=350%2C200","width":350,"height":200},"classes":[]},{"id":3454,"url":"https:\/\/tp-electric.vn\/index.php\/san-pham\/cau-chi-cat-co-tai-lbfco-polymer\/","url_meta":{"origin":3465,"position":1},"title":"C\u1ea6U CH\u00cc C\u1eaeT C\u00d3 T\u1ea2I (LBFCO) &#8211; POLYMER","author":"","date":"01\/03\/2023","format":false,"excerpt":"Ti\u00eau chu\u1ea9n \u00e1p d\u1ee5ng: ANSI C37.42, IEC 60282-2, IEC 61109 \u0110i\u1ec7n \u00e1p \u0111\u1ecbnh m\u1ee9c: 24kV D\u00f2ng \u0111i\u1ec7n \u0111\u1ecbnh m\u1ee9c: 100A & 200A T\u1ea7n s\u1ed1 \u0111\u1ecbnh m\u1ee9c: 50Hz Kh\u1ea3 n\u0103ng c\u1eaft ng\u1eafn m\u1ea1ch: 12kA \u0110\u1ed9 b\u1ec1n \u0111i\u1ec7n \u00e1p xung (BIL): 150kV Chi\u1ec1u d\u00e0i d\u00f2ng r\u00f2: 635mm V\u1eadt li\u1ec7u c\u00e1ch \u0111i\u1ec7n: Polymer\u2026","rel":"","context":"Similar post","block_context":{"text":"Similar post","link":""},"img":{"alt_text":"","src":"https:\/\/i0.wp.com\/tp-electric.vn\/wp-content\/uploads\/2023\/03\/ta1.png?fit=300%2C300&ssl=1&resize=350%2C200","width":350,"height":200},"classes":[]},{"id":3457,"url":"https:\/\/tp-electric.vn\/index.php\/san-pham\/cau-chi-cat-co-tai-lbfco-su\/","url_meta":{"origin":3465,"position":2},"title":"C\u1ea6U CH\u00cc C\u1eaeT C\u00d3 T\u1ea2I (LBFCO &#8211; S\u1ee8)","author":"","date":"01\/03\/2023","format":false,"excerpt":"Ti\u00eau chu\u1ea9n \u00e1p d\u1ee5ng: ANSI C37.42, IEC 60282-2, IEC 62217, IEC 61109 \u0110i\u1ec7n \u00e1p \u0111\u1ecbnh m\u1ee9c: 24kV D\u00f2ng \u0111i\u1ec7n \u0111\u1ecbnh m\u1ee9c: 100A & 200A T\u1ea7n s\u1ed1 \u0111\u1ecbnh m\u1ee9c: 50Hz Kh\u1ea3 n\u0103ng c\u1eaft ng\u1eafn m\u1ea1ch: 12kA \u0110\u1ed9 b\u1ec1n \u0111i\u1ec7n \u00e1p xung (BIL): 125kV, 150kV Chi\u1ec1u d\u00e0i d\u00f2ng r\u00f2: 340mm, 440mm V\u1eadt\u2026","rel":"","context":"Similar post","block_context":{"text":"Similar post","link":""},"img":{"alt_text":"","src":"https:\/\/i0.wp.com\/tp-electric.vn\/wp-content\/uploads\/2023\/03\/ta2.png?fit=300%2C300&ssl=1&resize=350%2C200","width":350,"height":200},"classes":[]},{"id":2757,"url":"https:\/\/tp-electric.vn\/index.php\/san-pham\/khoi-dong-tu-scg-2\/","url_meta":{"origin":3465,"position":3},"title":"KH\u1edeI \u0110\u1ed8NG T\u1eea SCG 65A","author":"","date":"07\/02\/2023","format":false,"excerpt":"- Th\u00f4ng s\u1ed1 k\u1ef9 thu\u1eadt: + S\u1ed1 c\u1ef1c: 3 c\u1ef1c + C\u00f4ng su\u1ea5t \u0111\u1ecbnh m\u1ee9c: 18.5kW + D\u00f2ng \u0111i\u1ec7n \u0111\u1ecbnh m\u1ee9c: 65A + \u0110i\u1ec7n \u00e1p cu\u1ed9n d\u00e2y: 230V + Ti\u1ebfp \u0111i\u1ec3m ph\u1ee5: 1NO + 1NC + Kh\u1edfi \u0111\u1ed9ng t\u1eeb d\u00f9ng cho d\u00f2ng \u0111i\u1ec7n AC.","rel":"","context":"Similar post","block_context":{"text":"Similar post","link":""},"img":{"alt_text":"","src":"https:\/\/i0.wp.com\/tp-electric.vn\/wp-content\/uploads\/2023\/02\/contactor-65.png?fit=300%2C300&ssl=1&resize=350%2C200","width":350,"height":200},"classes":[]},{"id":3459,"url":"https:\/\/tp-electric.vn\/index.php\/san-pham\/fco-polymer-cau-chi-tu-roi\/","url_meta":{"origin":3465,"position":4},"title":"FCO POLYMER C\u1ea6U CH\u00cc T\u1ef0 R\u01a0I","author":"","date":"01\/03\/2023","format":false,"excerpt":"Ti\u00eau chu\u1ea9n \u00e1p d\u1ee5ng: ANSI C37.42, IEC 60282-2, IEC 62217, IEC 61109 \u0110i\u1ec7n \u00e1p \u0111\u1ecbnh m\u1ee9c: 24kV & 35kV D\u00f2ng \u0111i\u1ec7n \u0111\u1ecbnh m\u1ee9c: 100A & 200A T\u1ea7n s\u1ed1 \u0111\u1ecbnh m\u1ee9c: 50Hz Kh\u1ea3 n\u0103ng c\u1eaft ng\u1eafn m\u1ea1ch: 12kA \u0110\u1ed9 b\u1ec1n \u0111i\u1ec7n \u00e1p xung (BIL): + Lo\u1ea1i 24kV: 150kV + Lo\u1ea1i 35kV:\u2026","rel":"","context":"Similar post","block_context":{"text":"Similar post","link":""},"img":{"alt_text":"","src":"https:\/\/i0.wp.com\/tp-electric.vn\/wp-content\/uploads\/2023\/03\/ta3.png?fit=300%2C300&ssl=1&resize=350%2C200","width":350,"height":200},"classes":[]},{"id":3461,"url":"https:\/\/tp-electric.vn\/index.php\/san-pham\/fco-cau-chi-tu-roi\/","url_meta":{"origin":3465,"position":5},"title":"FCO &#8211; C\u1ea6U CH\u00cc T\u1ef0 R\u01a0I","author":"","date":"01\/03\/2023","format":false,"excerpt":"Ti\u00eau chu\u1ea9n \u00e1p d\u1ee5ng: ANSI C37.42, IEC 60282-2, IEC 62217, IEC 61109 \u0110i\u1ec7n \u00e1p \u0111\u1ecbnh m\u1ee9c: 24kV & 35kV D\u00f2ng \u0111i\u1ec7n \u0111\u1ecbnh m\u1ee9c: 100A & 200A T\u1ea7n s\u1ed1 \u0111\u1ecbnh m\u1ee9c: 50Hz Kh\u1ea3 n\u0103ng c\u1eaft ng\u1eafn m\u1ea1ch: 12kA \u0110\u1ed9 b\u1ec1n \u0111i\u1ec7n \u00e1p xung (BIL): + Lo\u1ea1i 24kV: 125kV; 150kV + Lo\u1ea1i\u2026","rel":"","context":"Similar post","block_context":{"text":"Similar post","link":""},"img":{"alt_text":"","src":"https:\/\/i0.wp.com\/tp-electric.vn\/wp-content\/uploads\/2023\/03\/ta4.png?fit=300%2C300&ssl=1&resize=350%2C200","width":350,"height":200},"classes":[]}],"_links":{"self":[{"href":"https:\/\/tp-electric.vn\/index.php\/wp-json\/wp\/v2\/product\/3465"}],"collection":[{"href":"https:\/\/tp-electric.vn\/index.php\/wp-json\/wp\/v2\/product"}],"about":[{"href":"https:\/\/tp-electric.vn\/index.php\/wp-json\/wp\/v2\/types\/product"}],"replies":[{"embeddable":true,"href":"https:\/\/tp-electric.vn\/index.php\/wp-json\/wp\/v2\/comments?post=3465"}],"wp:featuredmedia":[{"embeddable":true,"href":"https:\/\/tp-electric.vn\/index.php\/wp-json\/wp\/v2\/media\/3466"}],"wp:attachment":[{"href":"https:\/\/tp-electric.vn\/index.php\/wp-json\/wp\/v2\/media?parent=3465"}],"wp:term":[{"taxonomy":"product_cat","embeddable":true,"href":"https:\/\/tp-electric.vn\/index.php\/wp-json\/wp\/v2\/product_cat?post=3465"},{"taxonomy":"product_tag","embeddable":true,"href":"https:\/\/tp-electric.vn\/index.php\/wp-json\/wp\/v2\/product_tag?post=3465"}],"curies":[{"name":"wp","href":"https:\/\/api.w.org\/{rel}","templated":true}]}}