{"id":3461,"date":"2023-03-01T11:14:35","date_gmt":"2023-03-01T04:14:35","guid":{"rendered":"https:\/\/tp-electric.vn\/?post_type=product&#038;p=3461"},"modified":"2024-12-12T15:11:37","modified_gmt":"2024-12-12T08:11:37","slug":"fco-cau-chi-tu-roi","status":"publish","type":"product","link":"https:\/\/tp-electric.vn\/index.php\/san-pham\/fco-cau-chi-tu-roi\/","title":{"rendered":"FCO &#8211; C\u1ea6U CH\u00cc T\u1ef0 R\u01a0I"},"content":{"rendered":"<p style=\"font-weight: 400;\">Ti\u00eau chu\u1ea9n \u00e1p d\u1ee5ng: ANSI C37.42, IEC 60282-2, IEC 62217, IEC 61109<\/p>\n<p style=\"font-weight: 400;\">\u0110i\u1ec7n \u00e1p \u0111\u1ecbnh m\u1ee9c: 24kV &amp; 35kV<\/p>\n<p style=\"font-weight: 400;\">D\u00f2ng \u0111i\u1ec7n \u0111\u1ecbnh m\u1ee9c: 100A &amp; 200A<\/p>\n<p style=\"font-weight: 400;\">T\u1ea7n s\u1ed1 \u0111\u1ecbnh m\u1ee9c: 50Hz<\/p>\n<p style=\"font-weight: 400;\">Kh\u1ea3 n\u0103ng c\u1eaft ng\u1eafn m\u1ea1ch: 12kA<\/p>\n<p style=\"font-weight: 400;\">\u0110\u1ed9 b\u1ec1n \u0111i\u1ec7n \u00e1p xung (BIL):<\/p>\n<p style=\"font-weight: 400;\">+ Lo\u1ea1i 24kV: 125kV; 150kV<\/p>\n<p style=\"font-weight: 400;\">+ Lo\u1ea1i 35kV: 170kV<\/p>\n<p style=\"font-weight: 400;\">Chi\u1ec1u d\u00e0i d\u00f2ng r\u00f2:<\/p>\n<p style=\"font-weight: 400;\">+ Lo\u1ea1i 24kV: 340mm, 440mm<\/p>\n<p style=\"font-weight: 400;\">+ Lo\u1ea1i 35kV: 720mm<\/p>\n<p style=\"font-weight: 400;\">V\u1eadt li\u1ec7u c\u00e1ch \u0111i\u1ec7n: S\u1ee9<\/p>\n<p>H\u00e3ng sx: Tu\u1ea5n \u00c2n<\/p>\n","protected":false},"excerpt":{"rendered":"<p>Ti\u00eau chu\u1ea9n \u00e1p d\u1ee5ng: ANSI C37.42, IEC 60282-2, IEC 62217, IEC 61109 \u0110i\u1ec7n \u00e1p \u0111\u1ecbnh m\u1ee9c: 24kV &amp; 35kV D\u00f2ng \u0111i\u1ec7n \u0111\u1ecbnh m\u1ee9c: 100A &amp; 200A T\u1ea7n s\u1ed1 \u0111\u1ecbnh m\u1ee9c: 50Hz Kh\u1ea3 n\u0103ng c\u1eaft ng\u1eafn m\u1ea1ch: 12kA \u0110\u1ed9 b\u1ec1n \u0111i\u1ec7n \u00e1p xung (BIL): + Lo\u1ea1i 24kV: 125kV; 150kV + Lo\u1ea1i 35kV: 170kV Chi\u1ec1u d\u00e0i d\u00f2ng&#8230;<\/p>\n","protected":false},"featured_media":3462,"comment_status":"open","ping_status":"closed","template":"","meta":[],"product_cat":[257],"product_tag":[],"jetpack-related-posts":[{"id":3459,"url":"https:\/\/tp-electric.vn\/index.php\/san-pham\/fco-polymer-cau-chi-tu-roi\/","url_meta":{"origin":3461,"position":0},"title":"FCO POLYMER C\u1ea6U CH\u00cc T\u1ef0 R\u01a0I","author":"","date":"01\/03\/2023","format":false,"excerpt":"Ti\u00eau chu\u1ea9n \u00e1p d\u1ee5ng: ANSI C37.42, IEC 60282-2, IEC 62217, IEC 61109 \u0110i\u1ec7n \u00e1p \u0111\u1ecbnh m\u1ee9c: 24kV & 35kV D\u00f2ng \u0111i\u1ec7n \u0111\u1ecbnh m\u1ee9c: 100A & 200A T\u1ea7n s\u1ed1 \u0111\u1ecbnh m\u1ee9c: 50Hz Kh\u1ea3 n\u0103ng c\u1eaft ng\u1eafn m\u1ea1ch: 12kA \u0110\u1ed9 b\u1ec1n \u0111i\u1ec7n \u00e1p xung (BIL): + Lo\u1ea1i 24kV: 150kV + Lo\u1ea1i 35kV:\u2026","rel":"","context":"Similar post","block_context":{"text":"Similar post","link":""},"img":{"alt_text":"","src":"https:\/\/i0.wp.com\/tp-electric.vn\/wp-content\/uploads\/2023\/03\/ta3.png?fit=300%2C300&ssl=1&resize=350%2C200","width":350,"height":200},"classes":[]},{"id":3297,"url":"https:\/\/tp-electric.vn\/index.php\/san-pham\/cau-chi-hop-e90-abb\/","url_meta":{"origin":3461,"position":1},"title":"C\u1ea6U CH\u00cc H\u1ed8P E90 ABB","author":"","date":"25\/02\/2023","format":false,"excerpt":"C\u1ea7u ch\u00ec h\u1ed9p E90 ABB d\u00f2ng s\u1ea3n ph\u1ea9m \u0111\u01b0\u1ee3c d\u00f9ng \u0111\u1ec3 ki\u1ec3m so\u00e1t b\u1ea3o v\u1ec7 m\u1ea1ch \u0111i\u1ec7n trong t\u1ef1 \u0111\u1ed9ng \u0111i\u1ec1u khi\u1ec3n, \u0111\u00f3ng ng\u1eaft m\u1ea1ch, b\u1ea3o v\u1ec7 qu\u00e1 t\u1ea3i v\u1edbi d\u00f2ng \u0111\u1ecbnh m\u1ee9c \u0111\u1ebfn 125A. \u00a0\u01afU \u0110I\u1ec2M: B\u1ea3o v\u1ec7 qu\u00e1 t\u1ea3i, ng\u1eafn m\u1ea1ch tr\u1ecdng m\u1ea1ng \u0111i\u1ec7n h\u1ea1 th\u1ebf S\u1eed d\u1ee5ng\u2026","rel":"","context":"Similar post","block_context":{"text":"Similar post","link":""},"img":{"alt_text":"","src":"https:\/\/i0.wp.com\/tp-electric.vn\/wp-content\/uploads\/2023\/02\/fusse.png?fit=300%2C300&ssl=1&resize=350%2C200","width":350,"height":200},"classes":[]},{"id":3463,"url":"https:\/\/tp-electric.vn\/index.php\/san-pham\/la-chong-set\/","url_meta":{"origin":3461,"position":2},"title":"LA CH\u1ed0NG S\u00c9T","author":"","date":"01\/03\/2023","format":false,"excerpt":"Ti\u00eau chu\u1ea9n \u00e1p d\u1ee5ng: IEC 60099-4 Lo\u1ea1i: Kh\u00f4ng c\u00f3 khe h\u1edf, g\u1ed3m c\u00e1c \u0111\u0129a \u0111i\u1ec7n tr\u1edf oxit kim lo\u1ea1i x\u1ebfp ch\u1ed3ng v\u00e0 li\u00ean k\u1ebft \u0111\u1ebfn 2 \u0111i\u1ec7n c\u1ef1c. C\u1ea5p ch\u1ed1ng s\u00e9t: C\u1ea5p 1 \u0110i\u1ec7n \u00e1p \u0111\u1ecbnh m\u1ee9c (Ur): 12kV \u0111\u1ebfn 48kV D\u00f2ng \u0111i\u1ec7n x\u1ea3 \u0111\u1ecbnh m\u1ee9c: 10kA T\u1ea7n s\u1ed1 \u0111\u1ecbnh\u2026","rel":"","context":"Similar post","block_context":{"text":"Similar post","link":""},"img":{"alt_text":"","src":"https:\/\/i0.wp.com\/tp-electric.vn\/wp-content\/uploads\/2023\/03\/ta5.png?fit=300%2C300&ssl=1&resize=350%2C200","width":350,"height":200},"classes":[]},{"id":3355,"url":"https:\/\/tp-electric.vn\/index.php\/san-pham\/ats-abb-ot100f3c-100a-3p\/","url_meta":{"origin":3461,"position":3},"title":"ATS ABB OT100F3C 100A 3P","author":"","date":"28\/02\/2023","format":false,"excerpt":"Chuy\u1ec3n \u0111\u1ed5i b\u1eb1ng tay, \u0111i\u1ec7n \u00e1p t\u1edbi 415V, tay v\u1eb7n v\u00e0 tr\u1ee5c \u0111\u1eb7t ri\u00eang D\u00f2ng \u0111\u1ecbnh m\u1ee9c I(A): 100 D\u00f2ng \u0111\u1ecbnh m\u1ee9c P(Kw): 37 Lo\u1ea1i: 3P SKU: OT100F3C \u2013 Chuy\u1ec3n \u0111\u1ed5i ngu\u1ed3n \u0111i\u1ec7n lo\u1ea1i 3P b\u1eb1ng tay v\u00e0 t\u1ef1 \u0111\u1ed9ng v\u1edbi d\u00f2ng \u0111\u1ecbnh m\u1ee9c t\u1eeb 16A\u20262500A \u2013 Hi\u1ec3n th\u1ecb 3\u2026","rel":"","context":"Similar post","block_context":{"text":"Similar post","link":""},"img":{"alt_text":"","src":"https:\/\/i0.wp.com\/tp-electric.vn\/wp-content\/uploads\/2023\/02\/Bo-chuyen-doi-nguon-dien-ABB-OT63-125F3C.jpg?fit=450%2C450&ssl=1&resize=350%2C200","width":350,"height":200},"classes":[]},{"id":3293,"url":"https:\/\/tp-electric.vn\/index.php\/san-pham\/aptomat-rccb-fh200-abb\/","url_meta":{"origin":3461,"position":4},"title":"APTOMAT RCCB FH200 ABB","author":"","date":"25\/02\/2023","format":false,"excerpt":"Aptomat RCCB FH200 ABB d\u00f2ng s\u1ea3n ph\u1ea9m RCCB cao c\u1ea5p c\u00f3 ch\u1ee9c n\u0103ng b\u1ea3o v\u1ec7 ng\u01b0\u1eddi v\u00e0 thi\u1ebft b\u1ecb ch\u1ed1ng r\u00f2 r\u1ec9 \u0111i\u1ec7n \u0111\u1ea1t ti\u00eau chu\u1ea9n IEC61008. \u00a0\u01afU \u0110I\u1ec2M: B\u1ea3o v\u1ec7 con ng\u01b0\u1eddi, thi\u1ebft b\u1ecb v\u1edbi ch\u1ee9c n\u0103ng ch\u1ed1ng r\u00f2 L\u1eafp \u0111\u1eb7t cho h\u1ec7 th\u1ed1ng m\u1ea1ng \u0111i\u1ec7n c\u00f3 d\u00f2ng \u0111\u1ecbnh\u2026","rel":"","context":"Similar post","block_context":{"text":"Similar post","link":""},"img":{"alt_text":"","src":"https:\/\/i0.wp.com\/tp-electric.vn\/wp-content\/uploads\/2023\/02\/rccb.png?fit=300%2C300&ssl=1&resize=350%2C200","width":350,"height":200},"classes":[]},{"id":3282,"url":"https:\/\/tp-electric.vn\/index.php\/san-pham\/may-cat-khong-khi-acb-emax2-abb\/","url_meta":{"origin":3461,"position":5},"title":"M\u00c1Y C\u1eaeT KH\u00d4NG KH\u00cd ACB EMAX2 ABB","author":"","date":"25\/02\/2023","format":false,"excerpt":"M\u00e1y c\u1eaft kh\u00f4ng kh\u00ed ACB Emax2 ABB d\u00f2ng s\u1ea3n ph\u1ea9m \u0111\u00f3ng c\u1eaft, b\u1ea3o v\u1ec7 qu\u00e1 t\u1ea3i, ch\u1ec9nh d\u00f2ng qu\u00e1 t\u1ea3i cho h\u1ec7 th\u1ed1ng m\u1ea1ng \u0111i\u1ec7n ph\u00e2n ph\u1ed1i, hi\u1ec7u su\u1ea5t l\u00e0m vi\u1ec7c \u0111\u00e1ng tin c\u1eady. \u00a0\u01afU \u0110I\u1ec2M: D\u00f2ng s\u1ea3n ph\u1ea9m \u0111\u00e1p \u1ee9ng ti\u00eau chu\u1ea9n IEC 60947-2 \u0110\u00e3 \u0111\u01b0\u1ee3c nhi\u1ec7t \u0111\u1edbi ho\u00e1,\u2026","rel":"","context":"Similar post","block_context":{"text":"Similar post","link":""},"img":{"alt_text":"","src":"https:\/\/i0.wp.com\/tp-electric.vn\/wp-content\/uploads\/2023\/02\/acb.png?fit=300%2C300&ssl=1&resize=350%2C200","width":350,"height":200},"classes":[]}],"_links":{"self":[{"href":"https:\/\/tp-electric.vn\/index.php\/wp-json\/wp\/v2\/product\/3461"}],"collection":[{"href":"https:\/\/tp-electric.vn\/index.php\/wp-json\/wp\/v2\/product"}],"about":[{"href":"https:\/\/tp-electric.vn\/index.php\/wp-json\/wp\/v2\/types\/product"}],"replies":[{"embeddable":true,"href":"https:\/\/tp-electric.vn\/index.php\/wp-json\/wp\/v2\/comments?post=3461"}],"wp:featuredmedia":[{"embeddable":true,"href":"https:\/\/tp-electric.vn\/index.php\/wp-json\/wp\/v2\/media\/3462"}],"wp:attachment":[{"href":"https:\/\/tp-electric.vn\/index.php\/wp-json\/wp\/v2\/media?parent=3461"}],"wp:term":[{"taxonomy":"product_cat","embeddable":true,"href":"https:\/\/tp-electric.vn\/index.php\/wp-json\/wp\/v2\/product_cat?post=3461"},{"taxonomy":"product_tag","embeddable":true,"href":"https:\/\/tp-electric.vn\/index.php\/wp-json\/wp\/v2\/product_tag?post=3461"}],"curies":[{"name":"wp","href":"https:\/\/api.w.org\/{rel}","templated":true}]}}