{"id":3451,"date":"2023-03-01T10:38:22","date_gmt":"2023-03-01T03:38:22","guid":{"rendered":"https:\/\/tp-electric.vn\/?post_type=product&#038;p=3451"},"modified":"2024-12-12T15:11:36","modified_gmt":"2024-12-12T08:11:36","slug":"cxv-dsta-fr-06-1kv-cxv-data-fr-06-1kv-cap-chong-chay-ruot-dong-giap-mica-cach-dien-xlpe-giap-bang-kim-loai-vo-pvc-fr","status":"publish","type":"product","link":"https:\/\/tp-electric.vn\/index.php\/san-pham\/cxv-dsta-fr-06-1kv-cxv-data-fr-06-1kv-cap-chong-chay-ruot-dong-giap-mica-cach-dien-xlpe-giap-bang-kim-loai-vo-pvc-fr\/","title":{"rendered":"C\u00e1p ch\u1ed1ng ch\u00e1y Cadivi CXV\/DATA(DSTA)\/FR &#8211; 0,6\/1 kV"},"content":{"rendered":"<p><strong>T\u1ed5ng quan s\u1ea3n ph\u1ea9m:<\/strong><\/p>\n<ul class=\"list-item-added\">\n<li>C\u00e1p ch\u1ed1ng ch\u00e1y, ru\u1ed9t \u0111\u1ed3ng (C\u1ea5p 2), c\u00e1ch \u0111i\u1ec7n XLPE, gi\u00e1p b\u0103ng kim lo\u1ea1i (DATA or DSTA), v\u1ecf b\u1ea3o v\u1ec7 FR-PVC.<\/li>\n<li>Truy\u1ec1n t\u1ea3i trong h\u1ec7 th\u1ed1ng c\u1ed1 \u0111\u1ecbnh l\u1eafp \u0111\u1eb7t ng\u1ea7m \u0111\u01b0\u1ee3c thi\u1ebft k\u1ebf \u0111\u1ec3 duy tr\u00ec ngu\u1ed3n \u0111i\u1ec7n cho c\u00e1c thi\u1ebft b\u1ecb, h\u1ea1n ch\u1ebf s\u1ef1 lan truy\u1ec1n c\u1ee7a ng\u1ecdn l\u1eeda khi b\u1ecb \u1ea3nh h\u01b0\u1edfng b\u1edfi h\u1ecfa ho\u1ea1n.<\/li>\n<li>C\u00e1p ch\u1ed1ng ch\u00e1y CXV\/DATA or DSTA\/FR s\u1eed d\u1ee5ng ph\u00f9 h\u1ee3p trong c\u00e1c c\u00f4ng tr\u00ecnh c\u00f4ng c\u1ed9ng, h\u1ec7 th\u1ed1ng \u0111i\u1ec7n d\u1ef1 ph\u00f2ng, h\u1ec7 th\u1ed1ng kh\u1ea9n c\u1ea5p, h\u1ec7 th\u1ed1ng b\u00e1o ch\u00e1y, h\u1ec7 th\u1ed1ng phun n\u01b0\u1edbc ch\u1eefa ch\u00e1y, h\u1ec7 th\u1ed1ng b\u00e1o kh\u00f3i v\u00e0 h\u00fat kh\u00f3i, h\u1ec7 th\u1ed1ng \u0111\u00e8n tho\u00e1t hi\u1ec3m\u2026<\/li>\n<\/ul>\n<p><strong>Ti\u00eau chu\u1ea9n \u00e1p d\u1ee5ng:<\/strong><\/p>\n<ul>\n<li>TCVN 5935 \u2013 1 (IEC 60502 -1)<\/li>\n<li>EC 60332 \u2013 1, 3; IEC 60331 \u2013 21<\/li>\n<li>BS 4066 \u2013 1, 3; BS 6387<\/li>\n<li>C\u1ea4P \u0110I\u1ec6N \u00c1P Uo\/U: 0.6\/1kV<\/li>\n<\/ul>\n<p><strong>Nh\u1eadn bi\u1ebft d\u00e2y:\u00a0<\/strong><\/p>\n<ul class=\"list-item-added\">\n<li>CXV\/DSTA ho\u1eb7c DATA\/FR<\/li>\n<li>Cu\/Mica\/XLPE\/PVC\/DSTA ho\u1eb7c DATA\/FR \u2013 PVC<\/li>\n<li>V\u1ecf b\u1ecdc: M\u00e0u cam ho\u1eb7c theo y\u00eau c\u1ea7uC\u1ea5u tr\u00fac c\u00e1p<\/li>\n<\/ul>\n<p><strong>C\u1ea5u tr\u00fac c\u00e1p<\/strong><\/p>\n<p><a href=\"https:\/\/daphaco.com\/wp-content\/uploads\/2022\/12\/CAU-TAO-CXV-DSTA-FR-2048x476-1.jpg\" data-fancybox=\"\"><br \/>\n<img decoding=\"async\" loading=\"lazy\" src=\"https:\/\/i0.wp.com\/daphaco.com\/wp-content\/uploads\/2022\/12\/CAU-TAO-CXV-DSTA-FR-2048x476-1.jpg?resize=1020%2C281&#038;ssl=1\" alt=\"\" width=\"1020\" height=\"281\" data-recalc-dims=\"1\" \/><\/a><\/p>\n<p><strong>\u0110\u1eb7c t\u00ednh k\u1ef9 thu\u1eadt<\/strong><\/p>\n<ul class=\"list-item-added\">\n<li>Nhi\u1ec7t \u0111\u1ed9 ru\u1ed9t d\u1eabn l\u1edbn nh\u1ea5t trong s\u1eed d\u1ee5ng b\u00ecnh th\u01b0\u1eddng 90\u00b0C<\/li>\n<li>Nhi\u1ec7t \u0111\u1ed9 ru\u1ed9t d\u1eabn l\u1edbn nh\u1ea5t khi ng\u1eafn m\u1ea1ch th\u1eddi gian t\u1ed1i \u0111a 5s l\u00e0 250\u00b0C<\/li>\n<li>C\u00e1p ch\u1ecbu \u0111\u01b0\u1ee3c ch\u00e1y \u1edf 950\u00b0C trong 3h<\/li>\n<li>C\u00e1p c\u00f3 \u0111\u1eb7c t\u00ednh truy\u1ec1n l\u1eeda ch\u1eadm, kh\u00f3 b\u1eaft ch\u00e1y<\/li>\n<li>B\u00e1n k\u00ednh u\u1ed1n cong nh\u1ecf nh\u1ea5t: 12xD (D: \u0110\u01b0\u1eddng k\u00ednh ngo\u00e0i c\u1ee7a c\u00e1p)<\/li>\n<\/ul>\n<div>\n<div class=\"html-div xdj266r x11i5rnm xat24cr x1mh8g0r xexx8yu x4uap5 x18d9i69 xkhd6sd\">\n<div class=\"html-div xdj266r x11i5rnm xat24cr x1mh8g0r xexx8yu x4uap5 x18d9i69 xkhd6sd\">\n<div class=\"html-div xdj266r x11i5rnm xat24cr x1mh8g0r xexx8yu x4uap5 x18d9i69 xkhd6sd\">\n<div class=\"html-div xdj266r x11i5rnm xat24cr x1mh8g0r xexx8yu x4uap5 x18d9i69 xkhd6sd\" dir=\"auto\">\n<div id=\":rec6:\" class=\"x1iorvi4 x1pi30zi x1l90r2v x1swvt13\" data-ad-comet-preview=\"message\" data-ad-preview=\"message\">\n<div class=\"x78zum5 xdt5ytf xz62fqu x16ldp7u\">\n<div class=\"xu06os2 x1ok221b\">\n<div class=\"x11i5rnm xat24cr x1mh8g0r x1vvkbs xtlvy1s x126k92a\">\n<div dir=\"auto\"><span class=\"html-span xexx8yu x4uap5 x18d9i69 xkhd6sd x1hl2dhg x16tdsg8 x1vvkbs x3nfvp2 x1j61x8r x1fcty0u xdj266r xat24cr xgzva0m xhhsvwb xxymvpz xlup9mm x1kky2od\"><img decoding=\"async\" loading=\"lazy\" class=\"xz74otr\" src=\"https:\/\/static.xx.fbcdn.net\/images\/emoji.php\/v9\/td8\/1\/16\/1f4f2.png\" alt=\"\ud83d\udcf2\" width=\"16\" height=\"16\" \/><\/span> Li\u00ean h\u1ec7 0869 564 567 ngay \u0111\u1ec3 \u0111\u1eb7t h\u00e0ng!<\/div>\n<\/div>\n<div class=\"x11i5rnm xat24cr x1mh8g0r x1vvkbs xtlvy1s x126k92a\">\n<div dir=\"auto\">&#8212;&#8212;&#8212;&#8212;&#8212;&#8212;&#8212;&#8212;&#8212;&#8212;&#8212;&#8211;<\/div>\n<div dir=\"auto\">CH\u1eccN THU\u1eacN PHONG &#8211; CH\u1eccN S\u1ef0 AN T\u00c2M<\/div>\n<div dir=\"auto\"><span class=\"html-span xexx8yu x4uap5 x18d9i69 xkhd6sd x1hl2dhg x16tdsg8 x1vvkbs x3nfvp2 x1j61x8r x1fcty0u xdj266r xat24cr xgzva0m xhhsvwb xxymvpz xlup9mm x1kky2od\"><img decoding=\"async\" loading=\"lazy\" class=\"xz74otr\" src=\"https:\/\/static.xx.fbcdn.net\/images\/emoji.php\/v9\/t4c\/1\/16\/25aa.png\" alt=\"\u25aa\" width=\"16\" height=\"16\" \/><\/span> Hotline: 0869.564.567<\/div>\n<div dir=\"auto\"><span class=\"html-span xexx8yu x4uap5 x18d9i69 xkhd6sd x1hl2dhg x16tdsg8 x1vvkbs x3nfvp2 x1j61x8r x1fcty0u xdj266r xat24cr xgzva0m xhhsvwb xxymvpz xlup9mm x1kky2od\"><img decoding=\"async\" loading=\"lazy\" class=\"xz74otr\" src=\"https:\/\/static.xx.fbcdn.net\/images\/emoji.php\/v9\/t4c\/1\/16\/25aa.png\" alt=\"\u25aa\" width=\"16\" height=\"16\" \/><\/span> K\u1ef9 thu\u1eadt: Mr D\u0169ng 0899768777<\/div>\n<div dir=\"auto\"><span class=\"html-span xexx8yu x4uap5 x18d9i69 xkhd6sd x1hl2dhg x16tdsg8 x1vvkbs x3nfvp2 x1j61x8r x1fcty0u xdj266r xat24cr xgzva0m xhhsvwb xxymvpz xlup9mm x1kky2od\"><img decoding=\"async\" loading=\"lazy\" class=\"xz74otr\" src=\"https:\/\/static.xx.fbcdn.net\/images\/emoji.php\/v9\/t4c\/1\/16\/25aa.png\" alt=\"\u25aa\" width=\"16\" height=\"16\" \/><\/span> Tr\u1ee5 s\u1edf ch\u00ednh: 30 Nguy\u1ec5n H\u1eefu D\u1eadt, ph\u01b0\u1eddng Nam L\u00fd, th\u00e0nh ph\u1ed1 \u0110\u1ed3ng H\u1edbi, t\u1ec9nh Qu\u1ea3ng B\u00ecnh,Vi\u1ec7t Nam<\/div>\n<div dir=\"auto\"><span class=\"html-span xexx8yu x4uap5 x18d9i69 xkhd6sd x1hl2dhg x16tdsg8 x1vvkbs x3nfvp2 x1j61x8r x1fcty0u xdj266r xat24cr xgzva0m xhhsvwb xxymvpz xlup9mm x1kky2od\"><img decoding=\"async\" loading=\"lazy\" class=\"xz74otr\" src=\"https:\/\/static.xx.fbcdn.net\/images\/emoji.php\/v9\/t4c\/1\/16\/25aa.png\" alt=\"\u25aa\" width=\"16\" height=\"16\" \/><\/span> Tr\u1ee5 s\u1edf H\u00e0 N\u1ed9i: Nh\u00e0 ph\u1ed1 th\u01b0\u01a1ng m\u1ea1i Khai S\u01a1n Town s\u1ed118 thu\u1ed9c Town 7, khu \u0111\u00f4 th\u1ecb Khai S\u01a1n City, Ph\u01b0\u1eddng Th\u01b0\u1ee3ng Thanh, Qu\u1eadn Long Bi\u00ean, TP H\u00e0 N\u1ed9i<\/div>\n<div dir=\"auto\"><span class=\"html-span xexx8yu x4uap5 x18d9i69 xkhd6sd x1hl2dhg x16tdsg8 x1vvkbs x3nfvp2 x1j61x8r x1fcty0u xdj266r xat24cr xgzva0m xhhsvwb xxymvpz xlup9mm x1kky2od\"><img decoding=\"async\" loading=\"lazy\" class=\"xz74otr\" src=\"https:\/\/static.xx.fbcdn.net\/images\/emoji.php\/v9\/t4c\/1\/16\/25aa.png\" alt=\"\u25aa\" width=\"16\" height=\"16\" \/><\/span> Email: solarquangbinh@gmail.com<\/div>\n<div dir=\"auto\"><span class=\"html-span xexx8yu x4uap5 x18d9i69 xkhd6sd x1hl2dhg x16tdsg8 x1vvkbs x3nfvp2 x1j61x8r x1fcty0u xdj266r xat24cr xgzva0m xhhsvwb xxymvpz xlup9mm x1kky2od\"><img decoding=\"async\" loading=\"lazy\" class=\"xz74otr\" src=\"https:\/\/static.xx.fbcdn.net\/images\/emoji.php\/v9\/t4c\/1\/16\/25aa.png\" alt=\"\u25aa\" width=\"16\" height=\"16\" \/><\/span> Website: <span class=\"html-span xdj266r x11i5rnm xat24cr x1mh8g0r xexx8yu x4uap5 x18d9i69 xkhd6sd x1hl2dhg x16tdsg8 x1vvkbs\"><a class=\"x1i10hfl xjbqb8w x1ejq31n xd10rxx x1sy0etr x17r0tee x972fbf xcfux6l x1qhh985 xm0m39n x9f619 x1ypdohk xt0psk2 xe8uvvx xdj266r x11i5rnm xat24cr x1mh8g0r xexx8yu x4uap5 x18d9i69 xkhd6sd x16tdsg8 x1hl2dhg xggy1nq x1a2a7pz x1sur9pj xkrqix3 x1fey0fg\" tabindex=\"0\" role=\"link\" href=\"https:\/\/l.facebook.com\/l.php?u=https%3A%2F%2Ftpenergy.com.vn%2F%3Ffbclid%3DIwZXh0bgNhZW0CMTAAAR0gnmOCRX2YUdSJeLp7pH4PeTRvYYZDXPlCO8DYisEMg86aHFs-W_kSCZc_aem_kc8Rs3FXBRl9IzIgmslwew&amp;h=AT2rb_5nvUG_uZC-w-XbT8JjZ1JSxpwuc_-1I5sDkqgkIaEN19XKsR-Rg1RThHnXLpbz4FcrH5T1sCGyliTK_gVaOy66W-9KEzKVfD6CLFe7hahaMNYEpbFniur6RQUSDXTa&amp;__tn__=-UK-R-R&amp;c[0]=AT03u4_JsRB3S-Qo8n7APDYOtdC6QFAMTJACCkXlBixWqT4IjFFvkz7LVycyI98Wo8FBsUw71haxP8PrsCkFVuxSe86N5jf2h_8rfl77ZQt5omdw2XcwzPjUwrWWqXfS2qfXtoyVuxYlJ_ivanzHZdO3tD6OoL_E39nxCBFaaxy7E8BXu27GT4Yy5WdVZvXA1dNRYlTeBmLzRDk-3DazTYMpd8nE5huL_mO_Xg\" target=\"_blank\" rel=\"nofollow noopener noreferrer\">https:\/\/tpenergy.com.vn\/<\/a><\/span><\/div>\n<div dir=\"auto\"><span class=\"html-span xexx8yu x4uap5 x18d9i69 xkhd6sd x1hl2dhg x16tdsg8 x1vvkbs x3nfvp2 x1j61x8r x1fcty0u xdj266r xat24cr xgzva0m xhhsvwb xxymvpz xlup9mm x1kky2od\"><img decoding=\"async\" loading=\"lazy\" class=\"xz74otr\" src=\"https:\/\/static.xx.fbcdn.net\/images\/emoji.php\/v9\/t4c\/1\/16\/25aa.png\" alt=\"\u25aa\" width=\"16\" height=\"16\" \/><\/span> Shopee: <span class=\"html-span xdj266r x11i5rnm xat24cr x1mh8g0r xexx8yu x4uap5 x18d9i69 xkhd6sd x1hl2dhg x16tdsg8 x1vvkbs\"><a class=\"x1i10hfl xjbqb8w x1ejq31n xd10rxx x1sy0etr x17r0tee x972fbf xcfux6l x1qhh985 xm0m39n x9f619 x1ypdohk xt0psk2 xe8uvvx xdj266r x11i5rnm xat24cr x1mh8g0r xexx8yu x4uap5 x18d9i69 xkhd6sd x16tdsg8 x1hl2dhg xggy1nq x1a2a7pz x1sur9pj xkrqix3 x1fey0fg\" tabindex=\"0\" role=\"link\" href=\"https:\/\/l.facebook.com\/l.php?u=https%3A%2F%2Fshopee.vn%2Fsolarquangbinh%3Ffbclid%3DIwZXh0bgNhZW0CMTAAAR1wJk9NEtTeF1aw4YxJPsHg1fWKWd54ryCm1lm_6JV1d3UlpB-4Fmeat8I_aem_zWuaMCD3SABuqaIXXTjRwQ&amp;h=AT3uDFAbsK2aaGKieSRQa1jlUaRVYR2i4Y7ojlCgmoVwK5hT4nchYMS3gJPGsqHlNC_M-l1Qshzvy1IFWm2CXdBqY3BXKGz2znJNV-9ZdgJ4GsOX80rh7ajIYkxvVf_61LUV&amp;__tn__=-UK-R-R&amp;c[0]=AT03u4_JsRB3S-Qo8n7APDYOtdC6QFAMTJACCkXlBixWqT4IjFFvkz7LVycyI98Wo8FBsUw71haxP8PrsCkFVuxSe86N5jf2h_8rfl77ZQt5omdw2XcwzPjUwrWWqXfS2qfXtoyVuxYlJ_ivanzHZdO3tD6OoL_E39nxCBFaaxy7E8BXu27GT4Yy5WdVZvXA1dNRYlTeBmLzRDk-3DazTYMpd8nE5huL_mO_Xg\" target=\"_blank\" rel=\"nofollow noopener noreferrer\">https:\/\/shopee.vn\/solarquangbinh<\/a><\/span><\/div>\n<div dir=\"auto\"><span class=\"html-span xexx8yu x4uap5 x18d9i69 xkhd6sd x1hl2dhg x16tdsg8 x1vvkbs x3nfvp2 x1j61x8r x1fcty0u xdj266r xat24cr xgzva0m xhhsvwb xxymvpz xlup9mm x1kky2od\"><img decoding=\"async\" loading=\"lazy\" class=\"xz74otr\" src=\"https:\/\/static.xx.fbcdn.net\/images\/emoji.php\/v9\/t4c\/1\/16\/25aa.png\" alt=\"\u25aa\" width=\"16\" height=\"16\" \/><\/span> Lazada: <span class=\"html-span xdj266r x11i5rnm xat24cr x1mh8g0r xexx8yu x4uap5 x18d9i69 xkhd6sd x1hl2dhg x16tdsg8 x1vvkbs\"><a class=\"x1i10hfl xjbqb8w x1ejq31n xd10rxx x1sy0etr x17r0tee x972fbf xcfux6l x1qhh985 xm0m39n x9f619 x1ypdohk xt0psk2 xe8uvvx xdj266r x11i5rnm xat24cr x1mh8g0r xexx8yu x4uap5 x18d9i69 xkhd6sd x16tdsg8 x1hl2dhg xggy1nq x1a2a7pz x1sur9pj xkrqix3 x1fey0fg\" tabindex=\"0\" role=\"link\" href=\"https:\/\/l.facebook.com\/l.php?u=https%3A%2F%2Fwww.lazada.vn%2Fshop%2Fthuan-phong-electric%2F-%3Ffbclid%3DIwZXh0bgNhZW0CMTAAAR3To1bEroPGkyIB08zz3ZN74ELhi1y2twxT4FThNKn3q5esA5L8S2qtW50_aem_m1Y2dVE-mU5MD2wR6UiD8w&amp;h=AT1Wj3uWx89o3eyeTbDqjym6SnMOdylm6tVSB4TrtZEwHSExCddNP9AgtT4CXyaqq_QBkCPCgPpP71qs7wbDKdDMpcWTx4P2iWMwIRmbvPV89EAOnPWdDt2EEdcMhocjEmTS&amp;__tn__=-UK-R-R&amp;c[0]=AT03u4_JsRB3S-Qo8n7APDYOtdC6QFAMTJACCkXlBixWqT4IjFFvkz7LVycyI98Wo8FBsUw71haxP8PrsCkFVuxSe86N5jf2h_8rfl77ZQt5omdw2XcwzPjUwrWWqXfS2qfXtoyVuxYlJ_ivanzHZdO3tD6OoL_E39nxCBFaaxy7E8BXu27GT4Yy5WdVZvXA1dNRYlTeBmLzRDk-3DazTYMpd8nE5huL_mO_Xg\" target=\"_blank\" rel=\"nofollow noopener noreferrer\">https:\/\/www.lazada.vn\/shop\/thuan-phong-electric\/-<\/a><\/span><\/div>\n<\/div>\n<\/div>\n<\/div>\n<\/div>\n<\/div>\n<\/div>\n<\/div>\n<\/div>\n<\/div>\n","protected":false},"excerpt":{"rendered":"<p><strong><span style=\"font-size: 90%;\">Ti\u00eau chu\u1ea9n \u00e1p d\u1ee5ng:<\/span><\/strong><\/p>\n<ul>\n<li><span style=\"font-size: 90%;\">TCVN 5935-1 \/ IEC 60502-1 <\/span><\/li>\n<li><span style=\"font-size: 90%;\">TCVN 6612 \/ IEC 60228 <\/span><\/li>\n<li><span style=\"font-size: 90%;\">IEC 60331-21; IEC 60332-1,3 <\/span><\/li>\n<li><span style=\"font-size: 90%;\">\u2022=BS 6387; BS 4066-1,3<\/span><\/li>\n<li><span style=\"color: #ff0000;\"><strong>T\u1ea2I CATALOGUE T\u1ea0I \u0110\u00c2Y<\/strong><\/span><\/li>\n<\/ul>\n","protected":false},"featured_media":3446,"comment_status":"open","ping_status":"closed","template":"","meta":[],"product_cat":[256],"product_tag":[371,368,366,367,370,369,372],"jetpack-related-posts":[{"id":3424,"url":"https:\/\/tp-electric.vn\/index.php\/san-pham\/cxv-dsta-cxv-dsta-06-1kv-cap-dien-luc-ruot-dong-cach-dien-xlpe-giap-bang-kim-loai-bao-ve-vo-pvc\/","url_meta":{"origin":3451,"position":0},"title":"CXV\/DSTA&#8230; &#038; CXV\/DSTA&#8230; &#8211; 0,6\/1kV &#8211; C\u00c1P \u0110I\u1ec6N L\u1ef0C, RU\u1ed8T \u0110\u1ed2NG, C\u00c1CH \u0110I\u1ec6N XLPE, GI\u00c1P B\u0102NG KIM LO\u1ea0I B\u1ea2O V\u1ec6, V\u1ece PVC","author":"","date":"01\/03\/2023","format":false,"excerpt":"Ph\u1ea1m vi \u00e1p d\u1ee5ng: C\u00e1p CXV\/DATA, CXV\/DSTA d\u00f9ng cho h\u1ec7 th\u1ed1ng truy\u1ec1n t\u1ea3i v\u00e0 ph\u00e2n ph\u1ed1i \u0111i\u1ec7n ng\u1ea7m, c\u1ea5p \u0111i\u1ec7n \u00e1p 0,6\/1 kV, l\u1eafp \u0111\u1eb7t c\u1ed1 \u0111\u1ecbnh Ti\u00eau chu\u1ea9n \u00e1p d\u1ee5ng: TCVN 5935-1\/ IEC 60502-1 TCVN 6612\/ IEC 60228 T\u1ea2I CATALOGUE T\u1ea0I \u0110\u00c2Y","rel":"","context":"Similar post","block_context":{"text":"Similar post","link":""},"img":{"alt_text":"","src":"https:\/\/i0.wp.com\/tp-electric.vn\/wp-content\/uploads\/2023\/03\/9.png?fit=300%2C300&ssl=1&resize=350%2C200","width":350,"height":200},"classes":[]},{"id":3426,"url":"https:\/\/tp-electric.vn\/index.php\/san-pham\/cvv-dsta-cvv-data-06-1kv-cap-dien-luc-ruot-dong-cach-dien-pvc-giap-bang-kim-loai-bao-ve-vo-pvc\/","url_meta":{"origin":3451,"position":1},"title":"CVV\/DSTA&#8230;&#038; CVV\/DATA&#8230; &#8211; 06\/1kV &#8211; C\u00c1P \u0110I\u1ec6N L\u1ef0C, RU\u1ed8T \u0110\u1ed2NG, C\u00c1CH \u0110I\u1ec6N PVC, GI\u00c1P B\u0102NG KIM LO\u1ea0I B\u00c0O V\u1ec6, V\u1ece PVC","author":"","date":"01\/03\/2023","format":false,"excerpt":"Ph\u1ea1m vi \u00e1p d\u1ee5ng: C\u00e1p CVV\/DATA, CVV\/DSTA d\u00f9ng cho h\u1ec7 th\u1ed1ng truy\u1ec1n t\u1ea3i v\u00e0 ph\u00e2n ph\u1ed1i \u0111i\u1ec7n ng\u1ea7m, c\u1ea5p \u0111i\u1ec7n \u00e1p 0,6\/1 kV, l\u1eafp \u0111\u1eb7t c\u1ed1 \u0111\u1ecbnh. Ti\u00eau chu\u1ea9n \u00e1p d\u1ee5ng: \u2022 TCVN 5935-1\/ IEC 60502-1 \u2022 TCVN 6612\/ IEC 6022 T\u1ea2I CATALOGUE T\u1ea0I \u0110\u00c2Y","rel":"","context":"Similar post","block_context":{"text":"Similar post","link":""},"img":{"alt_text":"","src":"https:\/\/i0.wp.com\/tp-electric.vn\/wp-content\/uploads\/2023\/03\/11.png?fit=300%2C300&ssl=1&resize=350%2C200","width":350,"height":200},"classes":[]},{"id":3430,"url":"https:\/\/tp-electric.vn\/index.php\/san-pham\/avv-dsta-avv-data-06-1kv-cap-dien-luc-ruot-nhom-cach-dien-pvc-giap-bang-kim-loai-bao-ve-vo-pvc\/","url_meta":{"origin":3451,"position":2},"title":"AVV\/DSTA..&#038; AVV\/DATA&#8230; &#8211; 06\/1kV- C\u00c1P \u0110I\u1ec6N L\u1ef0C RU\u1ed8T NH\u00d4M, C\u00c1CH \u0110I\u1ec6N PVC, GI\u00c1P B\u0102NG KIM LO\u1ea0I B\u1ea2O V\u1ec6 V\u1ece PVC","author":"","date":"01\/03\/2023","format":false,"excerpt":"Ph\u1ea1m vi \u00e1p d\u1ee5ng: C\u00e1p AVV\/DATA, AVV\/DSTA d\u00f9ng cho h\u1ec7 th\u1ed1ng truy\u1ec1n t\u1ea3i v\u00e0 ph\u00e2n ph\u1ed1i \u0111i\u1ec7n ng\u1ea7m, c\u1ea5p \u0111i\u1ec7n \u00e1p 0,6\/1 kV, l\u1eafp \u0111\u1eb7t c\u1ed1 \u0111\u1ecbnh Ti\u00eau chu\u1ea9n \u00e1p d\u1ee5ng: \u2022 TCVN 5935-1\/ IEC 60502-1 \u2022 TCVN 6612\/ IEC 6022 T\u1ea2I CATALOGUE T\u1ea0I \u0110\u00c2Y","rel":"","context":"Similar post","block_context":{"text":"Similar post","link":""},"img":{"alt_text":"","src":"https:\/\/i0.wp.com\/tp-electric.vn\/wp-content\/uploads\/2023\/03\/13.png?fit=300%2C300&ssl=1&resize=350%2C200","width":350,"height":200},"classes":[]},{"id":3425,"url":"https:\/\/tp-electric.vn\/index.php\/san-pham\/cxv-swa-cxv-awa-06-1kv-cap-dien-luc-ruot-dong-cach-dien-xlpe-giap-soi-bao-ve-vo-pvc\/","url_meta":{"origin":3451,"position":3},"title":"CXV\/SWA&#8230;&#038; CXV\/AWA&#8230; &#8211; 06\/1kV &#8211; C\u00c1P \u0110I\u1ec6N L\u1ef0C RU\u1ed8T \u0110\u1ed2NG, C\u00c1CH \u0110I\u1ec6N XLPE, GI\u00c1P S\u1ee2I B\u1ea2O V\u1ec6, V\u1ece PVC","author":"","date":"01\/03\/2023","format":false,"excerpt":"Ph\u1ea1m vi \u00e1p d\u1ee5ng: C\u00e1p CXV\/AWA, CXV\/SWA d\u00f9ng cho h\u1ec7 th\u1ed1ng truy\u1ec1n t\u1ea3i v\u00e0 ph\u00e2n ph\u1ed1i \u0111i\u1ec7n ng\u1ea7m, c\u1ea5p \u0111i\u1ec7n \u00e1p 0,6\/1 kV, l\u1eafp \u0111\u1eb7t c\u1ed1 \u0111\u1ecbnh. Ti\u00eau chu\u1ea9n \u00e1p d\u1ee5ng: \u2022 TCVN 5935-1\/ IEC 60502-1 \u2022 TCVN 6612\/ IEC 60228 T\u1ea2I CATALOGUE T\u1ea0I \u0110\u00c2Y","rel":"","context":"Similar post","block_context":{"text":"Similar post","link":""},"img":{"alt_text":"","src":"https:\/\/i0.wp.com\/tp-electric.vn\/wp-content\/uploads\/2023\/03\/10.png?fit=300%2C300&ssl=1&resize=350%2C200","width":350,"height":200},"classes":[]},{"id":3421,"url":"https:\/\/tp-electric.vn\/index.php\/san-pham\/cxv-06-1kv-cap-dien-luc-ruot-dong-cach-dien-xlpe-vo-pvc\/","url_meta":{"origin":3451,"position":4},"title":"CXV&#8230;-06\/1kV C\u00c1P \u0110I\u1ec6N L\u1ef0C RU\u1ed8T \u0110\u1ed2NG, C\u00c1CH \u0110I\u1ec6N XLPE, V\u1ece PVC","author":"","date":"01\/03\/2023","format":false,"excerpt":"Ph\u1ea1m vi \u00e1p d\u1ee5ng: C\u00e1p CXV d\u00f9ng cho h\u1ec7 th\u1ed1ng truy\u1ec1n t\u1ea3i v\u00e0 ph\u00e2n ph\u1ed1i \u0111i\u1ec7n, c\u1ea5p \u0111i\u1ec7n \u00e1p 0,6\/1 kV, l\u1eafp \u0111\u1eb7t c\u1ed1 \u0111\u1ecbnh Ti\u00eau chu\u1ea9n \u00e1p d\u1ee5ng: TCVN 5935-1\/ IEC 60502-1 TCVN 6612\/ IEC 60228 T\u1ea2I CATALOGUE T\u1ea0I \u0110\u00c2Y","rel":"","context":"Similar post","block_context":{"text":"Similar post","link":""},"img":{"alt_text":"","src":"https:\/\/i0.wp.com\/tp-electric.vn\/wp-content\/uploads\/2023\/03\/6.png?fit=300%2C300&ssl=1&resize=350%2C200","width":350,"height":200},"classes":[]},{"id":3448,"url":"https:\/\/tp-electric.vn\/index.php\/san-pham\/cv-fr-06-kv-cap-chong-chay-ruot-dong-giap-mica-cach-dien-pvc-fr\/","url_meta":{"origin":3451,"position":5},"title":"C\u00c1P CH\u1ed0NG CH\u00c1Y CV\/FR \u2013 0,6\/1 KV, RU\u1ed8T \u0110\u1ed2NG, B\u0102NG MICA, C\u00c1CH \u0110I\u1ec6N FR \u2013PVC","author":"","date":"01\/03\/2023","format":false,"excerpt":"Ph\u1ea1m vi \u00e1p d\u1ee5ng: C\u00e1p ch\u1ed1ng ch\u00e1y CV\/FR d\u00f9ng cho h\u1ec7 th\u1ed1ng ph\u00e2n ph\u1ed1i \u0111i\u1ec7n \u0111\u01b0\u1ee3c thi\u1ebft k\u1ebf \u0111\u1ec3 duy tr\u00ec ngu\u1ed3n \u0111i\u1ec7n cho c\u00e1c thi\u1ebft b\u1ecb, h\u1ea1n ch\u1ebf s\u1ef1 lan truy\u1ec1n c\u1ee7a ng\u1ecdn l\u1eeda khi b\u1ecb \u1ea3nh h\u01b0\u1edfng b\u1edfi h\u1ecfa ho\u1ea1n, s\u1eed d\u1ee5ng ph\u00f9 h\u1ee3p trong c\u00e1c c\u00f4ng tr\u00ecnh...\u2026","rel":"","context":"Similar post","block_context":{"text":"Similar post","link":""},"img":{"alt_text":"","src":"https:\/\/i0.wp.com\/tp-electric.vn\/wp-content\/uploads\/2023\/03\/CC1.png?fit=300%2C300&ssl=1&resize=350%2C200","width":350,"height":200},"classes":[]}],"_links":{"self":[{"href":"https:\/\/tp-electric.vn\/index.php\/wp-json\/wp\/v2\/product\/3451"}],"collection":[{"href":"https:\/\/tp-electric.vn\/index.php\/wp-json\/wp\/v2\/product"}],"about":[{"href":"https:\/\/tp-electric.vn\/index.php\/wp-json\/wp\/v2\/types\/product"}],"replies":[{"embeddable":true,"href":"https:\/\/tp-electric.vn\/index.php\/wp-json\/wp\/v2\/comments?post=3451"}],"wp:featuredmedia":[{"embeddable":true,"href":"https:\/\/tp-electric.vn\/index.php\/wp-json\/wp\/v2\/media\/3446"}],"wp:attachment":[{"href":"https:\/\/tp-electric.vn\/index.php\/wp-json\/wp\/v2\/media?parent=3451"}],"wp:term":[{"taxonomy":"product_cat","embeddable":true,"href":"https:\/\/tp-electric.vn\/index.php\/wp-json\/wp\/v2\/product_cat?post=3451"},{"taxonomy":"product_tag","embeddable":true,"href":"https:\/\/tp-electric.vn\/index.php\/wp-json\/wp\/v2\/product_tag?post=3451"}],"curies":[{"name":"wp","href":"https:\/\/api.w.org\/{rel}","templated":true}]}}