{"id":3435,"date":"2023-03-01T10:05:16","date_gmt":"2023-03-01T03:05:16","guid":{"rendered":"https:\/\/tp-electric.vn\/?post_type=product&#038;p=3435"},"modified":"2024-12-12T15:10:32","modified_gmt":"2024-12-12T08:10:32","slug":"lv-abc-4x-06-1kv-cap-van-xoan-ruot-nhom-cach-dien-xplpe","status":"publish","type":"product","link":"https:\/\/tp-electric.vn\/index.php\/san-pham\/lv-abc-4x-06-1kv-cap-van-xoan-ruot-nhom-cach-dien-xplpe\/","title":{"rendered":"LV-ABC 4x&#8230;- 0,6\/1kV &#8211; C\u00c1P V\u1eb6N XO\u1eaeN RU\u1ed8T NH\u00d4M, C\u00c1CH \u0110I\u1ec6N XPLPE"},"content":{"rendered":"","protected":false},"excerpt":{"rendered":"<p><strong>Ph\u1ea1m vi \u00e1p d\u1ee5ng:<\/strong><\/p>\n<p>C\u00e1p v\u1eb7n xo\u1eafn h\u1ea1 th\u1ebf ru\u1ed9t nh\u00f4m LV-ABC d\u00f9ng cho h\u1ec7 th\u1ed1ng truy\u1ec1n t\u1ea3i v\u00e0 ph\u00e2n ph\u1ed1i \u0111i\u1ec7n treo tr\u00ean kh\u00f4ng, c\u1ea5p \u0111i\u1ec7n \u00e1p 0,6\/1 kV.<\/p>\n<p><strong>Ti\u00eau chu\u1ea9n \u00e1p d\u1ee5ng:<\/strong><\/p>\n<p>TCVN 6447 \/ AS 3560.1<\/p>\n<ul>\n<li><span style=\"color: #ff0000;\"><a style=\"color: #ff0000;\" href=\"https:\/\/drive.google.com\/file\/d\/1sb5hH99DbSeVJP5eionjls-n4cXOMudT\/view?usp=share_link\"><strong>T\u1ea2I CATALOGUE T\u1ea0I \u0110\u00c2Y<\/strong><\/a><\/span><\/li>\n<\/ul>\n","protected":false},"featured_media":3432,"comment_status":"open","ping_status":"closed","template":"","meta":[],"product_cat":[255,157],"product_tag":[],"jetpack-related-posts":[{"id":3431,"url":"https:\/\/tp-electric.vn\/index.php\/san-pham\/lv-abc-3x-1x-06-1kv-ruot-nhom-cach-dien-xlpe\/","url_meta":{"origin":3435,"position":0},"title":"LV-ABC 3x..+1x&#8230;-0,,6\/1kV &#8211; RU\u1ed8T NH\u00d4M, C\u00c1CH \u0110I\u1ec6N XLPE","author":"","date":"01\/03\/2023","format":false,"excerpt":"Ph\u1ea1m vi \u00e1p d\u1ee5ng: C\u00e1p v\u1eb7n xo\u1eafn h\u1ea1 th\u1ebf ru\u1ed9t nh\u00f4m LV-ABC d\u00f9ng cho h\u1ec7 th\u1ed1ng truy\u1ec1n t\u1ea3i v\u00e0 ph\u00e2n ph\u1ed1i \u0111i\u1ec7n treo tr\u00ean kh\u00f4ng, c\u1ea5p \u0111i\u1ec7n \u00e1p 0,6\/1 kV. Ti\u00eau chu\u1ea9n \u00e1p d\u1ee5ng: TCVN 6447 \/ AS 3560.1 T\u1ea2I CATALOGUE T\u1ea0I \u0110\u00c2Y","rel":"","context":"Similar post","block_context":{"text":"Similar post","link":""},"img":{"alt_text":"","src":"https:\/\/i0.wp.com\/tp-electric.vn\/wp-content\/uploads\/2023\/03\/VX1.png?fit=300%2C300&ssl=1&resize=350%2C200","width":350,"height":200},"classes":[]},{"id":3436,"url":"https:\/\/tp-electric.vn\/index.php\/san-pham\/lv-abc-3x-06-1kv-cap-van-xoan-ruot-nhom-cach-dien-xlpe\/","url_meta":{"origin":3435,"position":1},"title":"C\u00c1P V\u1eb6N XO\u1eaeN RU\u1ed8T NH\u00d4M, C\u00c1CH \u0110I\u1ec6N XLPE &#8211; LV-ABC 3x&#8230; &#8211; 0,6\/1kV","author":"","date":"01\/03\/2023","format":false,"excerpt":"Ph\u1ea1m vi \u00e1p d\u1ee5ng: C\u00e1p v\u1eb7n xo\u1eafn h\u1ea1 th\u1ebf ru\u1ed9t nh\u00f4m LV-ABC d\u00f9ng cho h\u1ec7 th\u1ed1ng truy\u1ec1n t\u1ea3i v\u00e0 ph\u00e2n ph\u1ed1i \u0111i\u1ec7n treo tr\u00ean kh\u00f4ng, c\u1ea5p \u0111i\u1ec7n \u00e1p 0,6\/1 kV. Ti\u00eau chu\u1ea9n \u00e1p d\u1ee5ng: TCVN 6447 \/ AS 3560.1 T\u1ea2I CATALOGUE T\u1ea0I \u0110\u00c2Y","rel":"","context":"Similar post","block_context":{"text":"Similar post","link":""},"img":{"alt_text":"","src":"https:\/\/i0.wp.com\/tp-electric.vn\/wp-content\/uploads\/2023\/03\/VX2.png?fit=300%2C300&ssl=1&resize=350%2C200","width":350,"height":200},"classes":[]},{"id":3437,"url":"https:\/\/tp-electric.vn\/index.php\/san-pham\/lv-abc-2x-06-1kv-cap-van-xoan-ruot-nhom-cach-dien-xlpe\/","url_meta":{"origin":3435,"position":2},"title":"C\u00c1P V\u1eb6N XO\u1eaeN RU\u1ed8T NH\u00d4M, C\u00c1CH \u0110I\u1ec6N XLPE &#8211; LV-ABC 2x&#8230;-0,6\/1kV","author":"","date":"01\/03\/2023","format":false,"excerpt":"Ph\u1ea1m vi \u00e1p d\u1ee5ng: C\u00e1p v\u1eb7n xo\u1eafn h\u1ea1 th\u1ebf ru\u1ed9t nh\u00f4m LV-ABC d\u00f9ng cho h\u1ec7 th\u1ed1ng truy\u1ec1n t\u1ea3i v\u00e0 ph\u00e2n ph\u1ed1i \u0111i\u1ec7n treo tr\u00ean kh\u00f4ng, c\u1ea5p \u0111i\u1ec7n \u00e1p 0,6\/1 kV. Ti\u00eau chu\u1ea9n \u00e1p d\u1ee5ng: TCVN 6447 \/ AS 3560.1 T\u1ea2I CATALOGUE T\u1ea0I \u0110\u00c2Y","rel":"","context":"Similar post","block_context":{"text":"Similar post","link":""},"img":{"alt_text":"","src":"https:\/\/i0.wp.com\/tp-electric.vn\/wp-content\/uploads\/2023\/03\/VX3.png?fit=300%2C300&ssl=1&resize=350%2C200","width":350,"height":200},"classes":[]},{"id":3420,"url":"https:\/\/tp-electric.vn\/index.php\/san-pham\/avv-06-1kv-cap-dien-luc-ha-the-ruot-nhom-cach-dien-xlpe-vo-pvc\/","url_meta":{"origin":3435,"position":3},"title":"AVV&#8230; &#8211; 0,6\/1kV &#8211; C\u00c1P \u0110I\u1ec6N L\u1ef0C H\u1ea0 TH\u1ebe RU\u1ed8T NH\u00d4M, C\u00c1CH \u0110I\u1ec6N XLPE, V\u1ece PVC","author":"","date":"01\/03\/2023","format":false,"excerpt":"Ph\u1ea1m vi \u00e1p d\u1ee5ng: C\u00e1p AVV d\u00f9ng cho h\u1ec7 th\u1ed1ng truy\u1ec1n t\u1ea3i v\u00e0 ph\u00e2n ph\u1ed1i \u0111i\u1ec7n, c\u1ea5p \u0111i\u1ec7n \u00e1p 0,6\/1 kV, l\u1eafp \u0111\u1eb7t c\u1ed1 \u0111\u1ecbnh Ti\u00eau chu\u1ea9n \u00e1p d\u1ee5ng: TCVN 5935-1\/ IEC 60502-1 \u2022 TCVN 6612\/ IEC 60228 T\u1ea2I CATALOGUE T\u1ea0I \u0110\u00c2Y","rel":"","context":"Similar post","block_context":{"text":"Similar post","link":""},"img":{"alt_text":"","src":"https:\/\/i0.wp.com\/tp-electric.vn\/wp-content\/uploads\/2023\/03\/5.png?fit=300%2C300&ssl=1&resize=350%2C200","width":350,"height":200},"classes":[]},{"id":3423,"url":"https:\/\/tp-electric.vn\/index.php\/san-pham\/axv-06-1kv-cap-dien-luc-ruot-nhom-cach-dien-xlpe-vo-pvc\/","url_meta":{"origin":3435,"position":4},"title":"AXV&#8230; -0,6\/1kV &#8211; C\u00c1P \u0110I\u1ec6N L\u1ef0C RU\u1ed8T NH\u00d4M, C\u00c1CH \u0110I\u1ec6N XLPE, V\u1ece PVC","author":"","date":"01\/03\/2023","format":false,"excerpt":"Ph\u1ea1m vi \u00e1p d\u1ee5ng: C\u00e1p AXV d\u00f9ng cho h\u1ec7 th\u1ed1ng truy\u1ec1n t\u1ea3i v\u00e0 ph\u00e2n ph\u1ed1i \u0111i\u1ec7n, c\u1ea5p \u0111i\u1ec7n \u00e1p 0,6\/1 kV, l\u1eafp \u0111\u1eb7t c\u1ed1 \u0111\u1ecbnh Ti\u00eau chu\u1ea9n \u00e1p d\u1ee5ng: \u2022 TCVN 5935-1\/ IEC 60502-1 \u2022 TCVN 6612\/ IEC 60228 T\u1ea2I CATALOGUE T\u1ea0I \u0110\u00c2Y \u00a0","rel":"","context":"Similar post","block_context":{"text":"Similar post","link":""},"img":{"alt_text":"","src":"https:\/\/i0.wp.com\/tp-electric.vn\/wp-content\/uploads\/2023\/03\/8.png?fit=300%2C300&ssl=1&resize=350%2C200","width":350,"height":200},"classes":[]},{"id":3417,"url":"https:\/\/tp-electric.vn\/index.php\/san-pham\/av-06-1kv-cap-dien-luc-ha-the-ruot-nhom-cach-dien-pvc\/","url_meta":{"origin":3435,"position":5},"title":"AV&#8230; &#8211; 06\/1kV &#8211; C\u00c1P \u0110I\u1ec6N L\u1ef0C H\u1ea0 TH\u1ebe RU\u1ed8T NH\u00d4M, C\u00c1CH \u0110I\u1ec6N PVC","author":"","date":"01\/03\/2023","format":false,"excerpt":"Ph\u1ea1m vi \u00e1p d\u1ee5ng: C\u00e1p \u0111i\u1ec7n l\u1ef1c AV d\u00f9ng cho h\u1ec7 th\u1ed1ng truy\u1ec1n t\u1ea3i v\u00e0 ph\u00e2n ph\u1ed1i \u0111i\u1ec7n, c\u1ea5p \u0111i\u1ec7n \u00e1p 0,6\/1 kV, l\u1eafp \u0111\u1eb7t c\u1ed1 \u0111\u1ecbnh Ti\u00eau chu\u1ea9n \u00e1p d\u1ee5ng: TCVN 5935-1 \/ IEC 60502-1 TCVN 6612 \/ IEC 60228, AS\/NZS 5000.1 T\u1ea2I CATALOGUE T\u1ea0I \u0110\u00c2Y","rel":"","context":"Similar post","block_context":{"text":"Similar post","link":""},"img":{"alt_text":"","src":"https:\/\/i0.wp.com\/tp-electric.vn\/wp-content\/uploads\/2023\/03\/2.png?fit=300%2C300&ssl=1&resize=350%2C200","width":350,"height":200},"classes":[]}],"_links":{"self":[{"href":"https:\/\/tp-electric.vn\/index.php\/wp-json\/wp\/v2\/product\/3435"}],"collection":[{"href":"https:\/\/tp-electric.vn\/index.php\/wp-json\/wp\/v2\/product"}],"about":[{"href":"https:\/\/tp-electric.vn\/index.php\/wp-json\/wp\/v2\/types\/product"}],"replies":[{"embeddable":true,"href":"https:\/\/tp-electric.vn\/index.php\/wp-json\/wp\/v2\/comments?post=3435"}],"wp:featuredmedia":[{"embeddable":true,"href":"https:\/\/tp-electric.vn\/index.php\/wp-json\/wp\/v2\/media\/3432"}],"wp:attachment":[{"href":"https:\/\/tp-electric.vn\/index.php\/wp-json\/wp\/v2\/media?parent=3435"}],"wp:term":[{"taxonomy":"product_cat","embeddable":true,"href":"https:\/\/tp-electric.vn\/index.php\/wp-json\/wp\/v2\/product_cat?post=3435"},{"taxonomy":"product_tag","embeddable":true,"href":"https:\/\/tp-electric.vn\/index.php\/wp-json\/wp\/v2\/product_tag?post=3435"}],"curies":[{"name":"wp","href":"https:\/\/api.w.org\/{rel}","templated":true}]}}