{"id":3424,"date":"2023-03-01T09:56:36","date_gmt":"2023-03-01T02:56:36","guid":{"rendered":"https:\/\/tp-electric.vn\/?post_type=product&#038;p=3424"},"modified":"2024-12-12T15:10:32","modified_gmt":"2024-12-12T08:10:32","slug":"cxv-dsta-cxv-dsta-06-1kv-cap-dien-luc-ruot-dong-cach-dien-xlpe-giap-bang-kim-loai-bao-ve-vo-pvc","status":"publish","type":"product","link":"https:\/\/tp-electric.vn\/index.php\/san-pham\/cxv-dsta-cxv-dsta-06-1kv-cap-dien-luc-ruot-dong-cach-dien-xlpe-giap-bang-kim-loai-bao-ve-vo-pvc\/","title":{"rendered":"CXV\/DSTA&#8230; &#038; CXV\/DSTA&#8230; &#8211; 0,6\/1kV &#8211; C\u00c1P \u0110I\u1ec6N L\u1ef0C, RU\u1ed8T \u0110\u1ed2NG, C\u00c1CH \u0110I\u1ec6N XLPE, GI\u00c1P B\u0102NG KIM LO\u1ea0I B\u1ea2O V\u1ec6, V\u1ece PVC"},"content":{"rendered":"","protected":false},"excerpt":{"rendered":"<p><strong>Ph\u1ea1m vi \u00e1p d\u1ee5ng:<\/strong><\/p>\n<p>C\u00e1p CXV\/DATA, CXV\/DSTA d\u00f9ng cho h\u1ec7 th\u1ed1ng truy\u1ec1n t\u1ea3i v\u00e0 ph\u00e2n ph\u1ed1i \u0111i\u1ec7n ng\u1ea7m, c\u1ea5p \u0111i\u1ec7n \u00e1p 0,6\/1 kV, l\u1eafp \u0111\u1eb7t c\u1ed1 \u0111\u1ecbnh<\/p>\n<p><strong>Ti\u00eau chu\u1ea9n \u00e1p d\u1ee5ng:<\/strong><\/p>\n<p>TCVN 5935-1\/ IEC 60502-1 TCVN 6612\/ IEC 60228<\/p>\n<ul>\n<li><span style=\"color: #ff0000;\"><a style=\"color: #ff0000;\" href=\"https:\/\/drive.google.com\/file\/d\/1sb5hH99DbSeVJP5eionjls-n4cXOMudT\/view?usp=share_link\"><strong>T\u1ea2I CATALOGUE T\u1ea0I \u0110\u00c2Y<\/strong><\/a><\/span><\/li>\n<\/ul>\n","protected":false},"featured_media":3415,"comment_status":"open","ping_status":"closed","template":"","meta":[],"product_cat":[254],"product_tag":[],"jetpack-related-posts":[{"id":3451,"url":"https:\/\/tp-electric.vn\/index.php\/san-pham\/cxv-dsta-fr-06-1kv-cxv-data-fr-06-1kv-cap-chong-chay-ruot-dong-giap-mica-cach-dien-xlpe-giap-bang-kim-loai-vo-pvc-fr\/","url_meta":{"origin":3424,"position":0},"title":"C\u00e1p ch\u1ed1ng ch\u00e1y Cadivi CXV\/DATA(DSTA)\/FR &#8211; 0,6\/1 kV","author":"","date":"01\/03\/2023","format":false,"excerpt":"Ti\u00eau chu\u1ea9n \u00e1p d\u1ee5ng: TCVN 5935-1 \/ IEC 60502-1 TCVN 6612 \/ IEC 60228 IEC 60331-21; IEC 60332-1,3 \u2022=BS 6387; BS 4066-1,3 T\u1ea2I CATALOGUE T\u1ea0I \u0110\u00c2Y","rel":"","context":"Similar post","block_context":{"text":"Similar post","link":""},"img":{"alt_text":"","src":"https:\/\/i0.wp.com\/daphaco.com\/wp-content\/uploads\/2022\/12\/CAU-TAO-CXV-DSTA-FR-2048x476-1.jpg?resize=350%2C200&ssl=1","width":350,"height":200,"srcset":"https:\/\/i0.wp.com\/daphaco.com\/wp-content\/uploads\/2022\/12\/CAU-TAO-CXV-DSTA-FR-2048x476-1.jpg?resize=350%2C200&ssl=1 1x, https:\/\/i0.wp.com\/daphaco.com\/wp-content\/uploads\/2022\/12\/CAU-TAO-CXV-DSTA-FR-2048x476-1.jpg?resize=700%2C400&ssl=1 2x, https:\/\/i0.wp.com\/daphaco.com\/wp-content\/uploads\/2022\/12\/CAU-TAO-CXV-DSTA-FR-2048x476-1.jpg?resize=1050%2C600&ssl=1 3x, https:\/\/i0.wp.com\/daphaco.com\/wp-content\/uploads\/2022\/12\/CAU-TAO-CXV-DSTA-FR-2048x476-1.jpg?resize=1400%2C800&ssl=1 4x"},"classes":[]},{"id":3425,"url":"https:\/\/tp-electric.vn\/index.php\/san-pham\/cxv-swa-cxv-awa-06-1kv-cap-dien-luc-ruot-dong-cach-dien-xlpe-giap-soi-bao-ve-vo-pvc\/","url_meta":{"origin":3424,"position":1},"title":"CXV\/SWA&#8230;&#038; CXV\/AWA&#8230; &#8211; 06\/1kV &#8211; C\u00c1P \u0110I\u1ec6N L\u1ef0C RU\u1ed8T \u0110\u1ed2NG, C\u00c1CH \u0110I\u1ec6N XLPE, GI\u00c1P S\u1ee2I B\u1ea2O V\u1ec6, V\u1ece PVC","author":"","date":"01\/03\/2023","format":false,"excerpt":"Ph\u1ea1m vi \u00e1p d\u1ee5ng: C\u00e1p CXV\/AWA, CXV\/SWA d\u00f9ng cho h\u1ec7 th\u1ed1ng truy\u1ec1n t\u1ea3i v\u00e0 ph\u00e2n ph\u1ed1i \u0111i\u1ec7n ng\u1ea7m, c\u1ea5p \u0111i\u1ec7n \u00e1p 0,6\/1 kV, l\u1eafp \u0111\u1eb7t c\u1ed1 \u0111\u1ecbnh. Ti\u00eau chu\u1ea9n \u00e1p d\u1ee5ng: \u2022 TCVN 5935-1\/ IEC 60502-1 \u2022 TCVN 6612\/ IEC 60228 T\u1ea2I CATALOGUE T\u1ea0I \u0110\u00c2Y","rel":"","context":"Similar post","block_context":{"text":"Similar post","link":""},"img":{"alt_text":"","src":"https:\/\/i0.wp.com\/tp-electric.vn\/wp-content\/uploads\/2023\/03\/10.png?fit=300%2C300&ssl=1&resize=350%2C200","width":350,"height":200},"classes":[]},{"id":3421,"url":"https:\/\/tp-electric.vn\/index.php\/san-pham\/cxv-06-1kv-cap-dien-luc-ruot-dong-cach-dien-xlpe-vo-pvc\/","url_meta":{"origin":3424,"position":2},"title":"CXV&#8230;-06\/1kV C\u00c1P \u0110I\u1ec6N L\u1ef0C RU\u1ed8T \u0110\u1ed2NG, C\u00c1CH \u0110I\u1ec6N XLPE, V\u1ece PVC","author":"","date":"01\/03\/2023","format":false,"excerpt":"Ph\u1ea1m vi \u00e1p d\u1ee5ng: C\u00e1p CXV d\u00f9ng cho h\u1ec7 th\u1ed1ng truy\u1ec1n t\u1ea3i v\u00e0 ph\u00e2n ph\u1ed1i \u0111i\u1ec7n, c\u1ea5p \u0111i\u1ec7n \u00e1p 0,6\/1 kV, l\u1eafp \u0111\u1eb7t c\u1ed1 \u0111\u1ecbnh Ti\u00eau chu\u1ea9n \u00e1p d\u1ee5ng: TCVN 5935-1\/ IEC 60502-1 TCVN 6612\/ IEC 60228 T\u1ea2I CATALOGUE T\u1ea0I \u0110\u00c2Y","rel":"","context":"Similar post","block_context":{"text":"Similar post","link":""},"img":{"alt_text":"","src":"https:\/\/i0.wp.com\/tp-electric.vn\/wp-content\/uploads\/2023\/03\/6.png?fit=300%2C300&ssl=1&resize=350%2C200","width":350,"height":200},"classes":[]},{"id":3426,"url":"https:\/\/tp-electric.vn\/index.php\/san-pham\/cvv-dsta-cvv-data-06-1kv-cap-dien-luc-ruot-dong-cach-dien-pvc-giap-bang-kim-loai-bao-ve-vo-pvc\/","url_meta":{"origin":3424,"position":3},"title":"CVV\/DSTA&#8230;&#038; CVV\/DATA&#8230; &#8211; 06\/1kV &#8211; C\u00c1P \u0110I\u1ec6N L\u1ef0C, RU\u1ed8T \u0110\u1ed2NG, C\u00c1CH \u0110I\u1ec6N PVC, GI\u00c1P B\u0102NG KIM LO\u1ea0I B\u00c0O V\u1ec6, V\u1ece PVC","author":"","date":"01\/03\/2023","format":false,"excerpt":"Ph\u1ea1m vi \u00e1p d\u1ee5ng: C\u00e1p CVV\/DATA, CVV\/DSTA d\u00f9ng cho h\u1ec7 th\u1ed1ng truy\u1ec1n t\u1ea3i v\u00e0 ph\u00e2n ph\u1ed1i \u0111i\u1ec7n ng\u1ea7m, c\u1ea5p \u0111i\u1ec7n \u00e1p 0,6\/1 kV, l\u1eafp \u0111\u1eb7t c\u1ed1 \u0111\u1ecbnh. Ti\u00eau chu\u1ea9n \u00e1p d\u1ee5ng: \u2022 TCVN 5935-1\/ IEC 60502-1 \u2022 TCVN 6612\/ IEC 6022 T\u1ea2I CATALOGUE T\u1ea0I \u0110\u00c2Y","rel":"","context":"Similar post","block_context":{"text":"Similar post","link":""},"img":{"alt_text":"","src":"https:\/\/i0.wp.com\/tp-electric.vn\/wp-content\/uploads\/2023\/03\/11.png?fit=300%2C300&ssl=1&resize=350%2C200","width":350,"height":200},"classes":[]},{"id":3430,"url":"https:\/\/tp-electric.vn\/index.php\/san-pham\/avv-dsta-avv-data-06-1kv-cap-dien-luc-ruot-nhom-cach-dien-pvc-giap-bang-kim-loai-bao-ve-vo-pvc\/","url_meta":{"origin":3424,"position":4},"title":"AVV\/DSTA..&#038; AVV\/DATA&#8230; &#8211; 06\/1kV- C\u00c1P \u0110I\u1ec6N L\u1ef0C RU\u1ed8T NH\u00d4M, C\u00c1CH \u0110I\u1ec6N PVC, GI\u00c1P B\u0102NG KIM LO\u1ea0I B\u1ea2O V\u1ec6 V\u1ece PVC","author":"","date":"01\/03\/2023","format":false,"excerpt":"Ph\u1ea1m vi \u00e1p d\u1ee5ng: C\u00e1p AVV\/DATA, AVV\/DSTA d\u00f9ng cho h\u1ec7 th\u1ed1ng truy\u1ec1n t\u1ea3i v\u00e0 ph\u00e2n ph\u1ed1i \u0111i\u1ec7n ng\u1ea7m, c\u1ea5p \u0111i\u1ec7n \u00e1p 0,6\/1 kV, l\u1eafp \u0111\u1eb7t c\u1ed1 \u0111\u1ecbnh Ti\u00eau chu\u1ea9n \u00e1p d\u1ee5ng: \u2022 TCVN 5935-1\/ IEC 60502-1 \u2022 TCVN 6612\/ IEC 6022 T\u1ea2I CATALOGUE T\u1ea0I \u0110\u00c2Y","rel":"","context":"Similar post","block_context":{"text":"Similar post","link":""},"img":{"alt_text":"","src":"https:\/\/i0.wp.com\/tp-electric.vn\/wp-content\/uploads\/2023\/03\/13.png?fit=300%2C300&ssl=1&resize=350%2C200","width":350,"height":200},"classes":[]},{"id":3418,"url":"https:\/\/tp-electric.vn\/index.php\/san-pham\/cvv-06-1kv-cap-dien-luc-ruot-dong-cach-dien-pvc-vo-pvc\/","url_meta":{"origin":3424,"position":5},"title":"CVV&#8230;.0,6\/1kV &#8211; C\u00c1P \u0110I\u1ec6N L\u1ef0C, RU\u1ed8T \u0110\u1ed2NG, C\u00c1CH \u0110I\u1ec6N PVC, V\u1ece PVC","author":"","date":"01\/03\/2023","format":false,"excerpt":"Ph\u1ea1m vi \u00e1p d\u1ee5ng: C\u00e1p CVV d\u00f9ng cho h\u1ec7 th\u1ed1ng truy\u1ec1n t\u1ea3i v\u00e0 ph\u00e2n ph\u1ed1i \u0111i\u1ec7n, c\u1ea5p \u0111i\u1ec7n \u00e1p 0,6\/1 kV, l\u1eafp \u0111\u1eb7t c\u1ed1 \u0111\u1ecbnh. Ti\u00eau chu\u1ea9n \u00e1p d\u1ee5ng: TCVN 5935-1\/ IEC 60502-1 TCVN 6612\/ IEC 60228 T\u1ea2I CATALOGUE T\u1ea0I \u0110\u00c2Y","rel":"","context":"Similar post","block_context":{"text":"Similar post","link":""},"img":{"alt_text":"","src":"https:\/\/i0.wp.com\/tp-electric.vn\/wp-content\/uploads\/2023\/03\/3.png?fit=300%2C300&ssl=1&resize=350%2C200","width":350,"height":200},"classes":[]}],"_links":{"self":[{"href":"https:\/\/tp-electric.vn\/index.php\/wp-json\/wp\/v2\/product\/3424"}],"collection":[{"href":"https:\/\/tp-electric.vn\/index.php\/wp-json\/wp\/v2\/product"}],"about":[{"href":"https:\/\/tp-electric.vn\/index.php\/wp-json\/wp\/v2\/types\/product"}],"replies":[{"embeddable":true,"href":"https:\/\/tp-electric.vn\/index.php\/wp-json\/wp\/v2\/comments?post=3424"}],"wp:featuredmedia":[{"embeddable":true,"href":"https:\/\/tp-electric.vn\/index.php\/wp-json\/wp\/v2\/media\/3415"}],"wp:attachment":[{"href":"https:\/\/tp-electric.vn\/index.php\/wp-json\/wp\/v2\/media?parent=3424"}],"wp:term":[{"taxonomy":"product_cat","embeddable":true,"href":"https:\/\/tp-electric.vn\/index.php\/wp-json\/wp\/v2\/product_cat?post=3424"},{"taxonomy":"product_tag","embeddable":true,"href":"https:\/\/tp-electric.vn\/index.php\/wp-json\/wp\/v2\/product_tag?post=3424"}],"curies":[{"name":"wp","href":"https:\/\/api.w.org\/{rel}","templated":true}]}}