{"id":3362,"date":"2023-03-01T08:22:49","date_gmt":"2023-03-01T01:22:49","guid":{"rendered":"https:\/\/tp-electric.vn\/?post_type=product&#038;p=3362"},"modified":"2024-12-12T15:10:29","modified_gmt":"2024-12-12T08:10:29","slug":"den-duong-led-mm-tss09","status":"publish","type":"product","link":"https:\/\/tp-electric.vn\/index.php\/san-pham\/den-duong-led-mm-tss09\/","title":{"rendered":"\u0110\u00c8N \u0110\u01af\u1edcNG LED MM &#8211; TSS09"},"content":{"rendered":"<div><strong>Th\u00f4ng Tin S\u1ea3n Ph\u1ea9m:<\/strong><\/div>\n<div>&#8211; M\u00e3 s\u1ea3n ph\u1ea9m : MM &#8211; TSS09<\/div>\n<div>&#8211; C\u00f4ng su\u1ea5t : 60 &#8211; 200W<\/div>\n<div>&#8211; \u0110i\u1ec7n \u00e1p ho\u1ea1t \u0111\u1ed9ng : 220 \u2013 240V \/ 50 &#8211; 60Hz<\/div>\n<div>&#8211; H\u1ec7 s\u1ed1 c\u00f4ng su\u1ea5t : &gt;0.9<\/div>\n<div>&#8211; Hi\u1ec7u su\u1ea5t ph\u00e1t quang c\u1ee7a b\u1ed9 \u0111\u00e8n : &gt;100 &#8211; 130 Lm\/W<\/div>\n<div>&#8211; Nhi\u1ec7t \u0111\u1ed9 m\u00e0u (CCT) : 3000K &#8211; 6000K<\/div>\n<div>&#8211; Ch\u1ec9 s\u1ed1 ho\u00e0n m\u00e0u (CRI) : &gt;80<\/div>\n<div>&#8211; G\u00f3c chi\u1ebfu : 60 \/ 120 \/ 45&#215;120 \/ 60&#215;120 \u0111\u1ed9<\/div>\n<div>&#8211; Chip LED: Cree \/ Philips \/ Bridgelux \/ Nichia<\/div>\n<div>&#8211; Ngu\u1ed3n LED: Meanwell \/ Philips \/ Done<\/div>\n<div>&#8211; \u0110i\u1ec1u khi\u1ec3n : T\u1eaft-m\u1edf \/ 5 c\u1ea5p \/ 0-10V<\/div>\n<div>&#8211; Ti\u00eau chu\u1ea9n b\u1ea3o v\u1ec7 : IP66 v\u00e0 IK08<\/div>\n<div>&#8211; Ch\u1ed1ng s\u00e9t : 10KV \/ 15KV \/ 20KV<\/div>\n<div>&#8211; Ch\u1ea5t li\u1ec7u v\u1ecf : H\u1ee3p kim nh\u00f4m<\/div>\n<div>&#8211; M\u00e0u s\u1eafc : X\u00e1m<\/div>\n<div>&#8211; Tu\u1ed5i th\u1ecd : 50.000 gi\u1edd<\/div>\n<div>&#8211; \u0110\u01b0\u1eddng k\u00ednh c\u1ea7n \u0111\u00e8n : \u00d849 \u00f7 \u00d860<\/div>\n<div>&#8211; \u1ee8ng d\u1ee5ng : chi\u1ebfu s\u00e1ng \u0111\u01b0\u1eddng ph\u1ed1, cao t\u1ed1c, \u0111\u01b0\u1eddng n\u1ed9i khu, khu c\u00f4ng nghi\u1ec7p&#8230;<\/div>\n<div>\n<p><strong>Th\u00f4ng Tin K\u00edch Th\u01b0\u1edbc:<\/strong><\/p>\n<table style=\"height: 241px; width: 1109.82px;\" border=\"1\" cellspacing=\"0\" cellpadding=\"0\">\n<tbody>\n<tr style=\"height: 50px;\">\n<td style=\"width: 1104.82px; height: 50px; text-align: center;\" colspan=\"2\"><strong>\u00a0\u00a0\u00a0\u00a0\u00a0\u00a0\u00a0\u00a0\u00a0\u00a0\u00a0\u00a0\u00a0\u00a0\u00a0\u00a0\u00a0\u00a0\u00a0\u00a0\u00a0\u00a0\u00a0\u00a0\u00a0\u00a0\u00a0\u00a0 MM \u2013 TSS06<\/strong><\/td>\n<\/tr>\n<tr style=\"height: 50px;\">\n<td style=\"width: 585px; height: 50px; text-align: center;\"><strong>60 \u2013 80W<\/strong><\/td>\n<td style=\"width: 519.823px; height: 50px; text-align: center;\">\n<p align=\"center\"><strong>420x175x80<\/strong><\/p>\n<\/td>\n<\/tr>\n<tr style=\"height: 50px;\">\n<td style=\"width: 585px; height: 50px; text-align: center;\"><strong>80 \u2013 100W<\/strong><\/td>\n<td style=\"width: 519.823px; height: 50px; text-align: center;\">\n<p align=\"center\"><strong>470x175x80<\/strong><\/p>\n<\/td>\n<\/tr>\n<tr style=\"height: 50px;\">\n<td style=\"width: 585px; height: 50px; text-align: center;\"><strong>100 \u2013 120W<\/strong><\/td>\n<td style=\"width: 519.823px; height: 50px; text-align: center;\">\n<p align=\"center\"><strong>565x235x95<\/strong><\/p>\n<\/td>\n<\/tr>\n<tr style=\"height: 50px;\">\n<td style=\"width: 585px; height: 50px; text-align: center;\"><strong>120 \u2013 180W<\/strong><\/td>\n<td style=\"width: 519.823px; height: 50px; text-align: center;\">\n<p align=\"center\"><strong>700x275x95<\/strong><\/p>\n<\/td>\n<\/tr>\n<tr>\n<td style=\"width: 585px; text-align: center;\"><strong>180 \u2013 200W<\/strong><\/td>\n<td style=\"width: 519.823px; text-align: center;\">\n<p align=\"center\"><strong>740x275x95<\/strong><\/p>\n<\/td>\n<\/tr>\n<\/tbody>\n<\/table>\n<div dir=\"auto\">&#8212;&#8212;&#8212;&#8212;&#8212;&#8212;&#8212;&#8212;&#8212;&#8212;&#8212;&#8212;&#8212;&#8211;<\/div>\n<div dir=\"auto\">CH\u1eccN THU\u1eacN PHONG &#8211; CH\u1eccN S\u1ef0 AN T\u00c2M<\/div>\n<div dir=\"auto\"><span class=\"html-span xexx8yu x4uap5 x18d9i69 xkhd6sd x1hl2dhg x16tdsg8 x1vvkbs x3nfvp2 x1j61x8r x1fcty0u xdj266r xat24cr xgzva0m xhhsvwb xxymvpz xlup9mm x1kky2od\"><img decoding=\"async\" loading=\"lazy\" class=\"xz74otr\" src=\"https:\/\/static.xx.fbcdn.net\/images\/emoji.php\/v9\/t4c\/1\/16\/25aa.png\" alt=\"\u25aa\" width=\"16\" height=\"16\" \/><\/span> Hotline: 0869.564.567<\/div>\n<div dir=\"auto\"><span class=\"html-span xexx8yu x4uap5 x18d9i69 xkhd6sd x1hl2dhg x16tdsg8 x1vvkbs x3nfvp2 x1j61x8r x1fcty0u xdj266r xat24cr xgzva0m xhhsvwb xxymvpz xlup9mm x1kky2od\"><img decoding=\"async\" loading=\"lazy\" class=\"xz74otr\" src=\"https:\/\/static.xx.fbcdn.net\/images\/emoji.php\/v9\/t4c\/1\/16\/25aa.png\" alt=\"\u25aa\" width=\"16\" height=\"16\" \/><\/span> K\u1ef9 thu\u1eadt: Mr D\u0169ng 0899768777<\/div>\n<div dir=\"auto\"><span class=\"html-span xexx8yu x4uap5 x18d9i69 xkhd6sd x1hl2dhg x16tdsg8 x1vvkbs x3nfvp2 x1j61x8r x1fcty0u xdj266r xat24cr xgzva0m xhhsvwb xxymvpz xlup9mm x1kky2od\"><img decoding=\"async\" loading=\"lazy\" class=\"xz74otr\" src=\"https:\/\/static.xx.fbcdn.net\/images\/emoji.php\/v9\/t4c\/1\/16\/25aa.png\" alt=\"\u25aa\" width=\"16\" height=\"16\" \/><\/span> Tr\u1ee5 s\u1edf ch\u00ednh: 30 Nguy\u1ec5n H\u1eefu D\u1eadt, ph\u01b0\u1eddng Nam L\u00fd, th\u00e0nh ph\u1ed1 \u0110\u1ed3ng H\u1edbi, t\u1ec9nh Qu\u1ea3ng B\u00ecnh, Vi\u1ec7t Nam<\/div>\n<div dir=\"auto\"><span class=\"html-span xexx8yu x4uap5 x18d9i69 xkhd6sd x1hl2dhg x16tdsg8 x1vvkbs x3nfvp2 x1j61x8r x1fcty0u xdj266r xat24cr xgzva0m xhhsvwb xxymvpz xlup9mm x1kky2od\"><img decoding=\"async\" loading=\"lazy\" class=\"xz74otr\" src=\"https:\/\/static.xx.fbcdn.net\/images\/emoji.php\/v9\/t4c\/1\/16\/25aa.png\" alt=\"\u25aa\" width=\"16\" height=\"16\" \/><\/span> Tr\u1ee5 s\u1edf H\u00e0 N\u1ed9i: Nh\u00e0 ph\u1ed1 th\u01b0\u01a1ng m\u1ea1i Khai S\u01a1n Town s\u1ed1 18 thu\u1ed9c Town 7, khu \u0111\u00f4 th\u1ecb Khai S\u01a1n City, Ph\u01b0\u1eddng Th\u01b0\u1ee3ng Thanh, Qu\u1eadn Long Bi\u00ean, TP H\u00e0 N\u1ed9i<\/div>\n<\/div>\n","protected":false},"excerpt":{"rendered":"<p>&#8216;- M\u00e3 s\u1ea3n ph\u1ea9m : MM &#8211; TSS09<\/p>\n","protected":false},"featured_media":3363,"comment_status":"open","ping_status":"closed","template":"","meta":[],"product_cat":[247],"product_tag":[321,322,317],"jetpack-related-posts":[{"id":3327,"url":"https:\/\/tp-electric.vn\/index.php\/san-pham\/den-duong-led-mm-tss04\/","url_meta":{"origin":3362,"position":0},"title":"\u0110\u00c8N \u0110\u01af\u1edcNG LED MM &#8211; TSS04","author":"","date":"27\/02\/2023","format":false,"excerpt":"T\u1ea3i\u00a0CATALOGUE S\u1ea2N PH\u1ea8M","rel":"","context":"Similar post","block_context":{"text":"Similar post","link":""},"img":{"alt_text":"","src":"https:\/\/i0.wp.com\/tp-electric.vn\/wp-content\/uploads\/2023\/02\/MM-TSS04-1.png?fit=512%2C512&ssl=1&resize=350%2C200","width":350,"height":200},"classes":[]},{"id":3334,"url":"https:\/\/tp-electric.vn\/index.php\/san-pham\/den-duong-led-mm-tss05\/","url_meta":{"origin":3362,"position":1},"title":"\u0110\u00c8N \u0110\u01af\u1edcNG LED MM &#8211; TSS05","author":"","date":"27\/02\/2023","format":false,"excerpt":"T\u1ea3i\u00a0CATALOGUE S\u1ea2N PH\u1ea8M","rel":"","context":"Similar post","block_context":{"text":"Similar post","link":""},"img":{"alt_text":"","src":"https:\/\/i0.wp.com\/tp-electric.vn\/wp-content\/uploads\/2023\/02\/MM-TSS05-1.png?fit=512%2C512&ssl=1&resize=350%2C200","width":350,"height":200},"classes":[]},{"id":3339,"url":"https:\/\/tp-electric.vn\/index.php\/san-pham\/den-duong-led-mm-tss06\/","url_meta":{"origin":3362,"position":2},"title":"\u0110\u00c8N \u0110\u01af\u1edcNG LED MM &#8211; TSS06","author":"","date":"27\/02\/2023","format":false,"excerpt":"Th\u00f4ng Tin S\u1ea3n Ph\u1ea9m: - M\u00e3 s\u1ea3n ph\u1ea9m : MM - TSS06 - C\u00f4ng su\u1ea5t : 50W - 320W - \u0110i\u1ec7n \u00e1p ho\u1ea1t \u0111\u1ed9ng : 220 \u2013 240V \/ 50 - 60Hz - H\u1ec7 s\u1ed1 c\u00f4ng su\u1ea5t : >0.9 - Hi\u1ec7u su\u1ea5t ph\u00e1t quang c\u1ee7a b\u1ed9 \u0111\u00e8n : >100 -\u2026","rel":"","context":"Similar post","block_context":{"text":"Similar post","link":""},"img":{"alt_text":"","src":"https:\/\/i0.wp.com\/tp-electric.vn\/wp-content\/uploads\/2023\/02\/MM-TSS06-1.png?fit=512%2C512&ssl=1&resize=350%2C200","width":350,"height":200},"classes":[]},{"id":3368,"url":"https:\/\/tp-electric.vn\/index.php\/san-pham\/den-duong-led-mm-tss10\/","url_meta":{"origin":3362,"position":3},"title":"\u0110\u00c8N \u0110\u01af\u1edcNG LED MM \u2013 TSS10","author":"","date":"01\/03\/2023","format":false,"excerpt":"'- M\u00e3 s\u1ea3n ph\u1ea9m : MM - TSS10","rel":"","context":"Similar post","block_context":{"text":"Similar post","link":""},"img":{"alt_text":"","src":"https:\/\/i0.wp.com\/tp-electric.vn\/wp-content\/uploads\/2023\/03\/MM-TSS010-1.png?fit=300%2C300&ssl=1&resize=350%2C200","width":350,"height":200},"classes":[]},{"id":3357,"url":"https:\/\/tp-electric.vn\/index.php\/san-pham\/den-duong-led-mm-tss08\/","url_meta":{"origin":3362,"position":4},"title":"\u0110\u00c8N \u0110\u01af\u1edcNG LED MM &#8211; TSS08","author":"","date":"01\/03\/2023","format":false,"excerpt":"\u0110\u00c8N \u0110\u01af\u1edcNG LED MM - TSS08","rel":"","context":"Similar post","block_context":{"text":"Similar post","link":""},"img":{"alt_text":"","src":"https:\/\/i0.wp.com\/tp-electric.vn\/wp-content\/uploads\/2023\/03\/MM-TSS08-1.png?fit=300%2C300&ssl=1&resize=350%2C200","width":350,"height":200},"classes":[]},{"id":3343,"url":"https:\/\/tp-electric.vn\/index.php\/san-pham\/den-duong-led-mm-tss07\/","url_meta":{"origin":3362,"position":5},"title":"\u0110\u00c8N \u0110\u01af\u1edcNG LED MM &#8211; TSS07","author":"","date":"27\/02\/2023","format":false,"excerpt":"\u2013 M\u00e3 s\u1ea3n ph\u1ea9m : MM \u2013 TSS07","rel":"","context":"Similar post","block_context":{"text":"Similar post","link":""},"img":{"alt_text":"","src":"https:\/\/i0.wp.com\/tp-electric.vn\/wp-content\/uploads\/2023\/02\/MM-TSS07-1.png?fit=512%2C512&ssl=1&resize=350%2C200","width":350,"height":200},"classes":[]}],"_links":{"self":[{"href":"https:\/\/tp-electric.vn\/index.php\/wp-json\/wp\/v2\/product\/3362"}],"collection":[{"href":"https:\/\/tp-electric.vn\/index.php\/wp-json\/wp\/v2\/product"}],"about":[{"href":"https:\/\/tp-electric.vn\/index.php\/wp-json\/wp\/v2\/types\/product"}],"replies":[{"embeddable":true,"href":"https:\/\/tp-electric.vn\/index.php\/wp-json\/wp\/v2\/comments?post=3362"}],"wp:featuredmedia":[{"embeddable":true,"href":"https:\/\/tp-electric.vn\/index.php\/wp-json\/wp\/v2\/media\/3363"}],"wp:attachment":[{"href":"https:\/\/tp-electric.vn\/index.php\/wp-json\/wp\/v2\/media?parent=3362"}],"wp:term":[{"taxonomy":"product_cat","embeddable":true,"href":"https:\/\/tp-electric.vn\/index.php\/wp-json\/wp\/v2\/product_cat?post=3362"},{"taxonomy":"product_tag","embeddable":true,"href":"https:\/\/tp-electric.vn\/index.php\/wp-json\/wp\/v2\/product_tag?post=3362"}],"curies":[{"name":"wp","href":"https:\/\/api.w.org\/{rel}","templated":true}]}}