{"id":3355,"date":"2023-02-28T16:51:13","date_gmt":"2023-02-28T09:51:13","guid":{"rendered":"https:\/\/tp-electric.vn\/?post_type=product&#038;p=3355"},"modified":"2024-12-12T15:10:29","modified_gmt":"2024-12-12T08:10:29","slug":"ats-abb-ot100f3c-100a-3p","status":"publish","type":"product","link":"https:\/\/tp-electric.vn\/index.php\/san-pham\/ats-abb-ot100f3c-100a-3p\/","title":{"rendered":"ATS ABB OT100F3C 100A 3P"},"content":{"rendered":"<p><span style=\"font-size: 110%;\">Chuy\u1ec3n \u0111\u1ed5i b\u1eb1ng tay, \u0111i\u1ec7n \u00e1p t\u1edbi 415V, tay v\u1eb7n v\u00e0 tr\u1ee5c \u0111\u1eb7t ri\u00eang<\/span><\/p>\n<p><span style=\"font-size: 110%;\">D\u00f2ng \u0111\u1ecbnh m\u1ee9c I(A): 100<\/span><br \/>\n<span style=\"font-size: 110%;\">D\u00f2ng \u0111\u1ecbnh m\u1ee9c P(Kw): 37<\/span><br \/>\n<span style=\"font-size: 110%;\">Lo\u1ea1i: 3P<\/span><br \/>\n<span style=\"font-size: 110%;\">SKU: OT100F3C<\/span><\/p>\n<p><span style=\"font-size: 110%;\">\u2013 Chuy\u1ec3n \u0111\u1ed5i ngu\u1ed3n \u0111i\u1ec7n lo\u1ea1i 3P b\u1eb1ng tay v\u00e0 t\u1ef1 \u0111\u1ed9ng v\u1edbi d\u00f2ng \u0111\u1ecbnh m\u1ee9c t\u1eeb 16A\u20262500A<\/span><\/p>\n<p><span style=\"font-size: 110%;\">\u2013 Hi\u1ec3n th\u1ecb 3 v\u1ecb tr\u00ed: I-O-II, IP20<\/span><\/p>\n<p><span style=\"font-size: 110%;\">\u2013 \u0110\u00e1p \u1ee9ng ti\u00eau chu\u1ea9n IEC 60947-6<\/span><\/p>\n<p><span style=\"font-size: 110%; color: #333333;\">Th\u00f4ng tin b\u1ed5 sung<\/span><\/p>\n<table class=\"woocommerce-product-attributes shop_attributes\" style=\"width: 206px; height: 206px;\">\n<tbody>\n<tr class=\"woocommerce-product-attributes-item woocommerce-product-attributes-item--attribute_pa_brand\" style=\"height: 50.5625px;\">\n<th class=\"woocommerce-product-attributes-item__label\" style=\"width: 131.438px; height: 50.5625px;\"><span style=\"font-size: 110%;\">Th\u01b0\u01a1ng hi\u1ec7u<\/span><\/th>\n<td class=\"woocommerce-product-attributes-item__value\" style=\"width: 58.5625px; height: 50.5625px;\">\n<div>\n<p><span style=\"font-size: 110%;\"><a href=\"https:\/\/codienhaiau.com\/brand\/abb\/\" rel=\"tag\">ABB<\/a><\/span><\/p>\n<\/div>\n<\/td>\n<\/tr>\n<tr class=\"woocommerce-product-attributes-item woocommerce-product-attributes-item--attribute_pa_so-cuc\" style=\"height: 50px;\">\n<th class=\"woocommerce-product-attributes-item__label\" style=\"width: 131.438px; height: 50px;\"><span style=\"font-size: 110%;\">S\u1ed1 c\u1ef1c<\/span><\/th>\n<td class=\"woocommerce-product-attributes-item__value\" style=\"width: 58.5625px; height: 50px;\">\n<div>\n<p><span style=\"font-size: 110%;\">3P<\/span><\/p>\n<\/div>\n<\/td>\n<\/tr>\n<tr class=\"woocommerce-product-attributes-item woocommerce-product-attributes-item--attribute_pa_dong-dien\" style=\"height: 50px;\">\n<th class=\"woocommerce-product-attributes-item__label\" style=\"width: 131.438px; height: 50px;\"><span style=\"font-size: 110%;\">D\u00f2ng \u0111i\u1ec7n<\/span><\/th>\n<td class=\"woocommerce-product-attributes-item__value\" style=\"width: 58.5625px; height: 50px;\">\n<div>\n<p><span style=\"font-size: 110%;\">100A<\/span><\/p>\n<\/div>\n<\/td>\n<\/tr>\n<\/tbody>\n<\/table>\n<div id=\"tab-additional_information\" class=\"woocommerce-Tabs-panel woocommerce-Tabs-panel--additional_information panel entry-content wc-tab\" role=\"tabpanel\" aria-labelledby=\"tab-title-additional_information\">\n<table class=\"woocommerce-product-attributes shop_attributes\" style=\"width: 5px; height: 104px;\">\n<tbody>\n<tr class=\"woocommerce-product-attributes-item woocommerce-product-attributes-item--attribute_pa_brand\" style=\"height: 50.5625px;\">\n<th class=\"woocommerce-product-attributes-item__label\" style=\"width: 0px; height: 50.5625px;\"><\/th>\n<td class=\"woocommerce-product-attributes-item__value\" style=\"width: 0px; height: 50.5625px;\"><\/td>\n<\/tr>\n<tr class=\"woocommerce-product-attributes-item woocommerce-product-attributes-item--attribute_pa_so-cuc\" style=\"height: 50px;\">\n<th class=\"woocommerce-product-attributes-item__label\" style=\"width: 0px; height: 50px;\"><\/th>\n<td class=\"woocommerce-product-attributes-item__value\" style=\"width: 0px; height: 50px;\"><\/td>\n<\/tr>\n<tr class=\"woocommerce-product-attributes-item woocommerce-product-attributes-item--attribute_pa_dong-dien\" style=\"height: 50px;\">\n<th class=\"woocommerce-product-attributes-item__label\" style=\"width: 0px; height: 50px;\"><\/th>\n<td class=\"woocommerce-product-attributes-item__value\" style=\"width: 0px; height: 50px;\"><\/td>\n<\/tr>\n<\/tbody>\n<\/table>\n<\/div>\n","protected":false},"excerpt":{"rendered":"<p>Chuy\u1ec3n \u0111\u1ed5i b\u1eb1ng tay, \u0111i\u1ec7n \u00e1p t\u1edbi 415V, tay v\u1eb7n v\u00e0 tr\u1ee5c \u0111\u1eb7t ri\u00eang D\u00f2ng \u0111\u1ecbnh m\u1ee9c I(A): 100 D\u00f2ng \u0111\u1ecbnh m\u1ee9c P(Kw): 37 Lo\u1ea1i: 3P SKU: OT100F3C \u2013 Chuy\u1ec3n \u0111\u1ed5i ngu\u1ed3n \u0111i\u1ec7n lo\u1ea1i 3P b\u1eb1ng tay v\u00e0 t\u1ef1 \u0111\u1ed9ng v\u1edbi d\u00f2ng \u0111\u1ecbnh m\u1ee9c t\u1eeb 16A\u20262500A \u2013 Hi\u1ec3n th\u1ecb 3 v\u1ecb tr\u00ed: I-O-II, IP20 \u2013&#8230;<\/p>\n","protected":false},"featured_media":3354,"comment_status":"open","ping_status":"closed","template":"","meta":[],"product_cat":[251],"product_tag":[],"jetpack-related-posts":[{"id":3301,"url":"https:\/\/tp-electric.vn\/index.php\/san-pham\/cau-dao-gat-tay-co-chi-os-abb\/","url_meta":{"origin":3355,"position":0},"title":"C\u1ea6U DAO G\u1ea0T TAY C\u00d3 CH\u00cc OS ABB","author":"","date":"25\/02\/2023","format":false,"excerpt":"C\u1ea7u dao g\u1ea1t tay c\u00f3 ch\u00ec OS ABB \u0111\u01b0\u1ee3c s\u1ea3n xu\u1ea5t t\u1ea1i Ph\u1ea7n Lan c\u00f3 ch\u1ee9c n\u0103ng \u0111\u00f3ng ng\u1eaft m\u1ea1ch \u0111i\u1ec7n \u0111\u01b0\u1ee3c l\u1eafp tr\u00ean thanh Dinrail, tu\u1ed5i th\u1ecd l\u00ean \u0111\u1ebfn 20.000 l\u1ea7n \u0111\u00f3ng c\u1eaft. \u00a0\u01afU \u0110I\u1ec2M: S\u1ea3n xu\u1ea5t t\u1ea1i Ph\u1ea7n Lan \u0111\u00e1p \u1ee9ng ti\u00eau chu\u1ea9n\u00a0IEC60947-3 Tu\u1ed5i th\u1ecd c\u01a1 kh\u00ed: 20.000\u2026","rel":"","context":"Similar post","block_context":{"text":"Similar post","link":""},"img":{"alt_text":"","src":"https:\/\/i0.wp.com\/tp-electric.vn\/wp-content\/uploads\/2023\/02\/cd.png?fit=300%2C300&ssl=1&resize=350%2C200","width":350,"height":200},"classes":[]},{"id":3282,"url":"https:\/\/tp-electric.vn\/index.php\/san-pham\/may-cat-khong-khi-acb-emax2-abb\/","url_meta":{"origin":3355,"position":1},"title":"M\u00c1Y C\u1eaeT KH\u00d4NG KH\u00cd ACB EMAX2 ABB","author":"","date":"25\/02\/2023","format":false,"excerpt":"M\u00e1y c\u1eaft kh\u00f4ng kh\u00ed ACB Emax2 ABB d\u00f2ng s\u1ea3n ph\u1ea9m \u0111\u00f3ng c\u1eaft, b\u1ea3o v\u1ec7 qu\u00e1 t\u1ea3i, ch\u1ec9nh d\u00f2ng qu\u00e1 t\u1ea3i cho h\u1ec7 th\u1ed1ng m\u1ea1ng \u0111i\u1ec7n ph\u00e2n ph\u1ed1i, hi\u1ec7u su\u1ea5t l\u00e0m vi\u1ec7c \u0111\u00e1ng tin c\u1eady. \u00a0\u01afU \u0110I\u1ec2M: D\u00f2ng s\u1ea3n ph\u1ea9m \u0111\u00e1p \u1ee9ng ti\u00eau chu\u1ea9n IEC 60947-2 \u0110\u00e3 \u0111\u01b0\u1ee3c nhi\u1ec7t \u0111\u1edbi ho\u00e1,\u2026","rel":"","context":"Similar post","block_context":{"text":"Similar post","link":""},"img":{"alt_text":"","src":"https:\/\/i0.wp.com\/tp-electric.vn\/wp-content\/uploads\/2023\/02\/acb.png?fit=300%2C300&ssl=1&resize=350%2C200","width":350,"height":200},"classes":[]},{"id":3297,"url":"https:\/\/tp-electric.vn\/index.php\/san-pham\/cau-chi-hop-e90-abb\/","url_meta":{"origin":3355,"position":2},"title":"C\u1ea6U CH\u00cc H\u1ed8P E90 ABB","author":"","date":"25\/02\/2023","format":false,"excerpt":"C\u1ea7u ch\u00ec h\u1ed9p E90 ABB d\u00f2ng s\u1ea3n ph\u1ea9m \u0111\u01b0\u1ee3c d\u00f9ng \u0111\u1ec3 ki\u1ec3m so\u00e1t b\u1ea3o v\u1ec7 m\u1ea1ch \u0111i\u1ec7n trong t\u1ef1 \u0111\u1ed9ng \u0111i\u1ec1u khi\u1ec3n, \u0111\u00f3ng ng\u1eaft m\u1ea1ch, b\u1ea3o v\u1ec7 qu\u00e1 t\u1ea3i v\u1edbi d\u00f2ng \u0111\u1ecbnh m\u1ee9c \u0111\u1ebfn 125A. \u00a0\u01afU \u0110I\u1ec2M: B\u1ea3o v\u1ec7 qu\u00e1 t\u1ea3i, ng\u1eafn m\u1ea1ch tr\u1ecdng m\u1ea1ng \u0111i\u1ec7n h\u1ea1 th\u1ebf S\u1eed d\u1ee5ng\u2026","rel":"","context":"Similar post","block_context":{"text":"Similar post","link":""},"img":{"alt_text":"","src":"https:\/\/i0.wp.com\/tp-electric.vn\/wp-content\/uploads\/2023\/02\/fusse.png?fit=300%2C300&ssl=1&resize=350%2C200","width":350,"height":200},"classes":[]},{"id":2916,"url":"https:\/\/tp-electric.vn\/index.php\/san-pham\/aptomat-tu-dong-mcb-abb-3p\/","url_meta":{"origin":3355,"position":3},"title":"APTOMAT T\u1ef0 \u0110\u1ed8NG MCB ABB 3P","author":"","date":"11\/02\/2023","format":false,"excerpt":"Aptomat MCB S200P ABB d\u00f2ng series \u0111\u1ea1t c\u00e1c ti\u00eau chu\u1ea9n qu\u1ed1c t\u1ebf mang \u0111\u1ebfn gi\u1ea3i ph\u00e1p b\u1ea3o v\u1ec7 qu\u00e1 t\u1ea3i, ng\u1eafn m\u1ea1ch cho h\u1ec7 th\u1ed1ng \u0111i\u1ec7n to\u00e0 nh\u00e0, c\u00f4ng nghi\u1ec7p. \u01afU \u0110I\u1ec2M: Gi\u1ea3i ph\u00e1p s\u1eed d\u1ee5ng cho \u0111i\u1ec7n d\u00e2n d\u1ee5ng, c\u00f4ng nghi\u1ec7p \u0110\u1ea1t ti\u00eau chu\u1ea9n qu\u1ed1c t\u1ebf v\u1ec1 ch\u1ea5t l\u01b0\u1ee3ng,\u2026","rel":"","context":"Similar post","block_context":{"text":"Similar post","link":""},"img":{"alt_text":"","src":"https:\/\/i0.wp.com\/tp-electric.vn\/wp-content\/uploads\/2023\/02\/3-2.png?fit=600%2C450&ssl=1&resize=350%2C200","width":350,"height":200},"classes":[]},{"id":2942,"url":"https:\/\/tp-electric.vn\/index.php\/san-pham\/aptomat-mccb-formula-abb\/","url_meta":{"origin":3355,"position":4},"title":"APTOMAT MCCB FORMULA ABB","author":"","date":"13\/02\/2023","format":false,"excerpt":"Aptomat MCCB Formula ABB \u0111\u01b0\u1ee3c s\u1ea3n xu\u1ea5t t\u1ea1i \u00dd theo quy tr\u00ecnh ki\u1ec3m tra nghi\u00eam ng\u1eb7t v\u1ec1 ch\u1ea5t l\u01b0\u1ee3ng, \u0111\u1ed9 an to\u00e0n, c\u00f3 kh\u1ea3 n\u0103ng ng\u1eafn m\u1ea1ch, b\u1ea3o v\u1ec7 thi\u1ebft b\u1ecb c\u00f3 d\u00f2ng \u0111\u1ecbnh m\u1ee9c 630A. \u00a0\u01afU \u0110I\u1ec2M: \u0110\u01b0\u1ee3c s\u1ea3n xu\u1ea5t t\u1ea1i \u00dd, \u0111\u00e1p \u1ee9ng ti\u00eau chu\u1ea9n IEC60947-2 Ng\u1eaft m\u1ea1ch\u2026","rel":"","context":"Similar post","block_context":{"text":"Similar post","link":""},"img":{"alt_text":"","src":"https:\/\/i0.wp.com\/tp-electric.vn\/wp-content\/uploads\/2023\/02\/MCCB-FORMULA.png?fit=1200%2C1200&ssl=1&resize=350%2C200","width":350,"height":200,"srcset":"https:\/\/i0.wp.com\/tp-electric.vn\/wp-content\/uploads\/2023\/02\/MCCB-FORMULA.png?fit=1200%2C1200&ssl=1&resize=350%2C200 1x, https:\/\/i0.wp.com\/tp-electric.vn\/wp-content\/uploads\/2023\/02\/MCCB-FORMULA.png?fit=1200%2C1200&ssl=1&resize=700%2C400 2x, https:\/\/i0.wp.com\/tp-electric.vn\/wp-content\/uploads\/2023\/02\/MCCB-FORMULA.png?fit=1200%2C1200&ssl=1&resize=1050%2C600 3x"},"classes":[]},{"id":2692,"url":"https:\/\/tp-electric.vn\/index.php\/san-pham\/mccb-sigma-3p-160a\/","url_meta":{"origin":3355,"position":5},"title":"MCCB SIGMA 3P","author":"","date":"07\/02\/2023","format":false,"excerpt":"\u00a0 \u00a0 MCCB Sigma\u00a0 \u0111\u01b0\u1ee3c s\u1ea3n xu\u1ea5t t\u1ea1i Th\u1ed5 Nh\u0129 K\u1ef3 theo ti\u00eau chu\u1ea9n TS 1058 EN 60947-2 Ch\u1ee9c n\u0103ng ch\u00ednh: M\u1edf v\u00e0 \u0111\u00f3ng m\u1ea1ch B\u1ea3o v\u1ec7 ch\u1ed1ng d\u00f2ng \u0111i\u1ec7n qu\u00e1 t\u1ea3i B\u1ea3o v\u1ec7 ch\u1ed1ng d\u00f2ng \u0111i\u1ec7n ng\u1eafn m\u1ea1ch C\u00e1c t\u00ednh n\u0103ng ch\u00ednh D\u1ea3i d\u00f2ng \u0111i\u1ec7n \u0111\u1ecbnh m\u1ee9c t\u1eeb Idm:\u2026","rel":"","context":"Similar post","block_context":{"text":"Similar post","link":""},"img":{"alt_text":"","src":"https:\/\/i0.wp.com\/tp-electric.vn\/wp-content\/uploads\/2023\/02\/mccb-khoi-3p.jpg?fit=1000%2C1000&ssl=1&resize=350%2C200","width":350,"height":200,"srcset":"https:\/\/i0.wp.com\/tp-electric.vn\/wp-content\/uploads\/2023\/02\/mccb-khoi-3p.jpg?fit=1000%2C1000&ssl=1&resize=350%2C200 1x, https:\/\/i0.wp.com\/tp-electric.vn\/wp-content\/uploads\/2023\/02\/mccb-khoi-3p.jpg?fit=1000%2C1000&ssl=1&resize=700%2C400 2x"},"classes":[]}],"_links":{"self":[{"href":"https:\/\/tp-electric.vn\/index.php\/wp-json\/wp\/v2\/product\/3355"}],"collection":[{"href":"https:\/\/tp-electric.vn\/index.php\/wp-json\/wp\/v2\/product"}],"about":[{"href":"https:\/\/tp-electric.vn\/index.php\/wp-json\/wp\/v2\/types\/product"}],"replies":[{"embeddable":true,"href":"https:\/\/tp-electric.vn\/index.php\/wp-json\/wp\/v2\/comments?post=3355"}],"wp:featuredmedia":[{"embeddable":true,"href":"https:\/\/tp-electric.vn\/index.php\/wp-json\/wp\/v2\/media\/3354"}],"wp:attachment":[{"href":"https:\/\/tp-electric.vn\/index.php\/wp-json\/wp\/v2\/media?parent=3355"}],"wp:term":[{"taxonomy":"product_cat","embeddable":true,"href":"https:\/\/tp-electric.vn\/index.php\/wp-json\/wp\/v2\/product_cat?post=3355"},{"taxonomy":"product_tag","embeddable":true,"href":"https:\/\/tp-electric.vn\/index.php\/wp-json\/wp\/v2\/product_tag?post=3355"}],"curies":[{"name":"wp","href":"https:\/\/api.w.org\/{rel}","templated":true}]}}