{"id":3334,"date":"2023-02-27T09:38:37","date_gmt":"2023-02-27T02:38:37","guid":{"rendered":"https:\/\/tp-electric.vn\/?post_type=product&#038;p=3334"},"modified":"2024-12-12T15:10:27","modified_gmt":"2024-12-12T08:10:27","slug":"den-duong-led-mm-tss05","status":"publish","type":"product","link":"https:\/\/tp-electric.vn\/index.php\/san-pham\/den-duong-led-mm-tss05\/","title":{"rendered":"\u0110\u00c8N \u0110\u01af\u1edcNG LED MM &#8211; TSS05"},"content":{"rendered":"<p><strong>Th\u00f4ng Tin S\u1ea3n Ph\u1ea9m:<\/strong><br \/>\n&#8211; M\u00e3 s\u1ea3n ph\u1ea9m : MM &#8211; TSS05<br \/>\n&#8211; C\u00f4ng su\u1ea5t : 50W &#8211; 220W<br \/>\n&#8211; \u0110i\u1ec7n \u00e1p ho\u1ea1t \u0111\u1ed9ng : 220 \u2013 240V \/ 50 &#8211; 60Hz<br \/>\n&#8211; H\u1ec7 s\u1ed1 c\u00f4ng su\u1ea5t : &gt;0.9<br \/>\n&#8211; Hi\u1ec7u su\u1ea5t ph\u00e1t quang c\u1ee7a b\u1ed9 \u0111\u00e8n : &gt;100 &#8211; 130 Lm\/W<br \/>\n&#8211; Nhi\u1ec7t \u0111\u1ed9 m\u00e0u (CCT) : 3000K &#8211; 6000K<br \/>\n&#8211; Ch\u1ec9 s\u1ed1 ho\u00e0n m\u00e0u (CRI) : &gt;80<br \/>\n&#8211; G\u00f3c chi\u1ebfu : 60 \/ 120 \/ 45&#215;120 \/ 60&#215;120 \u0111\u1ed9<br \/>\n&#8211; Chip LED: Cree \/ Philips \/ Bridgelux \/ Nichia<br \/>\n&#8211; Ngu\u1ed3n LED: Meanwell \/ Philips \/ Done<br \/>\n&#8211; \u0110i\u1ec1u khi\u1ec3n : T\u1eaft-m\u1edf \/ 5 c\u1ea5p \/ 0-10V<br \/>\n&#8211; Ti\u00eau chu\u1ea9n b\u1ea3o v\u1ec7 : IP66 v\u00e0 IK08<br \/>\n&#8211; Ch\u1ed1ng s\u00e9t : 10KV \/ 15KV \/ 20KV<br \/>\n&#8211; Ch\u1ea5t li\u1ec7u v\u1ecf : H\u1ee3p kim nh\u00f4m<br \/>\n&#8211; M\u00e0u s\u1eafc : X\u00e1m tr\u1eafng<br \/>\n&#8211; Tu\u1ed5i th\u1ecd : 50.000 gi\u1edd<br \/>\n&#8211; \u0110\u01b0\u1eddng k\u00ednh c\u1ea7n \u0111\u00e8n : \u00d860<br \/>\n&#8211; \u1ee8ng d\u1ee5ng : chi\u1ebfu s\u00e1ng \u0111\u01b0\u1eddng ph\u1ed1, cao t\u1ed1c, \u0111\u01b0\u1eddng n\u1ed9i khu, khu c\u00f4ng nghi\u1ec7p&#8230;<\/p>\n<p><strong>Th\u00f4ng Tin K\u00edch Th\u01b0\u1edbc:<\/strong><\/p>\n<table style=\"height: 173px;\" border=\"1\" width=\"646\" cellspacing=\"0\" cellpadding=\"0\">\n<tbody>\n<tr>\n<td style=\"width: 642.8px;\" colspan=\"2\">\n<p align=\"center\"><strong>MM \u2013 TSS05<\/strong><\/p>\n<\/td>\n<\/tr>\n<tr>\n<td style=\"width: 194.438px; text-align: center;\"><strong>50W<\/strong><\/td>\n<td style=\"width: 446.763px;\">\n<p align=\"center\"><strong>422x320x140<\/strong><\/p>\n<\/td>\n<\/tr>\n<tr>\n<td style=\"width: 194.438px; text-align: center;\"><strong>150W<\/strong><\/td>\n<td style=\"width: 446.763px;\">\n<p align=\"center\"><strong>522x320x140<\/strong><\/p>\n<\/td>\n<\/tr>\n<tr>\n<td style=\"width: 194.438px; text-align: center;\"><strong>220W<\/strong><\/td>\n<td style=\"width: 446.763px;\">\n<p align=\"center\"><strong>853x320x140<\/strong><\/p>\n<\/td>\n<\/tr>\n<\/tbody>\n<\/table>\n","protected":false},"excerpt":{"rendered":"<ul>\n<li>T\u1ea3i\u00a0<a href=\"https:\/\/drive.google.com\/file\/d\/1Zz6RLbLepfX8B3G3g8Uhn77WB1syFo1q\/view?usp=share_link\">CATALOGUE S\u1ea2N PH\u1ea8M<\/a><\/li>\n<\/ul>\n","protected":false},"featured_media":3335,"comment_status":"open","ping_status":"closed","template":"","meta":[],"product_cat":[247],"product_tag":[],"jetpack-related-posts":[{"id":3327,"url":"https:\/\/tp-electric.vn\/index.php\/san-pham\/den-duong-led-mm-tss04\/","url_meta":{"origin":3334,"position":0},"title":"\u0110\u00c8N \u0110\u01af\u1edcNG LED MM &#8211; TSS04","author":"","date":"27\/02\/2023","format":false,"excerpt":"T\u1ea3i\u00a0CATALOGUE S\u1ea2N PH\u1ea8M","rel":"","context":"Similar post","block_context":{"text":"Similar post","link":""},"img":{"alt_text":"","src":"https:\/\/i0.wp.com\/tp-electric.vn\/wp-content\/uploads\/2023\/02\/MM-TSS04-1.png?fit=512%2C512&ssl=1&resize=350%2C200","width":350,"height":200},"classes":[]},{"id":3339,"url":"https:\/\/tp-electric.vn\/index.php\/san-pham\/den-duong-led-mm-tss06\/","url_meta":{"origin":3334,"position":1},"title":"\u0110\u00c8N \u0110\u01af\u1edcNG LED MM &#8211; TSS06","author":"","date":"27\/02\/2023","format":false,"excerpt":"Th\u00f4ng Tin S\u1ea3n Ph\u1ea9m: - M\u00e3 s\u1ea3n ph\u1ea9m : MM - TSS06 - C\u00f4ng su\u1ea5t : 50W - 320W - \u0110i\u1ec7n \u00e1p ho\u1ea1t \u0111\u1ed9ng : 220 \u2013 240V \/ 50 - 60Hz - H\u1ec7 s\u1ed1 c\u00f4ng su\u1ea5t : >0.9 - Hi\u1ec7u su\u1ea5t ph\u00e1t quang c\u1ee7a b\u1ed9 \u0111\u00e8n : >100 -\u2026","rel":"","context":"Similar post","block_context":{"text":"Similar post","link":""},"img":{"alt_text":"","src":"https:\/\/i0.wp.com\/tp-electric.vn\/wp-content\/uploads\/2023\/02\/MM-TSS06-1.png?fit=512%2C512&ssl=1&resize=350%2C200","width":350,"height":200},"classes":[]},{"id":3343,"url":"https:\/\/tp-electric.vn\/index.php\/san-pham\/den-duong-led-mm-tss07\/","url_meta":{"origin":3334,"position":2},"title":"\u0110\u00c8N \u0110\u01af\u1edcNG LED MM &#8211; TSS07","author":"","date":"27\/02\/2023","format":false,"excerpt":"\u2013 M\u00e3 s\u1ea3n ph\u1ea9m : MM \u2013 TSS07","rel":"","context":"Similar post","block_context":{"text":"Similar post","link":""},"img":{"alt_text":"","src":"https:\/\/i0.wp.com\/tp-electric.vn\/wp-content\/uploads\/2023\/02\/MM-TSS07-1.png?fit=512%2C512&ssl=1&resize=350%2C200","width":350,"height":200},"classes":[]},{"id":3321,"url":"https:\/\/tp-electric.vn\/index.php\/san-pham\/den-duong-led-rylai\/","url_meta":{"origin":3334,"position":3},"title":"\u0110\u00c8N \u0110\u01af\u1edcNG LED RYLAI","author":"","date":"27\/02\/2023","format":false,"excerpt":"- M\u00e3 s\u1ea3n ph\u1ea9m : RYLAI T\u1ea3i\u00a0CATALOGUE S\u1ea2N PH\u1ea8M","rel":"","context":"Similar post","block_context":{"text":"Similar post","link":""},"img":{"alt_text":"","src":"https:\/\/i0.wp.com\/tp-electric.vn\/wp-content\/uploads\/2023\/02\/RYLAI-1.png?fit=512%2C512&ssl=1&resize=350%2C200","width":350,"height":200},"classes":[]},{"id":3368,"url":"https:\/\/tp-electric.vn\/index.php\/san-pham\/den-duong-led-mm-tss10\/","url_meta":{"origin":3334,"position":4},"title":"\u0110\u00c8N \u0110\u01af\u1edcNG LED MM \u2013 TSS10","author":"","date":"01\/03\/2023","format":false,"excerpt":"'- M\u00e3 s\u1ea3n ph\u1ea9m : MM - TSS10","rel":"","context":"Similar post","block_context":{"text":"Similar post","link":""},"img":{"alt_text":"","src":"https:\/\/i0.wp.com\/tp-electric.vn\/wp-content\/uploads\/2023\/03\/MM-TSS010-1.png?fit=300%2C300&ssl=1&resize=350%2C200","width":350,"height":200},"classes":[]},{"id":3357,"url":"https:\/\/tp-electric.vn\/index.php\/san-pham\/den-duong-led-mm-tss08\/","url_meta":{"origin":3334,"position":5},"title":"\u0110\u00c8N \u0110\u01af\u1edcNG LED MM &#8211; TSS08","author":"","date":"01\/03\/2023","format":false,"excerpt":"\u0110\u00c8N \u0110\u01af\u1edcNG LED MM - TSS08","rel":"","context":"Similar post","block_context":{"text":"Similar post","link":""},"img":{"alt_text":"","src":"https:\/\/i0.wp.com\/tp-electric.vn\/wp-content\/uploads\/2023\/03\/MM-TSS08-1.png?fit=300%2C300&ssl=1&resize=350%2C200","width":350,"height":200},"classes":[]}],"_links":{"self":[{"href":"https:\/\/tp-electric.vn\/index.php\/wp-json\/wp\/v2\/product\/3334"}],"collection":[{"href":"https:\/\/tp-electric.vn\/index.php\/wp-json\/wp\/v2\/product"}],"about":[{"href":"https:\/\/tp-electric.vn\/index.php\/wp-json\/wp\/v2\/types\/product"}],"replies":[{"embeddable":true,"href":"https:\/\/tp-electric.vn\/index.php\/wp-json\/wp\/v2\/comments?post=3334"}],"wp:featuredmedia":[{"embeddable":true,"href":"https:\/\/tp-electric.vn\/index.php\/wp-json\/wp\/v2\/media\/3335"}],"wp:attachment":[{"href":"https:\/\/tp-electric.vn\/index.php\/wp-json\/wp\/v2\/media?parent=3334"}],"wp:term":[{"taxonomy":"product_cat","embeddable":true,"href":"https:\/\/tp-electric.vn\/index.php\/wp-json\/wp\/v2\/product_cat?post=3334"},{"taxonomy":"product_tag","embeddable":true,"href":"https:\/\/tp-electric.vn\/index.php\/wp-json\/wp\/v2\/product_tag?post=3334"}],"curies":[{"name":"wp","href":"https:\/\/api.w.org\/{rel}","templated":true}]}}