{"id":3321,"date":"2023-02-27T09:17:42","date_gmt":"2023-02-27T02:17:42","guid":{"rendered":"https:\/\/tp-electric.vn\/?post_type=product&#038;p=3321"},"modified":"2024-12-12T15:10:27","modified_gmt":"2024-12-12T08:10:27","slug":"den-duong-led-rylai","status":"publish","type":"product","link":"https:\/\/tp-electric.vn\/index.php\/san-pham\/den-duong-led-rylai\/","title":{"rendered":"\u0110\u00c8N \u0110\u01af\u1edcNG LED RYLAI"},"content":{"rendered":"<p><strong>Th\u00f4ng Tin S\u1ea3n Ph\u1ea9m:<\/strong><br \/>\n&#8211; M\u00e3 s\u1ea3n ph\u1ea9m : RYLAI<br \/>\n&#8211; C\u00f4ng su\u1ea5t : 50W &#8211; 200W<br \/>\n&#8211; \u0110i\u1ec7n \u00e1p ho\u1ea1t \u0111\u1ed9ng : 220 \u2013 240V \/ 50 &#8211; 60Hz<br \/>\n&#8211; H\u1ec7 s\u1ed1 c\u00f4ng su\u1ea5t : &gt;0.9<br \/>\n&#8211; Hi\u1ec7u su\u1ea5t : &gt;100 &#8211; 130 Lm\/W<br \/>\n&#8211; Nhi\u1ec7t \u0111\u1ed9 m\u00e0u (CCT) : 3000K &#8211; 6000K<br \/>\n&#8211; Ch\u1ec9 s\u1ed1 ho\u00e0n m\u00e0u (CRI) : &gt;80<br \/>\n&#8211; G\u00f3c chi\u1ebfu : 60 \/ 120 \/ 45&#215;120 \/ 60&#215;120 \u0111\u1ed9<br \/>\n&#8211; Chip LED: Cree \/ Philips \/ Bridgelux \/ Nichia<br \/>\n&#8211; Ngu\u1ed3n LED: Meanwell \/ Philips \/ Done<br \/>\n&#8211; \u0110i\u1ec1u khi\u1ec3n : T\u1eaft-m\u1edf \/ 5 c\u1ea5p \/ 0-10V<br \/>\n&#8211; Ti\u00eau chu\u1ea9n b\u1ea3o v\u1ec7 : IP66 v\u00e0 IK08<br \/>\n&#8211; Ch\u1ed1ng s\u00e9t : 10KV \/ 15KV \/ 20KV<br \/>\n&#8211; Ch\u1ea5t li\u1ec7u v\u1ecf : H\u1ee3p kim nh\u00f4m<br \/>\n&#8211; M\u00e0u s\u1eafc : X\u00e1m tr\u1eafng<br \/>\n&#8211; Tu\u1ed5i th\u1ecd : 50.000 gi\u1edd<br \/>\n&#8211; \u0110\u01b0\u1eddng k\u00ednh c\u1ea7n \u0111\u00e8n : \u00d860<br \/>\n&#8211; \u1ee8ng d\u1ee5ng : chi\u1ebfu s\u00e1ng \u0111\u01b0\u1eddng ph\u1ed1, cao t\u1ed1c, \u0111\u01b0\u1eddng n\u1ed9i khu, khu c\u00f4ng nghi\u1ec7p&#8230;<\/p>\n<p><strong>Th\u00f4ng Tin K\u00edch Th\u01b0\u1edbc:<\/strong><\/p>\n<table style=\"height: 145px; width: 1051px;\" border=\"1\" cellspacing=\"0\" cellpadding=\"0\">\n<tbody>\n<tr>\n<td style=\"width: 1046px;\" colspan=\"2\">\n<p align=\"center\"><strong>RYLAI<\/strong><\/p>\n<\/td>\n<\/tr>\n<tr>\n<td style=\"width: 558.785px; text-align: center;\"><strong>50 \u2013 100W<\/strong><\/td>\n<td style=\"width: 487.215px;\">\n<p align=\"center\"><strong>640x280x126<\/strong><\/p>\n<\/td>\n<\/tr>\n<tr>\n<td style=\"width: 558.785px; text-align: center;\"><strong>150 \u2013 200W<\/strong><\/td>\n<td style=\"width: 487.215px;\">\n<p align=\"center\"><strong>750x336x128<\/strong><\/p>\n<\/td>\n<\/tr>\n<\/tbody>\n<\/table>\n<div dir=\"auto\">&#8212;&#8212;&#8212;&#8212;&#8212;&#8212;&#8212;&#8212;&#8212;&#8212;&#8212;&#8212;&#8212;&#8212;<\/div>\n<div dir=\"auto\">CH\u1eccN THU\u1eacN PHONG &#8211; CH\u1eccN S\u1ef0 AN T\u00c2M<\/div>\n<div dir=\"auto\"><span class=\"html-span xexx8yu x4uap5 x18d9i69 xkhd6sd x1hl2dhg x16tdsg8 x1vvkbs x3nfvp2 x1j61x8r x1fcty0u xdj266r xat24cr xgzva0m xhhsvwb xxymvpz xlup9mm x1kky2od\"><img decoding=\"async\" loading=\"lazy\" class=\"xz74otr\" src=\"https:\/\/static.xx.fbcdn.net\/images\/emoji.php\/v9\/t4c\/1\/16\/25aa.png\" alt=\"\u25aa\" width=\"16\" height=\"16\" \/><\/span> Hotline: 0869.564.567<\/div>\n<div dir=\"auto\"><span class=\"html-span xexx8yu x4uap5 x18d9i69 xkhd6sd x1hl2dhg x16tdsg8 x1vvkbs x3nfvp2 x1j61x8r x1fcty0u xdj266r xat24cr xgzva0m xhhsvwb xxymvpz xlup9mm x1kky2od\"><img decoding=\"async\" loading=\"lazy\" class=\"xz74otr\" src=\"https:\/\/static.xx.fbcdn.net\/images\/emoji.php\/v9\/t4c\/1\/16\/25aa.png\" alt=\"\u25aa\" width=\"16\" height=\"16\" \/><\/span> K\u1ef9 thu\u1eadt: Mr D\u0169ng 0899768777<\/div>\n<div dir=\"auto\"><span class=\"html-span xexx8yu x4uap5 x18d9i69 xkhd6sd x1hl2dhg x16tdsg8 x1vvkbs x3nfvp2 x1j61x8r x1fcty0u xdj266r xat24cr xgzva0m xhhsvwb xxymvpz xlup9mm x1kky2od\"><img decoding=\"async\" loading=\"lazy\" class=\"xz74otr\" src=\"https:\/\/static.xx.fbcdn.net\/images\/emoji.php\/v9\/t4c\/1\/16\/25aa.png\" alt=\"\u25aa\" width=\"16\" height=\"16\" \/><\/span> Tr\u1ee5 s\u1edf ch\u00ednh: 30 Nguy\u1ec5n H\u1eefu D\u1eadt, ph\u01b0\u1eddng Nam L\u00fd, th\u00e0nh ph\u1ed1 \u0110\u1ed3ng H\u1edbi, t\u1ec9nh Qu\u1ea3ng B\u00ecnh, Vi\u1ec7t Nam<\/div>\n<div dir=\"auto\"><span class=\"html-span xexx8yu x4uap5 x18d9i69 xkhd6sd x1hl2dhg x16tdsg8 x1vvkbs x3nfvp2 x1j61x8r x1fcty0u xdj266r xat24cr xgzva0m xhhsvwb xxymvpz xlup9mm x1kky2od\"><img decoding=\"async\" loading=\"lazy\" class=\"xz74otr\" src=\"https:\/\/static.xx.fbcdn.net\/images\/emoji.php\/v9\/t4c\/1\/16\/25aa.png\" alt=\"\u25aa\" width=\"16\" height=\"16\" \/><\/span> Tr\u1ee5 s\u1edf H\u00e0 N\u1ed9i: Nh\u00e0 ph\u1ed1 th\u01b0\u01a1ng m\u1ea1i Khai S\u01a1n Town s\u1ed1 18 thu\u1ed9c Town 7, khu \u0111\u00f4 th\u1ecb Khai S\u01a1n City, Ph\u01b0\u1eddng Th\u01b0\u1ee3ng Thanh, Qu\u1eadn Long Bi\u00ean, TP H\u00e0 N\u1ed9i<\/div>\n","protected":false},"excerpt":{"rendered":"<ul>\n<li>&#8211; M\u00e3 s\u1ea3n ph\u1ea9m : RYLAI<\/li>\n<li>T\u1ea3i\u00a0<a href=\"https:\/\/drive.google.com\/file\/d\/1Zz6RLbLepfX8B3G3g8Uhn77WB1syFo1q\/view?usp=share_link\">CATALOGUE S\u1ea2N PH\u1ea8M<\/a><\/li>\n<\/ul>\n","protected":false},"featured_media":3322,"comment_status":"open","ping_status":"closed","template":"","meta":[],"product_cat":[247],"product_tag":[321,322,317],"jetpack-related-posts":[{"id":3327,"url":"https:\/\/tp-electric.vn\/index.php\/san-pham\/den-duong-led-mm-tss04\/","url_meta":{"origin":3321,"position":0},"title":"\u0110\u00c8N \u0110\u01af\u1edcNG LED MM &#8211; TSS04","author":"","date":"27\/02\/2023","format":false,"excerpt":"T\u1ea3i\u00a0CATALOGUE S\u1ea2N PH\u1ea8M","rel":"","context":"Similar post","block_context":{"text":"Similar post","link":""},"img":{"alt_text":"","src":"https:\/\/i0.wp.com\/tp-electric.vn\/wp-content\/uploads\/2023\/02\/MM-TSS04-1.png?fit=512%2C512&ssl=1&resize=350%2C200","width":350,"height":200},"classes":[]},{"id":3334,"url":"https:\/\/tp-electric.vn\/index.php\/san-pham\/den-duong-led-mm-tss05\/","url_meta":{"origin":3321,"position":1},"title":"\u0110\u00c8N \u0110\u01af\u1edcNG LED MM &#8211; TSS05","author":"","date":"27\/02\/2023","format":false,"excerpt":"T\u1ea3i\u00a0CATALOGUE S\u1ea2N PH\u1ea8M","rel":"","context":"Similar post","block_context":{"text":"Similar post","link":""},"img":{"alt_text":"","src":"https:\/\/i0.wp.com\/tp-electric.vn\/wp-content\/uploads\/2023\/02\/MM-TSS05-1.png?fit=512%2C512&ssl=1&resize=350%2C200","width":350,"height":200},"classes":[]},{"id":3339,"url":"https:\/\/tp-electric.vn\/index.php\/san-pham\/den-duong-led-mm-tss06\/","url_meta":{"origin":3321,"position":2},"title":"\u0110\u00c8N \u0110\u01af\u1edcNG LED MM &#8211; TSS06","author":"","date":"27\/02\/2023","format":false,"excerpt":"Th\u00f4ng Tin S\u1ea3n Ph\u1ea9m: - M\u00e3 s\u1ea3n ph\u1ea9m : MM - TSS06 - C\u00f4ng su\u1ea5t : 50W - 320W - \u0110i\u1ec7n \u00e1p ho\u1ea1t \u0111\u1ed9ng : 220 \u2013 240V \/ 50 - 60Hz - H\u1ec7 s\u1ed1 c\u00f4ng su\u1ea5t : >0.9 - Hi\u1ec7u su\u1ea5t ph\u00e1t quang c\u1ee7a b\u1ed9 \u0111\u00e8n : >100 -\u2026","rel":"","context":"Similar post","block_context":{"text":"Similar post","link":""},"img":{"alt_text":"","src":"https:\/\/i0.wp.com\/tp-electric.vn\/wp-content\/uploads\/2023\/02\/MM-TSS06-1.png?fit=512%2C512&ssl=1&resize=350%2C200","width":350,"height":200},"classes":[]},{"id":3309,"url":"https:\/\/tp-electric.vn\/index.php\/san-pham\/den-duong-led-axis\/","url_meta":{"origin":3321,"position":3},"title":"\u0110\u00c8N \u0110\u01af\u1edcNG LED AXIS","author":"","date":"27\/02\/2023","format":false,"excerpt":"M\u00e3 s\u1ea3n ph\u1ea9m : AXIS T\u1ea3i CATALOGUE S\u1ea2N PH\u1ea8M","rel":"","context":"Similar post","block_context":{"text":"Similar post","link":""},"img":{"alt_text":"","src":"https:\/\/i0.wp.com\/tp-electric.vn\/wp-content\/uploads\/2023\/02\/AXIS-1.png?fit=512%2C512&ssl=1&resize=350%2C200","width":350,"height":200},"classes":[]},{"id":3368,"url":"https:\/\/tp-electric.vn\/index.php\/san-pham\/den-duong-led-mm-tss10\/","url_meta":{"origin":3321,"position":4},"title":"\u0110\u00c8N \u0110\u01af\u1edcNG LED MM \u2013 TSS10","author":"","date":"01\/03\/2023","format":false,"excerpt":"'- M\u00e3 s\u1ea3n ph\u1ea9m : MM - TSS10","rel":"","context":"Similar post","block_context":{"text":"Similar post","link":""},"img":{"alt_text":"","src":"https:\/\/i0.wp.com\/tp-electric.vn\/wp-content\/uploads\/2023\/03\/MM-TSS010-1.png?fit=300%2C300&ssl=1&resize=350%2C200","width":350,"height":200},"classes":[]},{"id":3315,"url":"https:\/\/tp-electric.vn\/index.php\/san-pham\/den-duong-led-orbit\/","url_meta":{"origin":3321,"position":5},"title":"\u0110\u00c8N \u0110\u01af\u1edcNG LED ORBIT","author":"","date":"27\/02\/2023","format":false,"excerpt":"- M\u00e3 s\u1ea3n ph\u1ea9m : ORBIT T\u1ea3i\u00a0CATALOGUE S\u1ea2N PH\u1ea8M","rel":"","context":"Similar post","block_context":{"text":"Similar post","link":""},"img":{"alt_text":"","src":"https:\/\/i0.wp.com\/tp-electric.vn\/wp-content\/uploads\/2023\/02\/ORBIT-1.png?fit=512%2C512&ssl=1&resize=350%2C200","width":350,"height":200},"classes":[]}],"_links":{"self":[{"href":"https:\/\/tp-electric.vn\/index.php\/wp-json\/wp\/v2\/product\/3321"}],"collection":[{"href":"https:\/\/tp-electric.vn\/index.php\/wp-json\/wp\/v2\/product"}],"about":[{"href":"https:\/\/tp-electric.vn\/index.php\/wp-json\/wp\/v2\/types\/product"}],"replies":[{"embeddable":true,"href":"https:\/\/tp-electric.vn\/index.php\/wp-json\/wp\/v2\/comments?post=3321"}],"wp:featuredmedia":[{"embeddable":true,"href":"https:\/\/tp-electric.vn\/index.php\/wp-json\/wp\/v2\/media\/3322"}],"wp:attachment":[{"href":"https:\/\/tp-electric.vn\/index.php\/wp-json\/wp\/v2\/media?parent=3321"}],"wp:term":[{"taxonomy":"product_cat","embeddable":true,"href":"https:\/\/tp-electric.vn\/index.php\/wp-json\/wp\/v2\/product_cat?post=3321"},{"taxonomy":"product_tag","embeddable":true,"href":"https:\/\/tp-electric.vn\/index.php\/wp-json\/wp\/v2\/product_tag?post=3321"}],"curies":[{"name":"wp","href":"https:\/\/api.w.org\/{rel}","templated":true}]}}