{"id":3303,"date":"2023-02-25T15:03:53","date_gmt":"2023-02-25T08:03:53","guid":{"rendered":"https:\/\/tp-electric.vn\/?post_type=product&#038;p=3303"},"modified":"2024-12-12T15:10:27","modified_gmt":"2024-12-12T08:10:27","slug":"cau-giao-gat-tay-ot-oetl-abb","status":"publish","type":"product","link":"https:\/\/tp-electric.vn\/index.php\/san-pham\/cau-giao-gat-tay-ot-oetl-abb\/","title":{"rendered":"C\u1ea6U GIAO G\u1ea0T TAY OT, OETL ABB"},"content":{"rendered":"<h2><strong>Th\u00f4ng s\u1ed1 k\u1ef9 thu\u1eadt<\/strong><\/h2>\n<ul>\n<li>T\u00ean model:<strong>\u00a0<\/strong>OT, OETL<\/li>\n<li>D\u00f2ng \u0111i\u1ec7n \u0111\u1ecbnh m\u1ee9c: 16A \u2013 2500A<\/li>\n<li>Ch\u1ec9 s\u1ed1 IP: 65<\/li>\n<li>Ch\u1ea5t li\u1ec7u s\u1ea3n xu\u1ea5t: nh\u1ef1a cao c\u1ea5p<\/li>\n<li>Ti\u00eau chu\u1ea9n s\u1ea3n xu\u1ea5t: 60947 \u2013 3<\/li>\n<\/ul>\n<h3><strong>\u0110\u1eb7c \u0111i\u1ec3m ch\u1ee9c n\u0103ng<\/strong><\/h3>\n<p>V\u1edbi m\u1ed9t v\u00e0i \u0111\u1eb7c \u0111i\u1ec3m n\u1ed5i b\u1eadt c\u1ee7a c\u1ea7u giao g\u1ea1t tay OT, OETL ABB<strong>\u00a0<\/strong>d\u01b0\u1edbi \u0111\u00e2y, ng\u01b0\u1eddi d\u00f9ng c\u00f3 th\u1ec3 ho\u00e0n to\u00e0n y\u00ean t\u00e2m khi l\u1ef1a ch\u1ecdn kh\u00ed c\u1ee5 \u0111i\u1ec7n n\u00e0y \u0111\u1ec3 s\u1eed d\u1ee5ng trong h\u1ec7 th\u1ed1ng \u0111i\u1ec7n c\u1ee7a m\u00ecnh.<\/p>\n<ul>\n<li>S\u1ea3n ph\u1ea9m c\u00f3 d\u00f2ng \u0111i\u1ec7n \u0111\u1ecbnh m\u1ee9c l\u1edbn, t\u1eeb 16A \u0111\u1ebfn 2500A n\u00ean n\u00f3 c\u00f3 th\u1ec3 mang \u0111\u1ebfn cho ng\u01b0\u1eddi d\u00f9ng s\u1ef1 l\u1ef1a ch\u1ecdn ph\u00f9 h\u1ee3p v\u1edbi c\u00f4ng su\u1ea5t ti\u00eau th\u1ee5 c\u1ee7a c\u00e1c thi\u1ebft b\u1ecb \u0111i\u1ec7n trong h\u1ec7 th\u1ed1ng.<\/li>\n<li>ABB \u0111\u00e3 thi\u1ebft k\u1ebf s\u1ea3n ph\u1ea9m c\u00f3 th\u1ec3 l\u1eafp \u0111\u01b0\u1ee3c tr\u00ean Din rail. Ngo\u00e0i ra, thi\u1ebft b\u1ecb n\u00e0y c\u00f2n c\u00f3 tay v\u1eb7n tr\u1ef1c ti\u1ebfp ho\u1eb7c n\u1ed1i d\u00e0i \u0111\u1ec3 ng\u01b0\u1eddi d\u00f9ng l\u1ef1a ch\u1ecdn sao cho ph\u00f9 h\u1ee3p v\u1edbi nhu c\u1ea7u s\u1eed d\u1ee5ng c\u1ee7a m\u00ecnh.<\/li>\n<li>Thi\u1ebft k\u1ebf s\u1ea3n ph\u1ea9m c\u00f3 th\u1ec3 gi\u00fap ng\u1eaft m\u1ea1ch \u0111i\u1ec7n nhanh ch\u00f3ng khi ph\u00e1t hi\u1ec7n c\u00e1c s\u1ef1 c\u1ed1 qu\u00e1 t\u1ea3i hay ng\u1eafn m\u1ea1ch. T\u1eeb \u0111\u00f3 gi\u00fap b\u1ea3o v\u1ec7 an to\u00e0n cho c\u00e1c thi\u1ebft b\u1ecb \u0111i\u1ec7n c\u0169ng nh\u01b0 ng\u01b0\u1eddi d\u00f9ng m\u1ed9t c\u00e1ch tuy\u1ec7t \u0111\u1ed1i.<\/li>\n<li>V\u1edbi \u0111\u1ed9 k\u00edn IP65 th\u00ec kh\u00ed c\u1ee5 \u0111i\u1ec7n n\u00e0y ho\u00e0n to\u00e0n c\u00f3 kh\u1ea3 n\u0103ng ch\u1ed1ng th\u1ea5m n\u01b0\u1edbc, ch\u1ed1ng c\u00f4n tr\u00f9ng hay b\u1ee5i b\u1ea9n x\u00e2m nh\u1eadp v\u00e0o b\u00ean trong. \u0110i\u1ec1u n\u00e0y gi\u00fap thi\u1ebft b\u1ecb ho\u1ea1t \u0111\u1ed9ng \u1ed5n \u0111\u1ecbnh v\u00e0 b\u1ec1n l\u00e2u h\u01a1n. T\u1eeb \u0111\u00f3, ng\u01b0\u1eddi d\u00f9ng s\u1ebd ti\u1ebft ki\u1ec7m \u0111\u01b0\u1ee3c chi ph\u00ed b\u1ea3o tr\u00ec hay thay m\u1edbi thi\u1ebft b\u1ecb \u1edf m\u1ee9c th\u1ea5p nh\u1ea5t.<\/li>\n<li>Th\u01b0\u01a1ng hi\u1ec7u ABB \u0111\u00e3 s\u1eed d\u1ee5ng ngu\u1ed3n nguy\u00ean li\u1ec7u cao c\u1ea5p \u0111\u1ec3 s\u1ea3n xu\u1ea5t n\u00ean c\u1ea7u giao. V\u00ec th\u1ebf, thi\u1ebft b\u1ecb n\u00e0y kh\u00f4ng ch\u1ec9 c\u00f3 kh\u1ea3 n\u0103ng ho\u1ea1t \u0111\u1ed9ng t\u1ed1t, b\u1ea3o v\u1ec7 an to\u00e0n cho h\u1ec7 th\u1ed1ng \u0111i\u1ec7n m\u00e0 c\u00f2n r\u1ea5t an to\u00e0n cho ng\u01b0\u1eddi d\u00f9ng c\u0169ng nh\u01b0 th\u00e2n thi\u1ec7n v\u1edbi m\u00f4i tr\u01b0\u1eddng s\u1ed1ng xung quanh.<\/li>\n<li>Thi\u1ebft b\u1ecb \u0111\u01b0\u1ee3c s\u1ea3n xu\u1ea5t theo ti\u00eau chu\u1ea9n ch\u1ea5t l\u01b0\u1ee3ng qu\u1ed1c t\u1ebf EIC 60947-3 n\u00ean \u0111\u1ea3m b\u1ea3o ch\u1ea5t l\u01b0\u1ee3ng v\u01b0\u1ee3t tr\u1ed9i v\u00e0 c\u00f3 t\u00ednh c\u1ea1nh tranh cao so v\u1edbi c\u00e1c th\u01b0\u01a1ng hi\u1ec7u kh\u00e1c tr\u00ean th\u1ecb tr\u01b0\u1eddng.<\/li>\n<\/ul>\n","protected":false},"excerpt":{"rendered":"<div class=\"desc\">C\u1ea7u giao g\u1ea1t tay OT OETL ABB lo\u1ea1i c\u1ea7u giao c\u1eaft t\u1ea3i \u0111\u01b0\u1ee3c s\u1ea3n xu\u1ea5t t\u1ea1i Ph\u1ea7n Lan c\u00f3 tay v\u1eb7n tr\u1ef1c ti\u1ebfp, d\u00f2ng \u0111\u1ecbnh m\u1ee9c t\u1eeb 16A \u0111\u1ebfn 2500A.<\/div>\n<div class=\"list\">\n<p><i class=\"fa fa-gg\" aria-hidden=\"true\"><\/i>\u00a0\u01afU \u0110I\u1ec2M:<\/p>\n<div class=\"ht-format-detail\">\n<ul>\n<li>C\u1ea7u giao c\u1eaft t\u1ea3i c\u00f3 d\u00f2ng \u0111\u1ecbnh m\u1ee9c \u0111\u1ebfn 3150A<\/li>\n<li>G\u1eafn \u0111\u01b0\u1ee3c tr\u00ean thanh dinrail, c\u00f3 tay v\u1eb7n tr\u1ef1c ti\u1ebfp<\/li>\n<li>M\u1ee9c \u0111\u1ed9 IP65 ch\u1ed1ng th\u1ea5m b\u1ee5i, n\u01b0\u1edbc<\/li>\n<li>S\u1ea3n xu\u1ea5t \u0111\u00e1p \u1ee9ng ti\u00eau chu\u1ea9n IEC 60947-3<\/li>\n<li>S\u1ea3n xu\u1ea5t t\u1ea1i Ph\u1ea7n Lan, \u0111\u1ed9 tin c\u1eady cao<\/li>\n<li>T\u1ea3i Catalogue: <span style=\"color: #00aae7;\"><a style=\"color: #00aae7;\" href=\"https:\/\/drive.google.com\/file\/d\/1lqRMID4QfCyou7KU6qQHZ08yTJlJS_4_\/view?usp=share_link\">T\u1ea1i \u0111\u00e2y<\/a><\/span><\/li>\n<\/ul>\n<\/div>\n<\/div>\n","protected":false},"featured_media":3304,"comment_status":"open","ping_status":"closed","template":"","meta":[],"product_cat":[210,157],"product_tag":[],"jetpack-related-posts":[{"id":3285,"url":"https:\/\/tp-electric.vn\/index.php\/san-pham\/aptomat-mccb-tmax-abb\/","url_meta":{"origin":3303,"position":0},"title":"APTOMAT MCCB TMAX ABB","author":"","date":"25\/02\/2023","format":false,"excerpt":"\u00a0\u01afU \u0110I\u1ec2M: S\u1ea3n xu\u1ea5t t\u1ea1i \u00dd, b\u1ea3o v\u1ec7 qu\u00e1 t\u1ea3i, ng\u1eafn m\u1ea1ch Kh\u1ea3 n\u0103ng c\u1eaft d\u00f2ng ng\u1eafn m\u1ea1ch l\u00ean \u0111\u1ebfn 150kA Ng\u1eaft m\u1ea1ch b\u1ea3o v\u1ec7 c\u00e1c thi\u1ebft b\u1ecb c\u00f3 d\u00f2ng \u0111\u1ecbnh m\u1ee9c \u0111\u1ebfn 1600A Ch\u1ec9nh d\u00f2ng qu\u00e1 t\u1ea3i v\u1edbi trip t\u1eeb nhi\u1ec7t v\u00e0 \u0111i\u1ec7n t\u1eed S\u1eed d\u1ee5ng \u1edf m\u00f4i tr\u01b0\u1eddng\u2026","rel":"","context":"Similar post","block_context":{"text":"Similar post","link":""},"img":{"alt_text":"Tmax XT Molded Case Circuit Breakers (MCCB)","src":"https:\/\/i0.wp.com\/electrification.us.abb.com\/sites\/default\/files\/sace-tmax-xt-series-of-molded-case-circuit-breakers.jpg?resize=350%2C200&ssl=1","width":350,"height":200,"srcset":"https:\/\/i0.wp.com\/electrification.us.abb.com\/sites\/default\/files\/sace-tmax-xt-series-of-molded-case-circuit-breakers.jpg?resize=350%2C200&ssl=1 1x, https:\/\/i0.wp.com\/electrification.us.abb.com\/sites\/default\/files\/sace-tmax-xt-series-of-molded-case-circuit-breakers.jpg?resize=700%2C400&ssl=1 2x"},"classes":[]},{"id":3301,"url":"https:\/\/tp-electric.vn\/index.php\/san-pham\/cau-dao-gat-tay-co-chi-os-abb\/","url_meta":{"origin":3303,"position":1},"title":"C\u1ea6U DAO G\u1ea0T TAY C\u00d3 CH\u00cc OS ABB","author":"","date":"25\/02\/2023","format":false,"excerpt":"C\u1ea7u dao g\u1ea1t tay c\u00f3 ch\u00ec OS ABB \u0111\u01b0\u1ee3c s\u1ea3n xu\u1ea5t t\u1ea1i Ph\u1ea7n Lan c\u00f3 ch\u1ee9c n\u0103ng \u0111\u00f3ng ng\u1eaft m\u1ea1ch \u0111i\u1ec7n \u0111\u01b0\u1ee3c l\u1eafp tr\u00ean thanh Dinrail, tu\u1ed5i th\u1ecd l\u00ean \u0111\u1ebfn 20.000 l\u1ea7n \u0111\u00f3ng c\u1eaft. \u00a0\u01afU \u0110I\u1ec2M: S\u1ea3n xu\u1ea5t t\u1ea1i Ph\u1ea7n Lan \u0111\u00e1p \u1ee9ng ti\u00eau chu\u1ea9n\u00a0IEC60947-3 Tu\u1ed5i th\u1ecd c\u01a1 kh\u00ed: 20.000\u2026","rel":"","context":"Similar post","block_context":{"text":"Similar post","link":""},"img":{"alt_text":"","src":"https:\/\/i0.wp.com\/tp-electric.vn\/wp-content\/uploads\/2023\/02\/cd.png?fit=300%2C300&ssl=1&resize=350%2C200","width":350,"height":200},"classes":[]},{"id":3495,"url":"https:\/\/tp-electric.vn\/index.php\/san-pham\/nut-nhan-loai-khoi-abb\/","url_meta":{"origin":3303,"position":2},"title":"N\u00daT NH\u1ea4N LO\u1ea0I KH\u1ed0I ABB","author":"","date":"14\/04\/2023","format":false,"excerpt":"C\u00e1c lo\u1ea1i n\u00fat nh\u1ea5n ABB g\u1ed3m n\u00fat nh\u1ea5n nh\u1ea3, n\u00fat nh\u1ea5n c\u00f3 \u0111\u00e8n b\u00e1o, n\u00fat d\u1eebng kh\u1ea9n c\u1ea5p \u0111a d\u1ea1ng v\u1ec1 m\u00e0u s\u1eafc, ki\u1ec3u d\u00e1ng, nh\u01b0 \u0111en, xanh, \u0111\u1ecf, v\u00e0ng, cam. \u00a0\u01afU \u0110I\u1ec2M: \u0110\u1ed9 b\u1ec1n c\u01a1 kh\u00ed: 500.000 l\u1ea7n thao t\u00e1c \u0110i\u1ec7n \u00e1p c\u00e1ch \u0111i\u1ec7n 300V D\u00f2ng \u0111\u1ecbnh m\u1ee9c nhi\u1ec7t\u2026","rel":"","context":"Similar post","block_context":{"text":"Similar post","link":""},"img":{"alt_text":"","src":"https:\/\/i0.wp.com\/tp-electric.vn\/wp-content\/uploads\/2023\/04\/Untitled-1.png?fit=300%2C300&ssl=1&resize=350%2C200","width":350,"height":200},"classes":[]},{"id":3500,"url":"https:\/\/tp-electric.vn\/index.php\/san-pham\/cong-tac-xoay-2-vi-tri\/","url_meta":{"origin":3303,"position":3},"title":"C\u00d4NG T\u1eaeC XOAY 2 V\u1eca TR\u00cd","author":"","date":"14\/04\/2023","format":false,"excerpt":"C\u00f4ng t\u1eafc xoay 2 v\u1ecb tr\u00ed l\u00e0 m\u1ed9t thi\u1ebft b\u1ecb \u0111i\u1ec7n \u0111\u01b0\u1ee3c l\u1eafp \u0111\u1eb7t \u0111\u1ec3 s\u1eed d\u1ee5ng cho vi\u1ec7c b\u1eadt\/t\u1eaft \u1edf 2 v\u1ecb tr\u00ed kh\u00e1c nhau, \u0111\u01b0\u1ee3c \u1ee9ng d\u1ee5ng nhi\u1ec1u trong \u0111i\u1ec7n c\u00f4ng nghi\u1ec7p. \u00a0\u01afU \u0110I\u1ec2M: Lo\u1ea1i kh\u00f4ng \u0111\u00e8n, c\u00f3 \u0111\u00e8n, c\u00f3 ch\u00eca kho\u00e1 Th\u01b0\u01a1ng hi\u1ec7u Schneider, Idec, Hangyoung... Tu\u1ed5i\u2026","rel":"","context":"Similar post","block_context":{"text":"Similar post","link":""},"img":{"alt_text":"","src":"https:\/\/i0.wp.com\/tp-electric.vn\/wp-content\/uploads\/2023\/04\/2-vt.png?fit=300%2C300&ssl=1&resize=350%2C200","width":350,"height":200},"classes":[]},{"id":3498,"url":"https:\/\/tp-electric.vn\/index.php\/san-pham\/cong-tac-xoay-3-vi-tri\/","url_meta":{"origin":3303,"position":4},"title":"C\u00d4NG T\u1eaeC XOAY 3 V\u1eca TR\u00cd","author":"","date":"14\/04\/2023","format":false,"excerpt":"C\u00f4ng t\u1eafc xoay 3 v\u1ecb tr\u00ed s\u1ebd c\u00f3 nhi\u1ec1u \u01b0u \u0111i\u1ec3m v\u01b0\u1ee3t tr\u1ed9i k\u00edch th\u01b0\u1edbc nh\u1ecf g\u1ecdn, c\u1ea5u t\u1ea1o \u0111\u01a1n gi\u1ea3n, \u0111\u01b0\u1eddng k\u00ednh D22, D25 ph\u1ed5 bi\u1ebfn, d\u1ec5 d\u00e0ng l\u1eafp \u0111\u1eb7t. \u00a0\u01afU \u0110I\u1ec2M: C\u00f4ng t\u1eafc xoay 3 v\u1ecb tr\u00ed Schneider, Hangyong, Idec ... \u0110\u01b0\u1eddng k\u00ednh D16, D22, D25, c\u00f3 tay\u2026","rel":"","context":"Similar post","block_context":{"text":"Similar post","link":""},"img":{"alt_text":"","src":"https:\/\/i0.wp.com\/tp-electric.vn\/wp-content\/uploads\/2023\/04\/3vt.png?fit=300%2C300&ssl=1&resize=350%2C200","width":350,"height":200},"classes":[]},{"id":3496,"url":"https:\/\/tp-electric.vn\/index.php\/san-pham\/cong-tac-xoay-4-vi-tri\/","url_meta":{"origin":3303,"position":5},"title":"C\u00d4NG T\u1eaeC XOAY 4 V\u1eca TR\u00cd","author":"","date":"14\/04\/2023","format":false,"excerpt":"C\u00f4ng t\u1eafc xoay 4 v\u1ecb tr\u00ed \u0111\u01b0\u1ee3c thi\u1ebft k\u1ebf v\u1edbi 3 n\u00fat m\u1edf v\u00e0 1 n\u00fat t\u1eaft thi\u1ebft b\u1ecb \u0111i\u1ec7n \u0111\u01b0\u1ee3c \u1ee9ng d\u1ee5ng ph\u1ed5 bi\u1ebfn trong h\u1ec7 th\u1ed1ng \u0111i\u1ec7n c\u00f4ng nghi\u1ec7p. \u00a0\u01afU \u0110I\u1ec2M: \u0110\u1ed9 b\u1ec1n c\u01a1 h\u1ecdc cao C\u1ea5p \u0111\u1ed9 b\u1ea3o v\u1ec7 IP22, IP65 K\u1ebft c\u1ea5u \u0111\u01a1n gi\u1ea3n, d\u1ec5 l\u1eafp\u2026","rel":"","context":"Similar post","block_context":{"text":"Similar post","link":""},"img":{"alt_text":"","src":"https:\/\/i0.wp.com\/tp-electric.vn\/wp-content\/uploads\/2023\/04\/4vt.png?fit=300%2C300&ssl=1&resize=350%2C200","width":350,"height":200},"classes":[]}],"_links":{"self":[{"href":"https:\/\/tp-electric.vn\/index.php\/wp-json\/wp\/v2\/product\/3303"}],"collection":[{"href":"https:\/\/tp-electric.vn\/index.php\/wp-json\/wp\/v2\/product"}],"about":[{"href":"https:\/\/tp-electric.vn\/index.php\/wp-json\/wp\/v2\/types\/product"}],"replies":[{"embeddable":true,"href":"https:\/\/tp-electric.vn\/index.php\/wp-json\/wp\/v2\/comments?post=3303"}],"wp:featuredmedia":[{"embeddable":true,"href":"https:\/\/tp-electric.vn\/index.php\/wp-json\/wp\/v2\/media\/3304"}],"wp:attachment":[{"href":"https:\/\/tp-electric.vn\/index.php\/wp-json\/wp\/v2\/media?parent=3303"}],"wp:term":[{"taxonomy":"product_cat","embeddable":true,"href":"https:\/\/tp-electric.vn\/index.php\/wp-json\/wp\/v2\/product_cat?post=3303"},{"taxonomy":"product_tag","embeddable":true,"href":"https:\/\/tp-electric.vn\/index.php\/wp-json\/wp\/v2\/product_tag?post=3303"}],"curies":[{"name":"wp","href":"https:\/\/api.w.org\/{rel}","templated":true}]}}