{"id":3301,"date":"2023-02-25T14:56:37","date_gmt":"2023-02-25T07:56:37","guid":{"rendered":"https:\/\/tp-electric.vn\/?post_type=product&#038;p=3301"},"modified":"2024-12-12T15:10:27","modified_gmt":"2024-12-12T08:10:27","slug":"cau-dao-gat-tay-co-chi-os-abb","status":"publish","type":"product","link":"https:\/\/tp-electric.vn\/index.php\/san-pham\/cau-dao-gat-tay-co-chi-os-abb\/","title":{"rendered":"C\u1ea6U DAO G\u1ea0T TAY C\u00d3 CH\u00cc OS ABB"},"content":{"rendered":"<table id=\"UserGridView\" class=\"s_table\">\n<thead>\n<tr>\n<td class=\"td-desc\"><strong>QUY C\u00c1CH PH\u1ed4 BI\u1ebeN<\/strong><\/td>\n<\/tr>\n<\/thead>\n<tbody class=\"s_content\" data-items=\"20\">\n<tr>\n<td class=\"td-desc search\">\n<div class=\"desc\">C\u1ea7u giao c\u00f3 ch\u00ec 3P 32A 0003P, D\u00f2ng \u0111\u1ecbnh m\u1ee9c: 32A, C\u00f4ng su\u1ea5t \u0111\u1ecbnh m\u1ee9c: 15Kw, Lo\u1ea1i c\u1ea7u ch\u00ec 000<\/div>\n<\/td>\n<\/tr>\n<tr>\n<td class=\"td-desc search\">\n<div class=\"desc\">C\u1ea7u giao c\u00f3 ch\u00ec 3P 63A 0003P, D\u00f2ng \u0111\u1ecbnh m\u1ee9c: 63A, C\u00f4ng su\u1ea5t \u0111\u1ecbnh m\u1ee9c: 30Kw, Lo\u1ea1i c\u1ea7u ch\u00ec 000<\/div>\n<\/td>\n<\/tr>\n<tr>\n<td class=\"td-desc search\">\n<div class=\"desc\">C\u1ea7u giao c\u00f3 ch\u00ec 3P 125A 000.003P, D\u00f2ng \u0111\u1ecbnh m\u1ee9c: 125A, C\u00f4ng su\u1ea5t \u0111\u1ecbnh m\u1ee9c: 55Kw, Lo\u1ea1i c\u1ea7u ch\u00ec 000.00<\/div>\n<\/td>\n<\/tr>\n<tr>\n<td class=\"td-desc search\">\n<div class=\"desc\">C\u1ea7u giao c\u00f3 ch\u00ec 3P 160A 000.003P, D\u00f2ng \u0111\u1ecbnh m\u1ee9c: 160A, C\u00f4ng su\u1ea5t \u0111\u1ecbnh m\u1ee9c: 80Kw, Lo\u1ea1i c\u1ea7u ch\u00ec 000.00<\/div>\n<\/td>\n<\/tr>\n<tr>\n<td class=\"td-desc search\">\n<div class=\"desc\">C\u1ea7u giao c\u00f3 ch\u00ec 3P 200A 03P, D\u00f2ng \u0111\u1ecbnh m\u1ee9c: 200A, C\u00f4ng su\u1ea5t \u0111\u1ecbnh m\u1ee9c: 110Kw, Lo\u1ea1i c\u1ea7u ch\u00ec 0<\/div>\n<\/td>\n<\/tr>\n<tr>\n<td class=\"td-desc search\">\n<div class=\"desc\">C\u1ea7u giao c\u00f3 ch\u00ec 3P 250A 0-13P, D\u00f2ng \u0111\u1ecbnh m\u1ee9c: 250A, C\u00f4ng su\u1ea5t \u0111\u1ecbnh m\u1ee9c: 145Kw, Lo\u1ea1i c\u1ea7u ch\u00ec 0-1<\/div>\n<\/td>\n<\/tr>\n<tr>\n<td class=\"td-desc search\">\n<div class=\"desc\">C\u1ea7u giao c\u00f3 ch\u00ec 3P 400A 0-23P, D\u00f2ng \u0111\u1ecbnh m\u1ee9c: 400A, C\u00f4ng su\u1ea5t \u0111\u1ecbnh m\u1ee9c: 230Kw, Lo\u1ea1i c\u1ea7u ch\u00ec 0-2<\/div>\n<\/td>\n<\/tr>\n<tr>\n<td class=\"td-desc search\">\n<div class=\"desc\">C\u1ea7u giao c\u00f3 ch\u00ec 3P 630A 33P, D\u00f2ng \u0111\u1ecbnh m\u1ee9c: 630A, C\u00f4ng su\u1ea5t \u0111\u1ecbnh m\u1ee9c: 355Kw, Lo\u1ea1i c\u1ea7u ch\u00ec 3<\/div>\n<\/td>\n<\/tr>\n<tr>\n<td class=\"td-desc search\">\n<div class=\"desc\">C\u1ea7u giao c\u00f3 ch\u00ec 3P 800A 33P, D\u00f2ng \u0111\u1ecbnh m\u1ee9c: 800A, C\u00f4ng su\u1ea5t \u0111\u1ecbnh m\u1ee9c: 450Kw, Lo\u1ea1i c\u1ea7u ch\u00ec 3<\/div>\n<\/td>\n<\/tr>\n<tr>\n<td class=\"td-desc search\">\n<div class=\"desc\">C\u1ea7u giao c\u00f3 ch\u00ec 3P 1250A 43P, D\u00f2ng \u0111\u1ecbnh m\u1ee9c: 1250A, C\u00f4ng su\u1ea5t \u0111\u1ecbnh m\u1ee9c: 560Kw, Lo\u1ea1i c\u1ea7u ch\u00ec 4<\/div>\n<\/td>\n<\/tr>\n<tr>\n<td class=\"td-desc search\">\n<div class=\"desc\">C\u1ea7u giao c\u00f3 ch\u00ec 4P 32A 0004P, D\u00f2ng \u0111\u1ecbnh m\u1ee9c: 32A, C\u00f4ng su\u1ea5t \u0111\u1ecbnh m\u1ee9c: 15Kw, Lo\u1ea1i c\u1ea7u ch\u00ec 000<\/div>\n<\/td>\n<\/tr>\n<tr>\n<td class=\"td-desc search\">\n<div class=\"desc\">C\u1ea7u giao c\u00f3 ch\u00ec 4P 63A 0004P, D\u00f2ng \u0111\u1ecbnh m\u1ee9c: 63A, C\u00f4ng su\u1ea5t \u0111\u1ecbnh m\u1ee9c: 30Kw, Lo\u1ea1i c\u1ea7u ch\u00ec 000<\/div>\n<\/td>\n<\/tr>\n<tr>\n<td class=\"td-desc search\">\n<div class=\"desc\">C\u1ea7u giao c\u00f3 ch\u00ec 4P 125A 000.004P, D\u00f2ng \u0111\u1ecbnh m\u1ee9c: 125A, C\u00f4ng su\u1ea5t \u0111\u1ecbnh m\u1ee9c: 55Kw, Lo\u1ea1i c\u1ea7u ch\u00ec 000.00<\/div>\n<\/td>\n<\/tr>\n<tr>\n<td class=\"td-desc search\">\n<div class=\"desc\">C\u1ea7u giao c\u00f3 ch\u00ec 4P 160A 000.004P, D\u00f2ng \u0111\u1ecbnh m\u1ee9c: 160A, C\u00f4ng su\u1ea5t \u0111\u1ecbnh m\u1ee9c: 80Kw, Lo\u1ea1i c\u1ea7u ch\u00ec 000.00<\/div>\n<\/td>\n<\/tr>\n<tr>\n<td class=\"td-desc search\">\n<div class=\"desc\">C\u1ea7u giao c\u00f3 ch\u00ec 4P 200A 04P, D\u00f2ng \u0111\u1ecbnh m\u1ee9c: 200A, C\u00f4ng su\u1ea5t \u0111\u1ecbnh m\u1ee9c: 110Kw, Lo\u1ea1i c\u1ea7u ch\u00ec 0<\/div>\n<\/td>\n<\/tr>\n<tr>\n<td class=\"td-desc search\">\n<div class=\"desc\">C\u1ea7u giao c\u00f3 ch\u00ec 4P 250A 0-14P, D\u00f2ng \u0111\u1ecbnh m\u1ee9c: 250A, C\u00f4ng su\u1ea5t \u0111\u1ecbnh m\u1ee9c: 145Kw, Lo\u1ea1i c\u1ea7u ch\u00ec 0-1<\/div>\n<\/td>\n<\/tr>\n<tr>\n<td class=\"td-desc search\">\n<div class=\"desc\">C\u1ea7u giao c\u00f3 ch\u00ec 4P 400A 0-24P, D\u00f2ng \u0111\u1ecbnh m\u1ee9c: 400A, C\u00f4ng su\u1ea5t \u0111\u1ecbnh m\u1ee9c: 230Kw, Lo\u1ea1i c\u1ea7u ch\u00ec 0-2<\/div>\n<\/td>\n<\/tr>\n<tr>\n<td class=\"td-desc search\">\n<div class=\"desc\">C\u1ea7u giao c\u00f3 ch\u00ec 4P 630A 34P, D\u00f2ng \u0111\u1ecbnh m\u1ee9c: 630A, C\u00f4ng su\u1ea5t \u0111\u1ecbnh m\u1ee9c: 355Kw, Lo\u1ea1i c\u1ea7u ch\u00ec 3<\/div>\n<\/td>\n<\/tr>\n<tr>\n<td class=\"td-desc search\">\n<div class=\"desc\">C\u1ea7u giao c\u00f3 ch\u00ec 4P 800A 34P, D\u00f2ng \u0111\u1ecbnh m\u1ee9c: 800A, C\u00f4ng su\u1ea5t \u0111\u1ecbnh m\u1ee9c: 450Kw, Lo\u1ea1i c\u1ea7u ch\u00ec 3<\/div>\n<\/td>\n<\/tr>\n<tr>\n<td class=\"td-desc search\">\n<div class=\"desc\">C\u1ea7u giao c\u00f3 ch\u00ec 4P 1250A 44P, D\u00f2ng \u0111\u1ecbnh m\u1ee9c: 1250A, C\u00f4ng su\u1ea5t \u0111\u1ecbnh m\u1ee9c: 560Kw, Lo\u1ea1i c\u1ea7u ch\u00ec 4<\/div>\n<\/td>\n<\/tr>\n<\/tbody>\n<\/table>\n<h3><strong>Th\u00f4ng s\u1ed1 k\u1ef9 thu\u1eadt<\/strong><\/h3>\n<ul>\n<li>T\u00ean Model:\u00a0OS<\/li>\n<li>S\u1ed1 c\u1ef1c: 3P, 4P<\/li>\n<li>C\u01b0\u1eddng \u0111\u1ed9 d\u00f2ng \u0111i\u1ec7n: t\u1eeb 32 &#8211;\u00a01250A<\/li>\n<li>Ti\u00eau chu\u1ea9n s\u1ea3n xu\u1ea5t: IEC60947-3<\/li>\n<li>Tu\u1ed5i th\u1ecd: 20.000 l\u1ea7n \u0111\u00f3ng c\u1eaft<\/li>\n<\/ul>\n<h3><strong>\u0110\u1eb7c \u0111i\u1ec3m ch\u1ee9c n\u0103ng<\/strong><\/h3>\n<p>N\u00f3i \u0111\u1ebfn\u00a0c\u1ea7u dao g\u1ea1t tay c\u00f3 ch\u00ec\u00a0<strong>OS ABB<\/strong>\u00a0l\u00e0 ng\u01b0\u1eddi d\u00f9ng nh\u1eafc \u0111\u1ebfn thi\u1ebft b\u1ecb \u0111i\u1ec7n c\u00f3 \u0111\u1eb7c \u0111i\u1ec3m n\u1ed5i b\u1eadt trong vi\u1ec7c b\u1ea3o v\u1ec7 an to\u00e0n cho m\u1ea1ch \u0111i\u1ec7n v\u00e0 c\u00e1c thi\u1ebft b\u1ecb \u0111i\u1ec7n khi c\u00f3 s\u1ef1 c\u1ed1 \u0111i\u1ec7n x\u1ea3y ra.<\/p>\n<ul>\n<li>S\u1ea3n ph\u1ea9m \u0111\u01b0\u1ee3c s\u1ea3n xu\u1ea5t v\u1edbi nhi\u1ec1u lo\u1ea1i kh\u00e1c nhau ph\u00f9 h\u1ee3p v\u1edbi nhu c\u1ea7u s\u1eed d\u1ee5ng c\u1ee7a ng\u01b0\u1eddi d\u00f9ng nh\u01b0: OS16, 32, 50G, 100G, 200\u2026<\/li>\n<li>Thi\u1ebft k\u1ebf c\u1ea7u dao ch\u1eafc ch\u1eafn, \u0111\u01a1n gi\u1ea3n n\u00ean kh\u00f4ng g\u00e2y kh\u00f3 kh\u0103n khi l\u1eafp \u0111\u1eb7t hay s\u1eed d\u1ee5ng.<\/li>\n<li>Khi tay v\u1eb7n c\u1ee7a thi\u1ebft b\u1ecb \u0111i\u1ec7n n\u00e0y n\u1eb1m \u1edf v\u1ecb tr\u00ed ON th\u00ec n\u1eafp c\u1ea7u ch\u00ec s\u1ebd kh\u00f4ng th\u1ec3 m\u1edf ra \u0111\u01b0\u1ee3c.<\/li>\n<li>K\u00edch th\u01b0\u1edbc nh\u1ecf g\u1ecdn n\u00ean kh\u00f4ng chi\u1ebfm nhi\u1ec1u di\u1ec7n t\u00edch khi l\u1eafp \u0111\u1eb7t.<\/li>\n<li>Thi\u1ebft k\u1ebf th\u1ea9m m\u1ef9, ph\u00f9 h\u1ee3p v\u1edbi m\u1ecdi kh\u00f4ng gian l\u1eafp \u0111\u1eb7t.<\/li>\n<li>C\u1ea7u giao g\u1ea1t tay c\u1ee7a th\u01b0\u01a1ng hi\u1ec7u ABB n\u00e0y \u0111\u01b0\u1ee3c s\u1ea3n xu\u1ea5t theo ti\u00eau chu\u1ea9n hi\u1ec7n \u0111\u1ea1i, c\u00f4ng ngh\u1ec7 ti\u00ean ti\u1ebfn n\u00ean c\u00f3 \u0111\u1ed9 b\u1ec1n cao, hi\u1ec7u qu\u1ea3 s\u1eed d\u1ee5ng v\u01b0\u1ee3t tr\u1ed9i.<\/li>\n<li>S\u1ea3n ph\u1ea9m c\u00f3 th\u1ec3 gi\u00fap ng\u01b0\u1eddi d\u00f9ng ti\u1ebft ki\u1ec7m chi ph\u00ed thay m\u1edbi v\u00e0 b\u1ea3o tr\u00ec khi c\u00f3 tu\u1ed5i th\u1ecd \u0111\u1ea1t 20.000 l\u1ea7n \u0111\u00f3ng c\u1eaft.<\/li>\n<\/ul>\n","protected":false},"excerpt":{"rendered":"<div class=\"desc\">C\u1ea7u dao g\u1ea1t tay c\u00f3 ch\u00ec OS ABB \u0111\u01b0\u1ee3c s\u1ea3n xu\u1ea5t t\u1ea1i Ph\u1ea7n Lan c\u00f3 ch\u1ee9c n\u0103ng \u0111\u00f3ng ng\u1eaft m\u1ea1ch \u0111i\u1ec7n \u0111\u01b0\u1ee3c l\u1eafp tr\u00ean thanh Dinrail, tu\u1ed5i th\u1ecd l\u00ean \u0111\u1ebfn 20.000 l\u1ea7n \u0111\u00f3ng c\u1eaft.<\/div>\n<div class=\"list\">\n<p><i class=\"fa fa-gg\" aria-hidden=\"true\"><\/i>\u00a0\u01afU \u0110I\u1ec2M:<\/p>\n<div class=\"ht-format-detail\">\n<ul>\n<li>S\u1ea3n xu\u1ea5t t\u1ea1i Ph\u1ea7n Lan \u0111\u00e1p \u1ee9ng ti\u00eau chu\u1ea9n\u00a0IEC60947-3<\/li>\n<li>Tu\u1ed5i th\u1ecd c\u01a1 kh\u00ed: 20.000 l\u1ea7n \u0111\u00f3ng ng\u1eaft (kh\u00f4ng bao g\u1ed3m ch\u00ec)<\/li>\n<li>N\u1eafp c\u1ea7u ch\u00ec s\u1ebd kh\u00f4ng m\u1edf \u0111\u01b0\u1ee3c khi tay v\u1eb7n \u1edf v\u1ecb tr\u00ed ON<\/li>\n<li>C\u00f3 nhi\u1ec1u lo\u1ea1i tay v\u1eb7n kh\u00e1c nhau \u0111\u1ec3 l\u1ef1a ch\u1ecdn<\/li>\n<li>D\u00f2ng c\u1eaft t\u1ea3i l\u00ean \u0111\u1ebfn 1250A, 690V<\/li>\n<li>T\u1ea3i Catalogue: <span style=\"color: #00aae7;\"><a style=\"color: #00aae7;\" href=\"https:\/\/drive.google.com\/file\/d\/1NPdLhxCGKt1DrFaYKujsWSFC9Rj_jFGx\/view?usp=share_link\">T\u1ea1i \u0111\u00e2y<\/a><\/span><\/li>\n<\/ul>\n<\/div>\n<\/div>\n","protected":false},"featured_media":3302,"comment_status":"open","ping_status":"closed","template":"","meta":[],"product_cat":[210],"product_tag":[],"jetpack-related-posts":[{"id":3297,"url":"https:\/\/tp-electric.vn\/index.php\/san-pham\/cau-chi-hop-e90-abb\/","url_meta":{"origin":3301,"position":0},"title":"C\u1ea6U CH\u00cc H\u1ed8P E90 ABB","author":"","date":"25\/02\/2023","format":false,"excerpt":"C\u1ea7u ch\u00ec h\u1ed9p E90 ABB d\u00f2ng s\u1ea3n ph\u1ea9m \u0111\u01b0\u1ee3c d\u00f9ng \u0111\u1ec3 ki\u1ec3m so\u00e1t b\u1ea3o v\u1ec7 m\u1ea1ch \u0111i\u1ec7n trong t\u1ef1 \u0111\u1ed9ng \u0111i\u1ec1u khi\u1ec3n, \u0111\u00f3ng ng\u1eaft m\u1ea1ch, b\u1ea3o v\u1ec7 qu\u00e1 t\u1ea3i v\u1edbi d\u00f2ng \u0111\u1ecbnh m\u1ee9c \u0111\u1ebfn 125A. \u00a0\u01afU \u0110I\u1ec2M: B\u1ea3o v\u1ec7 qu\u00e1 t\u1ea3i, ng\u1eafn m\u1ea1ch tr\u1ecdng m\u1ea1ng \u0111i\u1ec7n h\u1ea1 th\u1ebf S\u1eed d\u1ee5ng\u2026","rel":"","context":"Similar post","block_context":{"text":"Similar post","link":""},"img":{"alt_text":"","src":"https:\/\/i0.wp.com\/tp-electric.vn\/wp-content\/uploads\/2023\/02\/fusse.png?fit=300%2C300&ssl=1&resize=350%2C200","width":350,"height":200},"classes":[]},{"id":3303,"url":"https:\/\/tp-electric.vn\/index.php\/san-pham\/cau-giao-gat-tay-ot-oetl-abb\/","url_meta":{"origin":3301,"position":1},"title":"C\u1ea6U GIAO G\u1ea0T TAY OT, OETL ABB","author":"","date":"25\/02\/2023","format":false,"excerpt":"C\u1ea7u giao g\u1ea1t tay OT OETL ABB lo\u1ea1i c\u1ea7u giao c\u1eaft t\u1ea3i \u0111\u01b0\u1ee3c s\u1ea3n xu\u1ea5t t\u1ea1i Ph\u1ea7n Lan c\u00f3 tay v\u1eb7n tr\u1ef1c ti\u1ebfp, d\u00f2ng \u0111\u1ecbnh m\u1ee9c t\u1eeb 16A \u0111\u1ebfn 2500A. \u00a0\u01afU \u0110I\u1ec2M: C\u1ea7u giao c\u1eaft t\u1ea3i c\u00f3 d\u00f2ng \u0111\u1ecbnh m\u1ee9c \u0111\u1ebfn 3150A G\u1eafn \u0111\u01b0\u1ee3c tr\u00ean thanh dinrail, c\u00f3 tay v\u1eb7n\u2026","rel":"","context":"Similar post","block_context":{"text":"Similar post","link":""},"img":{"alt_text":"","src":"https:\/\/i0.wp.com\/tp-electric.vn\/wp-content\/uploads\/2023\/02\/adssas-1.png?fit=300%2C300&ssl=1&resize=350%2C200","width":350,"height":200},"classes":[]},{"id":2942,"url":"https:\/\/tp-electric.vn\/index.php\/san-pham\/aptomat-mccb-formula-abb\/","url_meta":{"origin":3301,"position":2},"title":"APTOMAT MCCB FORMULA ABB","author":"","date":"13\/02\/2023","format":false,"excerpt":"Aptomat MCCB Formula ABB \u0111\u01b0\u1ee3c s\u1ea3n xu\u1ea5t t\u1ea1i \u00dd theo quy tr\u00ecnh ki\u1ec3m tra nghi\u00eam ng\u1eb7t v\u1ec1 ch\u1ea5t l\u01b0\u1ee3ng, \u0111\u1ed9 an to\u00e0n, c\u00f3 kh\u1ea3 n\u0103ng ng\u1eafn m\u1ea1ch, b\u1ea3o v\u1ec7 thi\u1ebft b\u1ecb c\u00f3 d\u00f2ng \u0111\u1ecbnh m\u1ee9c 630A. \u00a0\u01afU \u0110I\u1ec2M: \u0110\u01b0\u1ee3c s\u1ea3n xu\u1ea5t t\u1ea1i \u00dd, \u0111\u00e1p \u1ee9ng ti\u00eau chu\u1ea9n IEC60947-2 Ng\u1eaft m\u1ea1ch\u2026","rel":"","context":"Similar post","block_context":{"text":"Similar post","link":""},"img":{"alt_text":"","src":"https:\/\/i0.wp.com\/tp-electric.vn\/wp-content\/uploads\/2023\/02\/MCCB-FORMULA.png?fit=1200%2C1200&ssl=1&resize=350%2C200","width":350,"height":200,"srcset":"https:\/\/i0.wp.com\/tp-electric.vn\/wp-content\/uploads\/2023\/02\/MCCB-FORMULA.png?fit=1200%2C1200&ssl=1&resize=350%2C200 1x, https:\/\/i0.wp.com\/tp-electric.vn\/wp-content\/uploads\/2023\/02\/MCCB-FORMULA.png?fit=1200%2C1200&ssl=1&resize=700%2C400 2x, https:\/\/i0.wp.com\/tp-electric.vn\/wp-content\/uploads\/2023\/02\/MCCB-FORMULA.png?fit=1200%2C1200&ssl=1&resize=1050%2C600 3x"},"classes":[]},{"id":3282,"url":"https:\/\/tp-electric.vn\/index.php\/san-pham\/may-cat-khong-khi-acb-emax2-abb\/","url_meta":{"origin":3301,"position":3},"title":"M\u00c1Y C\u1eaeT KH\u00d4NG KH\u00cd ACB EMAX2 ABB","author":"","date":"25\/02\/2023","format":false,"excerpt":"M\u00e1y c\u1eaft kh\u00f4ng kh\u00ed ACB Emax2 ABB d\u00f2ng s\u1ea3n ph\u1ea9m \u0111\u00f3ng c\u1eaft, b\u1ea3o v\u1ec7 qu\u00e1 t\u1ea3i, ch\u1ec9nh d\u00f2ng qu\u00e1 t\u1ea3i cho h\u1ec7 th\u1ed1ng m\u1ea1ng \u0111i\u1ec7n ph\u00e2n ph\u1ed1i, hi\u1ec7u su\u1ea5t l\u00e0m vi\u1ec7c \u0111\u00e1ng tin c\u1eady. \u00a0\u01afU \u0110I\u1ec2M: D\u00f2ng s\u1ea3n ph\u1ea9m \u0111\u00e1p \u1ee9ng ti\u00eau chu\u1ea9n IEC 60947-2 \u0110\u00e3 \u0111\u01b0\u1ee3c nhi\u1ec7t \u0111\u1edbi ho\u00e1,\u2026","rel":"","context":"Similar post","block_context":{"text":"Similar post","link":""},"img":{"alt_text":"","src":"https:\/\/i0.wp.com\/tp-electric.vn\/wp-content\/uploads\/2023\/02\/acb.png?fit=300%2C300&ssl=1&resize=350%2C200","width":350,"height":200},"classes":[]},{"id":3459,"url":"https:\/\/tp-electric.vn\/index.php\/san-pham\/fco-polymer-cau-chi-tu-roi\/","url_meta":{"origin":3301,"position":4},"title":"FCO POLYMER C\u1ea6U CH\u00cc T\u1ef0 R\u01a0I","author":"","date":"01\/03\/2023","format":false,"excerpt":"Ti\u00eau chu\u1ea9n \u00e1p d\u1ee5ng: ANSI C37.42, IEC 60282-2, IEC 62217, IEC 61109 \u0110i\u1ec7n \u00e1p \u0111\u1ecbnh m\u1ee9c: 24kV & 35kV D\u00f2ng \u0111i\u1ec7n \u0111\u1ecbnh m\u1ee9c: 100A & 200A T\u1ea7n s\u1ed1 \u0111\u1ecbnh m\u1ee9c: 50Hz Kh\u1ea3 n\u0103ng c\u1eaft ng\u1eafn m\u1ea1ch: 12kA \u0110\u1ed9 b\u1ec1n \u0111i\u1ec7n \u00e1p xung (BIL): + Lo\u1ea1i 24kV: 150kV + Lo\u1ea1i 35kV:\u2026","rel":"","context":"Similar post","block_context":{"text":"Similar post","link":""},"img":{"alt_text":"","src":"https:\/\/i0.wp.com\/tp-electric.vn\/wp-content\/uploads\/2023\/03\/ta3.png?fit=300%2C300&ssl=1&resize=350%2C200","width":350,"height":200},"classes":[]},{"id":3461,"url":"https:\/\/tp-electric.vn\/index.php\/san-pham\/fco-cau-chi-tu-roi\/","url_meta":{"origin":3301,"position":5},"title":"FCO &#8211; C\u1ea6U CH\u00cc T\u1ef0 R\u01a0I","author":"","date":"01\/03\/2023","format":false,"excerpt":"Ti\u00eau chu\u1ea9n \u00e1p d\u1ee5ng: ANSI C37.42, IEC 60282-2, IEC 62217, IEC 61109 \u0110i\u1ec7n \u00e1p \u0111\u1ecbnh m\u1ee9c: 24kV & 35kV D\u00f2ng \u0111i\u1ec7n \u0111\u1ecbnh m\u1ee9c: 100A & 200A T\u1ea7n s\u1ed1 \u0111\u1ecbnh m\u1ee9c: 50Hz Kh\u1ea3 n\u0103ng c\u1eaft ng\u1eafn m\u1ea1ch: 12kA \u0110\u1ed9 b\u1ec1n \u0111i\u1ec7n \u00e1p xung (BIL): + Lo\u1ea1i 24kV: 125kV; 150kV + Lo\u1ea1i\u2026","rel":"","context":"Similar post","block_context":{"text":"Similar post","link":""},"img":{"alt_text":"","src":"https:\/\/i0.wp.com\/tp-electric.vn\/wp-content\/uploads\/2023\/03\/ta4.png?fit=300%2C300&ssl=1&resize=350%2C200","width":350,"height":200},"classes":[]}],"_links":{"self":[{"href":"https:\/\/tp-electric.vn\/index.php\/wp-json\/wp\/v2\/product\/3301"}],"collection":[{"href":"https:\/\/tp-electric.vn\/index.php\/wp-json\/wp\/v2\/product"}],"about":[{"href":"https:\/\/tp-electric.vn\/index.php\/wp-json\/wp\/v2\/types\/product"}],"replies":[{"embeddable":true,"href":"https:\/\/tp-electric.vn\/index.php\/wp-json\/wp\/v2\/comments?post=3301"}],"wp:featuredmedia":[{"embeddable":true,"href":"https:\/\/tp-electric.vn\/index.php\/wp-json\/wp\/v2\/media\/3302"}],"wp:attachment":[{"href":"https:\/\/tp-electric.vn\/index.php\/wp-json\/wp\/v2\/media?parent=3301"}],"wp:term":[{"taxonomy":"product_cat","embeddable":true,"href":"https:\/\/tp-electric.vn\/index.php\/wp-json\/wp\/v2\/product_cat?post=3301"},{"taxonomy":"product_tag","embeddable":true,"href":"https:\/\/tp-electric.vn\/index.php\/wp-json\/wp\/v2\/product_tag?post=3301"}],"curies":[{"name":"wp","href":"https:\/\/api.w.org\/{rel}","templated":true}]}}