{"id":3293,"date":"2023-02-25T14:17:15","date_gmt":"2023-02-25T07:17:15","guid":{"rendered":"https:\/\/tp-electric.vn\/?post_type=product&#038;p=3293"},"modified":"2024-12-12T15:10:27","modified_gmt":"2024-12-12T08:10:27","slug":"aptomat-rccb-fh200-abb","status":"publish","type":"product","link":"https:\/\/tp-electric.vn\/index.php\/san-pham\/aptomat-rccb-fh200-abb\/","title":{"rendered":"APTOMAT RCCB FH200 ABB"},"content":{"rendered":"<table id=\"UserGridView\" class=\"s_table\" style=\"height: 658px;\" width=\"535\">\n<thead>\n<tr>\n<td class=\"td-desc\" style=\"width: 525px;\"><strong>QUY C\u00c1CH PH\u1ed4 BI\u1ebeN<\/strong><\/td>\n<\/tr>\n<\/thead>\n<tbody class=\"s_content\" data-items=\"30\">\n<tr>\n<td class=\"td-desc search\" style=\"width: 525px;\">\n<div class=\"desc\"><span style=\"font-size: 90%;\">RCCB 2P 25A 30mA2P, D\u00f2ng \u0111\u1ecbnh m\u1ee9c: 25A, D\u00f2ng r\u00f2: 30mA, Lo\u1ea1i FH202 AC-25\/0.03<\/span><\/div>\n<\/td>\n<\/tr>\n<tr>\n<td class=\"td-desc search\" style=\"width: 525px;\">\n<div class=\"desc\"><span style=\"font-size: 90%;\">RCCB 2P 40A 30mA2P, D\u00f2ng \u0111\u1ecbnh m\u1ee9c: 40A, D\u00f2ng r\u00f2: 30mA, Lo\u1ea1i FH202 AC-40\/0.03<\/span><\/div>\n<\/td>\n<\/tr>\n<tr>\n<td class=\"td-desc search\" style=\"width: 525px;\">\n<div class=\"desc\"><span style=\"font-size: 90%;\">RCCB 2P 63A 30mA2P, D\u00f2ng \u0111\u1ecbnh m\u1ee9c: 63A, D\u00f2ng r\u00f2: 30mA, Lo\u1ea1i FH202 AC-63\/0.03<\/span><\/div>\n<\/td>\n<\/tr>\n<tr>\n<td class=\"td-desc search\" style=\"width: 525px;\">\n<div class=\"desc\"><span style=\"font-size: 90%;\">RCCB 2P 80A 30mA2P, D\u00f2ng \u0111\u1ecbnh m\u1ee9c: 80A, D\u00f2ng r\u00f2: 30mA, Lo\u1ea1i F202 AC-80\/0.03<\/span><\/div>\n<\/td>\n<\/tr>\n<tr>\n<td class=\"td-desc search\" style=\"width: 525px;\">\n<div class=\"desc\"><span style=\"font-size: 90%;\">RCCB 2P 100A 30mA2P, D\u00f2ng \u0111\u1ecbnh m\u1ee9c: 100A, D\u00f2ng r\u00f2: 30mA, Lo\u1ea1i F202 AC-100\/0.03<\/span><\/div>\n<\/td>\n<\/tr>\n<tr>\n<td class=\"td-desc search\" style=\"width: 525px;\">\n<div class=\"desc\"><span style=\"font-size: 90%;\">RCCB 2P 25A 100mA2P, D\u00f2ng \u0111\u1ecbnh m\u1ee9c: 25A, D\u00f2ng r\u00f2: 100mA, Lo\u1ea1i FH202 AC-25\/0.1<\/span><\/div>\n<\/td>\n<\/tr>\n<tr>\n<td class=\"td-desc search\" style=\"width: 525px;\">\n<div class=\"desc\"><span style=\"font-size: 90%;\">RCCB 2P 40A 100mA2P, D\u00f2ng \u0111\u1ecbnh m\u1ee9c: 40A, D\u00f2ng r\u00f2: 100mA, Lo\u1ea1i FH202 AC-40\/0.1<\/span><\/div>\n<\/td>\n<\/tr>\n<tr>\n<td class=\"td-desc search\" style=\"width: 525px;\">\n<div class=\"desc\"><span style=\"font-size: 90%;\">RCCB 2P 63A 100mA2P, D\u00f2ng \u0111\u1ecbnh m\u1ee9c: 63A, D\u00f2ng r\u00f2: 100mA, Lo\u1ea1i FH202 AC-63\/0.1<\/span><\/div>\n<\/td>\n<\/tr>\n<tr>\n<td class=\"td-desc search\" style=\"width: 525px;\">\n<div class=\"desc\"><span style=\"font-size: 90%;\">RCCB 2P 80A 100mA2P, D\u00f2ng \u0111\u1ecbnh m\u1ee9c: 80A, D\u00f2ng r\u00f2: 100mA, Lo\u1ea1i F202 AC-80\/0.1<\/span><\/div>\n<\/td>\n<\/tr>\n<tr>\n<td class=\"td-desc search\" style=\"width: 525px;\">\n<div class=\"desc\"><span style=\"font-size: 90%;\">RCCB 2P 100A 100mA2P, D\u00f2ng \u0111\u1ecbnh m\u1ee9c: 100A, D\u00f2ng r\u00f2: 100mA, Lo\u1ea1i F202 AC-100\/0.1<\/span><\/div>\n<\/td>\n<\/tr>\n<tr>\n<td class=\"td-desc search\" style=\"width: 525px;\">\n<div class=\"desc\"><span style=\"font-size: 90%;\">RCCB 2P 25A 300mA2P, D\u00f2ng \u0111\u1ecbnh m\u1ee9c: 25A, D\u00f2ng r\u00f2: 300mA, Lo\u1ea1i FH202 AC-25\/0.3<\/span><\/div>\n<\/td>\n<\/tr>\n<tr>\n<td class=\"td-desc search\" style=\"width: 525px;\">\n<div class=\"desc\"><span style=\"font-size: 90%;\">RCCB 2P 40A 300mA2P, D\u00f2ng \u0111\u1ecbnh m\u1ee9c: 40A, D\u00f2ng r\u00f2: 300mA, Lo\u1ea1i FH202 AC-40\/0.3<\/span><\/div>\n<\/td>\n<\/tr>\n<tr>\n<td class=\"td-desc search\" style=\"width: 525px;\">\n<div class=\"desc\"><span style=\"font-size: 90%;\">RCCB 2P 63A 300mA2P, D\u00f2ng \u0111\u1ecbnh m\u1ee9c: 63A, D\u00f2ng r\u00f2: 300mA, Lo\u1ea1i FH202 AC-63\/0.3<\/span><\/div>\n<\/td>\n<\/tr>\n<tr>\n<td class=\"td-desc search\" style=\"width: 525px;\">\n<div class=\"desc\"><span style=\"font-size: 90%;\">RCCB 2P 80A 300mA2P, D\u00f2ng \u0111\u1ecbnh m\u1ee9c: 80A, D\u00f2ng r\u00f2: 300mA, Lo\u1ea1i F202 AC-80\/0.3<\/span><\/div>\n<\/td>\n<\/tr>\n<tr>\n<td class=\"td-desc search\" style=\"width: 525px;\">\n<div class=\"desc\"><span style=\"font-size: 90%;\">RCCB 2P 100A 300mA2P, D\u00f2ng \u0111\u1ecbnh m\u1ee9c: 100A, D\u00f2ng r\u00f2: 300mA, Lo\u1ea1i F202 AC-100\/0.3<\/span><\/div>\n<\/td>\n<\/tr>\n<tr>\n<td class=\"td-desc search\" style=\"width: 525px;\">\n<div class=\"desc\"><span style=\"font-size: 90%;\">RCCB 4P 25A 30mA4P, D\u00f2ng \u0111\u1ecbnh m\u1ee9c: 25A, D\u00f2ng r\u00f2: 30mA, Lo\u1ea1i FH204 AC-25\/0.03<\/span><\/div>\n<\/td>\n<\/tr>\n<tr>\n<td class=\"td-desc search\" style=\"width: 525px;\">\n<div class=\"desc\"><span style=\"font-size: 90%;\">RCCB 4P 40A 30mA4P, D\u00f2ng \u0111\u1ecbnh m\u1ee9c: 40A, D\u00f2ng r\u00f2: 30mA, Lo\u1ea1i FH204 AC-40\/0.03<\/span><\/div>\n<\/td>\n<\/tr>\n<tr>\n<td class=\"td-desc search\" style=\"width: 525px;\">\n<div class=\"desc\"><span style=\"font-size: 90%;\">RCCB 4P 63A 30mA4P, D\u00f2ng \u0111\u1ecbnh m\u1ee9c: 63A, D\u00f2ng r\u00f2: 30mA, Lo\u1ea1i FH204 AC-63\/0.03<\/span><\/div>\n<\/td>\n<\/tr>\n<tr>\n<td class=\"td-desc search\" style=\"width: 525px;\">\n<div class=\"desc\"><span style=\"font-size: 90%;\">RCCB 4P 80A 30mA4P, D\u00f2ng \u0111\u1ecbnh m\u1ee9c: 80A, D\u00f2ng r\u00f2: 30mA, Lo\u1ea1i F204 AC-80\/0.03<\/span><\/div>\n<\/td>\n<\/tr>\n<tr>\n<td class=\"td-desc search\" style=\"width: 525px;\">\n<div class=\"desc\"><span style=\"font-size: 90%;\">RCCB 4P 100A 30mA4P, D\u00f2ng \u0111\u1ecbnh m\u1ee9c: 100A, D\u00f2ng r\u00f2: 30mA, Lo\u1ea1i F204 AC-100\/0.03<\/span><\/div>\n<\/td>\n<\/tr>\n<tr>\n<td class=\"td-desc search\" style=\"width: 525px;\">\n<div class=\"desc\"><span style=\"font-size: 90%;\">RCCB 2P 40A 300mA2P, D\u00f2ng \u0111\u1ecbnh m\u1ee9c: 40A, D\u00f2ng r\u00f2: 300mA, Lo\u1ea1i FH202 AC-40\/0.3<\/span><\/div>\n<\/td>\n<\/tr>\n<tr>\n<td class=\"td-desc search\" style=\"width: 525px;\">\n<div class=\"desc\"><span style=\"font-size: 90%;\">RCCB 2P 63A 300mA2P, D\u00f2ng \u0111\u1ecbnh m\u1ee9c: 63A, D\u00f2ng r\u00f2: 300mA, Lo\u1ea1i FH202 AC-63\/0.3<\/span><\/div>\n<\/td>\n<\/tr>\n<tr>\n<td class=\"td-desc search\" style=\"width: 525px;\">\n<div class=\"desc\"><span style=\"font-size: 90%;\">RCCB 2P 80A 300mA2P, D\u00f2ng \u0111\u1ecbnh m\u1ee9c: 80A, D\u00f2ng r\u00f2: 300mA, Lo\u1ea1i F202 AC-80\/0.3<\/span><\/div>\n<\/td>\n<\/tr>\n<tr>\n<td class=\"td-desc search\" style=\"width: 525px;\">\n<div class=\"desc\"><span style=\"font-size: 90%;\">RCCB 2P 100A 300mA2P, D\u00f2ng \u0111\u1ecbnh m\u1ee9c: 100A, D\u00f2ng r\u00f2: 300mA, Lo\u1ea1i F202 AC-100\/0.3<\/span><\/div>\n<\/td>\n<\/tr>\n<tr>\n<td class=\"td-desc search\" style=\"width: 525px;\">\n<div class=\"desc\"><span style=\"font-size: 90%;\">RCCB 4P 25A 30mA4P, D\u00f2ng \u0111\u1ecbnh m\u1ee9c: 25A, D\u00f2ng r\u00f2: 30mA, Lo\u1ea1i FH204 AC-25\/0.03<\/span><\/div>\n<\/td>\n<\/tr>\n<tr>\n<td class=\"td-desc search\" style=\"width: 525px;\">\n<div class=\"desc\"><span style=\"font-size: 90%;\">RCCB 4P 40A 30mA4P, D\u00f2ng \u0111\u1ecbnh m\u1ee9c: 40A, D\u00f2ng r\u00f2: 30mA, Lo\u1ea1i FH204 AC-40\/0.03<\/span><\/div>\n<\/td>\n<\/tr>\n<tr>\n<td class=\"td-desc search\" style=\"width: 525px;\">\n<div class=\"desc\"><span style=\"font-size: 90%;\">RCCB 4P 63A 30mA4P, D\u00f2ng \u0111\u1ecbnh m\u1ee9c: 63A, D\u00f2ng r\u00f2: 30mA, Lo\u1ea1i FH204 AC-63\/0.03<\/span><\/div>\n<\/td>\n<\/tr>\n<tr>\n<td class=\"td-desc search\" style=\"width: 525px;\">\n<div class=\"desc\"><span style=\"font-size: 90%;\">RCCB 4P 80A 30mA4P, D\u00f2ng \u0111\u1ecbnh m\u1ee9c: 80A, D\u00f2ng r\u00f2: 30mA, Lo\u1ea1i F204 AC-80\/0.03<\/span><\/div>\n<\/td>\n<\/tr>\n<tr>\n<td class=\"td-desc search\" style=\"width: 525px;\">\n<div class=\"desc\"><span style=\"font-size: 90%;\">RCCB 4P 100A 30mA4P, D\u00f2ng \u0111\u1ecbnh m\u1ee9c: 100A, D\u00f2ng r\u00f2: 30mA, Lo\u1ea1i F204 AC-100\/0.03<\/span><\/div>\n<\/td>\n<\/tr>\n<tr>\n<td class=\"td-desc search\" style=\"width: 525px;\">\n<div class=\"desc\"><span style=\"font-size: 90%;\">RCCB 4P 25A 100mA4P, D\u00f2ng \u0111\u1ecbnh m\u1ee9c: 25A, D\u00f2ng r\u00f2: 100mA, Lo\u1ea1i FH204 AC-25\/0.1<\/span><\/div>\n<\/td>\n<\/tr>\n<tr>\n<td class=\"td-desc search\" style=\"width: 525px;\">\n<div class=\"desc\"><span style=\"font-size: 90%;\">RCCB 4P 40A 100mA4P, D\u00f2ng \u0111\u1ecbnh m\u1ee9c: 40A, D\u00f2ng r\u00f2: 100mA, Lo\u1ea1i FH204 AC-40\/0.1<\/span><\/div>\n<\/td>\n<\/tr>\n<\/tbody>\n<\/table>\n<p>Aptomat RCCB FH200 ABB l\u00e0 b\u1ed9 ng\u1eaft m\u1ea1ch \u0111i\u1ec7n t\u1eed ch\u1ed1ng d\u00f2ng r\u00f2, mang l\u1ea1i \u0111\u1ed9 an to\u00e0n cao cho ng\u01b0\u1eddi s\u1eed d\u1ee5ng. \u0110\u00e1p \u1ee9ng ti\u00eau chu\u1ea9n ch\u00e2u \u00c2u, \u0111\u00e2y l\u00e0 d\u00f2ng s\u1ea3n ph\u1ea9m s\u1ebd \u0111\u01b0\u1ee3c \u01b0u ti\u00ean l\u1ef1a ch\u1ecd s\u1eed d\u1ee5ng cho c\u00e1c c\u00f4ng tr\u00ecnh, h\u1ec7 th\u1ed1ng \u0111i\u1ec7n c\u00f4ng nghi\u1ec7p.<\/p>\n<p>Hi\u1ec7n nay, thi\u1ebft b\u1ecb \u0111\u00f3ng c\u1eaft t\u1ef1 \u0111\u1ed9ng \u0111ang \u0111\u01b0\u1ee3c s\u1eed d\u1ee5ng r\u1ed9ng r\u00e3i trong \u0111i\u1ec7n d\u00e2n d\u1ee5ng v\u00e0 \u0111i\u1ec7n c\u00f4ng nghi\u1ec7p. V\u00e0 d\u01b0\u1eddng nh\u01b0 \u0111\u00e3 thay th\u1ebf h\u1ea7u h\u1ebft c\u1ea7u dao \u0111i\u1ec7n. Sau \u0111\u00e2y, h\u00e3y c\u00f9ng B\u1ebfn Th\u00e0nh t\u00ecm hi\u1ec3u v\u1ec1 d\u00f2ng s\u1ea3n ph\u1ea9m n\u00e0y\u00a0nh\u00e9.<\/p>\n<h3><strong>\u01afu \u0111i\u1ec3m s\u1ea3n ph\u1ea9m<\/strong><\/h3>\n<p>Thi\u1ebft b\u1ecb \u0111\u1ea7u cu\u1ed1i h\u00ecnh tr\u1ee5 hai chi\u1ec1u \u0111\u1ea3m b\u1ea3o an to\u00e0n cao h\u01a1n cho c\u00e1c ho\u1ea1t \u0111\u1ed9ng k\u1ebft n\u1ed1i, l\u00e0m cho ch\u00fang ta d\u1ec5 d\u00e0ng h\u01a1n s\u1eed d\u1ee5ng h\u01a1n. Th\u00f4ng tin in tr\u00ean thi\u1ebft b\u1ecb \u0111\u01b0\u1ee3c in b\u1eb1ng laser, hi\u1ec3n th\u1ecb ch\u1eef r\u00f5 r\u00e0ng v\u00e0 l\u00e2u d\u00e0i. Ki\u1ec3u thi\u1ebft b\u1ecb \u0111\u1ea7u cu\u1ed1i: Thi\u1ebft b\u1ecb \u0111\u1ea7u cu\u1ed1i n\u00e2ng xi lanh hai chi\u1ec1u kh\u00f4ng an to\u00e0n \u1edf tr\u00ean v\u00e0 d\u01b0\u1edbi (ch\u1ed1ng s\u1ed1c).<\/p>\n<h3><strong>\u0110\u1eb7c \u0111i\u1ec3m s\u1ea3n ph\u1ea9m<\/strong><\/h3>\n<p>S\u1ea3n xu\u1ea5t v\u00e0 tu\u00e2n th\u1ee7 theo ti\u00eau chu\u1ea9n IEC\/EN 61008. T\u1ea7n s\u1ed1 \u0111\u1ecbnh m\u1ee9c v\u00e0o kho\u1ea3ng 50 \u0111\u1ebfn 60 Hz. Trong tr\u01b0\u1eddng h\u1ee3p t\u1ea7n s\u1ed1 l\u1ec7ch t\u1eeb 50 tr\u1ee5c 60 Hz c\u0169ng nh\u01b0 d\u00f2ng \u0111i\u1ec7n tr\u1ef1c ti\u1ebfp. Lo\u1ea1i d\u00f2ng \u0111i\u1ec7n: AC. S\u1ed1 c\u1ef1c: 2P, 4P.<\/p>\n<p>\u0110\u00e8n chuy\u1ec3n \u0111\u1ed5i t\u1eeb m\u00e0u \u0111en c\u00f3 th\u1ec3 b\u1ecbt k\u00edn \u1edf v\u1ecb tr\u00ed b\u1eadt. Nhi\u1ec7t \u0111\u1ed9 m\u00f4i tr\u01b0\u1eddng (v\u1edbi trung b\u00ecnh h\u00e0ng ng\u00e0y \u2264 +35 \u00b0 C) -5 \u2026+40 oC. Nhi\u1ec7t \u0111\u1ed9 b\u1ea3o qu\u1ea3n t\u1eeb -40\u2026+70 oC. \u1ea2nh h\u01b0\u1edfng c\u1ee7a nhi\u1ec7t \u0111\u1ed9 m\u00f4i tr\u01b0\u1eddng. C\u00e1c chuy\u1ebfn \u0111i nhi\u1ec7t \u0111\u01b0\u1ee3c hi\u1ec7u ch\u1ec9nh cho nhi\u1ec7t \u0111\u1ed9 m\u00f4i tr\u01b0\u1eddng xung quanh 30oC cho \u0111\u1eb7c t\u00ednh B-, C- v\u00e0 D.<\/p>\n<p>Trong tr\u01b0\u1eddng h\u1ee3p nhi\u1ec7t \u0111\u1ed9 l\u1ec7ch kh\u1ecfi c\u00e1c gi\u00e1 tr\u1ecb n\u00e0y, v\u1ea5p ng\u00e3 gi\u00e1 tr\u1ecb gi\u1ea3m trong tr\u01b0\u1eddng h\u1ee3p nhi\u1ec7t \u0111\u1ed9 cao h\u01a1n \u0111\u01b0\u1ee3c t\u0103ng l\u00ean trong tr\u01b0\u1eddng h\u1ee3p nhi\u1ec7t \u0111\u1ed9 th\u1ea5p h\u01a1n. K\u00edch th\u01b0\u1edbc \u0111\u1ea7u cu\u1ed1i \/ \u0111\u00e1y cho c\u00e1p: 25\/25mm2. K\u00edch th\u01b0\u1edbc \u0111\u1ea7u cu\u1ed1i \/ \u0111\u00e1y cho thanh c\u00e1i: 10\/10mm2. K\u1ebft n\u1ed1i t\u1eeb tr\u00ean xu\u1ed1ng d\u01b0\u1edbi. Kh\u00f4ng c\u00f3 ph\u1ee5 ki\u1ec7n g\u1eafn k\u1ebft.<\/p>\n<h3><strong>Th\u00f4ng s\u1ed1 c\u01a1 b\u1ea3n<\/strong><\/h3>\n<p>Aptomat ch\u1ed1ng r\u00f2 RCCB\u00a0FH200 series c\u00f3 d\u00f2ng \u0111\u1ecbnh m\u1ee9c t\u1eeb 25A \u0111\u1ebfn 100A. V\u1edbi di\u1ec7n t\u00edch 25 mm2, thi\u1ebft b\u1ecb \u0111\u1ea7u cu\u1ed1i l\u1ed3ng, m\u1ed9t ch\u1ee9ng minh t\u1ed1t v\u00e0 c\u00f4ng ngh\u1ec7 \u0111\u00e1ng tin c\u1eady. C\u00e1c thi\u1ebft b\u1ecb \u0111\u1ea7u cu\u1ed1i ch\u1ea5p nh\u1eadn kh\u00f4ng ch\u1ec9 d\u00e2y \u0111\u01a1n, nh\u01b0ng c\u0169ng nhi\u1ec1u d\u00e2y d\u1eabn c\u00f3 c\u00f9ng k\u00edch th\u01b0\u1edbc v\u00ed d\u1ee5. 6 x 1,5 mm2 ho\u1eb7c th\u1eadm ch\u00ed d\u00e2y d\u1eabn v\u1edbi kh\u00e1c nhau m\u1eb7t c\u1eaft ngang.<\/p>\n<p>C\u00e1c m\u1ee9c ch\u1ed1ng d\u00f2ng r\u00f2: 30mA, 100mA, 300mA, 500mA. \u0110i\u1ec7n \u00e1p \u0111\u1ecbnh m\u1ee9c 230\/400 &#8211; 240\/415 V. \u0110i\u1ec7n \u00e1p c\u00e1ch \u0111i\u1ec7n \u0111\u1ecbnh m\u1ee9c 500V. \u0110i\u1ec7n \u00e1p t\u1ed1i \u0111a ho\u1ea1t \u0111\u1ed9ng c\u1ee7a ki\u1ec3m tra m\u1ea1ch 254V. \u0110i\u1ec7n \u00e1p ho\u1ea1t \u0111\u1ed9ng t\u1ed1i thi\u1ec3u c\u1ee7a ki\u1ec3m tra m\u1ea1ch 110V. \u0110i\u1ec7n \u00e1p th\u1eed nghi\u1ec7m \u0111i\u1ec7n m\u00f4i trong 1 ph\u00fat l\u00e0 2,5kV.<\/p>\n<h3><strong>L\u1ee3i \u00edch, \u1ee9ng d\u1ee5ng<\/strong><\/h3>\n<p>RCCB FH200 ABB th\u01b0\u1eddng \u0111\u01b0\u1ee3c \u1ee9ng d\u1ee5ng trong trong k\u1ef9 thu\u1eadt, s\u1eed d\u1ee5ng \u0111\u1ec3 \u0111\u00f3ng c\u1eaft kh\u00f4ng th\u01b0\u1eddng xuy\u00ean c\u00e1c m\u1ea1ch l\u00e0m vi\u1ec7c \u1edf ch\u1ebf \u0111\u1ed9 b\u00ecnh th\u01b0\u1eddng. \u0110\u01b0\u1ee3c l\u1eafp \u0111\u1eb7t \u1edf gia \u0111\u00ecnh, c\u00f4ng tr\u00ecnh l\u1edbn: kh\u00e1ch s\u1ea1n, nh\u00e0 h\u00e0ng, t\u00f2a nh\u00e0, khi d\u00e2n c\u01b0 v\u00e0 c\u00e1c c\u0103n h\u1ed9 chung c\u01b0, trung t\u00e2m th\u01b0\u01a1ng m\u1ea1i\u2026gi\u00fap b\u1ea3o v\u1ec7 an to\u00e0n cho ng\u01b0\u1eddi s\u1eed d\u1ee5ng.<\/p>\n<h2><strong>C\u00e1ch l\u1ef1a ch\u1ecdn aptomat ph\u00f9 h\u1ee3p cho h\u1ec7 th\u1ed1ng \u0111i\u1ec7n<\/strong><\/h2>\n<p>\u0110\u1ec3 h\u1ea1n ch\u1ebf nh\u1eefng h\u1eadu qu\u1ea3 nghi\u00eam tr\u1ecdng g\u00e2y ph\u00e1 h\u1ecfng s\u1ef1 c\u1ed1 qu\u00e1 d\u00f2ng, qu\u00e1 t\u1ea3i, s\u1ef1 c\u1ed1 h\u1ecfng c\u00e1ch \u0111i\u1ec7n v\u00e0 c\u00e1ch ly ph\u1ea7n h\u01b0 h\u1ecfng ra kh\u1ecfi l\u01b0\u1edbi. V\u00ec v\u1eady, vi\u1ec7c l\u1ef1a ch\u1ecdn thi\u1ebft b\u1ecb \u0111\u1ec3 b\u1ea3o v\u1ec7 cho m\u1ea1ch \u0111i\u1ec7n h\u1ebft s\u1ee9c quan tr\u1ecdng. D\u1ef1a tr\u00ean r\u1ea5t nhi\u1ec1u y\u1ebfu t\u1ed1 nh\u01b0ng ph\u1ea3i ph\u00f9 h\u1ee3p v\u1edbi c\u00e1c ti\u00eau chu\u1ea9n c\u1ee7a t\u1eebng thi\u1ebft b\u1ecb, v\u00e0 tu\u00e2n th\u1ee7 theo ti\u00eau chu\u1ea9n qu\u1ed1c t\u1ebf.<\/p>\n<p>L\u1ef1a ch\u1ecdn theo m\u1ee9c d\u00f2ng: Vi\u1ec7c l\u1ef1a ch\u1ecdn aptomat ch\u1ee7 y\u1ebfu d\u1ef1a v\u00e0o d\u00f2ng \u0111i\u1ec7n t\u00ednh to\u00e1n trong m\u1ea1ch, d\u00f2ng \u0111i\u1ec7n qu\u00e1 t\u1ea3i, t\u00ednh thao t\u00e1c ch\u1ecdn l\u1ecdc. C\u0103n c\u1ee9 v\u00e0o \u0111\u1eb7c t\u00ednh l\u00e0m vi\u1ec7c c\u1ee7a ph\u1ee5 t\u1ea3i, aptomat kh\u00f4ng \u0111\u01b0\u1ee3c ph\u00e9p c\u1eaft khi c\u00f3 qu\u00e1 t\u1ea3i ng\u1eafn h\u1ea1n th\u01b0\u1eddng x\u1ea3y ra trong \u0111i\u1ec1u ki\u1ec7n l\u00e0m vi\u1ec7c b\u00ecnh th\u01b0\u1eddng.<\/p>\n<p>Ngo\u00e0i ra, aptomat c\u00f2n \u0111\u01b0\u1ee3c l\u1ef1a ch\u1ecdn t\u1eeb hai h\u1ec7 th\u1ed1ng \u0111\u00f3 l\u00e0: H\u1ec7 th\u1ed1ng c\u1eaft m\u1ea1ch \u0111i\u1ec7n v\u00e0 h\u1ec7 th\u1ed1ng d\u00f2 t\u00ecm s\u1ef1 c\u1ed1.<\/p>\n","protected":false},"excerpt":{"rendered":"<div class=\"desc\">Aptomat RCCB FH200 ABB d\u00f2ng s\u1ea3n ph\u1ea9m RCCB cao c\u1ea5p c\u00f3 ch\u1ee9c n\u0103ng b\u1ea3o v\u1ec7 ng\u01b0\u1eddi v\u00e0 thi\u1ebft b\u1ecb ch\u1ed1ng r\u00f2 r\u1ec9 \u0111i\u1ec7n \u0111\u1ea1t ti\u00eau chu\u1ea9n IEC61008.<\/div>\n<div class=\"list\">\n<p><i class=\"fa fa-gg\" aria-hidden=\"true\"><\/i>\u00a0\u01afU \u0110I\u1ec2M:<\/p>\n<div class=\"ht-format-detail\">\n<ul>\n<li>B\u1ea3o v\u1ec7 con ng\u01b0\u1eddi, thi\u1ebft b\u1ecb v\u1edbi ch\u1ee9c n\u0103ng ch\u1ed1ng r\u00f2<\/li>\n<li>L\u1eafp \u0111\u1eb7t cho h\u1ec7 th\u1ed1ng m\u1ea1ng \u0111i\u1ec7n c\u00f3 d\u00f2ng \u0111\u1ecbnh m\u1ee9c 25A \u0111\u1ebfn 100A<\/li>\n<li>Kh\u1ea3 n\u0103ng ch\u1ed1ng d\u00f2ng r\u00f2 \u1edf c\u00e1c m\u1ee9c:\u00a030mA, 100mA, 300mA, 500mA<\/li>\n<li>S\u1ea3n xu\u1ea5t ph\u00f9 h\u1ee3p theo ti\u00eau chu\u1ea9n IEC 61008<\/li>\n<li>D\u1ec5 d\u00e0ng l\u1eafp \u0111\u1eb7t, hi\u1ec7u su\u1ea5t \u0111\u00e1ng tin c\u1eady<\/li>\n<li>T\u1ea3i Catalogue RCCB FH200 ABB: <span style=\"color: #00aae7;\"><a style=\"color: #00aae7;\" href=\"https:\/\/drive.google.com\/file\/d\/1QTfoDR-yKfnjRh96o9iG9_l3d9xWTZUb\/view?usp=share_link\">T\u1ea1i \u0111\u00e2y<\/a><\/span><\/li>\n<li><\/li>\n<\/ul>\n<\/div>\n<\/div>\n","protected":false},"featured_media":3294,"comment_status":"open","ping_status":"closed","template":"","meta":[],"product_cat":[207],"product_tag":[],"jetpack-related-posts":[{"id":2743,"url":"https:\/\/tp-electric.vn\/index.php\/san-pham\/2743\/","url_meta":{"origin":3293,"position":0},"title":"RCCB 2P &#8211; 4P","author":"","date":"07\/02\/2023","format":false,"excerpt":"Th\u00f4ng s\u1ed1 k\u1ef9 thu\u1eadt: S\u1ed1 c\u1ef1c : 2 c\u1ef1c v\u00e0 4 c\u1ef1c D\u00f2ng c\u1eaft : 6KA v\u00e0 10 KA D\u00f2ng \u0111\u1ecbnh m\u1ee9c : 25A, 40A, 63A, 80A, 100A \u0110\u1ed9 nh\u1ea1y : 30mA v\u00e0 300mA","rel":"","context":"Similar post","block_context":{"text":"Similar post","link":""},"img":{"alt_text":"","src":"https:\/\/i0.wp.com\/tp-electric.vn\/wp-content\/uploads\/2023\/02\/19437382_788401314654755_1928006918373106497_n.jpg?fit=960%2C640&ssl=1&resize=350%2C200","width":350,"height":200,"srcset":"https:\/\/i0.wp.com\/tp-electric.vn\/wp-content\/uploads\/2023\/02\/19437382_788401314654755_1928006918373106497_n.jpg?fit=960%2C640&ssl=1&resize=350%2C200 1x, https:\/\/i0.wp.com\/tp-electric.vn\/wp-content\/uploads\/2023\/02\/19437382_788401314654755_1928006918373106497_n.jpg?fit=960%2C640&ssl=1&resize=700%2C400 2x"},"classes":[]},{"id":3291,"url":"https:\/\/tp-electric.vn\/index.php\/san-pham\/aptomat-rcbo-ds201-abb\/","url_meta":{"origin":3293,"position":1},"title":"APTOMAT RCBO DS201 ABB","author":"","date":"25\/02\/2023","format":false,"excerpt":"Aptomat RCBO DS201 ABB c\u1ea7u giao ch\u1ed1ng r\u00f2 c\u00f3 ch\u1ee9c n\u0103ng b\u1ea3o v\u1ec7 con ng\u01b0\u1eddi tr\u00e1nh hi\u1ec7n t\u01b0\u1ee3ng b\u1ecb r\u00f2 \u0111i\u1ec7n gi\u1eadt, ng\u1eaft m\u1ea1ch, b\u1ea3o v\u1ec7 qu\u00e1 t\u1ea3i. \u00a0\u01afU \u0110I\u1ec2M: B\u1ea3o v\u1ec7 qu\u00e1 t\u1ea3i, ng\u1eafn m\u1ea1ch v\u00e0 ch\u1ed1ng r\u00f2 \u0111i\u1ec7n D\u1ec5 d\u00e0ng l\u1eafp \u0111\u1eb7t, \u0111\u00e1p \u1ee9ng ti\u00eau chu\u1ea9n\u00a0EN 60715 Kh\u1eb3\u2026","rel":"","context":"Similar post","block_context":{"text":"Similar post","link":""},"img":{"alt_text":"","src":"https:\/\/i0.wp.com\/tp-electric.vn\/wp-content\/uploads\/2023\/02\/RCBO.png?fit=300%2C300&ssl=1&resize=350%2C200","width":350,"height":200},"classes":[]},{"id":2914,"url":"https:\/\/tp-electric.vn\/index.php\/san-pham\/aptomat-tu-dong-mcb-abb-2p\/","url_meta":{"origin":3293,"position":2},"title":"APTOMAT T\u1ef0 \u0110\u1ed8NG MCB ABB 2P","author":"","date":"11\/02\/2023","format":false,"excerpt":"Aptomat MCB S200P ABB d\u00f2ng series \u0111\u1ea1t c\u00e1c ti\u00eau chu\u1ea9n qu\u1ed1c t\u1ebf mang \u0111\u1ebfn gi\u1ea3i ph\u00e1p b\u1ea3o v\u1ec7 qu\u00e1 t\u1ea3i, ng\u1eafn m\u1ea1ch cho h\u1ec7 th\u1ed1ng \u0111i\u1ec7n to\u00e0 nh\u00e0, c\u00f4ng nghi\u1ec7p. \u01afU \u0110I\u1ec2M: Gi\u1ea3i ph\u00e1p s\u1eed d\u1ee5ng cho \u0111i\u1ec7n d\u00e2n d\u1ee5ng, c\u00f4ng nghi\u1ec7p \u0110\u1ea1t ti\u00eau chu\u1ea9n qu\u1ed1c t\u1ebf v\u1ec1 ch\u1ea5t l\u01b0\u1ee3ng,\u2026","rel":"","context":"Similar post","block_context":{"text":"Similar post","link":""},"img":{"alt_text":"","src":"https:\/\/i0.wp.com\/tp-electric.vn\/wp-content\/uploads\/2023\/02\/2-1.png?fit=600%2C450&ssl=1&resize=350%2C200","width":350,"height":200},"classes":[]},{"id":3273,"url":"https:\/\/tp-electric.vn\/index.php\/san-pham\/aptomat-mcb-s800c-abb\/","url_meta":{"origin":3293,"position":3},"title":"APTOMAT MCB S800C ABB","author":"","date":"25\/02\/2023","format":false,"excerpt":"Aptomat MCB S800C ABB \u0111\u01b0\u1ee3c s\u1ea3n xu\u1ea5t thi\u1ebft k\u1ebf \u0111\u1ea1t hi\u1ec7u su\u1ea5t cao v\u1edbi ch\u1ee9c n\u0103ng ng\u1eaft m\u1ea1ch b\u1ea3o v\u1ec7 thi\u1ebft b\u1ecb \u0111i\u1ec7n, \u0111\u01b0\u1ee3c s\u1eed d\u1ee5ng trong c\u00e1c \u1ee9ng d\u1ee5ng IEC v\u00e0 UL. \u00a0\u01afU \u0110I\u1ec2M: \u0110\u1ea1t hi\u1ec7u su\u1ea5t cao trong ch\u1ee9c n\u0103ng ng\u1eaft m\u1ea1ch S\u1ea3n ph\u1ea9m ch\u1ea5t l\u01b0\u1ee3ng ti\u00eau chu\u1ea9n\u2026","rel":"","context":"Similar post","block_context":{"text":"Similar post","link":""},"img":{"alt_text":"","src":"https:\/\/i0.wp.com\/tp-electric.vn\/wp-content\/uploads\/2023\/02\/s800c.png?fit=300%2C300&ssl=1&resize=350%2C200","width":350,"height":200},"classes":[]},{"id":3275,"url":"https:\/\/tp-electric.vn\/index.php\/san-pham\/aptomat-mcb-s800n-abb\/","url_meta":{"origin":3293,"position":4},"title":"APTOMAT MCB S800N ABB","author":"","date":"25\/02\/2023","format":false,"excerpt":"Aptomat MCB S800N ABB d\u00f2ng series linh ho\u1ea1t \u0111\u00e1ng tin c\u1eady v\u1edbi ch\u1ee9c n\u0103ng ng\u1eaft m\u1ea1ch khi x\u1ea3y ra s\u1ef1 c\u1ed1 \u0111\u1ea3m b\u1ea3o y\u00eau c\u1ea7u an to\u00e0n cao nh\u1ea5t cho m\u1ea1ng l\u01b0\u1edbi \u0111i\u1ec7n. \u00a0\u01afU \u0110I\u1ec2M: Linh ho\u1ea1t \u0111i\u1ec1u ch\u1ec9nh v\u00e0 c\u00e0i \u0111\u1eb7t c\u1ed1 \u0111\u1ecbnh Ch\u1ea5t l\u01b0\u1ee3ng \u0111\u00e1ng tin c\u1eady v\u1edbi\u2026","rel":"","context":"Similar post","block_context":{"text":"Similar post","link":""},"img":{"alt_text":"","src":"https:\/\/i0.wp.com\/tp-electric.vn\/wp-content\/uploads\/2023\/02\/800n.png?fit=300%2C300&ssl=1&resize=350%2C200","width":350,"height":200},"classes":[]},{"id":3263,"url":"https:\/\/tp-electric.vn\/index.php\/san-pham\/aptomat-mcb-sh200-abb\/","url_meta":{"origin":3293,"position":5},"title":"APTOMAT MCB SH200 ABB","author":"","date":"25\/02\/2023","format":false,"excerpt":"Aptomat MCB SH200 ABB ph\u00f9 h\u1ee3p v\u1edbi ti\u00eau chu\u1ea9n qu\u1ed1c t\u1ebf ISO 9001. Ti\u00eau chu\u1ea9n t\u01b0\u01a1ng \u0111\u01b0\u01a1ng EN ISO 9001 v\u00e0 ti\u00eau chu\u1ea9n ch\u00e2u \u00c2u. \u00a0\u01afU \u0110I\u1ec2M: S\u1ea3n xu\u1ea5t theo\u00a0ti\u00eau chu\u1ea9n IEC898, ISO 9001 Kh\u1ea3 n\u0103ng \u0111\u00f3ng c\u1eaft l\u00ean \u0111\u1ebfn 20.000 l\u1ea7n Thi\u1ebft k\u1ebf nh\u1ecf g\u1ecdn, ti\u1ebft ki\u1ec7m di\u1ec7n t\u00edch\u2026","rel":"","context":"Similar post","block_context":{"text":"Similar post","link":""},"img":{"alt_text":"","src":"https:\/\/i0.wp.com\/tp-electric.vn\/wp-content\/uploads\/2023\/02\/2-17.png?fit=553%2C472&ssl=1&resize=350%2C200","width":350,"height":200},"classes":[]}],"_links":{"self":[{"href":"https:\/\/tp-electric.vn\/index.php\/wp-json\/wp\/v2\/product\/3293"}],"collection":[{"href":"https:\/\/tp-electric.vn\/index.php\/wp-json\/wp\/v2\/product"}],"about":[{"href":"https:\/\/tp-electric.vn\/index.php\/wp-json\/wp\/v2\/types\/product"}],"replies":[{"embeddable":true,"href":"https:\/\/tp-electric.vn\/index.php\/wp-json\/wp\/v2\/comments?post=3293"}],"wp:featuredmedia":[{"embeddable":true,"href":"https:\/\/tp-electric.vn\/index.php\/wp-json\/wp\/v2\/media\/3294"}],"wp:attachment":[{"href":"https:\/\/tp-electric.vn\/index.php\/wp-json\/wp\/v2\/media?parent=3293"}],"wp:term":[{"taxonomy":"product_cat","embeddable":true,"href":"https:\/\/tp-electric.vn\/index.php\/wp-json\/wp\/v2\/product_cat?post=3293"},{"taxonomy":"product_tag","embeddable":true,"href":"https:\/\/tp-electric.vn\/index.php\/wp-json\/wp\/v2\/product_tag?post=3293"}],"curies":[{"name":"wp","href":"https:\/\/api.w.org\/{rel}","templated":true}]}}