{"id":3291,"date":"2023-02-25T14:11:36","date_gmt":"2023-02-25T07:11:36","guid":{"rendered":"https:\/\/tp-electric.vn\/?post_type=product&#038;p=3291"},"modified":"2024-12-12T15:10:27","modified_gmt":"2024-12-12T08:10:27","slug":"aptomat-rcbo-ds201-abb","status":"publish","type":"product","link":"https:\/\/tp-electric.vn\/index.php\/san-pham\/aptomat-rcbo-ds201-abb\/","title":{"rendered":"APTOMAT RCBO DS201 ABB"},"content":{"rendered":"<table id=\"UserGridView\" class=\"s_table\">\n<thead>\n<tr>\n<td class=\"td-desc\"><strong>QUY C\u00c1CH PH\u1ed4 BI\u1ebeN<\/strong><\/td>\n<\/tr>\n<\/thead>\n<tbody class=\"s_content\" data-items=\"24\">\n<tr>\n<td class=\"td-desc search\">\n<div class=\"desc\">RCBO DS201 L C6 AC301P+N, D\u00f2ng \u0111\u1ecbnh m\u1ee9c: 6A, D\u00f2ng r\u00f2: 30mA, D\u00f2ng c\u1eaft: 4.5kA<\/div>\n<\/td>\n<\/tr>\n<tr>\n<td class=\"td-desc search\">\n<div class=\"desc\">RCBO DS201 L C10 AC301P+N, D\u00f2ng \u0111\u1ecbnh m\u1ee9c: 10A, D\u00f2ng r\u00f2: 30mA, D\u00f2ng c\u1eaft: 4.5kA<\/div>\n<\/td>\n<\/tr>\n<tr>\n<td class=\"td-desc search\">\n<div class=\"desc\">RCBO DS201 L C16 AC301P+N, D\u00f2ng \u0111\u1ecbnh m\u1ee9c: 16A, D\u00f2ng r\u00f2: 30mA, D\u00f2ng c\u1eaft: 4.5kA<\/div>\n<\/td>\n<\/tr>\n<tr>\n<td class=\"td-desc search\">\n<div class=\"desc\">RCBO DS201 L C20 AC301P+N, D\u00f2ng \u0111\u1ecbnh m\u1ee9c: 20A, D\u00f2ng r\u00f2: 30mA, D\u00f2ng c\u1eaft: 4.5kA<\/div>\n<\/td>\n<\/tr>\n<tr>\n<td class=\"td-desc search\">\n<div class=\"desc\">RCBO DS201 L C25 AC301P+N, D\u00f2ng \u0111\u1ecbnh m\u1ee9c: 25A, D\u00f2ng r\u00f2: 30mA, D\u00f2ng c\u1eaft: 4.5kA<\/div>\n<\/td>\n<\/tr>\n<tr>\n<td class=\"td-desc search\">\n<div class=\"desc\">RCBO DS201 L C32 AC301P+N, D\u00f2ng \u0111\u1ecbnh m\u1ee9c: 32A, D\u00f2ng r\u00f2: 30mA, D\u00f2ng c\u1eaft: 4.5kA<\/div>\n<\/td>\n<\/tr>\n<tr>\n<td class=\"td-desc search\">\n<div class=\"desc\">RCBO DS201 L C6 AC3001P+N, D\u00f2ng \u0111\u1ecbnh m\u1ee9c: 6A, D\u00f2ng r\u00f2: 300mA, D\u00f2ng c\u1eaft: 4.5kA<\/div>\n<\/td>\n<\/tr>\n<tr>\n<td class=\"td-desc search\">\n<div class=\"desc\">RCBO DS201 L C10 AC3001P+N, D\u00f2ng \u0111\u1ecbnh m\u1ee9c: 10A, D\u00f2ng r\u00f2: 300mA, D\u00f2ng c\u1eaft: 4.5kA<\/div>\n<\/td>\n<\/tr>\n<tr>\n<td class=\"td-desc search\">\n<div class=\"desc\">RCBO DS201 L C16 AC3001P+N, D\u00f2ng \u0111\u1ecbnh m\u1ee9c: 16A, D\u00f2ng r\u00f2: 300mA, D\u00f2ng c\u1eaft: 4.5kA<\/div>\n<\/td>\n<\/tr>\n<tr>\n<td class=\"td-desc search\">\n<div class=\"desc\">RCBO DS201 L C20 AC3001P+N, D\u00f2ng \u0111\u1ecbnh m\u1ee9c: 20A, D\u00f2ng r\u00f2: 300mA, D\u00f2ng c\u1eaft: 4.5kA<\/div>\n<\/td>\n<\/tr>\n<tr>\n<td class=\"td-desc search\">\n<div class=\"desc\">RCBO DS201 L C25 AC3001P+N, D\u00f2ng \u0111\u1ecbnh m\u1ee9c: 25A, D\u00f2ng r\u00f2: 300mA, D\u00f2ng c\u1eaft: 4.5kA<\/div>\n<\/td>\n<\/tr>\n<tr>\n<td class=\"td-desc search\">\n<div class=\"desc\">RCBO DS201 L C32 AC3001P+N, D\u00f2ng \u0111\u1ecbnh m\u1ee9c: 32A, D\u00f2ng r\u00f2: 300mA, D\u00f2ng c\u1eaft: 4.5kA<\/div>\n<\/td>\n<\/tr>\n<tr>\n<td class=\"td-desc search\">\n<div class=\"desc\">RCBO DS201 C6 AC301P+N, D\u00f2ng \u0111\u1ecbnh m\u1ee9c: 6A, D\u00f2ng r\u00f2: 30mA, D\u00f2ng c\u1eaft: 6kA<\/div>\n<\/td>\n<\/tr>\n<tr>\n<td class=\"td-desc search\">\n<div class=\"desc\">RCBO DS201 C10 AC301P+N, D\u00f2ng \u0111\u1ecbnh m\u1ee9c: 10A, D\u00f2ng r\u00f2: 30mA, D\u00f2ng c\u1eaft: 6kA<\/div>\n<\/td>\n<\/tr>\n<tr>\n<td class=\"td-desc search\">\n<div class=\"desc\">RCBO DS201 C16 AC301P+N, D\u00f2ng \u0111\u1ecbnh m\u1ee9c: 16A, D\u00f2ng r\u00f2: 30mA, D\u00f2ng c\u1eaft: 6kA<\/div>\n<\/td>\n<\/tr>\n<tr>\n<td class=\"td-desc search\">\n<div class=\"desc\">RCBO DS201 C20 AC301P+N, D\u00f2ng \u0111\u1ecbnh m\u1ee9c: 20A, D\u00f2ng r\u00f2: 30mA, D\u00f2ng c\u1eaft: 6kA<\/div>\n<\/td>\n<\/tr>\n<tr>\n<td class=\"td-desc search\">\n<div class=\"desc\">RCBO DS201 C25 AC301P+N, D\u00f2ng \u0111\u1ecbnh m\u1ee9c: 25A, D\u00f2ng r\u00f2: 30mA, D\u00f2ng c\u1eaft: 6kA<\/div>\n<\/td>\n<\/tr>\n<tr>\n<td class=\"td-desc search\">\n<div class=\"desc\">RCBO DS201 C32 AC301P+N, D\u00f2ng \u0111\u1ecbnh m\u1ee9c: 32A, D\u00f2ng r\u00f2: 30mA, D\u00f2ng c\u1eaft: 6kA<\/div>\n<\/td>\n<\/tr>\n<tr>\n<td class=\"td-desc search\">\n<div class=\"desc\">RCBO DS201 C6 AC3001P+N, D\u00f2ng \u0111\u1ecbnh m\u1ee9c: 6A, D\u00f2ng r\u00f2: 300mA, D\u00f2ng c\u1eaft: 6kA<\/div>\n<\/td>\n<\/tr>\n<tr>\n<td class=\"td-desc search\">\n<div class=\"desc\">RCBO DS201 C10 AC3001P+N, D\u00f2ng \u0111\u1ecbnh m\u1ee9c: 10A, D\u00f2ng r\u00f2: 300mA, D\u00f2ng c\u1eaft: 6kA<\/div>\n<\/td>\n<\/tr>\n<tr>\n<td class=\"td-desc search\">\n<div class=\"desc\">RCBO DS201 L C32 AC3001P+N, D\u00f2ng \u0111\u1ecbnh m\u1ee9c: 32A, D\u00f2ng r\u00f2: 300mA, D\u00f2ng c\u1eaft: 4.5kA<\/div>\n<\/td>\n<\/tr>\n<tr>\n<td class=\"td-desc search\">\n<div class=\"desc\">RCBO DS201 C6 AC301P+N, D\u00f2ng \u0111\u1ecbnh m\u1ee9c: 6A, D\u00f2ng r\u00f2: 30mA, D\u00f2ng c\u1eaft: 6kA<\/div>\n<\/td>\n<\/tr>\n<tr>\n<td class=\"td-desc search\">\n<div class=\"desc\">RCBO DS201 C10 AC301P+N, D\u00f2ng \u0111\u1ecbnh m\u1ee9c: 10A, D\u00f2ng r\u00f2: 30mA, D\u00f2ng c\u1eaft: 6kA<\/div>\n<\/td>\n<\/tr>\n<tr>\n<td class=\"td-desc search\">\n<div class=\"desc\">RCBO DS201 C16 AC301P+N, D\u00f2ng \u0111\u1ecbnh m\u1ee9c: 16A, D\u00f2ng r\u00f2: 30mA, D\u00f2ng c\u1eaft: 6kA<\/div>\n<\/td>\n<\/tr>\n<tr>\n<td class=\"td-desc search\">\n<div class=\"desc\">RCBO DS201 C20 AC301P+N, D\u00f2ng \u0111\u1ecbnh m\u1ee9c: 20A, D\u00f2ng r\u00f2: 30mA, D\u00f2ng c\u1eaft: 6kA<\/div>\n<\/td>\n<\/tr>\n<tr>\n<td class=\"td-desc search\">\n<div class=\"desc\">RCBO DS201 C25 AC301P+N, D\u00f2ng \u0111\u1ecbnh m\u1ee9c: 25A, D\u00f2ng r\u00f2: 30mA, D\u00f2ng c\u1eaft: 6kA<\/div>\n<\/td>\n<\/tr>\n<tr>\n<td class=\"td-desc search\">\n<div class=\"desc\">RCBO DS201 C32 AC301P+N, D\u00f2ng \u0111\u1ecbnh m\u1ee9c: 32A, D\u00f2ng r\u00f2: 30mA, D\u00f2ng c\u1eaft: 6kA<\/div>\n<\/td>\n<\/tr>\n<tr>\n<td class=\"td-desc search\">\n<div class=\"desc\">RCBO DS201 C6 AC3001P+N, D\u00f2ng \u0111\u1ecbnh m\u1ee9c: 6A, D\u00f2ng r\u00f2: 300mA, D\u00f2ng c\u1eaft: 6kA<\/div>\n<\/td>\n<\/tr>\n<tr>\n<td class=\"td-desc search\">\n<div class=\"desc\">RCBO DS201 C10 AC3001P+N, D\u00f2ng \u0111\u1ecbnh m\u1ee9c: 10A, D\u00f2ng r\u00f2: 300mA, D\u00f2ng c\u1eaft: 6kA<\/div>\n<\/td>\n<\/tr>\n<tr>\n<td class=\"td-desc search\">\n<div class=\"desc\">RCBO DS201 C16 AC3001P+N, D\u00f2ng \u0111\u1ecbnh m\u1ee9c: 16A, D\u00f2ng r\u00f2: 300mA, D\u00f2ng c\u1eaft: 6kA<\/div>\n<\/td>\n<\/tr>\n<tr>\n<td class=\"td-desc search\">\n<div class=\"desc\">RCBO DS201 C20 AC3001P+N, D\u00f2ng \u0111\u1ecbnh m\u1ee9c: 20A, D\u00f2ng r\u00f2: 300mA, D\u00f2ng c\u1eaft: 6kA<\/div>\n<\/td>\n<\/tr>\n<\/tbody>\n<\/table>\n<h3><strong>\u0110\u1eb7c \u0111i\u1ec3m<\/strong><\/h3>\n<p>M\u1ed9t thi\u1ebft b\u1ecb \u0111i\u1ec7n \u01b0u vi\u1ec7t nh\u01b0 aptomat DS201 ABB ch\u1eafc ch\u1eafn s\u1ebd mang \u0111\u1ebfn \u0111\u1ed9 tin c\u1eady v\u00e0 s\u1ef1 h\u00e0i l\u00f2ng tuy\u1ec7t \u0111\u1ed1i cho qu\u00fd kh\u00e1ch h\u00e0ng b\u1edfi nh\u1eefng \u01b0u \u0111i\u1ec3m v\u01b0\u1ee3t tr\u1ed9i, t\u00ednh n\u0103ng \u0111\u00e1p \u1ee9ng \u0111\u01b0\u1ee3c m\u1ecdi nhu c\u1ea7u s\u1eed d\u1ee5ng, c\u00e1c \u0111\u1eb7c \u0111i\u1ec3m ri\u00eang bi\u1ec7t:<\/p>\n<ul>\n<li>Ph\u1ee9c t\u1ea1p trong qu\u00e1 tr\u00ecnh s\u1ea3n xu\u1ea5t, c\u1ea5u t\u1ea1o nh\u01b0ng th\u00e1c t\u00e1c v\u1eadn h\u00e0nh v\u00e0 l\u1eafp \u0111\u1eb7t v\u00f4 c\u00f9ng \u0111\u01a1n gi\u1ea3n.<\/li>\n<li>\u0110\u01b0\u1ee3c \u00e1p d\u1ee5ng nhi\u1ec1u t\u00ednh n\u0103ng trong m\u1ed9t thi\u1ebft k\u1ebf nh\u1ecf g\u1ecdn.<\/li>\n<li>D\u1ec5 d\u00e0ng l\u1eafp \u0111\u1eb7t, tuy nhi\u00ean ph\u1ea3i ch\u1ecdn \u0111\u00fang model aptomat DS201 ph\u00f9 h\u1ee3p v\u1edbi thi\u1ebft b\u1ecb, h\u1ec7 th\u1ed1ng \u0111i\u1ec7n c\u1ee7a b\u1ea1n \u0111\u1ec3 tr\u00e1nh tr\u01b0\u1eddng h\u1ee3p qu\u00e1 c\u00f4ng su\u1ea5t d\u1eabn \u0111\u1ebfn ng\u1eafn m\u1ea1nh, ho\u1eb7c kh\u00f4ng t\u01b0\u01a1ng th\u00edch v\u1edbi h\u1ec7 th\u1ed1ng \u0111i\u1ec7n.<\/li>\n<\/ul>\n<h3><strong>Th\u00f4ng s\u1ed1 c\u01a1 b\u1ea3n<\/strong><\/h3>\n<p>&#8211; \u00a0S\u00ea-ri DS201 thay th\u1ebf ph\u1ea1m vi th\u1ef1c t\u1ebf c\u1ee7a RCBO 1P + N v\u00e0 k\u1ebft h\u1ee3p b\u1ea3o v\u1ec7 ch\u1ed1ng l\u1ea1i qu\u00e1 d\u00f2ng v\u00e0 l\u1ed7i \u0111\u1ea5t hi\u1ec7n t\u1ea1i trong m\u1ed9t thi\u1ebft b\u1ecb duy nh\u1ea5t.<\/p>\n<p>&#8211; \u00a0Ph\u1ea1m vi c\u00f3 s\u1eb5n trong c\u00e1c phi\u00ean b\u1ea3n: DS201 L (v\u1edbi kh\u1ea3 ng\u1eaft d\u00f2ng ng\u1eafn m\u1ea1ch 4,5 kA), DS201(v\u1edbi kh\u1ea3 n\u0103ng ng\u1eaft d\u00f2ng ng\u1eafn m\u1ea1ch 6 kA) v\u00e0 DS201 M (v\u1edbi 10kA ph\u00e1 v\u1ee1 c\u00f4ng su\u1ea5t), tu\u00e2n th\u1ee7 ti\u00eau chu\u1ea9n IEC \/ EN 61009<\/p>\n<p>&#8211; \u00a0Ph\u1ea1m vi m\u1edbi trong hai m\u00f4-\u0111un c\u00f3 2 \u0111\u1eb7c \u0111i\u1ec3m kh\u00e1c nhau, v\u1edbi d\u00f2ng \u0111i\u1ec7n \u0111\u1ecbnh m\u1ee9c l\u00ean t\u1edbi 40 A v\u00e0 \u0111\u00e1p \u1ee9ng t\u1ea5t c\u1ea3 c\u00e1c y\u00eau c\u1ea7u b\u1ea3o v\u1ec7 c\u1ee7a m\u1ea1ch m\u1ed9t pha.<\/p>\n<p>&#8211; \u00a0\u0110\u1ed9 nh\u1ea1y \u0111\u1ecbnh m\u1ee9c thay \u0111\u1ed5i theo phi\u00ean b\u1ea3n: 10, 30, 100, 300 v\u00e0 1000 mA.<\/p>\n<p>&#8211; \u00a0Trong DS201 v\u00e0 DS201 M, kh\u1ea3 n\u0103ng ng\u1eaft m\u1ea1ch c\u1ee7a c\u1ef1c \u0111\u01b0\u1ee3c b\u1ea3o v\u1ec7 l\u00e0 6 kA, cho ph\u00e9p n\u00f3 \u0111\u01b0\u1ee3c s\u1eed d\u1ee5ng trong c\u00e0i \u0111\u1eb7t trong tr\u01b0\u1eddng h\u1ee3p c\u00f3 s\u1ef1 c\u1ed1 tr\u00e1i \u0111\u1ea5t, d\u00f2ng s\u1ef1 c\u1ed1 c\u00f3 th\u1ec3 \u0111\u1ea1t t\u1edbi m\u1ee9c n\u00e0y gi\u00e1 tr\u1ecb.<\/p>\n<p>&#8211; \u00a0Cung c\u1ea5p DS201 c\u0169ng bao g\u1ed3m phi\u00ean b\u1ea3n APR, v\u1edbi m\u1ee9c cao h\u01a1n b\u1ea3o v\u1ec7 ch\u1ed1ng s\u1ef1 c\u1ed1 kh\u00f4ng mong mu\u1ed1n do t\u0103ng \u0111\u1ed9t bi\u1ebfn. V\u00ed d\u1ee5: s\u00e9t \u0111\u00e1nh, ho\u1ea1t \u0111\u1ed9ng tr\u00ean ph\u00e2n ph\u1ed1i m\u1ea1ng, x\u00e1o tr\u1ed9n, \u2026v..v<\/p>\n","protected":false},"excerpt":{"rendered":"<div class=\"desc\">Aptomat RCBO DS201 ABB c\u1ea7u giao ch\u1ed1ng r\u00f2 c\u00f3 ch\u1ee9c n\u0103ng b\u1ea3o v\u1ec7 con ng\u01b0\u1eddi tr\u00e1nh hi\u1ec7n t\u01b0\u1ee3ng b\u1ecb r\u00f2 \u0111i\u1ec7n gi\u1eadt, ng\u1eaft m\u1ea1ch, b\u1ea3o v\u1ec7 qu\u00e1 t\u1ea3i.<\/div>\n<div class=\"list\">\n<p><i class=\"fa fa-gg\" aria-hidden=\"true\"><\/i>\u00a0\u01afU \u0110I\u1ec2M:<\/p>\n<div class=\"ht-format-detail\">\n<ul>\n<li>B\u1ea3o v\u1ec7 qu\u00e1 t\u1ea3i, ng\u1eafn m\u1ea1ch v\u00e0 ch\u1ed1ng r\u00f2 \u0111i\u1ec7n<\/li>\n<li>D\u1ec5 d\u00e0ng l\u1eafp \u0111\u1eb7t, \u0111\u00e1p \u1ee9ng ti\u00eau chu\u1ea9n\u00a0EN 60715<\/li>\n<li>Kh\u1eb3 n\u0103ng c\u1eaft d\u00f2ng ng\u1eafn m\u1ea1ch: 4.5kA, 6kA<\/li>\n<li>D\u00f2ng \u0111\u1ecbnh m\u1ee9c ho\u1ea1t \u0111\u1ed9ng t\u1eeb\u00a06A \u0111\u1ebfn 40A<\/li>\n<li>Kh\u1ea3 n\u0103ng ch\u1ed1ng d\u00f2ng r\u00f2 \u1edf m\u1ee9c: 300mA, 100mA, 30mA<\/li>\n<li>T\u1ea3i Catalogue RCBO DS201 ABB: <span style=\"color: #00aae7;\"><a style=\"color: #00aae7;\" href=\"https:\/\/drive.google.com\/file\/d\/1j7IOpsjckSM83hXS01QxOC4ODfoaFx5C\/view?usp=share_link\">T\u1ea1i \u0111\u00e2y<\/a><\/span><\/li>\n<\/ul>\n<\/div>\n<\/div>\n","protected":false},"featured_media":3292,"comment_status":"open","ping_status":"closed","template":"","meta":[],"product_cat":[208],"product_tag":[],"jetpack-related-posts":[{"id":3293,"url":"https:\/\/tp-electric.vn\/index.php\/san-pham\/aptomat-rccb-fh200-abb\/","url_meta":{"origin":3291,"position":0},"title":"APTOMAT RCCB FH200 ABB","author":"","date":"25\/02\/2023","format":false,"excerpt":"Aptomat RCCB FH200 ABB d\u00f2ng s\u1ea3n ph\u1ea9m RCCB cao c\u1ea5p c\u00f3 ch\u1ee9c n\u0103ng b\u1ea3o v\u1ec7 ng\u01b0\u1eddi v\u00e0 thi\u1ebft b\u1ecb ch\u1ed1ng r\u00f2 r\u1ec9 \u0111i\u1ec7n \u0111\u1ea1t ti\u00eau chu\u1ea9n IEC61008. \u00a0\u01afU \u0110I\u1ec2M: B\u1ea3o v\u1ec7 con ng\u01b0\u1eddi, thi\u1ebft b\u1ecb v\u1edbi ch\u1ee9c n\u0103ng ch\u1ed1ng r\u00f2 L\u1eafp \u0111\u1eb7t cho h\u1ec7 th\u1ed1ng m\u1ea1ng \u0111i\u1ec7n c\u00f3 d\u00f2ng \u0111\u1ecbnh\u2026","rel":"","context":"Similar post","block_context":{"text":"Similar post","link":""},"img":{"alt_text":"","src":"https:\/\/i0.wp.com\/tp-electric.vn\/wp-content\/uploads\/2023\/02\/rccb.png?fit=300%2C300&ssl=1&resize=350%2C200","width":350,"height":200},"classes":[]},{"id":2916,"url":"https:\/\/tp-electric.vn\/index.php\/san-pham\/aptomat-tu-dong-mcb-abb-3p\/","url_meta":{"origin":3291,"position":1},"title":"APTOMAT T\u1ef0 \u0110\u1ed8NG MCB ABB 3P","author":"","date":"11\/02\/2023","format":false,"excerpt":"Aptomat MCB S200P ABB d\u00f2ng series \u0111\u1ea1t c\u00e1c ti\u00eau chu\u1ea9n qu\u1ed1c t\u1ebf mang \u0111\u1ebfn gi\u1ea3i ph\u00e1p b\u1ea3o v\u1ec7 qu\u00e1 t\u1ea3i, ng\u1eafn m\u1ea1ch cho h\u1ec7 th\u1ed1ng \u0111i\u1ec7n to\u00e0 nh\u00e0, c\u00f4ng nghi\u1ec7p. \u01afU \u0110I\u1ec2M: Gi\u1ea3i ph\u00e1p s\u1eed d\u1ee5ng cho \u0111i\u1ec7n d\u00e2n d\u1ee5ng, c\u00f4ng nghi\u1ec7p \u0110\u1ea1t ti\u00eau chu\u1ea9n qu\u1ed1c t\u1ebf v\u1ec1 ch\u1ea5t l\u01b0\u1ee3ng,\u2026","rel":"","context":"Similar post","block_context":{"text":"Similar post","link":""},"img":{"alt_text":"","src":"https:\/\/i0.wp.com\/tp-electric.vn\/wp-content\/uploads\/2023\/02\/3-2.png?fit=600%2C450&ssl=1&resize=350%2C200","width":350,"height":200},"classes":[]},{"id":2909,"url":"https:\/\/tp-electric.vn\/index.php\/san-pham\/aptomat-tu-dong-mcb-abb-1p\/","url_meta":{"origin":3291,"position":2},"title":"APTOMAT T\u1ef0 \u0110\u1ed8NG MCB ABB 1P","author":"","date":"11\/02\/2023","format":false,"excerpt":"Aptomat MCB S200P ABB d\u00f2ng series \u0111\u1ea1t c\u00e1c ti\u00eau chu\u1ea9n qu\u1ed1c t\u1ebf mang \u0111\u1ebfn gi\u1ea3i ph\u00e1p b\u1ea3o v\u1ec7 qu\u00e1 t\u1ea3i, ng\u1eafn m\u1ea1ch cho h\u1ec7 th\u1ed1ng \u0111i\u1ec7n to\u00e0 nh\u00e0, c\u00f4ng nghi\u1ec7p. \u01afU \u0110I\u1ec2M: Gi\u1ea3i ph\u00e1p s\u1eed d\u1ee5ng cho \u0111i\u1ec7n d\u00e2n d\u1ee5ng, c\u00f4ng nghi\u1ec7p \u0110\u1ea1t ti\u00eau chu\u1ea9n qu\u1ed1c t\u1ebf v\u1ec1 ch\u1ea5t l\u01b0\u1ee3ng,\u2026","rel":"","context":"Similar post","block_context":{"text":"Similar post","link":""},"img":{"alt_text":"","src":"https:\/\/i0.wp.com\/tp-electric.vn\/wp-content\/uploads\/2023\/02\/1-7.png?fit=600%2C450&ssl=1&resize=350%2C200","width":350,"height":200},"classes":[]},{"id":2914,"url":"https:\/\/tp-electric.vn\/index.php\/san-pham\/aptomat-tu-dong-mcb-abb-2p\/","url_meta":{"origin":3291,"position":3},"title":"APTOMAT T\u1ef0 \u0110\u1ed8NG MCB ABB 2P","author":"","date":"11\/02\/2023","format":false,"excerpt":"Aptomat MCB S200P ABB d\u00f2ng series \u0111\u1ea1t c\u00e1c ti\u00eau chu\u1ea9n qu\u1ed1c t\u1ebf mang \u0111\u1ebfn gi\u1ea3i ph\u00e1p b\u1ea3o v\u1ec7 qu\u00e1 t\u1ea3i, ng\u1eafn m\u1ea1ch cho h\u1ec7 th\u1ed1ng \u0111i\u1ec7n to\u00e0 nh\u00e0, c\u00f4ng nghi\u1ec7p. \u01afU \u0110I\u1ec2M: Gi\u1ea3i ph\u00e1p s\u1eed d\u1ee5ng cho \u0111i\u1ec7n d\u00e2n d\u1ee5ng, c\u00f4ng nghi\u1ec7p \u0110\u1ea1t ti\u00eau chu\u1ea9n qu\u1ed1c t\u1ebf v\u1ec1 ch\u1ea5t l\u01b0\u1ee3ng,\u2026","rel":"","context":"Similar post","block_context":{"text":"Similar post","link":""},"img":{"alt_text":"","src":"https:\/\/i0.wp.com\/tp-electric.vn\/wp-content\/uploads\/2023\/02\/2-1.png?fit=600%2C450&ssl=1&resize=350%2C200","width":350,"height":200},"classes":[]},{"id":3282,"url":"https:\/\/tp-electric.vn\/index.php\/san-pham\/may-cat-khong-khi-acb-emax2-abb\/","url_meta":{"origin":3291,"position":4},"title":"M\u00c1Y C\u1eaeT KH\u00d4NG KH\u00cd ACB EMAX2 ABB","author":"","date":"25\/02\/2023","format":false,"excerpt":"M\u00e1y c\u1eaft kh\u00f4ng kh\u00ed ACB Emax2 ABB d\u00f2ng s\u1ea3n ph\u1ea9m \u0111\u00f3ng c\u1eaft, b\u1ea3o v\u1ec7 qu\u00e1 t\u1ea3i, ch\u1ec9nh d\u00f2ng qu\u00e1 t\u1ea3i cho h\u1ec7 th\u1ed1ng m\u1ea1ng \u0111i\u1ec7n ph\u00e2n ph\u1ed1i, hi\u1ec7u su\u1ea5t l\u00e0m vi\u1ec7c \u0111\u00e1ng tin c\u1eady. \u00a0\u01afU \u0110I\u1ec2M: D\u00f2ng s\u1ea3n ph\u1ea9m \u0111\u00e1p \u1ee9ng ti\u00eau chu\u1ea9n IEC 60947-2 \u0110\u00e3 \u0111\u01b0\u1ee3c nhi\u1ec7t \u0111\u1edbi ho\u00e1,\u2026","rel":"","context":"Similar post","block_context":{"text":"Similar post","link":""},"img":{"alt_text":"","src":"https:\/\/i0.wp.com\/tp-electric.vn\/wp-content\/uploads\/2023\/02\/acb.png?fit=300%2C300&ssl=1&resize=350%2C200","width":350,"height":200},"classes":[]},{"id":2918,"url":"https:\/\/tp-electric.vn\/index.php\/san-pham\/2918\/","url_meta":{"origin":3291,"position":5},"title":"APTOMAT T\u1ef0 \u0110\u1ed8NG MCB ABB 4P","author":"","date":"11\/02\/2023","format":false,"excerpt":"Aptomat MCB S200P ABB d\u00f2ng series \u0111\u1ea1t c\u00e1c ti\u00eau chu\u1ea9n qu\u1ed1c t\u1ebf mang \u0111\u1ebfn gi\u1ea3i ph\u00e1p b\u1ea3o v\u1ec7 qu\u00e1 t\u1ea3i, ng\u1eafn m\u1ea1ch cho h\u1ec7 th\u1ed1ng \u0111i\u1ec7n to\u00e0 nh\u00e0, c\u00f4ng nghi\u1ec7p. \u01afU \u0110I\u1ec2M: Gi\u1ea3i ph\u00e1p s\u1eed d\u1ee5ng cho \u0111i\u1ec7n d\u00e2n d\u1ee5ng, c\u00f4ng nghi\u1ec7p \u0110\u1ea1t ti\u00eau chu\u1ea9n qu\u1ed1c t\u1ebf v\u1ec1 ch\u1ea5t l\u01b0\u1ee3ng,\u2026","rel":"","context":"Similar post","block_context":{"text":"Similar post","link":""},"img":{"alt_text":"","src":"https:\/\/i0.wp.com\/tp-electric.vn\/wp-content\/uploads\/2023\/02\/images-s200p.bmp?resize=350%2C200&ssl=1","width":350,"height":200},"classes":[]}],"_links":{"self":[{"href":"https:\/\/tp-electric.vn\/index.php\/wp-json\/wp\/v2\/product\/3291"}],"collection":[{"href":"https:\/\/tp-electric.vn\/index.php\/wp-json\/wp\/v2\/product"}],"about":[{"href":"https:\/\/tp-electric.vn\/index.php\/wp-json\/wp\/v2\/types\/product"}],"replies":[{"embeddable":true,"href":"https:\/\/tp-electric.vn\/index.php\/wp-json\/wp\/v2\/comments?post=3291"}],"wp:featuredmedia":[{"embeddable":true,"href":"https:\/\/tp-electric.vn\/index.php\/wp-json\/wp\/v2\/media\/3292"}],"wp:attachment":[{"href":"https:\/\/tp-electric.vn\/index.php\/wp-json\/wp\/v2\/media?parent=3291"}],"wp:term":[{"taxonomy":"product_cat","embeddable":true,"href":"https:\/\/tp-electric.vn\/index.php\/wp-json\/wp\/v2\/product_cat?post=3291"},{"taxonomy":"product_tag","embeddable":true,"href":"https:\/\/tp-electric.vn\/index.php\/wp-json\/wp\/v2\/product_tag?post=3291"}],"curies":[{"name":"wp","href":"https:\/\/api.w.org\/{rel}","templated":true}]}}