{"id":3282,"date":"2023-02-25T13:50:30","date_gmt":"2023-02-25T06:50:30","guid":{"rendered":"https:\/\/tp-electric.vn\/?post_type=product&#038;p=3282"},"modified":"2024-12-12T15:10:27","modified_gmt":"2024-12-12T08:10:27","slug":"may-cat-khong-khi-acb-emax2-abb","status":"publish","type":"product","link":"https:\/\/tp-electric.vn\/index.php\/san-pham\/may-cat-khong-khi-acb-emax2-abb\/","title":{"rendered":"M\u00c1Y C\u1eaeT KH\u00d4NG KH\u00cd ACB EMAX2 ABB"},"content":{"rendered":"<table id=\"UserGridView\" class=\"s_table\" style=\"height: 538px;\" width=\"767\">\n<thead>\n<tr style=\"height: 21px;\">\n<td class=\"td-desc\" style=\"height: 21px; width: 757px;\"><strong>QUY C\u00c1CH PH\u1ed4 BI\u1ebeN<\/strong><\/td>\n<\/tr>\n<\/thead>\n<tbody class=\"s_content\" data-items=\"21\">\n<tr style=\"height: 21px;\">\n<td class=\"td-desc search\" style=\"height: 21px; width: 757px;\">\n<div class=\"desc\">Emax ACB 3P 630A 42kA E1.2B Fixed3P, D\u00f2ng \u0111\u1ecbnh m\u1ee9c: 630A, D\u00f2ng c\u1eaft: 42kA\/440VAC, Lo\u1ea1i E1.2B, Fixed<\/div>\n<\/td>\n<\/tr>\n<tr style=\"height: 21px;\">\n<td class=\"td-desc search\" style=\"height: 21px; width: 757px;\">\n<div class=\"desc\">Emax ACB 3P 800A 42kA E1.2B Fixed3P, D\u00f2ng \u0111\u1ecbnh m\u1ee9c: 800A, D\u00f2ng c\u1eaft: 42kA\/440VAC, Lo\u1ea1i E1.2B, Fixed<\/div>\n<\/td>\n<\/tr>\n<tr style=\"height: 21px;\">\n<td class=\"td-desc search\" style=\"height: 21px; width: 757px;\">\n<div class=\"desc\">Emax ACB 3P 1000A 42kA E1.2B Fixed3P, D\u00f2ng \u0111\u1ecbnh m\u1ee9c: 1000A, D\u00f2ng c\u1eaft: 42kA\/440VAC, Lo\u1ea1i E1.2B, Fixed<\/div>\n<\/td>\n<\/tr>\n<tr style=\"height: 21px;\">\n<td class=\"td-desc search\" style=\"height: 21px; width: 757px;\">\n<div class=\"desc\">Emax ACB 3P 1250A 42kA E1.2B Fixed3P, D\u00f2ng \u0111\u1ecbnh m\u1ee9c: 1250A, D\u00f2ng c\u1eaft: 42kA\/440VAC, Lo\u1ea1i E1.2B, Fixed<\/div>\n<\/td>\n<\/tr>\n<tr style=\"height: 21px;\">\n<td class=\"td-desc search\" style=\"height: 21px; width: 757px;\">\n<div class=\"desc\">Emax ACB 3P 1600A 42kA E1.2B Fixed3P, D\u00f2ng \u0111\u1ecbnh m\u1ee9c: 1600A, D\u00f2ng c\u1eaft: 42kA\/440VAC, Lo\u1ea1i E1.2B, Fixed<\/div>\n<\/td>\n<\/tr>\n<tr style=\"height: 21px;\">\n<td class=\"td-desc search\" style=\"height: 21px; width: 757px;\">\n<div class=\"desc\">Emax ACB 3P 2000A 42kA E2.2B Fixed3P, D\u00f2ng \u0111\u1ecbnh m\u1ee9c: 2000A, D\u00f2ng c\u1eaft: 42kA\/440VAC, Lo\u1ea1i E2.2B, Fixed<\/div>\n<\/td>\n<\/tr>\n<tr style=\"height: 21px;\">\n<td class=\"td-desc search\" style=\"height: 21px; width: 757px;\">\n<div class=\"desc\">Emax ACB 3P 630A 50kA E1.2C Fixed3P, D\u00f2ng \u0111\u1ecbnh m\u1ee9c: 630A, D\u00f2ng c\u1eaft: 50kA\/440VAC, Lo\u1ea1i E1.2C, Fixed<\/div>\n<\/td>\n<\/tr>\n<tr style=\"height: 21px;\">\n<td class=\"td-desc search\" style=\"height: 21px; width: 757px;\">\n<div class=\"desc\">Emax ACB 3P 800A 50kA E1.2C Fixed3P, D\u00f2ng \u0111\u1ecbnh m\u1ee9c: 800A, D\u00f2ng c\u1eaft: 50kA\/440VAC, Lo\u1ea1i E1.2C, Fixed<\/div>\n<\/td>\n<\/tr>\n<tr style=\"height: 21px;\">\n<td class=\"td-desc search\" style=\"height: 21px; width: 757px;\">\n<div class=\"desc\">Emax ACB 3P 1000A 50kA E1.2C Fixed3P, D\u00f2ng \u0111\u1ecbnh m\u1ee9c: 1000A, D\u00f2ng c\u1eaft: 50kA\/440VAC, Lo\u1ea1i E1.2C, Fixed<\/div>\n<\/td>\n<\/tr>\n<tr style=\"height: 21px;\">\n<td class=\"td-desc search\" style=\"height: 21px; width: 757px;\">\n<div class=\"desc\">Emax ACB 3P 1250A 50kA E1.2C Fixed3P, D\u00f2ng \u0111\u1ecbnh m\u1ee9c: 1250A, D\u00f2ng c\u1eaft: 50kA\/440VAC, Lo\u1ea1i E1.2C, Fixed<\/div>\n<\/td>\n<\/tr>\n<tr style=\"height: 21px;\">\n<td class=\"td-desc search\" style=\"height: 21px; width: 757px;\">\n<div class=\"desc\">Emax ACB 3P 1600A 50kA E1.2C Fixed3P, D\u00f2ng \u0111\u1ecbnh m\u1ee9c: 1600A, D\u00f2ng c\u1eaft: 50kA\/440VAC, Lo\u1ea1i E1.2C, Fixed<\/div>\n<\/td>\n<\/tr>\n<tr style=\"height: 21px;\">\n<td class=\"td-desc search\" style=\"height: 21px; width: 757px;\">\n<div class=\"desc\">Emax ACB 3P 250A 66kA E1.2N Fixed3P, D\u00f2ng \u0111\u1ecbnh m\u1ee9c: 250A, D\u00f2ng c\u1eaft: 66kA\/440VAC, Lo\u1ea1i E1.2N, Fixed<\/div>\n<\/td>\n<\/tr>\n<tr style=\"height: 21px;\">\n<td class=\"td-desc search\" style=\"height: 21px; width: 757px;\">\n<div class=\"desc\">Emax ACB 3P 630A 66kA E1.2N Fixed3P, D\u00f2ng \u0111\u1ecbnh m\u1ee9c: 630A, D\u00f2ng c\u1eaft: 66kA\/440VAC, Lo\u1ea1i E1.2N, Fixed<\/div>\n<\/td>\n<\/tr>\n<tr style=\"height: 21px;\">\n<td class=\"td-desc search\" style=\"height: 21px; width: 757px;\">\n<div class=\"desc\">Emax ACB 3P 800A 66kA E1.2N Fixed3P, D\u00f2ng \u0111\u1ecbnh m\u1ee9c: 800A, D\u00f2ng c\u1eaft: 66kA\/440VAC, Lo\u1ea1i E1.2N, Fixed<\/div>\n<\/td>\n<\/tr>\n<tr style=\"height: 21px;\">\n<td class=\"td-desc search\" style=\"height: 21px; width: 757px;\">\n<div class=\"desc\">Emax ACB 3P 1000A 66kA E1.2N Fixed3P, D\u00f2ng \u0111\u1ecbnh m\u1ee9c: 1000A, D\u00f2ng c\u1eaft: 66kA\/440VAC, Lo\u1ea1i E1.2N, Fixed<\/div>\n<\/td>\n<\/tr>\n<tr style=\"height: 21px;\">\n<td class=\"td-desc search\" style=\"height: 21px; width: 757px;\">\n<div class=\"desc\">Emax ACB 3P 1250A 66kA E1.2N Fixed3P, D\u00f2ng \u0111\u1ecbnh m\u1ee9c: 1250A, D\u00f2ng c\u1eaft: 66kA\/440VAC, Lo\u1ea1i E1.2N, Fixed<\/div>\n<\/td>\n<\/tr>\n<tr style=\"height: 21px;\">\n<td class=\"td-desc search\" style=\"height: 21px; width: 757px;\">\n<div class=\"desc\">Emax ACB 3P 1600A 66kA E1.2N Fixed3P, D\u00f2ng \u0111\u1ecbnh m\u1ee9c: 1600A, D\u00f2ng c\u1eaft: 66kA\/440VAC, Lo\u1ea1i E1.2N, Fixed<\/div>\n<\/td>\n<\/tr>\n<tr style=\"height: 21px;\">\n<td class=\"td-desc search\" style=\"height: 21px; width: 757px;\">\n<div class=\"desc\">Emax ACB 3P 2000A 66kA E2.2N Fixed3P, D\u00f2ng \u0111\u1ecbnh m\u1ee9c: 2000A, D\u00f2ng c\u1eaft: 66kA\/440VAC, Lo\u1ea1i E2.2N, Fixed<\/div>\n<\/td>\n<\/tr>\n<tr style=\"height: 21px;\">\n<td class=\"td-desc search\" style=\"height: 21px; width: 757px;\">\n<div class=\"desc\">Emax ACB 3P 2500A 66kA E2.2N Fixed3P, D\u00f2ng \u0111\u1ecbnh m\u1ee9c: 2500A, D\u00f2ng c\u1eaft: 66kA\/440VAC, Lo\u1ea1i E2.2N, Fixed<\/div>\n<\/td>\n<\/tr>\n<tr style=\"height: 21px;\">\n<td class=\"td-desc search\" style=\"height: 21px; width: 757px;\">\n<div class=\"desc\">Emax ACB 3P 3200A 66kA E4.2N Fixed3P, D\u00f2ng \u0111\u1ecbnh m\u1ee9c: 3200A, D\u00f2ng c\u1eaft: 66kA\/440VAC, Lo\u1ea1i E4.2N, Fixed<\/div>\n<\/td>\n<\/tr>\n<tr style=\"height: 21px;\">\n<td class=\"td-desc search\" style=\"height: 21px; width: 757px;\">\n<div class=\"desc\">Emax ACB 3P 250A 66kA E1.2N Fixed3P, D\u00f2ng \u0111\u1ecbnh m\u1ee9c: 250A, D\u00f2ng c\u1eaft: 66kA\/440VAC, Lo\u1ea1i E1.2N, Fixed<\/div>\n<\/td>\n<\/tr>\n<tr style=\"height: 21px;\">\n<td class=\"td-desc search\" style=\"height: 21px; width: 757px;\">\n<div class=\"desc\">Emax ACB 3P 630A 66kA E1.2N Fixed3P, D\u00f2ng \u0111\u1ecbnh m\u1ee9c: 630A, D\u00f2ng c\u1eaft: 66kA\/440VAC, Lo\u1ea1i E1.2N, Fixed<\/div>\n<\/td>\n<\/tr>\n<tr style=\"height: 21px;\">\n<td class=\"td-desc search\" style=\"height: 21px; width: 757px;\">\n<div class=\"desc\">Emax ACB 3P 800A 66kA E1.2N Fixed3P, D\u00f2ng \u0111\u1ecbnh m\u1ee9c: 800A, D\u00f2ng c\u1eaft: 66kA\/440VAC, Lo\u1ea1i E1.2N, Fixed<\/div>\n<\/td>\n<\/tr>\n<tr style=\"height: 21px;\">\n<td class=\"td-desc search\" style=\"height: 21px; width: 757px;\">\n<div class=\"desc\">Emax ACB 3P 1000A 66kA E1.2N Fixed3P, D\u00f2ng \u0111\u1ecbnh m\u1ee9c: 1000A, D\u00f2ng c\u1eaft: 66kA\/440VAC, Lo\u1ea1i E1.2N, Fixed<\/div>\n<\/td>\n<\/tr>\n<tr style=\"height: 21px;\">\n<td class=\"td-desc search\" style=\"height: 21px; width: 757px;\">\n<div class=\"desc\">Emax ACB 3P 1250A 66kA E1.2N Fixed3P, D\u00f2ng \u0111\u1ecbnh m\u1ee9c: 1250A, D\u00f2ng c\u1eaft: 66kA\/440VAC, Lo\u1ea1i E1.2N, Fixed<\/div>\n<\/td>\n<\/tr>\n<tr style=\"height: 21.4531px;\">\n<td class=\"td-desc search\" style=\"height: 21.4531px; width: 757px;\">\n<div class=\"desc\">Emax ACB 3P 1600A 66kA E1.2N Fixed3P, D\u00f2ng \u0111\u1ecbnh m\u1ee9c: 1600A, D\u00f2ng c\u1eaft: 66kA\/440VAC, Lo\u1ea1i E1.2N, Fixed<\/div>\n<\/td>\n<\/tr>\n<tr style=\"height: 21px;\">\n<td class=\"td-desc search\" style=\"height: 21px; width: 757px;\">\n<div class=\"desc\">Emax ACB 3P 2000A 66kA E2.2N Fixed3P, D\u00f2ng \u0111\u1ecbnh m\u1ee9c: 2000A, D\u00f2ng c\u1eaft: 66kA\/440VAC, Lo\u1ea1i E2.2N, Fixed<\/div>\n<\/td>\n<\/tr>\n<tr style=\"height: 21px;\">\n<td class=\"td-desc search\" style=\"height: 21px; width: 757px;\">\n<div class=\"desc\">Emax ACB 3P 2500A 66kA E2.2N Fixed3P, D\u00f2ng \u0111\u1ecbnh m\u1ee9c: 2500A, D\u00f2ng c\u1eaft: 66kA\/440VAC, Lo\u1ea1i E2.2N, Fixed<\/div>\n<\/td>\n<\/tr>\n<tr style=\"height: 21px;\">\n<td class=\"td-desc search\" style=\"height: 21px; width: 757px;\">\n<div class=\"desc\">Emax ACB 3P 3200A 66kA E4.2N Fixed3P, D\u00f2ng \u0111\u1ecbnh m\u1ee9c: 3200A, D\u00f2ng c\u1eaft: 66kA\/440VAC, Lo\u1ea1i E4.2N, Fixed<\/div>\n<\/td>\n<\/tr>\n<tr style=\"height: 21px;\">\n<td class=\"td-desc search\" style=\"height: 21px; width: 757px;\">\n<div class=\"desc\">Emax ACB 3P 4000A 66kA E4.2N Fixed3P, D\u00f2ng \u0111\u1ecbnh m\u1ee9c: 4000A, D\u00f2ng c\u1eaft: 66kA\/440VAC, Lo\u1ea1i E4.2N, Fixed<\/div>\n<\/td>\n<\/tr>\n<\/tbody>\n<\/table>\n<h3><strong>\u0110\u1eb7c \u0111i\u1ec3m v\u00e0 ch\u1ee9c n\u0103ng n\u1ed5i b\u1eadt<\/strong><\/h3>\n<p>M\u00e1y c\u1eaft kh\u00f4ng kh\u00ed ACB Emax2 ABB bao g\u1ed3m lo\u1ea1i lo\u1ea1i 3, 4 c\u1ef1c, lo\u1ea1i c\u1ed1 \u0111\u1ecbnh ho\u1eb7c di \u0111\u1ed9ng. S\u1ea3n xu\u1ea5t theo ti\u00eau chu\u1ea9n IEC60947-2, c\u1ea5p \u0111\u1ed9 b\u1ea3o v\u1ec7 IP20.V\u1edbi thi\u1ebft ho\u00e0n h\u1ea3o, ho\u1ea1t \u0111\u1ed9ng an to\u00e0n, \u0111\u00e1ng tin c\u1eady, gi\u00e1 th\u00e0nh th\u1ea5p, hi\u1ec7u su\u1ea5t cao v\u00e0 ti\u1ebft ki\u1ec7m chi ph\u00ed cho ch\u1ee7 \u0111\u1ea7u t\u01b0.<\/p>\n<p>\u0110\u01b0\u1ee3c ch\u1ebf t\u1ea1o theo c\u00f4ng ngh\u1ec7 v\u00e0 k\u1ef9 thu\u1eadt m\u1edbi, t\u1ea1o s\u1ef1 an to\u00e0n trong qu\u00e1 tr\u00ecnh ho\u1ea1t \u0111\u1ed9ng v\u00e0 b\u1ea3o tr\u00ec. C\u00f3 th\u1ec3 l\u1eafp \u0111\u1eb7t, s\u1eed d\u1ee5ng \u0111\u01a1n gi\u1ea3n, cho ph\u00e9p ng\u01b0\u1eddi d\u00f9ng thao t\u00e1c, c\u00e0i \u0111\u1eb7t v\u00e0 nh\u00ecn r\u00f5 r\u00e0ng t\u1eeb m\u1eb7t tr\u01b0\u1edbc c\u1ee7a ACB Emax2.<\/p>\n<p>C\u00f3 th\u1ec3 l\u1eafp th\u00eam c\u00e1c ph\u1ee5 ki\u1ec7n nh\u01b0:<\/p>\n<ul>\n<li>Cu\u1ed9n shunt ng\u1eaft &#8211; YO, cu\u1ed9n shunt \u0111\u00f3ng- YC, cu\u1ed9n b\u1ea3o v\u1ec7 \u0111i\u1ec7n \u00e1p th\u1ea5p &#8211; YU, \u0111\u1ed9ng c\u01a1 \u0111i\u1ec1u khi\u1ec3n t\u1ef1 \u0111\u1ed9ng \u0111\u00f3ng l\u00f2 xo- M, b\u1ed9 hi\u1ec3n th\u1ecb tr\u1ea1ng th\u00e1i \u0111\u00f3ng\/c\u1eaft c\u1ee7a ACB.<\/li>\n<li>B\u1ed9 t\u00edn hi\u1ec7u hi\u1ec3n th\u1ecb v\u1ecb tr\u00ed ACB lo\u1ea1i k\u00e9o ra \u0111\u01b0\u1ee3c:\u0111\u1ea5u n\u1ed1i\/ki\u1ec3m tra c\u00e1ch \u0111i\u1ec7n\/c\u00e1ch ly. Ti\u1ebfp \u0111i\u1ec3m ph\u1ee5, c\u1ea7u \u0111\u1ea5u cho ti\u1ebfp \u0111i\u1ec3m ph\u1ee5.<\/li>\n<li>Bi\u1ebfn d\u00f2ng d\u00f9ng cho c\u1ef1c trung t\u00ednh \u0111\u1ed9c l\u1eadp, kh\u00f3a \u1edf v\u1ecb tr\u00ed m\u1edf, module ngu\u1ed3n, molde truy\u1ec1n th\u00f4ng, c\u00e1c ph\u1ee5 ki\u1ec7n li\u00ean \u0111\u1ed9ng c\u1ee7a ACB s\u1eed d\u1ee5ng cho t\u1eeb 1 \u0111\u1ebfn 3 ACB.<\/li>\n<\/ul>\n<p>Ch\u1ee9c n\u0103ng ch\u00ednh c\u1ee7a m\u00e1y c\u1eaft kh\u00f4ng kh\u00ed ACB Emax2 ABB l\u00e0 b\u1ea3o v\u1ec7 c\u00e1c thi\u1ebft b\u1ecb \u0111i\u1ec7n tr\u01b0\u1edbc nh\u1eefng s\u1ef1 c\u1ed1 nh\u01b0 qu\u00e1 t\u1ea3i hay ng\u1eafn m\u1ea1ch, s\u1ee5t \u00e1p. B\u1ea3o v\u1ec7 khi \u0111i\u1ec7n l\u01b0\u1edbi v\u00e0 thi\u1ebft b\u1ecb \u0111i\u1ec7n g\u1eb7p c\u00e1c s\u1ef1 c\u1ed1 nh\u01b0: qu\u00e1 \u00e1p, s\u1ee5t \u00e1p, qu\u00e1 t\u1ea3i, ng\u1eafn m\u1ea1ch.<\/p>\n<h3><strong>\u01afu \u0111i\u1ec3m<\/strong><\/h3>\n<p>V\u1edbi \u0111\u1ed9 linh ho\u1ea1t v\u00e0 kh\u1ea3 n\u0103ng ho\u00e1n \u0111\u1ed5i v\u1ecb tr\u00ed cho nhau c\u1ee7a c\u00e1c ti\u1ebfp \u0111i\u1ec3m ch\u00ednh, bu\u1ed3ng d\u1eadp h\u1ed3 quang, ti\u1ebfp \u0111i\u1ec3m ph\u1ee5 \u0111\u1ea7u n\u1ed1i busbar l\u00e0m gi\u1ea3m th\u1eddi gian thay th\u1ebf v\u00e0 b\u1ea3o tr\u00ec. B\u1ea3o v\u1ec7 ng\u1eafn m\u1ea1ch v\u00e0 qu\u00e1 d\u00f2ng \u0111\u1ed9c l\u1eadp v\u1edbi ngu\u1ed3n b\u00ean ngo\u00e0i. T\u00ednh b\u1ea3o v\u1ec7 li\u00ean t\u1ee5c,\u0111\u00e1p \u1ee9ng nhanh s\u1ef1 c\u1ed1 qu\u00e1 t\u1ea3i.<\/p>\n<p>Th\u1eddi gian \u0111\u00f3ng, th\u1eddi gian n\u1ea1p ng\u1eafn v\u00e0 tu\u1ed5i th\u1ecd cao. C\u00f3 kh\u1ea3 n\u0103ng l\u00e0m vi\u1ec7c d\u01b0\u1edbi th\u1eddi ti\u1ebft kh\u00f4ng b\u00ecnh th\u01b0\u1eddng. D\u1ec5 d\u00e0ng cho vi\u1ec7c thi\u1ebft k\u1ebf t\u1ee7 \u0111i\u1ec7n.C\u00e1c lo\u1ea1i ph\u1ee5 ki\u1ec7n nh\u01b0 cu\u1ed9n \u0111\u00f3ng, cu\u1ed9n ng\u1eaft cu\u1ed9n b\u1ea3o v\u1ec7 th\u1ea5p \u00e1p \u0111\u01b0\u1ee3c thi\u1ebft k\u1ebf theo d\u1ea1ng c\u1eafm gi\u00fap ta d\u1ec5 d\u00e0ng l\u1eafp \u0111\u1eb7t v\u00e0 thay th\u1ebf. Ch\u1ee9c n\u0103ng ch\u1ec9 th\u1ecb \u0111\u1ed9c l\u1eadp v\u1edbi ngu\u1ed3n \u0111i\u1ec1u khi\u1ec3n.<\/p>\n<h3><strong>Th\u00f4ng s\u1ed1 c\u01a1 b\u1ea3n<\/strong><\/h3>\n<ul>\n<li>D\u00f2ng \u0111i\u1ec7n \u0111\u1ecbnh m\u1ee9c t\u1eeb 630A \u2013 6300A.<\/li>\n<li>S\u1ed1 c\u1ef1c: 4 c\u1ef1c (3P, 4P).\n<ul>\n<li>\u0110i\u1ec7n \u00e1p ho\u1ea1t \u0111\u1ed9ng 690\/ 1150VAC\u00a0\u00a050\/60Hz ho\u1eb7c 1000VAC<\/li>\n<li>D\u00f2ng c\u1eaft ng\u1eafn m\u1ea1ch t\u1eeb 42kA \u0111\u1ebfn 200kA, Icu=100%Ics<\/li>\n<\/ul>\n<\/li>\n<li>\u0110\u00f3ng c\u1eaft, b\u1ea3o v\u1ec7 ng\u1eafn m\u1ea1ch qu\u00e1 t\u1ea3i, ch\u1ec9nh d\u00f2ng qu\u00e1 t\u1ea3i v\u1edbi trip \u0111i\u1ec7n t\u1eed t\u1eeb 0.4 &#8211; 1In.<\/li>\n<\/ul>\n","protected":false},"excerpt":{"rendered":"<div class=\"desc\">M\u00e1y c\u1eaft kh\u00f4ng kh\u00ed ACB Emax2 ABB d\u00f2ng s\u1ea3n ph\u1ea9m \u0111\u00f3ng c\u1eaft, b\u1ea3o v\u1ec7 qu\u00e1 t\u1ea3i, ch\u1ec9nh d\u00f2ng qu\u00e1 t\u1ea3i cho h\u1ec7 th\u1ed1ng m\u1ea1ng \u0111i\u1ec7n ph\u00e2n ph\u1ed1i, hi\u1ec7u su\u1ea5t l\u00e0m vi\u1ec7c \u0111\u00e1ng tin c\u1eady.<\/div>\n<div class=\"list\">\n<p><i class=\"fa fa-gg\" aria-hidden=\"true\"><\/i>\u00a0\u01afU \u0110I\u1ec2M:<\/p>\n<div class=\"ht-format-detail\">\n<ul>\n<li>D\u00f2ng s\u1ea3n ph\u1ea9m \u0111\u00e1p \u1ee9ng ti\u00eau chu\u1ea9n IEC 60947-2<\/li>\n<li>\u0110\u00e3 \u0111\u01b0\u1ee3c nhi\u1ec7t \u0111\u1edbi ho\u00e1, d\u1ec5 d\u00e0ng l\u1eafp \u0111\u1eb7t<\/li>\n<li>D\u00f2ng \u0111i\u1ec7n \u0111\u1ecbnh m\u1ee9c ho\u1ea1t \u0111\u1ed9ng t\u1eeb 630A \u0111\u1ebfn 6300A<\/li>\n<li>Ch\u1ec9nh d\u00f2ng qu\u00e1 t\u1ea3i v\u1edbi trip \u0111i\u1ec7n t\u1eed: t\u1eeb 0.4 &#8211; 1ln<\/li>\n<li>Kh\u1ea3 n\u0103ng c\u1eaft d\u00f2ng ng\u1eafn m\u1ea1ch l\u00ean \u0111\u1ebfn 200kA<\/li>\n<li>T\u1ea3i Catalogue ACB Emax2 ABB: <span style=\"color: #00aae7;\"><a style=\"color: #00aae7;\" href=\"https:\/\/drive.google.com\/file\/d\/1oCn5NJ4sg2k1rKPcn5Hg3LmV73t3Rlad\/view?usp=share_link\">T\u1ea1i \u0111\u00e2y<\/a><\/span><\/li>\n<\/ul>\n<\/div>\n<\/div>\n","protected":false},"featured_media":3283,"comment_status":"open","ping_status":"closed","template":"","meta":[],"product_cat":[209],"product_tag":[],"jetpack-related-posts":[{"id":3301,"url":"https:\/\/tp-electric.vn\/index.php\/san-pham\/cau-dao-gat-tay-co-chi-os-abb\/","url_meta":{"origin":3282,"position":0},"title":"C\u1ea6U DAO G\u1ea0T TAY C\u00d3 CH\u00cc OS ABB","author":"","date":"25\/02\/2023","format":false,"excerpt":"C\u1ea7u dao g\u1ea1t tay c\u00f3 ch\u00ec OS ABB \u0111\u01b0\u1ee3c s\u1ea3n xu\u1ea5t t\u1ea1i Ph\u1ea7n Lan c\u00f3 ch\u1ee9c n\u0103ng \u0111\u00f3ng ng\u1eaft m\u1ea1ch \u0111i\u1ec7n \u0111\u01b0\u1ee3c l\u1eafp tr\u00ean thanh Dinrail, tu\u1ed5i th\u1ecd l\u00ean \u0111\u1ebfn 20.000 l\u1ea7n \u0111\u00f3ng c\u1eaft. \u00a0\u01afU \u0110I\u1ec2M: S\u1ea3n xu\u1ea5t t\u1ea1i Ph\u1ea7n Lan \u0111\u00e1p \u1ee9ng ti\u00eau chu\u1ea9n\u00a0IEC60947-3 Tu\u1ed5i th\u1ecd c\u01a1 kh\u00ed: 20.000\u2026","rel":"","context":"Similar post","block_context":{"text":"Similar post","link":""},"img":{"alt_text":"","src":"https:\/\/i0.wp.com\/tp-electric.vn\/wp-content\/uploads\/2023\/02\/cd.png?fit=300%2C300&ssl=1&resize=350%2C200","width":350,"height":200},"classes":[]},{"id":2916,"url":"https:\/\/tp-electric.vn\/index.php\/san-pham\/aptomat-tu-dong-mcb-abb-3p\/","url_meta":{"origin":3282,"position":1},"title":"APTOMAT T\u1ef0 \u0110\u1ed8NG MCB ABB 3P","author":"","date":"11\/02\/2023","format":false,"excerpt":"Aptomat MCB S200P ABB d\u00f2ng series \u0111\u1ea1t c\u00e1c ti\u00eau chu\u1ea9n qu\u1ed1c t\u1ebf mang \u0111\u1ebfn gi\u1ea3i ph\u00e1p b\u1ea3o v\u1ec7 qu\u00e1 t\u1ea3i, ng\u1eafn m\u1ea1ch cho h\u1ec7 th\u1ed1ng \u0111i\u1ec7n to\u00e0 nh\u00e0, c\u00f4ng nghi\u1ec7p. \u01afU \u0110I\u1ec2M: Gi\u1ea3i ph\u00e1p s\u1eed d\u1ee5ng cho \u0111i\u1ec7n d\u00e2n d\u1ee5ng, c\u00f4ng nghi\u1ec7p \u0110\u1ea1t ti\u00eau chu\u1ea9n qu\u1ed1c t\u1ebf v\u1ec1 ch\u1ea5t l\u01b0\u1ee3ng,\u2026","rel":"","context":"Similar post","block_context":{"text":"Similar post","link":""},"img":{"alt_text":"","src":"https:\/\/i0.wp.com\/tp-electric.vn\/wp-content\/uploads\/2023\/02\/3-2.png?fit=600%2C450&ssl=1&resize=350%2C200","width":350,"height":200},"classes":[]},{"id":3297,"url":"https:\/\/tp-electric.vn\/index.php\/san-pham\/cau-chi-hop-e90-abb\/","url_meta":{"origin":3282,"position":2},"title":"C\u1ea6U CH\u00cc H\u1ed8P E90 ABB","author":"","date":"25\/02\/2023","format":false,"excerpt":"C\u1ea7u ch\u00ec h\u1ed9p E90 ABB d\u00f2ng s\u1ea3n ph\u1ea9m \u0111\u01b0\u1ee3c d\u00f9ng \u0111\u1ec3 ki\u1ec3m so\u00e1t b\u1ea3o v\u1ec7 m\u1ea1ch \u0111i\u1ec7n trong t\u1ef1 \u0111\u1ed9ng \u0111i\u1ec1u khi\u1ec3n, \u0111\u00f3ng ng\u1eaft m\u1ea1ch, b\u1ea3o v\u1ec7 qu\u00e1 t\u1ea3i v\u1edbi d\u00f2ng \u0111\u1ecbnh m\u1ee9c \u0111\u1ebfn 125A. \u00a0\u01afU \u0110I\u1ec2M: B\u1ea3o v\u1ec7 qu\u00e1 t\u1ea3i, ng\u1eafn m\u1ea1ch tr\u1ecdng m\u1ea1ng \u0111i\u1ec7n h\u1ea1 th\u1ebf S\u1eed d\u1ee5ng\u2026","rel":"","context":"Similar post","block_context":{"text":"Similar post","link":""},"img":{"alt_text":"","src":"https:\/\/i0.wp.com\/tp-electric.vn\/wp-content\/uploads\/2023\/02\/fusse.png?fit=300%2C300&ssl=1&resize=350%2C200","width":350,"height":200},"classes":[]},{"id":2909,"url":"https:\/\/tp-electric.vn\/index.php\/san-pham\/aptomat-tu-dong-mcb-abb-1p\/","url_meta":{"origin":3282,"position":3},"title":"APTOMAT T\u1ef0 \u0110\u1ed8NG MCB ABB 1P","author":"","date":"11\/02\/2023","format":false,"excerpt":"Aptomat MCB S200P ABB d\u00f2ng series \u0111\u1ea1t c\u00e1c ti\u00eau chu\u1ea9n qu\u1ed1c t\u1ebf mang \u0111\u1ebfn gi\u1ea3i ph\u00e1p b\u1ea3o v\u1ec7 qu\u00e1 t\u1ea3i, ng\u1eafn m\u1ea1ch cho h\u1ec7 th\u1ed1ng \u0111i\u1ec7n to\u00e0 nh\u00e0, c\u00f4ng nghi\u1ec7p. \u01afU \u0110I\u1ec2M: Gi\u1ea3i ph\u00e1p s\u1eed d\u1ee5ng cho \u0111i\u1ec7n d\u00e2n d\u1ee5ng, c\u00f4ng nghi\u1ec7p \u0110\u1ea1t ti\u00eau chu\u1ea9n qu\u1ed1c t\u1ebf v\u1ec1 ch\u1ea5t l\u01b0\u1ee3ng,\u2026","rel":"","context":"Similar post","block_context":{"text":"Similar post","link":""},"img":{"alt_text":"","src":"https:\/\/i0.wp.com\/tp-electric.vn\/wp-content\/uploads\/2023\/02\/1-7.png?fit=600%2C450&ssl=1&resize=350%2C200","width":350,"height":200},"classes":[]},{"id":2914,"url":"https:\/\/tp-electric.vn\/index.php\/san-pham\/aptomat-tu-dong-mcb-abb-2p\/","url_meta":{"origin":3282,"position":4},"title":"APTOMAT T\u1ef0 \u0110\u1ed8NG MCB ABB 2P","author":"","date":"11\/02\/2023","format":false,"excerpt":"Aptomat MCB S200P ABB d\u00f2ng series \u0111\u1ea1t c\u00e1c ti\u00eau chu\u1ea9n qu\u1ed1c t\u1ebf mang \u0111\u1ebfn gi\u1ea3i ph\u00e1p b\u1ea3o v\u1ec7 qu\u00e1 t\u1ea3i, ng\u1eafn m\u1ea1ch cho h\u1ec7 th\u1ed1ng \u0111i\u1ec7n to\u00e0 nh\u00e0, c\u00f4ng nghi\u1ec7p. \u01afU \u0110I\u1ec2M: Gi\u1ea3i ph\u00e1p s\u1eed d\u1ee5ng cho \u0111i\u1ec7n d\u00e2n d\u1ee5ng, c\u00f4ng nghi\u1ec7p \u0110\u1ea1t ti\u00eau chu\u1ea9n qu\u1ed1c t\u1ebf v\u1ec1 ch\u1ea5t l\u01b0\u1ee3ng,\u2026","rel":"","context":"Similar post","block_context":{"text":"Similar post","link":""},"img":{"alt_text":"","src":"https:\/\/i0.wp.com\/tp-electric.vn\/wp-content\/uploads\/2023\/02\/2-1.png?fit=600%2C450&ssl=1&resize=350%2C200","width":350,"height":200},"classes":[]},{"id":3293,"url":"https:\/\/tp-electric.vn\/index.php\/san-pham\/aptomat-rccb-fh200-abb\/","url_meta":{"origin":3282,"position":5},"title":"APTOMAT RCCB FH200 ABB","author":"","date":"25\/02\/2023","format":false,"excerpt":"Aptomat RCCB FH200 ABB d\u00f2ng s\u1ea3n ph\u1ea9m RCCB cao c\u1ea5p c\u00f3 ch\u1ee9c n\u0103ng b\u1ea3o v\u1ec7 ng\u01b0\u1eddi v\u00e0 thi\u1ebft b\u1ecb ch\u1ed1ng r\u00f2 r\u1ec9 \u0111i\u1ec7n \u0111\u1ea1t ti\u00eau chu\u1ea9n IEC61008. \u00a0\u01afU \u0110I\u1ec2M: B\u1ea3o v\u1ec7 con ng\u01b0\u1eddi, thi\u1ebft b\u1ecb v\u1edbi ch\u1ee9c n\u0103ng ch\u1ed1ng r\u00f2 L\u1eafp \u0111\u1eb7t cho h\u1ec7 th\u1ed1ng m\u1ea1ng \u0111i\u1ec7n c\u00f3 d\u00f2ng \u0111\u1ecbnh\u2026","rel":"","context":"Similar post","block_context":{"text":"Similar post","link":""},"img":{"alt_text":"","src":"https:\/\/i0.wp.com\/tp-electric.vn\/wp-content\/uploads\/2023\/02\/rccb.png?fit=300%2C300&ssl=1&resize=350%2C200","width":350,"height":200},"classes":[]}],"_links":{"self":[{"href":"https:\/\/tp-electric.vn\/index.php\/wp-json\/wp\/v2\/product\/3282"}],"collection":[{"href":"https:\/\/tp-electric.vn\/index.php\/wp-json\/wp\/v2\/product"}],"about":[{"href":"https:\/\/tp-electric.vn\/index.php\/wp-json\/wp\/v2\/types\/product"}],"replies":[{"embeddable":true,"href":"https:\/\/tp-electric.vn\/index.php\/wp-json\/wp\/v2\/comments?post=3282"}],"wp:featuredmedia":[{"embeddable":true,"href":"https:\/\/tp-electric.vn\/index.php\/wp-json\/wp\/v2\/media\/3283"}],"wp:attachment":[{"href":"https:\/\/tp-electric.vn\/index.php\/wp-json\/wp\/v2\/media?parent=3282"}],"wp:term":[{"taxonomy":"product_cat","embeddable":true,"href":"https:\/\/tp-electric.vn\/index.php\/wp-json\/wp\/v2\/product_cat?post=3282"},{"taxonomy":"product_tag","embeddable":true,"href":"https:\/\/tp-electric.vn\/index.php\/wp-json\/wp\/v2\/product_tag?post=3282"}],"curies":[{"name":"wp","href":"https:\/\/api.w.org\/{rel}","templated":true}]}}