{"id":3273,"date":"2023-02-25T13:15:37","date_gmt":"2023-02-25T06:15:37","guid":{"rendered":"https:\/\/tp-electric.vn\/?post_type=product&#038;p=3273"},"modified":"2024-12-12T15:10:27","modified_gmt":"2024-12-12T08:10:27","slug":"aptomat-mcb-s800c-abb","status":"publish","type":"product","link":"https:\/\/tp-electric.vn\/index.php\/san-pham\/aptomat-mcb-s800c-abb\/","title":{"rendered":"APTOMAT MCB S800C ABB"},"content":{"rendered":"<table id=\"UserGridView\" class=\"s_table\" style=\"height: 1532px; width: 662px;\">\n<thead>\n<tr style=\"height: 21px;\">\n<td class=\"td-desc\" style=\"width: 652px; height: 21px;\"><strong>QUY C\u00c1CH PH\u1ed4 BI\u1ebeN<\/strong><\/td>\n<\/tr>\n<\/thead>\n<tbody class=\"s_content\" data-items=\"48\">\n<tr style=\"height: 24px;\">\n<td class=\"td-desc search\" style=\"width: 652px; height: 24px;\">\n<div class=\"desc\">MCB S801-C10 1P 10A 25kA1P, D\u00f2ng \u0111\u1ecbnh m\u1ee9c: 10A, D\u00f2ng c\u1eaft: 25kA, C Curve<\/div>\n<\/td>\n<\/tr>\n<tr style=\"height: 24px;\">\n<td class=\"td-desc search\" style=\"width: 652px; height: 24px;\">\n<div class=\"desc\">MCB S801-C13 1P 13A 25kA1P, D\u00f2ng \u0111\u1ecbnh m\u1ee9c: 13A, D\u00f2ng c\u1eaft: 25kA, C Curve<\/div>\n<\/td>\n<\/tr>\n<tr style=\"height: 24px;\">\n<td class=\"td-desc search\" style=\"width: 652px; height: 24px;\">\n<div class=\"desc\">MCB S801-C16 1P 16A 25kA1P, D\u00f2ng \u0111\u1ecbnh m\u1ee9c: 16A, D\u00f2ng c\u1eaft: 25kA, C Curve<\/div>\n<\/td>\n<\/tr>\n<tr style=\"height: 24px;\">\n<td class=\"td-desc search\" style=\"width: 652px; height: 24px;\">\n<div class=\"desc\">MCB S801-C20 1P 20A 25kA1P, D\u00f2ng \u0111\u1ecbnh m\u1ee9c: 20A, D\u00f2ng c\u1eaft: 25kA, C Curve<\/div>\n<\/td>\n<\/tr>\n<tr style=\"height: 24px;\">\n<td class=\"td-desc search\" style=\"width: 652px; height: 24px;\">\n<div class=\"desc\">MCB S801-C25 1P 25A 25kA1P, D\u00f2ng \u0111\u1ecbnh m\u1ee9c: 25A, D\u00f2ng c\u1eaft: 25kA, C Curve<\/div>\n<\/td>\n<\/tr>\n<tr style=\"height: 24px;\">\n<td class=\"td-desc search\" style=\"width: 652px; height: 24px;\">\n<div class=\"desc\">MCB S801-C32 1P 32A 25kA1P, D\u00f2ng \u0111\u1ecbnh m\u1ee9c: 32A, D\u00f2ng c\u1eaft: 25kA, C Curve<\/div>\n<\/td>\n<\/tr>\n<tr style=\"height: 24px;\">\n<td class=\"td-desc search\" style=\"width: 652px; height: 24px;\">\n<div class=\"desc\">MCB S801-C40 1P 40A 25kA1P, D\u00f2ng \u0111\u1ecbnh m\u1ee9c: 40A, D\u00f2ng c\u1eaft: 25kA, C Curve<\/div>\n<\/td>\n<\/tr>\n<tr style=\"height: 24px;\">\n<td class=\"td-desc search\" style=\"width: 652px; height: 24px;\">\n<div class=\"desc\">MCB S801-C50 1P 50A 25kA1P, D\u00f2ng \u0111\u1ecbnh m\u1ee9c: 50A, D\u00f2ng c\u1eaft: 25kA, C Curve<\/div>\n<\/td>\n<\/tr>\n<tr style=\"height: 24px;\">\n<td class=\"td-desc search\" style=\"width: 652px; height: 24px;\">\n<div class=\"desc\">MCB S801-C63 1P 63A 25kA1P, D\u00f2ng \u0111\u1ecbnh m\u1ee9c: 63A, D\u00f2ng c\u1eaft: 25kA, C Curve<\/div>\n<\/td>\n<\/tr>\n<tr style=\"height: 24px;\">\n<td class=\"td-desc search\" style=\"width: 652px; height: 24px;\">\n<div class=\"desc\">MCB S801-C80 1P 80A 25kA1P, D\u00f2ng \u0111\u1ecbnh m\u1ee9c: 80A, D\u00f2ng c\u1eaft: 25kA, C Curve<\/div>\n<\/td>\n<\/tr>\n<tr style=\"height: 24px;\">\n<td class=\"td-desc search\" style=\"width: 652px; height: 24px;\">\n<div class=\"desc\">MCB S801-C100 1P 100A 25kA1P, D\u00f2ng \u0111\u1ecbnh m\u1ee9c: 100A, D\u00f2ng c\u1eaft: 25kA, C Curve<\/div>\n<\/td>\n<\/tr>\n<tr style=\"height: 24px;\">\n<td class=\"td-desc search\" style=\"width: 652px; height: 24px;\">\n<div class=\"desc\">MCB S801-C125 1P 125A 25kA1P, D\u00f2ng \u0111\u1ecbnh m\u1ee9c: 125A, D\u00f2ng c\u1eaft: 25kA, C Curve<\/div>\n<\/td>\n<\/tr>\n<tr style=\"height: 24px;\">\n<td class=\"td-desc search\" style=\"width: 652px; height: 24px;\">\n<div class=\"desc\">MCB S802-C10 2P 10A 25kA2P, D\u00f2ng \u0111\u1ecbnh m\u1ee9c: 10A, D\u00f2ng c\u1eaft: 25kA, C Curve<\/div>\n<\/td>\n<\/tr>\n<tr style=\"height: 24px;\">\n<td class=\"td-desc search\" style=\"width: 652px; height: 24px;\">\n<div class=\"desc\">MCB S802-C13 2P 13A 25kA2P, D\u00f2ng \u0111\u1ecbnh m\u1ee9c: 13A, D\u00f2ng c\u1eaft: 25kA, C Curve<\/div>\n<\/td>\n<\/tr>\n<tr style=\"height: 24px;\">\n<td class=\"td-desc search\" style=\"width: 652px; height: 24px;\">\n<div class=\"desc\">MCB S802-C16 2P 16A 25kA2P, D\u00f2ng \u0111\u1ecbnh m\u1ee9c: 16A, D\u00f2ng c\u1eaft: 25kA, C Curve<\/div>\n<\/td>\n<\/tr>\n<tr style=\"height: 24px;\">\n<td class=\"td-desc search\" style=\"width: 652px; height: 24px;\">\n<div class=\"desc\">MCB S802-C20 2P 20A 25kA2P, D\u00f2ng \u0111\u1ecbnh m\u1ee9c: 20A, D\u00f2ng c\u1eaft: 25kA, C Curve<\/div>\n<\/td>\n<\/tr>\n<tr style=\"height: 24px;\">\n<td class=\"td-desc search\" style=\"width: 652px; height: 24px;\">\n<div class=\"desc\">MCB S802-C25 2P 25A 25kA2P, D\u00f2ng \u0111\u1ecbnh m\u1ee9c: 25A, D\u00f2ng c\u1eaft: 25kA, C Curve<\/div>\n<\/td>\n<\/tr>\n<tr style=\"height: 24px;\">\n<td class=\"td-desc search\" style=\"width: 652px; height: 24px;\">\n<div class=\"desc\">MCB S802-C32 2P 32A 25kA2P, D\u00f2ng \u0111\u1ecbnh m\u1ee9c: 32A, D\u00f2ng c\u1eaft: 25kA, C Curve<\/div>\n<\/td>\n<\/tr>\n<tr style=\"height: 24px;\">\n<td class=\"td-desc search\" style=\"width: 652px; height: 24px;\">\n<div class=\"desc\">MCB S802-C40 2P 40A 25kA2P, D\u00f2ng \u0111\u1ecbnh m\u1ee9c: 40A, D\u00f2ng c\u1eaft: 25kA, C Curve<\/div>\n<\/td>\n<\/tr>\n<tr style=\"height: 24px;\">\n<td class=\"td-desc search\" style=\"width: 652px; height: 24px;\">\n<div class=\"desc\">MCB S802-C50 2P 50A 25kA2P, D\u00f2ng \u0111\u1ecbnh m\u1ee9c: 50A, D\u00f2ng c\u1eaft: 25kA, C Curve<\/div>\n<\/td>\n<\/tr>\n<tr style=\"height: 24px;\">\n<td class=\"td-desc search\" style=\"width: 652px; height: 24px;\">\n<div class=\"desc\">MCB S801-C125 1P 125A 25kA1P, D\u00f2ng \u0111\u1ecbnh m\u1ee9c: 125A, D\u00f2ng c\u1eaft: 25kA, C Curve<\/div>\n<\/td>\n<\/tr>\n<tr style=\"height: 24px;\">\n<td class=\"td-desc search\" style=\"width: 652px; height: 24px;\">\n<div class=\"desc\">MCB S802-C10 2P 10A 25kA2P, D\u00f2ng \u0111\u1ecbnh m\u1ee9c: 10A, D\u00f2ng c\u1eaft: 25kA, C Curve<\/div>\n<\/td>\n<\/tr>\n<tr style=\"height: 24px;\">\n<td class=\"td-desc search\" style=\"width: 652px; height: 24px;\">\n<div class=\"desc\">MCB S802-C13 2P 13A 25kA2P, D\u00f2ng \u0111\u1ecbnh m\u1ee9c: 13A, D\u00f2ng c\u1eaft: 25kA, C Curve<\/div>\n<\/td>\n<\/tr>\n<tr style=\"height: 24px;\">\n<td class=\"td-desc search\" style=\"width: 652px; height: 24px;\">\n<div class=\"desc\">MCB S802-C16 2P 16A 25kA2P, D\u00f2ng \u0111\u1ecbnh m\u1ee9c: 16A, D\u00f2ng c\u1eaft: 25kA, C Curve<\/div>\n<\/td>\n<\/tr>\n<tr style=\"height: 24px;\">\n<td class=\"td-desc search\" style=\"width: 652px; height: 24px;\">\n<div class=\"desc\">MCB S802-C20 2P 20A 25kA2P, D\u00f2ng \u0111\u1ecbnh m\u1ee9c: 20A, D\u00f2ng c\u1eaft: 25kA, C Curve<\/div>\n<\/td>\n<\/tr>\n<tr style=\"height: 24px;\">\n<td class=\"td-desc search\" style=\"width: 652px; height: 24px;\">\n<div class=\"desc\">MCB S802-C25 2P 25A 25kA2P, D\u00f2ng \u0111\u1ecbnh m\u1ee9c: 25A, D\u00f2ng c\u1eaft: 25kA, C Curve<\/div>\n<\/td>\n<\/tr>\n<tr style=\"height: 24px;\">\n<td class=\"td-desc search\" style=\"width: 652px; height: 24px;\">\n<div class=\"desc\">MCB S802-C32 2P 32A 25kA2P, D\u00f2ng \u0111\u1ecbnh m\u1ee9c: 32A, D\u00f2ng c\u1eaft: 25kA, C Curve<\/div>\n<\/td>\n<\/tr>\n<tr style=\"height: 24px;\">\n<td class=\"td-desc search\" style=\"width: 652px; height: 24px;\">\n<div class=\"desc\">MCB S802-C40 2P 40A 25kA2P, D\u00f2ng \u0111\u1ecbnh m\u1ee9c: 40A, D\u00f2ng c\u1eaft: 25kA, C Curve<\/div>\n<\/td>\n<\/tr>\n<tr style=\"height: 24px;\">\n<td class=\"td-desc search\" style=\"width: 652px; height: 24px;\">\n<div class=\"desc\">MCB S802-C50 2P 50A 25kA2P, D\u00f2ng \u0111\u1ecbnh m\u1ee9c: 50A, D\u00f2ng c\u1eaft: 25kA, C Curve<\/div>\n<\/td>\n<\/tr>\n<tr style=\"height: 24px;\">\n<td class=\"td-desc search\" style=\"width: 652px; height: 24px;\">\n<div class=\"desc\">MCB S802-C63 2P 63A 25kA2P, D\u00f2ng \u0111\u1ecbnh m\u1ee9c: 63A, D\u00f2ng c\u1eaft: 25kA, C Curve<\/div>\n<\/td>\n<\/tr>\n<tr style=\"height: 24px;\">\n<td class=\"td-desc search\" style=\"width: 652px; height: 24px;\">\n<div class=\"desc\">MCB S802-C80 2P 80A 25kA2P, D\u00f2ng \u0111\u1ecbnh m\u1ee9c: 80A, D\u00f2ng c\u1eaft: 25kA, C Curve<\/div>\n<\/td>\n<\/tr>\n<tr style=\"height: 24.6562px;\">\n<td class=\"td-desc search\" style=\"width: 652px; height: 24.6562px;\">\n<div class=\"desc\">MCB S802-C100 2P 100A 25kA2P, D\u00f2ng \u0111\u1ecbnh m\u1ee9c: 100A, D\u00f2ng c\u1eaft: 25kA, C Curve<\/div>\n<\/td>\n<\/tr>\n<tr style=\"height: 24px;\">\n<td class=\"td-desc search\" style=\"width: 652px; height: 24px;\">\n<div class=\"desc\">MCB S802-C125 2P 125A 25kA2P, D\u00f2ng \u0111\u1ecbnh m\u1ee9c: 125A, D\u00f2ng c\u1eaft: 25kA, C Curve<\/div>\n<\/td>\n<\/tr>\n<tr style=\"height: 24px;\">\n<td class=\"td-desc search\" style=\"width: 652px; height: 24px;\">\n<div class=\"desc\">MCB S803-C10 3P 10A 25kA3P, D\u00f2ng \u0111\u1ecbnh m\u1ee9c: 10A, D\u00f2ng c\u1eaft: 25kA, C Curve<\/div>\n<\/td>\n<\/tr>\n<tr style=\"height: 24px;\">\n<td class=\"td-desc search\" style=\"width: 652px; height: 24px;\">\n<div class=\"desc\">MCB S803-C13 3P 13A 25kA3 Pha, D\u00f2ng \u0111\u1ecbnh m\u1ee9c: 13A, D\u00f2ng c\u1eaft: 25kA, C Curve<\/div>\n<\/td>\n<\/tr>\n<tr style=\"height: 24px;\">\n<td class=\"td-desc search\" style=\"width: 652px; height: 24px;\">\n<div class=\"desc\">MCB S803-C16 3P 16A 25kA3P, D\u00f2ng \u0111\u1ecbnh m\u1ee9c: 16A, D\u00f2ng c\u1eaft: 25kA, C Curve<\/div>\n<\/td>\n<\/tr>\n<tr style=\"height: 24px;\">\n<td class=\"td-desc search\" style=\"width: 652px; height: 24px;\">\n<div class=\"desc\">MCB S803-C20 3P 20A 25kA3P, D\u00f2ng \u0111\u1ecbnh m\u1ee9c: 20A, D\u00f2ng c\u1eaft: 25kA, C Curve<\/div>\n<\/td>\n<\/tr>\n<tr style=\"height: 24px;\">\n<td class=\"td-desc search\" style=\"width: 652px; height: 24px;\">\n<div class=\"desc\">MCB S803-C25 3P 25A 25kA3P, D\u00f2ng \u0111\u1ecbnh m\u1ee9c: 25A, D\u00f2ng c\u1eaft: 25kA, C Curve<\/div>\n<\/td>\n<\/tr>\n<tr style=\"height: 24px;\">\n<td class=\"td-desc search\" style=\"width: 652px; height: 24px;\">\n<div class=\"desc\">MCB S803-C32 3P 32A 25kA3P, D\u00f2ng \u0111\u1ecbnh m\u1ee9c: 32A, D\u00f2ng c\u1eaft: 25kA, C Curve<\/div>\n<\/td>\n<\/tr>\n<tr style=\"height: 24px;\">\n<td class=\"td-desc search\" style=\"width: 652px; height: 24px;\">\n<div class=\"desc\">MCB S803-C40 3P 40A 25kA3P, D\u00f2ng \u0111\u1ecbnh m\u1ee9c: 40A, D\u00f2ng c\u1eaft: 25kA, C Curve<\/div>\n<\/td>\n<\/tr>\n<tr style=\"height: 24px;\">\n<td class=\"td-desc search\" style=\"width: 652px; height: 24px;\">\n<div class=\"desc\">MCB S803-C50 3P 50A 25kA3P, D\u00f2ng \u0111\u1ecbnh m\u1ee9c: 50A, D\u00f2ng c\u1eaft: 25kA, C Curve<\/div>\n<\/td>\n<\/tr>\n<tr style=\"height: 24px;\">\n<td class=\"td-desc search\" style=\"width: 652px; height: 24px;\">\n<div class=\"desc\">MCB S803-C63 3P 63A 25kA3P, D\u00f2ng \u0111\u1ecbnh m\u1ee9c: 63A, D\u00f2ng c\u1eaft: 25kA, C Curve<\/div>\n<\/td>\n<\/tr>\n<tr style=\"height: 24px;\">\n<td class=\"td-desc search\" style=\"width: 652px; height: 24px;\">\n<div class=\"desc\">MCB S803-C80 3P 80A 25kA3P, D\u00f2ng \u0111\u1ecbnh m\u1ee9c: 80A, D\u00f2ng c\u1eaft: 25kA, C Curve<\/div>\n<\/td>\n<\/tr>\n<tr style=\"height: 24px;\">\n<td class=\"td-desc search\" style=\"width: 652px; height: 24px;\">\n<div class=\"desc\">MCB S803-C100 3P 100A 25kA3P, D\u00f2ng \u0111\u1ecbnh m\u1ee9c: 100A, D\u00f2ng c\u1eaft: 25kA, C Curve<\/div>\n<\/td>\n<\/tr>\n<tr style=\"height: 24px;\">\n<td class=\"td-desc search\" style=\"width: 652px; height: 24px;\">\n<div class=\"desc\">MCB S803-C125 3P 125A 25kA3P, D\u00f2ng \u0111\u1ecbnh m\u1ee9c: 125A, D\u00f2ng c\u1eaft: 25kA, C Curve<\/div>\n<\/td>\n<\/tr>\n<tr style=\"height: 24px;\">\n<td class=\"td-desc search\" style=\"width: 652px; height: 24px;\">\n<div class=\"desc\">MCB S804-C10 4P 10A 25kA4P, D\u00f2ng \u0111\u1ecbnh m\u1ee9c: 10A, D\u00f2ng c\u1eaft: 25kA, C Curve<\/div>\n<\/td>\n<\/tr>\n<tr style=\"height: 24px;\">\n<td class=\"td-desc search\" style=\"width: 652px; height: 24px;\">\n<div class=\"desc\">MCB S804-C13 4P 13A 25kA4P, D\u00f2ng \u0111\u1ecbnh m\u1ee9c: 13A, D\u00f2ng c\u1eaft: 25kA, C Curve<\/div>\n<\/td>\n<\/tr>\n<tr style=\"height: 24px;\">\n<td class=\"td-desc search\" style=\"width: 652px; height: 24px;\">\n<div class=\"desc\">MCB S804-C16 4P 16A 25kA4P, D\u00f2ng \u0111\u1ecbnh m\u1ee9c: 16A, D\u00f2ng c\u1eaft: 25kA, C Curve<\/div>\n<\/td>\n<\/tr>\n<tr style=\"height: 24px;\">\n<td class=\"td-desc search\" style=\"width: 652px; height: 24px;\">\n<div class=\"desc\">MCB S804-C20 4P 20A 25kA4P, D\u00f2ng \u0111\u1ecbnh m\u1ee9c: 20A, D\u00f2ng c\u1eaft: 25kA, C Curve<\/div>\n<\/td>\n<\/tr>\n<tr style=\"height: 24px;\">\n<td class=\"td-desc search\" style=\"width: 652px; height: 24px;\">\n<div class=\"desc\">MCB S804-C25 4P 25A 25kA4P, D\u00f2ng \u0111\u1ecbnh m\u1ee9c: 25A, D\u00f2ng c\u1eaft: 25kA, C Curve<\/div>\n<\/td>\n<\/tr>\n<tr style=\"height: 24px;\">\n<td class=\"td-desc search\" style=\"width: 652px; height: 24px;\">\n<div class=\"desc\">MCB S804-C32 4P 32A 25kA4P, D\u00f2ng \u0111\u1ecbnh m\u1ee9c: 32A, D\u00f2ng c\u1eaft: 25kA, C Curve<\/div>\n<\/td>\n<\/tr>\n<tr style=\"height: 24px;\">\n<td class=\"td-desc search\" style=\"width: 652px; height: 24px;\">\n<div class=\"desc\">MCB S804-C40 4P 40A 25kA4P, D\u00f2ng \u0111\u1ecbnh m\u1ee9c: 40A, D\u00f2ng c\u1eaft: 25kA, C Curve<\/div>\n<\/td>\n<\/tr>\n<tr style=\"height: 25px;\">\n<td class=\"td-desc search\" style=\"width: 652px; height: 25px;\">\n<div class=\"desc\">MCB S804-C50 4P 50A 25kA4P, D\u00f2ng \u0111\u1ecbnh m\u1ee9c: 50A, D\u00f2ng c\u1eaft: 25kA, C Curve<\/div>\n<\/td>\n<\/tr>\n<\/tbody>\n<\/table>\n","protected":false},"excerpt":{"rendered":"<div class=\"desc\">Aptomat MCB S800C ABB \u0111\u01b0\u1ee3c s\u1ea3n xu\u1ea5t thi\u1ebft k\u1ebf \u0111\u1ea1t hi\u1ec7u su\u1ea5t cao v\u1edbi ch\u1ee9c n\u0103ng ng\u1eaft m\u1ea1ch b\u1ea3o v\u1ec7 thi\u1ebft b\u1ecb \u0111i\u1ec7n, \u0111\u01b0\u1ee3c s\u1eed d\u1ee5ng trong c\u00e1c \u1ee9ng d\u1ee5ng IEC v\u00e0 UL.<br \/>\n<strong><span style=\"color: #555555; font-size: 14.4px;\">\u00a0\u01afU \u0110I\u1ec2M:<\/span><\/strong><\/div>\n<div class=\"list\">\n<div class=\"ht-format-detail\">\n<ul>\n<li>\u0110\u1ea1t hi\u1ec7u su\u1ea5t cao trong ch\u1ee9c n\u0103ng ng\u1eaft m\u1ea1ch<\/li>\n<li>S\u1ea3n ph\u1ea9m ch\u1ea5t l\u01b0\u1ee3ng ti\u00eau chu\u1ea9n Ch\u00e2u \u00c2u<\/li>\n<li>Thi\u1ebft k\u1ebf hi\u1ec7n \u0111\u1ea1i, nh\u1ecf g\u1ecdn gi\u1ea3m di\u1ec7n t\u00edch s\u1eed d\u1ee5ng<\/li>\n<li>D\u1ec5 d\u00e0ng thay th\u1ebf v\u00e0 l\u1eafp \u0111\u1eb7t b\u1ea3o tr\u00ec<\/li>\n<li>S\u1ea3n ph\u1ea9m an to\u00e0n cho m\u00f4i tr\u01b0\u1eddng s\u1eed d\u1ee5ng<\/li>\n<li>T\u1ea3i Catalogue MCB S800C ABB:<span style=\"color: #00aae7;\"> <a style=\"color: #00aae7;\" href=\"https:\/\/drive.google.com\/file\/d\/14Wf_0khlOrQ5NZUfS5iY0ZgrtG2O2cgq\/view?usp=share_link\">T\u1ea1i \u0111\u00e2y<\/a><\/span><\/li>\n<\/ul>\n<\/div>\n<\/div>\n","protected":false},"featured_media":3274,"comment_status":"open","ping_status":"closed","template":"","meta":[],"product_cat":[243],"product_tag":[],"jetpack-related-posts":[{"id":2909,"url":"https:\/\/tp-electric.vn\/index.php\/san-pham\/aptomat-tu-dong-mcb-abb-1p\/","url_meta":{"origin":3273,"position":0},"title":"APTOMAT T\u1ef0 \u0110\u1ed8NG MCB ABB 1P","author":"","date":"11\/02\/2023","format":false,"excerpt":"Aptomat MCB S200P ABB d\u00f2ng series \u0111\u1ea1t c\u00e1c ti\u00eau chu\u1ea9n qu\u1ed1c t\u1ebf mang \u0111\u1ebfn gi\u1ea3i ph\u00e1p b\u1ea3o v\u1ec7 qu\u00e1 t\u1ea3i, ng\u1eafn m\u1ea1ch cho h\u1ec7 th\u1ed1ng \u0111i\u1ec7n to\u00e0 nh\u00e0, c\u00f4ng nghi\u1ec7p. \u01afU \u0110I\u1ec2M: Gi\u1ea3i ph\u00e1p s\u1eed d\u1ee5ng cho \u0111i\u1ec7n d\u00e2n d\u1ee5ng, c\u00f4ng nghi\u1ec7p \u0110\u1ea1t ti\u00eau chu\u1ea9n qu\u1ed1c t\u1ebf v\u1ec1 ch\u1ea5t l\u01b0\u1ee3ng,\u2026","rel":"","context":"Similar post","block_context":{"text":"Similar post","link":""},"img":{"alt_text":"","src":"https:\/\/i0.wp.com\/tp-electric.vn\/wp-content\/uploads\/2023\/02\/1-7.png?fit=600%2C450&ssl=1&resize=350%2C200","width":350,"height":200},"classes":[]},{"id":3275,"url":"https:\/\/tp-electric.vn\/index.php\/san-pham\/aptomat-mcb-s800n-abb\/","url_meta":{"origin":3273,"position":1},"title":"APTOMAT MCB S800N ABB","author":"","date":"25\/02\/2023","format":false,"excerpt":"Aptomat MCB S800N ABB d\u00f2ng series linh ho\u1ea1t \u0111\u00e1ng tin c\u1eady v\u1edbi ch\u1ee9c n\u0103ng ng\u1eaft m\u1ea1ch khi x\u1ea3y ra s\u1ef1 c\u1ed1 \u0111\u1ea3m b\u1ea3o y\u00eau c\u1ea7u an to\u00e0n cao nh\u1ea5t cho m\u1ea1ng l\u01b0\u1edbi \u0111i\u1ec7n. \u00a0\u01afU \u0110I\u1ec2M: Linh ho\u1ea1t \u0111i\u1ec1u ch\u1ec9nh v\u00e0 c\u00e0i \u0111\u1eb7t c\u1ed1 \u0111\u1ecbnh Ch\u1ea5t l\u01b0\u1ee3ng \u0111\u00e1ng tin c\u1eady v\u1edbi\u2026","rel":"","context":"Similar post","block_context":{"text":"Similar post","link":""},"img":{"alt_text":"","src":"https:\/\/i0.wp.com\/tp-electric.vn\/wp-content\/uploads\/2023\/02\/800n.png?fit=300%2C300&ssl=1&resize=350%2C200","width":350,"height":200},"classes":[]},{"id":2916,"url":"https:\/\/tp-electric.vn\/index.php\/san-pham\/aptomat-tu-dong-mcb-abb-3p\/","url_meta":{"origin":3273,"position":2},"title":"APTOMAT T\u1ef0 \u0110\u1ed8NG MCB ABB 3P","author":"","date":"11\/02\/2023","format":false,"excerpt":"Aptomat MCB S200P ABB d\u00f2ng series \u0111\u1ea1t c\u00e1c ti\u00eau chu\u1ea9n qu\u1ed1c t\u1ebf mang \u0111\u1ebfn gi\u1ea3i ph\u00e1p b\u1ea3o v\u1ec7 qu\u00e1 t\u1ea3i, ng\u1eafn m\u1ea1ch cho h\u1ec7 th\u1ed1ng \u0111i\u1ec7n to\u00e0 nh\u00e0, c\u00f4ng nghi\u1ec7p. \u01afU \u0110I\u1ec2M: Gi\u1ea3i ph\u00e1p s\u1eed d\u1ee5ng cho \u0111i\u1ec7n d\u00e2n d\u1ee5ng, c\u00f4ng nghi\u1ec7p \u0110\u1ea1t ti\u00eau chu\u1ea9n qu\u1ed1c t\u1ebf v\u1ec1 ch\u1ea5t l\u01b0\u1ee3ng,\u2026","rel":"","context":"Similar post","block_context":{"text":"Similar post","link":""},"img":{"alt_text":"","src":"https:\/\/i0.wp.com\/tp-electric.vn\/wp-content\/uploads\/2023\/02\/3-2.png?fit=600%2C450&ssl=1&resize=350%2C200","width":350,"height":200},"classes":[]},{"id":2918,"url":"https:\/\/tp-electric.vn\/index.php\/san-pham\/2918\/","url_meta":{"origin":3273,"position":3},"title":"APTOMAT T\u1ef0 \u0110\u1ed8NG MCB ABB 4P","author":"","date":"11\/02\/2023","format":false,"excerpt":"Aptomat MCB S200P ABB d\u00f2ng series \u0111\u1ea1t c\u00e1c ti\u00eau chu\u1ea9n qu\u1ed1c t\u1ebf mang \u0111\u1ebfn gi\u1ea3i ph\u00e1p b\u1ea3o v\u1ec7 qu\u00e1 t\u1ea3i, ng\u1eafn m\u1ea1ch cho h\u1ec7 th\u1ed1ng \u0111i\u1ec7n to\u00e0 nh\u00e0, c\u00f4ng nghi\u1ec7p. \u01afU \u0110I\u1ec2M: Gi\u1ea3i ph\u00e1p s\u1eed d\u1ee5ng cho \u0111i\u1ec7n d\u00e2n d\u1ee5ng, c\u00f4ng nghi\u1ec7p \u0110\u1ea1t ti\u00eau chu\u1ea9n qu\u1ed1c t\u1ebf v\u1ec1 ch\u1ea5t l\u01b0\u1ee3ng,\u2026","rel":"","context":"Similar post","block_context":{"text":"Similar post","link":""},"img":{"alt_text":"","src":"https:\/\/i0.wp.com\/tp-electric.vn\/wp-content\/uploads\/2023\/02\/images-s200p.bmp?resize=350%2C200&ssl=1","width":350,"height":200},"classes":[]},{"id":2914,"url":"https:\/\/tp-electric.vn\/index.php\/san-pham\/aptomat-tu-dong-mcb-abb-2p\/","url_meta":{"origin":3273,"position":4},"title":"APTOMAT T\u1ef0 \u0110\u1ed8NG MCB ABB 2P","author":"","date":"11\/02\/2023","format":false,"excerpt":"Aptomat MCB S200P ABB d\u00f2ng series \u0111\u1ea1t c\u00e1c ti\u00eau chu\u1ea9n qu\u1ed1c t\u1ebf mang \u0111\u1ebfn gi\u1ea3i ph\u00e1p b\u1ea3o v\u1ec7 qu\u00e1 t\u1ea3i, ng\u1eafn m\u1ea1ch cho h\u1ec7 th\u1ed1ng \u0111i\u1ec7n to\u00e0 nh\u00e0, c\u00f4ng nghi\u1ec7p. \u01afU \u0110I\u1ec2M: Gi\u1ea3i ph\u00e1p s\u1eed d\u1ee5ng cho \u0111i\u1ec7n d\u00e2n d\u1ee5ng, c\u00f4ng nghi\u1ec7p \u0110\u1ea1t ti\u00eau chu\u1ea9n qu\u1ed1c t\u1ebf v\u1ec1 ch\u1ea5t l\u01b0\u1ee3ng,\u2026","rel":"","context":"Similar post","block_context":{"text":"Similar post","link":""},"img":{"alt_text":"","src":"https:\/\/i0.wp.com\/tp-electric.vn\/wp-content\/uploads\/2023\/02\/2-1.png?fit=600%2C450&ssl=1&resize=350%2C200","width":350,"height":200},"classes":[]},{"id":3268,"url":"https:\/\/tp-electric.vn\/index.php\/san-pham\/aptomat-mcb-sh200l-abb\/","url_meta":{"origin":3273,"position":5},"title":"APTOMAT MCB SH200L ABB","author":"","date":"25\/02\/2023","format":false,"excerpt":"Aptomat MCB SH200L ABB s\u1ea3n xu\u1ea5t tu\u00e2n theo th\u1ee7ti\u00eau chu\u1ea9n IEC \/ EN 60898-1, \u0111\u1ea3m b\u1ea3o y\u00eau c\u1ea7u an to\u00e0n s\u1eed d\u1ee5ng trong c\u00e1c \u1ee9ng d\u1ee5ng d\u00e2n d\u1ee5ng khu d\u00e2n c\u01b0, th\u01b0\u01a1ng m\u1ea1i. \u00a0\u01afU \u0110I\u1ec2M: \u0110\u00e1p \u1ee9ng nhu c\u1ea7u cao cho \u0111i\u1ec7n d\u00e2n d\u1ee5ng Thi\u1ebft k\u1ebf nh\u1ecf g\u1ecdn, ti\u1ebft ki\u1ec7m\u2026","rel":"","context":"Similar post","block_context":{"text":"Similar post","link":""},"img":{"alt_text":"","src":"https:\/\/i0.wp.com\/tp-electric.vn\/wp-content\/uploads\/2023\/02\/sh200l.png?fit=300%2C300&ssl=1&resize=350%2C200","width":350,"height":200},"classes":[]}],"_links":{"self":[{"href":"https:\/\/tp-electric.vn\/index.php\/wp-json\/wp\/v2\/product\/3273"}],"collection":[{"href":"https:\/\/tp-electric.vn\/index.php\/wp-json\/wp\/v2\/product"}],"about":[{"href":"https:\/\/tp-electric.vn\/index.php\/wp-json\/wp\/v2\/types\/product"}],"replies":[{"embeddable":true,"href":"https:\/\/tp-electric.vn\/index.php\/wp-json\/wp\/v2\/comments?post=3273"}],"wp:featuredmedia":[{"embeddable":true,"href":"https:\/\/tp-electric.vn\/index.php\/wp-json\/wp\/v2\/media\/3274"}],"wp:attachment":[{"href":"https:\/\/tp-electric.vn\/index.php\/wp-json\/wp\/v2\/media?parent=3273"}],"wp:term":[{"taxonomy":"product_cat","embeddable":true,"href":"https:\/\/tp-electric.vn\/index.php\/wp-json\/wp\/v2\/product_cat?post=3273"},{"taxonomy":"product_tag","embeddable":true,"href":"https:\/\/tp-electric.vn\/index.php\/wp-json\/wp\/v2\/product_tag?post=3273"}],"curies":[{"name":"wp","href":"https:\/\/api.w.org\/{rel}","templated":true}]}}