{"id":3263,"date":"2023-02-25T11:01:05","date_gmt":"2023-02-25T04:01:05","guid":{"rendered":"https:\/\/tp-electric.vn\/?post_type=product&#038;p=3263"},"modified":"2024-12-12T15:10:26","modified_gmt":"2024-12-12T08:10:26","slug":"aptomat-mcb-sh200-abb","status":"publish","type":"product","link":"https:\/\/tp-electric.vn\/index.php\/san-pham\/aptomat-mcb-sh200-abb\/","title":{"rendered":"APTOMAT MCB SH200 ABB"},"content":{"rendered":"<p>QUY C\u00c1CH:<\/p>\n<table style=\"height: 1120px;\" width=\"1273\">\n<tbody>\n<tr>\n<td style=\"width: 646.031px;\">MCB SH201-C6 1P 6A 6kA C1P, D\u00f2ng \u0111\u1ecbnh m\u1ee9c: 6A, D\u00f2ng c\u1eaft: 6kA, C Curve<\/td>\n<td style=\"width: 610.969px;\">MCB SH202-C20 2P 20A 6kA C2P, D\u00f2ng \u0111\u1ecbnh m\u1ee9c: 20A, D\u00f2ng c\u1eaft: 6kA, C Curve<\/td>\n<\/tr>\n<tr>\n<td style=\"width: 646.031px;\">MCB SH201-C10 1P 10A 6kA C1P, D\u00f2ng \u0111\u1ecbnh m\u1ee9c: 10A, D\u00f2ng c\u1eaft: 6kA, C Curve<\/td>\n<td style=\"width: 610.969px;\">MCB SH202-C25 2P 25A 6kA C2P, D\u00f2ng \u0111\u1ecbnh m\u1ee9c: 25A, D\u00f2ng c\u1eaft: 6kA, C Curve<\/td>\n<\/tr>\n<tr>\n<td style=\"width: 646.031px;\">MCB SH201-C16 1P 16A 6kA C1P, D\u00f2ng \u0111\u1ecbnh m\u1ee9c: 16A, D\u00f2ng c\u1eaft: 6kA, C Curve<\/td>\n<td style=\"width: 610.969px;\">MCB SH202-C32 2P 32A 6kA C2P, D\u00f2ng \u0111\u1ecbnh m\u1ee9c: 32A, D\u00f2ng c\u1eaft: 6kA, C Curve<\/td>\n<\/tr>\n<tr>\n<td style=\"width: 646.031px;\">MCB SH201-C20 1P 20A 6kA C1P, D\u00f2ng \u0111\u1ecbnh m\u1ee9c: 20A, D\u00f2ng c\u1eaft: 6kA, C Curve<\/td>\n<td style=\"width: 610.969px;\">MCB SH202-C40 2P 40A 6kA C2P, D\u00f2ng \u0111\u1ecbnh m\u1ee9c: 40A, D\u00f2ng c\u1eaft: 6kA, C Curve<\/td>\n<\/tr>\n<tr>\n<td style=\"width: 646.031px;\">MCB SH201-C25 1P 25A 6kA C1P, D\u00f2ng \u0111\u1ecbnh m\u1ee9c: 25A, D\u00f2ng c\u1eaft: 6kA, C Curve<\/td>\n<td style=\"width: 610.969px;\">MCB SH202-C50 2P 50A 6kA C2P, D\u00f2ng \u0111\u1ecbnh m\u1ee9c: 50A, D\u00f2ng c\u1eaft: 6kA, C Curve<\/td>\n<\/tr>\n<tr>\n<td style=\"width: 646.031px;\">MCB SH201-C32 1P 32A 6kA C1P, D\u00f2ng \u0111\u1ecbnh m\u1ee9c: 32A, D\u00f2ng c\u1eaft: 6kA, C Curve<\/td>\n<td style=\"width: 610.969px;\">2CDS212001R06342P, D\u00f2ng \u0111\u1ecbnh m\u1ee9c: 63A, D\u00f2ng c\u1eaft: 6kA, C Curve<\/td>\n<\/tr>\n<tr>\n<td style=\"width: 646.031px;\">MCB SH201-C40 1P 40A 6kA C1P, D\u00f2ng \u0111\u1ecbnh m\u1ee9c: 40A, D\u00f2ng c\u1eaft: 6kA, C Curve<\/td>\n<td style=\"width: 610.969px;\">MCB SH203-C6 3P 6A 6kA C3P, D\u00f2ng \u0111\u1ecbnh m\u1ee9c: 6A, D\u00f2ng c\u1eaft: 6kA, C Curve<\/td>\n<\/tr>\n<tr>\n<td style=\"width: 646.031px;\">MCB SH201-C50 1P 50A 6kA C1P, D\u00f2ng \u0111\u1ecbnh m\u1ee9c: 50A, D\u00f2ng c\u1eaft: 6kA, C Curve<\/td>\n<td style=\"width: 610.969px;\">MCB SH203-C10 3P 10A 6kA C3P, D\u00f2ng \u0111\u1ecbnh m\u1ee9c: 10A, D\u00f2ng c\u1eaft: 6kA, C Curve<\/td>\n<\/tr>\n<tr>\n<td style=\"width: 646.031px;\">MCB SH201-C63 1P 63A 6kA C1P, D\u00f2ng \u0111\u1ecbnh m\u1ee9c: 63A, D\u00f2ng c\u1eaft: 6kA, C Curve<\/td>\n<td style=\"width: 610.969px;\">MCB SH203-C16 3P 16A 6kA C3P, D\u00f2ng \u0111\u1ecbnh m\u1ee9c: 16A, D\u00f2ng c\u1eaft: 6kA, C Curve<\/td>\n<\/tr>\n<tr>\n<td style=\"width: 646.031px;\">MCB SH202-C6 2P 6A 6kA C2P, D\u00f2ng \u0111\u1ecbnh m\u1ee9c: 6A, D\u00f2ng c\u1eaft: 6kA, C Curve<\/td>\n<td style=\"width: 610.969px;\">MCB SH203-C20 3P 20A 6kA C3P, D\u00f2ng \u0111\u1ecbnh m\u1ee9c: 20A, D\u00f2ng c\u1eaft: 6kA, C Curve<\/td>\n<\/tr>\n<tr>\n<td style=\"width: 646.031px;\">MCB SH202-C10 2P 10A 6kA C2P, D\u00f2ng \u0111\u1ecbnh m\u1ee9c: 10A, D\u00f2ng c\u1eaft: 6kA, C Curve<\/td>\n<td style=\"width: 610.969px;\">MCB SH203-C25 3P 25A 6kA C3P, D\u00f2ng \u0111\u1ecbnh m\u1ee9c: 25A, D\u00f2ng c\u1eaft: 6kA, C Curve<\/td>\n<\/tr>\n<tr>\n<td style=\"width: 646.031px;\">MCB SH202-C16 2P 16A 6kA C2P, D\u00f2ng \u0111\u1ecbnh m\u1ee9c: 16A, D\u00f2ng c\u1eaft: 6kA, C Curve<\/td>\n<td style=\"width: 610.969px;\">MCB SH203-C32 3P 32A 6kA C3P, D\u00f2ng \u0111\u1ecbnh m\u1ee9c: 32A, D\u00f2ng c\u1eaft: 6kA, C Curve<\/td>\n<\/tr>\n<tr>\n<td style=\"width: 646.031px;\">MCB SH202-C20 2P 20A 6kA C2P, D\u00f2ng \u0111\u1ecbnh m\u1ee9c: 20A, D\u00f2ng c\u1eaft: 6kA, C Curve<\/td>\n<td style=\"width: 610.969px;\">MCB SH203-C40 3P 40A 6kA C3P, D\u00f2ng \u0111\u1ecbnh m\u1ee9c: 40A, D\u00f2ng c\u1eaft: 6kA, C Curve<\/td>\n<\/tr>\n<tr>\n<td style=\"width: 646.031px;\">MCB SH202-C25 2P 25A 6kA C2P, D\u00f2ng \u0111\u1ecbnh m\u1ee9c: 25A, D\u00f2ng c\u1eaft: 6kA, C Curve<\/td>\n<td style=\"width: 610.969px;\">MCB SH203-C50 3P 50A 6kA C3P, D\u00f2ng \u0111\u1ecbnh m\u1ee9c: 50A, D\u00f2ng c\u1eaft: 6kA, C Curve<\/td>\n<\/tr>\n<tr>\n<td style=\"width: 646.031px;\">MCB SH202-C32 2P 32A 6kA C2P, D\u00f2ng \u0111\u1ecbnh m\u1ee9c: 32A, D\u00f2ng c\u1eaft: 6kA, C Curve<\/td>\n<td style=\"width: 610.969px;\">MCB SH203-C63 3P 63A 6kA C3P, D\u00f2ng \u0111\u1ecbnh m\u1ee9c: 63A, D\u00f2ng c\u1eaft: 6kA, C Curve<\/td>\n<\/tr>\n<tr>\n<td style=\"width: 646.031px;\">MCB SH202-C40 2P 40A 6kA C2P, D\u00f2ng \u0111\u1ecbnh m\u1ee9c: 40A, D\u00f2ng c\u1eaft: 6kA, C Curve<\/td>\n<td style=\"width: 610.969px;\">MCB SH204-C6 4P 6A 6kA C4P, D\u00f2ng \u0111\u1ecbnh m\u1ee9c: 6A, D\u00f2ng c\u1eaft: 6kA, C Curve<\/td>\n<\/tr>\n<tr>\n<td style=\"width: 646.031px;\">MCB SH202-C50 2P 50A 6kA C2P, D\u00f2ng \u0111\u1ecbnh m\u1ee9c: 50A, D\u00f2ng c\u1eaft: 6kA, C Curve<\/td>\n<td style=\"width: 610.969px;\">MCB SH204-C10 4P 10A 6kA C4P, D\u00f2ng \u0111\u1ecbnh m\u1ee9c: 10A, D\u00f2ng c\u1eaft: 6kA, C Curve<\/td>\n<\/tr>\n<tr>\n<td style=\"width: 646.031px;\">2CDS212001R06342P, D\u00f2ng \u0111\u1ecbnh m\u1ee9c: 63A, D\u00f2ng c\u1eaft: 6kA, C Curve<\/td>\n<td style=\"width: 610.969px;\">MCB SH204-C16 4P 16A 6kA C4P, D\u00f2ng \u0111\u1ecbnh m\u1ee9c: 16A, D\u00f2ng c\u1eaft: 6kA, C Curve<\/td>\n<\/tr>\n<tr>\n<td style=\"width: 646.031px;\">MCB SH203-C6 3P 6A 6kA C3P, D\u00f2ng \u0111\u1ecbnh m\u1ee9c: 6A, D\u00f2ng c\u1eaft: 6kA, C Curve<\/td>\n<td style=\"width: 610.969px;\">MCB SH204-C20 4P 20A 6kA C4P, D\u00f2ng \u0111\u1ecbnh m\u1ee9c: 20A, D\u00f2ng c\u1eaft: 6kA, C Curve<\/td>\n<\/tr>\n<tr>\n<td style=\"width: 646.031px;\">MCB SH203-C10 3P 10A 6kA C3P, D\u00f2ng \u0111\u1ecbnh m\u1ee9c: 10A, D\u00f2ng c\u1eaft: 6kA, C Curve<\/td>\n<td style=\"width: 610.969px;\">MCB SH204-C25 4P 25A 6kA C4P, D\u00f2ng \u0111\u1ecbnh m\u1ee9c: 25A, D\u00f2ng c\u1eaft: 6kA, C Curve<\/td>\n<\/tr>\n<tr>\n<td style=\"width: 646.031px;\">MCB SH202-C16 2P 16A 6kA C2P, D\u00f2ng \u0111\u1ecbnh m\u1ee9c: 16A, D\u00f2ng c\u1eaft: 6kA, C Curve<\/td>\n<td style=\"width: 610.969px;\">MCB SH204-C32 4P 32A 6kA C4P, D\u00f2ng \u0111\u1ecbnh m\u1ee9c: 32A, D\u00f2ng c\u1eaft: 6kA, C Curve<\/td>\n<\/tr>\n<\/tbody>\n<\/table>\n","protected":false},"excerpt":{"rendered":"<div class=\"desc\">Aptomat MCB SH200 ABB ph\u00f9 h\u1ee3p v\u1edbi ti\u00eau chu\u1ea9n qu\u1ed1c t\u1ebf ISO 9001. Ti\u00eau chu\u1ea9n t\u01b0\u01a1ng \u0111\u01b0\u01a1ng EN ISO 9001 v\u00e0 ti\u00eau chu\u1ea9n ch\u00e2u \u00c2u.<\/div>\n<div class=\"list\">\n<p><i class=\"fa fa-gg\" aria-hidden=\"true\"><\/i><strong>\u00a0\u01afU \u0110I\u1ec2M:<\/strong><\/p>\n<div class=\"ht-format-detail\">\n<ul>\n<li>S\u1ea3n xu\u1ea5t theo\u00a0ti\u00eau chu\u1ea9n IEC898, ISO 9001<\/li>\n<li>Kh\u1ea3 n\u0103ng \u0111\u00f3ng c\u1eaft l\u00ean \u0111\u1ebfn 20.000 l\u1ea7n<\/li>\n<li>Thi\u1ebft k\u1ebf nh\u1ecf g\u1ecdn, ti\u1ebft ki\u1ec7m di\u1ec7n t\u00edch l\u1eafp \u0111\u1eb7t<\/li>\n<li>An to\u00e0n v\u1edbi m\u00f4i tr\u01b0\u1eddng l\u00e0m vi\u1ec7c<\/li>\n<li>Kh\u1ea3 n\u0103ng ho\u1ea1t \u0111\u1ed9ng \u0111\u1ea1t hi\u1ec7u su\u1ea5t cao<\/li>\n<li>T\u1ea3i Catalogue MCB SH200 c\u1ee7a ABB: <a href=\"https:\/\/drive.google.com\/file\/d\/1gZqQj-I17ODBbX2UIlalXpVVBVQ7y-hP\/view?usp=share_link\"><span style=\"color: #00aae7;\">T\u1ea1i \u0111\u00e2y<\/span><\/a><\/li>\n<\/ul>\n<\/div>\n<\/div>\n","protected":false},"featured_media":3264,"comment_status":"open","ping_status":"closed","template":"","meta":[],"product_cat":[240],"product_tag":[],"jetpack-related-posts":[{"id":3268,"url":"https:\/\/tp-electric.vn\/index.php\/san-pham\/aptomat-mcb-sh200l-abb\/","url_meta":{"origin":3263,"position":0},"title":"APTOMAT MCB SH200L ABB","author":"","date":"25\/02\/2023","format":false,"excerpt":"Aptomat MCB SH200L ABB s\u1ea3n xu\u1ea5t tu\u00e2n theo th\u1ee7ti\u00eau chu\u1ea9n IEC \/ EN 60898-1, \u0111\u1ea3m b\u1ea3o y\u00eau c\u1ea7u an to\u00e0n s\u1eed d\u1ee5ng trong c\u00e1c \u1ee9ng d\u1ee5ng d\u00e2n d\u1ee5ng khu d\u00e2n c\u01b0, th\u01b0\u01a1ng m\u1ea1i. \u00a0\u01afU \u0110I\u1ec2M: \u0110\u00e1p \u1ee9ng nhu c\u1ea7u cao cho \u0111i\u1ec7n d\u00e2n d\u1ee5ng Thi\u1ebft k\u1ebf nh\u1ecf g\u1ecdn, ti\u1ebft ki\u1ec7m\u2026","rel":"","context":"Similar post","block_context":{"text":"Similar post","link":""},"img":{"alt_text":"","src":"https:\/\/i0.wp.com\/tp-electric.vn\/wp-content\/uploads\/2023\/02\/sh200l.png?fit=300%2C300&ssl=1&resize=350%2C200","width":350,"height":200},"classes":[]},{"id":3258,"url":"https:\/\/tp-electric.vn\/index.php\/san-pham\/aptomat-mcb-s200m-abb\/","url_meta":{"origin":3263,"position":1},"title":"APTOMAT MCB S200M ABB","author":"","date":"25\/02\/2023","format":false,"excerpt":"Aptomat MCB S200M ABB c\u00f3 m\u1eb7t t\u1ea1i nhi\u1ec1u d\u1ef1 \u00e1n, c\u00f4ng tr\u00ecnh, h\u1ec7 th\u1ed1ng s\u1ea3n xu\u1ea5t, h\u1ed7 tr\u1ee3 \u0111\u1ecba ph\u01b0\u01a1ng m\u1ea1nh m\u1ebd cho d\u1ef1 \u00e1n. \u00a0\u01afU \u0110I\u1ec2M: Series MCB S200M\u00a0\u0111\u1ea1t c\u00e1c ti\u00eau chu\u1ea9n qu\u1ed1c t\u1ebf S\u1eed d\u1ee5ng ph\u00f9 h\u1ee3p cho\u00a0nhi\u1ec1u m\u00f4i tr\u01b0\u1eddng IP20 Thi\u1ebft k\u1ebf hi\u1ec7n \u0111\u1ea1i, g\u1ecdn nh\u1eb9 d\u1ec5\u2026","rel":"","context":"Similar post","block_context":{"text":"Similar post","link":""},"img":{"alt_text":"","src":"https:\/\/i0.wp.com\/tp-electric.vn\/wp-content\/uploads\/2023\/02\/s200m.png?fit=300%2C300&ssl=1&resize=350%2C200","width":350,"height":200},"classes":[]},{"id":3273,"url":"https:\/\/tp-electric.vn\/index.php\/san-pham\/aptomat-mcb-s800c-abb\/","url_meta":{"origin":3263,"position":2},"title":"APTOMAT MCB S800C ABB","author":"","date":"25\/02\/2023","format":false,"excerpt":"Aptomat MCB S800C ABB \u0111\u01b0\u1ee3c s\u1ea3n xu\u1ea5t thi\u1ebft k\u1ebf \u0111\u1ea1t hi\u1ec7u su\u1ea5t cao v\u1edbi ch\u1ee9c n\u0103ng ng\u1eaft m\u1ea1ch b\u1ea3o v\u1ec7 thi\u1ebft b\u1ecb \u0111i\u1ec7n, \u0111\u01b0\u1ee3c s\u1eed d\u1ee5ng trong c\u00e1c \u1ee9ng d\u1ee5ng IEC v\u00e0 UL. \u00a0\u01afU \u0110I\u1ec2M: \u0110\u1ea1t hi\u1ec7u su\u1ea5t cao trong ch\u1ee9c n\u0103ng ng\u1eaft m\u1ea1ch S\u1ea3n ph\u1ea9m ch\u1ea5t l\u01b0\u1ee3ng ti\u00eau chu\u1ea9n\u2026","rel":"","context":"Similar post","block_context":{"text":"Similar post","link":""},"img":{"alt_text":"","src":"https:\/\/i0.wp.com\/tp-electric.vn\/wp-content\/uploads\/2023\/02\/s800c.png?fit=300%2C300&ssl=1&resize=350%2C200","width":350,"height":200},"classes":[]},{"id":3277,"url":"https:\/\/tp-electric.vn\/index.php\/san-pham\/aptomat-mcb-s800s-abb\/","url_meta":{"origin":3263,"position":3},"title":"APTOMAT MCB S800S ABB","author":"","date":"25\/02\/2023","format":false,"excerpt":"Aptomat MCB S800S ABB gi\u1ea3i ph\u00e1p b\u1ea3o v\u1ec7 qu\u00e1 t\u1ea3i, ng\u1eafn m\u1ea1ch linh ho\u1ea1t \u0111\u1ea3m b\u1ea3o y\u00eau c\u1ea7u an to\u00e0n cao nh\u1ea5t, \u0111\u01b0\u1ee3c d\u00f9ng nhi\u1ec1u trong v\u1eadn t\u1ea3i, n\u0103ng l\u01b0\u1ee3ng, c\u00f4ng nghi\u1ec7p. \u00a0\u01afU \u0110I\u1ec2M: \u0110\u1ed9 tin c\u1eady l\u00e0m vi\u1ec7c cao \u0110\u1ea3m b\u1ea3o y\u00eau c\u1ea7u an to\u00e0n tuy\u1ec7t \u0111\u1ed1i Tu\u1ed5i th\u1ecd\u2026","rel":"","context":"Similar post","block_context":{"text":"Similar post","link":""},"img":{"alt_text":"","src":"https:\/\/i0.wp.com\/tp-electric.vn\/wp-content\/uploads\/2023\/02\/800s.png?fit=300%2C300&ssl=1&resize=350%2C200","width":350,"height":200},"classes":[]},{"id":3275,"url":"https:\/\/tp-electric.vn\/index.php\/san-pham\/aptomat-mcb-s800n-abb\/","url_meta":{"origin":3263,"position":4},"title":"APTOMAT MCB S800N ABB","author":"","date":"25\/02\/2023","format":false,"excerpt":"Aptomat MCB S800N ABB d\u00f2ng series linh ho\u1ea1t \u0111\u00e1ng tin c\u1eady v\u1edbi ch\u1ee9c n\u0103ng ng\u1eaft m\u1ea1ch khi x\u1ea3y ra s\u1ef1 c\u1ed1 \u0111\u1ea3m b\u1ea3o y\u00eau c\u1ea7u an to\u00e0n cao nh\u1ea5t cho m\u1ea1ng l\u01b0\u1edbi \u0111i\u1ec7n. \u00a0\u01afU \u0110I\u1ec2M: Linh ho\u1ea1t \u0111i\u1ec1u ch\u1ec9nh v\u00e0 c\u00e0i \u0111\u1eb7t c\u1ed1 \u0111\u1ecbnh Ch\u1ea5t l\u01b0\u1ee3ng \u0111\u00e1ng tin c\u1eady v\u1edbi\u2026","rel":"","context":"Similar post","block_context":{"text":"Similar post","link":""},"img":{"alt_text":"","src":"https:\/\/i0.wp.com\/tp-electric.vn\/wp-content\/uploads\/2023\/02\/800n.png?fit=300%2C300&ssl=1&resize=350%2C200","width":350,"height":200},"classes":[]},{"id":2909,"url":"https:\/\/tp-electric.vn\/index.php\/san-pham\/aptomat-tu-dong-mcb-abb-1p\/","url_meta":{"origin":3263,"position":5},"title":"APTOMAT T\u1ef0 \u0110\u1ed8NG MCB ABB 1P","author":"","date":"11\/02\/2023","format":false,"excerpt":"Aptomat MCB S200P ABB d\u00f2ng series \u0111\u1ea1t c\u00e1c ti\u00eau chu\u1ea9n qu\u1ed1c t\u1ebf mang \u0111\u1ebfn gi\u1ea3i ph\u00e1p b\u1ea3o v\u1ec7 qu\u00e1 t\u1ea3i, ng\u1eafn m\u1ea1ch cho h\u1ec7 th\u1ed1ng \u0111i\u1ec7n to\u00e0 nh\u00e0, c\u00f4ng nghi\u1ec7p. \u01afU \u0110I\u1ec2M: Gi\u1ea3i ph\u00e1p s\u1eed d\u1ee5ng cho \u0111i\u1ec7n d\u00e2n d\u1ee5ng, c\u00f4ng nghi\u1ec7p \u0110\u1ea1t ti\u00eau chu\u1ea9n qu\u1ed1c t\u1ebf v\u1ec1 ch\u1ea5t l\u01b0\u1ee3ng,\u2026","rel":"","context":"Similar post","block_context":{"text":"Similar post","link":""},"img":{"alt_text":"","src":"https:\/\/i0.wp.com\/tp-electric.vn\/wp-content\/uploads\/2023\/02\/1-7.png?fit=600%2C450&ssl=1&resize=350%2C200","width":350,"height":200},"classes":[]}],"_links":{"self":[{"href":"https:\/\/tp-electric.vn\/index.php\/wp-json\/wp\/v2\/product\/3263"}],"collection":[{"href":"https:\/\/tp-electric.vn\/index.php\/wp-json\/wp\/v2\/product"}],"about":[{"href":"https:\/\/tp-electric.vn\/index.php\/wp-json\/wp\/v2\/types\/product"}],"replies":[{"embeddable":true,"href":"https:\/\/tp-electric.vn\/index.php\/wp-json\/wp\/v2\/comments?post=3263"}],"wp:featuredmedia":[{"embeddable":true,"href":"https:\/\/tp-electric.vn\/index.php\/wp-json\/wp\/v2\/media\/3264"}],"wp:attachment":[{"href":"https:\/\/tp-electric.vn\/index.php\/wp-json\/wp\/v2\/media?parent=3263"}],"wp:term":[{"taxonomy":"product_cat","embeddable":true,"href":"https:\/\/tp-electric.vn\/index.php\/wp-json\/wp\/v2\/product_cat?post=3263"},{"taxonomy":"product_tag","embeddable":true,"href":"https:\/\/tp-electric.vn\/index.php\/wp-json\/wp\/v2\/product_tag?post=3263"}],"curies":[{"name":"wp","href":"https:\/\/api.w.org\/{rel}","templated":true}]}}