{"id":3199,"date":"2023-02-14T16:20:15","date_gmt":"2023-02-14T09:20:15","guid":{"rendered":"https:\/\/tp-electric.vn\/?post_type=product&#038;p=3199"},"modified":"2024-12-12T15:10:26","modified_gmt":"2024-12-12T08:10:26","slug":"hoa-chat-giam-dien-tro-dat-meg","status":"publish","type":"product","link":"https:\/\/tp-electric.vn\/index.php\/san-pham\/hoa-chat-giam-dien-tro-dat-meg\/","title":{"rendered":"H\u00f3a ch\u1ea5t gi\u1ea3m \u0111i\u1ec7n tr\u1edf \u0111\u1ea5t MEG"},"content":{"rendered":"<div>\n<div>Kuwell MEG l\u00e0 m\u1ed9t gi\u1ea3i ph\u00e1p thay th\u1ebf hi\u1ec7u qu\u1ea3 b\u1eb1ng c\u00e1ch bi\u1ebfn \u0111\u1ed5i \u0111\u1ea5t xung quanh \u0111i\u1ec7n c\u1ef1c. Trong th\u1ef1c t\u1ebf, \u0111\u1ec3 \u0111\u1ea1t \u0111\u01b0\u1ee3c m\u1ee9c gi\u1ea3m \u0111i\u1ec7n tr\u1edf \u0111\u1ea5t mong mu\u1ed1n b\u1eb1ng c\u00e1ch th\u00eam nhi\u1ec1u d\u00e2y d\u1eabn l\u01b0\u1edbi ho\u1eb7c thanh n\u1ed1i \u0111\u1ea5t th\u01b0\u1eddng l\u00e0 kh\u00f4ng th\u1ec3. X\u1eed l\u00fd \u0111\u1ea5t l\u00e0 m\u1ed9t gi\u1ea3i ph\u00e1p hi\u1ec7u qu\u1ea3 \u0111\u1ec3 gi\u1ea3m \u0111i\u1ec7n tr\u1edf \u0111\u1ea5t, \u0111\u01b0\u1ee3c s\u1eed d\u1ee5ng \u0111\u1ec3 t\u1ea1o l\u1ee3i th\u1ebf trong khu v\u1ef1c d\u1eabn \u0111i\u1ec7n k\u00e9m nh\u01b0 \u0111\u1ea5t \u0111\u00e1.<\/div>\n<div>Kumwell MEG l\u00e0 v\u1eadt li\u1ec7u t\u0103ng c\u01b0\u1eddng ti\u1ebfp \u0111\u1ea5t ph\u00f9 h\u1ee3p v\u1edbi y\u00eau c\u1ea7u c\u1ee7a ti\u00eau chu\u1ea9n IEEE 80 &#8211; 2000 v\u1edbi \u0111i\u1ec7n tr\u1edf su\u1ea5t 0,01 \u03a9-m. S\u1ea3n xu\u1ea5t MEG th\u00e2n thi\u1ec7n v\u1edbi m\u00f4i tr\u01b0\u1eddng, \u0111\u1ed9 tin c\u1eady v\u00e0 ch\u1ea5t l\u01b0\u1ee3ng cao, th\u1eddi h\u1ea1n s\u1eed d\u1ee5ng l\u00e2u d\u00e0i.<\/div>\n<\/div>\n<div>-Gi\u1ea3m \u0111i\u1ec7n tr\u1edf ti\u1ebfp \u0111\u1ecba \u1edf nh\u1eefng khu v\u1ef1c xung y\u1ebfu nh\u01b0 \u0111\u1ea5t \u0111\u00e1, \u0111\u1ea5t c\u00e1t c\u00f3 \u0111i\u1ec7n tr\u1edf su\u1ea5t 0.01\u03a9.m ( Gi\u1ea3m \u0111i\u1ec7n tr\u1edf \u0111\u1ea5t t\u1ea1i c\u00e1c khu v\u1ef1c tr\u1ecdng y\u1ebfu nh\u01b0 \u0111\u1ea5t \u0111\u00e1, \u0111\u1ea5t c\u00e1t c\u00f3 tr\u1edf su\u1ea5t l\u00e0 0.01\u03a9.m)<\/div>\n<div>-\u0110\u00e1p \u1ee9ng ti\u00eau chu\u1ea9n IEEE 80-2000 (\u0110\u00e1p \u1ee9ng ti\u00eau chu\u1ea9n IEEE 80-2000)<\/div>\n<div>-Y\u00eau c\u1ea7u h\u01b0\u1edbng d\u1eabn s\u1eed d\u1ee5ng \u0111\u01a1n gi\u1ea3n v\u00e0 c\u00e1c c\u00f4ng c\u1ee5 \u0111\u1ec3 c\u00e0i \u0111\u1eb7t (y\u00eau c\u1ea7u s\u1eed d\u1ee5ng \u0111\u01a1n gi\u1ea3n v\u00e0 c\u00e1c c\u00f4ng c\u1ee5 \u0111\u1ec3 c\u00e0i \u0111\u1eb7t)<\/div>\n<div>-kh\u00f4ng \u0111\u1ed9c h\u1ea1i (kh\u00f4ng \u0111\u1ed9c h\u1ea1i)<\/div>\n<div><\/div>\n","protected":false},"excerpt":{"rendered":"<p><strong>M\u00f4 t\u1ea3 :<\/strong><\/p>\n<p>Ti\u00eau chu\u1ea9n: IEC 62561-7, IEEE standard 80-2000<br \/>\nXu\u1ea5t x\u1ee9: Kumwell &#8211; Th\u00e1i Lan<br \/>\n\u0110\u00f3ng g\u00f3i: 11.5 kg\/Bao<br \/>\n\u1ee8ng d\u1ee5ng: D\u00f9ng \u0111\u1ec3 gi\u1ea3m \u0111i\u1ec7n tr\u1edf \u0111\u1ea5t t\u1ea1i v\u1ecb tr\u00ed c\u00e1c gi\u1ebfng ti\u1ebfp \u0111\u1ecba \u2026<\/p>\n","protected":false},"featured_media":3200,"comment_status":"open","ping_status":"closed","template":"","meta":[],"product_cat":[231],"product_tag":[],"jetpack-related-posts":[{"id":2777,"url":"https:\/\/tp-electric.vn\/index.php\/san-pham\/bien-tan-invt-gd350a-thong-minh-da-chuc-nang-the-he-moi\/","url_meta":{"origin":3199,"position":0},"title":"Bi\u1ebfn t\u1ea7n INVT GD350A \u2013 Th\u00f4ng minh \u0111a ch\u1ee9c n\u0103ng th\u1ebf h\u1ec7 m\u1edbi","author":"","date":"07\/02\/2023","format":false,"excerpt":"Bi\u1ebfn t\u1ea7n GD350A \u1ee9ng d\u1ee5ng b\u1ed9 x\u1eed l\u00fd hi\u1ec7n \u0111\u1ea1i nh\u1ea5t c\u1ee7a INVT v\u00e0 c\u00f4ng ngh\u1ec7 \u0111i\u1ec1u khi\u1ec3n vector h\u00e0ng \u0111\u1ea7u th\u1ebf gi\u1edbi gi\u00fap \u0111i\u1ec1u khi\u1ec3n ch\u00ednh x\u00e1c v\u00e0 linh ho\u1ea1t c\u1ea3 v\u00f2ng h\u1edf v\u00e0 v\u00f2ng k\u00edn. Nh\u1edd kh\u1ea3 n\u0103ng m\u1edf r\u1ed9ng kh\u00f4ng gi\u1edbi h\u1ea1n, GD350A c\u00f3 th\u1ec3 \u0111\u00e1p \u1ee9ng\u2026","rel":"","context":"Similar post","block_context":{"text":"Similar post","link":""},"img":{"alt_text":"","src":"https:\/\/i0.wp.com\/tp-electric.vn\/wp-content\/uploads\/2023\/02\/bien-tan-invt-gd350-h2611.png?fit=880%2C646&ssl=1&resize=350%2C200","width":350,"height":200,"srcset":"https:\/\/i0.wp.com\/tp-electric.vn\/wp-content\/uploads\/2023\/02\/bien-tan-invt-gd350-h2611.png?fit=880%2C646&ssl=1&resize=350%2C200 1x, https:\/\/i0.wp.com\/tp-electric.vn\/wp-content\/uploads\/2023\/02\/bien-tan-invt-gd350-h2611.png?fit=880%2C646&ssl=1&resize=700%2C400 2x"},"classes":[]},{"id":3508,"url":"https:\/\/tp-electric.vn\/index.php\/san-pham\/domino-tep\/","url_meta":{"origin":3199,"position":1},"title":"DOMINO T\u00c9P","author":"","date":"14\/04\/2023","format":false,"excerpt":"\u01afU \u0110I\u1ec2M: \u0110\u1ea1t ti\u00eau chu\u1ea9n ch\u1ed1ng va \u0111\u1eadp, ch\u1ecbu nhi\u1ec7t, c\u00e1ch \u0111i\u1ec7n t\u1ed1t Ph\u00f9 h\u1ee3p v\u1edbi m\u1ecdi k\u00edch th\u01b0\u1edbc d\u00e2y \u0111i\u1ec7n \u0111\u1ec3 \u0111\u1ea5u n\u1ed1i Nh\u1ecf g\u1ecdn, d\u1ec5 d\u00e0ng l\u1eafp \u0111\u1eb7t Thi\u1ebft k\u1ebf hi\u1ec7n \u0111\u1ea1i, \u0111\u00e1p \u1ee9ng c\u00e1c y\u00eau c\u1ea7u kh\u1eafc khe Gi\u00e1 th\u00e0nh t\u01b0\u01a1ng \u0111\u1ed1i r\u1ebb","rel":"","context":"Similar post","block_context":{"text":"Similar post","link":""},"img":{"alt_text":"","src":"https:\/\/i0.wp.com\/tp-electric.vn\/wp-content\/uploads\/2023\/04\/DOMINO-TEP.png?fit=300%2C300&ssl=1&resize=350%2C200","width":350,"height":200},"classes":[]},{"id":3541,"url":"https:\/\/tp-electric.vn\/index.php\/san-pham\/weidmuller-7kw-1pha-we01-07\/","url_meta":{"origin":3199,"position":2},"title":"WEIDMULLER 7KW-1PHA (WE01-07)","author":"","date":"12\/06\/2023","format":false,"excerpt":"1. T\u00ecm hi\u1ec3u th\u01b0\u01a1ng hi\u1ec7u Weidmuller C\u00f4ng ty Weidmuller \u0111\u01b0\u1ee3c th\u00e0nh l\u1eadp t\u1eeb n\u0103m 1850. \u00a0 Weidmuller\u00a0\u2013\u00a0th\u01b0\u01a1ng hi\u1ec7u h\u00e0ng \u0111\u1ea7u \u0111\u1ebfn t\u1eeb\u00a0\u0110\u1ee9c, \u0111\u00e3 \u0111\u01b0\u1ee3c th\u1eeba nh\u1eadn v\u00e0 t\u00edn nhi\u1ec7m trong ng\u00e0nh c\u00f4ng nghi\u1ec7p to\u00e0n c\u1ea7u.\u00a0V\u1edbi h\u01a1n 160 n\u0103m kinh nghi\u1ec7m (t\u1eeb 1850),\u00a0Weidmuller \u0111\u00e3 tr\u1edf th\u00e0nh m\u1ed9t nh\u00e0 cung c\u1ea5p uy\u2026","rel":"","context":"Similar post","block_context":{"text":"Similar post","link":""},"img":{"alt_text":"","src":"https:\/\/i0.wp.com\/tp-electric.vn\/wp-content\/uploads\/2023\/06\/bo-sac-2.png?fit=664%2C664&ssl=1&resize=350%2C200","width":350,"height":200},"classes":[]},{"id":3196,"url":"https:\/\/tp-electric.vn\/index.php\/san-pham\/cuon-day-xa-tinh-dien-chong-no-giam-sat-va-dieu-khien-tu-xa\/","url_meta":{"origin":3199,"position":3},"title":"Cu\u1ed9n d\u00e2y x\u00e3 t\u0129nh \u0111i\u1ec7n ch\u1ed1ng n\u1ed5, gi\u00e1m s\u00e1t v\u00e0 \u0111i\u1ec1u khi\u1ec3n t\u1eeb xa","author":"","date":"14\/02\/2023","format":false,"excerpt":"M\u00f4 t\u1ea3 : Ti\u00eau chu\u1ea9n: ATEX II 2G Exd IIA IP66 Xu\u1ea5t x\u1ee9: Kumwell - Th\u00e1i Lan \u1ee8ng d\u1ee5ng: D\u00f9ng \u0111\u1ec3 x\u00e3 t\u00edch \u0111i\u1ec7n c\u1ee7a c\u00e1c lo\u1ea1i thi\u1ebft b\u1ecb ho\u1eb7c xe chuy\u00ean d\u1ee5ng b\u1ecb t\u00edch \u0111i\u1ec7n trong qu\u00e1 tr\u00ecnh v\u1eadn h\u00e0nh","rel":"","context":"Similar post","block_context":{"text":"Similar post","link":""},"img":{"alt_text":"","src":"https:\/\/i0.wp.com\/tp-electric.vn\/wp-content\/uploads\/2023\/02\/gera-4496-1.jpg?fit=300%2C300&ssl=1&resize=350%2C200","width":350,"height":200},"classes":[]},{"id":3504,"url":"https:\/\/tp-electric.vn\/index.php\/san-pham\/hop-noi-day-dien\/","url_meta":{"origin":3199,"position":4},"title":"H\u1ed8P N\u1ed0I D\u00c2Y \u0110I\u1ec6N","author":"","date":"14\/04\/2023","format":false,"excerpt":"\u00a0\u01afU \u0110I\u1ec2M: V\u1eadt li\u1ec7u PVC, ABS cao c\u1ea5p ch\u1ed1ng ch\u00e1y, ch\u1ed1ng \u1ed1 v\u00e0ng H\u1ed9p n\u1ed1i \u0111i\u1ec7n \u0111a d\u1ea1ng k\u00edch th\u01b0\u1edbc, ti\u00eau chu\u1ea9n C\u00f3 nhi\u1ec1u h\u00e3ng Sino, Boxco, OBO... ch\u00ednh h\u00e3ng H\u1ed9p n\u1ed1i d\u00e2y \u0111i\u1ec7n \u0111\u00e1p \u1ee9ng c\u00e1c ti\u00eau chu\u1ea9n VN, Ch\u00e2u \u00e2u Ch\u00ednh s\u00e1ch gi\u00e1 t\u1ed1t cho c\u00f4ng tr\u00ecnh, nh\u00e0\u2026","rel":"","context":"Similar post","block_context":{"text":"Similar post","link":""},"img":{"alt_text":"","src":"https:\/\/i0.wp.com\/tp-electric.vn\/wp-content\/uploads\/2023\/04\/hopnoi.png?fit=300%2C300&ssl=1&resize=350%2C200","width":350,"height":200},"classes":[]},{"id":3495,"url":"https:\/\/tp-electric.vn\/index.php\/san-pham\/nut-nhan-loai-khoi-abb\/","url_meta":{"origin":3199,"position":5},"title":"N\u00daT NH\u1ea4N LO\u1ea0I KH\u1ed0I ABB","author":"","date":"14\/04\/2023","format":false,"excerpt":"C\u00e1c lo\u1ea1i n\u00fat nh\u1ea5n ABB g\u1ed3m n\u00fat nh\u1ea5n nh\u1ea3, n\u00fat nh\u1ea5n c\u00f3 \u0111\u00e8n b\u00e1o, n\u00fat d\u1eebng kh\u1ea9n c\u1ea5p \u0111a d\u1ea1ng v\u1ec1 m\u00e0u s\u1eafc, ki\u1ec3u d\u00e1ng, nh\u01b0 \u0111en, xanh, \u0111\u1ecf, v\u00e0ng, cam. \u00a0\u01afU \u0110I\u1ec2M: \u0110\u1ed9 b\u1ec1n c\u01a1 kh\u00ed: 500.000 l\u1ea7n thao t\u00e1c \u0110i\u1ec7n \u00e1p c\u00e1ch \u0111i\u1ec7n 300V D\u00f2ng \u0111\u1ecbnh m\u1ee9c nhi\u1ec7t\u2026","rel":"","context":"Similar post","block_context":{"text":"Similar post","link":""},"img":{"alt_text":"","src":"https:\/\/i0.wp.com\/tp-electric.vn\/wp-content\/uploads\/2023\/04\/Untitled-1.png?fit=300%2C300&ssl=1&resize=350%2C200","width":350,"height":200},"classes":[]}],"_links":{"self":[{"href":"https:\/\/tp-electric.vn\/index.php\/wp-json\/wp\/v2\/product\/3199"}],"collection":[{"href":"https:\/\/tp-electric.vn\/index.php\/wp-json\/wp\/v2\/product"}],"about":[{"href":"https:\/\/tp-electric.vn\/index.php\/wp-json\/wp\/v2\/types\/product"}],"replies":[{"embeddable":true,"href":"https:\/\/tp-electric.vn\/index.php\/wp-json\/wp\/v2\/comments?post=3199"}],"wp:featuredmedia":[{"embeddable":true,"href":"https:\/\/tp-electric.vn\/index.php\/wp-json\/wp\/v2\/media\/3200"}],"wp:attachment":[{"href":"https:\/\/tp-electric.vn\/index.php\/wp-json\/wp\/v2\/media?parent=3199"}],"wp:term":[{"taxonomy":"product_cat","embeddable":true,"href":"https:\/\/tp-electric.vn\/index.php\/wp-json\/wp\/v2\/product_cat?post=3199"},{"taxonomy":"product_tag","embeddable":true,"href":"https:\/\/tp-electric.vn\/index.php\/wp-json\/wp\/v2\/product_tag?post=3199"}],"curies":[{"name":"wp","href":"https:\/\/api.w.org\/{rel}","templated":true}]}}