{"id":3196,"date":"2023-02-14T16:17:34","date_gmt":"2023-02-14T09:17:34","guid":{"rendered":"https:\/\/tp-electric.vn\/?post_type=product&#038;p=3196"},"modified":"2024-12-12T15:10:26","modified_gmt":"2024-12-12T08:10:26","slug":"cuon-day-xa-tinh-dien-chong-no-giam-sat-va-dieu-khien-tu-xa","status":"publish","type":"product","link":"https:\/\/tp-electric.vn\/index.php\/san-pham\/cuon-day-xa-tinh-dien-chong-no-giam-sat-va-dieu-khien-tu-xa\/","title":{"rendered":"Cu\u1ed9n d\u00e2y x\u00e3 t\u0129nh \u0111i\u1ec7n ch\u1ed1ng n\u1ed5, gi\u00e1m s\u00e1t v\u00e0 \u0111i\u1ec1u khi\u1ec3n t\u1eeb xa"},"content":{"rendered":"<div><\/div>\n<div><strong>Th\u00f4ng s\u1ed1 k\u1ef9 thu\u1eadt:<\/strong><\/div>\n<ul style=\"list-style-type: disc;\">\n<li>\u0110i\u1ec7n \u00e1p ngu\u1ed3n: 110 ho\u1eb7c 230 VAC +10% (24 VDC\/AC- theo y\u00eau c\u1ea7u)<\/li>\n<li>T\u1ea7n s\u1ed1: 50\/60 Hz<\/li>\n<li>Ti\u00eau th\u1ee5: 12W<\/li>\n<li>Nhi\u1ec7t \u0111\u1ed9 l\u00e0m vi\u1ec7c: -10\u00b0C \u0111\u1ebfn +50\u00b0C<\/li>\n<li>B\u1ea3o v\u1ec7 nh\u00e0 \u1edf:<\/li>\n<li>M\u00f4i tr\u01b0\u1eddng Ex theo ATEX: II 2G Exd IIA<\/li>\n<li>Ch\u1ed1ng ch\u1ecbu th\u1eddi ti\u1ebft: IP66<\/li>\n<\/ul>\n<div><strong>Ph\u1ee5 ki\u1ec7n<\/strong><\/div>\n<ul style=\"list-style-type: disc;\">\n<li>Cu\u1ed9n c\u00e1p \u2013 Th\u00e2n PVC ABS<\/li>\n<li>C\u00e1p \u2013 3&#215;1,5mm\u00b2 \u0111\u1ec3 t\u0103ng \u0111i\u1ec7n tr\u1edf ph\u00e2n s\u1ed1,<\/li>\n<li>K\u1eb9p \u2013 H\u00e0m H\u1ee3p kim \u0111\u1ed3ng \/ Ti\u1ebfp \u0111i\u1ec3m s\u1eafc b\u1eb1ng \u0111\u1ed3ng thau 20 mm.<\/li>\n<\/ul>\n<div><strong>T\u00ednh n\u0103ng:<\/strong><\/div>\n<ul style=\"list-style-type: disc;\">\n<li>C\u00f3 \u0111\u00e8n b\u00e1o: &#8211; \u0110\u00e8n xanh nh\u1ea5p nh\u00e1y khi an to\u00e0n ho\u1ea1t \u0111\u1ed9ng<br \/>\n&#8211; \u0110\u00e8n xanh T\u1eaeT b\u00e1o l\u1ed7i h\u1ec7 th\u1ed1ng n\u1ed1i \u0111\u1ea5t<\/li>\n<li>H\u1ed9p \u0111i\u1ec1u khi\u1ec3n ch\u1ed1ng ch\u00e1y n\u1ed5 ho\u1eb7c ABS IP66<\/li>\n<li>Ki\u1ec3m so\u00e1t \u0111i\u1ec7n tr\u1edf kh\u00f4ng v\u01b0\u1ee3t qu\u00e1 5 Ohm<\/li>\n<li>\u0110i\u1ec7n \u00e1p h\u1ee3p \u0111\u1ed3ng mi\u1ec5n ph\u00ed (NO-NC-C) cho v\u1eadn h\u00e0nh nhi\u00ean li\u1ec7u kh\u00f3a li\u00ean \u0111\u1ed9ng<\/li>\n<\/ul>\n","protected":false},"excerpt":{"rendered":"<p><strong>M\u00f4 t\u1ea3 :<\/strong><\/p>\n<p>Ti\u00eau chu\u1ea9n: ATEX II 2G Exd IIA IP66<br \/>\nXu\u1ea5t x\u1ee9: Kumwell &#8211; Th\u00e1i Lan<br \/>\n\u1ee8ng d\u1ee5ng: D\u00f9ng \u0111\u1ec3 x\u00e3 t\u00edch \u0111i\u1ec7n c\u1ee7a c\u00e1c lo\u1ea1i thi\u1ebft b\u1ecb ho\u1eb7c xe chuy\u00ean d\u1ee5ng b\u1ecb t\u00edch \u0111i\u1ec7n trong qu\u00e1 tr\u00ecnh v\u1eadn h\u00e0nh<\/p>\n","protected":false},"featured_media":3214,"comment_status":"open","ping_status":"closed","template":"","meta":[],"product_cat":[233],"product_tag":[],"jetpack-related-posts":[{"id":2937,"url":"https:\/\/tp-electric.vn\/index.php\/san-pham\/aptomat-chong-set-lan-truyen-truc-tiep-abb\/","url_meta":{"origin":3196,"position":0},"title":"APTOMAT CH\u1ed0NG S\u00c9T LAN TRUY\u1ec0N TR\u1ef0C TI\u1ebeP ABB","author":"","date":"13\/02\/2023","format":false,"excerpt":"Aptomat ch\u1ed1ng s\u00e9t lan truy\u1ec1n tr\u1ef1c ti\u1ebfp ABB d\u00f2ng s\u1ea3n ph\u1ea9m c\u00f3 ch\u1ee9c n\u0103ng b\u1ea3o v\u1ec7 s\u00e9t \u0111\u00e1nh tr\u1ef1c ti\u1ebfp cho h\u1ec7 th\u1ed1ng \u0111i\u1ec7n, b\u1ea3o v\u1ec7 qu\u00e1 \u0111i\u1ec7n \u00e1p cho c\u00e1c thi\u1ebft b\u1ecb \u0111i\u1ec7n d\u00e2n d\u1ee5ng, c\u00f4ng nghi\u1ec7p. \u00a0\u01afU \u0110I\u1ec2M: Ch\u1ed1ng s\u00e9t \u0111\u00e1nh tr\u1ef1c ti\u1ebfp cho c\u00e1c thi\u1ebft b\u1ecb \u0111i\u1ec7n\u2026","rel":"","context":"Similar post","block_context":{"text":"Similar post","link":""},"img":{"alt_text":"","src":"https:\/\/i0.wp.com\/tp-electric.vn\/wp-content\/uploads\/2023\/02\/CS-TT.png?fit=1200%2C1200&ssl=1&resize=350%2C200","width":350,"height":200,"srcset":"https:\/\/i0.wp.com\/tp-electric.vn\/wp-content\/uploads\/2023\/02\/CS-TT.png?fit=1200%2C1200&ssl=1&resize=350%2C200 1x, https:\/\/i0.wp.com\/tp-electric.vn\/wp-content\/uploads\/2023\/02\/CS-TT.png?fit=1200%2C1200&ssl=1&resize=700%2C400 2x, https:\/\/i0.wp.com\/tp-electric.vn\/wp-content\/uploads\/2023\/02\/CS-TT.png?fit=1200%2C1200&ssl=1&resize=1050%2C600 3x"},"classes":[]},{"id":2777,"url":"https:\/\/tp-electric.vn\/index.php\/san-pham\/bien-tan-invt-gd350a-thong-minh-da-chuc-nang-the-he-moi\/","url_meta":{"origin":3196,"position":1},"title":"Bi\u1ebfn t\u1ea7n INVT GD350A \u2013 Th\u00f4ng minh \u0111a ch\u1ee9c n\u0103ng th\u1ebf h\u1ec7 m\u1edbi","author":"","date":"07\/02\/2023","format":false,"excerpt":"Bi\u1ebfn t\u1ea7n GD350A \u1ee9ng d\u1ee5ng b\u1ed9 x\u1eed l\u00fd hi\u1ec7n \u0111\u1ea1i nh\u1ea5t c\u1ee7a INVT v\u00e0 c\u00f4ng ngh\u1ec7 \u0111i\u1ec1u khi\u1ec3n vector h\u00e0ng \u0111\u1ea7u th\u1ebf gi\u1edbi gi\u00fap \u0111i\u1ec1u khi\u1ec3n ch\u00ednh x\u00e1c v\u00e0 linh ho\u1ea1t c\u1ea3 v\u00f2ng h\u1edf v\u00e0 v\u00f2ng k\u00edn. Nh\u1edd kh\u1ea3 n\u0103ng m\u1edf r\u1ed9ng kh\u00f4ng gi\u1edbi h\u1ea1n, GD350A c\u00f3 th\u1ec3 \u0111\u00e1p \u1ee9ng\u2026","rel":"","context":"Similar post","block_context":{"text":"Similar post","link":""},"img":{"alt_text":"","src":"https:\/\/i0.wp.com\/tp-electric.vn\/wp-content\/uploads\/2023\/02\/bien-tan-invt-gd350-h2611.png?fit=880%2C646&ssl=1&resize=350%2C200","width":350,"height":200,"srcset":"https:\/\/i0.wp.com\/tp-electric.vn\/wp-content\/uploads\/2023\/02\/bien-tan-invt-gd350-h2611.png?fit=880%2C646&ssl=1&resize=350%2C200 1x, https:\/\/i0.wp.com\/tp-electric.vn\/wp-content\/uploads\/2023\/02\/bien-tan-invt-gd350-h2611.png?fit=880%2C646&ssl=1&resize=700%2C400 2x"},"classes":[]},{"id":2739,"url":"https:\/\/tp-electric.vn\/index.php\/san-pham\/mcb-dc-1000v-sigma\/","url_meta":{"origin":3196,"position":2},"title":"MCB DC 1000V","author":"","date":"07\/02\/2023","format":false,"excerpt":"Thi\u1ebft b\u1ecb \u0111\u00f3ng c\u1eaft, c\u1ea7u dao t\u1ef1 \u0111\u1ed9ng DC, MCB \u2013 4P DC 1000V\u00a0th\u01b0\u01a1ng hi\u1ec7u SIGMA \u0111\u01b0\u1ee3c s\u1eed d\u1ee5ng trong c\u00e1c h\u1ec7 th\u1ed1ng \u0111i\u1ec7n m\u1eb7t tr\u1eddi c\u00f3 \u0111i\u1ec7n \u00e1p DC l\u00ean \u0111\u1ebfn 1000V nh\u1eb1m b\u1ea3o v\u1ec7 c\u00e1c t\u1ea5m pin v\u00e0 inverter an to\u00e0n. S\u1ea3n ph\u1ea9m \u0111\u1ea1t ti\u00eau chu\u1ea9n Ch\u00e2u \u00c2u\u2026","rel":"","context":"Similar post","block_context":{"text":"Similar post","link":""},"img":{"alt_text":"","src":"https:\/\/i0.wp.com\/tp-electric.vn\/wp-content\/uploads\/2023\/02\/cau-dao-mcb-dc-1000v-Sigma.jpg?fit=720%2C720&ssl=1&resize=350%2C200","width":350,"height":200,"srcset":"https:\/\/i0.wp.com\/tp-electric.vn\/wp-content\/uploads\/2023\/02\/cau-dao-mcb-dc-1000v-Sigma.jpg?fit=720%2C720&ssl=1&resize=350%2C200 1x, https:\/\/i0.wp.com\/tp-electric.vn\/wp-content\/uploads\/2023\/02\/cau-dao-mcb-dc-1000v-Sigma.jpg?fit=720%2C720&ssl=1&resize=700%2C400 2x"},"classes":[]},{"id":2699,"url":"https:\/\/tp-electric.vn\/index.php\/san-pham\/bo-dieu-khien-tu-bu-rapidus-2\/","url_meta":{"origin":3196,"position":3},"title":"B\u1ed9 \u0111i\u1ec1u khi\u1ec3n t\u1ee5 b\u00f9 Rapidus","author":"","date":"07\/02\/2023","format":false,"excerpt":"Gi\u1edbi thi\u1ec7u v\u1ec1 B\u1ed9 \u0111i\u1ec1u khi\u1ec3n t\u1ee5 b\u00f9 Rapidus - B\u1ed9 \u0111i\u1ec1u khi\u1ec3n t\u1ee5 b\u00f9 \u0111\u01b0\u1ee3c s\u1eed d\u1ee5ng r\u1ed9ng r\u00e3i trong c\u00e1c h\u1ec7 th\u1ed1ng \u0111i\u1ec7n c\u00f4ng nghi\u1ec7p, c\u00e1c nh\u00e0 m\u00e1y s\u1ea3n xu\u1ea5t - Rapidus l\u00e0 m\u1ed9t relay \u0111i\u1ec1u khi\u1ec3n c\u00f4ng su\u1ea5t ph\u1ea3n kh\u00e1ng \u0111\u01b0\u1ee3c thi\u1ebft k\u1ebf \u0111\u1ec3 th\u1ef1c hi\u1ec7n qu\u00e1\u2026","rel":"","context":"Similar post","block_context":{"text":"Similar post","link":""},"img":{"alt_text":"","src":"https:\/\/i0.wp.com\/tp-electric.vn\/wp-content\/uploads\/2023\/02\/16.png?fit=447%2C450&ssl=1&resize=350%2C200","width":350,"height":200},"classes":[]},{"id":2652,"url":"https:\/\/tp-electric.vn\/index.php\/san-pham\/bo-dieu-khien-tu-bu-rapidus\/","url_meta":{"origin":3196,"position":4},"title":"B\u1ed9 \u0111i\u1ec1u khi\u1ec3n t\u1ee5 b\u00f9 Rapidus","author":"","date":"03\/02\/2023","format":false,"excerpt":"Gi\u1edbi thi\u1ec7u v\u1ec1 B\u1ed9 \u0111i\u1ec1u khi\u1ec3n t\u1ee5 b\u00f9 Rapidus - B\u1ed9 \u0111i\u1ec1u khi\u1ec3n t\u1ee5 b\u00f9 \u0111\u01b0\u1ee3c s\u1eed d\u1ee5ng r\u1ed9ng r\u00e3i trong c\u00e1c h\u1ec7 th\u1ed1ng \u0111i\u1ec7n c\u00f4ng nghi\u1ec7p, c\u00e1c nh\u00e0 m\u00e1y s\u1ea3n xu\u1ea5t - Rapidus l\u00e0 m\u1ed9t relay \u0111i\u1ec1u khi\u1ec3n c\u00f4ng su\u1ea5t ph\u1ea3n kh\u00e1ng \u0111\u01b0\u1ee3c thi\u1ebft k\u1ebf \u0111\u1ec3 th\u1ef1c hi\u1ec7n qu\u00e1\u2026","rel":"","context":"Similar post","block_context":{"text":"Similar post","link":""},"img":{"alt_text":"","src":"https:\/\/i0.wp.com\/tp-electric.vn\/wp-content\/uploads\/2023\/02\/1-1.png?fit=469%2C468&ssl=1&resize=350%2C200","width":350,"height":200},"classes":[]},{"id":2868,"url":"https:\/\/tp-electric.vn\/index.php\/san-pham\/bien-tan-cua-thang-may-ec20\/","url_meta":{"origin":3196,"position":5},"title":"BI\u1ebeN T\u1ea6N C\u1eecA THANG M\u00c1Y EC20","author":"","date":"08\/02\/2023","format":false,"excerpt":"Bi\u1ebfn t\u1ea7n c\u1eeda thang m\u00e1y EC20 \u0111\u01b0\u1ee3c thi\u1ebft k\u1ebf \u0111\u1eb7c bi\u1ec7t chuy\u00ean d\u1ee5ng \u0111i\u1ec1u khi\u1ec3n c\u1eeda thang m\u00e1y. EC20 c\u00f3 k\u00edch th\u01b0\u1edbc nh\u1ecf g\u1ecdn, giao di\u1ec7n thu\u1eadn thi\u1ec7n, c\u00e0i \u0111\u1eb7t \u0111\u01a1n gi\u1ea3n ch\u1ec9 c\u1ea7n \u0111\u1ea5u n\u1ed1i v\u00e0 v\u1eadn h\u00e0nh. \u0110\u1eb7c tuy\u1ebfn t\u0103ng gi\u1ea3m t\u1ed1c theo v\u1ecb tr\u00ed c\u1ee7a EC20, gi\u00fap\u2026","rel":"","context":"Similar post","block_context":{"text":"Similar post","link":""},"img":{"alt_text":"","src":"https:\/\/i0.wp.com\/tp-electric.vn\/wp-content\/uploads\/2023\/02\/EC202.png?fit=880%2C646&ssl=1&resize=350%2C200","width":350,"height":200,"srcset":"https:\/\/i0.wp.com\/tp-electric.vn\/wp-content\/uploads\/2023\/02\/EC202.png?fit=880%2C646&ssl=1&resize=350%2C200 1x, https:\/\/i0.wp.com\/tp-electric.vn\/wp-content\/uploads\/2023\/02\/EC202.png?fit=880%2C646&ssl=1&resize=700%2C400 2x"},"classes":[]}],"_links":{"self":[{"href":"https:\/\/tp-electric.vn\/index.php\/wp-json\/wp\/v2\/product\/3196"}],"collection":[{"href":"https:\/\/tp-electric.vn\/index.php\/wp-json\/wp\/v2\/product"}],"about":[{"href":"https:\/\/tp-electric.vn\/index.php\/wp-json\/wp\/v2\/types\/product"}],"replies":[{"embeddable":true,"href":"https:\/\/tp-electric.vn\/index.php\/wp-json\/wp\/v2\/comments?post=3196"}],"wp:featuredmedia":[{"embeddable":true,"href":"https:\/\/tp-electric.vn\/index.php\/wp-json\/wp\/v2\/media\/3214"}],"wp:attachment":[{"href":"https:\/\/tp-electric.vn\/index.php\/wp-json\/wp\/v2\/media?parent=3196"}],"wp:term":[{"taxonomy":"product_cat","embeddable":true,"href":"https:\/\/tp-electric.vn\/index.php\/wp-json\/wp\/v2\/product_cat?post=3196"},{"taxonomy":"product_tag","embeddable":true,"href":"https:\/\/tp-electric.vn\/index.php\/wp-json\/wp\/v2\/product_tag?post=3196"}],"curies":[{"name":"wp","href":"https:\/\/api.w.org\/{rel}","templated":true}]}}