{"id":3192,"date":"2023-02-14T16:13:23","date_gmt":"2023-02-14T09:13:23","guid":{"rendered":"https:\/\/tp-electric.vn\/?post_type=product&#038;p=3192"},"modified":"2024-12-12T15:10:26","modified_gmt":"2024-12-12T08:10:26","slug":"cuon-day-xa-tinh-dien","status":"publish","type":"product","link":"https:\/\/tp-electric.vn\/index.php\/san-pham\/cuon-day-xa-tinh-dien\/","title":{"rendered":"Cu\u1ed9n d\u00e2y x\u00e3 t\u0129nh \u0111i\u1ec7n"},"content":{"rendered":"<p><strong>Static Earth Reels<\/strong><\/p>\n<div class=\"table-responsive\">\n<table style=\"height: 243px;\" border=\"1\" width=\"1061\" cellspacing=\"0\" cellpadding=\"0\">\n<tbody>\n<tr style=\"height: 50px;\">\n<td style=\"height: 100px; width: 198.792px;\" rowspan=\"2\">\n<p align=\"center\"><strong>Code No.<\/strong><\/p>\n<\/td>\n<td style=\"height: 100px; width: 268.417px;\" rowspan=\"2\">\n<p align=\"center\"><strong>Cable Length<\/strong><\/p>\n<p align=\"center\"><strong>(m)<\/strong><\/p>\n<\/td>\n<td style=\"height: 50px; width: 354.458px;\" colspan=\"3\">\n<p align=\"center\"><strong>Dimensions (mm)<\/strong><\/p>\n<\/td>\n<td style=\"height: 100px; width: 230.444px;\" rowspan=\"2\">\n<p align=\"center\"><strong>Weight (kg)<\/strong><\/p>\n<\/td>\n<\/tr>\n<tr style=\"height: 50px;\">\n<td style=\"height: 50px; width: 116.944px;\">\n<p align=\"center\"><strong>W<\/strong><\/p>\n<\/td>\n<td style=\"height: 50px; width: 116.944px;\">\n<p align=\"center\"><strong>L<\/strong><\/p>\n<\/td>\n<td style=\"height: 50px; width: 117.014px;\">\n<p align=\"center\"><strong>H<\/strong><\/p>\n<\/td>\n<\/tr>\n<tr style=\"height: 50px;\">\n<td style=\"height: 50px; width: 198.792px;\">GER 1610<\/td>\n<td style=\"height: 50px; width: 268.417px;\">\n<p align=\"center\">10<\/p>\n<\/td>\n<td style=\"height: 50px; width: 116.944px;\">\n<p align=\"center\">230<\/p>\n<\/td>\n<td style=\"height: 50px; width: 116.944px;\">\n<p align=\"center\">310<\/p>\n<\/td>\n<td style=\"height: 50px; width: 117.014px;\">\n<p align=\"center\">440<\/p>\n<\/td>\n<td style=\"height: 50px; width: 230.444px;\">\n<p align=\"center\">14<\/p>\n<\/td>\n<\/tr>\n<tr style=\"height: 50px;\">\n<td style=\"height: 50px; width: 198.792px;\">GER 1615<\/td>\n<td style=\"height: 50px; width: 268.417px;\">\n<p align=\"center\">15<\/p>\n<\/td>\n<td style=\"height: 50px; width: 116.944px;\">\n<p align=\"center\">230<\/p>\n<\/td>\n<td style=\"height: 50px; width: 116.944px;\">\n<p align=\"center\">310<\/p>\n<\/td>\n<td style=\"height: 50px; width: 117.014px;\">\n<p align=\"center\">440<\/p>\n<\/td>\n<td style=\"height: 50px; width: 230.444px;\">\n<p align=\"center\">20<\/p>\n<\/td>\n<\/tr>\n<tr style=\"height: 50.0278px;\">\n<td style=\"height: 50.0278px; width: 198.792px;\">GER 1620<\/td>\n<td style=\"height: 50.0278px; width: 268.417px;\">\n<p align=\"center\">20<\/p>\n<\/td>\n<td style=\"height: 50.0278px; width: 116.944px;\">\n<p align=\"center\">260<\/p>\n<\/td>\n<td style=\"height: 50.0278px; width: 116.944px;\">\n<p align=\"center\">310<\/p>\n<\/td>\n<td style=\"height: 50.0278px; width: 117.014px;\">\n<p align=\"center\">440<\/p>\n<\/td>\n<td style=\"height: 50.0278px; width: 230.444px;\">\n<p align=\"center\">25<\/p>\n<\/td>\n<\/tr>\n<tr style=\"height: 50px;\">\n<td style=\"height: 50px; width: 198.792px;\">GER 1625<\/td>\n<td style=\"height: 50px; width: 268.417px;\">\n<p align=\"center\">25<\/p>\n<\/td>\n<td style=\"height: 50px; width: 116.944px;\">\n<p align=\"center\">260<\/p>\n<\/td>\n<td style=\"height: 50px; width: 116.944px;\">\n<p align=\"center\">310<\/p>\n<\/td>\n<td style=\"height: 50px; width: 117.014px;\">\n<p align=\"center\">440<\/p>\n<\/td>\n<td style=\"height: 50px; width: 230.444px;\">\n<p align=\"center\">27<\/p>\n<\/td>\n<\/tr>\n<\/tbody>\n<\/table>\n<\/div>\n<p>Material : Tin Plated copper \u2013 BSEN 13601<\/p>\n<p>Ground Clamp \u2013 Copper bond steel<\/p>\n<p>Conductor\u00a0 \u2013 VCT 1 Core \u2013 16mm<sup>2<\/sup>\u00a0diameter<\/p>\n<p>Body\u00a0 \u2013 Color coating Steel Plate<\/p>\n<p>\u2013 Stainless steel GER-__SS can be request<\/p>\n","protected":false},"excerpt":{"rendered":"<p><strong>M\u00f4 t\u1ea3 :<\/strong><\/p>\n<p>Xu\u1ea5t x\u1ee9: Kumwell &#8211; Th\u00e1i Lan<br \/>\n\u1ee8ng d\u1ee5ng :\u00a0Gi\u1ea3i ph\u00f3ng \u0111i\u1ec7n t\u0129nh t\u1eeb m\u00e1y bay, tr\u1ea1m x\u0103ng, nh\u00e0 m\u00e1y h\u00f3a d\u1ea7u,&#8230;\u00a0 trong h\u1ec7 th\u1ed1ng n\u1ed1i \u0111\u1ea5t.<\/p>\n","protected":false},"featured_media":3213,"comment_status":"open","ping_status":"closed","template":"","meta":[],"product_cat":[233],"product_tag":[],"jetpack-related-posts":[{"id":3196,"url":"https:\/\/tp-electric.vn\/index.php\/san-pham\/cuon-day-xa-tinh-dien-chong-no-giam-sat-va-dieu-khien-tu-xa\/","url_meta":{"origin":3192,"position":0},"title":"Cu\u1ed9n d\u00e2y x\u00e3 t\u0129nh \u0111i\u1ec7n ch\u1ed1ng n\u1ed5, gi\u00e1m s\u00e1t v\u00e0 \u0111i\u1ec1u khi\u1ec3n t\u1eeb xa","author":"","date":"14\/02\/2023","format":false,"excerpt":"M\u00f4 t\u1ea3 : Ti\u00eau chu\u1ea9n: ATEX II 2G Exd IIA IP66 Xu\u1ea5t x\u1ee9: Kumwell - Th\u00e1i Lan \u1ee8ng d\u1ee5ng: D\u00f9ng \u0111\u1ec3 x\u00e3 t\u00edch \u0111i\u1ec7n c\u1ee7a c\u00e1c lo\u1ea1i thi\u1ebft b\u1ecb ho\u1eb7c xe chuy\u00ean d\u1ee5ng b\u1ecb t\u00edch \u0111i\u1ec7n trong qu\u00e1 tr\u00ecnh v\u1eadn h\u00e0nh","rel":"","context":"Similar post","block_context":{"text":"Similar post","link":""},"img":{"alt_text":"","src":"https:\/\/i0.wp.com\/tp-electric.vn\/wp-content\/uploads\/2023\/02\/gera-4496-1.jpg?fit=300%2C300&ssl=1&resize=350%2C200","width":350,"height":200},"classes":[]},{"id":2692,"url":"https:\/\/tp-electric.vn\/index.php\/san-pham\/mccb-sigma-3p-160a\/","url_meta":{"origin":3192,"position":1},"title":"MCCB SIGMA 3P","author":"","date":"07\/02\/2023","format":false,"excerpt":"\u00a0 \u00a0 MCCB Sigma\u00a0 \u0111\u01b0\u1ee3c s\u1ea3n xu\u1ea5t t\u1ea1i Th\u1ed5 Nh\u0129 K\u1ef3 theo ti\u00eau chu\u1ea9n TS 1058 EN 60947-2 Ch\u1ee9c n\u0103ng ch\u00ednh: M\u1edf v\u00e0 \u0111\u00f3ng m\u1ea1ch B\u1ea3o v\u1ec7 ch\u1ed1ng d\u00f2ng \u0111i\u1ec7n qu\u00e1 t\u1ea3i B\u1ea3o v\u1ec7 ch\u1ed1ng d\u00f2ng \u0111i\u1ec7n ng\u1eafn m\u1ea1ch C\u00e1c t\u00ednh n\u0103ng ch\u00ednh D\u1ea3i d\u00f2ng \u0111i\u1ec7n \u0111\u1ecbnh m\u1ee9c t\u1eeb Idm:\u2026","rel":"","context":"Similar post","block_context":{"text":"Similar post","link":""},"img":{"alt_text":"","src":"https:\/\/i0.wp.com\/tp-electric.vn\/wp-content\/uploads\/2023\/02\/mccb-khoi-3p.jpg?fit=1000%2C1000&ssl=1&resize=350%2C200","width":350,"height":200,"srcset":"https:\/\/i0.wp.com\/tp-electric.vn\/wp-content\/uploads\/2023\/02\/mccb-khoi-3p.jpg?fit=1000%2C1000&ssl=1&resize=350%2C200 1x, https:\/\/i0.wp.com\/tp-electric.vn\/wp-content\/uploads\/2023\/02\/mccb-khoi-3p.jpg?fit=1000%2C1000&ssl=1&resize=700%2C400 2x"},"classes":[]},{"id":2937,"url":"https:\/\/tp-electric.vn\/index.php\/san-pham\/aptomat-chong-set-lan-truyen-truc-tiep-abb\/","url_meta":{"origin":3192,"position":2},"title":"APTOMAT CH\u1ed0NG S\u00c9T LAN TRUY\u1ec0N TR\u1ef0C TI\u1ebeP ABB","author":"","date":"13\/02\/2023","format":false,"excerpt":"Aptomat ch\u1ed1ng s\u00e9t lan truy\u1ec1n tr\u1ef1c ti\u1ebfp ABB d\u00f2ng s\u1ea3n ph\u1ea9m c\u00f3 ch\u1ee9c n\u0103ng b\u1ea3o v\u1ec7 s\u00e9t \u0111\u00e1nh tr\u1ef1c ti\u1ebfp cho h\u1ec7 th\u1ed1ng \u0111i\u1ec7n, b\u1ea3o v\u1ec7 qu\u00e1 \u0111i\u1ec7n \u00e1p cho c\u00e1c thi\u1ebft b\u1ecb \u0111i\u1ec7n d\u00e2n d\u1ee5ng, c\u00f4ng nghi\u1ec7p. \u00a0\u01afU \u0110I\u1ec2M: Ch\u1ed1ng s\u00e9t \u0111\u00e1nh tr\u1ef1c ti\u1ebfp cho c\u00e1c thi\u1ebft b\u1ecb \u0111i\u1ec7n\u2026","rel":"","context":"Similar post","block_context":{"text":"Similar post","link":""},"img":{"alt_text":"","src":"https:\/\/i0.wp.com\/tp-electric.vn\/wp-content\/uploads\/2023\/02\/CS-TT.png?fit=1200%2C1200&ssl=1&resize=350%2C200","width":350,"height":200,"srcset":"https:\/\/i0.wp.com\/tp-electric.vn\/wp-content\/uploads\/2023\/02\/CS-TT.png?fit=1200%2C1200&ssl=1&resize=350%2C200 1x, https:\/\/i0.wp.com\/tp-electric.vn\/wp-content\/uploads\/2023\/02\/CS-TT.png?fit=1200%2C1200&ssl=1&resize=700%2C400 2x, https:\/\/i0.wp.com\/tp-electric.vn\/wp-content\/uploads\/2023\/02\/CS-TT.png?fit=1200%2C1200&ssl=1&resize=1050%2C600 3x"},"classes":[]},{"id":2951,"url":"https:\/\/tp-electric.vn\/index.php\/san-pham\/lanrj45-cat6-lpi-thiet-bi-chong-set-cho-duong-mang-may-tinh\/","url_meta":{"origin":3192,"position":3},"title":"LANRJ45-CAT6-LPI-Thi\u1ebft b\u1ecb ch\u1ed1ng s\u00e9t cho \u0111\u01b0\u1eddng m\u1ea1ng m\u00e1y t\u00ednh","author":"","date":"13\/02\/2023","format":false,"excerpt":"\u0110\u1eb7c \u0111i\u1ec3m c\u1ee7a thi\u1ebft b\u1ecb ch\u1ed1ng s\u00e9t LPI LAN-RJ45-CAT6 B\u1ea3o v\u1ec7 s\u00e9t lan truy\u1ec1n cho m\u00e1y t\u00ednh, Server v\u00e0 c\u00e1c thi\u1ebft b\u1ecb t\u01b0\u01a1ng t\u1ef1 \u0111\u01b0\u1ee3c k\u1ebft n\u1ed1i v\u1edbi m\u1ea1ng d\u1eef li\u1ec7u s\u1eed d\u1ee5ng c\u00e1p m\u1ea1ng cat6, s\u1ea3n ph\u1ea9m s\u1eed d\u1ee5ng cho \u0111\u01b0\u1eddng truy\u1ec1n m\u1ea1ng t\u1ed1c \u0111\u1ed9 cao n\u00ean \u0111\u1ebfn 1000Mb\/s,\u2026","rel":"","context":"Similar post","block_context":{"text":"Similar post","link":""},"img":{"alt_text":"","src":"https:\/\/i0.wp.com\/tp-electric.vn\/wp-content\/uploads\/2023\/02\/LPI-chong-set-4.jpg?fit=600%2C576&ssl=1&resize=350%2C200","width":350,"height":200},"classes":[]},{"id":2803,"url":"https:\/\/tp-electric.vn\/index.php\/san-pham\/dau-cose-pin\/","url_meta":{"origin":3192,"position":4},"title":"\u0110\u1ea7u cose c\u00e1c lo\u1ea1i","author":"","date":"08\/02\/2023","format":false,"excerpt":"\u0110\u1ea7u c\u1ed1t (Coss) c\u00f3 t\u00ean ti\u1ebfng Anh l\u00e0 COSSE ho\u1eb7c Terminal l\u00e0 thi\u1ebft b\u1ecb k\u1ebft n\u1ed1i trong ng\u00e0nh \u0111i\u1ec7n, c\u00f3 t\u00e1c d\u1ee5ng truy\u1ec1n t\u1ea3i \u0111i\u1ec7n n\u0103ng nh\u1eb1m t\u0103ng kh\u1ea3 n\u0103ng d\u1eabn \u0111i\u1ec7n gi\u1eef c\u00e1p \u0111i\u1ec7n v\u1edbi c\u00e1p \u0111i\u00ean ho\u1eb7c gi\u1eefa c\u00e1p \u0111i\u1ec7n v\u1edbi c\u00e1c thi\u1ebft b\u1ecb kh\u00e1c","rel":"","context":"Similar post","block_context":{"text":"Similar post","link":""},"img":{"alt_text":"","src":"https:\/\/i0.wp.com\/tp-electric.vn\/wp-content\/uploads\/2023\/02\/1-6.png?fit=300%2C300&ssl=1&resize=350%2C200","width":350,"height":200},"classes":[]},{"id":3062,"url":"https:\/\/tp-electric.vn\/index.php\/san-pham\/keo-ngan-chay-truong-no\/","url_meta":{"origin":3192,"position":5},"title":"KEO NG\u0102N CH\u00c1Y TR\u01af\u01a0NG N\u1ede","author":"","date":"14\/02\/2023","format":false,"excerpt":"Keo silicone ng\u0103n ch\u00e1y\u00a0tr\u01b0\u01a1ng n\u1edf LCI300 C\u00f3 graphite, c\u00f3 kh\u1ea3 n\u0103ng ng\u0103n ch\u00e1y \u0111\u1ebfn 4h, ch\u1ed1ng n\u01b0\u1edbc, kh\u00f3i v\u00e0 kh\u00ed \u0111\u1ed9c. \u00a0\u1ee8ng d\u1ee5ng c\u1ee7a keo ch\u1ed1ng ch\u00e1y lan LCI300 Tr\u00e1m\u00a0khe \/ l\u1ed7 xuy\u00ean\u00a0cho \u1ee9ng d\u1ee5ng c\u00e1p\u00a0\u0111i\u1ec7n Tr\u00e1m khe \/ l\u1ed7 xuy\u00ean\u00a0cho \u1ee9ng d\u1ee5ng b\u00f3 c\u00e1p, thang m\u00e1ng c\u00e1p\u00a0\u0111i\u1ec7n Tr\u00e1m khe\u2026","rel":"","context":"Similar post","block_context":{"text":"Similar post","link":""},"img":{"alt_text":"","src":"https:\/\/i0.wp.com\/tp-electric.vn\/wp-content\/uploads\/2023\/02\/LG-stilci300Nn.jpg?fit=300%2C411&ssl=1&resize=350%2C200","width":350,"height":200},"classes":[]}],"_links":{"self":[{"href":"https:\/\/tp-electric.vn\/index.php\/wp-json\/wp\/v2\/product\/3192"}],"collection":[{"href":"https:\/\/tp-electric.vn\/index.php\/wp-json\/wp\/v2\/product"}],"about":[{"href":"https:\/\/tp-electric.vn\/index.php\/wp-json\/wp\/v2\/types\/product"}],"replies":[{"embeddable":true,"href":"https:\/\/tp-electric.vn\/index.php\/wp-json\/wp\/v2\/comments?post=3192"}],"wp:featuredmedia":[{"embeddable":true,"href":"https:\/\/tp-electric.vn\/index.php\/wp-json\/wp\/v2\/media\/3213"}],"wp:attachment":[{"href":"https:\/\/tp-electric.vn\/index.php\/wp-json\/wp\/v2\/media?parent=3192"}],"wp:term":[{"taxonomy":"product_cat","embeddable":true,"href":"https:\/\/tp-electric.vn\/index.php\/wp-json\/wp\/v2\/product_cat?post=3192"},{"taxonomy":"product_tag","embeddable":true,"href":"https:\/\/tp-electric.vn\/index.php\/wp-json\/wp\/v2\/product_tag?post=3192"}],"curies":[{"name":"wp","href":"https:\/\/api.w.org\/{rel}","templated":true}]}}