{"id":3186,"date":"2023-02-14T16:08:14","date_gmt":"2023-02-14T09:08:14","guid":{"rendered":"https:\/\/tp-electric.vn\/?post_type=product&#038;p=3186"},"modified":"2024-12-12T15:10:26","modified_gmt":"2024-12-12T08:10:26","slug":"3186","status":"publish","type":"product","link":"https:\/\/tp-electric.vn\/index.php\/san-pham\/3186\/","title":{"rendered":""},"content":{"rendered":"<div class=\"bottom_detail\">\n<div class=\"contain_content_tab\">\n<div id=\"noidung_chitiet\" class=\"content_tab active \">\n<div class=\"text\">\n<div class=\"table-responsive\">\n<p><strong>QUY C\u00c1CH:<\/strong><\/p>\n<table style=\"width: 1031px; height: 204px;\" border=\"1\" cellspacing=\"0\" cellpadding=\"0\">\n<tbody>\n<tr>\n<td style=\"width: 245.278px;\">\n<p align=\"center\"><strong>Code.No.<\/strong><\/p>\n<\/td>\n<td style=\"width: 611.917px;\">\n<p align=\"center\"><strong>For Rod Size Diameter (\u0424)<\/strong><\/p>\n<p align=\"center\"><strong>(mm)<\/strong><\/p>\n<\/td>\n<td style=\"width: 166.694px;\">\n<p align=\"center\"><strong>Weight<\/strong><\/p>\n<p align=\"center\"><strong>(kg)<\/strong><\/p>\n<\/td>\n<\/tr>\n<tr>\n<td style=\"width: 245.278px;\">\n<p align=\"center\">GRSDH 15<\/p>\n<\/td>\n<td style=\"width: 611.917px;\">\n<p align=\"center\">15<\/p>\n<\/td>\n<td style=\"width: 166.694px;\">\n<p align=\"center\">0.043<\/p>\n<\/td>\n<\/tr>\n<tr>\n<td style=\"width: 245.278px;\">\n<p align=\"center\">GRSDH 16<\/p>\n<\/td>\n<td style=\"width: 611.917px;\">\n<p align=\"center\">16<\/p>\n<\/td>\n<td style=\"width: 166.694px;\">\n<p align=\"center\">0.047<\/p>\n<\/td>\n<\/tr>\n<tr>\n<td style=\"width: 245.278px;\">\n<p align=\"center\">GRSDH 20<\/p>\n<\/td>\n<td style=\"width: 611.917px;\">\n<p align=\"center\">20<\/p>\n<\/td>\n<td style=\"width: 166.694px;\">\n<p align=\"center\">0.055<\/p>\n<\/td>\n<\/tr>\n<\/tbody>\n<\/table>\n<\/div>\n<\/div>\n<\/div>\n<div class=\"clear\"><\/div>\n<\/div>\n<\/div>\n<div class=\"title_main\"><\/div>\n","protected":false},"excerpt":{"rendered":"<p><strong>M\u00f4 t\u1ea3 :<\/strong><\/p>\n<p>Ti\u00eau chu\u1ea9n: IEC 62561-2<br \/>\nV\u1eadt li\u1ec7u: \u0110\u1ed3ng\/Th\u00e9p kh\u00f4ng g\u1ec9<br \/>\nXu\u1ea5t x\u1ee9: Kumwell &#8211; Th\u00e1i Lan<br \/>\n\u1ee8ng d\u1ee5ng : B\u1ea3o v\u1ec7 \u0111\u1ea7u c\u1ee7a c\u1ecdc ti\u1ebfp \u0111\u1ecba<\/p>\n","protected":false},"featured_media":3181,"comment_status":"open","ping_status":"closed","template":"","meta":[],"product_cat":[229],"product_tag":[],"jetpack-related-posts":[{"id":3010,"url":"https:\/\/tp-electric.vn\/index.php\/san-pham\/kim-thu-set-co-dien-bang-nhom\/","url_meta":{"origin":3186,"position":0},"title":"Kim thu s\u00e9t c\u1ed5 \u0111i\u1ec3n b\u1eb1ng nh\u00f4m","author":"","date":"14\/02\/2023","format":false,"excerpt":"M\u00f4 t\u1ea3 : Ti\u00eau chu\u1ea9n: IEC 62561-2, BS EN 2898 V\u1eadt li\u1ec7u: Nh\u00f4m Xu\u1ea5t x\u1ee9: Kumwell - Th\u00e1i Lan \u1ee8ng d\u1ee5ng :\u00a0Th\u00edch h\u1ee3p cho vi\u1ec7c l\u1eafp \u0111\u1eb7t tr\u00ean m\u00e1i b\u1eb1ng kim lo\u1ea1i","rel":"","context":"Similar post","block_context":{"text":"Similar post","link":""},"img":{"alt_text":"","src":"https:\/\/i0.wp.com\/tp-electric.vn\/wp-content\/uploads\/2023\/02\/3-4.png?fit=850%2C850&ssl=1&resize=350%2C200","width":350,"height":200,"srcset":"https:\/\/i0.wp.com\/tp-electric.vn\/wp-content\/uploads\/2023\/02\/3-4.png?fit=850%2C850&ssl=1&resize=350%2C200 1x, https:\/\/i0.wp.com\/tp-electric.vn\/wp-content\/uploads\/2023\/02\/3-4.png?fit=850%2C850&ssl=1&resize=700%2C400 2x"},"classes":[]},{"id":3163,"url":"https:\/\/tp-electric.vn\/index.php\/san-pham\/grss-kumwell-coc-tiep-dat-bang-inox\/","url_meta":{"origin":3186,"position":1},"title":"GRSS-Kumwell-C\u1ecdc ti\u1ebfp \u0111\u1ea5t b\u1eb1ng inox","author":"","date":"14\/02\/2023","format":false,"excerpt":"C\u1ecdc ti\u1ebfp \u0111\u1ea5t b\u1eb1ng inox\u00a0 GRSS-Kumwell Xu\u1ea5t x\u1ee9: Kumwell \u2013 Th\u00e1i Lan","rel":"","context":"Similar post","block_context":{"text":"Similar post","link":""},"img":{"alt_text":"","src":"","width":0,"height":0},"classes":[]},{"id":3803,"url":"https:\/\/tp-electric.vn\/index.php\/san-pham\/dau-cose-van-vit-2\/","url_meta":{"origin":3186,"position":2},"title":"\u0110\u1ea7u cose v\u1eb7n v\u00edt","author":"V\u00e2n Kh\u00e1nh","date":"20\/07\/2024","format":false,"excerpt":"M\u00f4 t\u1ea3 : Ti\u00eau chu\u1ea9n: IEC 62561 \u2013 1, BS EN 1982 V\u1eadt li\u1ec7u: H\u1ee3p kim \u0111\u1ed3ng Xu\u1ea5t x\u1ee9: Kumwell - Th\u00e1i Lan","rel":"","context":"Similar post","block_context":{"text":"Similar post","link":""},"img":{"alt_text":"","src":"","width":0,"height":0},"classes":[]},{"id":2672,"url":"https:\/\/tp-electric.vn\/index.php\/san-pham\/relay-bao-ve-dong-dien-cpr-16\/","url_meta":{"origin":3186,"position":3},"title":"RELAY B\u1ea2O V\u1ec6 D\u00d2NG \u0110I\u1ec6N CPR-16","author":"","date":"03\/02\/2023","format":false,"excerpt":"T\u1ed5ng quan s\u1ea3n ph\u1ea9m: -\u00a0\u00a0\u00a0\u00a0\u00a0\u00a0\u00a0\u00a0\u00a0 Chi\u1ec1u r\u1ed9ng: 36 mm -\u00a0\u00a0\u00a0\u00a0\u00a0\u00a0\u00a0\u00a0\u00a0 \u0110i\u1ec7n \u00e1p ho\u1ea1t \u0111\u1ed9ng 24-300 VAC\/DC -\u00a0\u00a0\u00a0\u00a0\u00a0\u00a0\u00a0\u00a0\u00a0 Th\u1eddi gian tr\u1ec5: 0.1-10s -\u00a0\u00a0\u00a0\u00a0\u00a0\u00a0\u00a0\u00a0\u00a0 LED th\u1ec3 hi\u1ec7n ch\u1ebf \u0111\u1ed9 ho\u1ea1t \u0111\u1ed9ng -\u00a0\u00a0\u00a0\u00a0\u00a0\u00a0\u00a0\u00a0\u00a0 Ki\u1ec3u ng\u00f5 ra 1 CO Ch\u1ee9c n\u0103ng: -\u00a0\u00a0\u00a0\u00a0\u00a0\u00a0\u00a0\u00a0\u00a0 \u0110i\u1ec1u ch\u1ec9nh qu\u00e1 d\u00f2ng b\u1ea3o v\u1ec7 -\u00a0\u00a0\u00a0\u00a0\u00a0\u00a0\u00a0\u00a0\u00a0 Relay b\u1ea3o v\u1ec7 qu\u00e1 d\u00f2ng\u2026","rel":"","context":"Similar post","block_context":{"text":"Similar post","link":""},"img":{"alt_text":"","src":"https:\/\/i0.wp.com\/tp-electric.vn\/wp-content\/uploads\/2023\/02\/12.png?resize=350%2C200&ssl=1","width":350,"height":200},"classes":[]},{"id":3011,"url":"https:\/\/tp-electric.vn\/index.php\/san-pham\/kim-thu-set-co-dien-da-diem-bang-dong\/","url_meta":{"origin":3186,"position":4},"title":"Kim thu s\u00e9t c\u1ed5 \u0111i\u1ec3n \u0111a \u0111i\u1ec3m b\u1eb1ng \u0111\u1ed3ng","author":"","date":"14\/02\/2023","format":false,"excerpt":"M\u00f4 t\u1ea3 : Ti\u00eau chu\u1ea9n: IEC 62561-2, BS EN 13601 V\u1eadt li\u1ec7u: \u0110\u1ed3ng Xu\u1ea5t x\u1ee9: Kumwell - Th\u00e1i Lan \u1ee8ng d\u1ee5ng: T\u1ea1o nhi\u1ec1u \u0111i\u1ec3m thu s\u00e9t, b\u1ea3o v\u1ec7 c\u00f4ng tr\u00ecnh.","rel":"","context":"Similar post","block_context":{"text":"Similar post","link":""},"img":{"alt_text":"","src":"https:\/\/i0.wp.com\/tp-electric.vn\/wp-content\/uploads\/2023\/02\/1-11.png?fit=850%2C850&ssl=1&resize=350%2C200","width":350,"height":200,"srcset":"https:\/\/i0.wp.com\/tp-electric.vn\/wp-content\/uploads\/2023\/02\/1-11.png?fit=850%2C850&ssl=1&resize=350%2C200 1x, https:\/\/i0.wp.com\/tp-electric.vn\/wp-content\/uploads\/2023\/02\/1-11.png?fit=850%2C850&ssl=1&resize=700%2C400 2x"},"classes":[]},{"id":3089,"url":"https:\/\/tp-electric.vn\/index.php\/san-pham\/dau-cose-van-vit\/","url_meta":{"origin":3186,"position":5},"title":"\u0110\u1ea7u cose v\u1eb7n v\u00edt","author":"","date":"14\/02\/2023","format":false,"excerpt":"M\u00f4 t\u1ea3 : Ti\u00eau chu\u1ea9n: IEC 62561 \u2013 1, BS EN 1982 V\u1eadt li\u1ec7u: H\u1ee3p kim \u0111\u1ed3ng Xu\u1ea5t x\u1ee9: Kumwell - Th\u00e1i Lan","rel":"","context":"Similar post","block_context":{"text":"Similar post","link":""},"img":{"alt_text":"","src":"","width":0,"height":0},"classes":[]}],"_links":{"self":[{"href":"https:\/\/tp-electric.vn\/index.php\/wp-json\/wp\/v2\/product\/3186"}],"collection":[{"href":"https:\/\/tp-electric.vn\/index.php\/wp-json\/wp\/v2\/product"}],"about":[{"href":"https:\/\/tp-electric.vn\/index.php\/wp-json\/wp\/v2\/types\/product"}],"replies":[{"embeddable":true,"href":"https:\/\/tp-electric.vn\/index.php\/wp-json\/wp\/v2\/comments?post=3186"}],"wp:featuredmedia":[{"embeddable":true,"href":"https:\/\/tp-electric.vn\/index.php\/wp-json\/wp\/v2\/media\/3181"}],"wp:attachment":[{"href":"https:\/\/tp-electric.vn\/index.php\/wp-json\/wp\/v2\/media?parent=3186"}],"wp:term":[{"taxonomy":"product_cat","embeddable":true,"href":"https:\/\/tp-electric.vn\/index.php\/wp-json\/wp\/v2\/product_cat?post=3186"},{"taxonomy":"product_tag","embeddable":true,"href":"https:\/\/tp-electric.vn\/index.php\/wp-json\/wp\/v2\/product_tag?post=3186"}],"curies":[{"name":"wp","href":"https:\/\/api.w.org\/{rel}","templated":true}]}}