{"id":3183,"date":"2023-02-14T16:05:21","date_gmt":"2023-02-14T09:05:21","guid":{"rendered":"https:\/\/tp-electric.vn\/?post_type=product&#038;p=3183"},"modified":"2024-12-12T15:10:22","modified_gmt":"2024-12-12T08:10:22","slug":"dau-dong-coc-tiep-dia-loai-tron","status":"publish","type":"product","link":"https:\/\/tp-electric.vn\/index.php\/san-pham\/dau-dong-coc-tiep-dia-loai-tron\/","title":{"rendered":"\u0110\u1ea7u \u0111\u00f3ng c\u1ecdc ti\u1ebfp \u0111\u1ecba lo\u1ea1i tr\u01a1n"},"content":{"rendered":"<p><strong>Lo\u1ea1i tr\u01a1n<\/strong><\/p>\n<div class=\"table-responsive\">\n<table style=\"height: 201px;\" border=\"1\" width=\"1004\" cellspacing=\"0\" cellpadding=\"0\">\n<tbody>\n<tr>\n<td style=\"width: 241.042px;\">\n<p align=\"center\"><strong>Code.No<\/strong><\/p>\n<\/td>\n<td style=\"width: 594.708px;\">\n<p align=\"center\"><strong>For Rod Size Diameter (\u0424)<\/strong><\/p>\n<p align=\"center\"><strong>(in)<\/strong><\/p>\n<\/td>\n<td style=\"width: 161.139px;\">\n<p align=\"center\"><strong>Weight<\/strong><\/p>\n<p align=\"center\"><strong>(kg)<\/strong><\/p>\n<\/td>\n<\/tr>\n<tr>\n<td style=\"width: 241.042px;\">\n<p align=\"center\">GRDSR 12<\/p>\n<\/td>\n<td style=\"width: 594.708px;\">\n<p align=\"center\">1\/2<\/p>\n<\/td>\n<td style=\"width: 161.139px;\">\n<p align=\"center\">0.13<\/p>\n<\/td>\n<\/tr>\n<tr>\n<td style=\"width: 241.042px;\">\n<p align=\"center\">GRDSR 58<\/p>\n<\/td>\n<td style=\"width: 594.708px;\">\n<p align=\"center\">5\/8<\/p>\n<\/td>\n<td style=\"width: 161.139px;\">\n<p align=\"center\">0.16<\/p>\n<\/td>\n<\/tr>\n<tr>\n<td style=\"width: 241.042px;\">\n<p align=\"center\">GRDSR 34<\/p>\n<\/td>\n<td style=\"width: 594.708px;\">\n<p align=\"center\">3\/4<\/p>\n<\/td>\n<td style=\"width: 161.139px;\">\n<p align=\"center\">0.19<\/p>\n<\/td>\n<\/tr>\n<tr>\n<td style=\"width: 241.042px;\">\n<p align=\"center\">GRDSR 1<\/p>\n<\/td>\n<td style=\"width: 594.708px;\">\n<p align=\"center\">1<\/p>\n<\/td>\n<td style=\"width: 161.139px;\">\n<p align=\"center\">0.30<\/p>\n<\/td>\n<\/tr>\n<\/tbody>\n<\/table>\n<\/div>\n","protected":false},"excerpt":{"rendered":"<p><strong>M\u00f4 t\u1ea3 :<\/strong><\/p>\n<p>Ti\u00eau chu\u1ea9n: IEC 62561-2<br \/>\nV\u1eadt li\u1ec7u: Th\u00e9p c\u01b0\u1eddng \u0111\u1ed9 cao<br \/>\nXu\u1ea5t x\u1ee9: Kumwell &#8211; Th\u00e1i Lan<br \/>\n\u1ee8ng d\u1ee5ng : B\u1ea3o v\u1ec7 \u0111\u1ea7u c\u1ecdc ti\u1ebfp \u0111\u1ecba khi \u0111\u00f3ng.<\/p>\n","protected":false},"featured_media":3180,"comment_status":"open","ping_status":"closed","template":"","meta":[],"product_cat":[229],"product_tag":[],"jetpack-related-posts":[{"id":3182,"url":"https:\/\/tp-electric.vn\/index.php\/san-pham\/dau-dong-coc-tiep-dia\/","url_meta":{"origin":3183,"position":0},"title":"\u0110\u1ea7u \u0111\u00f3ng c\u1ecdc ti\u1ebfp \u0111\u1ecba","author":"","date":"14\/02\/2023","format":false,"excerpt":"M\u00f4 t\u1ea3 : Ti\u00eau chu\u1ea9n: IEC 62561-2 V\u1eadt li\u1ec7u: Th\u00e9p c\u01b0\u1eddng \u0111\u1ed9 cao Xu\u1ea5t x\u1ee9: Kumwell - Th\u00e1i Lan \u1ee8ng d\u1ee5ng : B\u1ea3o v\u1ec7 \u0111\u1ea7u c\u1ecdc ti\u1ebfp \u0111\u1ecba khi \u0111\u00f3ng.","rel":"","context":"Similar post","block_context":{"text":"Similar post","link":""},"img":{"alt_text":"","src":"","width":0,"height":0},"classes":[]},{"id":3184,"url":"https:\/\/tp-electric.vn\/index.php\/san-pham\/dau-dong-coc-tiep-dia-2\/","url_meta":{"origin":3183,"position":1},"title":"\u0110\u1ea7u \u0111\u00f3ng c\u1ecdc ti\u1ebfp \u0111\u1ecba","author":"","date":"14\/02\/2023","format":false,"excerpt":"M\u00f4 t\u1ea3 : V\u1eadt li\u1ec7u: Th\u00e9p c\u01b0\u1eddng \u0111\u1ed9 cao Xu\u1ea5t x\u1ee9: Kumwell - Th\u00e1i Lan \u1ee8ng d\u1ee5ng : G\u1eafn v\u00e0o ph\u1ea7n d\u01b0\u1edbi c\u1ecdc ti\u1ebfp \u0111\u1ecba \u0111\u1ec3 t\u1ea1o \u0111\u1ed9 nh\u1ecdn cho vi\u1ec7c \u0111\u00f3ng c\u1ecdc d\u1ec5 h\u01a1n","rel":"","context":"Similar post","block_context":{"text":"Similar post","link":""},"img":{"alt_text":"","src":"","width":0,"height":0},"classes":[]},{"id":3188,"url":"https:\/\/tp-electric.vn\/index.php\/san-pham\/bua-dong-coc-tiep-dia\/","url_meta":{"origin":3183,"position":2},"title":"B\u00faa \u0111\u00f3ng c\u1ecdc ti\u1ebfp \u0111\u1ecba","author":"","date":"14\/02\/2023","format":false,"excerpt":"M\u00f4 t\u1ea3 : V\u1eadt li\u1ec7u: Th\u00e9p c\u01b0\u1eddng \u0111\u1ed9 cao Xu\u1ea5t x\u1ee9: Kumwell - Th\u00e1i Lan \u1ee8ng d\u1ee5ng : D\u1ee5ng c\u1ee5 \u0111\u1ec3 \u0111\u00f3ng c\u1ecdc ti\u1ebfp \u0111\u1ecba xu\u1ed1ng \u0111\u1ea5t d\u1ec5 d\u00e0ng.","rel":"","context":"Similar post","block_context":{"text":"Similar post","link":""},"img":{"alt_text":"","src":"","width":0,"height":0},"classes":[]},{"id":3186,"url":"https:\/\/tp-electric.vn\/index.php\/san-pham\/3186\/","url_meta":{"origin":3183,"position":3},"title":"QUY C\u00c1CH: Code.No. For Rod\u2026","author":"","date":"14\/02\/2023","format":false,"excerpt":"M\u00f4 t\u1ea3 : Ti\u00eau chu\u1ea9n: IEC 62561-2 V\u1eadt li\u1ec7u: \u0110\u1ed3ng\/Th\u00e9p kh\u00f4ng g\u1ec9 Xu\u1ea5t x\u1ee9: Kumwell - Th\u00e1i Lan \u1ee8ng d\u1ee5ng : B\u1ea3o v\u1ec7 \u0111\u1ea7u c\u1ee7a c\u1ecdc ti\u1ebfp \u0111\u1ecba","rel":"","context":"Similar post","block_context":{"text":"Similar post","link":""},"img":{"alt_text":"","src":"","width":0,"height":0},"classes":[]},{"id":3168,"url":"https:\/\/tp-electric.vn\/index.php\/san-pham\/grsc-kumwell-coc-tiep-dat-bang-dong-dac\/","url_meta":{"origin":3183,"position":4},"title":"GRSC-Kumwell-C\u1ecdc ti\u1ebfp \u0111\u1ea5t b\u1eb1ng \u0111\u1ed3ng \u0111\u1eb7c","author":"","date":"14\/02\/2023","format":false,"excerpt":"C\u1ecdc ti\u1ebfp \u0111\u1ea5t b\u1eb1ng \u0111\u1ed3ng \u0111\u1eb7c\u00a0GRSC-Kumwell- Ti\u00eau chu\u1ea9n: BS EN 13601 Xu\u1ea5t x\u1ee9: Kumwell \u2013 Th\u00e1i Lan","rel":"","context":"Similar post","block_context":{"text":"Similar post","link":""},"img":{"alt_text":"","src":"","width":0,"height":0},"classes":[]},{"id":3161,"url":"https:\/\/tp-electric.vn\/index.php\/san-pham\/coc-tiep-dia-thep-ma-dong-lop-ma-dong-day-254-micron-tieu-chuan-ul-467\/","url_meta":{"origin":3183,"position":5},"title":"GRCBU-Kumwell-C\u1ecdc ti\u1ebfp \u0111\u1ea5t b\u1eb1ng th\u00e9p m\u1ea1 \u0111\u1ed3ng UL 467","author":"","date":"14\/02\/2023","format":false,"excerpt":"C\u1ecdc ti\u1ebfp \u0111\u1ea5t b\u1eb1ng th\u00e9p m\u1ea1 \u0111\u1ed3ng\u00a0GRCBU-Kumwell Ti\u00eau chu\u1ea9n: UL 467 Xu\u1ea5t x\u1ee9: Kumwell \u2013 Th\u00e1i Lan","rel":"","context":"Similar post","block_context":{"text":"Similar post","link":""},"img":{"alt_text":"","src":"","width":0,"height":0},"classes":[]}],"_links":{"self":[{"href":"https:\/\/tp-electric.vn\/index.php\/wp-json\/wp\/v2\/product\/3183"}],"collection":[{"href":"https:\/\/tp-electric.vn\/index.php\/wp-json\/wp\/v2\/product"}],"about":[{"href":"https:\/\/tp-electric.vn\/index.php\/wp-json\/wp\/v2\/types\/product"}],"replies":[{"embeddable":true,"href":"https:\/\/tp-electric.vn\/index.php\/wp-json\/wp\/v2\/comments?post=3183"}],"wp:featuredmedia":[{"embeddable":true,"href":"https:\/\/tp-electric.vn\/index.php\/wp-json\/wp\/v2\/media\/3180"}],"wp:attachment":[{"href":"https:\/\/tp-electric.vn\/index.php\/wp-json\/wp\/v2\/media?parent=3183"}],"wp:term":[{"taxonomy":"product_cat","embeddable":true,"href":"https:\/\/tp-electric.vn\/index.php\/wp-json\/wp\/v2\/product_cat?post=3183"},{"taxonomy":"product_tag","embeddable":true,"href":"https:\/\/tp-electric.vn\/index.php\/wp-json\/wp\/v2\/product_tag?post=3183"}],"curies":[{"name":"wp","href":"https:\/\/api.w.org\/{rel}","templated":true}]}}